{"id":111619,"date":"2023-02-28T20:44:09","date_gmt":"2023-02-28T19:44:09","guid":{"rendered":"https:\/\/shop.bantam.ch\/produit\/transat-air-deluxe-aluminium-noir\/"},"modified":"2026-05-09T21:40:30","modified_gmt":"2026-05-09T19:40:30","slug":"transat-air-deluxe-aluminium-noir","status":"publish","type":"product","link":"https:\/\/shop.bantam.ch\/fr\/produit\/transat-air-deluxe-aluminium-noir\/","title":{"rendered":"Chaise longue CRESPO Air-Deluxe 76 x 133 x 78 cm Noir"},"content":{"rendered":"<p>Un fauteuil inclinable tr\u00e8s luxueux, extra large, confortable et ergonomique avec oreiller. Cette chaise offre un maximum de confort car elle est r\u00e9glable en continu. De plus, cette chaise est \u00e9quip\u00e9e d&rsquo;un tissu 3D rembourr\u00e9 qui est attach\u00e9 avec une bande \u00e9lastique. Le rembourrage confortable de ce tissu est particuli\u00e8rement respirant et ne stocke pas l&rsquo;humidit\u00e9. En cons\u00e9quence, cette chaise s\u00e8che plus rapidement que les autres chaises avec un rembourrage en mousse traditionnel. De plus, elle a un look \u00e9l\u00e9gant. Le dossier et les accoudoirs de ce relax sont tous deux ergonomiques et le fauteuil est \u00e9quip\u00e9 d&rsquo;un syst\u00e8me de freinage qui permet de fixer le fauteuil dans n&rsquo;importe quelle position souhait\u00e9e. La chaise a un pi\u00e9tement en H anodis\u00e9 pour une stabilit\u00e9 et une robustesse suppl\u00e9mentaires. La chaise est \u00e9quip\u00e9e d\u2019un si\u00e8ge extra large, extra profond et extra haut. Une fois pli\u00e9e, cette chaise est tr\u00e8s compacte et peut donc \u00eatre facilement transport\u00e9e dans le sac de rangement fourni.<\/p>\n<p>Mat\u00e9riau\u00a0:<br \/>Rev\u00eatement : 100 % polyester<br \/>Cadre\u00a0: aluminium<\/p>\n<p>Contenu de la livraison :<br \/>sac de transport<\/p>\n","protected":false},"excerpt":{"rendered":"<p>Un fauteuil inclinable tr\u00e8s luxueux, extra large, confortable et ergonomique avec oreiller. Cette chaise offre un maximum de confort car elle est r\u00e9glable en continu. De plus, cette chaise est \u00e9quip\u00e9e d&rsquo;un tissu 3D rembourr\u00e9 qui est attach\u00e9 avec une bande \u00e9lastique. Le rembourrage confortable de ce tissu est particuli\u00e8rement respirant et ne stocke pas [&hellip;]<\/p>\n","protected":false},"featured_media":111617,"template":"","meta":{"_acf_changed":false},"product_featured_cat":[],"product_brand":[3084],"product_cat":[4977],"product_tag":[],"class_list":{"0":"post-111619","1":"product","2":"type-product","3":"status-publish","4":"has-post-thumbnail","6":"product_brand-crespo","7":"product_cat-chaises-longues-de-camping","9":"first","10":"instock","11":"taxable","12":"shipping-taxable","13":"purchasable","14":"product-type-simple"},"acf":[],"yoast_head":"<!-- This site is optimized with the Yoast SEO plugin v27.5 - https:\/\/yoast.com\/product\/yoast-seo-wordpress\/ -->\n<title>Chaise longue CRESPO Air-Deluxe 76 x 133 x 78 cm Noir - Bantam<\/title>\n<meta name=\"robots\" content=\"index, follow, max-snippet:-1, max-image-preview:large, max-video-preview:-1\" \/>\n<link rel=\"canonical\" href=\"https:\/\/shop.bantam.ch\/fr\/produit\/transat-air-deluxe-aluminium-noir\/\" \/>\n<meta property=\"og:locale\" content=\"fr_FR\" \/>\n<meta property=\"og:type\" content=\"article\" \/>\n<meta property=\"og:title\" content=\"Chaise longue CRESPO Air-Deluxe 76 x 133 x 78 cm Noir - Bantam\" \/>\n<meta property=\"og:description\" content=\"Un fauteuil inclinable tr\u00e8s luxueux, extra large, confortable et ergonomique avec oreiller. Cette chaise offre un maximum de confort car elle est r\u00e9glable en continu. De plus, cette chaise est \u00e9quip\u00e9e d&rsquo;un tissu 3D rembourr\u00e9 qui est attach\u00e9 avec une bande \u00e9lastique. Le rembourrage confortable de ce tissu est particuli\u00e8rement respirant et ne stocke pas [&hellip;]\" \/>\n<meta property=\"og:url\" content=\"https:\/\/shop.bantam.ch\/fr\/produit\/transat-air-deluxe-aluminium-noir\/\" \/>\n<meta property=\"og:site_name\" content=\"Bantam\" \/>\n<meta property=\"article:modified_time\" content=\"2026-05-09T19:40:30+00:00\" \/>\n<meta property=\"og:image\" content=\"https:\/\/shop.bantam.ch\/wp-content\/uploads\/2023\/02\/997025911.jpg\" \/>\n\t<meta property=\"og:image:width\" content=\"1000\" \/>\n\t<meta property=\"og:image:height\" content=\"669\" \/>\n\t<meta property=\"og:image:type\" content=\"image\/jpeg\" \/>\n<meta name=\"twitter:card\" content=\"summary_large_image\" \/>\n<meta name=\"twitter:label1\" content=\"Dur\u00e9e de lecture estim\u00e9e\" \/>\n\t<meta name=\"twitter:data1\" content=\"1 minute\" \/>\n<script type=\"application\/ld+json\" class=\"yoast-schema-graph\">{\"@context\":\"https:\\\/\\\/schema.org\",\"@graph\":[{\"@type\":\"WebPage\",\"@id\":\"https:\\\/\\\/shop.bantam.ch\\\/fr\\\/produit\\\/transat-air-deluxe-aluminium-noir\\\/\",\"url\":\"https:\\\/\\\/shop.bantam.ch\\\/fr\\\/produit\\\/transat-air-deluxe-aluminium-noir\\\/\",\"name\":\"Chaise longue CRESPO Air-Deluxe 76 x 133 x 78 cm Noir - Bantam\",\"isPartOf\":{\"@id\":\"https:\\\/\\\/shop.bantam.ch\\\/fr\\\/#website\"},\"primaryImageOfPage\":{\"@id\":\"https:\\\/\\\/shop.bantam.ch\\\/fr\\\/produit\\\/transat-air-deluxe-aluminium-noir\\\/#primaryimage\"},\"image\":{\"@id\":\"https:\\\/\\\/shop.bantam.ch\\\/fr\\\/produit\\\/transat-air-deluxe-aluminium-noir\\\/#primaryimage\"},\"thumbnailUrl\":\"https:\\\/\\\/shop.bantam.ch\\\/wp-content\\\/uploads\\\/2023\\\/02\\\/997025911.jpg\",\"datePublished\":\"2023-02-28T19:44:09+00:00\",\"dateModified\":\"2026-05-09T19:40:30+00:00\",\"breadcrumb\":{\"@id\":\"https:\\\/\\\/shop.bantam.ch\\\/fr\\\/produit\\\/transat-air-deluxe-aluminium-noir\\\/#breadcrumb\"},\"inLanguage\":\"fr-FR\",\"potentialAction\":[{\"@type\":\"ReadAction\",\"target\":[\"https:\\\/\\\/shop.bantam.ch\\\/fr\\\/produit\\\/transat-air-deluxe-aluminium-noir\\\/\"]}]},{\"@type\":\"ImageObject\",\"inLanguage\":\"fr-FR\",\"@id\":\"https:\\\/\\\/shop.bantam.ch\\\/fr\\\/produit\\\/transat-air-deluxe-aluminium-noir\\\/#primaryimage\",\"url\":\"https:\\\/\\\/shop.bantam.ch\\\/wp-content\\\/uploads\\\/2023\\\/02\\\/997025911.jpg\",\"contentUrl\":\"https:\\\/\\\/shop.bantam.ch\\\/wp-content\\\/uploads\\\/2023\\\/02\\\/997025911.jpg\",\"width\":1000,\"height\":669},{\"@type\":\"BreadcrumbList\",\"@id\":\"https:\\\/\\\/shop.bantam.ch\\\/fr\\\/produit\\\/transat-air-deluxe-aluminium-noir\\\/#breadcrumb\",\"itemListElement\":[{\"@type\":\"ListItem\",\"position\":1,\"name\":\"Accueil\",\"item\":\"https:\\\/\\\/shop.bantam.ch\\\/fr\\\/\"},{\"@type\":\"ListItem\",\"position\":2,\"name\":\"Boutique\",\"item\":\"https:\\\/\\\/shop.bantam.ch\\\/fr\\\/boutique\\\/\"},{\"@type\":\"ListItem\",\"position\":3,\"name\":\"Chaise longue CRESPO Air-Deluxe 76 x 133 x 78 cm Noir\"}]},{\"@type\":\"WebSite\",\"@id\":\"https:\\\/\\\/shop.bantam.ch\\\/fr\\\/#website\",\"url\":\"https:\\\/\\\/shop.bantam.ch\\\/fr\\\/\",\"name\":\"Bantam\",\"description\":\"\",\"publisher\":{\"@id\":\"https:\\\/\\\/shop.bantam.ch\\\/fr\\\/#organization\"},\"inLanguage\":\"fr-FR\"},{\"@type\":\"Organization\",\"@id\":\"https:\\\/\\\/shop.bantam.ch\\\/fr\\\/#organization\",\"name\":\"Bantam\",\"url\":\"https:\\\/\\\/shop.bantam.ch\\\/fr\\\/\",\"logo\":{\"@type\":\"ImageObject\",\"inLanguage\":\"fr-FR\",\"@id\":\"https:\\\/\\\/shop.bantam.ch\\\/fr\\\/#\\\/schema\\\/logo\\\/image\\\/\",\"url\":\"https:\\\/\\\/shop.bantam.ch\\\/wp-content\\\/uploads\\\/2022\\\/12\\\/bantam-logo.png\",\"contentUrl\":\"https:\\\/\\\/shop.bantam.ch\\\/wp-content\\\/uploads\\\/2022\\\/12\\\/bantam-logo.png\",\"width\":320,\"height\":71,\"caption\":\"Bantam\"},\"image\":{\"@id\":\"https:\\\/\\\/shop.bantam.ch\\\/fr\\\/#\\\/schema\\\/logo\\\/image\\\/\"}}]}<\/script>\n<!-- \/ Yoast SEO plugin. -->","yoast_head_json":{"title":"Chaise longue CRESPO Air-Deluxe 76 x 133 x 78 cm Noir - Bantam","robots":{"index":"index","follow":"follow","max-snippet":"max-snippet:-1","max-image-preview":"max-image-preview:large","max-video-preview":"max-video-preview:-1"},"canonical":"https:\/\/shop.bantam.ch\/fr\/produit\/transat-air-deluxe-aluminium-noir\/","og_locale":"fr_FR","og_type":"article","og_title":"Chaise longue CRESPO Air-Deluxe 76 x 133 x 78 cm Noir - Bantam","og_description":"Un fauteuil inclinable tr\u00e8s luxueux, extra large, confortable et ergonomique avec oreiller. Cette chaise offre un maximum de confort car elle est r\u00e9glable en continu. De plus, cette chaise est \u00e9quip\u00e9e d&rsquo;un tissu 3D rembourr\u00e9 qui est attach\u00e9 avec une bande \u00e9lastique. Le rembourrage confortable de ce tissu est particuli\u00e8rement respirant et ne stocke pas [&hellip;]","og_url":"https:\/\/shop.bantam.ch\/fr\/produit\/transat-air-deluxe-aluminium-noir\/","og_site_name":"Bantam","article_modified_time":"2026-05-09T19:40:30+00:00","og_image":[{"width":1000,"height":669,"url":"https:\/\/shop.bantam.ch\/wp-content\/uploads\/2023\/02\/997025911.jpg","type":"image\/jpeg"}],"twitter_card":"summary_large_image","twitter_misc":{"Dur\u00e9e de lecture estim\u00e9e":"1 minute"},"schema":{"@context":"https:\/\/schema.org","@graph":[{"@type":"WebPage","@id":"https:\/\/shop.bantam.ch\/fr\/produit\/transat-air-deluxe-aluminium-noir\/","url":"https:\/\/shop.bantam.ch\/fr\/produit\/transat-air-deluxe-aluminium-noir\/","name":"Chaise longue CRESPO Air-Deluxe 76 x 133 x 78 cm Noir - Bantam","isPartOf":{"@id":"https:\/\/shop.bantam.ch\/fr\/#website"},"primaryImageOfPage":{"@id":"https:\/\/shop.bantam.ch\/fr\/produit\/transat-air-deluxe-aluminium-noir\/#primaryimage"},"image":{"@id":"https:\/\/shop.bantam.ch\/fr\/produit\/transat-air-deluxe-aluminium-noir\/#primaryimage"},"thumbnailUrl":"https:\/\/shop.bantam.ch\/wp-content\/uploads\/2023\/02\/997025911.jpg","datePublished":"2023-02-28T19:44:09+00:00","dateModified":"2026-05-09T19:40:30+00:00","breadcrumb":{"@id":"https:\/\/shop.bantam.ch\/fr\/produit\/transat-air-deluxe-aluminium-noir\/#breadcrumb"},"inLanguage":"fr-FR","potentialAction":[{"@type":"ReadAction","target":["https:\/\/shop.bantam.ch\/fr\/produit\/transat-air-deluxe-aluminium-noir\/"]}]},{"@type":"ImageObject","inLanguage":"fr-FR","@id":"https:\/\/shop.bantam.ch\/fr\/produit\/transat-air-deluxe-aluminium-noir\/#primaryimage","url":"https:\/\/shop.bantam.ch\/wp-content\/uploads\/2023\/02\/997025911.jpg","contentUrl":"https:\/\/shop.bantam.ch\/wp-content\/uploads\/2023\/02\/997025911.jpg","width":1000,"height":669},{"@type":"BreadcrumbList","@id":"https:\/\/shop.bantam.ch\/fr\/produit\/transat-air-deluxe-aluminium-noir\/#breadcrumb","itemListElement":[{"@type":"ListItem","position":1,"name":"Accueil","item":"https:\/\/shop.bantam.ch\/fr\/"},{"@type":"ListItem","position":2,"name":"Boutique","item":"https:\/\/shop.bantam.ch\/fr\/boutique\/"},{"@type":"ListItem","position":3,"name":"Chaise longue CRESPO Air-Deluxe 76 x 133 x 78 cm Noir"}]},{"@type":"WebSite","@id":"https:\/\/shop.bantam.ch\/fr\/#website","url":"https:\/\/shop.bantam.ch\/fr\/","name":"Bantam","description":"","publisher":{"@id":"https:\/\/shop.bantam.ch\/fr\/#organization"},"inLanguage":"fr-FR"},{"@type":"Organization","@id":"https:\/\/shop.bantam.ch\/fr\/#organization","name":"Bantam","url":"https:\/\/shop.bantam.ch\/fr\/","logo":{"@type":"ImageObject","inLanguage":"fr-FR","@id":"https:\/\/shop.bantam.ch\/fr\/#\/schema\/logo\/image\/","url":"https:\/\/shop.bantam.ch\/wp-content\/uploads\/2022\/12\/bantam-logo.png","contentUrl":"https:\/\/shop.bantam.ch\/wp-content\/uploads\/2022\/12\/bantam-logo.png","width":320,"height":71,"caption":"Bantam"},"image":{"@id":"https:\/\/shop.bantam.ch\/fr\/#\/schema\/logo\/image\/"}}]}},"_links":{"self":[{"href":"https:\/\/shop.bantam.ch\/fr\/wp-json\/wp\/v2\/product\/111619","targetHints":{"allow":["GET"]}}],"collection":[{"href":"https:\/\/shop.bantam.ch\/fr\/wp-json\/wp\/v2\/product"}],"about":[{"href":"https:\/\/shop.bantam.ch\/fr\/wp-json\/wp\/v2\/types\/product"}],"wp:featuredmedia":[{"embeddable":true,"href":"https:\/\/shop.bantam.ch\/fr\/wp-json\/wp\/v2\/media\/111617"}],"wp:attachment":[{"href":"https:\/\/shop.bantam.ch\/fr\/wp-json\/wp\/v2\/media?parent=111619"}],"wp:term":[{"taxonomy":"product_featured_cat","embeddable":true,"href":"https:\/\/shop.bantam.ch\/fr\/wp-json\/wp\/v2\/product_featured_cat?post=111619"},{"taxonomy":"product_brand","embeddable":true,"href":"https:\/\/shop.bantam.ch\/fr\/wp-json\/wp\/v2\/product_brand?post=111619"},{"taxonomy":"product_cat","embeddable":true,"href":"https:\/\/shop.bantam.ch\/fr\/wp-json\/wp\/v2\/product_cat?post=111619"},{"taxonomy":"product_tag","embeddable":true,"href":"https:\/\/shop.bantam.ch\/fr\/wp-json\/wp\/v2\/product_tag?post=111619"}],"curies":[{"name":"wp","href":"https:\/\/api.w.org\/{rel}","templated":true}]}}