{"id":111409,"date":"2023-02-28T20:40:46","date_gmt":"2023-02-28T19:40:46","guid":{"rendered":"https:\/\/shop.bantam.ch\/produit\/passoire-pliable-o-24-cm\/"},"modified":"2026-05-01T23:10:01","modified_gmt":"2026-05-01T21:10:01","slug":"passoire-pliable-o-24-cm","status":"publish","type":"product","link":"https:\/\/shop.bantam.ch\/fr\/produit\/passoire-pliable-o-24-cm\/","title":{"rendered":"Passoire pliable, \u00d8 24 cm"},"content":{"rendered":"<p>Les accessoires de cuisine Collaps se replient enti\u00e8rement apr\u00e8s leur utilisation et se pr\u00eatent particuli\u00e8rement bien \u00e0 la pr\u00e9paration de plats chauds et froids. Les accessoires de cuisine sont faciles \u00e0 nettoyer et se replient en un rien de temps. N&rsquo;utilisez pas d&rsquo;aliments gras ou \u00e0 base d&rsquo;huile dans ce produit.<\/p>\n<p>\u00a0<\/p>\n","protected":false},"excerpt":{"rendered":"<p>Les accessoires de cuisine Collaps se replient enti\u00e8rement apr\u00e8s leur utilisation et se pr\u00eatent particuli\u00e8rement bien \u00e0 la pr\u00e9paration de plats chauds et froids. Les accessoires de cuisine sont faciles \u00e0 nettoyer et se replient en un rien de temps. N&rsquo;utilisez pas d&rsquo;aliments gras ou \u00e0 base d&rsquo;huile dans ce produit. \u00a0<\/p>\n","protected":false},"featured_media":111397,"template":"","meta":{"_acf_changed":false},"product_featured_cat":[],"product_brand":[3296],"product_cat":[4333],"product_tag":[],"class_list":{"0":"post-111409","1":"product","2":"type-product","3":"status-publish","4":"has-post-thumbnail","6":"product_brand-outwell","7":"product_cat-bols-a-provisions-et-passoires","9":"first","10":"instock","11":"taxable","12":"shipping-taxable","13":"purchasable","14":"product-type-variable"},"acf":[],"yoast_head":"<!-- This site is optimized with the Yoast SEO plugin v27.5 - https:\/\/yoast.com\/product\/yoast-seo-wordpress\/ -->\n<title>Passoire pliable, \u00d8 24 cm - Bantam<\/title>\n<meta name=\"robots\" content=\"index, follow, max-snippet:-1, max-image-preview:large, max-video-preview:-1\" \/>\n<link rel=\"canonical\" href=\"https:\/\/shop.bantam.ch\/fr\/produit\/passoire-pliable-o-24-cm\/\" \/>\n<meta property=\"og:locale\" content=\"fr_FR\" \/>\n<meta property=\"og:type\" content=\"article\" \/>\n<meta property=\"og:title\" content=\"Passoire pliable, \u00d8 24 cm - Bantam\" \/>\n<meta property=\"og:description\" content=\"Les accessoires de cuisine Collaps se replient enti\u00e8rement apr\u00e8s leur utilisation et se pr\u00eatent particuli\u00e8rement bien \u00e0 la pr\u00e9paration de plats chauds et froids. Les accessoires de cuisine sont faciles \u00e0 nettoyer et se replient en un rien de temps. N&rsquo;utilisez pas d&rsquo;aliments gras ou \u00e0 base d&rsquo;huile dans ce produit. \u00a0\" \/>\n<meta property=\"og:url\" content=\"https:\/\/shop.bantam.ch\/fr\/produit\/passoire-pliable-o-24-cm\/\" \/>\n<meta property=\"og:site_name\" content=\"Bantam\" \/>\n<meta property=\"article:modified_time\" content=\"2026-05-01T21:10:01+00:00\" \/>\n<meta property=\"og:image\" content=\"https:\/\/shop.bantam.ch\/wp-content\/uploads\/2023\/02\/9911786-Outwell_Collaps_Kuechensieb_Fb_gruen_grau-Standard-02.jpg\" \/>\n\t<meta property=\"og:image:width\" content=\"1000\" \/>\n\t<meta property=\"og:image:height\" content=\"419\" \/>\n\t<meta property=\"og:image:type\" content=\"image\/jpeg\" \/>\n<meta name=\"twitter:card\" content=\"summary_large_image\" \/>\n<script type=\"application\/ld+json\" class=\"yoast-schema-graph\">{\"@context\":\"https:\\\/\\\/schema.org\",\"@graph\":[{\"@type\":\"WebPage\",\"@id\":\"https:\\\/\\\/shop.bantam.ch\\\/fr\\\/produit\\\/passoire-pliable-o-24-cm\\\/\",\"url\":\"https:\\\/\\\/shop.bantam.ch\\\/fr\\\/produit\\\/passoire-pliable-o-24-cm\\\/\",\"name\":\"Passoire pliable, \u00d8 24 cm - Bantam\",\"isPartOf\":{\"@id\":\"https:\\\/\\\/shop.bantam.ch\\\/fr\\\/#website\"},\"primaryImageOfPage\":{\"@id\":\"https:\\\/\\\/shop.bantam.ch\\\/fr\\\/produit\\\/passoire-pliable-o-24-cm\\\/#primaryimage\"},\"image\":{\"@id\":\"https:\\\/\\\/shop.bantam.ch\\\/fr\\\/produit\\\/passoire-pliable-o-24-cm\\\/#primaryimage\"},\"thumbnailUrl\":\"https:\\\/\\\/shop.bantam.ch\\\/wp-content\\\/uploads\\\/2023\\\/02\\\/9911786-Outwell_Collaps_Kuechensieb_Fb_gruen_grau-Standard-02.jpg\",\"datePublished\":\"2023-02-28T19:40:46+00:00\",\"dateModified\":\"2026-05-01T21:10:01+00:00\",\"breadcrumb\":{\"@id\":\"https:\\\/\\\/shop.bantam.ch\\\/fr\\\/produit\\\/passoire-pliable-o-24-cm\\\/#breadcrumb\"},\"inLanguage\":\"fr-FR\",\"potentialAction\":[{\"@type\":\"ReadAction\",\"target\":[\"https:\\\/\\\/shop.bantam.ch\\\/fr\\\/produit\\\/passoire-pliable-o-24-cm\\\/\"]}]},{\"@type\":\"ImageObject\",\"inLanguage\":\"fr-FR\",\"@id\":\"https:\\\/\\\/shop.bantam.ch\\\/fr\\\/produit\\\/passoire-pliable-o-24-cm\\\/#primaryimage\",\"url\":\"https:\\\/\\\/shop.bantam.ch\\\/wp-content\\\/uploads\\\/2023\\\/02\\\/9911786-Outwell_Collaps_Kuechensieb_Fb_gruen_grau-Standard-02.jpg\",\"contentUrl\":\"https:\\\/\\\/shop.bantam.ch\\\/wp-content\\\/uploads\\\/2023\\\/02\\\/9911786-Outwell_Collaps_Kuechensieb_Fb_gruen_grau-Standard-02.jpg\",\"width\":1000,\"height\":419},{\"@type\":\"BreadcrumbList\",\"@id\":\"https:\\\/\\\/shop.bantam.ch\\\/fr\\\/produit\\\/passoire-pliable-o-24-cm\\\/#breadcrumb\",\"itemListElement\":[{\"@type\":\"ListItem\",\"position\":1,\"name\":\"Accueil\",\"item\":\"https:\\\/\\\/shop.bantam.ch\\\/fr\\\/\"},{\"@type\":\"ListItem\",\"position\":2,\"name\":\"Boutique\",\"item\":\"https:\\\/\\\/shop.bantam.ch\\\/fr\\\/boutique\\\/\"},{\"@type\":\"ListItem\",\"position\":3,\"name\":\"Passoire pliable, \u00d8 24 cm\"}]},{\"@type\":\"WebSite\",\"@id\":\"https:\\\/\\\/shop.bantam.ch\\\/fr\\\/#website\",\"url\":\"https:\\\/\\\/shop.bantam.ch\\\/fr\\\/\",\"name\":\"Bantam\",\"description\":\"\",\"publisher\":{\"@id\":\"https:\\\/\\\/shop.bantam.ch\\\/fr\\\/#organization\"},\"inLanguage\":\"fr-FR\"},{\"@type\":\"Organization\",\"@id\":\"https:\\\/\\\/shop.bantam.ch\\\/fr\\\/#organization\",\"name\":\"Bantam\",\"url\":\"https:\\\/\\\/shop.bantam.ch\\\/fr\\\/\",\"logo\":{\"@type\":\"ImageObject\",\"inLanguage\":\"fr-FR\",\"@id\":\"https:\\\/\\\/shop.bantam.ch\\\/fr\\\/#\\\/schema\\\/logo\\\/image\\\/\",\"url\":\"https:\\\/\\\/shop.bantam.ch\\\/wp-content\\\/uploads\\\/2022\\\/12\\\/bantam-logo.png\",\"contentUrl\":\"https:\\\/\\\/shop.bantam.ch\\\/wp-content\\\/uploads\\\/2022\\\/12\\\/bantam-logo.png\",\"width\":320,\"height\":71,\"caption\":\"Bantam\"},\"image\":{\"@id\":\"https:\\\/\\\/shop.bantam.ch\\\/fr\\\/#\\\/schema\\\/logo\\\/image\\\/\"}}]}<\/script>\n<!-- \/ Yoast SEO plugin. -->","yoast_head_json":{"title":"Passoire pliable, \u00d8 24 cm - Bantam","robots":{"index":"index","follow":"follow","max-snippet":"max-snippet:-1","max-image-preview":"max-image-preview:large","max-video-preview":"max-video-preview:-1"},"canonical":"https:\/\/shop.bantam.ch\/fr\/produit\/passoire-pliable-o-24-cm\/","og_locale":"fr_FR","og_type":"article","og_title":"Passoire pliable, \u00d8 24 cm - Bantam","og_description":"Les accessoires de cuisine Collaps se replient enti\u00e8rement apr\u00e8s leur utilisation et se pr\u00eatent particuli\u00e8rement bien \u00e0 la pr\u00e9paration de plats chauds et froids. Les accessoires de cuisine sont faciles \u00e0 nettoyer et se replient en un rien de temps. N&rsquo;utilisez pas d&rsquo;aliments gras ou \u00e0 base d&rsquo;huile dans ce produit. \u00a0","og_url":"https:\/\/shop.bantam.ch\/fr\/produit\/passoire-pliable-o-24-cm\/","og_site_name":"Bantam","article_modified_time":"2026-05-01T21:10:01+00:00","og_image":[{"width":1000,"height":419,"url":"https:\/\/shop.bantam.ch\/wp-content\/uploads\/2023\/02\/9911786-Outwell_Collaps_Kuechensieb_Fb_gruen_grau-Standard-02.jpg","type":"image\/jpeg"}],"twitter_card":"summary_large_image","schema":{"@context":"https:\/\/schema.org","@graph":[{"@type":"WebPage","@id":"https:\/\/shop.bantam.ch\/fr\/produit\/passoire-pliable-o-24-cm\/","url":"https:\/\/shop.bantam.ch\/fr\/produit\/passoire-pliable-o-24-cm\/","name":"Passoire pliable, \u00d8 24 cm - Bantam","isPartOf":{"@id":"https:\/\/shop.bantam.ch\/fr\/#website"},"primaryImageOfPage":{"@id":"https:\/\/shop.bantam.ch\/fr\/produit\/passoire-pliable-o-24-cm\/#primaryimage"},"image":{"@id":"https:\/\/shop.bantam.ch\/fr\/produit\/passoire-pliable-o-24-cm\/#primaryimage"},"thumbnailUrl":"https:\/\/shop.bantam.ch\/wp-content\/uploads\/2023\/02\/9911786-Outwell_Collaps_Kuechensieb_Fb_gruen_grau-Standard-02.jpg","datePublished":"2023-02-28T19:40:46+00:00","dateModified":"2026-05-01T21:10:01+00:00","breadcrumb":{"@id":"https:\/\/shop.bantam.ch\/fr\/produit\/passoire-pliable-o-24-cm\/#breadcrumb"},"inLanguage":"fr-FR","potentialAction":[{"@type":"ReadAction","target":["https:\/\/shop.bantam.ch\/fr\/produit\/passoire-pliable-o-24-cm\/"]}]},{"@type":"ImageObject","inLanguage":"fr-FR","@id":"https:\/\/shop.bantam.ch\/fr\/produit\/passoire-pliable-o-24-cm\/#primaryimage","url":"https:\/\/shop.bantam.ch\/wp-content\/uploads\/2023\/02\/9911786-Outwell_Collaps_Kuechensieb_Fb_gruen_grau-Standard-02.jpg","contentUrl":"https:\/\/shop.bantam.ch\/wp-content\/uploads\/2023\/02\/9911786-Outwell_Collaps_Kuechensieb_Fb_gruen_grau-Standard-02.jpg","width":1000,"height":419},{"@type":"BreadcrumbList","@id":"https:\/\/shop.bantam.ch\/fr\/produit\/passoire-pliable-o-24-cm\/#breadcrumb","itemListElement":[{"@type":"ListItem","position":1,"name":"Accueil","item":"https:\/\/shop.bantam.ch\/fr\/"},{"@type":"ListItem","position":2,"name":"Boutique","item":"https:\/\/shop.bantam.ch\/fr\/boutique\/"},{"@type":"ListItem","position":3,"name":"Passoire pliable, \u00d8 24 cm"}]},{"@type":"WebSite","@id":"https:\/\/shop.bantam.ch\/fr\/#website","url":"https:\/\/shop.bantam.ch\/fr\/","name":"Bantam","description":"","publisher":{"@id":"https:\/\/shop.bantam.ch\/fr\/#organization"},"inLanguage":"fr-FR"},{"@type":"Organization","@id":"https:\/\/shop.bantam.ch\/fr\/#organization","name":"Bantam","url":"https:\/\/shop.bantam.ch\/fr\/","logo":{"@type":"ImageObject","inLanguage":"fr-FR","@id":"https:\/\/shop.bantam.ch\/fr\/#\/schema\/logo\/image\/","url":"https:\/\/shop.bantam.ch\/wp-content\/uploads\/2022\/12\/bantam-logo.png","contentUrl":"https:\/\/shop.bantam.ch\/wp-content\/uploads\/2022\/12\/bantam-logo.png","width":320,"height":71,"caption":"Bantam"},"image":{"@id":"https:\/\/shop.bantam.ch\/fr\/#\/schema\/logo\/image\/"}}]}},"_links":{"self":[{"href":"https:\/\/shop.bantam.ch\/fr\/wp-json\/wp\/v2\/product\/111409","targetHints":{"allow":["GET"]}}],"collection":[{"href":"https:\/\/shop.bantam.ch\/fr\/wp-json\/wp\/v2\/product"}],"about":[{"href":"https:\/\/shop.bantam.ch\/fr\/wp-json\/wp\/v2\/types\/product"}],"wp:featuredmedia":[{"embeddable":true,"href":"https:\/\/shop.bantam.ch\/fr\/wp-json\/wp\/v2\/media\/111397"}],"wp:attachment":[{"href":"https:\/\/shop.bantam.ch\/fr\/wp-json\/wp\/v2\/media?parent=111409"}],"wp:term":[{"taxonomy":"product_featured_cat","embeddable":true,"href":"https:\/\/shop.bantam.ch\/fr\/wp-json\/wp\/v2\/product_featured_cat?post=111409"},{"taxonomy":"product_brand","embeddable":true,"href":"https:\/\/shop.bantam.ch\/fr\/wp-json\/wp\/v2\/product_brand?post=111409"},{"taxonomy":"product_cat","embeddable":true,"href":"https:\/\/shop.bantam.ch\/fr\/wp-json\/wp\/v2\/product_cat?post=111409"},{"taxonomy":"product_tag","embeddable":true,"href":"https:\/\/shop.bantam.ch\/fr\/wp-json\/wp\/v2\/product_tag?post=111409"}],"curies":[{"name":"wp","href":"https:\/\/api.w.org\/{rel}","templated":true}]}}