{"id":111329,"date":"2023-02-28T20:39:29","date_gmt":"2023-02-28T19:39:29","guid":{"rendered":"https:\/\/shop.bantam.ch\/produit\/rotissoire-tournebroche-pour-grill-c090-acier-inoxydable-couleur-argent\/"},"modified":"2026-05-02T21:39:36","modified_gmt":"2026-05-02T19:39:36","slug":"rotissoire-tournebroche-pour-grill-c090-acier-inoxydable-couleur-argent","status":"publish","type":"product","link":"https:\/\/shop.bantam.ch\/fr\/produit\/rotissoire-tournebroche-pour-grill-c090-acier-inoxydable-couleur-argent\/","title":{"rendered":"Tournebroche r\u00f4tisserie COBB pour barbecue C090 acier inoxydable, argent"},"content":{"rendered":"<p>Un \u00ab must \u00bb pour tout amateur de barbecue. La r\u00f4tissoire est facile et rapide \u00e0 utiliser. Placez la rallonge de couvercle fournie avec la brochette sur la plaque de grill perfor\u00e9e. Ajoutez une batterie au moteur et c&rsquo;est parti. Toutes les pi\u00e8ces sont en acier inoxydable.<\/p>\n","protected":false},"excerpt":{"rendered":"<p>Un \u00ab must \u00bb pour tout amateur de barbecue. La r\u00f4tissoire est facile et rapide \u00e0 utiliser. Placez la rallonge de couvercle fournie avec la brochette sur la plaque de grill perfor\u00e9e. Ajoutez une batterie au moteur et c&rsquo;est parti. Toutes les pi\u00e8ces sont en acier inoxydable.<\/p>\n","protected":false},"featured_media":111327,"template":"","meta":{"_acf_changed":false},"product_featured_cat":[],"product_brand":[3114],"product_cat":[4339],"product_tag":[],"class_list":{"0":"post-111329","1":"product","2":"type-product","3":"status-publish","4":"has-post-thumbnail","6":"product_brand-cobb","7":"product_cat-accessoires-pour-barbecue","9":"first","10":"instock","11":"taxable","12":"shipping-taxable","13":"purchasable","14":"product-type-simple"},"acf":[],"yoast_head":"<!-- This site is optimized with the Yoast SEO plugin v27.5 - https:\/\/yoast.com\/product\/yoast-seo-wordpress\/ -->\n<title>Tournebroche r\u00f4tisserie COBB pour barbecue C090 acier inoxydable, argent - Bantam<\/title>\n<meta name=\"robots\" content=\"index, follow, max-snippet:-1, max-image-preview:large, max-video-preview:-1\" \/>\n<link rel=\"canonical\" href=\"https:\/\/shop.bantam.ch\/fr\/produit\/rotissoire-tournebroche-pour-grill-c090-acier-inoxydable-couleur-argent\/\" \/>\n<meta property=\"og:locale\" content=\"fr_FR\" \/>\n<meta property=\"og:type\" content=\"article\" \/>\n<meta property=\"og:title\" content=\"Tournebroche r\u00f4tisserie COBB pour barbecue C090 acier inoxydable, argent - Bantam\" \/>\n<meta property=\"og:description\" content=\"Un \u00ab must \u00bb pour tout amateur de barbecue. La r\u00f4tissoire est facile et rapide \u00e0 utiliser. Placez la rallonge de couvercle fournie avec la brochette sur la plaque de grill perfor\u00e9e. Ajoutez une batterie au moteur et c&rsquo;est parti. Toutes les pi\u00e8ces sont en acier inoxydable.\" \/>\n<meta property=\"og:url\" content=\"https:\/\/shop.bantam.ch\/fr\/produit\/rotissoire-tournebroche-pour-grill-c090-acier-inoxydable-couleur-argent\/\" \/>\n<meta property=\"og:site_name\" content=\"Bantam\" \/>\n<meta property=\"article:modified_time\" content=\"2026-05-02T19:39:36+00:00\" \/>\n<meta property=\"og:image\" content=\"https:\/\/shop.bantam.ch\/wp-content\/uploads\/2023\/02\/996095911.jpg\" \/>\n\t<meta property=\"og:image:width\" content=\"1000\" \/>\n\t<meta property=\"og:image:height\" content=\"676\" \/>\n\t<meta property=\"og:image:type\" content=\"image\/jpeg\" \/>\n<meta name=\"twitter:card\" content=\"summary_large_image\" \/>\n<script type=\"application\/ld+json\" class=\"yoast-schema-graph\">{\"@context\":\"https:\\\/\\\/schema.org\",\"@graph\":[{\"@type\":\"WebPage\",\"@id\":\"https:\\\/\\\/shop.bantam.ch\\\/fr\\\/produit\\\/rotissoire-tournebroche-pour-grill-c090-acier-inoxydable-couleur-argent\\\/\",\"url\":\"https:\\\/\\\/shop.bantam.ch\\\/fr\\\/produit\\\/rotissoire-tournebroche-pour-grill-c090-acier-inoxydable-couleur-argent\\\/\",\"name\":\"Tournebroche r\u00f4tisserie COBB pour barbecue C090 acier inoxydable, argent - Bantam\",\"isPartOf\":{\"@id\":\"https:\\\/\\\/shop.bantam.ch\\\/fr\\\/#website\"},\"primaryImageOfPage\":{\"@id\":\"https:\\\/\\\/shop.bantam.ch\\\/fr\\\/produit\\\/rotissoire-tournebroche-pour-grill-c090-acier-inoxydable-couleur-argent\\\/#primaryimage\"},\"image\":{\"@id\":\"https:\\\/\\\/shop.bantam.ch\\\/fr\\\/produit\\\/rotissoire-tournebroche-pour-grill-c090-acier-inoxydable-couleur-argent\\\/#primaryimage\"},\"thumbnailUrl\":\"https:\\\/\\\/shop.bantam.ch\\\/wp-content\\\/uploads\\\/2023\\\/02\\\/996095911.jpg\",\"datePublished\":\"2023-02-28T19:39:29+00:00\",\"dateModified\":\"2026-05-02T19:39:36+00:00\",\"breadcrumb\":{\"@id\":\"https:\\\/\\\/shop.bantam.ch\\\/fr\\\/produit\\\/rotissoire-tournebroche-pour-grill-c090-acier-inoxydable-couleur-argent\\\/#breadcrumb\"},\"inLanguage\":\"fr-FR\",\"potentialAction\":[{\"@type\":\"ReadAction\",\"target\":[\"https:\\\/\\\/shop.bantam.ch\\\/fr\\\/produit\\\/rotissoire-tournebroche-pour-grill-c090-acier-inoxydable-couleur-argent\\\/\"]}]},{\"@type\":\"ImageObject\",\"inLanguage\":\"fr-FR\",\"@id\":\"https:\\\/\\\/shop.bantam.ch\\\/fr\\\/produit\\\/rotissoire-tournebroche-pour-grill-c090-acier-inoxydable-couleur-argent\\\/#primaryimage\",\"url\":\"https:\\\/\\\/shop.bantam.ch\\\/wp-content\\\/uploads\\\/2023\\\/02\\\/996095911.jpg\",\"contentUrl\":\"https:\\\/\\\/shop.bantam.ch\\\/wp-content\\\/uploads\\\/2023\\\/02\\\/996095911.jpg\",\"width\":1000,\"height\":676},{\"@type\":\"BreadcrumbList\",\"@id\":\"https:\\\/\\\/shop.bantam.ch\\\/fr\\\/produit\\\/rotissoire-tournebroche-pour-grill-c090-acier-inoxydable-couleur-argent\\\/#breadcrumb\",\"itemListElement\":[{\"@type\":\"ListItem\",\"position\":1,\"name\":\"Accueil\",\"item\":\"https:\\\/\\\/shop.bantam.ch\\\/fr\\\/\"},{\"@type\":\"ListItem\",\"position\":2,\"name\":\"Boutique\",\"item\":\"https:\\\/\\\/shop.bantam.ch\\\/fr\\\/boutique\\\/\"},{\"@type\":\"ListItem\",\"position\":3,\"name\":\"Tournebroche r\u00f4tisserie COBB pour barbecue C090 acier inoxydable, argent\"}]},{\"@type\":\"WebSite\",\"@id\":\"https:\\\/\\\/shop.bantam.ch\\\/fr\\\/#website\",\"url\":\"https:\\\/\\\/shop.bantam.ch\\\/fr\\\/\",\"name\":\"Bantam\",\"description\":\"\",\"publisher\":{\"@id\":\"https:\\\/\\\/shop.bantam.ch\\\/fr\\\/#organization\"},\"inLanguage\":\"fr-FR\"},{\"@type\":\"Organization\",\"@id\":\"https:\\\/\\\/shop.bantam.ch\\\/fr\\\/#organization\",\"name\":\"Bantam\",\"url\":\"https:\\\/\\\/shop.bantam.ch\\\/fr\\\/\",\"logo\":{\"@type\":\"ImageObject\",\"inLanguage\":\"fr-FR\",\"@id\":\"https:\\\/\\\/shop.bantam.ch\\\/fr\\\/#\\\/schema\\\/logo\\\/image\\\/\",\"url\":\"https:\\\/\\\/shop.bantam.ch\\\/wp-content\\\/uploads\\\/2022\\\/12\\\/bantam-logo.png\",\"contentUrl\":\"https:\\\/\\\/shop.bantam.ch\\\/wp-content\\\/uploads\\\/2022\\\/12\\\/bantam-logo.png\",\"width\":320,\"height\":71,\"caption\":\"Bantam\"},\"image\":{\"@id\":\"https:\\\/\\\/shop.bantam.ch\\\/fr\\\/#\\\/schema\\\/logo\\\/image\\\/\"}}]}<\/script>\n<!-- \/ Yoast SEO plugin. -->","yoast_head_json":{"title":"Tournebroche r\u00f4tisserie COBB pour barbecue C090 acier inoxydable, argent - Bantam","robots":{"index":"index","follow":"follow","max-snippet":"max-snippet:-1","max-image-preview":"max-image-preview:large","max-video-preview":"max-video-preview:-1"},"canonical":"https:\/\/shop.bantam.ch\/fr\/produit\/rotissoire-tournebroche-pour-grill-c090-acier-inoxydable-couleur-argent\/","og_locale":"fr_FR","og_type":"article","og_title":"Tournebroche r\u00f4tisserie COBB pour barbecue C090 acier inoxydable, argent - Bantam","og_description":"Un \u00ab must \u00bb pour tout amateur de barbecue. La r\u00f4tissoire est facile et rapide \u00e0 utiliser. Placez la rallonge de couvercle fournie avec la brochette sur la plaque de grill perfor\u00e9e. Ajoutez une batterie au moteur et c&rsquo;est parti. Toutes les pi\u00e8ces sont en acier inoxydable.","og_url":"https:\/\/shop.bantam.ch\/fr\/produit\/rotissoire-tournebroche-pour-grill-c090-acier-inoxydable-couleur-argent\/","og_site_name":"Bantam","article_modified_time":"2026-05-02T19:39:36+00:00","og_image":[{"width":1000,"height":676,"url":"https:\/\/shop.bantam.ch\/wp-content\/uploads\/2023\/02\/996095911.jpg","type":"image\/jpeg"}],"twitter_card":"summary_large_image","schema":{"@context":"https:\/\/schema.org","@graph":[{"@type":"WebPage","@id":"https:\/\/shop.bantam.ch\/fr\/produit\/rotissoire-tournebroche-pour-grill-c090-acier-inoxydable-couleur-argent\/","url":"https:\/\/shop.bantam.ch\/fr\/produit\/rotissoire-tournebroche-pour-grill-c090-acier-inoxydable-couleur-argent\/","name":"Tournebroche r\u00f4tisserie COBB pour barbecue C090 acier inoxydable, argent - Bantam","isPartOf":{"@id":"https:\/\/shop.bantam.ch\/fr\/#website"},"primaryImageOfPage":{"@id":"https:\/\/shop.bantam.ch\/fr\/produit\/rotissoire-tournebroche-pour-grill-c090-acier-inoxydable-couleur-argent\/#primaryimage"},"image":{"@id":"https:\/\/shop.bantam.ch\/fr\/produit\/rotissoire-tournebroche-pour-grill-c090-acier-inoxydable-couleur-argent\/#primaryimage"},"thumbnailUrl":"https:\/\/shop.bantam.ch\/wp-content\/uploads\/2023\/02\/996095911.jpg","datePublished":"2023-02-28T19:39:29+00:00","dateModified":"2026-05-02T19:39:36+00:00","breadcrumb":{"@id":"https:\/\/shop.bantam.ch\/fr\/produit\/rotissoire-tournebroche-pour-grill-c090-acier-inoxydable-couleur-argent\/#breadcrumb"},"inLanguage":"fr-FR","potentialAction":[{"@type":"ReadAction","target":["https:\/\/shop.bantam.ch\/fr\/produit\/rotissoire-tournebroche-pour-grill-c090-acier-inoxydable-couleur-argent\/"]}]},{"@type":"ImageObject","inLanguage":"fr-FR","@id":"https:\/\/shop.bantam.ch\/fr\/produit\/rotissoire-tournebroche-pour-grill-c090-acier-inoxydable-couleur-argent\/#primaryimage","url":"https:\/\/shop.bantam.ch\/wp-content\/uploads\/2023\/02\/996095911.jpg","contentUrl":"https:\/\/shop.bantam.ch\/wp-content\/uploads\/2023\/02\/996095911.jpg","width":1000,"height":676},{"@type":"BreadcrumbList","@id":"https:\/\/shop.bantam.ch\/fr\/produit\/rotissoire-tournebroche-pour-grill-c090-acier-inoxydable-couleur-argent\/#breadcrumb","itemListElement":[{"@type":"ListItem","position":1,"name":"Accueil","item":"https:\/\/shop.bantam.ch\/fr\/"},{"@type":"ListItem","position":2,"name":"Boutique","item":"https:\/\/shop.bantam.ch\/fr\/boutique\/"},{"@type":"ListItem","position":3,"name":"Tournebroche r\u00f4tisserie COBB pour barbecue C090 acier inoxydable, argent"}]},{"@type":"WebSite","@id":"https:\/\/shop.bantam.ch\/fr\/#website","url":"https:\/\/shop.bantam.ch\/fr\/","name":"Bantam","description":"","publisher":{"@id":"https:\/\/shop.bantam.ch\/fr\/#organization"},"inLanguage":"fr-FR"},{"@type":"Organization","@id":"https:\/\/shop.bantam.ch\/fr\/#organization","name":"Bantam","url":"https:\/\/shop.bantam.ch\/fr\/","logo":{"@type":"ImageObject","inLanguage":"fr-FR","@id":"https:\/\/shop.bantam.ch\/fr\/#\/schema\/logo\/image\/","url":"https:\/\/shop.bantam.ch\/wp-content\/uploads\/2022\/12\/bantam-logo.png","contentUrl":"https:\/\/shop.bantam.ch\/wp-content\/uploads\/2022\/12\/bantam-logo.png","width":320,"height":71,"caption":"Bantam"},"image":{"@id":"https:\/\/shop.bantam.ch\/fr\/#\/schema\/logo\/image\/"}}]}},"_links":{"self":[{"href":"https:\/\/shop.bantam.ch\/fr\/wp-json\/wp\/v2\/product\/111329","targetHints":{"allow":["GET"]}}],"collection":[{"href":"https:\/\/shop.bantam.ch\/fr\/wp-json\/wp\/v2\/product"}],"about":[{"href":"https:\/\/shop.bantam.ch\/fr\/wp-json\/wp\/v2\/types\/product"}],"wp:featuredmedia":[{"embeddable":true,"href":"https:\/\/shop.bantam.ch\/fr\/wp-json\/wp\/v2\/media\/111327"}],"wp:attachment":[{"href":"https:\/\/shop.bantam.ch\/fr\/wp-json\/wp\/v2\/media?parent=111329"}],"wp:term":[{"taxonomy":"product_featured_cat","embeddable":true,"href":"https:\/\/shop.bantam.ch\/fr\/wp-json\/wp\/v2\/product_featured_cat?post=111329"},{"taxonomy":"product_brand","embeddable":true,"href":"https:\/\/shop.bantam.ch\/fr\/wp-json\/wp\/v2\/product_brand?post=111329"},{"taxonomy":"product_cat","embeddable":true,"href":"https:\/\/shop.bantam.ch\/fr\/wp-json\/wp\/v2\/product_cat?post=111329"},{"taxonomy":"product_tag","embeddable":true,"href":"https:\/\/shop.bantam.ch\/fr\/wp-json\/wp\/v2\/product_tag?post=111329"}],"curies":[{"name":"wp","href":"https:\/\/api.w.org\/{rel}","templated":true}]}}