{"id":111149,"date":"2023-02-28T20:36:23","date_gmt":"2023-02-28T19:36:23","guid":{"rendered":"https:\/\/shop.bantam.ch\/produit\/chariot-a-roulettes-hamoa-fourgonnette-noir\/"},"modified":"2026-05-05T21:39:13","modified_gmt":"2026-05-05T19:39:13","slug":"chariot-a-roulettes-hamoa-fourgonnette-noir","status":"publish","type":"product","link":"https:\/\/shop.bantam.ch\/fr\/produit\/chariot-a-roulettes-hamoa-fourgonnette-noir\/","title":{"rendered":"Chariot \u00e0 main Outwell Hamoa Transporter Noir"},"content":{"rendered":"<p>Pli\u00e9 et d\u00e9pli\u00e9 en quelques secondes, le chariot \u00e0 roulettes d\u2019Outwell en acier robuste est une solution pratique pour transporter vos bagages, que ce soit \u00e0 la plage, dans un parc ou sur un terrain de camping. Les grandes roues robustes conviennent \u00e9galement parfaitement aux sols irr\u00e9guliers ou non stabilis\u00e9s.<\/p>\n<p>Mat\u00e9riau\u00a0:<br \/>Rev\u00eatement : 100 % polyester<br \/>Cadre\u00a0: acier<\/p>\n<p>Contenu de la livraison :<br \/>sac de transport<\/p>\n","protected":false},"excerpt":{"rendered":"<p>Pli\u00e9 et d\u00e9pli\u00e9 en quelques secondes, le chariot \u00e0 roulettes d\u2019Outwell en acier robuste est une solution pratique pour transporter vos bagages, que ce soit \u00e0 la plage, dans un parc ou sur un terrain de camping. Les grandes roues robustes conviennent \u00e9galement parfaitement aux sols irr\u00e9guliers ou non stabilis\u00e9s. Mat\u00e9riau\u00a0:Rev\u00eatement : 100 % polyesterCadre\u00a0: [&hellip;]<\/p>\n","protected":false},"featured_media":111139,"template":"","meta":{"_acf_changed":false},"product_featured_cat":[],"product_brand":[3296],"product_cat":[4473],"product_tag":[],"class_list":{"0":"post-111149","1":"product","2":"type-product","3":"status-publish","4":"has-post-thumbnail","6":"product_brand-outwell","7":"product_cat-transport-et-chariots-a-roulettes","9":"first","10":"instock","11":"taxable","12":"shipping-taxable","13":"purchasable","14":"product-type-simple"},"acf":[],"yoast_head":"<!-- This site is optimized with the Yoast SEO plugin v27.5 - https:\/\/yoast.com\/product\/yoast-seo-wordpress\/ -->\n<title>Chariot \u00e0 main Outwell Hamoa Transporter Noir - Bantam<\/title>\n<meta name=\"robots\" content=\"index, follow, max-snippet:-1, max-image-preview:large, max-video-preview:-1\" \/>\n<link rel=\"canonical\" href=\"https:\/\/shop.bantam.ch\/fr\/produit\/chariot-a-roulettes-hamoa-fourgonnette-noir\/\" \/>\n<meta property=\"og:locale\" content=\"fr_FR\" \/>\n<meta property=\"og:type\" content=\"article\" \/>\n<meta property=\"og:title\" content=\"Chariot \u00e0 main Outwell Hamoa Transporter Noir - Bantam\" \/>\n<meta property=\"og:description\" content=\"Pli\u00e9 et d\u00e9pli\u00e9 en quelques secondes, le chariot \u00e0 roulettes d\u2019Outwell en acier robuste est une solution pratique pour transporter vos bagages, que ce soit \u00e0 la plage, dans un parc ou sur un terrain de camping. Les grandes roues robustes conviennent \u00e9galement parfaitement aux sols irr\u00e9guliers ou non stabilis\u00e9s. Mat\u00e9riau\u00a0:Rev\u00eatement : 100 % polyesterCadre\u00a0: [&hellip;]\" \/>\n<meta property=\"og:url\" content=\"https:\/\/shop.bantam.ch\/fr\/produit\/chariot-a-roulettes-hamoa-fourgonnette-noir\/\" \/>\n<meta property=\"og:site_name\" content=\"Bantam\" \/>\n<meta property=\"article:modified_time\" content=\"2026-05-05T19:39:13+00:00\" \/>\n<meta property=\"og:image\" content=\"https:\/\/shop.bantam.ch\/wp-content\/uploads\/2023\/02\/996094411.jpg\" \/>\n\t<meta property=\"og:image:width\" content=\"1000\" \/>\n\t<meta property=\"og:image:height\" content=\"563\" \/>\n\t<meta property=\"og:image:type\" content=\"image\/jpeg\" \/>\n<meta name=\"twitter:card\" content=\"summary_large_image\" \/>\n<script type=\"application\/ld+json\" class=\"yoast-schema-graph\">{\"@context\":\"https:\\\/\\\/schema.org\",\"@graph\":[{\"@type\":\"WebPage\",\"@id\":\"https:\\\/\\\/shop.bantam.ch\\\/fr\\\/produit\\\/chariot-a-roulettes-hamoa-fourgonnette-noir\\\/\",\"url\":\"https:\\\/\\\/shop.bantam.ch\\\/fr\\\/produit\\\/chariot-a-roulettes-hamoa-fourgonnette-noir\\\/\",\"name\":\"Chariot \u00e0 main Outwell Hamoa Transporter Noir - Bantam\",\"isPartOf\":{\"@id\":\"https:\\\/\\\/shop.bantam.ch\\\/fr\\\/#website\"},\"primaryImageOfPage\":{\"@id\":\"https:\\\/\\\/shop.bantam.ch\\\/fr\\\/produit\\\/chariot-a-roulettes-hamoa-fourgonnette-noir\\\/#primaryimage\"},\"image\":{\"@id\":\"https:\\\/\\\/shop.bantam.ch\\\/fr\\\/produit\\\/chariot-a-roulettes-hamoa-fourgonnette-noir\\\/#primaryimage\"},\"thumbnailUrl\":\"https:\\\/\\\/shop.bantam.ch\\\/wp-content\\\/uploads\\\/2023\\\/02\\\/996094411.jpg\",\"datePublished\":\"2023-02-28T19:36:23+00:00\",\"dateModified\":\"2026-05-05T19:39:13+00:00\",\"breadcrumb\":{\"@id\":\"https:\\\/\\\/shop.bantam.ch\\\/fr\\\/produit\\\/chariot-a-roulettes-hamoa-fourgonnette-noir\\\/#breadcrumb\"},\"inLanguage\":\"fr-FR\",\"potentialAction\":[{\"@type\":\"ReadAction\",\"target\":[\"https:\\\/\\\/shop.bantam.ch\\\/fr\\\/produit\\\/chariot-a-roulettes-hamoa-fourgonnette-noir\\\/\"]}]},{\"@type\":\"ImageObject\",\"inLanguage\":\"fr-FR\",\"@id\":\"https:\\\/\\\/shop.bantam.ch\\\/fr\\\/produit\\\/chariot-a-roulettes-hamoa-fourgonnette-noir\\\/#primaryimage\",\"url\":\"https:\\\/\\\/shop.bantam.ch\\\/wp-content\\\/uploads\\\/2023\\\/02\\\/996094411.jpg\",\"contentUrl\":\"https:\\\/\\\/shop.bantam.ch\\\/wp-content\\\/uploads\\\/2023\\\/02\\\/996094411.jpg\",\"width\":1000,\"height\":563},{\"@type\":\"BreadcrumbList\",\"@id\":\"https:\\\/\\\/shop.bantam.ch\\\/fr\\\/produit\\\/chariot-a-roulettes-hamoa-fourgonnette-noir\\\/#breadcrumb\",\"itemListElement\":[{\"@type\":\"ListItem\",\"position\":1,\"name\":\"Accueil\",\"item\":\"https:\\\/\\\/shop.bantam.ch\\\/fr\\\/\"},{\"@type\":\"ListItem\",\"position\":2,\"name\":\"Boutique\",\"item\":\"https:\\\/\\\/shop.bantam.ch\\\/fr\\\/boutique\\\/\"},{\"@type\":\"ListItem\",\"position\":3,\"name\":\"Chariot \u00e0 main Outwell Hamoa Transporter Noir\"}]},{\"@type\":\"WebSite\",\"@id\":\"https:\\\/\\\/shop.bantam.ch\\\/fr\\\/#website\",\"url\":\"https:\\\/\\\/shop.bantam.ch\\\/fr\\\/\",\"name\":\"Bantam\",\"description\":\"\",\"publisher\":{\"@id\":\"https:\\\/\\\/shop.bantam.ch\\\/fr\\\/#organization\"},\"inLanguage\":\"fr-FR\"},{\"@type\":\"Organization\",\"@id\":\"https:\\\/\\\/shop.bantam.ch\\\/fr\\\/#organization\",\"name\":\"Bantam\",\"url\":\"https:\\\/\\\/shop.bantam.ch\\\/fr\\\/\",\"logo\":{\"@type\":\"ImageObject\",\"inLanguage\":\"fr-FR\",\"@id\":\"https:\\\/\\\/shop.bantam.ch\\\/fr\\\/#\\\/schema\\\/logo\\\/image\\\/\",\"url\":\"https:\\\/\\\/shop.bantam.ch\\\/wp-content\\\/uploads\\\/2022\\\/12\\\/bantam-logo.png\",\"contentUrl\":\"https:\\\/\\\/shop.bantam.ch\\\/wp-content\\\/uploads\\\/2022\\\/12\\\/bantam-logo.png\",\"width\":320,\"height\":71,\"caption\":\"Bantam\"},\"image\":{\"@id\":\"https:\\\/\\\/shop.bantam.ch\\\/fr\\\/#\\\/schema\\\/logo\\\/image\\\/\"}}]}<\/script>\n<!-- \/ Yoast SEO plugin. -->","yoast_head_json":{"title":"Chariot \u00e0 main Outwell Hamoa Transporter Noir - Bantam","robots":{"index":"index","follow":"follow","max-snippet":"max-snippet:-1","max-image-preview":"max-image-preview:large","max-video-preview":"max-video-preview:-1"},"canonical":"https:\/\/shop.bantam.ch\/fr\/produit\/chariot-a-roulettes-hamoa-fourgonnette-noir\/","og_locale":"fr_FR","og_type":"article","og_title":"Chariot \u00e0 main Outwell Hamoa Transporter Noir - Bantam","og_description":"Pli\u00e9 et d\u00e9pli\u00e9 en quelques secondes, le chariot \u00e0 roulettes d\u2019Outwell en acier robuste est une solution pratique pour transporter vos bagages, que ce soit \u00e0 la plage, dans un parc ou sur un terrain de camping. Les grandes roues robustes conviennent \u00e9galement parfaitement aux sols irr\u00e9guliers ou non stabilis\u00e9s. Mat\u00e9riau\u00a0:Rev\u00eatement : 100 % polyesterCadre\u00a0: [&hellip;]","og_url":"https:\/\/shop.bantam.ch\/fr\/produit\/chariot-a-roulettes-hamoa-fourgonnette-noir\/","og_site_name":"Bantam","article_modified_time":"2026-05-05T19:39:13+00:00","og_image":[{"width":1000,"height":563,"url":"https:\/\/shop.bantam.ch\/wp-content\/uploads\/2023\/02\/996094411.jpg","type":"image\/jpeg"}],"twitter_card":"summary_large_image","schema":{"@context":"https:\/\/schema.org","@graph":[{"@type":"WebPage","@id":"https:\/\/shop.bantam.ch\/fr\/produit\/chariot-a-roulettes-hamoa-fourgonnette-noir\/","url":"https:\/\/shop.bantam.ch\/fr\/produit\/chariot-a-roulettes-hamoa-fourgonnette-noir\/","name":"Chariot \u00e0 main Outwell Hamoa Transporter Noir - Bantam","isPartOf":{"@id":"https:\/\/shop.bantam.ch\/fr\/#website"},"primaryImageOfPage":{"@id":"https:\/\/shop.bantam.ch\/fr\/produit\/chariot-a-roulettes-hamoa-fourgonnette-noir\/#primaryimage"},"image":{"@id":"https:\/\/shop.bantam.ch\/fr\/produit\/chariot-a-roulettes-hamoa-fourgonnette-noir\/#primaryimage"},"thumbnailUrl":"https:\/\/shop.bantam.ch\/wp-content\/uploads\/2023\/02\/996094411.jpg","datePublished":"2023-02-28T19:36:23+00:00","dateModified":"2026-05-05T19:39:13+00:00","breadcrumb":{"@id":"https:\/\/shop.bantam.ch\/fr\/produit\/chariot-a-roulettes-hamoa-fourgonnette-noir\/#breadcrumb"},"inLanguage":"fr-FR","potentialAction":[{"@type":"ReadAction","target":["https:\/\/shop.bantam.ch\/fr\/produit\/chariot-a-roulettes-hamoa-fourgonnette-noir\/"]}]},{"@type":"ImageObject","inLanguage":"fr-FR","@id":"https:\/\/shop.bantam.ch\/fr\/produit\/chariot-a-roulettes-hamoa-fourgonnette-noir\/#primaryimage","url":"https:\/\/shop.bantam.ch\/wp-content\/uploads\/2023\/02\/996094411.jpg","contentUrl":"https:\/\/shop.bantam.ch\/wp-content\/uploads\/2023\/02\/996094411.jpg","width":1000,"height":563},{"@type":"BreadcrumbList","@id":"https:\/\/shop.bantam.ch\/fr\/produit\/chariot-a-roulettes-hamoa-fourgonnette-noir\/#breadcrumb","itemListElement":[{"@type":"ListItem","position":1,"name":"Accueil","item":"https:\/\/shop.bantam.ch\/fr\/"},{"@type":"ListItem","position":2,"name":"Boutique","item":"https:\/\/shop.bantam.ch\/fr\/boutique\/"},{"@type":"ListItem","position":3,"name":"Chariot \u00e0 main Outwell Hamoa Transporter Noir"}]},{"@type":"WebSite","@id":"https:\/\/shop.bantam.ch\/fr\/#website","url":"https:\/\/shop.bantam.ch\/fr\/","name":"Bantam","description":"","publisher":{"@id":"https:\/\/shop.bantam.ch\/fr\/#organization"},"inLanguage":"fr-FR"},{"@type":"Organization","@id":"https:\/\/shop.bantam.ch\/fr\/#organization","name":"Bantam","url":"https:\/\/shop.bantam.ch\/fr\/","logo":{"@type":"ImageObject","inLanguage":"fr-FR","@id":"https:\/\/shop.bantam.ch\/fr\/#\/schema\/logo\/image\/","url":"https:\/\/shop.bantam.ch\/wp-content\/uploads\/2022\/12\/bantam-logo.png","contentUrl":"https:\/\/shop.bantam.ch\/wp-content\/uploads\/2022\/12\/bantam-logo.png","width":320,"height":71,"caption":"Bantam"},"image":{"@id":"https:\/\/shop.bantam.ch\/fr\/#\/schema\/logo\/image\/"}}]}},"_links":{"self":[{"href":"https:\/\/shop.bantam.ch\/fr\/wp-json\/wp\/v2\/product\/111149","targetHints":{"allow":["GET"]}}],"collection":[{"href":"https:\/\/shop.bantam.ch\/fr\/wp-json\/wp\/v2\/product"}],"about":[{"href":"https:\/\/shop.bantam.ch\/fr\/wp-json\/wp\/v2\/types\/product"}],"wp:featuredmedia":[{"embeddable":true,"href":"https:\/\/shop.bantam.ch\/fr\/wp-json\/wp\/v2\/media\/111139"}],"wp:attachment":[{"href":"https:\/\/shop.bantam.ch\/fr\/wp-json\/wp\/v2\/media?parent=111149"}],"wp:term":[{"taxonomy":"product_featured_cat","embeddable":true,"href":"https:\/\/shop.bantam.ch\/fr\/wp-json\/wp\/v2\/product_featured_cat?post=111149"},{"taxonomy":"product_brand","embeddable":true,"href":"https:\/\/shop.bantam.ch\/fr\/wp-json\/wp\/v2\/product_brand?post=111149"},{"taxonomy":"product_cat","embeddable":true,"href":"https:\/\/shop.bantam.ch\/fr\/wp-json\/wp\/v2\/product_cat?post=111149"},{"taxonomy":"product_tag","embeddable":true,"href":"https:\/\/shop.bantam.ch\/fr\/wp-json\/wp\/v2\/product_tag?post=111149"}],"curies":[{"name":"wp","href":"https:\/\/api.w.org\/{rel}","templated":true}]}}