{"id":110953,"date":"2023-02-28T20:33:32","date_gmt":"2023-02-28T19:33:32","guid":{"rendered":"https:\/\/shop.bantam.ch\/produit\/support-de-toit-pour-lantenne-internet-roam\/"},"modified":"2026-04-17T23:12:22","modified_gmt":"2026-04-17T21:12:22","slug":"support-de-toit-pour-lantenne-internet-roam","status":"publish","type":"product","link":"https:\/\/shop.bantam.ch\/fr\/produit\/support-de-toit-pour-lantenne-internet-roam\/","title":{"rendered":"Support de toit pour l\u2019antenne internet Roam"},"content":{"rendered":"<p>Avec le support de toit, vous pouvez monter votre antenne 4G n&rsquo;importe o\u00f9 sur votre toit et ins\u00e9rer le c\u00e2ble \u00e0 l&rsquo;endroit d\u00e9sir\u00e9 avec la sortie de toit fournie. Vous pouvez \u00e9galement utiliser une sortie de toit existante. Le support en aluminium a \u00e9t\u00e9 sp\u00e9cialement con\u00e7u et fabriqu\u00e9 pour l&rsquo;antenne Roam. Il est l\u00e9ger, robuste et dot\u00e9 d\u2019un rev\u00eatement par poudre blanc. Convient \u00e0 tous les toits plats. Le<br \/>support peut \u00e9galement \u00eatre coll\u00e9 (colle non comprise).<\/p>\n<p>Contenu de la livraison :<br \/>Sortie de toit incluse<br \/>2 c\u00e2bles de rallonge de 3 m<br \/>Mat\u00e9riel de fixation<\/p>\n","protected":false},"excerpt":{"rendered":"<p>Avec le support de toit, vous pouvez monter votre antenne 4G n&rsquo;importe o\u00f9 sur votre toit et ins\u00e9rer le c\u00e2ble \u00e0 l&rsquo;endroit d\u00e9sir\u00e9 avec la sortie de toit fournie. Vous pouvez \u00e9galement utiliser une sortie de toit existante. Le support en aluminium a \u00e9t\u00e9 sp\u00e9cialement con\u00e7u et fabriqu\u00e9 pour l&rsquo;antenne Roam. Il est l\u00e9ger, robuste [&hellip;]<\/p>\n","protected":false},"featured_media":110949,"template":"","meta":{"_acf_changed":false},"product_featured_cat":[],"product_brand":[3082],"product_cat":[5151],"product_tag":[],"class_list":{"0":"post-110953","1":"product","2":"type-product","3":"status-publish","4":"has-post-thumbnail","6":"product_brand-maxview","7":"product_cat-antennes-wlan-et-lte","9":"first","10":"instock","11":"taxable","12":"shipping-taxable","13":"purchasable","14":"product-type-variable"},"acf":[],"yoast_head":"<!-- This site is optimized with the Yoast SEO plugin v27.4 - https:\/\/yoast.com\/product\/yoast-seo-wordpress\/ -->\n<title>Support de toit pour l\u2019antenne internet Roam - Bantam Wankm\u00fcller SA<\/title>\n<meta name=\"robots\" content=\"index, follow, max-snippet:-1, max-image-preview:large, max-video-preview:-1\" \/>\n<link rel=\"canonical\" href=\"https:\/\/shop.bantam.ch\/fr\/produit\/support-de-toit-pour-lantenne-internet-roam\/\" \/>\n<meta property=\"og:locale\" content=\"fr_FR\" \/>\n<meta property=\"og:type\" content=\"article\" \/>\n<meta property=\"og:title\" content=\"Support de toit pour l\u2019antenne internet Roam - Bantam Wankm\u00fcller SA\" \/>\n<meta property=\"og:description\" content=\"Avec le support de toit, vous pouvez monter votre antenne 4G n&rsquo;importe o\u00f9 sur votre toit et ins\u00e9rer le c\u00e2ble \u00e0 l&rsquo;endroit d\u00e9sir\u00e9 avec la sortie de toit fournie. Vous pouvez \u00e9galement utiliser une sortie de toit existante. Le support en aluminium a \u00e9t\u00e9 sp\u00e9cialement con\u00e7u et fabriqu\u00e9 pour l&rsquo;antenne Roam. Il est l\u00e9ger, robuste [&hellip;]\" \/>\n<meta property=\"og:url\" content=\"https:\/\/shop.bantam.ch\/fr\/produit\/support-de-toit-pour-lantenne-internet-roam\/\" \/>\n<meta property=\"og:site_name\" content=\"Bantam Wankm\u00fcller SA\" \/>\n<meta property=\"article:modified_time\" content=\"2026-04-17T21:12:22+00:00\" \/>\n<meta property=\"og:image\" content=\"https:\/\/shop.bantam.ch\/wp-content\/uploads\/2023\/02\/995582711.jpg\" \/>\n\t<meta property=\"og:image:width\" content=\"1000\" \/>\n\t<meta property=\"og:image:height\" content=\"410\" \/>\n\t<meta property=\"og:image:type\" content=\"image\/jpeg\" \/>\n<meta name=\"twitter:card\" content=\"summary_large_image\" \/>\n<script type=\"application\/ld+json\" class=\"yoast-schema-graph\">{\"@context\":\"https:\\\/\\\/schema.org\",\"@graph\":[{\"@type\":\"WebPage\",\"@id\":\"https:\\\/\\\/shop.bantam.ch\\\/fr\\\/produit\\\/support-de-toit-pour-lantenne-internet-roam\\\/\",\"url\":\"https:\\\/\\\/shop.bantam.ch\\\/fr\\\/produit\\\/support-de-toit-pour-lantenne-internet-roam\\\/\",\"name\":\"Support de toit pour l\u2019antenne internet Roam - Bantam Wankm\u00fcller SA\",\"isPartOf\":{\"@id\":\"https:\\\/\\\/shop.bantam.ch\\\/fr\\\/#website\"},\"primaryImageOfPage\":{\"@id\":\"https:\\\/\\\/shop.bantam.ch\\\/fr\\\/produit\\\/support-de-toit-pour-lantenne-internet-roam\\\/#primaryimage\"},\"image\":{\"@id\":\"https:\\\/\\\/shop.bantam.ch\\\/fr\\\/produit\\\/support-de-toit-pour-lantenne-internet-roam\\\/#primaryimage\"},\"thumbnailUrl\":\"https:\\\/\\\/shop.bantam.ch\\\/wp-content\\\/uploads\\\/2023\\\/02\\\/995582711.jpg\",\"datePublished\":\"2023-02-28T19:33:32+00:00\",\"dateModified\":\"2026-04-17T21:12:22+00:00\",\"breadcrumb\":{\"@id\":\"https:\\\/\\\/shop.bantam.ch\\\/fr\\\/produit\\\/support-de-toit-pour-lantenne-internet-roam\\\/#breadcrumb\"},\"inLanguage\":\"fr-FR\",\"potentialAction\":[{\"@type\":\"ReadAction\",\"target\":[\"https:\\\/\\\/shop.bantam.ch\\\/fr\\\/produit\\\/support-de-toit-pour-lantenne-internet-roam\\\/\"]}]},{\"@type\":\"ImageObject\",\"inLanguage\":\"fr-FR\",\"@id\":\"https:\\\/\\\/shop.bantam.ch\\\/fr\\\/produit\\\/support-de-toit-pour-lantenne-internet-roam\\\/#primaryimage\",\"url\":\"https:\\\/\\\/shop.bantam.ch\\\/wp-content\\\/uploads\\\/2023\\\/02\\\/995582711.jpg\",\"contentUrl\":\"https:\\\/\\\/shop.bantam.ch\\\/wp-content\\\/uploads\\\/2023\\\/02\\\/995582711.jpg\",\"width\":1000,\"height\":410},{\"@type\":\"BreadcrumbList\",\"@id\":\"https:\\\/\\\/shop.bantam.ch\\\/fr\\\/produit\\\/support-de-toit-pour-lantenne-internet-roam\\\/#breadcrumb\",\"itemListElement\":[{\"@type\":\"ListItem\",\"position\":1,\"name\":\"Accueil\",\"item\":\"https:\\\/\\\/shop.bantam.ch\\\/fr\\\/\"},{\"@type\":\"ListItem\",\"position\":2,\"name\":\"Boutique\",\"item\":\"https:\\\/\\\/shop.bantam.ch\\\/fr\\\/boutique\\\/\"},{\"@type\":\"ListItem\",\"position\":3,\"name\":\"Support de toit pour l\u2019antenne internet Roam\"}]},{\"@type\":\"WebSite\",\"@id\":\"https:\\\/\\\/shop.bantam.ch\\\/fr\\\/#website\",\"url\":\"https:\\\/\\\/shop.bantam.ch\\\/fr\\\/\",\"name\":\"Bantam Wankm\u00fcller SA\",\"description\":\"\",\"publisher\":{\"@id\":\"https:\\\/\\\/shop.bantam.ch\\\/fr\\\/#organization\"},\"inLanguage\":\"fr-FR\"},{\"@type\":\"Organization\",\"@id\":\"https:\\\/\\\/shop.bantam.ch\\\/fr\\\/#organization\",\"name\":\"Bantam Wankm\u00fcller SA\",\"url\":\"https:\\\/\\\/shop.bantam.ch\\\/fr\\\/\",\"logo\":{\"@type\":\"ImageObject\",\"inLanguage\":\"fr-FR\",\"@id\":\"https:\\\/\\\/shop.bantam.ch\\\/fr\\\/#\\\/schema\\\/logo\\\/image\\\/\",\"url\":\"https:\\\/\\\/shop.bantam.ch\\\/wp-content\\\/uploads\\\/2022\\\/12\\\/bantam-logo.png\",\"contentUrl\":\"https:\\\/\\\/shop.bantam.ch\\\/wp-content\\\/uploads\\\/2022\\\/12\\\/bantam-logo.png\",\"width\":320,\"height\":71,\"caption\":\"Bantam Wankm\u00fcller SA\"},\"image\":{\"@id\":\"https:\\\/\\\/shop.bantam.ch\\\/fr\\\/#\\\/schema\\\/logo\\\/image\\\/\"}}]}<\/script>\n<!-- \/ Yoast SEO plugin. -->","yoast_head_json":{"title":"Support de toit pour l\u2019antenne internet Roam - Bantam Wankm\u00fcller SA","robots":{"index":"index","follow":"follow","max-snippet":"max-snippet:-1","max-image-preview":"max-image-preview:large","max-video-preview":"max-video-preview:-1"},"canonical":"https:\/\/shop.bantam.ch\/fr\/produit\/support-de-toit-pour-lantenne-internet-roam\/","og_locale":"fr_FR","og_type":"article","og_title":"Support de toit pour l\u2019antenne internet Roam - Bantam Wankm\u00fcller SA","og_description":"Avec le support de toit, vous pouvez monter votre antenne 4G n&rsquo;importe o\u00f9 sur votre toit et ins\u00e9rer le c\u00e2ble \u00e0 l&rsquo;endroit d\u00e9sir\u00e9 avec la sortie de toit fournie. Vous pouvez \u00e9galement utiliser une sortie de toit existante. Le support en aluminium a \u00e9t\u00e9 sp\u00e9cialement con\u00e7u et fabriqu\u00e9 pour l&rsquo;antenne Roam. Il est l\u00e9ger, robuste [&hellip;]","og_url":"https:\/\/shop.bantam.ch\/fr\/produit\/support-de-toit-pour-lantenne-internet-roam\/","og_site_name":"Bantam Wankm\u00fcller SA","article_modified_time":"2026-04-17T21:12:22+00:00","og_image":[{"width":1000,"height":410,"url":"https:\/\/shop.bantam.ch\/wp-content\/uploads\/2023\/02\/995582711.jpg","type":"image\/jpeg"}],"twitter_card":"summary_large_image","schema":{"@context":"https:\/\/schema.org","@graph":[{"@type":"WebPage","@id":"https:\/\/shop.bantam.ch\/fr\/produit\/support-de-toit-pour-lantenne-internet-roam\/","url":"https:\/\/shop.bantam.ch\/fr\/produit\/support-de-toit-pour-lantenne-internet-roam\/","name":"Support de toit pour l\u2019antenne internet Roam - Bantam Wankm\u00fcller SA","isPartOf":{"@id":"https:\/\/shop.bantam.ch\/fr\/#website"},"primaryImageOfPage":{"@id":"https:\/\/shop.bantam.ch\/fr\/produit\/support-de-toit-pour-lantenne-internet-roam\/#primaryimage"},"image":{"@id":"https:\/\/shop.bantam.ch\/fr\/produit\/support-de-toit-pour-lantenne-internet-roam\/#primaryimage"},"thumbnailUrl":"https:\/\/shop.bantam.ch\/wp-content\/uploads\/2023\/02\/995582711.jpg","datePublished":"2023-02-28T19:33:32+00:00","dateModified":"2026-04-17T21:12:22+00:00","breadcrumb":{"@id":"https:\/\/shop.bantam.ch\/fr\/produit\/support-de-toit-pour-lantenne-internet-roam\/#breadcrumb"},"inLanguage":"fr-FR","potentialAction":[{"@type":"ReadAction","target":["https:\/\/shop.bantam.ch\/fr\/produit\/support-de-toit-pour-lantenne-internet-roam\/"]}]},{"@type":"ImageObject","inLanguage":"fr-FR","@id":"https:\/\/shop.bantam.ch\/fr\/produit\/support-de-toit-pour-lantenne-internet-roam\/#primaryimage","url":"https:\/\/shop.bantam.ch\/wp-content\/uploads\/2023\/02\/995582711.jpg","contentUrl":"https:\/\/shop.bantam.ch\/wp-content\/uploads\/2023\/02\/995582711.jpg","width":1000,"height":410},{"@type":"BreadcrumbList","@id":"https:\/\/shop.bantam.ch\/fr\/produit\/support-de-toit-pour-lantenne-internet-roam\/#breadcrumb","itemListElement":[{"@type":"ListItem","position":1,"name":"Accueil","item":"https:\/\/shop.bantam.ch\/fr\/"},{"@type":"ListItem","position":2,"name":"Boutique","item":"https:\/\/shop.bantam.ch\/fr\/boutique\/"},{"@type":"ListItem","position":3,"name":"Support de toit pour l\u2019antenne internet Roam"}]},{"@type":"WebSite","@id":"https:\/\/shop.bantam.ch\/fr\/#website","url":"https:\/\/shop.bantam.ch\/fr\/","name":"Bantam Wankm\u00fcller SA","description":"","publisher":{"@id":"https:\/\/shop.bantam.ch\/fr\/#organization"},"inLanguage":"fr-FR"},{"@type":"Organization","@id":"https:\/\/shop.bantam.ch\/fr\/#organization","name":"Bantam Wankm\u00fcller SA","url":"https:\/\/shop.bantam.ch\/fr\/","logo":{"@type":"ImageObject","inLanguage":"fr-FR","@id":"https:\/\/shop.bantam.ch\/fr\/#\/schema\/logo\/image\/","url":"https:\/\/shop.bantam.ch\/wp-content\/uploads\/2022\/12\/bantam-logo.png","contentUrl":"https:\/\/shop.bantam.ch\/wp-content\/uploads\/2022\/12\/bantam-logo.png","width":320,"height":71,"caption":"Bantam Wankm\u00fcller SA"},"image":{"@id":"https:\/\/shop.bantam.ch\/fr\/#\/schema\/logo\/image\/"}}]}},"_links":{"self":[{"href":"https:\/\/shop.bantam.ch\/fr\/wp-json\/wp\/v2\/product\/110953","targetHints":{"allow":["GET"]}}],"collection":[{"href":"https:\/\/shop.bantam.ch\/fr\/wp-json\/wp\/v2\/product"}],"about":[{"href":"https:\/\/shop.bantam.ch\/fr\/wp-json\/wp\/v2\/types\/product"}],"wp:featuredmedia":[{"embeddable":true,"href":"https:\/\/shop.bantam.ch\/fr\/wp-json\/wp\/v2\/media\/110949"}],"wp:attachment":[{"href":"https:\/\/shop.bantam.ch\/fr\/wp-json\/wp\/v2\/media?parent=110953"}],"wp:term":[{"taxonomy":"product_featured_cat","embeddable":true,"href":"https:\/\/shop.bantam.ch\/fr\/wp-json\/wp\/v2\/product_featured_cat?post=110953"},{"taxonomy":"product_brand","embeddable":true,"href":"https:\/\/shop.bantam.ch\/fr\/wp-json\/wp\/v2\/product_brand?post=110953"},{"taxonomy":"product_cat","embeddable":true,"href":"https:\/\/shop.bantam.ch\/fr\/wp-json\/wp\/v2\/product_cat?post=110953"},{"taxonomy":"product_tag","embeddable":true,"href":"https:\/\/shop.bantam.ch\/fr\/wp-json\/wp\/v2\/product_tag?post=110953"}],"curies":[{"name":"wp","href":"https:\/\/api.w.org\/{rel}","templated":true}]}}