{"id":110725,"date":"2023-02-28T20:30:22","date_gmt":"2023-02-28T19:30:22","guid":{"rendered":"https:\/\/shop.bantam.ch\/produit\/livre-de-cuisine-omnia-se-delecter-avec-des-plats-legers-sains\/"},"modified":"2026-04-20T21:41:51","modified_gmt":"2026-04-20T19:41:51","slug":"livre-de-cuisine-omnia-se-delecter-avec-des-plats-legers-sains","status":"publish","type":"product","link":"https:\/\/shop.bantam.ch\/fr\/produit\/livre-de-cuisine-omnia-se-delecter-avec-des-plats-legers-sains\/","title":{"rendered":"Livre de cuisine OMNIA L\u00e9g\u00e8ret\u00e9 et fitness? D\u00e9licieuse cuisine"},"content":{"rendered":"<p>Les vacances sont une bonne occasion d\u2019essayer de nouveaux et d\u00e9licieux plats ou modes de pr\u00e9paration\u00a0: Se laisser tenter par des nouveaut\u00e9s loin du stress du quotidien &#8211; pour en faire de bonnes habitudes une fois rentr\u00e9s \u00e0 la maison.<\/p>\n<p>Une alimentation \u00e9quilibr\u00e9e et saine est un th\u00e8me d\u2019actualit\u00e9<\/p>\n<p>Une alimentation \u00e9quilibr\u00e9e n\u2019exige ni r\u00e8gles strictes, ni plans alimentaires. Quelques directives simples suffisent pour donner au corps tout ce dont il a besoin pour rester sain et en forme. Ceci n\u2019est pas un livre de r\u00e9gime. Il procure sans dogmes des connaissances utiles sur une alimentation saine et propose plus de 30\u00a0recettes pour se familiariser avec la nouvelle cuisine OMNIA l\u00e9g\u00e8re, 64 pages.<\/p>\n","protected":false},"excerpt":{"rendered":"<p>Les vacances sont une bonne occasion d\u2019essayer de nouveaux et d\u00e9licieux plats ou modes de pr\u00e9paration\u00a0: Se laisser tenter par des nouveaut\u00e9s loin du stress du quotidien &#8211; pour en faire de bonnes habitudes une fois rentr\u00e9s \u00e0 la maison. Une alimentation \u00e9quilibr\u00e9e et saine est un th\u00e8me d\u2019actualit\u00e9 Une alimentation \u00e9quilibr\u00e9e n\u2019exige ni r\u00e8gles [&hellip;]<\/p>\n","protected":false},"featured_media":110723,"template":"","meta":{"_acf_changed":false},"product_featured_cat":[],"product_brand":[3292],"product_cat":[4347],"product_tag":[],"class_list":{"0":"post-110725","1":"product","2":"type-product","3":"status-publish","4":"has-post-thumbnail","6":"product_brand-omnia","7":"product_cat-livres-de-cuisine","9":"first","10":"instock","11":"taxable","12":"shipping-taxable","13":"purchasable","14":"product-type-simple"},"acf":[],"yoast_head":"<!-- This site is optimized with the Yoast SEO plugin v27.4 - https:\/\/yoast.com\/product\/yoast-seo-wordpress\/ -->\n<title>Livre de cuisine OMNIA L\u00e9g\u00e8ret\u00e9 et fitness? D\u00e9licieuse cuisine - Bantam Wankm\u00fcller SA<\/title>\n<meta name=\"robots\" content=\"index, follow, max-snippet:-1, max-image-preview:large, max-video-preview:-1\" \/>\n<link rel=\"canonical\" href=\"https:\/\/shop.bantam.ch\/fr\/produit\/livre-de-cuisine-omnia-se-delecter-avec-des-plats-legers-sains\/\" \/>\n<meta property=\"og:locale\" content=\"fr_FR\" \/>\n<meta property=\"og:type\" content=\"article\" \/>\n<meta property=\"og:title\" content=\"Livre de cuisine OMNIA L\u00e9g\u00e8ret\u00e9 et fitness? D\u00e9licieuse cuisine - Bantam Wankm\u00fcller SA\" \/>\n<meta property=\"og:description\" content=\"Les vacances sont une bonne occasion d\u2019essayer de nouveaux et d\u00e9licieux plats ou modes de pr\u00e9paration\u00a0: Se laisser tenter par des nouveaut\u00e9s loin du stress du quotidien &#8211; pour en faire de bonnes habitudes une fois rentr\u00e9s \u00e0 la maison. Une alimentation \u00e9quilibr\u00e9e et saine est un th\u00e8me d\u2019actualit\u00e9 Une alimentation \u00e9quilibr\u00e9e n\u2019exige ni r\u00e8gles [&hellip;]\" \/>\n<meta property=\"og:url\" content=\"https:\/\/shop.bantam.ch\/fr\/produit\/livre-de-cuisine-omnia-se-delecter-avec-des-plats-legers-sains\/\" \/>\n<meta property=\"og:site_name\" content=\"Bantam Wankm\u00fcller SA\" \/>\n<meta property=\"article:modified_time\" content=\"2026-04-20T19:41:51+00:00\" \/>\n<meta property=\"og:image\" content=\"https:\/\/shop.bantam.ch\/wp-content\/uploads\/2023\/02\/995753911-scaled.jpg\" \/>\n\t<meta property=\"og:image:width\" content=\"2322\" \/>\n\t<meta property=\"og:image:height\" content=\"2322\" \/>\n\t<meta property=\"og:image:type\" content=\"image\/jpeg\" \/>\n<meta name=\"twitter:card\" content=\"summary_large_image\" \/>\n<meta name=\"twitter:label1\" content=\"Dur\u00e9e de lecture estim\u00e9e\" \/>\n\t<meta name=\"twitter:data1\" content=\"1 minute\" \/>\n<script type=\"application\/ld+json\" class=\"yoast-schema-graph\">{\"@context\":\"https:\\\/\\\/schema.org\",\"@graph\":[{\"@type\":\"WebPage\",\"@id\":\"https:\\\/\\\/shop.bantam.ch\\\/fr\\\/produit\\\/livre-de-cuisine-omnia-se-delecter-avec-des-plats-legers-sains\\\/\",\"url\":\"https:\\\/\\\/shop.bantam.ch\\\/fr\\\/produit\\\/livre-de-cuisine-omnia-se-delecter-avec-des-plats-legers-sains\\\/\",\"name\":\"Livre de cuisine OMNIA L\u00e9g\u00e8ret\u00e9 et fitness? D\u00e9licieuse cuisine - Bantam Wankm\u00fcller SA\",\"isPartOf\":{\"@id\":\"https:\\\/\\\/shop.bantam.ch\\\/fr\\\/#website\"},\"primaryImageOfPage\":{\"@id\":\"https:\\\/\\\/shop.bantam.ch\\\/fr\\\/produit\\\/livre-de-cuisine-omnia-se-delecter-avec-des-plats-legers-sains\\\/#primaryimage\"},\"image\":{\"@id\":\"https:\\\/\\\/shop.bantam.ch\\\/fr\\\/produit\\\/livre-de-cuisine-omnia-se-delecter-avec-des-plats-legers-sains\\\/#primaryimage\"},\"thumbnailUrl\":\"https:\\\/\\\/shop.bantam.ch\\\/wp-content\\\/uploads\\\/2023\\\/02\\\/995753911-scaled.jpg\",\"datePublished\":\"2023-02-28T19:30:22+00:00\",\"dateModified\":\"2026-04-20T19:41:51+00:00\",\"breadcrumb\":{\"@id\":\"https:\\\/\\\/shop.bantam.ch\\\/fr\\\/produit\\\/livre-de-cuisine-omnia-se-delecter-avec-des-plats-legers-sains\\\/#breadcrumb\"},\"inLanguage\":\"fr-FR\",\"potentialAction\":[{\"@type\":\"ReadAction\",\"target\":[\"https:\\\/\\\/shop.bantam.ch\\\/fr\\\/produit\\\/livre-de-cuisine-omnia-se-delecter-avec-des-plats-legers-sains\\\/\"]}]},{\"@type\":\"ImageObject\",\"inLanguage\":\"fr-FR\",\"@id\":\"https:\\\/\\\/shop.bantam.ch\\\/fr\\\/produit\\\/livre-de-cuisine-omnia-se-delecter-avec-des-plats-legers-sains\\\/#primaryimage\",\"url\":\"https:\\\/\\\/shop.bantam.ch\\\/wp-content\\\/uploads\\\/2023\\\/02\\\/995753911-scaled.jpg\",\"contentUrl\":\"https:\\\/\\\/shop.bantam.ch\\\/wp-content\\\/uploads\\\/2023\\\/02\\\/995753911-scaled.jpg\",\"width\":2048,\"height\":2048},{\"@type\":\"BreadcrumbList\",\"@id\":\"https:\\\/\\\/shop.bantam.ch\\\/fr\\\/produit\\\/livre-de-cuisine-omnia-se-delecter-avec-des-plats-legers-sains\\\/#breadcrumb\",\"itemListElement\":[{\"@type\":\"ListItem\",\"position\":1,\"name\":\"Accueil\",\"item\":\"https:\\\/\\\/shop.bantam.ch\\\/fr\\\/\"},{\"@type\":\"ListItem\",\"position\":2,\"name\":\"Boutique\",\"item\":\"https:\\\/\\\/shop.bantam.ch\\\/fr\\\/boutique\\\/\"},{\"@type\":\"ListItem\",\"position\":3,\"name\":\"Livre de cuisine OMNIA L\u00e9g\u00e8ret\u00e9 et fitness? D\u00e9licieuse cuisine\"}]},{\"@type\":\"WebSite\",\"@id\":\"https:\\\/\\\/shop.bantam.ch\\\/fr\\\/#website\",\"url\":\"https:\\\/\\\/shop.bantam.ch\\\/fr\\\/\",\"name\":\"Bantam Wankm\u00fcller SA\",\"description\":\"\",\"publisher\":{\"@id\":\"https:\\\/\\\/shop.bantam.ch\\\/fr\\\/#organization\"},\"inLanguage\":\"fr-FR\"},{\"@type\":\"Organization\",\"@id\":\"https:\\\/\\\/shop.bantam.ch\\\/fr\\\/#organization\",\"name\":\"Bantam Wankm\u00fcller SA\",\"url\":\"https:\\\/\\\/shop.bantam.ch\\\/fr\\\/\",\"logo\":{\"@type\":\"ImageObject\",\"inLanguage\":\"fr-FR\",\"@id\":\"https:\\\/\\\/shop.bantam.ch\\\/fr\\\/#\\\/schema\\\/logo\\\/image\\\/\",\"url\":\"https:\\\/\\\/shop.bantam.ch\\\/wp-content\\\/uploads\\\/2022\\\/12\\\/bantam-logo.png\",\"contentUrl\":\"https:\\\/\\\/shop.bantam.ch\\\/wp-content\\\/uploads\\\/2022\\\/12\\\/bantam-logo.png\",\"width\":320,\"height\":71,\"caption\":\"Bantam Wankm\u00fcller SA\"},\"image\":{\"@id\":\"https:\\\/\\\/shop.bantam.ch\\\/fr\\\/#\\\/schema\\\/logo\\\/image\\\/\"}}]}<\/script>\n<!-- \/ Yoast SEO plugin. -->","yoast_head_json":{"title":"Livre de cuisine OMNIA L\u00e9g\u00e8ret\u00e9 et fitness? D\u00e9licieuse cuisine - Bantam Wankm\u00fcller SA","robots":{"index":"index","follow":"follow","max-snippet":"max-snippet:-1","max-image-preview":"max-image-preview:large","max-video-preview":"max-video-preview:-1"},"canonical":"https:\/\/shop.bantam.ch\/fr\/produit\/livre-de-cuisine-omnia-se-delecter-avec-des-plats-legers-sains\/","og_locale":"fr_FR","og_type":"article","og_title":"Livre de cuisine OMNIA L\u00e9g\u00e8ret\u00e9 et fitness? D\u00e9licieuse cuisine - Bantam Wankm\u00fcller SA","og_description":"Les vacances sont une bonne occasion d\u2019essayer de nouveaux et d\u00e9licieux plats ou modes de pr\u00e9paration\u00a0: Se laisser tenter par des nouveaut\u00e9s loin du stress du quotidien &#8211; pour en faire de bonnes habitudes une fois rentr\u00e9s \u00e0 la maison. Une alimentation \u00e9quilibr\u00e9e et saine est un th\u00e8me d\u2019actualit\u00e9 Une alimentation \u00e9quilibr\u00e9e n\u2019exige ni r\u00e8gles [&hellip;]","og_url":"https:\/\/shop.bantam.ch\/fr\/produit\/livre-de-cuisine-omnia-se-delecter-avec-des-plats-legers-sains\/","og_site_name":"Bantam Wankm\u00fcller SA","article_modified_time":"2026-04-20T19:41:51+00:00","og_image":[{"width":2322,"height":2322,"url":"https:\/\/shop.bantam.ch\/wp-content\/uploads\/2023\/02\/995753911-scaled.jpg","type":"image\/jpeg"}],"twitter_card":"summary_large_image","twitter_misc":{"Dur\u00e9e de lecture estim\u00e9e":"1 minute"},"schema":{"@context":"https:\/\/schema.org","@graph":[{"@type":"WebPage","@id":"https:\/\/shop.bantam.ch\/fr\/produit\/livre-de-cuisine-omnia-se-delecter-avec-des-plats-legers-sains\/","url":"https:\/\/shop.bantam.ch\/fr\/produit\/livre-de-cuisine-omnia-se-delecter-avec-des-plats-legers-sains\/","name":"Livre de cuisine OMNIA L\u00e9g\u00e8ret\u00e9 et fitness? D\u00e9licieuse cuisine - Bantam Wankm\u00fcller SA","isPartOf":{"@id":"https:\/\/shop.bantam.ch\/fr\/#website"},"primaryImageOfPage":{"@id":"https:\/\/shop.bantam.ch\/fr\/produit\/livre-de-cuisine-omnia-se-delecter-avec-des-plats-legers-sains\/#primaryimage"},"image":{"@id":"https:\/\/shop.bantam.ch\/fr\/produit\/livre-de-cuisine-omnia-se-delecter-avec-des-plats-legers-sains\/#primaryimage"},"thumbnailUrl":"https:\/\/shop.bantam.ch\/wp-content\/uploads\/2023\/02\/995753911-scaled.jpg","datePublished":"2023-02-28T19:30:22+00:00","dateModified":"2026-04-20T19:41:51+00:00","breadcrumb":{"@id":"https:\/\/shop.bantam.ch\/fr\/produit\/livre-de-cuisine-omnia-se-delecter-avec-des-plats-legers-sains\/#breadcrumb"},"inLanguage":"fr-FR","potentialAction":[{"@type":"ReadAction","target":["https:\/\/shop.bantam.ch\/fr\/produit\/livre-de-cuisine-omnia-se-delecter-avec-des-plats-legers-sains\/"]}]},{"@type":"ImageObject","inLanguage":"fr-FR","@id":"https:\/\/shop.bantam.ch\/fr\/produit\/livre-de-cuisine-omnia-se-delecter-avec-des-plats-legers-sains\/#primaryimage","url":"https:\/\/shop.bantam.ch\/wp-content\/uploads\/2023\/02\/995753911-scaled.jpg","contentUrl":"https:\/\/shop.bantam.ch\/wp-content\/uploads\/2023\/02\/995753911-scaled.jpg","width":2048,"height":2048},{"@type":"BreadcrumbList","@id":"https:\/\/shop.bantam.ch\/fr\/produit\/livre-de-cuisine-omnia-se-delecter-avec-des-plats-legers-sains\/#breadcrumb","itemListElement":[{"@type":"ListItem","position":1,"name":"Accueil","item":"https:\/\/shop.bantam.ch\/fr\/"},{"@type":"ListItem","position":2,"name":"Boutique","item":"https:\/\/shop.bantam.ch\/fr\/boutique\/"},{"@type":"ListItem","position":3,"name":"Livre de cuisine OMNIA L\u00e9g\u00e8ret\u00e9 et fitness? D\u00e9licieuse cuisine"}]},{"@type":"WebSite","@id":"https:\/\/shop.bantam.ch\/fr\/#website","url":"https:\/\/shop.bantam.ch\/fr\/","name":"Bantam Wankm\u00fcller SA","description":"","publisher":{"@id":"https:\/\/shop.bantam.ch\/fr\/#organization"},"inLanguage":"fr-FR"},{"@type":"Organization","@id":"https:\/\/shop.bantam.ch\/fr\/#organization","name":"Bantam Wankm\u00fcller SA","url":"https:\/\/shop.bantam.ch\/fr\/","logo":{"@type":"ImageObject","inLanguage":"fr-FR","@id":"https:\/\/shop.bantam.ch\/fr\/#\/schema\/logo\/image\/","url":"https:\/\/shop.bantam.ch\/wp-content\/uploads\/2022\/12\/bantam-logo.png","contentUrl":"https:\/\/shop.bantam.ch\/wp-content\/uploads\/2022\/12\/bantam-logo.png","width":320,"height":71,"caption":"Bantam Wankm\u00fcller SA"},"image":{"@id":"https:\/\/shop.bantam.ch\/fr\/#\/schema\/logo\/image\/"}}]}},"_links":{"self":[{"href":"https:\/\/shop.bantam.ch\/fr\/wp-json\/wp\/v2\/product\/110725","targetHints":{"allow":["GET"]}}],"collection":[{"href":"https:\/\/shop.bantam.ch\/fr\/wp-json\/wp\/v2\/product"}],"about":[{"href":"https:\/\/shop.bantam.ch\/fr\/wp-json\/wp\/v2\/types\/product"}],"wp:featuredmedia":[{"embeddable":true,"href":"https:\/\/shop.bantam.ch\/fr\/wp-json\/wp\/v2\/media\/110723"}],"wp:attachment":[{"href":"https:\/\/shop.bantam.ch\/fr\/wp-json\/wp\/v2\/media?parent=110725"}],"wp:term":[{"taxonomy":"product_featured_cat","embeddable":true,"href":"https:\/\/shop.bantam.ch\/fr\/wp-json\/wp\/v2\/product_featured_cat?post=110725"},{"taxonomy":"product_brand","embeddable":true,"href":"https:\/\/shop.bantam.ch\/fr\/wp-json\/wp\/v2\/product_brand?post=110725"},{"taxonomy":"product_cat","embeddable":true,"href":"https:\/\/shop.bantam.ch\/fr\/wp-json\/wp\/v2\/product_cat?post=110725"},{"taxonomy":"product_tag","embeddable":true,"href":"https:\/\/shop.bantam.ch\/fr\/wp-json\/wp\/v2\/product_tag?post=110725"}],"curies":[{"name":"wp","href":"https:\/\/api.w.org\/{rel}","templated":true}]}}