{"id":110699,"date":"2023-02-28T20:29:28","date_gmt":"2023-02-28T19:29:28","guid":{"rendered":"https:\/\/shop.bantam.ch\/produit\/televiseur-tek22de-mini-22-pouces\/"},"modified":"2026-05-10T21:40:51","modified_gmt":"2026-05-10T19:40:51","slug":"televiseur-tek22de-mini-22-pouces","status":"publish","type":"product","link":"https:\/\/shop.bantam.ch\/fr\/produit\/televiseur-tek22de-mini-22-pouces\/","title":{"rendered":"T\u00e9l\u00e9viseur Teleco TEK22DE MINI 22 pouces sans accessoires"},"content":{"rendered":"<ul>\n<li>TV HD 22 pouces pour caravanes et camping-cars avec lecteur DVD, R\u00e9cepteur satellite DVB-S2 et r\u00e9cepteur terrestre DVB-T2 HEVC int\u00e9gr\u00e9 FRANSAT et M7 avec fonction Fast Scan<\/li>\n<li>Alimentation 9-32 VDC ou 230 VAC<\/li>\n<li>Lecteur DVD.<\/li>\n<li>Port USB avec fonction multim\u00e9dia PVR pour enregistrer et reproduire des contenus audio et vid\u00e9o<\/li>\n<li>Fonction Timeshift<\/li>\n<li>\u00c9cran FHD 21,5 pouces (diagonale 56 cm)<\/li>\n<li>5 000 cha\u00eenes satellite et 1000 cha\u00eenes terrestres avec LCN<\/li>\n<li>OSD en 8 langues<\/li>\n<li>T\u00e9l\u00e9texte<\/li>\n<li>Timer<\/li>\n<li>S\u00e9curit\u00e9 enfant<\/li>\n<li>Puissance audio 2,5 W avec raccords pour \u00e9galiseur<\/li>\n<li>2 prises HDMI<\/li>\n<li>1 prises SCART<\/li>\n<li>1 entr\u00e9e AV pour \u00e9couteurs<\/li>\n<li>1 entr\u00e9e AV<\/li>\n<li>1 Prise YPBPR (mini)<\/li>\n<li>1 Port CI+<\/li>\n<li>1 prise RL AUDIO Out<\/li>\n<li>2 prises USB multimedia<\/li>\n<li>1 prise d&rsquo;alimentation 9-32 Vcc<\/li>\n<li>1 interrupteur ON\/OFF Donn\u00e9es techniques<\/li>\n<li>1 R\u00e9solution WGA (1920 x 1080)<\/li>\n<li>Angle de vue H178\u00b0, V178\u00b0<\/li>\n<li>1 Luminosit\u00e9 200 CD\/M2<\/li>\n<li>1 Contraste 1000:1<\/li>\n<li>1 Temps de r\u00e9action\u00a05 ms<\/li>\n<li>Satellite DVB-S2 <\/li>\n<li>DVB-T2 H.265 (terrestre)<\/li>\n<li>Poids : 2,85 kg<\/li>\n<li>Dimensions sans pied : 50,7 x 30,8 x 5 cm<\/li>\n<\/ul>\n","protected":false},"excerpt":{"rendered":"<p>TV HD 22 pouces pour caravanes et camping-cars avec lecteur DVD, R\u00e9cepteur satellite DVB-S2 et r\u00e9cepteur terrestre DVB-T2 HEVC int\u00e9gr\u00e9 FRANSAT et M7 avec fonction Fast Scan Alimentation 9-32 VDC ou 230 VAC Lecteur DVD. Port USB avec fonction multim\u00e9dia PVR pour enregistrer et reproduire des contenus audio et vid\u00e9o Fonction Timeshift \u00c9cran FHD 21,5 [&hellip;]<\/p>\n","protected":false},"featured_media":110697,"template":"","meta":{"_acf_changed":false},"product_featured_cat":[],"product_brand":[3230],"product_cat":[4505],"product_tag":[],"class_list":{"0":"post-110699","1":"product","2":"type-product","3":"status-publish","4":"has-post-thumbnail","6":"product_brand-teleco","7":"product_cat-televiseurs","9":"first","10":"instock","11":"taxable","12":"shipping-taxable","13":"purchasable","14":"product-type-simple"},"acf":[],"yoast_head":"<!-- This site is optimized with the Yoast SEO plugin v27.5 - https:\/\/yoast.com\/product\/yoast-seo-wordpress\/ -->\n<title>T\u00e9l\u00e9viseur Teleco TEK22DE MINI 22 pouces sans accessoires - Bantam<\/title>\n<meta name=\"robots\" content=\"index, follow, max-snippet:-1, max-image-preview:large, max-video-preview:-1\" \/>\n<link rel=\"canonical\" href=\"https:\/\/shop.bantam.ch\/fr\/produit\/televiseur-tek22de-mini-22-pouces\/\" \/>\n<meta property=\"og:locale\" content=\"fr_FR\" \/>\n<meta property=\"og:type\" content=\"article\" \/>\n<meta property=\"og:title\" content=\"T\u00e9l\u00e9viseur Teleco TEK22DE MINI 22 pouces sans accessoires - Bantam\" \/>\n<meta property=\"og:description\" content=\"TV HD 22 pouces pour caravanes et camping-cars avec lecteur DVD, R\u00e9cepteur satellite DVB-S2 et r\u00e9cepteur terrestre DVB-T2 HEVC int\u00e9gr\u00e9 FRANSAT et M7 avec fonction Fast Scan Alimentation 9-32 VDC ou 230 VAC Lecteur DVD. Port USB avec fonction multim\u00e9dia PVR pour enregistrer et reproduire des contenus audio et vid\u00e9o Fonction Timeshift \u00c9cran FHD 21,5 [&hellip;]\" \/>\n<meta property=\"og:url\" content=\"https:\/\/shop.bantam.ch\/fr\/produit\/televiseur-tek22de-mini-22-pouces\/\" \/>\n<meta property=\"og:site_name\" content=\"Bantam\" \/>\n<meta property=\"article:modified_time\" content=\"2026-05-10T19:40:51+00:00\" \/>\n<meta property=\"og:image\" content=\"https:\/\/shop.bantam.ch\/wp-content\/uploads\/2023\/02\/995765511-1-scaled.jpg\" \/>\n\t<meta property=\"og:image:width\" content=\"1024\" \/>\n\t<meta property=\"og:image:height\" content=\"537\" \/>\n\t<meta property=\"og:image:type\" content=\"image\/jpeg\" \/>\n<meta name=\"twitter:card\" content=\"summary_large_image\" \/>\n<meta name=\"twitter:label1\" content=\"Dur\u00e9e de lecture estim\u00e9e\" \/>\n\t<meta name=\"twitter:data1\" content=\"1 minute\" \/>\n<script type=\"application\/ld+json\" class=\"yoast-schema-graph\">{\"@context\":\"https:\\\/\\\/schema.org\",\"@graph\":[{\"@type\":\"WebPage\",\"@id\":\"https:\\\/\\\/shop.bantam.ch\\\/fr\\\/produit\\\/televiseur-tek22de-mini-22-pouces\\\/\",\"url\":\"https:\\\/\\\/shop.bantam.ch\\\/fr\\\/produit\\\/televiseur-tek22de-mini-22-pouces\\\/\",\"name\":\"T\u00e9l\u00e9viseur Teleco TEK22DE MINI 22 pouces sans accessoires - Bantam\",\"isPartOf\":{\"@id\":\"https:\\\/\\\/shop.bantam.ch\\\/fr\\\/#website\"},\"primaryImageOfPage\":{\"@id\":\"https:\\\/\\\/shop.bantam.ch\\\/fr\\\/produit\\\/televiseur-tek22de-mini-22-pouces\\\/#primaryimage\"},\"image\":{\"@id\":\"https:\\\/\\\/shop.bantam.ch\\\/fr\\\/produit\\\/televiseur-tek22de-mini-22-pouces\\\/#primaryimage\"},\"thumbnailUrl\":\"https:\\\/\\\/shop.bantam.ch\\\/wp-content\\\/uploads\\\/2023\\\/02\\\/995765511-1-scaled.jpg\",\"datePublished\":\"2023-02-28T19:29:28+00:00\",\"dateModified\":\"2026-05-10T19:40:51+00:00\",\"breadcrumb\":{\"@id\":\"https:\\\/\\\/shop.bantam.ch\\\/fr\\\/produit\\\/televiseur-tek22de-mini-22-pouces\\\/#breadcrumb\"},\"inLanguage\":\"fr-FR\",\"potentialAction\":[{\"@type\":\"ReadAction\",\"target\":[\"https:\\\/\\\/shop.bantam.ch\\\/fr\\\/produit\\\/televiseur-tek22de-mini-22-pouces\\\/\"]}]},{\"@type\":\"ImageObject\",\"inLanguage\":\"fr-FR\",\"@id\":\"https:\\\/\\\/shop.bantam.ch\\\/fr\\\/produit\\\/televiseur-tek22de-mini-22-pouces\\\/#primaryimage\",\"url\":\"https:\\\/\\\/shop.bantam.ch\\\/wp-content\\\/uploads\\\/2023\\\/02\\\/995765511-1-scaled.jpg\",\"contentUrl\":\"https:\\\/\\\/shop.bantam.ch\\\/wp-content\\\/uploads\\\/2023\\\/02\\\/995765511-1-scaled.jpg\",\"width\":2048,\"height\":1075},{\"@type\":\"BreadcrumbList\",\"@id\":\"https:\\\/\\\/shop.bantam.ch\\\/fr\\\/produit\\\/televiseur-tek22de-mini-22-pouces\\\/#breadcrumb\",\"itemListElement\":[{\"@type\":\"ListItem\",\"position\":1,\"name\":\"Accueil\",\"item\":\"https:\\\/\\\/shop.bantam.ch\\\/fr\\\/\"},{\"@type\":\"ListItem\",\"position\":2,\"name\":\"Boutique\",\"item\":\"https:\\\/\\\/shop.bantam.ch\\\/fr\\\/boutique\\\/\"},{\"@type\":\"ListItem\",\"position\":3,\"name\":\"T\u00e9l\u00e9viseur Teleco TEK22DE MINI 22 pouces sans accessoires\"}]},{\"@type\":\"WebSite\",\"@id\":\"https:\\\/\\\/shop.bantam.ch\\\/fr\\\/#website\",\"url\":\"https:\\\/\\\/shop.bantam.ch\\\/fr\\\/\",\"name\":\"Bantam\",\"description\":\"\",\"publisher\":{\"@id\":\"https:\\\/\\\/shop.bantam.ch\\\/fr\\\/#organization\"},\"inLanguage\":\"fr-FR\"},{\"@type\":\"Organization\",\"@id\":\"https:\\\/\\\/shop.bantam.ch\\\/fr\\\/#organization\",\"name\":\"Bantam\",\"url\":\"https:\\\/\\\/shop.bantam.ch\\\/fr\\\/\",\"logo\":{\"@type\":\"ImageObject\",\"inLanguage\":\"fr-FR\",\"@id\":\"https:\\\/\\\/shop.bantam.ch\\\/fr\\\/#\\\/schema\\\/logo\\\/image\\\/\",\"url\":\"https:\\\/\\\/shop.bantam.ch\\\/wp-content\\\/uploads\\\/2022\\\/12\\\/bantam-logo.png\",\"contentUrl\":\"https:\\\/\\\/shop.bantam.ch\\\/wp-content\\\/uploads\\\/2022\\\/12\\\/bantam-logo.png\",\"width\":320,\"height\":71,\"caption\":\"Bantam\"},\"image\":{\"@id\":\"https:\\\/\\\/shop.bantam.ch\\\/fr\\\/#\\\/schema\\\/logo\\\/image\\\/\"}}]}<\/script>\n<!-- \/ Yoast SEO plugin. -->","yoast_head_json":{"title":"T\u00e9l\u00e9viseur Teleco TEK22DE MINI 22 pouces sans accessoires - Bantam","robots":{"index":"index","follow":"follow","max-snippet":"max-snippet:-1","max-image-preview":"max-image-preview:large","max-video-preview":"max-video-preview:-1"},"canonical":"https:\/\/shop.bantam.ch\/fr\/produit\/televiseur-tek22de-mini-22-pouces\/","og_locale":"fr_FR","og_type":"article","og_title":"T\u00e9l\u00e9viseur Teleco TEK22DE MINI 22 pouces sans accessoires - Bantam","og_description":"TV HD 22 pouces pour caravanes et camping-cars avec lecteur DVD, R\u00e9cepteur satellite DVB-S2 et r\u00e9cepteur terrestre DVB-T2 HEVC int\u00e9gr\u00e9 FRANSAT et M7 avec fonction Fast Scan Alimentation 9-32 VDC ou 230 VAC Lecteur DVD. Port USB avec fonction multim\u00e9dia PVR pour enregistrer et reproduire des contenus audio et vid\u00e9o Fonction Timeshift \u00c9cran FHD 21,5 [&hellip;]","og_url":"https:\/\/shop.bantam.ch\/fr\/produit\/televiseur-tek22de-mini-22-pouces\/","og_site_name":"Bantam","article_modified_time":"2026-05-10T19:40:51+00:00","og_image":[{"url":"https:\/\/shop.bantam.ch\/wp-content\/uploads\/2023\/02\/995765511-1-scaled.jpg","width":1024,"height":537,"type":"image\/jpeg"}],"twitter_card":"summary_large_image","twitter_misc":{"Dur\u00e9e de lecture estim\u00e9e":"1 minute"},"schema":{"@context":"https:\/\/schema.org","@graph":[{"@type":"WebPage","@id":"https:\/\/shop.bantam.ch\/fr\/produit\/televiseur-tek22de-mini-22-pouces\/","url":"https:\/\/shop.bantam.ch\/fr\/produit\/televiseur-tek22de-mini-22-pouces\/","name":"T\u00e9l\u00e9viseur Teleco TEK22DE MINI 22 pouces sans accessoires - Bantam","isPartOf":{"@id":"https:\/\/shop.bantam.ch\/fr\/#website"},"primaryImageOfPage":{"@id":"https:\/\/shop.bantam.ch\/fr\/produit\/televiseur-tek22de-mini-22-pouces\/#primaryimage"},"image":{"@id":"https:\/\/shop.bantam.ch\/fr\/produit\/televiseur-tek22de-mini-22-pouces\/#primaryimage"},"thumbnailUrl":"https:\/\/shop.bantam.ch\/wp-content\/uploads\/2023\/02\/995765511-1-scaled.jpg","datePublished":"2023-02-28T19:29:28+00:00","dateModified":"2026-05-10T19:40:51+00:00","breadcrumb":{"@id":"https:\/\/shop.bantam.ch\/fr\/produit\/televiseur-tek22de-mini-22-pouces\/#breadcrumb"},"inLanguage":"fr-FR","potentialAction":[{"@type":"ReadAction","target":["https:\/\/shop.bantam.ch\/fr\/produit\/televiseur-tek22de-mini-22-pouces\/"]}]},{"@type":"ImageObject","inLanguage":"fr-FR","@id":"https:\/\/shop.bantam.ch\/fr\/produit\/televiseur-tek22de-mini-22-pouces\/#primaryimage","url":"https:\/\/shop.bantam.ch\/wp-content\/uploads\/2023\/02\/995765511-1-scaled.jpg","contentUrl":"https:\/\/shop.bantam.ch\/wp-content\/uploads\/2023\/02\/995765511-1-scaled.jpg","width":2048,"height":1075},{"@type":"BreadcrumbList","@id":"https:\/\/shop.bantam.ch\/fr\/produit\/televiseur-tek22de-mini-22-pouces\/#breadcrumb","itemListElement":[{"@type":"ListItem","position":1,"name":"Accueil","item":"https:\/\/shop.bantam.ch\/fr\/"},{"@type":"ListItem","position":2,"name":"Boutique","item":"https:\/\/shop.bantam.ch\/fr\/boutique\/"},{"@type":"ListItem","position":3,"name":"T\u00e9l\u00e9viseur Teleco TEK22DE MINI 22 pouces sans accessoires"}]},{"@type":"WebSite","@id":"https:\/\/shop.bantam.ch\/fr\/#website","url":"https:\/\/shop.bantam.ch\/fr\/","name":"Bantam","description":"","publisher":{"@id":"https:\/\/shop.bantam.ch\/fr\/#organization"},"inLanguage":"fr-FR"},{"@type":"Organization","@id":"https:\/\/shop.bantam.ch\/fr\/#organization","name":"Bantam","url":"https:\/\/shop.bantam.ch\/fr\/","logo":{"@type":"ImageObject","inLanguage":"fr-FR","@id":"https:\/\/shop.bantam.ch\/fr\/#\/schema\/logo\/image\/","url":"https:\/\/shop.bantam.ch\/wp-content\/uploads\/2022\/12\/bantam-logo.png","contentUrl":"https:\/\/shop.bantam.ch\/wp-content\/uploads\/2022\/12\/bantam-logo.png","width":320,"height":71,"caption":"Bantam"},"image":{"@id":"https:\/\/shop.bantam.ch\/fr\/#\/schema\/logo\/image\/"}}]}},"_links":{"self":[{"href":"https:\/\/shop.bantam.ch\/fr\/wp-json\/wp\/v2\/product\/110699","targetHints":{"allow":["GET"]}}],"collection":[{"href":"https:\/\/shop.bantam.ch\/fr\/wp-json\/wp\/v2\/product"}],"about":[{"href":"https:\/\/shop.bantam.ch\/fr\/wp-json\/wp\/v2\/types\/product"}],"wp:featuredmedia":[{"embeddable":true,"href":"https:\/\/shop.bantam.ch\/fr\/wp-json\/wp\/v2\/media\/110697"}],"wp:attachment":[{"href":"https:\/\/shop.bantam.ch\/fr\/wp-json\/wp\/v2\/media?parent=110699"}],"wp:term":[{"taxonomy":"product_featured_cat","embeddable":true,"href":"https:\/\/shop.bantam.ch\/fr\/wp-json\/wp\/v2\/product_featured_cat?post=110699"},{"taxonomy":"product_brand","embeddable":true,"href":"https:\/\/shop.bantam.ch\/fr\/wp-json\/wp\/v2\/product_brand?post=110699"},{"taxonomy":"product_cat","embeddable":true,"href":"https:\/\/shop.bantam.ch\/fr\/wp-json\/wp\/v2\/product_cat?post=110699"},{"taxonomy":"product_tag","embeddable":true,"href":"https:\/\/shop.bantam.ch\/fr\/wp-json\/wp\/v2\/product_tag?post=110699"}],"curies":[{"name":"wp","href":"https:\/\/api.w.org\/{rel}","templated":true}]}}