{"id":110687,"date":"2023-02-28T20:29:10","date_gmt":"2023-02-28T19:29:10","guid":{"rendered":"https:\/\/shop.bantam.ch\/produit\/pavillons-kampa-air-shelter\/"},"modified":"2026-04-21T23:15:33","modified_gmt":"2026-04-21T21:15:33","slug":"pavillons-kampa-air-shelter","status":"publish","type":"product","link":"https:\/\/shop.bantam.ch\/fr\/produit\/pavillons-kampa-air-shelter\/","title":{"rendered":"Pavillons Kampa Air Shelter"},"content":{"rendered":"<p>Le pavillon AIR se monte en un clin d\u2019\u0153il \u00e0 l&rsquo;aide de la pompe manuelle fournie. Il suffit d\u2019ancrer les quatre coins avec des sardines et de gonfler le pavillon \u00e0 l\u2019ext\u00e9rieur par les deux points de gonflage. Sous le pavillon, des sangles de serrage permettent de conserver la forme rectangulaire. Les haubans et les sardines inclus dans la livraison offrent une stabilit\u00e9 suppl\u00e9mentaire. Gr\u00e2ce au mat\u00e9riau innovant Weathershield 68D, le poids et la taille du sac sont r\u00e9duits au minimum.<\/p>\n<p>Contenu de la livraison :<br \/>1 x pavillon<br \/>4 x parois lat\u00e9rales<br \/>1 x pompe<br \/>1x paquet de tiges<br \/>1x manuel<br \/>1x sac de transport<\/p>\n","protected":false},"excerpt":{"rendered":"<p>Le pavillon AIR se monte en un clin d\u2019\u0153il \u00e0 l&rsquo;aide de la pompe manuelle fournie. Il suffit d\u2019ancrer les quatre coins avec des sardines et de gonfler le pavillon \u00e0 l\u2019ext\u00e9rieur par les deux points de gonflage. Sous le pavillon, des sangles de serrage permettent de conserver la forme rectangulaire. Les haubans et les [&hellip;]<\/p>\n","protected":false},"featured_media":110679,"template":"","meta":{"_acf_changed":false},"product_featured_cat":[],"product_brand":[3558],"product_cat":[3983],"product_tag":[],"class_list":{"0":"post-110687","1":"product","2":"type-product","3":"status-publish","4":"has-post-thumbnail","6":"product_brand-kampa","7":"product_cat-pavillons","9":"first","10":"instock","11":"taxable","12":"shipping-taxable","13":"purchasable","14":"product-type-variable"},"acf":[],"yoast_head":"<!-- This site is optimized with the Yoast SEO plugin v27.4 - https:\/\/yoast.com\/product\/yoast-seo-wordpress\/ -->\n<title>Pavillons Kampa Air Shelter - Bantam Wankm\u00fcller SA<\/title>\n<meta name=\"robots\" content=\"index, follow, max-snippet:-1, max-image-preview:large, max-video-preview:-1\" \/>\n<link rel=\"canonical\" href=\"https:\/\/shop.bantam.ch\/fr\/produit\/pavillons-kampa-air-shelter\/\" \/>\n<meta property=\"og:locale\" content=\"fr_FR\" \/>\n<meta property=\"og:type\" content=\"article\" \/>\n<meta property=\"og:title\" content=\"Pavillons Kampa Air Shelter - Bantam Wankm\u00fcller SA\" \/>\n<meta property=\"og:description\" content=\"Le pavillon AIR se monte en un clin d\u2019\u0153il \u00e0 l&rsquo;aide de la pompe manuelle fournie. Il suffit d\u2019ancrer les quatre coins avec des sardines et de gonfler le pavillon \u00e0 l\u2019ext\u00e9rieur par les deux points de gonflage. Sous le pavillon, des sangles de serrage permettent de conserver la forme rectangulaire. Les haubans et les [&hellip;]\" \/>\n<meta property=\"og:url\" content=\"https:\/\/shop.bantam.ch\/fr\/produit\/pavillons-kampa-air-shelter\/\" \/>\n<meta property=\"og:site_name\" content=\"Bantam Wankm\u00fcller SA\" \/>\n<meta property=\"article:modified_time\" content=\"2026-04-21T21:15:33+00:00\" \/>\n<meta property=\"og:image\" content=\"https:\/\/shop.bantam.ch\/wp-content\/uploads\/2023\/02\/997023611.jpg\" \/>\n\t<meta property=\"og:image:width\" content=\"1000\" \/>\n\t<meta property=\"og:image:height\" content=\"637\" \/>\n\t<meta property=\"og:image:type\" content=\"image\/jpeg\" \/>\n<meta name=\"twitter:card\" content=\"summary_large_image\" \/>\n<meta name=\"twitter:label1\" content=\"Dur\u00e9e de lecture estim\u00e9e\" \/>\n\t<meta name=\"twitter:data1\" content=\"1 minute\" \/>\n<script type=\"application\/ld+json\" class=\"yoast-schema-graph\">{\"@context\":\"https:\\\/\\\/schema.org\",\"@graph\":[{\"@type\":\"WebPage\",\"@id\":\"https:\\\/\\\/shop.bantam.ch\\\/fr\\\/produit\\\/pavillons-kampa-air-shelter\\\/\",\"url\":\"https:\\\/\\\/shop.bantam.ch\\\/fr\\\/produit\\\/pavillons-kampa-air-shelter\\\/\",\"name\":\"Pavillons Kampa Air Shelter - Bantam Wankm\u00fcller SA\",\"isPartOf\":{\"@id\":\"https:\\\/\\\/shop.bantam.ch\\\/fr\\\/#website\"},\"primaryImageOfPage\":{\"@id\":\"https:\\\/\\\/shop.bantam.ch\\\/fr\\\/produit\\\/pavillons-kampa-air-shelter\\\/#primaryimage\"},\"image\":{\"@id\":\"https:\\\/\\\/shop.bantam.ch\\\/fr\\\/produit\\\/pavillons-kampa-air-shelter\\\/#primaryimage\"},\"thumbnailUrl\":\"https:\\\/\\\/shop.bantam.ch\\\/wp-content\\\/uploads\\\/2023\\\/02\\\/997023611.jpg\",\"datePublished\":\"2023-02-28T19:29:10+00:00\",\"dateModified\":\"2026-04-21T21:15:33+00:00\",\"breadcrumb\":{\"@id\":\"https:\\\/\\\/shop.bantam.ch\\\/fr\\\/produit\\\/pavillons-kampa-air-shelter\\\/#breadcrumb\"},\"inLanguage\":\"fr-FR\",\"potentialAction\":[{\"@type\":\"ReadAction\",\"target\":[\"https:\\\/\\\/shop.bantam.ch\\\/fr\\\/produit\\\/pavillons-kampa-air-shelter\\\/\"]}]},{\"@type\":\"ImageObject\",\"inLanguage\":\"fr-FR\",\"@id\":\"https:\\\/\\\/shop.bantam.ch\\\/fr\\\/produit\\\/pavillons-kampa-air-shelter\\\/#primaryimage\",\"url\":\"https:\\\/\\\/shop.bantam.ch\\\/wp-content\\\/uploads\\\/2023\\\/02\\\/997023611.jpg\",\"contentUrl\":\"https:\\\/\\\/shop.bantam.ch\\\/wp-content\\\/uploads\\\/2023\\\/02\\\/997023611.jpg\",\"width\":1000,\"height\":637},{\"@type\":\"BreadcrumbList\",\"@id\":\"https:\\\/\\\/shop.bantam.ch\\\/fr\\\/produit\\\/pavillons-kampa-air-shelter\\\/#breadcrumb\",\"itemListElement\":[{\"@type\":\"ListItem\",\"position\":1,\"name\":\"Accueil\",\"item\":\"https:\\\/\\\/shop.bantam.ch\\\/fr\\\/\"},{\"@type\":\"ListItem\",\"position\":2,\"name\":\"Boutique\",\"item\":\"https:\\\/\\\/shop.bantam.ch\\\/fr\\\/boutique\\\/\"},{\"@type\":\"ListItem\",\"position\":3,\"name\":\"Pavillons Kampa Air Shelter\"}]},{\"@type\":\"WebSite\",\"@id\":\"https:\\\/\\\/shop.bantam.ch\\\/fr\\\/#website\",\"url\":\"https:\\\/\\\/shop.bantam.ch\\\/fr\\\/\",\"name\":\"Bantam Wankm\u00fcller SA\",\"description\":\"\",\"publisher\":{\"@id\":\"https:\\\/\\\/shop.bantam.ch\\\/fr\\\/#organization\"},\"inLanguage\":\"fr-FR\"},{\"@type\":\"Organization\",\"@id\":\"https:\\\/\\\/shop.bantam.ch\\\/fr\\\/#organization\",\"name\":\"Bantam Wankm\u00fcller SA\",\"url\":\"https:\\\/\\\/shop.bantam.ch\\\/fr\\\/\",\"logo\":{\"@type\":\"ImageObject\",\"inLanguage\":\"fr-FR\",\"@id\":\"https:\\\/\\\/shop.bantam.ch\\\/fr\\\/#\\\/schema\\\/logo\\\/image\\\/\",\"url\":\"https:\\\/\\\/shop.bantam.ch\\\/wp-content\\\/uploads\\\/2022\\\/12\\\/bantam-logo.png\",\"contentUrl\":\"https:\\\/\\\/shop.bantam.ch\\\/wp-content\\\/uploads\\\/2022\\\/12\\\/bantam-logo.png\",\"width\":320,\"height\":71,\"caption\":\"Bantam Wankm\u00fcller SA\"},\"image\":{\"@id\":\"https:\\\/\\\/shop.bantam.ch\\\/fr\\\/#\\\/schema\\\/logo\\\/image\\\/\"}}]}<\/script>\n<!-- \/ Yoast SEO plugin. -->","yoast_head_json":{"title":"Pavillons Kampa Air Shelter - Bantam Wankm\u00fcller SA","robots":{"index":"index","follow":"follow","max-snippet":"max-snippet:-1","max-image-preview":"max-image-preview:large","max-video-preview":"max-video-preview:-1"},"canonical":"https:\/\/shop.bantam.ch\/fr\/produit\/pavillons-kampa-air-shelter\/","og_locale":"fr_FR","og_type":"article","og_title":"Pavillons Kampa Air Shelter - Bantam Wankm\u00fcller SA","og_description":"Le pavillon AIR se monte en un clin d\u2019\u0153il \u00e0 l&rsquo;aide de la pompe manuelle fournie. Il suffit d\u2019ancrer les quatre coins avec des sardines et de gonfler le pavillon \u00e0 l\u2019ext\u00e9rieur par les deux points de gonflage. Sous le pavillon, des sangles de serrage permettent de conserver la forme rectangulaire. Les haubans et les [&hellip;]","og_url":"https:\/\/shop.bantam.ch\/fr\/produit\/pavillons-kampa-air-shelter\/","og_site_name":"Bantam Wankm\u00fcller SA","article_modified_time":"2026-04-21T21:15:33+00:00","og_image":[{"width":1000,"height":637,"url":"https:\/\/shop.bantam.ch\/wp-content\/uploads\/2023\/02\/997023611.jpg","type":"image\/jpeg"}],"twitter_card":"summary_large_image","twitter_misc":{"Dur\u00e9e de lecture estim\u00e9e":"1 minute"},"schema":{"@context":"https:\/\/schema.org","@graph":[{"@type":"WebPage","@id":"https:\/\/shop.bantam.ch\/fr\/produit\/pavillons-kampa-air-shelter\/","url":"https:\/\/shop.bantam.ch\/fr\/produit\/pavillons-kampa-air-shelter\/","name":"Pavillons Kampa Air Shelter - Bantam Wankm\u00fcller SA","isPartOf":{"@id":"https:\/\/shop.bantam.ch\/fr\/#website"},"primaryImageOfPage":{"@id":"https:\/\/shop.bantam.ch\/fr\/produit\/pavillons-kampa-air-shelter\/#primaryimage"},"image":{"@id":"https:\/\/shop.bantam.ch\/fr\/produit\/pavillons-kampa-air-shelter\/#primaryimage"},"thumbnailUrl":"https:\/\/shop.bantam.ch\/wp-content\/uploads\/2023\/02\/997023611.jpg","datePublished":"2023-02-28T19:29:10+00:00","dateModified":"2026-04-21T21:15:33+00:00","breadcrumb":{"@id":"https:\/\/shop.bantam.ch\/fr\/produit\/pavillons-kampa-air-shelter\/#breadcrumb"},"inLanguage":"fr-FR","potentialAction":[{"@type":"ReadAction","target":["https:\/\/shop.bantam.ch\/fr\/produit\/pavillons-kampa-air-shelter\/"]}]},{"@type":"ImageObject","inLanguage":"fr-FR","@id":"https:\/\/shop.bantam.ch\/fr\/produit\/pavillons-kampa-air-shelter\/#primaryimage","url":"https:\/\/shop.bantam.ch\/wp-content\/uploads\/2023\/02\/997023611.jpg","contentUrl":"https:\/\/shop.bantam.ch\/wp-content\/uploads\/2023\/02\/997023611.jpg","width":1000,"height":637},{"@type":"BreadcrumbList","@id":"https:\/\/shop.bantam.ch\/fr\/produit\/pavillons-kampa-air-shelter\/#breadcrumb","itemListElement":[{"@type":"ListItem","position":1,"name":"Accueil","item":"https:\/\/shop.bantam.ch\/fr\/"},{"@type":"ListItem","position":2,"name":"Boutique","item":"https:\/\/shop.bantam.ch\/fr\/boutique\/"},{"@type":"ListItem","position":3,"name":"Pavillons Kampa Air Shelter"}]},{"@type":"WebSite","@id":"https:\/\/shop.bantam.ch\/fr\/#website","url":"https:\/\/shop.bantam.ch\/fr\/","name":"Bantam Wankm\u00fcller SA","description":"","publisher":{"@id":"https:\/\/shop.bantam.ch\/fr\/#organization"},"inLanguage":"fr-FR"},{"@type":"Organization","@id":"https:\/\/shop.bantam.ch\/fr\/#organization","name":"Bantam Wankm\u00fcller SA","url":"https:\/\/shop.bantam.ch\/fr\/","logo":{"@type":"ImageObject","inLanguage":"fr-FR","@id":"https:\/\/shop.bantam.ch\/fr\/#\/schema\/logo\/image\/","url":"https:\/\/shop.bantam.ch\/wp-content\/uploads\/2022\/12\/bantam-logo.png","contentUrl":"https:\/\/shop.bantam.ch\/wp-content\/uploads\/2022\/12\/bantam-logo.png","width":320,"height":71,"caption":"Bantam Wankm\u00fcller SA"},"image":{"@id":"https:\/\/shop.bantam.ch\/fr\/#\/schema\/logo\/image\/"}}]}},"_links":{"self":[{"href":"https:\/\/shop.bantam.ch\/fr\/wp-json\/wp\/v2\/product\/110687","targetHints":{"allow":["GET"]}}],"collection":[{"href":"https:\/\/shop.bantam.ch\/fr\/wp-json\/wp\/v2\/product"}],"about":[{"href":"https:\/\/shop.bantam.ch\/fr\/wp-json\/wp\/v2\/types\/product"}],"wp:featuredmedia":[{"embeddable":true,"href":"https:\/\/shop.bantam.ch\/fr\/wp-json\/wp\/v2\/media\/110679"}],"wp:attachment":[{"href":"https:\/\/shop.bantam.ch\/fr\/wp-json\/wp\/v2\/media?parent=110687"}],"wp:term":[{"taxonomy":"product_featured_cat","embeddable":true,"href":"https:\/\/shop.bantam.ch\/fr\/wp-json\/wp\/v2\/product_featured_cat?post=110687"},{"taxonomy":"product_brand","embeddable":true,"href":"https:\/\/shop.bantam.ch\/fr\/wp-json\/wp\/v2\/product_brand?post=110687"},{"taxonomy":"product_cat","embeddable":true,"href":"https:\/\/shop.bantam.ch\/fr\/wp-json\/wp\/v2\/product_cat?post=110687"},{"taxonomy":"product_tag","embeddable":true,"href":"https:\/\/shop.bantam.ch\/fr\/wp-json\/wp\/v2\/product_tag?post=110687"}],"curies":[{"name":"wp","href":"https:\/\/api.w.org\/{rel}","templated":true}]}}