{"id":110661,"date":"2023-02-28T20:28:22","date_gmt":"2023-02-28T19:28:22","guid":{"rendered":"https:\/\/shop.bantam.ch\/produit\/cadres-de-montage-z-e3766-et-xzent-x-f270-pour-fiat-ducato-serie-8\/"},"modified":"2026-04-18T21:41:28","modified_gmt":"2026-04-18T19:41:28","slug":"cadres-de-montage-z-e3766-et-xzent-x-f270-pour-fiat-ducato-serie-8","status":"publish","type":"product","link":"https:\/\/shop.bantam.ch\/fr\/produit\/cadres-de-montage-z-e3766-et-xzent-x-f270-pour-fiat-ducato-serie-8\/","title":{"rendered":"Cadre de montage ZENEC Z-E3766 \/ XZENT X-F270 pour FIAT Ducato s\u00e9rie 8"},"content":{"rendered":"<p>Le kit N-XFDUC8 contient un support de montage compos\u00e9 d\u2019une fa\u00e7ade en plastique et de fixations lat\u00e9rales. Les trous de montage lat\u00e9raux dans le support correspondent parfaitement aux syst\u00e8mes ZENEC Z-E3766 et XZENT X-F270. La fixation du syst\u00e8me s\u2019effectue avec deux vis\u00a0M5 des c\u00f4t\u00e9s gauche et droit.<\/p>\n<p>Description du produit\u00a0:\u00a0<\/p>\n<ul>\n<li>1x support de montage radio pour le montage d\u2019un syst\u00e8me ZENEC Z-E3766 ou XZENT X-F270 dans des v\u00e9hicules FIAT Ducato\u00a0III, Serie\u00a08<\/li>\n<li>4x vis \u00e0 t\u00eate frais\u00e9e\u00a0M5x6 pour la fixation du syst\u00e8me avec plaques de montage lat\u00e9rales en plastique\u00a0ABS.<\/li>\n<\/ul>\n<p>Compatibilit\u00e9 : \u00a0<\/p>\n<p>Le kit N-XFDUC8 permet d\u2019installer un syst\u00e8me ZENEC Z-E3766 et\/ou XZENT X-F270 dans les v\u00e9hicules suivants\u00a0:<\/p>\n<ul>\n<li>FIAT Ducato\u00a0III, Serie\u00a08 \u00e0 partir de\u00a02021, tous les mod\u00e8les et camping-cars avec pr\u00e9paration radio<\/li>\n<\/ul>\n<p>Remarque :<\/p>\n<p>Le support d\u2019origine de la pr\u00e9paration radio est remplac\u00e9 par le cadre du kit N-XFDUC8 et fix\u00e9 \u00e0 l\u2019aide des quatre vis d\u2019origine, d\u2019o\u00f9 un montage simple et rapide. Selon le fabricant du kit de montage, vous aurez notamment besoin d\u2019aiguillages suppl\u00e9mentaires, d\u2019un r\u00e9partiteur FM\/DAB ou de c\u00e2bles\u00a0ISO avec commutateur radio. La t\u00e9l\u00e9commande au volant d\u2019origine des v\u00e9hicules s\u00e9rie\u00a08 avec pr\u00e9paration radio est directement prise en charge par les mod\u00e8les de dispositifs compatibles cit\u00e9s ci-dessus, c\u2019est-\u00e0-dire que vous n\u2019avez pas besoin d\u2019interfaces suppl\u00e9mentaires. Les touches de t\u00e9l\u00e9phone sur le volant ne sont pas connect\u00e9es de mani\u00e8re r\u00e9sistive. Les touches de t\u00e9l\u00e9phone sont donc combin\u00e9es avec la touche MUTE \u00e0 l\u2019arri\u00e8re. Pour d\u00e9crocher et raccrocher, vous utilisez donc la touche MUTE.<\/p>\n","protected":false},"excerpt":{"rendered":"<p>Le kit N-XFDUC8 contient un support de montage compos\u00e9 d\u2019une fa\u00e7ade en plastique et de fixations lat\u00e9rales. Les trous de montage lat\u00e9raux dans le support correspondent parfaitement aux syst\u00e8mes ZENEC Z-E3766 et XZENT X-F270. La fixation du syst\u00e8me s\u2019effectue avec deux vis\u00a0M5 des c\u00f4t\u00e9s gauche et droit. Description du produit\u00a0:\u00a0 1x support de montage radio [&hellip;]<\/p>\n","protected":false},"featured_media":110659,"template":"","meta":{"_acf_changed":false},"product_featured_cat":[],"product_brand":[3212],"product_cat":[4995],"product_tag":[],"class_list":{"0":"post-110661","1":"product","2":"type-product","3":"status-publish","4":"has-post-thumbnail","6":"product_brand-zenec","7":"product_cat-materiel-de-montage-pour-appareils-de-navigation","9":"first","10":"instock","11":"taxable","12":"shipping-taxable","13":"purchasable","14":"product-type-simple"},"acf":[],"yoast_head":"<!-- This site is optimized with the Yoast SEO plugin v27.4 - https:\/\/yoast.com\/product\/yoast-seo-wordpress\/ -->\n<title>Cadre de montage ZENEC Z-E3766 \/ XZENT X-F270 pour FIAT Ducato s\u00e9rie 8 - Bantam Wankm\u00fcller SA<\/title>\n<meta name=\"robots\" content=\"index, follow, max-snippet:-1, max-image-preview:large, max-video-preview:-1\" \/>\n<link rel=\"canonical\" href=\"https:\/\/shop.bantam.ch\/fr\/produit\/cadres-de-montage-z-e3766-et-xzent-x-f270-pour-fiat-ducato-serie-8\/\" \/>\n<meta property=\"og:locale\" content=\"fr_FR\" \/>\n<meta property=\"og:type\" content=\"article\" \/>\n<meta property=\"og:title\" content=\"Cadre de montage ZENEC Z-E3766 \/ XZENT X-F270 pour FIAT Ducato s\u00e9rie 8 - Bantam Wankm\u00fcller SA\" \/>\n<meta property=\"og:description\" content=\"Le kit N-XFDUC8 contient un support de montage compos\u00e9 d\u2019une fa\u00e7ade en plastique et de fixations lat\u00e9rales. Les trous de montage lat\u00e9raux dans le support correspondent parfaitement aux syst\u00e8mes ZENEC Z-E3766 et XZENT X-F270. La fixation du syst\u00e8me s\u2019effectue avec deux vis\u00a0M5 des c\u00f4t\u00e9s gauche et droit. Description du produit\u00a0:\u00a0 1x support de montage radio [&hellip;]\" \/>\n<meta property=\"og:url\" content=\"https:\/\/shop.bantam.ch\/fr\/produit\/cadres-de-montage-z-e3766-et-xzent-x-f270-pour-fiat-ducato-serie-8\/\" \/>\n<meta property=\"og:site_name\" content=\"Bantam Wankm\u00fcller SA\" \/>\n<meta property=\"article:modified_time\" content=\"2026-04-18T19:41:28+00:00\" \/>\n<meta property=\"og:image\" content=\"https:\/\/shop.bantam.ch\/wp-content\/uploads\/2023\/02\/996092211.jpg\" \/>\n\t<meta property=\"og:image:width\" content=\"3000\" \/>\n\t<meta property=\"og:image:height\" content=\"2000\" \/>\n\t<meta property=\"og:image:type\" content=\"image\/jpeg\" \/>\n<meta name=\"twitter:card\" content=\"summary_large_image\" \/>\n<meta name=\"twitter:label1\" content=\"Dur\u00e9e de lecture estim\u00e9e\" \/>\n\t<meta name=\"twitter:data1\" content=\"2 minutes\" \/>\n<script type=\"application\/ld+json\" class=\"yoast-schema-graph\">{\"@context\":\"https:\\\/\\\/schema.org\",\"@graph\":[{\"@type\":\"WebPage\",\"@id\":\"https:\\\/\\\/shop.bantam.ch\\\/fr\\\/produit\\\/cadres-de-montage-z-e3766-et-xzent-x-f270-pour-fiat-ducato-serie-8\\\/\",\"url\":\"https:\\\/\\\/shop.bantam.ch\\\/fr\\\/produit\\\/cadres-de-montage-z-e3766-et-xzent-x-f270-pour-fiat-ducato-serie-8\\\/\",\"name\":\"Cadre de montage ZENEC Z-E3766 \\\/ XZENT X-F270 pour FIAT Ducato s\u00e9rie 8 - Bantam Wankm\u00fcller SA\",\"isPartOf\":{\"@id\":\"https:\\\/\\\/shop.bantam.ch\\\/fr\\\/#website\"},\"primaryImageOfPage\":{\"@id\":\"https:\\\/\\\/shop.bantam.ch\\\/fr\\\/produit\\\/cadres-de-montage-z-e3766-et-xzent-x-f270-pour-fiat-ducato-serie-8\\\/#primaryimage\"},\"image\":{\"@id\":\"https:\\\/\\\/shop.bantam.ch\\\/fr\\\/produit\\\/cadres-de-montage-z-e3766-et-xzent-x-f270-pour-fiat-ducato-serie-8\\\/#primaryimage\"},\"thumbnailUrl\":\"https:\\\/\\\/shop.bantam.ch\\\/wp-content\\\/uploads\\\/2023\\\/02\\\/996092211-scaled.jpg\",\"datePublished\":\"2023-02-28T19:28:22+00:00\",\"dateModified\":\"2026-04-18T19:41:28+00:00\",\"breadcrumb\":{\"@id\":\"https:\\\/\\\/shop.bantam.ch\\\/fr\\\/produit\\\/cadres-de-montage-z-e3766-et-xzent-x-f270-pour-fiat-ducato-serie-8\\\/#breadcrumb\"},\"inLanguage\":\"fr-FR\",\"potentialAction\":[{\"@type\":\"ReadAction\",\"target\":[\"https:\\\/\\\/shop.bantam.ch\\\/fr\\\/produit\\\/cadres-de-montage-z-e3766-et-xzent-x-f270-pour-fiat-ducato-serie-8\\\/\"]}]},{\"@type\":\"ImageObject\",\"inLanguage\":\"fr-FR\",\"@id\":\"https:\\\/\\\/shop.bantam.ch\\\/fr\\\/produit\\\/cadres-de-montage-z-e3766-et-xzent-x-f270-pour-fiat-ducato-serie-8\\\/#primaryimage\",\"url\":\"https:\\\/\\\/shop.bantam.ch\\\/wp-content\\\/uploads\\\/2023\\\/02\\\/996092211-scaled.jpg\",\"contentUrl\":\"https:\\\/\\\/shop.bantam.ch\\\/wp-content\\\/uploads\\\/2023\\\/02\\\/996092211-scaled.jpg\",\"width\":2048,\"height\":1365},{\"@type\":\"BreadcrumbList\",\"@id\":\"https:\\\/\\\/shop.bantam.ch\\\/fr\\\/produit\\\/cadres-de-montage-z-e3766-et-xzent-x-f270-pour-fiat-ducato-serie-8\\\/#breadcrumb\",\"itemListElement\":[{\"@type\":\"ListItem\",\"position\":1,\"name\":\"Accueil\",\"item\":\"https:\\\/\\\/shop.bantam.ch\\\/fr\\\/\"},{\"@type\":\"ListItem\",\"position\":2,\"name\":\"Boutique\",\"item\":\"https:\\\/\\\/shop.bantam.ch\\\/fr\\\/boutique\\\/\"},{\"@type\":\"ListItem\",\"position\":3,\"name\":\"Cadre de montage ZENEC Z-E3766 \\\/ XZENT X-F270 pour FIAT Ducato s\u00e9rie 8\"}]},{\"@type\":\"WebSite\",\"@id\":\"https:\\\/\\\/shop.bantam.ch\\\/fr\\\/#website\",\"url\":\"https:\\\/\\\/shop.bantam.ch\\\/fr\\\/\",\"name\":\"Bantam Wankm\u00fcller SA\",\"description\":\"\",\"publisher\":{\"@id\":\"https:\\\/\\\/shop.bantam.ch\\\/fr\\\/#organization\"},\"inLanguage\":\"fr-FR\"},{\"@type\":\"Organization\",\"@id\":\"https:\\\/\\\/shop.bantam.ch\\\/fr\\\/#organization\",\"name\":\"Bantam Wankm\u00fcller SA\",\"url\":\"https:\\\/\\\/shop.bantam.ch\\\/fr\\\/\",\"logo\":{\"@type\":\"ImageObject\",\"inLanguage\":\"fr-FR\",\"@id\":\"https:\\\/\\\/shop.bantam.ch\\\/fr\\\/#\\\/schema\\\/logo\\\/image\\\/\",\"url\":\"https:\\\/\\\/shop.bantam.ch\\\/wp-content\\\/uploads\\\/2022\\\/12\\\/bantam-logo.png\",\"contentUrl\":\"https:\\\/\\\/shop.bantam.ch\\\/wp-content\\\/uploads\\\/2022\\\/12\\\/bantam-logo.png\",\"width\":320,\"height\":71,\"caption\":\"Bantam Wankm\u00fcller SA\"},\"image\":{\"@id\":\"https:\\\/\\\/shop.bantam.ch\\\/fr\\\/#\\\/schema\\\/logo\\\/image\\\/\"}}]}<\/script>\n<!-- \/ Yoast SEO plugin. -->","yoast_head_json":{"title":"Cadre de montage ZENEC Z-E3766 \/ XZENT X-F270 pour FIAT Ducato s\u00e9rie 8 - Bantam Wankm\u00fcller SA","robots":{"index":"index","follow":"follow","max-snippet":"max-snippet:-1","max-image-preview":"max-image-preview:large","max-video-preview":"max-video-preview:-1"},"canonical":"https:\/\/shop.bantam.ch\/fr\/produit\/cadres-de-montage-z-e3766-et-xzent-x-f270-pour-fiat-ducato-serie-8\/","og_locale":"fr_FR","og_type":"article","og_title":"Cadre de montage ZENEC Z-E3766 \/ XZENT X-F270 pour FIAT Ducato s\u00e9rie 8 - Bantam Wankm\u00fcller SA","og_description":"Le kit N-XFDUC8 contient un support de montage compos\u00e9 d\u2019une fa\u00e7ade en plastique et de fixations lat\u00e9rales. Les trous de montage lat\u00e9raux dans le support correspondent parfaitement aux syst\u00e8mes ZENEC Z-E3766 et XZENT X-F270. La fixation du syst\u00e8me s\u2019effectue avec deux vis\u00a0M5 des c\u00f4t\u00e9s gauche et droit. Description du produit\u00a0:\u00a0 1x support de montage radio [&hellip;]","og_url":"https:\/\/shop.bantam.ch\/fr\/produit\/cadres-de-montage-z-e3766-et-xzent-x-f270-pour-fiat-ducato-serie-8\/","og_site_name":"Bantam Wankm\u00fcller SA","article_modified_time":"2026-04-18T19:41:28+00:00","og_image":[{"width":3000,"height":2000,"url":"https:\/\/shop.bantam.ch\/wp-content\/uploads\/2023\/02\/996092211.jpg","type":"image\/jpeg"}],"twitter_card":"summary_large_image","twitter_misc":{"Dur\u00e9e de lecture estim\u00e9e":"2 minutes"},"schema":{"@context":"https:\/\/schema.org","@graph":[{"@type":"WebPage","@id":"https:\/\/shop.bantam.ch\/fr\/produit\/cadres-de-montage-z-e3766-et-xzent-x-f270-pour-fiat-ducato-serie-8\/","url":"https:\/\/shop.bantam.ch\/fr\/produit\/cadres-de-montage-z-e3766-et-xzent-x-f270-pour-fiat-ducato-serie-8\/","name":"Cadre de montage ZENEC Z-E3766 \/ XZENT X-F270 pour FIAT Ducato s\u00e9rie 8 - Bantam Wankm\u00fcller SA","isPartOf":{"@id":"https:\/\/shop.bantam.ch\/fr\/#website"},"primaryImageOfPage":{"@id":"https:\/\/shop.bantam.ch\/fr\/produit\/cadres-de-montage-z-e3766-et-xzent-x-f270-pour-fiat-ducato-serie-8\/#primaryimage"},"image":{"@id":"https:\/\/shop.bantam.ch\/fr\/produit\/cadres-de-montage-z-e3766-et-xzent-x-f270-pour-fiat-ducato-serie-8\/#primaryimage"},"thumbnailUrl":"https:\/\/shop.bantam.ch\/wp-content\/uploads\/2023\/02\/996092211-scaled.jpg","datePublished":"2023-02-28T19:28:22+00:00","dateModified":"2026-04-18T19:41:28+00:00","breadcrumb":{"@id":"https:\/\/shop.bantam.ch\/fr\/produit\/cadres-de-montage-z-e3766-et-xzent-x-f270-pour-fiat-ducato-serie-8\/#breadcrumb"},"inLanguage":"fr-FR","potentialAction":[{"@type":"ReadAction","target":["https:\/\/shop.bantam.ch\/fr\/produit\/cadres-de-montage-z-e3766-et-xzent-x-f270-pour-fiat-ducato-serie-8\/"]}]},{"@type":"ImageObject","inLanguage":"fr-FR","@id":"https:\/\/shop.bantam.ch\/fr\/produit\/cadres-de-montage-z-e3766-et-xzent-x-f270-pour-fiat-ducato-serie-8\/#primaryimage","url":"https:\/\/shop.bantam.ch\/wp-content\/uploads\/2023\/02\/996092211-scaled.jpg","contentUrl":"https:\/\/shop.bantam.ch\/wp-content\/uploads\/2023\/02\/996092211-scaled.jpg","width":2048,"height":1365},{"@type":"BreadcrumbList","@id":"https:\/\/shop.bantam.ch\/fr\/produit\/cadres-de-montage-z-e3766-et-xzent-x-f270-pour-fiat-ducato-serie-8\/#breadcrumb","itemListElement":[{"@type":"ListItem","position":1,"name":"Accueil","item":"https:\/\/shop.bantam.ch\/fr\/"},{"@type":"ListItem","position":2,"name":"Boutique","item":"https:\/\/shop.bantam.ch\/fr\/boutique\/"},{"@type":"ListItem","position":3,"name":"Cadre de montage ZENEC Z-E3766 \/ XZENT X-F270 pour FIAT Ducato s\u00e9rie 8"}]},{"@type":"WebSite","@id":"https:\/\/shop.bantam.ch\/fr\/#website","url":"https:\/\/shop.bantam.ch\/fr\/","name":"Bantam Wankm\u00fcller SA","description":"","publisher":{"@id":"https:\/\/shop.bantam.ch\/fr\/#organization"},"inLanguage":"fr-FR"},{"@type":"Organization","@id":"https:\/\/shop.bantam.ch\/fr\/#organization","name":"Bantam Wankm\u00fcller SA","url":"https:\/\/shop.bantam.ch\/fr\/","logo":{"@type":"ImageObject","inLanguage":"fr-FR","@id":"https:\/\/shop.bantam.ch\/fr\/#\/schema\/logo\/image\/","url":"https:\/\/shop.bantam.ch\/wp-content\/uploads\/2022\/12\/bantam-logo.png","contentUrl":"https:\/\/shop.bantam.ch\/wp-content\/uploads\/2022\/12\/bantam-logo.png","width":320,"height":71,"caption":"Bantam Wankm\u00fcller SA"},"image":{"@id":"https:\/\/shop.bantam.ch\/fr\/#\/schema\/logo\/image\/"}}]}},"_links":{"self":[{"href":"https:\/\/shop.bantam.ch\/fr\/wp-json\/wp\/v2\/product\/110661","targetHints":{"allow":["GET"]}}],"collection":[{"href":"https:\/\/shop.bantam.ch\/fr\/wp-json\/wp\/v2\/product"}],"about":[{"href":"https:\/\/shop.bantam.ch\/fr\/wp-json\/wp\/v2\/types\/product"}],"wp:featuredmedia":[{"embeddable":true,"href":"https:\/\/shop.bantam.ch\/fr\/wp-json\/wp\/v2\/media\/110659"}],"wp:attachment":[{"href":"https:\/\/shop.bantam.ch\/fr\/wp-json\/wp\/v2\/media?parent=110661"}],"wp:term":[{"taxonomy":"product_featured_cat","embeddable":true,"href":"https:\/\/shop.bantam.ch\/fr\/wp-json\/wp\/v2\/product_featured_cat?post=110661"},{"taxonomy":"product_brand","embeddable":true,"href":"https:\/\/shop.bantam.ch\/fr\/wp-json\/wp\/v2\/product_brand?post=110661"},{"taxonomy":"product_cat","embeddable":true,"href":"https:\/\/shop.bantam.ch\/fr\/wp-json\/wp\/v2\/product_cat?post=110661"},{"taxonomy":"product_tag","embeddable":true,"href":"https:\/\/shop.bantam.ch\/fr\/wp-json\/wp\/v2\/product_tag?post=110661"}],"curies":[{"name":"wp","href":"https:\/\/api.w.org\/{rel}","templated":true}]}}