{"id":110523,"date":"2023-02-28T20:25:19","date_gmt":"2023-02-28T19:25:19","guid":{"rendered":"https:\/\/shop.bantam.ch\/produit\/thermometre-omnia\/"},"modified":"2026-04-18T21:41:27","modified_gmt":"2026-04-18T19:41:27","slug":"thermometre-omnia","status":"publish","type":"product","link":"https:\/\/shop.bantam.ch\/fr\/produit\/thermometre-omnia\/","title":{"rendered":"Thermom\u00e8tre Omnia"},"content":{"rendered":"<p>Un thermom\u00e8tre \u00e9l\u00e9gant qui vous permet de surveiller la temp\u00e9rature de cuisson et de l\u2019ajuster le cas \u00e9ch\u00e9ant. Le thermom\u00e8tre est facile \u00e0 utiliser m\u00eame pour les d\u00e9butants.<\/p>\n<p>Installation au niveau du couvercle dans l\u2019un des trous de ventilation. Vous pouvez aussi l\u2019utiliser comme un thermom\u00e8tre pour les viandes en l\u2019ins\u00e9rant directement dans le morceau de viande pour mesurer la temp\u00e9rature int\u00e9rieure.<\/p>\n","protected":false},"excerpt":{"rendered":"<p>Un thermom\u00e8tre \u00e9l\u00e9gant qui vous permet de surveiller la temp\u00e9rature de cuisson et de l\u2019ajuster le cas \u00e9ch\u00e9ant. Le thermom\u00e8tre est facile \u00e0 utiliser m\u00eame pour les d\u00e9butants. Installation au niveau du couvercle dans l\u2019un des trous de ventilation. Vous pouvez aussi l\u2019utiliser comme un thermom\u00e8tre pour les viandes en l\u2019ins\u00e9rant directement dans le morceau [&hellip;]<\/p>\n","protected":false},"featured_media":110515,"template":"","meta":{"_acf_changed":false},"product_featured_cat":[],"product_brand":[3292],"product_cat":[4339,4341,4337],"product_tag":[],"class_list":{"0":"post-110523","1":"product","2":"type-product","3":"status-publish","4":"has-post-thumbnail","6":"product_brand-omnia","7":"product_cat-accessoires-pour-barbecue","8":"product_cat-accessoires-pour-rechaud","9":"product_cat-accessoires-pour-ustensiles-de-cuisson","11":"first","12":"instock","13":"taxable","14":"shipping-taxable","15":"purchasable","16":"product-type-simple"},"acf":[],"yoast_head":"<!-- This site is optimized with the Yoast SEO plugin v27.4 - https:\/\/yoast.com\/product\/yoast-seo-wordpress\/ -->\n<title>Thermom\u00e8tre Omnia - Bantam Wankm\u00fcller SA<\/title>\n<meta name=\"robots\" content=\"index, follow, max-snippet:-1, max-image-preview:large, max-video-preview:-1\" \/>\n<link rel=\"canonical\" href=\"https:\/\/shop.bantam.ch\/fr\/produit\/thermometre-omnia\/\" \/>\n<meta property=\"og:locale\" content=\"fr_FR\" \/>\n<meta property=\"og:type\" content=\"article\" \/>\n<meta property=\"og:title\" content=\"Thermom\u00e8tre Omnia - Bantam Wankm\u00fcller SA\" \/>\n<meta property=\"og:description\" content=\"Un thermom\u00e8tre \u00e9l\u00e9gant qui vous permet de surveiller la temp\u00e9rature de cuisson et de l\u2019ajuster le cas \u00e9ch\u00e9ant. Le thermom\u00e8tre est facile \u00e0 utiliser m\u00eame pour les d\u00e9butants. Installation au niveau du couvercle dans l\u2019un des trous de ventilation. Vous pouvez aussi l\u2019utiliser comme un thermom\u00e8tre pour les viandes en l\u2019ins\u00e9rant directement dans le morceau [&hellip;]\" \/>\n<meta property=\"og:url\" content=\"https:\/\/shop.bantam.ch\/fr\/produit\/thermometre-omnia\/\" \/>\n<meta property=\"og:site_name\" content=\"Bantam Wankm\u00fcller SA\" \/>\n<meta property=\"article:modified_time\" content=\"2026-04-18T19:41:27+00:00\" \/>\n<meta property=\"og:image\" content=\"https:\/\/shop.bantam.ch\/wp-content\/uploads\/2023\/02\/995753511.jpg\" \/>\n\t<meta property=\"og:image:width\" content=\"1280\" \/>\n\t<meta property=\"og:image:height\" content=\"1280\" \/>\n\t<meta property=\"og:image:type\" content=\"image\/jpeg\" \/>\n<meta name=\"twitter:card\" content=\"summary_large_image\" \/>\n<script type=\"application\/ld+json\" class=\"yoast-schema-graph\">{\"@context\":\"https:\\\/\\\/schema.org\",\"@graph\":[{\"@type\":\"WebPage\",\"@id\":\"https:\\\/\\\/shop.bantam.ch\\\/fr\\\/produit\\\/thermometre-omnia\\\/\",\"url\":\"https:\\\/\\\/shop.bantam.ch\\\/fr\\\/produit\\\/thermometre-omnia\\\/\",\"name\":\"Thermom\u00e8tre Omnia - Bantam Wankm\u00fcller SA\",\"isPartOf\":{\"@id\":\"https:\\\/\\\/shop.bantam.ch\\\/fr\\\/#website\"},\"primaryImageOfPage\":{\"@id\":\"https:\\\/\\\/shop.bantam.ch\\\/fr\\\/produit\\\/thermometre-omnia\\\/#primaryimage\"},\"image\":{\"@id\":\"https:\\\/\\\/shop.bantam.ch\\\/fr\\\/produit\\\/thermometre-omnia\\\/#primaryimage\"},\"thumbnailUrl\":\"https:\\\/\\\/shop.bantam.ch\\\/wp-content\\\/uploads\\\/2023\\\/02\\\/995753511.jpg\",\"datePublished\":\"2023-02-28T19:25:19+00:00\",\"dateModified\":\"2026-04-18T19:41:27+00:00\",\"breadcrumb\":{\"@id\":\"https:\\\/\\\/shop.bantam.ch\\\/fr\\\/produit\\\/thermometre-omnia\\\/#breadcrumb\"},\"inLanguage\":\"fr-FR\",\"potentialAction\":[{\"@type\":\"ReadAction\",\"target\":[\"https:\\\/\\\/shop.bantam.ch\\\/fr\\\/produit\\\/thermometre-omnia\\\/\"]}]},{\"@type\":\"ImageObject\",\"inLanguage\":\"fr-FR\",\"@id\":\"https:\\\/\\\/shop.bantam.ch\\\/fr\\\/produit\\\/thermometre-omnia\\\/#primaryimage\",\"url\":\"https:\\\/\\\/shop.bantam.ch\\\/wp-content\\\/uploads\\\/2023\\\/02\\\/995753511.jpg\",\"contentUrl\":\"https:\\\/\\\/shop.bantam.ch\\\/wp-content\\\/uploads\\\/2023\\\/02\\\/995753511.jpg\",\"width\":1280,\"height\":1280},{\"@type\":\"BreadcrumbList\",\"@id\":\"https:\\\/\\\/shop.bantam.ch\\\/fr\\\/produit\\\/thermometre-omnia\\\/#breadcrumb\",\"itemListElement\":[{\"@type\":\"ListItem\",\"position\":1,\"name\":\"Accueil\",\"item\":\"https:\\\/\\\/shop.bantam.ch\\\/fr\\\/\"},{\"@type\":\"ListItem\",\"position\":2,\"name\":\"Boutique\",\"item\":\"https:\\\/\\\/shop.bantam.ch\\\/fr\\\/boutique\\\/\"},{\"@type\":\"ListItem\",\"position\":3,\"name\":\"Thermom\u00e8tre Omnia\"}]},{\"@type\":\"WebSite\",\"@id\":\"https:\\\/\\\/shop.bantam.ch\\\/fr\\\/#website\",\"url\":\"https:\\\/\\\/shop.bantam.ch\\\/fr\\\/\",\"name\":\"Bantam Wankm\u00fcller SA\",\"description\":\"\",\"publisher\":{\"@id\":\"https:\\\/\\\/shop.bantam.ch\\\/fr\\\/#organization\"},\"inLanguage\":\"fr-FR\"},{\"@type\":\"Organization\",\"@id\":\"https:\\\/\\\/shop.bantam.ch\\\/fr\\\/#organization\",\"name\":\"Bantam Wankm\u00fcller SA\",\"url\":\"https:\\\/\\\/shop.bantam.ch\\\/fr\\\/\",\"logo\":{\"@type\":\"ImageObject\",\"inLanguage\":\"fr-FR\",\"@id\":\"https:\\\/\\\/shop.bantam.ch\\\/fr\\\/#\\\/schema\\\/logo\\\/image\\\/\",\"url\":\"https:\\\/\\\/shop.bantam.ch\\\/wp-content\\\/uploads\\\/2022\\\/12\\\/bantam-logo.png\",\"contentUrl\":\"https:\\\/\\\/shop.bantam.ch\\\/wp-content\\\/uploads\\\/2022\\\/12\\\/bantam-logo.png\",\"width\":320,\"height\":71,\"caption\":\"Bantam Wankm\u00fcller SA\"},\"image\":{\"@id\":\"https:\\\/\\\/shop.bantam.ch\\\/fr\\\/#\\\/schema\\\/logo\\\/image\\\/\"}}]}<\/script>\n<!-- \/ Yoast SEO plugin. -->","yoast_head_json":{"title":"Thermom\u00e8tre Omnia - Bantam Wankm\u00fcller SA","robots":{"index":"index","follow":"follow","max-snippet":"max-snippet:-1","max-image-preview":"max-image-preview:large","max-video-preview":"max-video-preview:-1"},"canonical":"https:\/\/shop.bantam.ch\/fr\/produit\/thermometre-omnia\/","og_locale":"fr_FR","og_type":"article","og_title":"Thermom\u00e8tre Omnia - Bantam Wankm\u00fcller SA","og_description":"Un thermom\u00e8tre \u00e9l\u00e9gant qui vous permet de surveiller la temp\u00e9rature de cuisson et de l\u2019ajuster le cas \u00e9ch\u00e9ant. Le thermom\u00e8tre est facile \u00e0 utiliser m\u00eame pour les d\u00e9butants. Installation au niveau du couvercle dans l\u2019un des trous de ventilation. Vous pouvez aussi l\u2019utiliser comme un thermom\u00e8tre pour les viandes en l\u2019ins\u00e9rant directement dans le morceau [&hellip;]","og_url":"https:\/\/shop.bantam.ch\/fr\/produit\/thermometre-omnia\/","og_site_name":"Bantam Wankm\u00fcller SA","article_modified_time":"2026-04-18T19:41:27+00:00","og_image":[{"width":1280,"height":1280,"url":"https:\/\/shop.bantam.ch\/wp-content\/uploads\/2023\/02\/995753511.jpg","type":"image\/jpeg"}],"twitter_card":"summary_large_image","schema":{"@context":"https:\/\/schema.org","@graph":[{"@type":"WebPage","@id":"https:\/\/shop.bantam.ch\/fr\/produit\/thermometre-omnia\/","url":"https:\/\/shop.bantam.ch\/fr\/produit\/thermometre-omnia\/","name":"Thermom\u00e8tre Omnia - Bantam Wankm\u00fcller SA","isPartOf":{"@id":"https:\/\/shop.bantam.ch\/fr\/#website"},"primaryImageOfPage":{"@id":"https:\/\/shop.bantam.ch\/fr\/produit\/thermometre-omnia\/#primaryimage"},"image":{"@id":"https:\/\/shop.bantam.ch\/fr\/produit\/thermometre-omnia\/#primaryimage"},"thumbnailUrl":"https:\/\/shop.bantam.ch\/wp-content\/uploads\/2023\/02\/995753511.jpg","datePublished":"2023-02-28T19:25:19+00:00","dateModified":"2026-04-18T19:41:27+00:00","breadcrumb":{"@id":"https:\/\/shop.bantam.ch\/fr\/produit\/thermometre-omnia\/#breadcrumb"},"inLanguage":"fr-FR","potentialAction":[{"@type":"ReadAction","target":["https:\/\/shop.bantam.ch\/fr\/produit\/thermometre-omnia\/"]}]},{"@type":"ImageObject","inLanguage":"fr-FR","@id":"https:\/\/shop.bantam.ch\/fr\/produit\/thermometre-omnia\/#primaryimage","url":"https:\/\/shop.bantam.ch\/wp-content\/uploads\/2023\/02\/995753511.jpg","contentUrl":"https:\/\/shop.bantam.ch\/wp-content\/uploads\/2023\/02\/995753511.jpg","width":1280,"height":1280},{"@type":"BreadcrumbList","@id":"https:\/\/shop.bantam.ch\/fr\/produit\/thermometre-omnia\/#breadcrumb","itemListElement":[{"@type":"ListItem","position":1,"name":"Accueil","item":"https:\/\/shop.bantam.ch\/fr\/"},{"@type":"ListItem","position":2,"name":"Boutique","item":"https:\/\/shop.bantam.ch\/fr\/boutique\/"},{"@type":"ListItem","position":3,"name":"Thermom\u00e8tre Omnia"}]},{"@type":"WebSite","@id":"https:\/\/shop.bantam.ch\/fr\/#website","url":"https:\/\/shop.bantam.ch\/fr\/","name":"Bantam Wankm\u00fcller SA","description":"","publisher":{"@id":"https:\/\/shop.bantam.ch\/fr\/#organization"},"inLanguage":"fr-FR"},{"@type":"Organization","@id":"https:\/\/shop.bantam.ch\/fr\/#organization","name":"Bantam Wankm\u00fcller SA","url":"https:\/\/shop.bantam.ch\/fr\/","logo":{"@type":"ImageObject","inLanguage":"fr-FR","@id":"https:\/\/shop.bantam.ch\/fr\/#\/schema\/logo\/image\/","url":"https:\/\/shop.bantam.ch\/wp-content\/uploads\/2022\/12\/bantam-logo.png","contentUrl":"https:\/\/shop.bantam.ch\/wp-content\/uploads\/2022\/12\/bantam-logo.png","width":320,"height":71,"caption":"Bantam Wankm\u00fcller SA"},"image":{"@id":"https:\/\/shop.bantam.ch\/fr\/#\/schema\/logo\/image\/"}}]}},"_links":{"self":[{"href":"https:\/\/shop.bantam.ch\/fr\/wp-json\/wp\/v2\/product\/110523","targetHints":{"allow":["GET"]}}],"collection":[{"href":"https:\/\/shop.bantam.ch\/fr\/wp-json\/wp\/v2\/product"}],"about":[{"href":"https:\/\/shop.bantam.ch\/fr\/wp-json\/wp\/v2\/types\/product"}],"wp:featuredmedia":[{"embeddable":true,"href":"https:\/\/shop.bantam.ch\/fr\/wp-json\/wp\/v2\/media\/110515"}],"wp:attachment":[{"href":"https:\/\/shop.bantam.ch\/fr\/wp-json\/wp\/v2\/media?parent=110523"}],"wp:term":[{"taxonomy":"product_featured_cat","embeddable":true,"href":"https:\/\/shop.bantam.ch\/fr\/wp-json\/wp\/v2\/product_featured_cat?post=110523"},{"taxonomy":"product_brand","embeddable":true,"href":"https:\/\/shop.bantam.ch\/fr\/wp-json\/wp\/v2\/product_brand?post=110523"},{"taxonomy":"product_cat","embeddable":true,"href":"https:\/\/shop.bantam.ch\/fr\/wp-json\/wp\/v2\/product_cat?post=110523"},{"taxonomy":"product_tag","embeddable":true,"href":"https:\/\/shop.bantam.ch\/fr\/wp-json\/wp\/v2\/product_tag?post=110523"}],"curies":[{"name":"wp","href":"https:\/\/api.w.org\/{rel}","templated":true}]}}