{"id":110241,"date":"2023-02-28T20:19:34","date_gmt":"2023-02-28T19:19:34","guid":{"rendered":"https:\/\/shop.bantam.ch\/produit\/camera-de-recul-a-double-objectif-ze-rvsc175\/"},"modified":"2026-04-18T21:41:13","modified_gmt":"2026-04-18T19:41:13","slug":"camera-de-recul-a-double-objectif-ze-rvsc175","status":"publish","type":"product","link":"https:\/\/shop.bantam.ch\/fr\/produit\/camera-de-recul-a-double-objectif-ze-rvsc175\/","title":{"rendered":"Cam\u00e9ra recul double objectif ZENEC ZE-RVSC175"},"content":{"rendered":"<p>La cam\u00e9ra de recul \u00e0 double objectif ZE-RVSC175 de ZENEC a \u00e9t\u00e9 sp\u00e9cialement d\u00e9velopp\u00e9e pour les camping-cars partiellement et enti\u00e8rement int\u00e9gr\u00e9s. Le ZE-RVSC175 compact dispose de deux modules de cam\u00e9ra avec diff\u00e9rentes focales optimis\u00e9es pour le champ de vision respectif. La Cam1 situ\u00e9e en haut du corps de la cam\u00e9ra est le \u00ab r\u00e9troviseur num\u00e9rique \u00bb et elle offre une vue arri\u00e8re droite du trafic. La Cam2, avec un angle de vue de 100\u00b0 dans la partie inf\u00e9rieure du bo\u00eetier, offre une vue en biais \u00e0 l\u2019arri\u00e8re du camping-car et assure une vision d\u00e9gag\u00e9e \u00e0 proximit\u00e9 de l&rsquo;arri\u00e8re du v\u00e9hicule &#8211; ce qui permet de reculer et de man\u0153uvrer.<\/p>\n<p>ZE-RVSC175 de ZENEC est \u00e9quip\u00e9e des derniers capteurs CMOS PC3089D, qui offrent une r\u00e9solution d&rsquo;image \u00e9lev\u00e9e et une large plage de contraste. La Cam2 est \u00e9quip\u00e9e de LED IR contr\u00f4l\u00e9es par LDR qui offrent un bon \u00e9clairage de la zone situ\u00e9e \u00e0 l\u2019arri\u00e8re du v\u00e9hicule \u00e0 la tomb\u00e9e de la nuit et dans l\u2019obscurit\u00e9.<\/p>\n<p>\u00c9quip\u00e9e d&rsquo;un c\u00e2ble syst\u00e8me s\u00e9parable en 3 parties avec une longueur de c\u00e2ble principale de 17 m\u00e8tres, cette cam\u00e9ra de recul ZENEC peut \u00eatre install\u00e9e de mani\u00e8re flexible dans tous les camping-cars. Elle se fixe \u00e0 l\u2019aide d\u2019un filetage creux M16. Le foret de 16 requis pour le per\u00e7age est inclus.<\/p>\n<p>ZE-RVSC175 est compatible avec les moniteurs, les moniceivers 1-DIN ou 2-DIN, les naviceivers et les infotainers qui prennent en charge la connexion et le contr\u00f4le de deux syst\u00e8mes de cam\u00e9ras.<\/p>\n<p>Caract\u00e9ristiques principales<\/p>\n<p>&#8211; Cam\u00e9ra de recul \u00e0 double capteur compacte et \u00e9l\u00e9gante<\/p>\n<p>&#8211; Capteur Cam1 avec 45\u00b0 et capteur Cam2 avec angle de vision horizontal de 100\u00b0<\/p>\n<p>&#8211; Syst\u00e8me d&rsquo;\u00e9clairage nocturne IR-LED pour Cam2 avec contr\u00f4le dynamique de la luminosit\u00e9 LDR<\/p>\n<p>&#8211; Capteur d&rsquo;image CMOS de haute qualit\u00e9 \u00e0 faible consommation d&rsquo;\u00e9nergie<\/p>\n<p>&#8211; Image d\u00e9taill\u00e9e \u00e0 contraste \u00e9lev\u00e9 m\u00eame dans l\u2019obscurit\u00e9<\/p>\n<p>&#8211; Bo\u00eetier en plastique moul\u00e9 par injection avec filetage creux M16 pour le montage<\/p>\n<p>&#8211; C\u00e2ble syst\u00e8me s\u00e9parable en 3 parties avec une longueur de c\u00e2ble principal de 17 m<\/p>\n","protected":false},"excerpt":{"rendered":"<p>La cam\u00e9ra de recul \u00e0 double objectif ZE-RVSC175 de ZENEC a \u00e9t\u00e9 sp\u00e9cialement d\u00e9velopp\u00e9e pour les camping-cars partiellement et enti\u00e8rement int\u00e9gr\u00e9s. Le ZE-RVSC175 compact dispose de deux modules de cam\u00e9ra avec diff\u00e9rentes focales optimis\u00e9es pour le champ de vision respectif. La Cam1 situ\u00e9e en haut du corps de la cam\u00e9ra est le \u00ab r\u00e9troviseur num\u00e9rique [&hellip;]<\/p>\n","protected":false},"featured_media":110237,"template":"","meta":{"_acf_changed":false},"product_featured_cat":[],"product_brand":[3212],"product_cat":[5001],"product_tag":[],"class_list":{"0":"post-110241","1":"product","2":"type-product","3":"status-publish","4":"has-post-thumbnail","6":"product_brand-zenec","7":"product_cat-cameras","9":"first","10":"instock","11":"taxable","12":"shipping-taxable","13":"purchasable","14":"product-type-simple"},"acf":[],"yoast_head":"<!-- This site is optimized with the Yoast SEO plugin v27.4 - https:\/\/yoast.com\/product\/yoast-seo-wordpress\/ -->\n<title>Cam\u00e9ra recul double objectif ZENEC ZE-RVSC175 - Bantam Wankm\u00fcller SA<\/title>\n<meta name=\"robots\" content=\"index, follow, max-snippet:-1, max-image-preview:large, max-video-preview:-1\" \/>\n<link rel=\"canonical\" href=\"https:\/\/shop.bantam.ch\/fr\/produit\/camera-de-recul-a-double-objectif-ze-rvsc175\/\" \/>\n<meta property=\"og:locale\" content=\"fr_FR\" \/>\n<meta property=\"og:type\" content=\"article\" \/>\n<meta property=\"og:title\" content=\"Cam\u00e9ra recul double objectif ZENEC ZE-RVSC175 - Bantam Wankm\u00fcller SA\" \/>\n<meta property=\"og:description\" content=\"La cam\u00e9ra de recul \u00e0 double objectif ZE-RVSC175 de ZENEC a \u00e9t\u00e9 sp\u00e9cialement d\u00e9velopp\u00e9e pour les camping-cars partiellement et enti\u00e8rement int\u00e9gr\u00e9s. Le ZE-RVSC175 compact dispose de deux modules de cam\u00e9ra avec diff\u00e9rentes focales optimis\u00e9es pour le champ de vision respectif. La Cam1 situ\u00e9e en haut du corps de la cam\u00e9ra est le \u00ab r\u00e9troviseur num\u00e9rique [&hellip;]\" \/>\n<meta property=\"og:url\" content=\"https:\/\/shop.bantam.ch\/fr\/produit\/camera-de-recul-a-double-objectif-ze-rvsc175\/\" \/>\n<meta property=\"og:site_name\" content=\"Bantam Wankm\u00fcller SA\" \/>\n<meta property=\"article:modified_time\" content=\"2026-04-18T19:41:13+00:00\" \/>\n<meta property=\"og:image\" content=\"https:\/\/shop.bantam.ch\/wp-content\/uploads\/2023\/02\/996079111.jpg\" \/>\n\t<meta property=\"og:image:width\" content=\"1280\" \/>\n\t<meta property=\"og:image:height\" content=\"759\" \/>\n\t<meta property=\"og:image:type\" content=\"image\/jpeg\" \/>\n<meta name=\"twitter:card\" content=\"summary_large_image\" \/>\n<meta name=\"twitter:label1\" content=\"Dur\u00e9e de lecture estim\u00e9e\" \/>\n\t<meta name=\"twitter:data1\" content=\"2 minutes\" \/>\n<script type=\"application\/ld+json\" class=\"yoast-schema-graph\">{\"@context\":\"https:\\\/\\\/schema.org\",\"@graph\":[{\"@type\":\"WebPage\",\"@id\":\"https:\\\/\\\/shop.bantam.ch\\\/fr\\\/produit\\\/camera-de-recul-a-double-objectif-ze-rvsc175\\\/\",\"url\":\"https:\\\/\\\/shop.bantam.ch\\\/fr\\\/produit\\\/camera-de-recul-a-double-objectif-ze-rvsc175\\\/\",\"name\":\"Cam\u00e9ra recul double objectif ZENEC ZE-RVSC175 - Bantam Wankm\u00fcller SA\",\"isPartOf\":{\"@id\":\"https:\\\/\\\/shop.bantam.ch\\\/fr\\\/#website\"},\"primaryImageOfPage\":{\"@id\":\"https:\\\/\\\/shop.bantam.ch\\\/fr\\\/produit\\\/camera-de-recul-a-double-objectif-ze-rvsc175\\\/#primaryimage\"},\"image\":{\"@id\":\"https:\\\/\\\/shop.bantam.ch\\\/fr\\\/produit\\\/camera-de-recul-a-double-objectif-ze-rvsc175\\\/#primaryimage\"},\"thumbnailUrl\":\"https:\\\/\\\/shop.bantam.ch\\\/wp-content\\\/uploads\\\/2023\\\/02\\\/996079111.jpg\",\"datePublished\":\"2023-02-28T19:19:34+00:00\",\"dateModified\":\"2026-04-18T19:41:13+00:00\",\"breadcrumb\":{\"@id\":\"https:\\\/\\\/shop.bantam.ch\\\/fr\\\/produit\\\/camera-de-recul-a-double-objectif-ze-rvsc175\\\/#breadcrumb\"},\"inLanguage\":\"fr-FR\",\"potentialAction\":[{\"@type\":\"ReadAction\",\"target\":[\"https:\\\/\\\/shop.bantam.ch\\\/fr\\\/produit\\\/camera-de-recul-a-double-objectif-ze-rvsc175\\\/\"]}]},{\"@type\":\"ImageObject\",\"inLanguage\":\"fr-FR\",\"@id\":\"https:\\\/\\\/shop.bantam.ch\\\/fr\\\/produit\\\/camera-de-recul-a-double-objectif-ze-rvsc175\\\/#primaryimage\",\"url\":\"https:\\\/\\\/shop.bantam.ch\\\/wp-content\\\/uploads\\\/2023\\\/02\\\/996079111.jpg\",\"contentUrl\":\"https:\\\/\\\/shop.bantam.ch\\\/wp-content\\\/uploads\\\/2023\\\/02\\\/996079111.jpg\",\"width\":1280,\"height\":759},{\"@type\":\"BreadcrumbList\",\"@id\":\"https:\\\/\\\/shop.bantam.ch\\\/fr\\\/produit\\\/camera-de-recul-a-double-objectif-ze-rvsc175\\\/#breadcrumb\",\"itemListElement\":[{\"@type\":\"ListItem\",\"position\":1,\"name\":\"Accueil\",\"item\":\"https:\\\/\\\/shop.bantam.ch\\\/fr\\\/\"},{\"@type\":\"ListItem\",\"position\":2,\"name\":\"Boutique\",\"item\":\"https:\\\/\\\/shop.bantam.ch\\\/fr\\\/boutique\\\/\"},{\"@type\":\"ListItem\",\"position\":3,\"name\":\"Cam\u00e9ra recul double objectif ZENEC ZE-RVSC175\"}]},{\"@type\":\"WebSite\",\"@id\":\"https:\\\/\\\/shop.bantam.ch\\\/fr\\\/#website\",\"url\":\"https:\\\/\\\/shop.bantam.ch\\\/fr\\\/\",\"name\":\"Bantam Wankm\u00fcller SA\",\"description\":\"\",\"publisher\":{\"@id\":\"https:\\\/\\\/shop.bantam.ch\\\/fr\\\/#organization\"},\"inLanguage\":\"fr-FR\"},{\"@type\":\"Organization\",\"@id\":\"https:\\\/\\\/shop.bantam.ch\\\/fr\\\/#organization\",\"name\":\"Bantam Wankm\u00fcller SA\",\"url\":\"https:\\\/\\\/shop.bantam.ch\\\/fr\\\/\",\"logo\":{\"@type\":\"ImageObject\",\"inLanguage\":\"fr-FR\",\"@id\":\"https:\\\/\\\/shop.bantam.ch\\\/fr\\\/#\\\/schema\\\/logo\\\/image\\\/\",\"url\":\"https:\\\/\\\/shop.bantam.ch\\\/wp-content\\\/uploads\\\/2022\\\/12\\\/bantam-logo.png\",\"contentUrl\":\"https:\\\/\\\/shop.bantam.ch\\\/wp-content\\\/uploads\\\/2022\\\/12\\\/bantam-logo.png\",\"width\":320,\"height\":71,\"caption\":\"Bantam Wankm\u00fcller SA\"},\"image\":{\"@id\":\"https:\\\/\\\/shop.bantam.ch\\\/fr\\\/#\\\/schema\\\/logo\\\/image\\\/\"}}]}<\/script>\n<!-- \/ Yoast SEO plugin. -->","yoast_head_json":{"title":"Cam\u00e9ra recul double objectif ZENEC ZE-RVSC175 - Bantam Wankm\u00fcller SA","robots":{"index":"index","follow":"follow","max-snippet":"max-snippet:-1","max-image-preview":"max-image-preview:large","max-video-preview":"max-video-preview:-1"},"canonical":"https:\/\/shop.bantam.ch\/fr\/produit\/camera-de-recul-a-double-objectif-ze-rvsc175\/","og_locale":"fr_FR","og_type":"article","og_title":"Cam\u00e9ra recul double objectif ZENEC ZE-RVSC175 - Bantam Wankm\u00fcller SA","og_description":"La cam\u00e9ra de recul \u00e0 double objectif ZE-RVSC175 de ZENEC a \u00e9t\u00e9 sp\u00e9cialement d\u00e9velopp\u00e9e pour les camping-cars partiellement et enti\u00e8rement int\u00e9gr\u00e9s. Le ZE-RVSC175 compact dispose de deux modules de cam\u00e9ra avec diff\u00e9rentes focales optimis\u00e9es pour le champ de vision respectif. La Cam1 situ\u00e9e en haut du corps de la cam\u00e9ra est le \u00ab r\u00e9troviseur num\u00e9rique [&hellip;]","og_url":"https:\/\/shop.bantam.ch\/fr\/produit\/camera-de-recul-a-double-objectif-ze-rvsc175\/","og_site_name":"Bantam Wankm\u00fcller SA","article_modified_time":"2026-04-18T19:41:13+00:00","og_image":[{"width":1280,"height":759,"url":"https:\/\/shop.bantam.ch\/wp-content\/uploads\/2023\/02\/996079111.jpg","type":"image\/jpeg"}],"twitter_card":"summary_large_image","twitter_misc":{"Dur\u00e9e de lecture estim\u00e9e":"2 minutes"},"schema":{"@context":"https:\/\/schema.org","@graph":[{"@type":"WebPage","@id":"https:\/\/shop.bantam.ch\/fr\/produit\/camera-de-recul-a-double-objectif-ze-rvsc175\/","url":"https:\/\/shop.bantam.ch\/fr\/produit\/camera-de-recul-a-double-objectif-ze-rvsc175\/","name":"Cam\u00e9ra recul double objectif ZENEC ZE-RVSC175 - Bantam Wankm\u00fcller SA","isPartOf":{"@id":"https:\/\/shop.bantam.ch\/fr\/#website"},"primaryImageOfPage":{"@id":"https:\/\/shop.bantam.ch\/fr\/produit\/camera-de-recul-a-double-objectif-ze-rvsc175\/#primaryimage"},"image":{"@id":"https:\/\/shop.bantam.ch\/fr\/produit\/camera-de-recul-a-double-objectif-ze-rvsc175\/#primaryimage"},"thumbnailUrl":"https:\/\/shop.bantam.ch\/wp-content\/uploads\/2023\/02\/996079111.jpg","datePublished":"2023-02-28T19:19:34+00:00","dateModified":"2026-04-18T19:41:13+00:00","breadcrumb":{"@id":"https:\/\/shop.bantam.ch\/fr\/produit\/camera-de-recul-a-double-objectif-ze-rvsc175\/#breadcrumb"},"inLanguage":"fr-FR","potentialAction":[{"@type":"ReadAction","target":["https:\/\/shop.bantam.ch\/fr\/produit\/camera-de-recul-a-double-objectif-ze-rvsc175\/"]}]},{"@type":"ImageObject","inLanguage":"fr-FR","@id":"https:\/\/shop.bantam.ch\/fr\/produit\/camera-de-recul-a-double-objectif-ze-rvsc175\/#primaryimage","url":"https:\/\/shop.bantam.ch\/wp-content\/uploads\/2023\/02\/996079111.jpg","contentUrl":"https:\/\/shop.bantam.ch\/wp-content\/uploads\/2023\/02\/996079111.jpg","width":1280,"height":759},{"@type":"BreadcrumbList","@id":"https:\/\/shop.bantam.ch\/fr\/produit\/camera-de-recul-a-double-objectif-ze-rvsc175\/#breadcrumb","itemListElement":[{"@type":"ListItem","position":1,"name":"Accueil","item":"https:\/\/shop.bantam.ch\/fr\/"},{"@type":"ListItem","position":2,"name":"Boutique","item":"https:\/\/shop.bantam.ch\/fr\/boutique\/"},{"@type":"ListItem","position":3,"name":"Cam\u00e9ra recul double objectif ZENEC ZE-RVSC175"}]},{"@type":"WebSite","@id":"https:\/\/shop.bantam.ch\/fr\/#website","url":"https:\/\/shop.bantam.ch\/fr\/","name":"Bantam Wankm\u00fcller SA","description":"","publisher":{"@id":"https:\/\/shop.bantam.ch\/fr\/#organization"},"inLanguage":"fr-FR"},{"@type":"Organization","@id":"https:\/\/shop.bantam.ch\/fr\/#organization","name":"Bantam Wankm\u00fcller SA","url":"https:\/\/shop.bantam.ch\/fr\/","logo":{"@type":"ImageObject","inLanguage":"fr-FR","@id":"https:\/\/shop.bantam.ch\/fr\/#\/schema\/logo\/image\/","url":"https:\/\/shop.bantam.ch\/wp-content\/uploads\/2022\/12\/bantam-logo.png","contentUrl":"https:\/\/shop.bantam.ch\/wp-content\/uploads\/2022\/12\/bantam-logo.png","width":320,"height":71,"caption":"Bantam Wankm\u00fcller SA"},"image":{"@id":"https:\/\/shop.bantam.ch\/fr\/#\/schema\/logo\/image\/"}}]}},"_links":{"self":[{"href":"https:\/\/shop.bantam.ch\/fr\/wp-json\/wp\/v2\/product\/110241","targetHints":{"allow":["GET"]}}],"collection":[{"href":"https:\/\/shop.bantam.ch\/fr\/wp-json\/wp\/v2\/product"}],"about":[{"href":"https:\/\/shop.bantam.ch\/fr\/wp-json\/wp\/v2\/types\/product"}],"wp:featuredmedia":[{"embeddable":true,"href":"https:\/\/shop.bantam.ch\/fr\/wp-json\/wp\/v2\/media\/110237"}],"wp:attachment":[{"href":"https:\/\/shop.bantam.ch\/fr\/wp-json\/wp\/v2\/media?parent=110241"}],"wp:term":[{"taxonomy":"product_featured_cat","embeddable":true,"href":"https:\/\/shop.bantam.ch\/fr\/wp-json\/wp\/v2\/product_featured_cat?post=110241"},{"taxonomy":"product_brand","embeddable":true,"href":"https:\/\/shop.bantam.ch\/fr\/wp-json\/wp\/v2\/product_brand?post=110241"},{"taxonomy":"product_cat","embeddable":true,"href":"https:\/\/shop.bantam.ch\/fr\/wp-json\/wp\/v2\/product_cat?post=110241"},{"taxonomy":"product_tag","embeddable":true,"href":"https:\/\/shop.bantam.ch\/fr\/wp-json\/wp\/v2\/product_tag?post=110241"}],"curies":[{"name":"wp","href":"https:\/\/api.w.org\/{rel}","templated":true}]}}