{"id":110125,"date":"2023-02-28T20:16:16","date_gmt":"2023-02-28T19:16:16","guid":{"rendered":"https:\/\/shop.bantam.ch\/produit\/jeu-de-vis-de-tente\/"},"modified":"2026-05-11T21:39:03","modified_gmt":"2026-05-11T19:39:03","slug":"jeu-de-vis-de-tente","status":"publish","type":"product","link":"https:\/\/shop.bantam.ch\/fr\/produit\/jeu-de-vis-de-tente\/","title":{"rendered":"Kit vis tente SPAX"},"content":{"rendered":"<p>La vis de tente SPAX pour utilisation \u00e0 l\u2019ext\u00e9rieur<\/p>\n<p><strong>Points forts du produit :<\/strong><\/p>\n<p><strong>Vissage facile<\/strong><br \/>Vissage avec visseuse sans fil ou poign\u00e9e (pour embouts), pas de martelage n\u00e9cessaire.<\/p>\n<p><strong>Tenue am\u00e9lior\u00e9e<\/strong><br \/>Les vis de tente offrent, avec leur filetage, une meilleure tenue que les sardines usuelles. \u00c9galement pour les sols durs et pierreux. Gr\u00e2ce au durcissement des vis, elles sont \u00e9galement utilisables sans probl\u00e8me dans des sols difficiles.<\/p>\n<p><strong>Embouts adapt\u00e9s inclus<\/strong><br \/>Pour pouvoir utiliser directement le jeu, un embout T30 ainsi qu\u2019un embout T40 T-STAR plus sont joints.<\/p>\n<p><strong>Resserrage simple<\/strong><br \/>Si, malgr\u00e9 tout, la vis venait \u00e0 se d\u00e9tacher, il est possible de la revisser sans probl\u00e8mes. Il n\u2019est habituellement pas n\u00e9cessaire de repositionner la vis.<\/p>\n<p><strong>Montage rapide<\/strong><br \/>Vissage sans grands efforts (autant avec une visseuse sans fil qu\u2019avec une poign\u00e9e).<\/p>\n<p><strong>Syst\u00e8me T-STAR plus<\/strong><br \/>Embouts T-STAR plus en combinaison avec la poign\u00e9e T-STAR plus pour une transmission de la force et un guidage am\u00e9lior\u00e9s.<\/p>\n<p><strong>Assortiment<\/strong><br \/>Dimensionn\u00e9 pour les petits et grands \u0153illets. Les rondelles en plastique prot\u00e8gent les boucles de b\u00e2ches (pas de frictions pendant le vissage).<\/p>\n<p>Le jeu se compose des \u00e9l\u00e9ments suivants\u00a0:<br \/>12 vis \u00e0 t\u00eate plate 8 \u00d7 220 WIRRO<br \/>6 vis \u00e0 t\u00eate plate 6 \u00d7 160 WIROX<br \/>18 rondelles<br \/>1 embout T-STAR plus T 30<br \/>1 embout T-STAR plus T 40<\/p>\n","protected":false},"excerpt":{"rendered":"<p>La vis de tente SPAX pour utilisation \u00e0 l\u2019ext\u00e9rieur Points forts du produit : Vissage facileVissage avec visseuse sans fil ou poign\u00e9e (pour embouts), pas de martelage n\u00e9cessaire. Tenue am\u00e9lior\u00e9eLes vis de tente offrent, avec leur filetage, une meilleure tenue que les sardines usuelles. \u00c9galement pour les sols durs et pierreux. Gr\u00e2ce au durcissement des [&hellip;]<\/p>\n","protected":false},"featured_media":110119,"template":"","meta":{"_acf_changed":false},"product_featured_cat":[],"product_brand":[3566],"product_cat":[4253],"product_tag":[],"class_list":{"0":"post-110125","1":"product","2":"type-product","3":"status-publish","4":"has-post-thumbnail","6":"product_brand-spax","7":"product_cat-accessoires-de-montage","9":"first","10":"instock","11":"taxable","12":"shipping-taxable","13":"purchasable","14":"product-type-simple"},"acf":[],"yoast_head":"<!-- This site is optimized with the Yoast SEO plugin v27.5 - https:\/\/yoast.com\/product\/yoast-seo-wordpress\/ -->\n<title>Kit vis tente SPAX - Bantam<\/title>\n<meta name=\"robots\" content=\"index, follow, max-snippet:-1, max-image-preview:large, max-video-preview:-1\" \/>\n<link rel=\"canonical\" href=\"https:\/\/shop.bantam.ch\/fr\/produit\/jeu-de-vis-de-tente\/\" \/>\n<meta property=\"og:locale\" content=\"fr_FR\" \/>\n<meta property=\"og:type\" content=\"article\" \/>\n<meta property=\"og:title\" content=\"Kit vis tente SPAX - Bantam\" \/>\n<meta property=\"og:description\" content=\"La vis de tente SPAX pour utilisation \u00e0 l\u2019ext\u00e9rieur Points forts du produit : Vissage facileVissage avec visseuse sans fil ou poign\u00e9e (pour embouts), pas de martelage n\u00e9cessaire. Tenue am\u00e9lior\u00e9eLes vis de tente offrent, avec leur filetage, une meilleure tenue que les sardines usuelles. \u00c9galement pour les sols durs et pierreux. Gr\u00e2ce au durcissement des [&hellip;]\" \/>\n<meta property=\"og:url\" content=\"https:\/\/shop.bantam.ch\/fr\/produit\/jeu-de-vis-de-tente\/\" \/>\n<meta property=\"og:site_name\" content=\"Bantam\" \/>\n<meta property=\"article:modified_time\" content=\"2026-05-11T19:39:03+00:00\" \/>\n<meta property=\"og:image\" content=\"https:\/\/shop.bantam.ch\/wp-content\/uploads\/2023\/02\/994405411.png\" \/>\n\t<meta property=\"og:image:width\" content=\"350\" \/>\n\t<meta property=\"og:image:height\" content=\"350\" \/>\n\t<meta property=\"og:image:type\" content=\"image\/png\" \/>\n<meta name=\"twitter:card\" content=\"summary_large_image\" \/>\n<meta name=\"twitter:label1\" content=\"Dur\u00e9e de lecture estim\u00e9e\" \/>\n\t<meta name=\"twitter:data1\" content=\"1 minute\" \/>\n<script type=\"application\/ld+json\" class=\"yoast-schema-graph\">{\"@context\":\"https:\\\/\\\/schema.org\",\"@graph\":[{\"@type\":\"WebPage\",\"@id\":\"https:\\\/\\\/shop.bantam.ch\\\/fr\\\/produit\\\/jeu-de-vis-de-tente\\\/\",\"url\":\"https:\\\/\\\/shop.bantam.ch\\\/fr\\\/produit\\\/jeu-de-vis-de-tente\\\/\",\"name\":\"Kit vis tente SPAX - Bantam\",\"isPartOf\":{\"@id\":\"https:\\\/\\\/shop.bantam.ch\\\/fr\\\/#website\"},\"primaryImageOfPage\":{\"@id\":\"https:\\\/\\\/shop.bantam.ch\\\/fr\\\/produit\\\/jeu-de-vis-de-tente\\\/#primaryimage\"},\"image\":{\"@id\":\"https:\\\/\\\/shop.bantam.ch\\\/fr\\\/produit\\\/jeu-de-vis-de-tente\\\/#primaryimage\"},\"thumbnailUrl\":\"https:\\\/\\\/shop.bantam.ch\\\/wp-content\\\/uploads\\\/2023\\\/02\\\/994405411.png\",\"datePublished\":\"2023-02-28T19:16:16+00:00\",\"dateModified\":\"2026-05-11T19:39:03+00:00\",\"breadcrumb\":{\"@id\":\"https:\\\/\\\/shop.bantam.ch\\\/fr\\\/produit\\\/jeu-de-vis-de-tente\\\/#breadcrumb\"},\"inLanguage\":\"fr-FR\",\"potentialAction\":[{\"@type\":\"ReadAction\",\"target\":[\"https:\\\/\\\/shop.bantam.ch\\\/fr\\\/produit\\\/jeu-de-vis-de-tente\\\/\"]}]},{\"@type\":\"ImageObject\",\"inLanguage\":\"fr-FR\",\"@id\":\"https:\\\/\\\/shop.bantam.ch\\\/fr\\\/produit\\\/jeu-de-vis-de-tente\\\/#primaryimage\",\"url\":\"https:\\\/\\\/shop.bantam.ch\\\/wp-content\\\/uploads\\\/2023\\\/02\\\/994405411.png\",\"contentUrl\":\"https:\\\/\\\/shop.bantam.ch\\\/wp-content\\\/uploads\\\/2023\\\/02\\\/994405411.png\",\"width\":350,\"height\":350},{\"@type\":\"BreadcrumbList\",\"@id\":\"https:\\\/\\\/shop.bantam.ch\\\/fr\\\/produit\\\/jeu-de-vis-de-tente\\\/#breadcrumb\",\"itemListElement\":[{\"@type\":\"ListItem\",\"position\":1,\"name\":\"Accueil\",\"item\":\"https:\\\/\\\/shop.bantam.ch\\\/fr\\\/\"},{\"@type\":\"ListItem\",\"position\":2,\"name\":\"Boutique\",\"item\":\"https:\\\/\\\/shop.bantam.ch\\\/fr\\\/boutique\\\/\"},{\"@type\":\"ListItem\",\"position\":3,\"name\":\"Kit vis tente SPAX\"}]},{\"@type\":\"WebSite\",\"@id\":\"https:\\\/\\\/shop.bantam.ch\\\/fr\\\/#website\",\"url\":\"https:\\\/\\\/shop.bantam.ch\\\/fr\\\/\",\"name\":\"Bantam\",\"description\":\"\",\"publisher\":{\"@id\":\"https:\\\/\\\/shop.bantam.ch\\\/fr\\\/#organization\"},\"inLanguage\":\"fr-FR\"},{\"@type\":\"Organization\",\"@id\":\"https:\\\/\\\/shop.bantam.ch\\\/fr\\\/#organization\",\"name\":\"Bantam\",\"url\":\"https:\\\/\\\/shop.bantam.ch\\\/fr\\\/\",\"logo\":{\"@type\":\"ImageObject\",\"inLanguage\":\"fr-FR\",\"@id\":\"https:\\\/\\\/shop.bantam.ch\\\/fr\\\/#\\\/schema\\\/logo\\\/image\\\/\",\"url\":\"https:\\\/\\\/shop.bantam.ch\\\/wp-content\\\/uploads\\\/2022\\\/12\\\/bantam-logo.png\",\"contentUrl\":\"https:\\\/\\\/shop.bantam.ch\\\/wp-content\\\/uploads\\\/2022\\\/12\\\/bantam-logo.png\",\"width\":320,\"height\":71,\"caption\":\"Bantam\"},\"image\":{\"@id\":\"https:\\\/\\\/shop.bantam.ch\\\/fr\\\/#\\\/schema\\\/logo\\\/image\\\/\"}}]}<\/script>\n<!-- \/ Yoast SEO plugin. -->","yoast_head_json":{"title":"Kit vis tente SPAX - Bantam","robots":{"index":"index","follow":"follow","max-snippet":"max-snippet:-1","max-image-preview":"max-image-preview:large","max-video-preview":"max-video-preview:-1"},"canonical":"https:\/\/shop.bantam.ch\/fr\/produit\/jeu-de-vis-de-tente\/","og_locale":"fr_FR","og_type":"article","og_title":"Kit vis tente SPAX - Bantam","og_description":"La vis de tente SPAX pour utilisation \u00e0 l\u2019ext\u00e9rieur Points forts du produit : Vissage facileVissage avec visseuse sans fil ou poign\u00e9e (pour embouts), pas de martelage n\u00e9cessaire. Tenue am\u00e9lior\u00e9eLes vis de tente offrent, avec leur filetage, une meilleure tenue que les sardines usuelles. \u00c9galement pour les sols durs et pierreux. Gr\u00e2ce au durcissement des [&hellip;]","og_url":"https:\/\/shop.bantam.ch\/fr\/produit\/jeu-de-vis-de-tente\/","og_site_name":"Bantam","article_modified_time":"2026-05-11T19:39:03+00:00","og_image":[{"width":350,"height":350,"url":"https:\/\/shop.bantam.ch\/wp-content\/uploads\/2023\/02\/994405411.png","type":"image\/png"}],"twitter_card":"summary_large_image","twitter_misc":{"Dur\u00e9e de lecture estim\u00e9e":"1 minute"},"schema":{"@context":"https:\/\/schema.org","@graph":[{"@type":"WebPage","@id":"https:\/\/shop.bantam.ch\/fr\/produit\/jeu-de-vis-de-tente\/","url":"https:\/\/shop.bantam.ch\/fr\/produit\/jeu-de-vis-de-tente\/","name":"Kit vis tente SPAX - Bantam","isPartOf":{"@id":"https:\/\/shop.bantam.ch\/fr\/#website"},"primaryImageOfPage":{"@id":"https:\/\/shop.bantam.ch\/fr\/produit\/jeu-de-vis-de-tente\/#primaryimage"},"image":{"@id":"https:\/\/shop.bantam.ch\/fr\/produit\/jeu-de-vis-de-tente\/#primaryimage"},"thumbnailUrl":"https:\/\/shop.bantam.ch\/wp-content\/uploads\/2023\/02\/994405411.png","datePublished":"2023-02-28T19:16:16+00:00","dateModified":"2026-05-11T19:39:03+00:00","breadcrumb":{"@id":"https:\/\/shop.bantam.ch\/fr\/produit\/jeu-de-vis-de-tente\/#breadcrumb"},"inLanguage":"fr-FR","potentialAction":[{"@type":"ReadAction","target":["https:\/\/shop.bantam.ch\/fr\/produit\/jeu-de-vis-de-tente\/"]}]},{"@type":"ImageObject","inLanguage":"fr-FR","@id":"https:\/\/shop.bantam.ch\/fr\/produit\/jeu-de-vis-de-tente\/#primaryimage","url":"https:\/\/shop.bantam.ch\/wp-content\/uploads\/2023\/02\/994405411.png","contentUrl":"https:\/\/shop.bantam.ch\/wp-content\/uploads\/2023\/02\/994405411.png","width":350,"height":350},{"@type":"BreadcrumbList","@id":"https:\/\/shop.bantam.ch\/fr\/produit\/jeu-de-vis-de-tente\/#breadcrumb","itemListElement":[{"@type":"ListItem","position":1,"name":"Accueil","item":"https:\/\/shop.bantam.ch\/fr\/"},{"@type":"ListItem","position":2,"name":"Boutique","item":"https:\/\/shop.bantam.ch\/fr\/boutique\/"},{"@type":"ListItem","position":3,"name":"Kit vis tente SPAX"}]},{"@type":"WebSite","@id":"https:\/\/shop.bantam.ch\/fr\/#website","url":"https:\/\/shop.bantam.ch\/fr\/","name":"Bantam","description":"","publisher":{"@id":"https:\/\/shop.bantam.ch\/fr\/#organization"},"inLanguage":"fr-FR"},{"@type":"Organization","@id":"https:\/\/shop.bantam.ch\/fr\/#organization","name":"Bantam","url":"https:\/\/shop.bantam.ch\/fr\/","logo":{"@type":"ImageObject","inLanguage":"fr-FR","@id":"https:\/\/shop.bantam.ch\/fr\/#\/schema\/logo\/image\/","url":"https:\/\/shop.bantam.ch\/wp-content\/uploads\/2022\/12\/bantam-logo.png","contentUrl":"https:\/\/shop.bantam.ch\/wp-content\/uploads\/2022\/12\/bantam-logo.png","width":320,"height":71,"caption":"Bantam"},"image":{"@id":"https:\/\/shop.bantam.ch\/fr\/#\/schema\/logo\/image\/"}}]}},"_links":{"self":[{"href":"https:\/\/shop.bantam.ch\/fr\/wp-json\/wp\/v2\/product\/110125","targetHints":{"allow":["GET"]}}],"collection":[{"href":"https:\/\/shop.bantam.ch\/fr\/wp-json\/wp\/v2\/product"}],"about":[{"href":"https:\/\/shop.bantam.ch\/fr\/wp-json\/wp\/v2\/types\/product"}],"wp:featuredmedia":[{"embeddable":true,"href":"https:\/\/shop.bantam.ch\/fr\/wp-json\/wp\/v2\/media\/110119"}],"wp:attachment":[{"href":"https:\/\/shop.bantam.ch\/fr\/wp-json\/wp\/v2\/media?parent=110125"}],"wp:term":[{"taxonomy":"product_featured_cat","embeddable":true,"href":"https:\/\/shop.bantam.ch\/fr\/wp-json\/wp\/v2\/product_featured_cat?post=110125"},{"taxonomy":"product_brand","embeddable":true,"href":"https:\/\/shop.bantam.ch\/fr\/wp-json\/wp\/v2\/product_brand?post=110125"},{"taxonomy":"product_cat","embeddable":true,"href":"https:\/\/shop.bantam.ch\/fr\/wp-json\/wp\/v2\/product_cat?post=110125"},{"taxonomy":"product_tag","embeddable":true,"href":"https:\/\/shop.bantam.ch\/fr\/wp-json\/wp\/v2\/product_tag?post=110125"}],"curies":[{"name":"wp","href":"https:\/\/api.w.org\/{rel}","templated":true}]}}