{"id":110061,"date":"2023-02-28T20:14:14","date_gmt":"2023-02-28T19:14:14","guid":{"rendered":"https:\/\/shop.bantam.ch\/produit\/croisillons-set-16-pieces-vert\/"},"modified":"2026-04-20T21:41:07","modified_gmt":"2026-04-20T19:41:07","slug":"croisillons-set-16-pieces-vert","status":"publish","type":"product","link":"https:\/\/shop.bantam.ch\/fr\/produit\/croisillons-set-16-pieces-vert\/","title":{"rendered":"Compartiments froli Kit 16 pcs., vert"},"content":{"rendered":"<p>Les nouveaux croisillons Froli tiennent toutes leurs promesse ! Qu\u2019il s\u2019agisse de verres, de tasses \u00e0 caf\u00e9, de bouteilles ou de couverts : Les nouveaux croisillons Froli est un accessoire ludique qui retient vraiment tout ce qui peut glisser ou faire des bruits de timbale. Le kit se compose de 16 nids alv\u00e9oles en plastique qui peuvent s\u2019assembler \u00e0 l\u2019infini :<\/p>\n<ul>\n<li>maintient verres, tasses, bouteilles, canettes, couverts, etc.<\/li>\n<li>Pour les armoires et les tiroirs des camping-cars et des caravanes<\/li>\n<li>Fabriqu\u00e9 \u00e0 partir de 95 % de bioplastique<\/li>\n<li>100 % recyclable<\/li>\n<li>Diam\u00e8tre r\u00e9glable de 58 mm \u00e0 89 mm<\/li>\n<li>Ar\u00eate pouvant \u00eatre rehauss\u00e9e en tournant \u00e0 180\u00b0 <\/li>\n<li>Les croisillons saillants peuvent \u00eatre retir\u00e9s et passent ainsi dans presque tous les placards et tiroirs.<\/li>\n<\/ul>\n","protected":false},"excerpt":{"rendered":"<p>Les nouveaux croisillons Froli tiennent toutes leurs promesse ! Qu\u2019il s\u2019agisse de verres, de tasses \u00e0 caf\u00e9, de bouteilles ou de couverts : Les nouveaux croisillons Froli est un accessoire ludique qui retient vraiment tout ce qui peut glisser ou faire des bruits de timbale. Le kit se compose de 16 nids alv\u00e9oles en plastique [&hellip;]<\/p>\n","protected":false},"featured_media":110049,"template":"","meta":{"_acf_changed":false},"product_featured_cat":[],"product_brand":[3058],"product_cat":[5149],"product_tag":[],"class_list":{"0":"post-110061","1":"product","2":"type-product","3":"status-publish","4":"has-post-thumbnail","6":"product_brand-froli","7":"product_cat-rangements-pour-la-vaisselle","9":"first","10":"instock","11":"taxable","12":"shipping-taxable","13":"purchasable","14":"product-type-simple"},"acf":[],"yoast_head":"<!-- This site is optimized with the Yoast SEO plugin v27.4 - https:\/\/yoast.com\/product\/yoast-seo-wordpress\/ -->\n<title>Compartiments froli Kit 16 pcs., vert - Bantam Wankm\u00fcller SA<\/title>\n<meta name=\"robots\" content=\"index, follow, max-snippet:-1, max-image-preview:large, max-video-preview:-1\" \/>\n<link rel=\"canonical\" href=\"https:\/\/shop.bantam.ch\/fr\/produit\/croisillons-set-16-pieces-vert\/\" \/>\n<meta property=\"og:locale\" content=\"fr_FR\" \/>\n<meta property=\"og:type\" content=\"article\" \/>\n<meta property=\"og:title\" content=\"Compartiments froli Kit 16 pcs., vert - Bantam Wankm\u00fcller SA\" \/>\n<meta property=\"og:description\" content=\"Les nouveaux croisillons Froli tiennent toutes leurs promesse ! Qu\u2019il s\u2019agisse de verres, de tasses \u00e0 caf\u00e9, de bouteilles ou de couverts : Les nouveaux croisillons Froli est un accessoire ludique qui retient vraiment tout ce qui peut glisser ou faire des bruits de timbale. Le kit se compose de 16 nids alv\u00e9oles en plastique [&hellip;]\" \/>\n<meta property=\"og:url\" content=\"https:\/\/shop.bantam.ch\/fr\/produit\/croisillons-set-16-pieces-vert\/\" \/>\n<meta property=\"og:site_name\" content=\"Bantam Wankm\u00fcller SA\" \/>\n<meta property=\"article:modified_time\" content=\"2026-04-20T19:41:07+00:00\" \/>\n<meta property=\"og:image\" content=\"https:\/\/shop.bantam.ch\/wp-content\/uploads\/2023\/02\/995771711.jpg\" \/>\n\t<meta property=\"og:image:width\" content=\"1000\" \/>\n\t<meta property=\"og:image:height\" content=\"837\" \/>\n\t<meta property=\"og:image:type\" content=\"image\/jpeg\" \/>\n<meta name=\"twitter:card\" content=\"summary_large_image\" \/>\n<meta name=\"twitter:label1\" content=\"Dur\u00e9e de lecture estim\u00e9e\" \/>\n\t<meta name=\"twitter:data1\" content=\"1 minute\" \/>\n<script type=\"application\/ld+json\" class=\"yoast-schema-graph\">{\"@context\":\"https:\\\/\\\/schema.org\",\"@graph\":[{\"@type\":\"WebPage\",\"@id\":\"https:\\\/\\\/shop.bantam.ch\\\/fr\\\/produit\\\/croisillons-set-16-pieces-vert\\\/\",\"url\":\"https:\\\/\\\/shop.bantam.ch\\\/fr\\\/produit\\\/croisillons-set-16-pieces-vert\\\/\",\"name\":\"Compartiments froli Kit 16 pcs., vert - Bantam Wankm\u00fcller SA\",\"isPartOf\":{\"@id\":\"https:\\\/\\\/shop.bantam.ch\\\/fr\\\/#website\"},\"primaryImageOfPage\":{\"@id\":\"https:\\\/\\\/shop.bantam.ch\\\/fr\\\/produit\\\/croisillons-set-16-pieces-vert\\\/#primaryimage\"},\"image\":{\"@id\":\"https:\\\/\\\/shop.bantam.ch\\\/fr\\\/produit\\\/croisillons-set-16-pieces-vert\\\/#primaryimage\"},\"thumbnailUrl\":\"https:\\\/\\\/shop.bantam.ch\\\/wp-content\\\/uploads\\\/2023\\\/02\\\/995771711.jpg\",\"datePublished\":\"2023-02-28T19:14:14+00:00\",\"dateModified\":\"2026-04-20T19:41:07+00:00\",\"breadcrumb\":{\"@id\":\"https:\\\/\\\/shop.bantam.ch\\\/fr\\\/produit\\\/croisillons-set-16-pieces-vert\\\/#breadcrumb\"},\"inLanguage\":\"fr-FR\",\"potentialAction\":[{\"@type\":\"ReadAction\",\"target\":[\"https:\\\/\\\/shop.bantam.ch\\\/fr\\\/produit\\\/croisillons-set-16-pieces-vert\\\/\"]}]},{\"@type\":\"ImageObject\",\"inLanguage\":\"fr-FR\",\"@id\":\"https:\\\/\\\/shop.bantam.ch\\\/fr\\\/produit\\\/croisillons-set-16-pieces-vert\\\/#primaryimage\",\"url\":\"https:\\\/\\\/shop.bantam.ch\\\/wp-content\\\/uploads\\\/2023\\\/02\\\/995771711.jpg\",\"contentUrl\":\"https:\\\/\\\/shop.bantam.ch\\\/wp-content\\\/uploads\\\/2023\\\/02\\\/995771711.jpg\",\"width\":1000,\"height\":837},{\"@type\":\"BreadcrumbList\",\"@id\":\"https:\\\/\\\/shop.bantam.ch\\\/fr\\\/produit\\\/croisillons-set-16-pieces-vert\\\/#breadcrumb\",\"itemListElement\":[{\"@type\":\"ListItem\",\"position\":1,\"name\":\"Accueil\",\"item\":\"https:\\\/\\\/shop.bantam.ch\\\/fr\\\/\"},{\"@type\":\"ListItem\",\"position\":2,\"name\":\"Boutique\",\"item\":\"https:\\\/\\\/shop.bantam.ch\\\/fr\\\/boutique\\\/\"},{\"@type\":\"ListItem\",\"position\":3,\"name\":\"Compartiments froli Kit 16 pcs., vert\"}]},{\"@type\":\"WebSite\",\"@id\":\"https:\\\/\\\/shop.bantam.ch\\\/fr\\\/#website\",\"url\":\"https:\\\/\\\/shop.bantam.ch\\\/fr\\\/\",\"name\":\"Bantam Wankm\u00fcller SA\",\"description\":\"\",\"publisher\":{\"@id\":\"https:\\\/\\\/shop.bantam.ch\\\/fr\\\/#organization\"},\"inLanguage\":\"fr-FR\"},{\"@type\":\"Organization\",\"@id\":\"https:\\\/\\\/shop.bantam.ch\\\/fr\\\/#organization\",\"name\":\"Bantam Wankm\u00fcller SA\",\"url\":\"https:\\\/\\\/shop.bantam.ch\\\/fr\\\/\",\"logo\":{\"@type\":\"ImageObject\",\"inLanguage\":\"fr-FR\",\"@id\":\"https:\\\/\\\/shop.bantam.ch\\\/fr\\\/#\\\/schema\\\/logo\\\/image\\\/\",\"url\":\"https:\\\/\\\/shop.bantam.ch\\\/wp-content\\\/uploads\\\/2022\\\/12\\\/bantam-logo.png\",\"contentUrl\":\"https:\\\/\\\/shop.bantam.ch\\\/wp-content\\\/uploads\\\/2022\\\/12\\\/bantam-logo.png\",\"width\":320,\"height\":71,\"caption\":\"Bantam Wankm\u00fcller SA\"},\"image\":{\"@id\":\"https:\\\/\\\/shop.bantam.ch\\\/fr\\\/#\\\/schema\\\/logo\\\/image\\\/\"}}]}<\/script>\n<!-- \/ Yoast SEO plugin. -->","yoast_head_json":{"title":"Compartiments froli Kit 16 pcs., vert - Bantam Wankm\u00fcller SA","robots":{"index":"index","follow":"follow","max-snippet":"max-snippet:-1","max-image-preview":"max-image-preview:large","max-video-preview":"max-video-preview:-1"},"canonical":"https:\/\/shop.bantam.ch\/fr\/produit\/croisillons-set-16-pieces-vert\/","og_locale":"fr_FR","og_type":"article","og_title":"Compartiments froli Kit 16 pcs., vert - Bantam Wankm\u00fcller SA","og_description":"Les nouveaux croisillons Froli tiennent toutes leurs promesse ! Qu\u2019il s\u2019agisse de verres, de tasses \u00e0 caf\u00e9, de bouteilles ou de couverts : Les nouveaux croisillons Froli est un accessoire ludique qui retient vraiment tout ce qui peut glisser ou faire des bruits de timbale. Le kit se compose de 16 nids alv\u00e9oles en plastique [&hellip;]","og_url":"https:\/\/shop.bantam.ch\/fr\/produit\/croisillons-set-16-pieces-vert\/","og_site_name":"Bantam Wankm\u00fcller SA","article_modified_time":"2026-04-20T19:41:07+00:00","og_image":[{"width":1000,"height":837,"url":"https:\/\/shop.bantam.ch\/wp-content\/uploads\/2023\/02\/995771711.jpg","type":"image\/jpeg"}],"twitter_card":"summary_large_image","twitter_misc":{"Dur\u00e9e de lecture estim\u00e9e":"1 minute"},"schema":{"@context":"https:\/\/schema.org","@graph":[{"@type":"WebPage","@id":"https:\/\/shop.bantam.ch\/fr\/produit\/croisillons-set-16-pieces-vert\/","url":"https:\/\/shop.bantam.ch\/fr\/produit\/croisillons-set-16-pieces-vert\/","name":"Compartiments froli Kit 16 pcs., vert - Bantam Wankm\u00fcller SA","isPartOf":{"@id":"https:\/\/shop.bantam.ch\/fr\/#website"},"primaryImageOfPage":{"@id":"https:\/\/shop.bantam.ch\/fr\/produit\/croisillons-set-16-pieces-vert\/#primaryimage"},"image":{"@id":"https:\/\/shop.bantam.ch\/fr\/produit\/croisillons-set-16-pieces-vert\/#primaryimage"},"thumbnailUrl":"https:\/\/shop.bantam.ch\/wp-content\/uploads\/2023\/02\/995771711.jpg","datePublished":"2023-02-28T19:14:14+00:00","dateModified":"2026-04-20T19:41:07+00:00","breadcrumb":{"@id":"https:\/\/shop.bantam.ch\/fr\/produit\/croisillons-set-16-pieces-vert\/#breadcrumb"},"inLanguage":"fr-FR","potentialAction":[{"@type":"ReadAction","target":["https:\/\/shop.bantam.ch\/fr\/produit\/croisillons-set-16-pieces-vert\/"]}]},{"@type":"ImageObject","inLanguage":"fr-FR","@id":"https:\/\/shop.bantam.ch\/fr\/produit\/croisillons-set-16-pieces-vert\/#primaryimage","url":"https:\/\/shop.bantam.ch\/wp-content\/uploads\/2023\/02\/995771711.jpg","contentUrl":"https:\/\/shop.bantam.ch\/wp-content\/uploads\/2023\/02\/995771711.jpg","width":1000,"height":837},{"@type":"BreadcrumbList","@id":"https:\/\/shop.bantam.ch\/fr\/produit\/croisillons-set-16-pieces-vert\/#breadcrumb","itemListElement":[{"@type":"ListItem","position":1,"name":"Accueil","item":"https:\/\/shop.bantam.ch\/fr\/"},{"@type":"ListItem","position":2,"name":"Boutique","item":"https:\/\/shop.bantam.ch\/fr\/boutique\/"},{"@type":"ListItem","position":3,"name":"Compartiments froli Kit 16 pcs., vert"}]},{"@type":"WebSite","@id":"https:\/\/shop.bantam.ch\/fr\/#website","url":"https:\/\/shop.bantam.ch\/fr\/","name":"Bantam Wankm\u00fcller SA","description":"","publisher":{"@id":"https:\/\/shop.bantam.ch\/fr\/#organization"},"inLanguage":"fr-FR"},{"@type":"Organization","@id":"https:\/\/shop.bantam.ch\/fr\/#organization","name":"Bantam Wankm\u00fcller SA","url":"https:\/\/shop.bantam.ch\/fr\/","logo":{"@type":"ImageObject","inLanguage":"fr-FR","@id":"https:\/\/shop.bantam.ch\/fr\/#\/schema\/logo\/image\/","url":"https:\/\/shop.bantam.ch\/wp-content\/uploads\/2022\/12\/bantam-logo.png","contentUrl":"https:\/\/shop.bantam.ch\/wp-content\/uploads\/2022\/12\/bantam-logo.png","width":320,"height":71,"caption":"Bantam Wankm\u00fcller SA"},"image":{"@id":"https:\/\/shop.bantam.ch\/fr\/#\/schema\/logo\/image\/"}}]}},"_links":{"self":[{"href":"https:\/\/shop.bantam.ch\/fr\/wp-json\/wp\/v2\/product\/110061","targetHints":{"allow":["GET"]}}],"collection":[{"href":"https:\/\/shop.bantam.ch\/fr\/wp-json\/wp\/v2\/product"}],"about":[{"href":"https:\/\/shop.bantam.ch\/fr\/wp-json\/wp\/v2\/types\/product"}],"wp:featuredmedia":[{"embeddable":true,"href":"https:\/\/shop.bantam.ch\/fr\/wp-json\/wp\/v2\/media\/110049"}],"wp:attachment":[{"href":"https:\/\/shop.bantam.ch\/fr\/wp-json\/wp\/v2\/media?parent=110061"}],"wp:term":[{"taxonomy":"product_featured_cat","embeddable":true,"href":"https:\/\/shop.bantam.ch\/fr\/wp-json\/wp\/v2\/product_featured_cat?post=110061"},{"taxonomy":"product_brand","embeddable":true,"href":"https:\/\/shop.bantam.ch\/fr\/wp-json\/wp\/v2\/product_brand?post=110061"},{"taxonomy":"product_cat","embeddable":true,"href":"https:\/\/shop.bantam.ch\/fr\/wp-json\/wp\/v2\/product_cat?post=110061"},{"taxonomy":"product_tag","embeddable":true,"href":"https:\/\/shop.bantam.ch\/fr\/wp-json\/wp\/v2\/product_tag?post=110061"}],"curies":[{"name":"wp","href":"https:\/\/api.w.org\/{rel}","templated":true}]}}