{"id":109855,"date":"2023-02-28T20:09:40","date_gmt":"2023-02-28T19:09:40","guid":{"rendered":"https:\/\/shop.bantam.ch\/produit\/autocollant-angle-mort-pour-vehicules-au-dessus-de-35-t-en-france\/"},"modified":"2026-04-18T21:40:43","modified_gmt":"2026-04-18T19:40:43","slug":"autocollant-angle-mort-pour-vehicules-au-dessus-de-35-t-en-france","status":"publish","type":"product","link":"https:\/\/shop.bantam.ch\/fr\/produit\/autocollant-angle-mort-pour-vehicules-au-dessus-de-35-t-en-france\/","title":{"rendered":"Autocollant angle mort pour v\u00e9hicules sup. \u00e0 3,5 t en France contenu 3 pcs."},"content":{"rendered":"<p>Autocollant angle mort \u00ab\u00a0Angel Morts\u00a0\u00bb<br \/>pour v\u00e9hicules au-dessus de 3,5 t en France depuis le 01.01.2021. Qu\u2019il s\u2019agisse d\u2019un camion, d\u2019un fourgon ou d\u2019un camping-car.<br \/>Tout v\u00e9hicule d\u00e9passant cette limite de poids doit d\u00e9sormais afficher l\u2019autocollant relatif \u00e0 l\u2019angle mort \u00e0 trois endroits pr\u00e9cis du v\u00e9hicule.<br \/>La loi ne fait pas ici de distinction entre les v\u00e9hicules nationaux et \u00e9trangers.<br \/>Il s\u2019agit de prot\u00e9ger les cyclistes et les pi\u00e9tons au niveau de l\u2019angle mort ! Les conducteurs de camping-cars doivent utiliser les autocollants avec le van.<\/p>\n<p><strong>Vous trouverez ci-apr\u00e8s les instructions pour le fixer au v\u00e9hicule :<\/strong><\/p>\n<ul>\n<li>avant du v\u00e9hicule : verticalement \u00e0 une hauteur comprise entre 0,9 et 1,5 m, horizontalement dans le premier m\u00e8tre en partant de l\u2019avant du v\u00e9hicule.<\/li>\n<li>arri\u00e8re du v\u00e9hicule : verticalement \u00e0 une hauteur comprise entre 0,9 et 1,5 m, horizontalement sur le c\u00f4t\u00e9 droit du v\u00e9hicule<\/li>\n<\/ul>\n<p>\u00a0<\/p>\n<p>Capacit\u00e9\u00a0:<br \/>3 pi\u00e8ces<\/p>\n","protected":false},"excerpt":{"rendered":"<p>Autocollant angle mort \u00ab\u00a0Angel Morts\u00a0\u00bbpour v\u00e9hicules au-dessus de 3,5 t en France depuis le 01.01.2021. Qu\u2019il s\u2019agisse d\u2019un camion, d\u2019un fourgon ou d\u2019un camping-car.Tout v\u00e9hicule d\u00e9passant cette limite de poids doit d\u00e9sormais afficher l\u2019autocollant relatif \u00e0 l\u2019angle mort \u00e0 trois endroits pr\u00e9cis du v\u00e9hicule.La loi ne fait pas ici de distinction entre les v\u00e9hicules nationaux [&hellip;]<\/p>\n","protected":false},"featured_media":109843,"template":"","meta":{"_acf_changed":false},"product_featured_cat":[],"product_brand":[3418],"product_cat":[4657],"product_tag":[],"class_list":{"0":"post-109855","1":"product","2":"type-product","3":"status-publish","4":"has-post-thumbnail","6":"product_brand-iwh","7":"product_cat-depanneurs","9":"first","10":"instock","11":"taxable","12":"shipping-taxable","13":"purchasable","14":"product-type-simple"},"acf":[],"yoast_head":"<!-- This site is optimized with the Yoast SEO plugin v27.4 - https:\/\/yoast.com\/product\/yoast-seo-wordpress\/ -->\n<title>Autocollant angle mort pour v\u00e9hicules sup. \u00e0 3,5 t en France contenu 3 pcs. - Bantam Wankm\u00fcller SA<\/title>\n<meta name=\"robots\" content=\"index, follow, max-snippet:-1, max-image-preview:large, max-video-preview:-1\" \/>\n<link rel=\"canonical\" href=\"https:\/\/shop.bantam.ch\/fr\/produit\/autocollant-angle-mort-pour-vehicules-au-dessus-de-35-t-en-france\/\" \/>\n<meta property=\"og:locale\" content=\"fr_FR\" \/>\n<meta property=\"og:type\" content=\"article\" \/>\n<meta property=\"og:title\" content=\"Autocollant angle mort pour v\u00e9hicules sup. \u00e0 3,5 t en France contenu 3 pcs. - Bantam Wankm\u00fcller SA\" \/>\n<meta property=\"og:description\" content=\"Autocollant angle mort \u00ab\u00a0Angel Morts\u00a0\u00bbpour v\u00e9hicules au-dessus de 3,5 t en France depuis le 01.01.2021. Qu\u2019il s\u2019agisse d\u2019un camion, d\u2019un fourgon ou d\u2019un camping-car.Tout v\u00e9hicule d\u00e9passant cette limite de poids doit d\u00e9sormais afficher l\u2019autocollant relatif \u00e0 l\u2019angle mort \u00e0 trois endroits pr\u00e9cis du v\u00e9hicule.La loi ne fait pas ici de distinction entre les v\u00e9hicules nationaux [&hellip;]\" \/>\n<meta property=\"og:url\" content=\"https:\/\/shop.bantam.ch\/fr\/produit\/autocollant-angle-mort-pour-vehicules-au-dessus-de-35-t-en-france\/\" \/>\n<meta property=\"og:site_name\" content=\"Bantam Wankm\u00fcller SA\" \/>\n<meta property=\"article:modified_time\" content=\"2026-04-18T19:40:43+00:00\" \/>\n<meta property=\"og:image\" content=\"https:\/\/shop.bantam.ch\/wp-content\/uploads\/2023\/02\/994399611.jpg\" \/>\n\t<meta property=\"og:image:width\" content=\"1339\" \/>\n\t<meta property=\"og:image:height\" content=\"1969\" \/>\n\t<meta property=\"og:image:type\" content=\"image\/jpeg\" \/>\n<meta name=\"twitter:card\" content=\"summary_large_image\" \/>\n<meta name=\"twitter:label1\" content=\"Dur\u00e9e de lecture estim\u00e9e\" \/>\n\t<meta name=\"twitter:data1\" content=\"1 minute\" \/>\n<script type=\"application\/ld+json\" class=\"yoast-schema-graph\">{\"@context\":\"https:\\\/\\\/schema.org\",\"@graph\":[{\"@type\":\"WebPage\",\"@id\":\"https:\\\/\\\/shop.bantam.ch\\\/fr\\\/produit\\\/autocollant-angle-mort-pour-vehicules-au-dessus-de-35-t-en-france\\\/\",\"url\":\"https:\\\/\\\/shop.bantam.ch\\\/fr\\\/produit\\\/autocollant-angle-mort-pour-vehicules-au-dessus-de-35-t-en-france\\\/\",\"name\":\"Autocollant angle mort pour v\u00e9hicules sup. \u00e0 3,5 t en France contenu 3 pcs. - Bantam Wankm\u00fcller SA\",\"isPartOf\":{\"@id\":\"https:\\\/\\\/shop.bantam.ch\\\/fr\\\/#website\"},\"primaryImageOfPage\":{\"@id\":\"https:\\\/\\\/shop.bantam.ch\\\/fr\\\/produit\\\/autocollant-angle-mort-pour-vehicules-au-dessus-de-35-t-en-france\\\/#primaryimage\"},\"image\":{\"@id\":\"https:\\\/\\\/shop.bantam.ch\\\/fr\\\/produit\\\/autocollant-angle-mort-pour-vehicules-au-dessus-de-35-t-en-france\\\/#primaryimage\"},\"thumbnailUrl\":\"https:\\\/\\\/shop.bantam.ch\\\/wp-content\\\/uploads\\\/2023\\\/02\\\/994399611.jpg\",\"datePublished\":\"2023-02-28T19:09:40+00:00\",\"dateModified\":\"2026-04-18T19:40:43+00:00\",\"breadcrumb\":{\"@id\":\"https:\\\/\\\/shop.bantam.ch\\\/fr\\\/produit\\\/autocollant-angle-mort-pour-vehicules-au-dessus-de-35-t-en-france\\\/#breadcrumb\"},\"inLanguage\":\"fr-FR\",\"potentialAction\":[{\"@type\":\"ReadAction\",\"target\":[\"https:\\\/\\\/shop.bantam.ch\\\/fr\\\/produit\\\/autocollant-angle-mort-pour-vehicules-au-dessus-de-35-t-en-france\\\/\"]}]},{\"@type\":\"ImageObject\",\"inLanguage\":\"fr-FR\",\"@id\":\"https:\\\/\\\/shop.bantam.ch\\\/fr\\\/produit\\\/autocollant-angle-mort-pour-vehicules-au-dessus-de-35-t-en-france\\\/#primaryimage\",\"url\":\"https:\\\/\\\/shop.bantam.ch\\\/wp-content\\\/uploads\\\/2023\\\/02\\\/994399611.jpg\",\"contentUrl\":\"https:\\\/\\\/shop.bantam.ch\\\/wp-content\\\/uploads\\\/2023\\\/02\\\/994399611.jpg\",\"width\":1339,\"height\":1969},{\"@type\":\"BreadcrumbList\",\"@id\":\"https:\\\/\\\/shop.bantam.ch\\\/fr\\\/produit\\\/autocollant-angle-mort-pour-vehicules-au-dessus-de-35-t-en-france\\\/#breadcrumb\",\"itemListElement\":[{\"@type\":\"ListItem\",\"position\":1,\"name\":\"Accueil\",\"item\":\"https:\\\/\\\/shop.bantam.ch\\\/fr\\\/\"},{\"@type\":\"ListItem\",\"position\":2,\"name\":\"Boutique\",\"item\":\"https:\\\/\\\/shop.bantam.ch\\\/fr\\\/boutique\\\/\"},{\"@type\":\"ListItem\",\"position\":3,\"name\":\"Autocollant angle mort pour v\u00e9hicules sup. \u00e0 3,5 t en France contenu 3 pcs.\"}]},{\"@type\":\"WebSite\",\"@id\":\"https:\\\/\\\/shop.bantam.ch\\\/fr\\\/#website\",\"url\":\"https:\\\/\\\/shop.bantam.ch\\\/fr\\\/\",\"name\":\"Bantam Wankm\u00fcller SA\",\"description\":\"\",\"publisher\":{\"@id\":\"https:\\\/\\\/shop.bantam.ch\\\/fr\\\/#organization\"},\"inLanguage\":\"fr-FR\"},{\"@type\":\"Organization\",\"@id\":\"https:\\\/\\\/shop.bantam.ch\\\/fr\\\/#organization\",\"name\":\"Bantam Wankm\u00fcller SA\",\"url\":\"https:\\\/\\\/shop.bantam.ch\\\/fr\\\/\",\"logo\":{\"@type\":\"ImageObject\",\"inLanguage\":\"fr-FR\",\"@id\":\"https:\\\/\\\/shop.bantam.ch\\\/fr\\\/#\\\/schema\\\/logo\\\/image\\\/\",\"url\":\"https:\\\/\\\/shop.bantam.ch\\\/wp-content\\\/uploads\\\/2022\\\/12\\\/bantam-logo.png\",\"contentUrl\":\"https:\\\/\\\/shop.bantam.ch\\\/wp-content\\\/uploads\\\/2022\\\/12\\\/bantam-logo.png\",\"width\":320,\"height\":71,\"caption\":\"Bantam Wankm\u00fcller SA\"},\"image\":{\"@id\":\"https:\\\/\\\/shop.bantam.ch\\\/fr\\\/#\\\/schema\\\/logo\\\/image\\\/\"}}]}<\/script>\n<!-- \/ Yoast SEO plugin. -->","yoast_head_json":{"title":"Autocollant angle mort pour v\u00e9hicules sup. \u00e0 3,5 t en France contenu 3 pcs. - Bantam Wankm\u00fcller SA","robots":{"index":"index","follow":"follow","max-snippet":"max-snippet:-1","max-image-preview":"max-image-preview:large","max-video-preview":"max-video-preview:-1"},"canonical":"https:\/\/shop.bantam.ch\/fr\/produit\/autocollant-angle-mort-pour-vehicules-au-dessus-de-35-t-en-france\/","og_locale":"fr_FR","og_type":"article","og_title":"Autocollant angle mort pour v\u00e9hicules sup. \u00e0 3,5 t en France contenu 3 pcs. - Bantam Wankm\u00fcller SA","og_description":"Autocollant angle mort \u00ab\u00a0Angel Morts\u00a0\u00bbpour v\u00e9hicules au-dessus de 3,5 t en France depuis le 01.01.2021. Qu\u2019il s\u2019agisse d\u2019un camion, d\u2019un fourgon ou d\u2019un camping-car.Tout v\u00e9hicule d\u00e9passant cette limite de poids doit d\u00e9sormais afficher l\u2019autocollant relatif \u00e0 l\u2019angle mort \u00e0 trois endroits pr\u00e9cis du v\u00e9hicule.La loi ne fait pas ici de distinction entre les v\u00e9hicules nationaux [&hellip;]","og_url":"https:\/\/shop.bantam.ch\/fr\/produit\/autocollant-angle-mort-pour-vehicules-au-dessus-de-35-t-en-france\/","og_site_name":"Bantam Wankm\u00fcller SA","article_modified_time":"2026-04-18T19:40:43+00:00","og_image":[{"width":1339,"height":1969,"url":"https:\/\/shop.bantam.ch\/wp-content\/uploads\/2023\/02\/994399611.jpg","type":"image\/jpeg"}],"twitter_card":"summary_large_image","twitter_misc":{"Dur\u00e9e de lecture estim\u00e9e":"1 minute"},"schema":{"@context":"https:\/\/schema.org","@graph":[{"@type":"WebPage","@id":"https:\/\/shop.bantam.ch\/fr\/produit\/autocollant-angle-mort-pour-vehicules-au-dessus-de-35-t-en-france\/","url":"https:\/\/shop.bantam.ch\/fr\/produit\/autocollant-angle-mort-pour-vehicules-au-dessus-de-35-t-en-france\/","name":"Autocollant angle mort pour v\u00e9hicules sup. \u00e0 3,5 t en France contenu 3 pcs. - Bantam Wankm\u00fcller SA","isPartOf":{"@id":"https:\/\/shop.bantam.ch\/fr\/#website"},"primaryImageOfPage":{"@id":"https:\/\/shop.bantam.ch\/fr\/produit\/autocollant-angle-mort-pour-vehicules-au-dessus-de-35-t-en-france\/#primaryimage"},"image":{"@id":"https:\/\/shop.bantam.ch\/fr\/produit\/autocollant-angle-mort-pour-vehicules-au-dessus-de-35-t-en-france\/#primaryimage"},"thumbnailUrl":"https:\/\/shop.bantam.ch\/wp-content\/uploads\/2023\/02\/994399611.jpg","datePublished":"2023-02-28T19:09:40+00:00","dateModified":"2026-04-18T19:40:43+00:00","breadcrumb":{"@id":"https:\/\/shop.bantam.ch\/fr\/produit\/autocollant-angle-mort-pour-vehicules-au-dessus-de-35-t-en-france\/#breadcrumb"},"inLanguage":"fr-FR","potentialAction":[{"@type":"ReadAction","target":["https:\/\/shop.bantam.ch\/fr\/produit\/autocollant-angle-mort-pour-vehicules-au-dessus-de-35-t-en-france\/"]}]},{"@type":"ImageObject","inLanguage":"fr-FR","@id":"https:\/\/shop.bantam.ch\/fr\/produit\/autocollant-angle-mort-pour-vehicules-au-dessus-de-35-t-en-france\/#primaryimage","url":"https:\/\/shop.bantam.ch\/wp-content\/uploads\/2023\/02\/994399611.jpg","contentUrl":"https:\/\/shop.bantam.ch\/wp-content\/uploads\/2023\/02\/994399611.jpg","width":1339,"height":1969},{"@type":"BreadcrumbList","@id":"https:\/\/shop.bantam.ch\/fr\/produit\/autocollant-angle-mort-pour-vehicules-au-dessus-de-35-t-en-france\/#breadcrumb","itemListElement":[{"@type":"ListItem","position":1,"name":"Accueil","item":"https:\/\/shop.bantam.ch\/fr\/"},{"@type":"ListItem","position":2,"name":"Boutique","item":"https:\/\/shop.bantam.ch\/fr\/boutique\/"},{"@type":"ListItem","position":3,"name":"Autocollant angle mort pour v\u00e9hicules sup. \u00e0 3,5 t en France contenu 3 pcs."}]},{"@type":"WebSite","@id":"https:\/\/shop.bantam.ch\/fr\/#website","url":"https:\/\/shop.bantam.ch\/fr\/","name":"Bantam Wankm\u00fcller SA","description":"","publisher":{"@id":"https:\/\/shop.bantam.ch\/fr\/#organization"},"inLanguage":"fr-FR"},{"@type":"Organization","@id":"https:\/\/shop.bantam.ch\/fr\/#organization","name":"Bantam Wankm\u00fcller SA","url":"https:\/\/shop.bantam.ch\/fr\/","logo":{"@type":"ImageObject","inLanguage":"fr-FR","@id":"https:\/\/shop.bantam.ch\/fr\/#\/schema\/logo\/image\/","url":"https:\/\/shop.bantam.ch\/wp-content\/uploads\/2022\/12\/bantam-logo.png","contentUrl":"https:\/\/shop.bantam.ch\/wp-content\/uploads\/2022\/12\/bantam-logo.png","width":320,"height":71,"caption":"Bantam Wankm\u00fcller SA"},"image":{"@id":"https:\/\/shop.bantam.ch\/fr\/#\/schema\/logo\/image\/"}}]}},"_links":{"self":[{"href":"https:\/\/shop.bantam.ch\/fr\/wp-json\/wp\/v2\/product\/109855","targetHints":{"allow":["GET"]}}],"collection":[{"href":"https:\/\/shop.bantam.ch\/fr\/wp-json\/wp\/v2\/product"}],"about":[{"href":"https:\/\/shop.bantam.ch\/fr\/wp-json\/wp\/v2\/types\/product"}],"wp:featuredmedia":[{"embeddable":true,"href":"https:\/\/shop.bantam.ch\/fr\/wp-json\/wp\/v2\/media\/109843"}],"wp:attachment":[{"href":"https:\/\/shop.bantam.ch\/fr\/wp-json\/wp\/v2\/media?parent=109855"}],"wp:term":[{"taxonomy":"product_featured_cat","embeddable":true,"href":"https:\/\/shop.bantam.ch\/fr\/wp-json\/wp\/v2\/product_featured_cat?post=109855"},{"taxonomy":"product_brand","embeddable":true,"href":"https:\/\/shop.bantam.ch\/fr\/wp-json\/wp\/v2\/product_brand?post=109855"},{"taxonomy":"product_cat","embeddable":true,"href":"https:\/\/shop.bantam.ch\/fr\/wp-json\/wp\/v2\/product_cat?post=109855"},{"taxonomy":"product_tag","embeddable":true,"href":"https:\/\/shop.bantam.ch\/fr\/wp-json\/wp\/v2\/product_tag?post=109855"}],"curies":[{"name":"wp","href":"https:\/\/api.w.org\/{rel}","templated":true}]}}