{"id":109713,"date":"2023-02-28T20:05:28","date_gmt":"2023-02-28T19:05:28","guid":{"rendered":"https:\/\/shop.bantam.ch\/produit\/kit-telecommande-pour-fan-tastic-vent\/"},"modified":"2026-04-17T21:39:45","modified_gmt":"2026-04-17T19:39:45","slug":"kit-telecommande-pour-fan-tastic-vent","status":"publish","type":"product","link":"https:\/\/shop.bantam.ch\/fr\/produit\/kit-telecommande-pour-fan-tastic-vent\/","title":{"rendered":"Kit t\u00e9l\u00e9commande DOMETIC pour Fan Tastic Vent"},"content":{"rendered":"<p>T\u00e9l\u00e9commande pour mod\u00e8le 7350<\/p>\n<p>Informations techniques relatives \u00e0 la t\u00e9l\u00e9commande :<\/p>\n<ul>\n<li>T\u00e9l\u00e9commande sans fil (2 piles AA incluses)<\/li>\n<li>Support mural pour installation dans le v\u00e9hicule<\/li>\n<li>R\u00e9gulation automatique de la vitesse via le thermostat<\/li>\n<li>14 niveaux de r\u00e9glage manuel de la vitesse du ventilateur<\/li>\n<\/ul>\n<p>\u00a0<\/p>\n","protected":false},"excerpt":{"rendered":"<p>T\u00e9l\u00e9commande pour mod\u00e8le 7350 Informations techniques relatives \u00e0 la t\u00e9l\u00e9commande : T\u00e9l\u00e9commande sans fil (2 piles AA incluses) Support mural pour installation dans le v\u00e9hicule R\u00e9gulation automatique de la vitesse via le thermostat 14 niveaux de r\u00e9glage manuel de la vitesse du ventilateur \u00a0<\/p>\n","protected":false},"featured_media":109711,"template":"","meta":{"_acf_changed":false},"product_featured_cat":[],"product_brand":[3028],"product_cat":[5045],"product_tag":[],"class_list":{"0":"post-109713","1":"product","2":"type-product","3":"status-publish","4":"has-post-thumbnail","6":"product_brand-dometic","7":"product_cat-autres-accessoires-pour-lanterneaux","9":"first","10":"instock","11":"taxable","12":"shipping-taxable","13":"purchasable","14":"product-type-simple"},"acf":[],"yoast_head":"<!-- This site is optimized with the Yoast SEO plugin v27.4 - https:\/\/yoast.com\/product\/yoast-seo-wordpress\/ -->\n<title>Kit t\u00e9l\u00e9commande DOMETIC pour Fan Tastic Vent - Bantam Wankm\u00fcller SA<\/title>\n<meta name=\"robots\" content=\"index, follow, max-snippet:-1, max-image-preview:large, max-video-preview:-1\" \/>\n<link rel=\"canonical\" href=\"https:\/\/shop.bantam.ch\/fr\/produit\/kit-telecommande-pour-fan-tastic-vent\/\" \/>\n<meta property=\"og:locale\" content=\"fr_FR\" \/>\n<meta property=\"og:type\" content=\"article\" \/>\n<meta property=\"og:title\" content=\"Kit t\u00e9l\u00e9commande DOMETIC pour Fan Tastic Vent - Bantam Wankm\u00fcller SA\" \/>\n<meta property=\"og:description\" content=\"T\u00e9l\u00e9commande pour mod\u00e8le 7350 Informations techniques relatives \u00e0 la t\u00e9l\u00e9commande : T\u00e9l\u00e9commande sans fil (2 piles AA incluses) Support mural pour installation dans le v\u00e9hicule R\u00e9gulation automatique de la vitesse via le thermostat 14 niveaux de r\u00e9glage manuel de la vitesse du ventilateur \u00a0\" \/>\n<meta property=\"og:url\" content=\"https:\/\/shop.bantam.ch\/fr\/produit\/kit-telecommande-pour-fan-tastic-vent\/\" \/>\n<meta property=\"og:site_name\" content=\"Bantam Wankm\u00fcller SA\" \/>\n<meta property=\"article:modified_time\" content=\"2026-04-17T19:39:45+00:00\" \/>\n<meta property=\"og:image\" content=\"https:\/\/shop.bantam.ch\/wp-content\/uploads\/2023\/02\/992451711.jpg\" \/>\n\t<meta property=\"og:image:width\" content=\"255\" \/>\n\t<meta property=\"og:image:height\" content=\"500\" \/>\n\t<meta property=\"og:image:type\" content=\"image\/jpeg\" \/>\n<meta name=\"twitter:card\" content=\"summary_large_image\" \/>\n<script type=\"application\/ld+json\" class=\"yoast-schema-graph\">{\"@context\":\"https:\\\/\\\/schema.org\",\"@graph\":[{\"@type\":\"WebPage\",\"@id\":\"https:\\\/\\\/shop.bantam.ch\\\/fr\\\/produit\\\/kit-telecommande-pour-fan-tastic-vent\\\/\",\"url\":\"https:\\\/\\\/shop.bantam.ch\\\/fr\\\/produit\\\/kit-telecommande-pour-fan-tastic-vent\\\/\",\"name\":\"Kit t\u00e9l\u00e9commande DOMETIC pour Fan Tastic Vent - Bantam Wankm\u00fcller SA\",\"isPartOf\":{\"@id\":\"https:\\\/\\\/shop.bantam.ch\\\/fr\\\/#website\"},\"primaryImageOfPage\":{\"@id\":\"https:\\\/\\\/shop.bantam.ch\\\/fr\\\/produit\\\/kit-telecommande-pour-fan-tastic-vent\\\/#primaryimage\"},\"image\":{\"@id\":\"https:\\\/\\\/shop.bantam.ch\\\/fr\\\/produit\\\/kit-telecommande-pour-fan-tastic-vent\\\/#primaryimage\"},\"thumbnailUrl\":\"https:\\\/\\\/shop.bantam.ch\\\/wp-content\\\/uploads\\\/2023\\\/02\\\/992451711.jpg\",\"datePublished\":\"2023-02-28T19:05:28+00:00\",\"dateModified\":\"2026-04-17T19:39:45+00:00\",\"breadcrumb\":{\"@id\":\"https:\\\/\\\/shop.bantam.ch\\\/fr\\\/produit\\\/kit-telecommande-pour-fan-tastic-vent\\\/#breadcrumb\"},\"inLanguage\":\"fr-FR\",\"potentialAction\":[{\"@type\":\"ReadAction\",\"target\":[\"https:\\\/\\\/shop.bantam.ch\\\/fr\\\/produit\\\/kit-telecommande-pour-fan-tastic-vent\\\/\"]}]},{\"@type\":\"ImageObject\",\"inLanguage\":\"fr-FR\",\"@id\":\"https:\\\/\\\/shop.bantam.ch\\\/fr\\\/produit\\\/kit-telecommande-pour-fan-tastic-vent\\\/#primaryimage\",\"url\":\"https:\\\/\\\/shop.bantam.ch\\\/wp-content\\\/uploads\\\/2023\\\/02\\\/992451711.jpg\",\"contentUrl\":\"https:\\\/\\\/shop.bantam.ch\\\/wp-content\\\/uploads\\\/2023\\\/02\\\/992451711.jpg\",\"width\":255,\"height\":500},{\"@type\":\"BreadcrumbList\",\"@id\":\"https:\\\/\\\/shop.bantam.ch\\\/fr\\\/produit\\\/kit-telecommande-pour-fan-tastic-vent\\\/#breadcrumb\",\"itemListElement\":[{\"@type\":\"ListItem\",\"position\":1,\"name\":\"Accueil\",\"item\":\"https:\\\/\\\/shop.bantam.ch\\\/fr\\\/\"},{\"@type\":\"ListItem\",\"position\":2,\"name\":\"Boutique\",\"item\":\"https:\\\/\\\/shop.bantam.ch\\\/fr\\\/boutique\\\/\"},{\"@type\":\"ListItem\",\"position\":3,\"name\":\"Kit t\u00e9l\u00e9commande DOMETIC pour Fan Tastic Vent\"}]},{\"@type\":\"WebSite\",\"@id\":\"https:\\\/\\\/shop.bantam.ch\\\/fr\\\/#website\",\"url\":\"https:\\\/\\\/shop.bantam.ch\\\/fr\\\/\",\"name\":\"Bantam Wankm\u00fcller SA\",\"description\":\"\",\"publisher\":{\"@id\":\"https:\\\/\\\/shop.bantam.ch\\\/fr\\\/#organization\"},\"inLanguage\":\"fr-FR\"},{\"@type\":\"Organization\",\"@id\":\"https:\\\/\\\/shop.bantam.ch\\\/fr\\\/#organization\",\"name\":\"Bantam Wankm\u00fcller SA\",\"url\":\"https:\\\/\\\/shop.bantam.ch\\\/fr\\\/\",\"logo\":{\"@type\":\"ImageObject\",\"inLanguage\":\"fr-FR\",\"@id\":\"https:\\\/\\\/shop.bantam.ch\\\/fr\\\/#\\\/schema\\\/logo\\\/image\\\/\",\"url\":\"https:\\\/\\\/shop.bantam.ch\\\/wp-content\\\/uploads\\\/2022\\\/12\\\/bantam-logo.png\",\"contentUrl\":\"https:\\\/\\\/shop.bantam.ch\\\/wp-content\\\/uploads\\\/2022\\\/12\\\/bantam-logo.png\",\"width\":320,\"height\":71,\"caption\":\"Bantam Wankm\u00fcller SA\"},\"image\":{\"@id\":\"https:\\\/\\\/shop.bantam.ch\\\/fr\\\/#\\\/schema\\\/logo\\\/image\\\/\"}}]}<\/script>\n<!-- \/ Yoast SEO plugin. -->","yoast_head_json":{"title":"Kit t\u00e9l\u00e9commande DOMETIC pour Fan Tastic Vent - Bantam Wankm\u00fcller SA","robots":{"index":"index","follow":"follow","max-snippet":"max-snippet:-1","max-image-preview":"max-image-preview:large","max-video-preview":"max-video-preview:-1"},"canonical":"https:\/\/shop.bantam.ch\/fr\/produit\/kit-telecommande-pour-fan-tastic-vent\/","og_locale":"fr_FR","og_type":"article","og_title":"Kit t\u00e9l\u00e9commande DOMETIC pour Fan Tastic Vent - Bantam Wankm\u00fcller SA","og_description":"T\u00e9l\u00e9commande pour mod\u00e8le 7350 Informations techniques relatives \u00e0 la t\u00e9l\u00e9commande : T\u00e9l\u00e9commande sans fil (2 piles AA incluses) Support mural pour installation dans le v\u00e9hicule R\u00e9gulation automatique de la vitesse via le thermostat 14 niveaux de r\u00e9glage manuel de la vitesse du ventilateur \u00a0","og_url":"https:\/\/shop.bantam.ch\/fr\/produit\/kit-telecommande-pour-fan-tastic-vent\/","og_site_name":"Bantam Wankm\u00fcller SA","article_modified_time":"2026-04-17T19:39:45+00:00","og_image":[{"width":255,"height":500,"url":"https:\/\/shop.bantam.ch\/wp-content\/uploads\/2023\/02\/992451711.jpg","type":"image\/jpeg"}],"twitter_card":"summary_large_image","schema":{"@context":"https:\/\/schema.org","@graph":[{"@type":"WebPage","@id":"https:\/\/shop.bantam.ch\/fr\/produit\/kit-telecommande-pour-fan-tastic-vent\/","url":"https:\/\/shop.bantam.ch\/fr\/produit\/kit-telecommande-pour-fan-tastic-vent\/","name":"Kit t\u00e9l\u00e9commande DOMETIC pour Fan Tastic Vent - Bantam Wankm\u00fcller SA","isPartOf":{"@id":"https:\/\/shop.bantam.ch\/fr\/#website"},"primaryImageOfPage":{"@id":"https:\/\/shop.bantam.ch\/fr\/produit\/kit-telecommande-pour-fan-tastic-vent\/#primaryimage"},"image":{"@id":"https:\/\/shop.bantam.ch\/fr\/produit\/kit-telecommande-pour-fan-tastic-vent\/#primaryimage"},"thumbnailUrl":"https:\/\/shop.bantam.ch\/wp-content\/uploads\/2023\/02\/992451711.jpg","datePublished":"2023-02-28T19:05:28+00:00","dateModified":"2026-04-17T19:39:45+00:00","breadcrumb":{"@id":"https:\/\/shop.bantam.ch\/fr\/produit\/kit-telecommande-pour-fan-tastic-vent\/#breadcrumb"},"inLanguage":"fr-FR","potentialAction":[{"@type":"ReadAction","target":["https:\/\/shop.bantam.ch\/fr\/produit\/kit-telecommande-pour-fan-tastic-vent\/"]}]},{"@type":"ImageObject","inLanguage":"fr-FR","@id":"https:\/\/shop.bantam.ch\/fr\/produit\/kit-telecommande-pour-fan-tastic-vent\/#primaryimage","url":"https:\/\/shop.bantam.ch\/wp-content\/uploads\/2023\/02\/992451711.jpg","contentUrl":"https:\/\/shop.bantam.ch\/wp-content\/uploads\/2023\/02\/992451711.jpg","width":255,"height":500},{"@type":"BreadcrumbList","@id":"https:\/\/shop.bantam.ch\/fr\/produit\/kit-telecommande-pour-fan-tastic-vent\/#breadcrumb","itemListElement":[{"@type":"ListItem","position":1,"name":"Accueil","item":"https:\/\/shop.bantam.ch\/fr\/"},{"@type":"ListItem","position":2,"name":"Boutique","item":"https:\/\/shop.bantam.ch\/fr\/boutique\/"},{"@type":"ListItem","position":3,"name":"Kit t\u00e9l\u00e9commande DOMETIC pour Fan Tastic Vent"}]},{"@type":"WebSite","@id":"https:\/\/shop.bantam.ch\/fr\/#website","url":"https:\/\/shop.bantam.ch\/fr\/","name":"Bantam Wankm\u00fcller SA","description":"","publisher":{"@id":"https:\/\/shop.bantam.ch\/fr\/#organization"},"inLanguage":"fr-FR"},{"@type":"Organization","@id":"https:\/\/shop.bantam.ch\/fr\/#organization","name":"Bantam Wankm\u00fcller SA","url":"https:\/\/shop.bantam.ch\/fr\/","logo":{"@type":"ImageObject","inLanguage":"fr-FR","@id":"https:\/\/shop.bantam.ch\/fr\/#\/schema\/logo\/image\/","url":"https:\/\/shop.bantam.ch\/wp-content\/uploads\/2022\/12\/bantam-logo.png","contentUrl":"https:\/\/shop.bantam.ch\/wp-content\/uploads\/2022\/12\/bantam-logo.png","width":320,"height":71,"caption":"Bantam Wankm\u00fcller SA"},"image":{"@id":"https:\/\/shop.bantam.ch\/fr\/#\/schema\/logo\/image\/"}}]}},"_links":{"self":[{"href":"https:\/\/shop.bantam.ch\/fr\/wp-json\/wp\/v2\/product\/109713","targetHints":{"allow":["GET"]}}],"collection":[{"href":"https:\/\/shop.bantam.ch\/fr\/wp-json\/wp\/v2\/product"}],"about":[{"href":"https:\/\/shop.bantam.ch\/fr\/wp-json\/wp\/v2\/types\/product"}],"wp:featuredmedia":[{"embeddable":true,"href":"https:\/\/shop.bantam.ch\/fr\/wp-json\/wp\/v2\/media\/109711"}],"wp:attachment":[{"href":"https:\/\/shop.bantam.ch\/fr\/wp-json\/wp\/v2\/media?parent=109713"}],"wp:term":[{"taxonomy":"product_featured_cat","embeddable":true,"href":"https:\/\/shop.bantam.ch\/fr\/wp-json\/wp\/v2\/product_featured_cat?post=109713"},{"taxonomy":"product_brand","embeddable":true,"href":"https:\/\/shop.bantam.ch\/fr\/wp-json\/wp\/v2\/product_brand?post=109713"},{"taxonomy":"product_cat","embeddable":true,"href":"https:\/\/shop.bantam.ch\/fr\/wp-json\/wp\/v2\/product_cat?post=109713"},{"taxonomy":"product_tag","embeddable":true,"href":"https:\/\/shop.bantam.ch\/fr\/wp-json\/wp\/v2\/product_tag?post=109713"}],"curies":[{"name":"wp","href":"https:\/\/api.w.org\/{rel}","templated":true}]}}