{"id":109637,"date":"2023-02-28T20:04:17","date_gmt":"2023-02-28T19:04:17","guid":{"rendered":"https:\/\/shop.bantam.ch\/produit\/echelle-telescopique-laddy-air-2\/"},"modified":"2026-04-17T21:39:39","modified_gmt":"2026-04-17T19:39:39","slug":"echelle-telescopique-laddy-air-2","status":"publish","type":"product","link":"https:\/\/shop.bantam.ch\/fr\/produit\/echelle-telescopique-laddy-air-2\/","title":{"rendered":"\u00c9chelle t\u00e9lescopique BRUNNER Laddy Air charge max. 150 kg"},"content":{"rendered":"<p>\u00c9chelle t\u00e9lescopique en aluminium dot\u00e9e d&rsquo;une nouvelle technologie de fermeture douce assist\u00e9e par air qui \u00e9limine le risque de blessures aux doigts. Facile \u00e0 transporter. R\u00e9glage en hauteur. \u00c9quip\u00e9e de patins en caoutchouc antid\u00e9rapants pour plus de s\u00e9curit\u00e9. Tr\u00e8s compacte.<\/p>\n","protected":false},"excerpt":{"rendered":"<p>\u00c9chelle t\u00e9lescopique en aluminium dot\u00e9e d&rsquo;une nouvelle technologie de fermeture douce assist\u00e9e par air qui \u00e9limine le risque de blessures aux doigts. Facile \u00e0 transporter. R\u00e9glage en hauteur. \u00c9quip\u00e9e de patins en caoutchouc antid\u00e9rapants pour plus de s\u00e9curit\u00e9. Tr\u00e8s compacte.<\/p>\n","protected":false},"featured_media":109625,"template":"","meta":{"_acf_changed":false},"product_featured_cat":[1857],"product_brand":[3080],"product_cat":[4805],"product_tag":[],"class_list":{"0":"post-109637","1":"product","2":"type-product","3":"status-publish","4":"has-post-thumbnail","6":"product_featured_cat-equipement-du-camping-cariste","7":"product_brand-brunner","8":"product_cat-echelles","10":"first","11":"instock","12":"taxable","13":"shipping-taxable","14":"purchasable","15":"product-type-simple"},"acf":[],"yoast_head":"<!-- This site is optimized with the Yoast SEO plugin v27.4 - https:\/\/yoast.com\/product\/yoast-seo-wordpress\/ -->\n<title>\u00c9chelle t\u00e9lescopique BRUNNER Laddy Air charge max. 150 kg - Bantam Wankm\u00fcller SA<\/title>\n<meta name=\"robots\" content=\"index, follow, max-snippet:-1, max-image-preview:large, max-video-preview:-1\" \/>\n<link rel=\"canonical\" href=\"https:\/\/shop.bantam.ch\/fr\/produit\/echelle-telescopique-laddy-air-2\/\" \/>\n<meta property=\"og:locale\" content=\"fr_FR\" \/>\n<meta property=\"og:type\" content=\"article\" \/>\n<meta property=\"og:title\" content=\"\u00c9chelle t\u00e9lescopique BRUNNER Laddy Air charge max. 150 kg - Bantam Wankm\u00fcller SA\" \/>\n<meta property=\"og:description\" content=\"\u00c9chelle t\u00e9lescopique en aluminium dot\u00e9e d&rsquo;une nouvelle technologie de fermeture douce assist\u00e9e par air qui \u00e9limine le risque de blessures aux doigts. Facile \u00e0 transporter. R\u00e9glage en hauteur. \u00c9quip\u00e9e de patins en caoutchouc antid\u00e9rapants pour plus de s\u00e9curit\u00e9. Tr\u00e8s compacte.\" \/>\n<meta property=\"og:url\" content=\"https:\/\/shop.bantam.ch\/fr\/produit\/echelle-telescopique-laddy-air-2\/\" \/>\n<meta property=\"og:site_name\" content=\"Bantam Wankm\u00fcller SA\" \/>\n<meta property=\"article:modified_time\" content=\"2026-04-17T19:39:39+00:00\" \/>\n<meta property=\"og:image\" content=\"https:\/\/shop.bantam.ch\/wp-content\/uploads\/2023\/02\/994399311.jpg\" \/>\n\t<meta property=\"og:image:width\" content=\"432\" \/>\n\t<meta property=\"og:image:height\" content=\"2000\" \/>\n\t<meta property=\"og:image:type\" content=\"image\/jpeg\" \/>\n<meta name=\"twitter:card\" content=\"summary_large_image\" \/>\n<script type=\"application\/ld+json\" class=\"yoast-schema-graph\">{\"@context\":\"https:\\\/\\\/schema.org\",\"@graph\":[{\"@type\":\"WebPage\",\"@id\":\"https:\\\/\\\/shop.bantam.ch\\\/fr\\\/produit\\\/echelle-telescopique-laddy-air-2\\\/\",\"url\":\"https:\\\/\\\/shop.bantam.ch\\\/fr\\\/produit\\\/echelle-telescopique-laddy-air-2\\\/\",\"name\":\"\u00c9chelle t\u00e9lescopique BRUNNER Laddy Air charge max. 150 kg - Bantam Wankm\u00fcller SA\",\"isPartOf\":{\"@id\":\"https:\\\/\\\/shop.bantam.ch\\\/fr\\\/#website\"},\"primaryImageOfPage\":{\"@id\":\"https:\\\/\\\/shop.bantam.ch\\\/fr\\\/produit\\\/echelle-telescopique-laddy-air-2\\\/#primaryimage\"},\"image\":{\"@id\":\"https:\\\/\\\/shop.bantam.ch\\\/fr\\\/produit\\\/echelle-telescopique-laddy-air-2\\\/#primaryimage\"},\"thumbnailUrl\":\"https:\\\/\\\/shop.bantam.ch\\\/wp-content\\\/uploads\\\/2023\\\/02\\\/994399311.jpg\",\"datePublished\":\"2023-02-28T19:04:17+00:00\",\"dateModified\":\"2026-04-17T19:39:39+00:00\",\"breadcrumb\":{\"@id\":\"https:\\\/\\\/shop.bantam.ch\\\/fr\\\/produit\\\/echelle-telescopique-laddy-air-2\\\/#breadcrumb\"},\"inLanguage\":\"fr-FR\",\"potentialAction\":[{\"@type\":\"ReadAction\",\"target\":[\"https:\\\/\\\/shop.bantam.ch\\\/fr\\\/produit\\\/echelle-telescopique-laddy-air-2\\\/\"]}]},{\"@type\":\"ImageObject\",\"inLanguage\":\"fr-FR\",\"@id\":\"https:\\\/\\\/shop.bantam.ch\\\/fr\\\/produit\\\/echelle-telescopique-laddy-air-2\\\/#primaryimage\",\"url\":\"https:\\\/\\\/shop.bantam.ch\\\/wp-content\\\/uploads\\\/2023\\\/02\\\/994399311.jpg\",\"contentUrl\":\"https:\\\/\\\/shop.bantam.ch\\\/wp-content\\\/uploads\\\/2023\\\/02\\\/994399311.jpg\",\"width\":432,\"height\":2000},{\"@type\":\"BreadcrumbList\",\"@id\":\"https:\\\/\\\/shop.bantam.ch\\\/fr\\\/produit\\\/echelle-telescopique-laddy-air-2\\\/#breadcrumb\",\"itemListElement\":[{\"@type\":\"ListItem\",\"position\":1,\"name\":\"Accueil\",\"item\":\"https:\\\/\\\/shop.bantam.ch\\\/fr\\\/\"},{\"@type\":\"ListItem\",\"position\":2,\"name\":\"Boutique\",\"item\":\"https:\\\/\\\/shop.bantam.ch\\\/fr\\\/boutique\\\/\"},{\"@type\":\"ListItem\",\"position\":3,\"name\":\"\u00c9chelle t\u00e9lescopique BRUNNER Laddy Air charge max. 150 kg\"}]},{\"@type\":\"WebSite\",\"@id\":\"https:\\\/\\\/shop.bantam.ch\\\/fr\\\/#website\",\"url\":\"https:\\\/\\\/shop.bantam.ch\\\/fr\\\/\",\"name\":\"Bantam Wankm\u00fcller SA\",\"description\":\"\",\"publisher\":{\"@id\":\"https:\\\/\\\/shop.bantam.ch\\\/fr\\\/#organization\"},\"inLanguage\":\"fr-FR\"},{\"@type\":\"Organization\",\"@id\":\"https:\\\/\\\/shop.bantam.ch\\\/fr\\\/#organization\",\"name\":\"Bantam Wankm\u00fcller SA\",\"url\":\"https:\\\/\\\/shop.bantam.ch\\\/fr\\\/\",\"logo\":{\"@type\":\"ImageObject\",\"inLanguage\":\"fr-FR\",\"@id\":\"https:\\\/\\\/shop.bantam.ch\\\/fr\\\/#\\\/schema\\\/logo\\\/image\\\/\",\"url\":\"https:\\\/\\\/shop.bantam.ch\\\/wp-content\\\/uploads\\\/2022\\\/12\\\/bantam-logo.png\",\"contentUrl\":\"https:\\\/\\\/shop.bantam.ch\\\/wp-content\\\/uploads\\\/2022\\\/12\\\/bantam-logo.png\",\"width\":320,\"height\":71,\"caption\":\"Bantam Wankm\u00fcller SA\"},\"image\":{\"@id\":\"https:\\\/\\\/shop.bantam.ch\\\/fr\\\/#\\\/schema\\\/logo\\\/image\\\/\"}}]}<\/script>\n<!-- \/ Yoast SEO plugin. -->","yoast_head_json":{"title":"\u00c9chelle t\u00e9lescopique BRUNNER Laddy Air charge max. 150 kg - Bantam Wankm\u00fcller SA","robots":{"index":"index","follow":"follow","max-snippet":"max-snippet:-1","max-image-preview":"max-image-preview:large","max-video-preview":"max-video-preview:-1"},"canonical":"https:\/\/shop.bantam.ch\/fr\/produit\/echelle-telescopique-laddy-air-2\/","og_locale":"fr_FR","og_type":"article","og_title":"\u00c9chelle t\u00e9lescopique BRUNNER Laddy Air charge max. 150 kg - Bantam Wankm\u00fcller SA","og_description":"\u00c9chelle t\u00e9lescopique en aluminium dot\u00e9e d&rsquo;une nouvelle technologie de fermeture douce assist\u00e9e par air qui \u00e9limine le risque de blessures aux doigts. Facile \u00e0 transporter. R\u00e9glage en hauteur. \u00c9quip\u00e9e de patins en caoutchouc antid\u00e9rapants pour plus de s\u00e9curit\u00e9. Tr\u00e8s compacte.","og_url":"https:\/\/shop.bantam.ch\/fr\/produit\/echelle-telescopique-laddy-air-2\/","og_site_name":"Bantam Wankm\u00fcller SA","article_modified_time":"2026-04-17T19:39:39+00:00","og_image":[{"width":432,"height":2000,"url":"https:\/\/shop.bantam.ch\/wp-content\/uploads\/2023\/02\/994399311.jpg","type":"image\/jpeg"}],"twitter_card":"summary_large_image","schema":{"@context":"https:\/\/schema.org","@graph":[{"@type":"WebPage","@id":"https:\/\/shop.bantam.ch\/fr\/produit\/echelle-telescopique-laddy-air-2\/","url":"https:\/\/shop.bantam.ch\/fr\/produit\/echelle-telescopique-laddy-air-2\/","name":"\u00c9chelle t\u00e9lescopique BRUNNER Laddy Air charge max. 150 kg - Bantam Wankm\u00fcller SA","isPartOf":{"@id":"https:\/\/shop.bantam.ch\/fr\/#website"},"primaryImageOfPage":{"@id":"https:\/\/shop.bantam.ch\/fr\/produit\/echelle-telescopique-laddy-air-2\/#primaryimage"},"image":{"@id":"https:\/\/shop.bantam.ch\/fr\/produit\/echelle-telescopique-laddy-air-2\/#primaryimage"},"thumbnailUrl":"https:\/\/shop.bantam.ch\/wp-content\/uploads\/2023\/02\/994399311.jpg","datePublished":"2023-02-28T19:04:17+00:00","dateModified":"2026-04-17T19:39:39+00:00","breadcrumb":{"@id":"https:\/\/shop.bantam.ch\/fr\/produit\/echelle-telescopique-laddy-air-2\/#breadcrumb"},"inLanguage":"fr-FR","potentialAction":[{"@type":"ReadAction","target":["https:\/\/shop.bantam.ch\/fr\/produit\/echelle-telescopique-laddy-air-2\/"]}]},{"@type":"ImageObject","inLanguage":"fr-FR","@id":"https:\/\/shop.bantam.ch\/fr\/produit\/echelle-telescopique-laddy-air-2\/#primaryimage","url":"https:\/\/shop.bantam.ch\/wp-content\/uploads\/2023\/02\/994399311.jpg","contentUrl":"https:\/\/shop.bantam.ch\/wp-content\/uploads\/2023\/02\/994399311.jpg","width":432,"height":2000},{"@type":"BreadcrumbList","@id":"https:\/\/shop.bantam.ch\/fr\/produit\/echelle-telescopique-laddy-air-2\/#breadcrumb","itemListElement":[{"@type":"ListItem","position":1,"name":"Accueil","item":"https:\/\/shop.bantam.ch\/fr\/"},{"@type":"ListItem","position":2,"name":"Boutique","item":"https:\/\/shop.bantam.ch\/fr\/boutique\/"},{"@type":"ListItem","position":3,"name":"\u00c9chelle t\u00e9lescopique BRUNNER Laddy Air charge max. 150 kg"}]},{"@type":"WebSite","@id":"https:\/\/shop.bantam.ch\/fr\/#website","url":"https:\/\/shop.bantam.ch\/fr\/","name":"Bantam Wankm\u00fcller SA","description":"","publisher":{"@id":"https:\/\/shop.bantam.ch\/fr\/#organization"},"inLanguage":"fr-FR"},{"@type":"Organization","@id":"https:\/\/shop.bantam.ch\/fr\/#organization","name":"Bantam Wankm\u00fcller SA","url":"https:\/\/shop.bantam.ch\/fr\/","logo":{"@type":"ImageObject","inLanguage":"fr-FR","@id":"https:\/\/shop.bantam.ch\/fr\/#\/schema\/logo\/image\/","url":"https:\/\/shop.bantam.ch\/wp-content\/uploads\/2022\/12\/bantam-logo.png","contentUrl":"https:\/\/shop.bantam.ch\/wp-content\/uploads\/2022\/12\/bantam-logo.png","width":320,"height":71,"caption":"Bantam Wankm\u00fcller SA"},"image":{"@id":"https:\/\/shop.bantam.ch\/fr\/#\/schema\/logo\/image\/"}}]}},"_links":{"self":[{"href":"https:\/\/shop.bantam.ch\/fr\/wp-json\/wp\/v2\/product\/109637","targetHints":{"allow":["GET"]}}],"collection":[{"href":"https:\/\/shop.bantam.ch\/fr\/wp-json\/wp\/v2\/product"}],"about":[{"href":"https:\/\/shop.bantam.ch\/fr\/wp-json\/wp\/v2\/types\/product"}],"wp:featuredmedia":[{"embeddable":true,"href":"https:\/\/shop.bantam.ch\/fr\/wp-json\/wp\/v2\/media\/109625"}],"wp:attachment":[{"href":"https:\/\/shop.bantam.ch\/fr\/wp-json\/wp\/v2\/media?parent=109637"}],"wp:term":[{"taxonomy":"product_featured_cat","embeddable":true,"href":"https:\/\/shop.bantam.ch\/fr\/wp-json\/wp\/v2\/product_featured_cat?post=109637"},{"taxonomy":"product_brand","embeddable":true,"href":"https:\/\/shop.bantam.ch\/fr\/wp-json\/wp\/v2\/product_brand?post=109637"},{"taxonomy":"product_cat","embeddable":true,"href":"https:\/\/shop.bantam.ch\/fr\/wp-json\/wp\/v2\/product_cat?post=109637"},{"taxonomy":"product_tag","embeddable":true,"href":"https:\/\/shop.bantam.ch\/fr\/wp-json\/wp\/v2\/product_tag?post=109637"}],"curies":[{"name":"wp","href":"https:\/\/api.w.org\/{rel}","templated":true}]}}