{"id":109419,"date":"2023-02-28T19:58:48","date_gmt":"2023-02-28T18:58:48","guid":{"rendered":"https:\/\/shop.bantam.ch\/produit\/attelage-de-remorque-mt053-kk1-uni\/"},"modified":"2026-04-18T21:40:34","modified_gmt":"2026-04-18T19:40:34","slug":"attelage-de-remorque-mt053-kk1-uni","status":"publish","type":"product","link":"https:\/\/shop.bantam.ch\/fr\/produit\/attelage-de-remorque-mt053-kk1-uni\/","title":{"rendered":"Attelage remorque cplt AHK MT053 KK1- UNI"},"content":{"rendered":"<p>En tant qu\u2019attelage standard pour tous les v\u00e9hicules sans extension de ch\u00e2ssis ou pour les extensions de ch\u00e2ssis non portantes, il existe les ex\u00e9cutions en question. Les \u00e9l\u00e9ments de saisie pour syst\u00e8mes de transport sur les attelages peuvent \u00eatre ajout\u00e9s sans probl\u00e8me \u00e0 tout moment.<\/p>\n<ul>\n<li>Valeur D = 12,5 kN<\/li>\n<li>Charge d\u2019appui = 80 kg<\/li>\n<\/ul>\n","protected":false},"excerpt":{"rendered":"<p>En tant qu\u2019attelage standard pour tous les v\u00e9hicules sans extension de ch\u00e2ssis ou pour les extensions de ch\u00e2ssis non portantes, il existe les ex\u00e9cutions en question. Les \u00e9l\u00e9ments de saisie pour syst\u00e8mes de transport sur les attelages peuvent \u00eatre ajout\u00e9s sans probl\u00e8me \u00e0 tout moment. Valeur D = 12,5 kN Charge d\u2019appui = 80 kg<\/p>\n","protected":false},"featured_media":109417,"template":"","meta":{"_acf_changed":false},"product_featured_cat":[],"product_brand":[3314],"product_cat":[4795],"product_tag":[],"class_list":{"0":"post-109419","1":"product","2":"type-product","3":"status-publish","4":"has-post-thumbnail","6":"product_brand-sawiko-by-al-ko","7":"product_cat-attelages-de-remorque","9":"first","10":"instock","11":"taxable","12":"shipping-taxable","13":"purchasable","14":"product-type-simple"},"acf":[],"yoast_head":"<!-- This site is optimized with the Yoast SEO plugin v27.4 - https:\/\/yoast.com\/product\/yoast-seo-wordpress\/ -->\n<title>Attelage remorque cplt AHK MT053 KK1- UNI - Bantam Wankm\u00fcller SA<\/title>\n<meta name=\"robots\" content=\"index, follow, max-snippet:-1, max-image-preview:large, max-video-preview:-1\" \/>\n<link rel=\"canonical\" href=\"https:\/\/shop.bantam.ch\/fr\/produit\/attelage-de-remorque-mt053-kk1-uni\/\" \/>\n<meta property=\"og:locale\" content=\"fr_FR\" \/>\n<meta property=\"og:type\" content=\"article\" \/>\n<meta property=\"og:title\" content=\"Attelage remorque cplt AHK MT053 KK1- UNI - Bantam Wankm\u00fcller SA\" \/>\n<meta property=\"og:description\" content=\"En tant qu\u2019attelage standard pour tous les v\u00e9hicules sans extension de ch\u00e2ssis ou pour les extensions de ch\u00e2ssis non portantes, il existe les ex\u00e9cutions en question. Les \u00e9l\u00e9ments de saisie pour syst\u00e8mes de transport sur les attelages peuvent \u00eatre ajout\u00e9s sans probl\u00e8me \u00e0 tout moment. Valeur D = 12,5 kN Charge d\u2019appui = 80 kg\" \/>\n<meta property=\"og:url\" content=\"https:\/\/shop.bantam.ch\/fr\/produit\/attelage-de-remorque-mt053-kk1-uni\/\" \/>\n<meta property=\"og:site_name\" content=\"Bantam Wankm\u00fcller SA\" \/>\n<meta property=\"article:modified_time\" content=\"2026-04-18T19:40:34+00:00\" \/>\n<meta property=\"og:image\" content=\"https:\/\/shop.bantam.ch\/wp-content\/uploads\/2023\/02\/993594211.jpg\" \/>\n\t<meta property=\"og:image:width\" content=\"1000\" \/>\n\t<meta property=\"og:image:height\" content=\"333\" \/>\n\t<meta property=\"og:image:type\" content=\"image\/jpeg\" \/>\n<meta name=\"twitter:card\" content=\"summary_large_image\" \/>\n<script type=\"application\/ld+json\" class=\"yoast-schema-graph\">{\"@context\":\"https:\\\/\\\/schema.org\",\"@graph\":[{\"@type\":\"WebPage\",\"@id\":\"https:\\\/\\\/shop.bantam.ch\\\/fr\\\/produit\\\/attelage-de-remorque-mt053-kk1-uni\\\/\",\"url\":\"https:\\\/\\\/shop.bantam.ch\\\/fr\\\/produit\\\/attelage-de-remorque-mt053-kk1-uni\\\/\",\"name\":\"Attelage remorque cplt AHK MT053 KK1- UNI - Bantam Wankm\u00fcller SA\",\"isPartOf\":{\"@id\":\"https:\\\/\\\/shop.bantam.ch\\\/fr\\\/#website\"},\"primaryImageOfPage\":{\"@id\":\"https:\\\/\\\/shop.bantam.ch\\\/fr\\\/produit\\\/attelage-de-remorque-mt053-kk1-uni\\\/#primaryimage\"},\"image\":{\"@id\":\"https:\\\/\\\/shop.bantam.ch\\\/fr\\\/produit\\\/attelage-de-remorque-mt053-kk1-uni\\\/#primaryimage\"},\"thumbnailUrl\":\"https:\\\/\\\/shop.bantam.ch\\\/wp-content\\\/uploads\\\/2023\\\/02\\\/993594211.jpg\",\"datePublished\":\"2023-02-28T18:58:48+00:00\",\"dateModified\":\"2026-04-18T19:40:34+00:00\",\"breadcrumb\":{\"@id\":\"https:\\\/\\\/shop.bantam.ch\\\/fr\\\/produit\\\/attelage-de-remorque-mt053-kk1-uni\\\/#breadcrumb\"},\"inLanguage\":\"fr-FR\",\"potentialAction\":[{\"@type\":\"ReadAction\",\"target\":[\"https:\\\/\\\/shop.bantam.ch\\\/fr\\\/produit\\\/attelage-de-remorque-mt053-kk1-uni\\\/\"]}]},{\"@type\":\"ImageObject\",\"inLanguage\":\"fr-FR\",\"@id\":\"https:\\\/\\\/shop.bantam.ch\\\/fr\\\/produit\\\/attelage-de-remorque-mt053-kk1-uni\\\/#primaryimage\",\"url\":\"https:\\\/\\\/shop.bantam.ch\\\/wp-content\\\/uploads\\\/2023\\\/02\\\/993594211.jpg\",\"contentUrl\":\"https:\\\/\\\/shop.bantam.ch\\\/wp-content\\\/uploads\\\/2023\\\/02\\\/993594211.jpg\",\"width\":1000,\"height\":333},{\"@type\":\"BreadcrumbList\",\"@id\":\"https:\\\/\\\/shop.bantam.ch\\\/fr\\\/produit\\\/attelage-de-remorque-mt053-kk1-uni\\\/#breadcrumb\",\"itemListElement\":[{\"@type\":\"ListItem\",\"position\":1,\"name\":\"Accueil\",\"item\":\"https:\\\/\\\/shop.bantam.ch\\\/fr\\\/\"},{\"@type\":\"ListItem\",\"position\":2,\"name\":\"Boutique\",\"item\":\"https:\\\/\\\/shop.bantam.ch\\\/fr\\\/boutique\\\/\"},{\"@type\":\"ListItem\",\"position\":3,\"name\":\"Attelage remorque cplt AHK MT053 KK1- UNI\"}]},{\"@type\":\"WebSite\",\"@id\":\"https:\\\/\\\/shop.bantam.ch\\\/fr\\\/#website\",\"url\":\"https:\\\/\\\/shop.bantam.ch\\\/fr\\\/\",\"name\":\"Bantam Wankm\u00fcller SA\",\"description\":\"\",\"publisher\":{\"@id\":\"https:\\\/\\\/shop.bantam.ch\\\/fr\\\/#organization\"},\"inLanguage\":\"fr-FR\"},{\"@type\":\"Organization\",\"@id\":\"https:\\\/\\\/shop.bantam.ch\\\/fr\\\/#organization\",\"name\":\"Bantam Wankm\u00fcller SA\",\"url\":\"https:\\\/\\\/shop.bantam.ch\\\/fr\\\/\",\"logo\":{\"@type\":\"ImageObject\",\"inLanguage\":\"fr-FR\",\"@id\":\"https:\\\/\\\/shop.bantam.ch\\\/fr\\\/#\\\/schema\\\/logo\\\/image\\\/\",\"url\":\"https:\\\/\\\/shop.bantam.ch\\\/wp-content\\\/uploads\\\/2022\\\/12\\\/bantam-logo.png\",\"contentUrl\":\"https:\\\/\\\/shop.bantam.ch\\\/wp-content\\\/uploads\\\/2022\\\/12\\\/bantam-logo.png\",\"width\":320,\"height\":71,\"caption\":\"Bantam Wankm\u00fcller SA\"},\"image\":{\"@id\":\"https:\\\/\\\/shop.bantam.ch\\\/fr\\\/#\\\/schema\\\/logo\\\/image\\\/\"}}]}<\/script>\n<!-- \/ Yoast SEO plugin. -->","yoast_head_json":{"title":"Attelage remorque cplt AHK MT053 KK1- UNI - Bantam Wankm\u00fcller SA","robots":{"index":"index","follow":"follow","max-snippet":"max-snippet:-1","max-image-preview":"max-image-preview:large","max-video-preview":"max-video-preview:-1"},"canonical":"https:\/\/shop.bantam.ch\/fr\/produit\/attelage-de-remorque-mt053-kk1-uni\/","og_locale":"fr_FR","og_type":"article","og_title":"Attelage remorque cplt AHK MT053 KK1- UNI - Bantam Wankm\u00fcller SA","og_description":"En tant qu\u2019attelage standard pour tous les v\u00e9hicules sans extension de ch\u00e2ssis ou pour les extensions de ch\u00e2ssis non portantes, il existe les ex\u00e9cutions en question. Les \u00e9l\u00e9ments de saisie pour syst\u00e8mes de transport sur les attelages peuvent \u00eatre ajout\u00e9s sans probl\u00e8me \u00e0 tout moment. Valeur D = 12,5 kN Charge d\u2019appui = 80 kg","og_url":"https:\/\/shop.bantam.ch\/fr\/produit\/attelage-de-remorque-mt053-kk1-uni\/","og_site_name":"Bantam Wankm\u00fcller SA","article_modified_time":"2026-04-18T19:40:34+00:00","og_image":[{"width":1000,"height":333,"url":"https:\/\/shop.bantam.ch\/wp-content\/uploads\/2023\/02\/993594211.jpg","type":"image\/jpeg"}],"twitter_card":"summary_large_image","schema":{"@context":"https:\/\/schema.org","@graph":[{"@type":"WebPage","@id":"https:\/\/shop.bantam.ch\/fr\/produit\/attelage-de-remorque-mt053-kk1-uni\/","url":"https:\/\/shop.bantam.ch\/fr\/produit\/attelage-de-remorque-mt053-kk1-uni\/","name":"Attelage remorque cplt AHK MT053 KK1- UNI - Bantam Wankm\u00fcller SA","isPartOf":{"@id":"https:\/\/shop.bantam.ch\/fr\/#website"},"primaryImageOfPage":{"@id":"https:\/\/shop.bantam.ch\/fr\/produit\/attelage-de-remorque-mt053-kk1-uni\/#primaryimage"},"image":{"@id":"https:\/\/shop.bantam.ch\/fr\/produit\/attelage-de-remorque-mt053-kk1-uni\/#primaryimage"},"thumbnailUrl":"https:\/\/shop.bantam.ch\/wp-content\/uploads\/2023\/02\/993594211.jpg","datePublished":"2023-02-28T18:58:48+00:00","dateModified":"2026-04-18T19:40:34+00:00","breadcrumb":{"@id":"https:\/\/shop.bantam.ch\/fr\/produit\/attelage-de-remorque-mt053-kk1-uni\/#breadcrumb"},"inLanguage":"fr-FR","potentialAction":[{"@type":"ReadAction","target":["https:\/\/shop.bantam.ch\/fr\/produit\/attelage-de-remorque-mt053-kk1-uni\/"]}]},{"@type":"ImageObject","inLanguage":"fr-FR","@id":"https:\/\/shop.bantam.ch\/fr\/produit\/attelage-de-remorque-mt053-kk1-uni\/#primaryimage","url":"https:\/\/shop.bantam.ch\/wp-content\/uploads\/2023\/02\/993594211.jpg","contentUrl":"https:\/\/shop.bantam.ch\/wp-content\/uploads\/2023\/02\/993594211.jpg","width":1000,"height":333},{"@type":"BreadcrumbList","@id":"https:\/\/shop.bantam.ch\/fr\/produit\/attelage-de-remorque-mt053-kk1-uni\/#breadcrumb","itemListElement":[{"@type":"ListItem","position":1,"name":"Accueil","item":"https:\/\/shop.bantam.ch\/fr\/"},{"@type":"ListItem","position":2,"name":"Boutique","item":"https:\/\/shop.bantam.ch\/fr\/boutique\/"},{"@type":"ListItem","position":3,"name":"Attelage remorque cplt AHK MT053 KK1- UNI"}]},{"@type":"WebSite","@id":"https:\/\/shop.bantam.ch\/fr\/#website","url":"https:\/\/shop.bantam.ch\/fr\/","name":"Bantam Wankm\u00fcller SA","description":"","publisher":{"@id":"https:\/\/shop.bantam.ch\/fr\/#organization"},"inLanguage":"fr-FR"},{"@type":"Organization","@id":"https:\/\/shop.bantam.ch\/fr\/#organization","name":"Bantam Wankm\u00fcller SA","url":"https:\/\/shop.bantam.ch\/fr\/","logo":{"@type":"ImageObject","inLanguage":"fr-FR","@id":"https:\/\/shop.bantam.ch\/fr\/#\/schema\/logo\/image\/","url":"https:\/\/shop.bantam.ch\/wp-content\/uploads\/2022\/12\/bantam-logo.png","contentUrl":"https:\/\/shop.bantam.ch\/wp-content\/uploads\/2022\/12\/bantam-logo.png","width":320,"height":71,"caption":"Bantam Wankm\u00fcller SA"},"image":{"@id":"https:\/\/shop.bantam.ch\/fr\/#\/schema\/logo\/image\/"}}]}},"_links":{"self":[{"href":"https:\/\/shop.bantam.ch\/fr\/wp-json\/wp\/v2\/product\/109419","targetHints":{"allow":["GET"]}}],"collection":[{"href":"https:\/\/shop.bantam.ch\/fr\/wp-json\/wp\/v2\/product"}],"about":[{"href":"https:\/\/shop.bantam.ch\/fr\/wp-json\/wp\/v2\/types\/product"}],"wp:featuredmedia":[{"embeddable":true,"href":"https:\/\/shop.bantam.ch\/fr\/wp-json\/wp\/v2\/media\/109417"}],"wp:attachment":[{"href":"https:\/\/shop.bantam.ch\/fr\/wp-json\/wp\/v2\/media?parent=109419"}],"wp:term":[{"taxonomy":"product_featured_cat","embeddable":true,"href":"https:\/\/shop.bantam.ch\/fr\/wp-json\/wp\/v2\/product_featured_cat?post=109419"},{"taxonomy":"product_brand","embeddable":true,"href":"https:\/\/shop.bantam.ch\/fr\/wp-json\/wp\/v2\/product_brand?post=109419"},{"taxonomy":"product_cat","embeddable":true,"href":"https:\/\/shop.bantam.ch\/fr\/wp-json\/wp\/v2\/product_cat?post=109419"},{"taxonomy":"product_tag","embeddable":true,"href":"https:\/\/shop.bantam.ch\/fr\/wp-json\/wp\/v2\/product_tag?post=109419"}],"curies":[{"name":"wp","href":"https:\/\/api.w.org\/{rel}","templated":true}]}}