{"id":108587,"date":"2023-02-28T19:38:47","date_gmt":"2023-02-28T18:38:47","guid":{"rendered":"https:\/\/shop.bantam.ch\/produit\/brosse-a-vaisselle-palm-scrub-grise\/"},"modified":"2026-04-17T21:39:17","modified_gmt":"2026-04-17T19:39:17","slug":"brosse-a-vaisselle-palm-scrub-grise","status":"publish","type":"product","link":"https:\/\/shop.bantam.ch\/fr\/produit\/brosse-a-vaisselle-palm-scrub-grise\/","title":{"rendered":"Brosse vaisselle Joseph Joseph Palm Scrub\u2122 gris Brosse avec produit vaisselle"},"content":{"rendered":"<p>Robuste brosse \u00e0 vaisselle manuelle dot\u00e9e d\u2019un r\u00e9servoir facile \u00e0 remplir qui distribue la quantit\u00e9 de savon n\u00e9cessaire par une simple pression sur le bouton du haut. Brosse \u00e0 r\u00e9curer compacte avec des poils anti-rayures.<\/p>\n","protected":false},"excerpt":{"rendered":"<p>Robuste brosse \u00e0 vaisselle manuelle dot\u00e9e d\u2019un r\u00e9servoir facile \u00e0 remplir qui distribue la quantit\u00e9 de savon n\u00e9cessaire par une simple pression sur le bouton du haut. Brosse \u00e0 r\u00e9curer compacte avec des poils anti-rayures.<\/p>\n","protected":false},"featured_media":108583,"template":"","meta":{"_acf_changed":false},"product_featured_cat":[],"product_brand":[3412],"product_cat":[4289],"product_tag":[],"class_list":{"0":"post-108587","1":"product","2":"type-product","3":"status-publish","4":"has-post-thumbnail","6":"product_brand-joseph-joseph","7":"product_cat-rincage-et-nettoyage","9":"first","10":"instock","11":"taxable","12":"shipping-taxable","13":"purchasable","14":"product-type-simple"},"acf":[],"yoast_head":"<!-- This site is optimized with the Yoast SEO plugin v27.4 - https:\/\/yoast.com\/product\/yoast-seo-wordpress\/ -->\n<title>Brosse vaisselle Joseph Joseph Palm Scrub\u2122 gris Brosse avec produit vaisselle - Bantam Wankm\u00fcller SA<\/title>\n<meta name=\"robots\" content=\"index, follow, max-snippet:-1, max-image-preview:large, max-video-preview:-1\" \/>\n<link rel=\"canonical\" href=\"https:\/\/shop.bantam.ch\/fr\/produit\/brosse-a-vaisselle-palm-scrub-grise\/\" \/>\n<meta property=\"og:locale\" content=\"fr_FR\" \/>\n<meta property=\"og:type\" content=\"article\" \/>\n<meta property=\"og:title\" content=\"Brosse vaisselle Joseph Joseph Palm Scrub\u2122 gris Brosse avec produit vaisselle - Bantam Wankm\u00fcller SA\" \/>\n<meta property=\"og:description\" content=\"Robuste brosse \u00e0 vaisselle manuelle dot\u00e9e d\u2019un r\u00e9servoir facile \u00e0 remplir qui distribue la quantit\u00e9 de savon n\u00e9cessaire par une simple pression sur le bouton du haut. Brosse \u00e0 r\u00e9curer compacte avec des poils anti-rayures.\" \/>\n<meta property=\"og:url\" content=\"https:\/\/shop.bantam.ch\/fr\/produit\/brosse-a-vaisselle-palm-scrub-grise\/\" \/>\n<meta property=\"og:site_name\" content=\"Bantam Wankm\u00fcller SA\" \/>\n<meta property=\"article:modified_time\" content=\"2026-04-17T19:39:17+00:00\" \/>\n<meta property=\"og:image\" content=\"https:\/\/shop.bantam.ch\/wp-content\/uploads\/2023\/02\/993507711.jpg\" \/>\n\t<meta property=\"og:image:width\" content=\"296\" \/>\n\t<meta property=\"og:image:height\" content=\"500\" \/>\n\t<meta property=\"og:image:type\" content=\"image\/jpeg\" \/>\n<meta name=\"twitter:card\" content=\"summary_large_image\" \/>\n<script type=\"application\/ld+json\" class=\"yoast-schema-graph\">{\"@context\":\"https:\\\/\\\/schema.org\",\"@graph\":[{\"@type\":\"WebPage\",\"@id\":\"https:\\\/\\\/shop.bantam.ch\\\/fr\\\/produit\\\/brosse-a-vaisselle-palm-scrub-grise\\\/\",\"url\":\"https:\\\/\\\/shop.bantam.ch\\\/fr\\\/produit\\\/brosse-a-vaisselle-palm-scrub-grise\\\/\",\"name\":\"Brosse vaisselle Joseph Joseph Palm Scrub\u2122 gris Brosse avec produit vaisselle - Bantam Wankm\u00fcller SA\",\"isPartOf\":{\"@id\":\"https:\\\/\\\/shop.bantam.ch\\\/fr\\\/#website\"},\"primaryImageOfPage\":{\"@id\":\"https:\\\/\\\/shop.bantam.ch\\\/fr\\\/produit\\\/brosse-a-vaisselle-palm-scrub-grise\\\/#primaryimage\"},\"image\":{\"@id\":\"https:\\\/\\\/shop.bantam.ch\\\/fr\\\/produit\\\/brosse-a-vaisselle-palm-scrub-grise\\\/#primaryimage\"},\"thumbnailUrl\":\"https:\\\/\\\/shop.bantam.ch\\\/wp-content\\\/uploads\\\/2023\\\/02\\\/993507711.jpg\",\"datePublished\":\"2023-02-28T18:38:47+00:00\",\"dateModified\":\"2026-04-17T19:39:17+00:00\",\"breadcrumb\":{\"@id\":\"https:\\\/\\\/shop.bantam.ch\\\/fr\\\/produit\\\/brosse-a-vaisselle-palm-scrub-grise\\\/#breadcrumb\"},\"inLanguage\":\"fr-FR\",\"potentialAction\":[{\"@type\":\"ReadAction\",\"target\":[\"https:\\\/\\\/shop.bantam.ch\\\/fr\\\/produit\\\/brosse-a-vaisselle-palm-scrub-grise\\\/\"]}]},{\"@type\":\"ImageObject\",\"inLanguage\":\"fr-FR\",\"@id\":\"https:\\\/\\\/shop.bantam.ch\\\/fr\\\/produit\\\/brosse-a-vaisselle-palm-scrub-grise\\\/#primaryimage\",\"url\":\"https:\\\/\\\/shop.bantam.ch\\\/wp-content\\\/uploads\\\/2023\\\/02\\\/993507711.jpg\",\"contentUrl\":\"https:\\\/\\\/shop.bantam.ch\\\/wp-content\\\/uploads\\\/2023\\\/02\\\/993507711.jpg\",\"width\":296,\"height\":500},{\"@type\":\"BreadcrumbList\",\"@id\":\"https:\\\/\\\/shop.bantam.ch\\\/fr\\\/produit\\\/brosse-a-vaisselle-palm-scrub-grise\\\/#breadcrumb\",\"itemListElement\":[{\"@type\":\"ListItem\",\"position\":1,\"name\":\"Accueil\",\"item\":\"https:\\\/\\\/shop.bantam.ch\\\/fr\\\/\"},{\"@type\":\"ListItem\",\"position\":2,\"name\":\"Boutique\",\"item\":\"https:\\\/\\\/shop.bantam.ch\\\/fr\\\/boutique\\\/\"},{\"@type\":\"ListItem\",\"position\":3,\"name\":\"Brosse vaisselle Joseph Joseph Palm Scrub\u2122 gris Brosse avec produit vaisselle\"}]},{\"@type\":\"WebSite\",\"@id\":\"https:\\\/\\\/shop.bantam.ch\\\/fr\\\/#website\",\"url\":\"https:\\\/\\\/shop.bantam.ch\\\/fr\\\/\",\"name\":\"Bantam Wankm\u00fcller SA\",\"description\":\"\",\"publisher\":{\"@id\":\"https:\\\/\\\/shop.bantam.ch\\\/fr\\\/#organization\"},\"inLanguage\":\"fr-FR\"},{\"@type\":\"Organization\",\"@id\":\"https:\\\/\\\/shop.bantam.ch\\\/fr\\\/#organization\",\"name\":\"Bantam Wankm\u00fcller SA\",\"url\":\"https:\\\/\\\/shop.bantam.ch\\\/fr\\\/\",\"logo\":{\"@type\":\"ImageObject\",\"inLanguage\":\"fr-FR\",\"@id\":\"https:\\\/\\\/shop.bantam.ch\\\/fr\\\/#\\\/schema\\\/logo\\\/image\\\/\",\"url\":\"https:\\\/\\\/shop.bantam.ch\\\/wp-content\\\/uploads\\\/2022\\\/12\\\/bantam-logo.png\",\"contentUrl\":\"https:\\\/\\\/shop.bantam.ch\\\/wp-content\\\/uploads\\\/2022\\\/12\\\/bantam-logo.png\",\"width\":320,\"height\":71,\"caption\":\"Bantam Wankm\u00fcller SA\"},\"image\":{\"@id\":\"https:\\\/\\\/shop.bantam.ch\\\/fr\\\/#\\\/schema\\\/logo\\\/image\\\/\"}}]}<\/script>\n<!-- \/ Yoast SEO plugin. -->","yoast_head_json":{"title":"Brosse vaisselle Joseph Joseph Palm Scrub\u2122 gris Brosse avec produit vaisselle - Bantam Wankm\u00fcller SA","robots":{"index":"index","follow":"follow","max-snippet":"max-snippet:-1","max-image-preview":"max-image-preview:large","max-video-preview":"max-video-preview:-1"},"canonical":"https:\/\/shop.bantam.ch\/fr\/produit\/brosse-a-vaisselle-palm-scrub-grise\/","og_locale":"fr_FR","og_type":"article","og_title":"Brosse vaisselle Joseph Joseph Palm Scrub\u2122 gris Brosse avec produit vaisselle - Bantam Wankm\u00fcller SA","og_description":"Robuste brosse \u00e0 vaisselle manuelle dot\u00e9e d\u2019un r\u00e9servoir facile \u00e0 remplir qui distribue la quantit\u00e9 de savon n\u00e9cessaire par une simple pression sur le bouton du haut. Brosse \u00e0 r\u00e9curer compacte avec des poils anti-rayures.","og_url":"https:\/\/shop.bantam.ch\/fr\/produit\/brosse-a-vaisselle-palm-scrub-grise\/","og_site_name":"Bantam Wankm\u00fcller SA","article_modified_time":"2026-04-17T19:39:17+00:00","og_image":[{"width":296,"height":500,"url":"https:\/\/shop.bantam.ch\/wp-content\/uploads\/2023\/02\/993507711.jpg","type":"image\/jpeg"}],"twitter_card":"summary_large_image","schema":{"@context":"https:\/\/schema.org","@graph":[{"@type":"WebPage","@id":"https:\/\/shop.bantam.ch\/fr\/produit\/brosse-a-vaisselle-palm-scrub-grise\/","url":"https:\/\/shop.bantam.ch\/fr\/produit\/brosse-a-vaisselle-palm-scrub-grise\/","name":"Brosse vaisselle Joseph Joseph Palm Scrub\u2122 gris Brosse avec produit vaisselle - Bantam Wankm\u00fcller SA","isPartOf":{"@id":"https:\/\/shop.bantam.ch\/fr\/#website"},"primaryImageOfPage":{"@id":"https:\/\/shop.bantam.ch\/fr\/produit\/brosse-a-vaisselle-palm-scrub-grise\/#primaryimage"},"image":{"@id":"https:\/\/shop.bantam.ch\/fr\/produit\/brosse-a-vaisselle-palm-scrub-grise\/#primaryimage"},"thumbnailUrl":"https:\/\/shop.bantam.ch\/wp-content\/uploads\/2023\/02\/993507711.jpg","datePublished":"2023-02-28T18:38:47+00:00","dateModified":"2026-04-17T19:39:17+00:00","breadcrumb":{"@id":"https:\/\/shop.bantam.ch\/fr\/produit\/brosse-a-vaisselle-palm-scrub-grise\/#breadcrumb"},"inLanguage":"fr-FR","potentialAction":[{"@type":"ReadAction","target":["https:\/\/shop.bantam.ch\/fr\/produit\/brosse-a-vaisselle-palm-scrub-grise\/"]}]},{"@type":"ImageObject","inLanguage":"fr-FR","@id":"https:\/\/shop.bantam.ch\/fr\/produit\/brosse-a-vaisselle-palm-scrub-grise\/#primaryimage","url":"https:\/\/shop.bantam.ch\/wp-content\/uploads\/2023\/02\/993507711.jpg","contentUrl":"https:\/\/shop.bantam.ch\/wp-content\/uploads\/2023\/02\/993507711.jpg","width":296,"height":500},{"@type":"BreadcrumbList","@id":"https:\/\/shop.bantam.ch\/fr\/produit\/brosse-a-vaisselle-palm-scrub-grise\/#breadcrumb","itemListElement":[{"@type":"ListItem","position":1,"name":"Accueil","item":"https:\/\/shop.bantam.ch\/fr\/"},{"@type":"ListItem","position":2,"name":"Boutique","item":"https:\/\/shop.bantam.ch\/fr\/boutique\/"},{"@type":"ListItem","position":3,"name":"Brosse vaisselle Joseph Joseph Palm Scrub\u2122 gris Brosse avec produit vaisselle"}]},{"@type":"WebSite","@id":"https:\/\/shop.bantam.ch\/fr\/#website","url":"https:\/\/shop.bantam.ch\/fr\/","name":"Bantam Wankm\u00fcller SA","description":"","publisher":{"@id":"https:\/\/shop.bantam.ch\/fr\/#organization"},"inLanguage":"fr-FR"},{"@type":"Organization","@id":"https:\/\/shop.bantam.ch\/fr\/#organization","name":"Bantam Wankm\u00fcller SA","url":"https:\/\/shop.bantam.ch\/fr\/","logo":{"@type":"ImageObject","inLanguage":"fr-FR","@id":"https:\/\/shop.bantam.ch\/fr\/#\/schema\/logo\/image\/","url":"https:\/\/shop.bantam.ch\/wp-content\/uploads\/2022\/12\/bantam-logo.png","contentUrl":"https:\/\/shop.bantam.ch\/wp-content\/uploads\/2022\/12\/bantam-logo.png","width":320,"height":71,"caption":"Bantam Wankm\u00fcller SA"},"image":{"@id":"https:\/\/shop.bantam.ch\/fr\/#\/schema\/logo\/image\/"}}]}},"_links":{"self":[{"href":"https:\/\/shop.bantam.ch\/fr\/wp-json\/wp\/v2\/product\/108587","targetHints":{"allow":["GET"]}}],"collection":[{"href":"https:\/\/shop.bantam.ch\/fr\/wp-json\/wp\/v2\/product"}],"about":[{"href":"https:\/\/shop.bantam.ch\/fr\/wp-json\/wp\/v2\/types\/product"}],"wp:featuredmedia":[{"embeddable":true,"href":"https:\/\/shop.bantam.ch\/fr\/wp-json\/wp\/v2\/media\/108583"}],"wp:attachment":[{"href":"https:\/\/shop.bantam.ch\/fr\/wp-json\/wp\/v2\/media?parent=108587"}],"wp:term":[{"taxonomy":"product_featured_cat","embeddable":true,"href":"https:\/\/shop.bantam.ch\/fr\/wp-json\/wp\/v2\/product_featured_cat?post=108587"},{"taxonomy":"product_brand","embeddable":true,"href":"https:\/\/shop.bantam.ch\/fr\/wp-json\/wp\/v2\/product_brand?post=108587"},{"taxonomy":"product_cat","embeddable":true,"href":"https:\/\/shop.bantam.ch\/fr\/wp-json\/wp\/v2\/product_cat?post=108587"},{"taxonomy":"product_tag","embeddable":true,"href":"https:\/\/shop.bantam.ch\/fr\/wp-json\/wp\/v2\/product_tag?post=108587"}],"curies":[{"name":"wp","href":"https:\/\/api.w.org\/{rel}","templated":true}]}}