{"id":108525,"date":"2023-02-28T19:37:21","date_gmt":"2023-02-28T18:37:21","guid":{"rendered":"https:\/\/shop.bantam.ch\/produit\/soupape-de-commutation-caramatic-protwo\/"},"modified":"2026-04-17T22:42:11","modified_gmt":"2026-04-17T20:42:11","slug":"soupape-de-commutation-caramatic-protwo","status":"publish","type":"product","link":"https:\/\/shop.bantam.ch\/fr\/produit\/soupape-de-commutation-caramatic-protwo\/","title":{"rendered":"Soupape de commutation Caramatic ProTwo"},"content":{"rendered":"<p>Soupape de commutation automatique avec r\u00e9gulateur basse pression pour l\u2019installation \u00e0 deux bouteilles, pour un raccordement de bouteilles de gaz par flexible haute pression, pour la r\u00e9gulation de la pression \u00e0 la pression nominale de l\u2019appareil \u00e0 gaz.<\/p>\n<p>Se composant d\u2019une soupape de commutation automatique, d\u2019un d\u00e9tendeur basse pression avec vanne de d\u00e9charge PRV, d\u2019un bouton de commande, d\u2019un affichage de service et de r\u00e9serve, d\u2019un dispositif anti-retour de gaz, d\u2019un dispositif de contr\u00f4le et d\u2019un support mural<\/p>\n<p>Caramatic ProTwo 1,5 kg \/ h.<\/p>\n","protected":false},"excerpt":{"rendered":"<p>Soupape de commutation automatique avec r\u00e9gulateur basse pression pour l\u2019installation \u00e0 deux bouteilles, pour un raccordement de bouteilles de gaz par flexible haute pression, pour la r\u00e9gulation de la pression \u00e0 la pression nominale de l\u2019appareil \u00e0 gaz. Se composant d\u2019une soupape de commutation automatique, d\u2019un d\u00e9tendeur basse pression avec vanne de d\u00e9charge PRV, d\u2019un [&hellip;]<\/p>\n","protected":false},"featured_media":108517,"template":"","meta":{"_acf_changed":false},"product_featured_cat":[],"product_brand":[3254],"product_cat":[5159],"product_tag":[],"class_list":{"0":"post-108525","1":"product","2":"type-product","3":"status-publish","4":"has-post-thumbnail","6":"product_brand-gok","7":"product_cat-vannes-de-gaz","9":"first","10":"instock","11":"taxable","12":"shipping-taxable","13":"purchasable","14":"product-type-variable"},"acf":[],"yoast_head":"<!-- This site is optimized with the Yoast SEO plugin v27.4 - https:\/\/yoast.com\/product\/yoast-seo-wordpress\/ -->\n<title>Soupape de commutation Caramatic ProTwo - Bantam Wankm\u00fcller SA<\/title>\n<meta name=\"robots\" content=\"index, follow, max-snippet:-1, max-image-preview:large, max-video-preview:-1\" \/>\n<link rel=\"canonical\" href=\"https:\/\/shop.bantam.ch\/fr\/produit\/soupape-de-commutation-caramatic-protwo\/\" \/>\n<meta property=\"og:locale\" content=\"fr_FR\" \/>\n<meta property=\"og:type\" content=\"article\" \/>\n<meta property=\"og:title\" content=\"Soupape de commutation Caramatic ProTwo - Bantam Wankm\u00fcller SA\" \/>\n<meta property=\"og:description\" content=\"Soupape de commutation automatique avec r\u00e9gulateur basse pression pour l\u2019installation \u00e0 deux bouteilles, pour un raccordement de bouteilles de gaz par flexible haute pression, pour la r\u00e9gulation de la pression \u00e0 la pression nominale de l\u2019appareil \u00e0 gaz. Se composant d\u2019une soupape de commutation automatique, d\u2019un d\u00e9tendeur basse pression avec vanne de d\u00e9charge PRV, d\u2019un [&hellip;]\" \/>\n<meta property=\"og:url\" content=\"https:\/\/shop.bantam.ch\/fr\/produit\/soupape-de-commutation-caramatic-protwo\/\" \/>\n<meta property=\"og:site_name\" content=\"Bantam Wankm\u00fcller SA\" \/>\n<meta property=\"article:modified_time\" content=\"2026-04-17T20:42:11+00:00\" \/>\n<meta property=\"og:image\" content=\"https:\/\/shop.bantam.ch\/wp-content\/uploads\/2023\/02\/995544611-2.jpg\" \/>\n\t<meta property=\"og:image:width\" content=\"720\" \/>\n\t<meta property=\"og:image:height\" content=\"1000\" \/>\n\t<meta property=\"og:image:type\" content=\"image\/jpeg\" \/>\n<meta name=\"twitter:card\" content=\"summary_large_image\" \/>\n<script type=\"application\/ld+json\" class=\"yoast-schema-graph\">{\"@context\":\"https:\\\/\\\/schema.org\",\"@graph\":[{\"@type\":\"WebPage\",\"@id\":\"https:\\\/\\\/shop.bantam.ch\\\/fr\\\/produit\\\/soupape-de-commutation-caramatic-protwo\\\/\",\"url\":\"https:\\\/\\\/shop.bantam.ch\\\/fr\\\/produit\\\/soupape-de-commutation-caramatic-protwo\\\/\",\"name\":\"Soupape de commutation Caramatic ProTwo - Bantam Wankm\u00fcller SA\",\"isPartOf\":{\"@id\":\"https:\\\/\\\/shop.bantam.ch\\\/fr\\\/#website\"},\"primaryImageOfPage\":{\"@id\":\"https:\\\/\\\/shop.bantam.ch\\\/fr\\\/produit\\\/soupape-de-commutation-caramatic-protwo\\\/#primaryimage\"},\"image\":{\"@id\":\"https:\\\/\\\/shop.bantam.ch\\\/fr\\\/produit\\\/soupape-de-commutation-caramatic-protwo\\\/#primaryimage\"},\"thumbnailUrl\":\"https:\\\/\\\/shop.bantam.ch\\\/wp-content\\\/uploads\\\/2023\\\/02\\\/995544611-2.jpg\",\"datePublished\":\"2023-02-28T18:37:21+00:00\",\"dateModified\":\"2026-04-17T20:42:11+00:00\",\"breadcrumb\":{\"@id\":\"https:\\\/\\\/shop.bantam.ch\\\/fr\\\/produit\\\/soupape-de-commutation-caramatic-protwo\\\/#breadcrumb\"},\"inLanguage\":\"fr-FR\",\"potentialAction\":[{\"@type\":\"ReadAction\",\"target\":[\"https:\\\/\\\/shop.bantam.ch\\\/fr\\\/produit\\\/soupape-de-commutation-caramatic-protwo\\\/\"]}]},{\"@type\":\"ImageObject\",\"inLanguage\":\"fr-FR\",\"@id\":\"https:\\\/\\\/shop.bantam.ch\\\/fr\\\/produit\\\/soupape-de-commutation-caramatic-protwo\\\/#primaryimage\",\"url\":\"https:\\\/\\\/shop.bantam.ch\\\/wp-content\\\/uploads\\\/2023\\\/02\\\/995544611-2.jpg\",\"contentUrl\":\"https:\\\/\\\/shop.bantam.ch\\\/wp-content\\\/uploads\\\/2023\\\/02\\\/995544611-2.jpg\",\"width\":720,\"height\":1000},{\"@type\":\"BreadcrumbList\",\"@id\":\"https:\\\/\\\/shop.bantam.ch\\\/fr\\\/produit\\\/soupape-de-commutation-caramatic-protwo\\\/#breadcrumb\",\"itemListElement\":[{\"@type\":\"ListItem\",\"position\":1,\"name\":\"Accueil\",\"item\":\"https:\\\/\\\/shop.bantam.ch\\\/fr\\\/\"},{\"@type\":\"ListItem\",\"position\":2,\"name\":\"Boutique\",\"item\":\"https:\\\/\\\/shop.bantam.ch\\\/fr\\\/boutique\\\/\"},{\"@type\":\"ListItem\",\"position\":3,\"name\":\"Soupape de commutation Caramatic ProTwo\"}]},{\"@type\":\"WebSite\",\"@id\":\"https:\\\/\\\/shop.bantam.ch\\\/fr\\\/#website\",\"url\":\"https:\\\/\\\/shop.bantam.ch\\\/fr\\\/\",\"name\":\"Bantam Wankm\u00fcller SA\",\"description\":\"\",\"publisher\":{\"@id\":\"https:\\\/\\\/shop.bantam.ch\\\/fr\\\/#organization\"},\"inLanguage\":\"fr-FR\"},{\"@type\":\"Organization\",\"@id\":\"https:\\\/\\\/shop.bantam.ch\\\/fr\\\/#organization\",\"name\":\"Bantam Wankm\u00fcller SA\",\"url\":\"https:\\\/\\\/shop.bantam.ch\\\/fr\\\/\",\"logo\":{\"@type\":\"ImageObject\",\"inLanguage\":\"fr-FR\",\"@id\":\"https:\\\/\\\/shop.bantam.ch\\\/fr\\\/#\\\/schema\\\/logo\\\/image\\\/\",\"url\":\"https:\\\/\\\/shop.bantam.ch\\\/wp-content\\\/uploads\\\/2022\\\/12\\\/bantam-logo.png\",\"contentUrl\":\"https:\\\/\\\/shop.bantam.ch\\\/wp-content\\\/uploads\\\/2022\\\/12\\\/bantam-logo.png\",\"width\":320,\"height\":71,\"caption\":\"Bantam Wankm\u00fcller SA\"},\"image\":{\"@id\":\"https:\\\/\\\/shop.bantam.ch\\\/fr\\\/#\\\/schema\\\/logo\\\/image\\\/\"}}]}<\/script>\n<!-- \/ Yoast SEO plugin. -->","yoast_head_json":{"title":"Soupape de commutation Caramatic ProTwo - Bantam Wankm\u00fcller SA","robots":{"index":"index","follow":"follow","max-snippet":"max-snippet:-1","max-image-preview":"max-image-preview:large","max-video-preview":"max-video-preview:-1"},"canonical":"https:\/\/shop.bantam.ch\/fr\/produit\/soupape-de-commutation-caramatic-protwo\/","og_locale":"fr_FR","og_type":"article","og_title":"Soupape de commutation Caramatic ProTwo - Bantam Wankm\u00fcller SA","og_description":"Soupape de commutation automatique avec r\u00e9gulateur basse pression pour l\u2019installation \u00e0 deux bouteilles, pour un raccordement de bouteilles de gaz par flexible haute pression, pour la r\u00e9gulation de la pression \u00e0 la pression nominale de l\u2019appareil \u00e0 gaz. Se composant d\u2019une soupape de commutation automatique, d\u2019un d\u00e9tendeur basse pression avec vanne de d\u00e9charge PRV, d\u2019un [&hellip;]","og_url":"https:\/\/shop.bantam.ch\/fr\/produit\/soupape-de-commutation-caramatic-protwo\/","og_site_name":"Bantam Wankm\u00fcller SA","article_modified_time":"2026-04-17T20:42:11+00:00","og_image":[{"width":720,"height":1000,"url":"https:\/\/shop.bantam.ch\/wp-content\/uploads\/2023\/02\/995544611-2.jpg","type":"image\/jpeg"}],"twitter_card":"summary_large_image","schema":{"@context":"https:\/\/schema.org","@graph":[{"@type":"WebPage","@id":"https:\/\/shop.bantam.ch\/fr\/produit\/soupape-de-commutation-caramatic-protwo\/","url":"https:\/\/shop.bantam.ch\/fr\/produit\/soupape-de-commutation-caramatic-protwo\/","name":"Soupape de commutation Caramatic ProTwo - Bantam Wankm\u00fcller SA","isPartOf":{"@id":"https:\/\/shop.bantam.ch\/fr\/#website"},"primaryImageOfPage":{"@id":"https:\/\/shop.bantam.ch\/fr\/produit\/soupape-de-commutation-caramatic-protwo\/#primaryimage"},"image":{"@id":"https:\/\/shop.bantam.ch\/fr\/produit\/soupape-de-commutation-caramatic-protwo\/#primaryimage"},"thumbnailUrl":"https:\/\/shop.bantam.ch\/wp-content\/uploads\/2023\/02\/995544611-2.jpg","datePublished":"2023-02-28T18:37:21+00:00","dateModified":"2026-04-17T20:42:11+00:00","breadcrumb":{"@id":"https:\/\/shop.bantam.ch\/fr\/produit\/soupape-de-commutation-caramatic-protwo\/#breadcrumb"},"inLanguage":"fr-FR","potentialAction":[{"@type":"ReadAction","target":["https:\/\/shop.bantam.ch\/fr\/produit\/soupape-de-commutation-caramatic-protwo\/"]}]},{"@type":"ImageObject","inLanguage":"fr-FR","@id":"https:\/\/shop.bantam.ch\/fr\/produit\/soupape-de-commutation-caramatic-protwo\/#primaryimage","url":"https:\/\/shop.bantam.ch\/wp-content\/uploads\/2023\/02\/995544611-2.jpg","contentUrl":"https:\/\/shop.bantam.ch\/wp-content\/uploads\/2023\/02\/995544611-2.jpg","width":720,"height":1000},{"@type":"BreadcrumbList","@id":"https:\/\/shop.bantam.ch\/fr\/produit\/soupape-de-commutation-caramatic-protwo\/#breadcrumb","itemListElement":[{"@type":"ListItem","position":1,"name":"Accueil","item":"https:\/\/shop.bantam.ch\/fr\/"},{"@type":"ListItem","position":2,"name":"Boutique","item":"https:\/\/shop.bantam.ch\/fr\/boutique\/"},{"@type":"ListItem","position":3,"name":"Soupape de commutation Caramatic ProTwo"}]},{"@type":"WebSite","@id":"https:\/\/shop.bantam.ch\/fr\/#website","url":"https:\/\/shop.bantam.ch\/fr\/","name":"Bantam Wankm\u00fcller SA","description":"","publisher":{"@id":"https:\/\/shop.bantam.ch\/fr\/#organization"},"inLanguage":"fr-FR"},{"@type":"Organization","@id":"https:\/\/shop.bantam.ch\/fr\/#organization","name":"Bantam Wankm\u00fcller SA","url":"https:\/\/shop.bantam.ch\/fr\/","logo":{"@type":"ImageObject","inLanguage":"fr-FR","@id":"https:\/\/shop.bantam.ch\/fr\/#\/schema\/logo\/image\/","url":"https:\/\/shop.bantam.ch\/wp-content\/uploads\/2022\/12\/bantam-logo.png","contentUrl":"https:\/\/shop.bantam.ch\/wp-content\/uploads\/2022\/12\/bantam-logo.png","width":320,"height":71,"caption":"Bantam Wankm\u00fcller SA"},"image":{"@id":"https:\/\/shop.bantam.ch\/fr\/#\/schema\/logo\/image\/"}}]}},"_links":{"self":[{"href":"https:\/\/shop.bantam.ch\/fr\/wp-json\/wp\/v2\/product\/108525","targetHints":{"allow":["GET"]}}],"collection":[{"href":"https:\/\/shop.bantam.ch\/fr\/wp-json\/wp\/v2\/product"}],"about":[{"href":"https:\/\/shop.bantam.ch\/fr\/wp-json\/wp\/v2\/types\/product"}],"wp:featuredmedia":[{"embeddable":true,"href":"https:\/\/shop.bantam.ch\/fr\/wp-json\/wp\/v2\/media\/108517"}],"wp:attachment":[{"href":"https:\/\/shop.bantam.ch\/fr\/wp-json\/wp\/v2\/media?parent=108525"}],"wp:term":[{"taxonomy":"product_featured_cat","embeddable":true,"href":"https:\/\/shop.bantam.ch\/fr\/wp-json\/wp\/v2\/product_featured_cat?post=108525"},{"taxonomy":"product_brand","embeddable":true,"href":"https:\/\/shop.bantam.ch\/fr\/wp-json\/wp\/v2\/product_brand?post=108525"},{"taxonomy":"product_cat","embeddable":true,"href":"https:\/\/shop.bantam.ch\/fr\/wp-json\/wp\/v2\/product_cat?post=108525"},{"taxonomy":"product_tag","embeddable":true,"href":"https:\/\/shop.bantam.ch\/fr\/wp-json\/wp\/v2\/product_tag?post=108525"}],"curies":[{"name":"wp","href":"https:\/\/api.w.org\/{rel}","templated":true}]}}