{"id":108332,"date":"2023-02-28T08:34:03","date_gmt":"2023-02-28T07:34:03","guid":{"rendered":"http:\/\/shop.bantam.ch\/produit\/kit-conversion-electrique-pour-verins-caravane\/"},"modified":"2026-04-18T21:40:12","modified_gmt":"2026-04-18T19:40:12","slug":"kit-conversion-electrique-pour-verins-caravane","status":"publish","type":"product","link":"https:\/\/shop.bantam.ch\/fr\/produit\/kit-conversion-electrique-pour-verins-caravane\/","title":{"rendered":"Kit conversion \u00e9lectrique ENDURO pour b\u00e9quille Caravan"},"content":{"rendered":"<p>Le kit ENDURO autoSteady\u00a0AS101 stabilise la caravane totalement automatiquement en 90\u00a0secondes. Apr\u00e8s avoir remplac\u00e9 les broches des pieds d\u2019appui AL-KO \u00ab\u00a0Stabil\u00a0\u00bb ou \u00ab\u00a0Premium\u00a0\u00bb par les broches livr\u00e9es, le module de commande fourni r\u00e9gule les pieds d\u2019appui automatiquement pour \u00e9viter \u00e0 la caravane de basculer et pour am\u00e9liorer la position. Caract\u00e9ristiques et donn\u00e9es techniques\u00a0:<\/p>\n<ul>\n<li>Quatre moteurs 12\u00a0V dans le kit, avec t\u00e9l\u00e9commande et module de commande 12\u00a0V<\/li>\n<li>Affichage LED en cas de surcharge et d\u2019erreur de fonctionnement sur le module de commande et affichage LED avec avertissement sonore sur la t\u00e9l\u00e9commande<\/li>\n<li>Deux fonctions\u00a0: AUTO\u00a0: tous les pieds d\u2019appui sont actionn\u00e9s automatiquement en simultan\u00e9\u00a0; FONCTIONNEMENT INDIVIDUEL\u00a0<\/li>\n<li>les pieds d\u2019appui sont actionn\u00e9s individuellement<\/li>\n<li>Installation simple du m\u00e9canisme autoSteady au niveau des pieds d\u2019appui existants<\/li>\n<li>Garde au sol identique<\/li>\n<li>Avec 4\u00a0plaques d\u2019appui en plastique pour la fixation permanente sur les supports<\/li>\n<li>Les plaques d\u2019appui \u00e9vitent l\u2019enlisement et assurent une plus grande stabilit\u00e9<\/li>\n<li>Avec niveau \u00e0 bulle multiniveau<\/li>\n<li>Utilisable aussi avec le mod\u00e8le EM505FL<\/li>\n<li>Alimentation \u00e9lectrique : 12 V<\/li>\n<li>Poids suppl\u00e9mentaire de la caravane\u00a0: Env. 9 kg<\/li>\n<li>totale autoris\u00e9e : Env. 13,5 kg<\/li>\n<li>Poids total autoris\u00e9 de la caravane\u00a0: Nombre max. 2\u00a0000\u00a0kg<\/li>\n<li>Moyenne\/max. Consommation \u00e9lectrique\u00a0: 6\u00a0A \/ 24\u00a0A<\/li>\n<li>Alimentation \u00e9lectrique (batterie au plomb)\u00a0: 12\u00a0V\/min 50 Ah<\/li>\n<li>T\u00e9l\u00e9commande\u00a0: Avec 1\u00a0batterie PP3 9\u00a0V<\/li>\n<\/ul>\n","protected":false},"excerpt":{"rendered":"<p>Le kit ENDURO autoSteady\u00a0AS101 stabilise la caravane totalement automatiquement en 90\u00a0secondes. Apr\u00e8s avoir remplac\u00e9 les broches des pieds d\u2019appui AL-KO \u00ab\u00a0Stabil\u00a0\u00bb ou \u00ab\u00a0Premium\u00a0\u00bb par les broches livr\u00e9es, le module de commande fourni r\u00e9gule les pieds d\u2019appui automatiquement pour \u00e9viter \u00e0 la caravane de basculer et pour am\u00e9liorer la position. Caract\u00e9ristiques et donn\u00e9es techniques\u00a0: Quatre moteurs [&hellip;]<\/p>\n","protected":false},"featured_media":108324,"template":"","meta":{"_acf_changed":false},"product_featured_cat":[],"product_brand":[3560],"product_cat":[4771],"product_tag":[],"class_list":{"0":"post-108332","1":"product","2":"type-product","3":"status-publish","4":"has-post-thumbnail","6":"product_brand-enduro","7":"product_cat-supports-elevateurs-electriques-et-mecaniques","9":"first","10":"instock","11":"taxable","12":"shipping-taxable","13":"purchasable","14":"product-type-simple"},"acf":[],"yoast_head":"<!-- This site is optimized with the Yoast SEO plugin v27.4 - https:\/\/yoast.com\/product\/yoast-seo-wordpress\/ -->\n<title>Kit conversion \u00e9lectrique ENDURO pour b\u00e9quille Caravan - Bantam Wankm\u00fcller SA<\/title>\n<meta name=\"robots\" content=\"index, follow, max-snippet:-1, max-image-preview:large, max-video-preview:-1\" \/>\n<link rel=\"canonical\" href=\"https:\/\/shop.bantam.ch\/fr\/produit\/kit-conversion-electrique-pour-verins-caravane\/\" \/>\n<meta property=\"og:locale\" content=\"fr_FR\" \/>\n<meta property=\"og:type\" content=\"article\" \/>\n<meta property=\"og:title\" content=\"Kit conversion \u00e9lectrique ENDURO pour b\u00e9quille Caravan - Bantam Wankm\u00fcller SA\" \/>\n<meta property=\"og:description\" content=\"Le kit ENDURO autoSteady\u00a0AS101 stabilise la caravane totalement automatiquement en 90\u00a0secondes. Apr\u00e8s avoir remplac\u00e9 les broches des pieds d\u2019appui AL-KO \u00ab\u00a0Stabil\u00a0\u00bb ou \u00ab\u00a0Premium\u00a0\u00bb par les broches livr\u00e9es, le module de commande fourni r\u00e9gule les pieds d\u2019appui automatiquement pour \u00e9viter \u00e0 la caravane de basculer et pour am\u00e9liorer la position. Caract\u00e9ristiques et donn\u00e9es techniques\u00a0: Quatre moteurs [&hellip;]\" \/>\n<meta property=\"og:url\" content=\"https:\/\/shop.bantam.ch\/fr\/produit\/kit-conversion-electrique-pour-verins-caravane\/\" \/>\n<meta property=\"og:site_name\" content=\"Bantam Wankm\u00fcller SA\" \/>\n<meta property=\"article:modified_time\" content=\"2026-04-18T19:40:12+00:00\" \/>\n<meta property=\"og:image\" content=\"https:\/\/shop.bantam.ch\/wp-content\/uploads\/2023\/02\/994396711.jpg\" \/>\n\t<meta property=\"og:image:width\" content=\"1000\" \/>\n\t<meta property=\"og:image:height\" content=\"716\" \/>\n\t<meta property=\"og:image:type\" content=\"image\/jpeg\" \/>\n<meta name=\"twitter:card\" content=\"summary_large_image\" \/>\n<meta name=\"twitter:label1\" content=\"Dur\u00e9e de lecture estim\u00e9e\" \/>\n\t<meta name=\"twitter:data1\" content=\"1 minute\" \/>\n<script type=\"application\/ld+json\" class=\"yoast-schema-graph\">{\"@context\":\"https:\\\/\\\/schema.org\",\"@graph\":[{\"@type\":\"WebPage\",\"@id\":\"https:\\\/\\\/shop.bantam.ch\\\/fr\\\/produit\\\/kit-conversion-electrique-pour-verins-caravane\\\/\",\"url\":\"https:\\\/\\\/shop.bantam.ch\\\/fr\\\/produit\\\/kit-conversion-electrique-pour-verins-caravane\\\/\",\"name\":\"Kit conversion \u00e9lectrique ENDURO pour b\u00e9quille Caravan - Bantam Wankm\u00fcller SA\",\"isPartOf\":{\"@id\":\"https:\\\/\\\/shop.bantam.ch\\\/fr\\\/#website\"},\"primaryImageOfPage\":{\"@id\":\"https:\\\/\\\/shop.bantam.ch\\\/fr\\\/produit\\\/kit-conversion-electrique-pour-verins-caravane\\\/#primaryimage\"},\"image\":{\"@id\":\"https:\\\/\\\/shop.bantam.ch\\\/fr\\\/produit\\\/kit-conversion-electrique-pour-verins-caravane\\\/#primaryimage\"},\"thumbnailUrl\":\"https:\\\/\\\/shop.bantam.ch\\\/wp-content\\\/uploads\\\/2023\\\/02\\\/994396711.jpg\",\"datePublished\":\"2023-02-28T07:34:03+00:00\",\"dateModified\":\"2026-04-18T19:40:12+00:00\",\"breadcrumb\":{\"@id\":\"https:\\\/\\\/shop.bantam.ch\\\/fr\\\/produit\\\/kit-conversion-electrique-pour-verins-caravane\\\/#breadcrumb\"},\"inLanguage\":\"fr-FR\",\"potentialAction\":[{\"@type\":\"ReadAction\",\"target\":[\"https:\\\/\\\/shop.bantam.ch\\\/fr\\\/produit\\\/kit-conversion-electrique-pour-verins-caravane\\\/\"]}]},{\"@type\":\"ImageObject\",\"inLanguage\":\"fr-FR\",\"@id\":\"https:\\\/\\\/shop.bantam.ch\\\/fr\\\/produit\\\/kit-conversion-electrique-pour-verins-caravane\\\/#primaryimage\",\"url\":\"https:\\\/\\\/shop.bantam.ch\\\/wp-content\\\/uploads\\\/2023\\\/02\\\/994396711.jpg\",\"contentUrl\":\"https:\\\/\\\/shop.bantam.ch\\\/wp-content\\\/uploads\\\/2023\\\/02\\\/994396711.jpg\",\"width\":1000,\"height\":716},{\"@type\":\"BreadcrumbList\",\"@id\":\"https:\\\/\\\/shop.bantam.ch\\\/fr\\\/produit\\\/kit-conversion-electrique-pour-verins-caravane\\\/#breadcrumb\",\"itemListElement\":[{\"@type\":\"ListItem\",\"position\":1,\"name\":\"Accueil\",\"item\":\"https:\\\/\\\/shop.bantam.ch\\\/fr\\\/\"},{\"@type\":\"ListItem\",\"position\":2,\"name\":\"Boutique\",\"item\":\"https:\\\/\\\/shop.bantam.ch\\\/fr\\\/boutique\\\/\"},{\"@type\":\"ListItem\",\"position\":3,\"name\":\"Kit conversion \u00e9lectrique ENDURO pour b\u00e9quille Caravan\"}]},{\"@type\":\"WebSite\",\"@id\":\"https:\\\/\\\/shop.bantam.ch\\\/fr\\\/#website\",\"url\":\"https:\\\/\\\/shop.bantam.ch\\\/fr\\\/\",\"name\":\"Bantam Wankm\u00fcller SA\",\"description\":\"\",\"publisher\":{\"@id\":\"https:\\\/\\\/shop.bantam.ch\\\/fr\\\/#organization\"},\"inLanguage\":\"fr-FR\"},{\"@type\":\"Organization\",\"@id\":\"https:\\\/\\\/shop.bantam.ch\\\/fr\\\/#organization\",\"name\":\"Bantam Wankm\u00fcller SA\",\"url\":\"https:\\\/\\\/shop.bantam.ch\\\/fr\\\/\",\"logo\":{\"@type\":\"ImageObject\",\"inLanguage\":\"fr-FR\",\"@id\":\"https:\\\/\\\/shop.bantam.ch\\\/fr\\\/#\\\/schema\\\/logo\\\/image\\\/\",\"url\":\"https:\\\/\\\/shop.bantam.ch\\\/wp-content\\\/uploads\\\/2022\\\/12\\\/bantam-logo.png\",\"contentUrl\":\"https:\\\/\\\/shop.bantam.ch\\\/wp-content\\\/uploads\\\/2022\\\/12\\\/bantam-logo.png\",\"width\":320,\"height\":71,\"caption\":\"Bantam Wankm\u00fcller SA\"},\"image\":{\"@id\":\"https:\\\/\\\/shop.bantam.ch\\\/fr\\\/#\\\/schema\\\/logo\\\/image\\\/\"}}]}<\/script>\n<!-- \/ Yoast SEO plugin. -->","yoast_head_json":{"title":"Kit conversion \u00e9lectrique ENDURO pour b\u00e9quille Caravan - Bantam Wankm\u00fcller SA","robots":{"index":"index","follow":"follow","max-snippet":"max-snippet:-1","max-image-preview":"max-image-preview:large","max-video-preview":"max-video-preview:-1"},"canonical":"https:\/\/shop.bantam.ch\/fr\/produit\/kit-conversion-electrique-pour-verins-caravane\/","og_locale":"fr_FR","og_type":"article","og_title":"Kit conversion \u00e9lectrique ENDURO pour b\u00e9quille Caravan - Bantam Wankm\u00fcller SA","og_description":"Le kit ENDURO autoSteady\u00a0AS101 stabilise la caravane totalement automatiquement en 90\u00a0secondes. Apr\u00e8s avoir remplac\u00e9 les broches des pieds d\u2019appui AL-KO \u00ab\u00a0Stabil\u00a0\u00bb ou \u00ab\u00a0Premium\u00a0\u00bb par les broches livr\u00e9es, le module de commande fourni r\u00e9gule les pieds d\u2019appui automatiquement pour \u00e9viter \u00e0 la caravane de basculer et pour am\u00e9liorer la position. Caract\u00e9ristiques et donn\u00e9es techniques\u00a0: Quatre moteurs [&hellip;]","og_url":"https:\/\/shop.bantam.ch\/fr\/produit\/kit-conversion-electrique-pour-verins-caravane\/","og_site_name":"Bantam Wankm\u00fcller SA","article_modified_time":"2026-04-18T19:40:12+00:00","og_image":[{"width":1000,"height":716,"url":"https:\/\/shop.bantam.ch\/wp-content\/uploads\/2023\/02\/994396711.jpg","type":"image\/jpeg"}],"twitter_card":"summary_large_image","twitter_misc":{"Dur\u00e9e de lecture estim\u00e9e":"1 minute"},"schema":{"@context":"https:\/\/schema.org","@graph":[{"@type":"WebPage","@id":"https:\/\/shop.bantam.ch\/fr\/produit\/kit-conversion-electrique-pour-verins-caravane\/","url":"https:\/\/shop.bantam.ch\/fr\/produit\/kit-conversion-electrique-pour-verins-caravane\/","name":"Kit conversion \u00e9lectrique ENDURO pour b\u00e9quille Caravan - Bantam Wankm\u00fcller SA","isPartOf":{"@id":"https:\/\/shop.bantam.ch\/fr\/#website"},"primaryImageOfPage":{"@id":"https:\/\/shop.bantam.ch\/fr\/produit\/kit-conversion-electrique-pour-verins-caravane\/#primaryimage"},"image":{"@id":"https:\/\/shop.bantam.ch\/fr\/produit\/kit-conversion-electrique-pour-verins-caravane\/#primaryimage"},"thumbnailUrl":"https:\/\/shop.bantam.ch\/wp-content\/uploads\/2023\/02\/994396711.jpg","datePublished":"2023-02-28T07:34:03+00:00","dateModified":"2026-04-18T19:40:12+00:00","breadcrumb":{"@id":"https:\/\/shop.bantam.ch\/fr\/produit\/kit-conversion-electrique-pour-verins-caravane\/#breadcrumb"},"inLanguage":"fr-FR","potentialAction":[{"@type":"ReadAction","target":["https:\/\/shop.bantam.ch\/fr\/produit\/kit-conversion-electrique-pour-verins-caravane\/"]}]},{"@type":"ImageObject","inLanguage":"fr-FR","@id":"https:\/\/shop.bantam.ch\/fr\/produit\/kit-conversion-electrique-pour-verins-caravane\/#primaryimage","url":"https:\/\/shop.bantam.ch\/wp-content\/uploads\/2023\/02\/994396711.jpg","contentUrl":"https:\/\/shop.bantam.ch\/wp-content\/uploads\/2023\/02\/994396711.jpg","width":1000,"height":716},{"@type":"BreadcrumbList","@id":"https:\/\/shop.bantam.ch\/fr\/produit\/kit-conversion-electrique-pour-verins-caravane\/#breadcrumb","itemListElement":[{"@type":"ListItem","position":1,"name":"Accueil","item":"https:\/\/shop.bantam.ch\/fr\/"},{"@type":"ListItem","position":2,"name":"Boutique","item":"https:\/\/shop.bantam.ch\/fr\/boutique\/"},{"@type":"ListItem","position":3,"name":"Kit conversion \u00e9lectrique ENDURO pour b\u00e9quille Caravan"}]},{"@type":"WebSite","@id":"https:\/\/shop.bantam.ch\/fr\/#website","url":"https:\/\/shop.bantam.ch\/fr\/","name":"Bantam Wankm\u00fcller SA","description":"","publisher":{"@id":"https:\/\/shop.bantam.ch\/fr\/#organization"},"inLanguage":"fr-FR"},{"@type":"Organization","@id":"https:\/\/shop.bantam.ch\/fr\/#organization","name":"Bantam Wankm\u00fcller SA","url":"https:\/\/shop.bantam.ch\/fr\/","logo":{"@type":"ImageObject","inLanguage":"fr-FR","@id":"https:\/\/shop.bantam.ch\/fr\/#\/schema\/logo\/image\/","url":"https:\/\/shop.bantam.ch\/wp-content\/uploads\/2022\/12\/bantam-logo.png","contentUrl":"https:\/\/shop.bantam.ch\/wp-content\/uploads\/2022\/12\/bantam-logo.png","width":320,"height":71,"caption":"Bantam Wankm\u00fcller SA"},"image":{"@id":"https:\/\/shop.bantam.ch\/fr\/#\/schema\/logo\/image\/"}}]}},"_links":{"self":[{"href":"https:\/\/shop.bantam.ch\/fr\/wp-json\/wp\/v2\/product\/108332","targetHints":{"allow":["GET"]}}],"collection":[{"href":"https:\/\/shop.bantam.ch\/fr\/wp-json\/wp\/v2\/product"}],"about":[{"href":"https:\/\/shop.bantam.ch\/fr\/wp-json\/wp\/v2\/types\/product"}],"wp:featuredmedia":[{"embeddable":true,"href":"https:\/\/shop.bantam.ch\/fr\/wp-json\/wp\/v2\/media\/108324"}],"wp:attachment":[{"href":"https:\/\/shop.bantam.ch\/fr\/wp-json\/wp\/v2\/media?parent=108332"}],"wp:term":[{"taxonomy":"product_featured_cat","embeddable":true,"href":"https:\/\/shop.bantam.ch\/fr\/wp-json\/wp\/v2\/product_featured_cat?post=108332"},{"taxonomy":"product_brand","embeddable":true,"href":"https:\/\/shop.bantam.ch\/fr\/wp-json\/wp\/v2\/product_brand?post=108332"},{"taxonomy":"product_cat","embeddable":true,"href":"https:\/\/shop.bantam.ch\/fr\/wp-json\/wp\/v2\/product_cat?post=108332"},{"taxonomy":"product_tag","embeddable":true,"href":"https:\/\/shop.bantam.ch\/fr\/wp-json\/wp\/v2\/product_tag?post=108332"}],"curies":[{"name":"wp","href":"https:\/\/api.w.org\/{rel}","templated":true}]}}