{"id":108276,"date":"2023-02-28T08:33:06","date_gmt":"2023-02-28T07:33:06","guid":{"rendered":"http:\/\/shop.bantam.ch\/produit\/supports-pour-feux-pour-support-plaque-immatriculation\/"},"modified":"2026-04-17T23:10:20","modified_gmt":"2026-04-17T21:10:20","slug":"supports-pour-feux-pour-support-plaque-immatriculation","status":"publish","type":"product","link":"https:\/\/shop.bantam.ch\/fr\/produit\/supports-pour-feux-pour-support-plaque-immatriculation\/","title":{"rendered":"Supports pour feux pour support plaque immatriculation"},"content":{"rendered":"<p>Lumi\u00e8re pour plaque d\u2019immatriculation en aluminium, facile \u00e0 installer sur Carry-Bike lorsque les v\u00e9los cachent les feux arri\u00e8re ou la plaque d\u2019immatriculation. Montage \u00e0 l\u2019aide des fixations fournies sur l\u2019\u00e9trier de support. La structure peut pivoter \u00e0 90\u00a0degr\u00e9s pour ouvrir et fermer l\u2019\u00e9trier de support. Complet avec connecteur 13\u00a0p\u00f4les<\/p>\n<p>Le montage s\u2018effectue avec les supports sur l\u2018\u00e9trier. Avec Connecteur 13\u00a0p\u00f4les.<\/p>\n","protected":false},"excerpt":{"rendered":"<p>Lumi\u00e8re pour plaque d\u2019immatriculation en aluminium, facile \u00e0 installer sur Carry-Bike lorsque les v\u00e9los cachent les feux arri\u00e8re ou la plaque d\u2019immatriculation. Montage \u00e0 l\u2019aide des fixations fournies sur l\u2019\u00e9trier de support. La structure peut pivoter \u00e0 90\u00a0degr\u00e9s pour ouvrir et fermer l\u2019\u00e9trier de support. Complet avec connecteur 13\u00a0p\u00f4les Le montage s\u2018effectue avec les supports [&hellip;]<\/p>\n","protected":false},"featured_media":108268,"template":"","meta":{"_acf_changed":false},"product_featured_cat":[],"product_brand":[3034],"product_cat":[4697],"product_tag":[],"class_list":{"0":"post-108276","1":"product","2":"type-product","3":"status-publish","4":"has-post-thumbnail","6":"product_brand-fiamma","7":"product_cat-accessoires-pour-porte-velos","9":"first","10":"instock","11":"taxable","12":"shipping-taxable","13":"purchasable","14":"product-type-variable"},"acf":[],"yoast_head":"<!-- This site is optimized with the Yoast SEO plugin v27.4 - https:\/\/yoast.com\/product\/yoast-seo-wordpress\/ -->\n<title>Supports pour feux pour support plaque immatriculation - Bantam Wankm\u00fcller SA<\/title>\n<meta name=\"robots\" content=\"index, follow, max-snippet:-1, max-image-preview:large, max-video-preview:-1\" \/>\n<link rel=\"canonical\" href=\"https:\/\/shop.bantam.ch\/fr\/produit\/supports-pour-feux-pour-support-plaque-immatriculation\/\" \/>\n<meta property=\"og:locale\" content=\"fr_FR\" \/>\n<meta property=\"og:type\" content=\"article\" \/>\n<meta property=\"og:title\" content=\"Supports pour feux pour support plaque immatriculation - Bantam Wankm\u00fcller SA\" \/>\n<meta property=\"og:description\" content=\"Lumi\u00e8re pour plaque d\u2019immatriculation en aluminium, facile \u00e0 installer sur Carry-Bike lorsque les v\u00e9los cachent les feux arri\u00e8re ou la plaque d\u2019immatriculation. Montage \u00e0 l\u2019aide des fixations fournies sur l\u2019\u00e9trier de support. La structure peut pivoter \u00e0 90\u00a0degr\u00e9s pour ouvrir et fermer l\u2019\u00e9trier de support. Complet avec connecteur 13\u00a0p\u00f4les Le montage s\u2018effectue avec les supports [&hellip;]\" \/>\n<meta property=\"og:url\" content=\"https:\/\/shop.bantam.ch\/fr\/produit\/supports-pour-feux-pour-support-plaque-immatriculation\/\" \/>\n<meta property=\"og:site_name\" content=\"Bantam Wankm\u00fcller SA\" \/>\n<meta property=\"article:modified_time\" content=\"2026-04-17T21:10:20+00:00\" \/>\n<meta property=\"og:image\" content=\"https:\/\/shop.bantam.ch\/wp-content\/uploads\/2023\/02\/9936791-100-1-3.jpg\" \/>\n\t<meta property=\"og:image:width\" content=\"1000\" \/>\n\t<meta property=\"og:image:height\" content=\"278\" \/>\n\t<meta property=\"og:image:type\" content=\"image\/jpeg\" \/>\n<meta name=\"twitter:card\" content=\"summary_large_image\" \/>\n<script type=\"application\/ld+json\" class=\"yoast-schema-graph\">{\"@context\":\"https:\\\/\\\/schema.org\",\"@graph\":[{\"@type\":\"WebPage\",\"@id\":\"https:\\\/\\\/shop.bantam.ch\\\/fr\\\/produit\\\/supports-pour-feux-pour-support-plaque-immatriculation\\\/\",\"url\":\"https:\\\/\\\/shop.bantam.ch\\\/fr\\\/produit\\\/supports-pour-feux-pour-support-plaque-immatriculation\\\/\",\"name\":\"Supports pour feux pour support plaque immatriculation - Bantam Wankm\u00fcller SA\",\"isPartOf\":{\"@id\":\"https:\\\/\\\/shop.bantam.ch\\\/fr\\\/#website\"},\"primaryImageOfPage\":{\"@id\":\"https:\\\/\\\/shop.bantam.ch\\\/fr\\\/produit\\\/supports-pour-feux-pour-support-plaque-immatriculation\\\/#primaryimage\"},\"image\":{\"@id\":\"https:\\\/\\\/shop.bantam.ch\\\/fr\\\/produit\\\/supports-pour-feux-pour-support-plaque-immatriculation\\\/#primaryimage\"},\"thumbnailUrl\":\"https:\\\/\\\/shop.bantam.ch\\\/wp-content\\\/uploads\\\/2023\\\/02\\\/9936791-100-1-3.jpg\",\"datePublished\":\"2023-02-28T07:33:06+00:00\",\"dateModified\":\"2026-04-17T21:10:20+00:00\",\"breadcrumb\":{\"@id\":\"https:\\\/\\\/shop.bantam.ch\\\/fr\\\/produit\\\/supports-pour-feux-pour-support-plaque-immatriculation\\\/#breadcrumb\"},\"inLanguage\":\"fr-FR\",\"potentialAction\":[{\"@type\":\"ReadAction\",\"target\":[\"https:\\\/\\\/shop.bantam.ch\\\/fr\\\/produit\\\/supports-pour-feux-pour-support-plaque-immatriculation\\\/\"]}]},{\"@type\":\"ImageObject\",\"inLanguage\":\"fr-FR\",\"@id\":\"https:\\\/\\\/shop.bantam.ch\\\/fr\\\/produit\\\/supports-pour-feux-pour-support-plaque-immatriculation\\\/#primaryimage\",\"url\":\"https:\\\/\\\/shop.bantam.ch\\\/wp-content\\\/uploads\\\/2023\\\/02\\\/9936791-100-1-3.jpg\",\"contentUrl\":\"https:\\\/\\\/shop.bantam.ch\\\/wp-content\\\/uploads\\\/2023\\\/02\\\/9936791-100-1-3.jpg\",\"width\":1000,\"height\":278},{\"@type\":\"BreadcrumbList\",\"@id\":\"https:\\\/\\\/shop.bantam.ch\\\/fr\\\/produit\\\/supports-pour-feux-pour-support-plaque-immatriculation\\\/#breadcrumb\",\"itemListElement\":[{\"@type\":\"ListItem\",\"position\":1,\"name\":\"Accueil\",\"item\":\"https:\\\/\\\/shop.bantam.ch\\\/fr\\\/\"},{\"@type\":\"ListItem\",\"position\":2,\"name\":\"Boutique\",\"item\":\"https:\\\/\\\/shop.bantam.ch\\\/fr\\\/boutique\\\/\"},{\"@type\":\"ListItem\",\"position\":3,\"name\":\"Supports pour feux pour support plaque immatriculation\"}]},{\"@type\":\"WebSite\",\"@id\":\"https:\\\/\\\/shop.bantam.ch\\\/fr\\\/#website\",\"url\":\"https:\\\/\\\/shop.bantam.ch\\\/fr\\\/\",\"name\":\"Bantam Wankm\u00fcller SA\",\"description\":\"\",\"publisher\":{\"@id\":\"https:\\\/\\\/shop.bantam.ch\\\/fr\\\/#organization\"},\"inLanguage\":\"fr-FR\"},{\"@type\":\"Organization\",\"@id\":\"https:\\\/\\\/shop.bantam.ch\\\/fr\\\/#organization\",\"name\":\"Bantam Wankm\u00fcller SA\",\"url\":\"https:\\\/\\\/shop.bantam.ch\\\/fr\\\/\",\"logo\":{\"@type\":\"ImageObject\",\"inLanguage\":\"fr-FR\",\"@id\":\"https:\\\/\\\/shop.bantam.ch\\\/fr\\\/#\\\/schema\\\/logo\\\/image\\\/\",\"url\":\"https:\\\/\\\/shop.bantam.ch\\\/wp-content\\\/uploads\\\/2022\\\/12\\\/bantam-logo.png\",\"contentUrl\":\"https:\\\/\\\/shop.bantam.ch\\\/wp-content\\\/uploads\\\/2022\\\/12\\\/bantam-logo.png\",\"width\":320,\"height\":71,\"caption\":\"Bantam Wankm\u00fcller SA\"},\"image\":{\"@id\":\"https:\\\/\\\/shop.bantam.ch\\\/fr\\\/#\\\/schema\\\/logo\\\/image\\\/\"}}]}<\/script>\n<!-- \/ Yoast SEO plugin. -->","yoast_head_json":{"title":"Supports pour feux pour support plaque immatriculation - Bantam Wankm\u00fcller SA","robots":{"index":"index","follow":"follow","max-snippet":"max-snippet:-1","max-image-preview":"max-image-preview:large","max-video-preview":"max-video-preview:-1"},"canonical":"https:\/\/shop.bantam.ch\/fr\/produit\/supports-pour-feux-pour-support-plaque-immatriculation\/","og_locale":"fr_FR","og_type":"article","og_title":"Supports pour feux pour support plaque immatriculation - Bantam Wankm\u00fcller SA","og_description":"Lumi\u00e8re pour plaque d\u2019immatriculation en aluminium, facile \u00e0 installer sur Carry-Bike lorsque les v\u00e9los cachent les feux arri\u00e8re ou la plaque d\u2019immatriculation. Montage \u00e0 l\u2019aide des fixations fournies sur l\u2019\u00e9trier de support. La structure peut pivoter \u00e0 90\u00a0degr\u00e9s pour ouvrir et fermer l\u2019\u00e9trier de support. Complet avec connecteur 13\u00a0p\u00f4les Le montage s\u2018effectue avec les supports [&hellip;]","og_url":"https:\/\/shop.bantam.ch\/fr\/produit\/supports-pour-feux-pour-support-plaque-immatriculation\/","og_site_name":"Bantam Wankm\u00fcller SA","article_modified_time":"2026-04-17T21:10:20+00:00","og_image":[{"width":1000,"height":278,"url":"https:\/\/shop.bantam.ch\/wp-content\/uploads\/2023\/02\/9936791-100-1-3.jpg","type":"image\/jpeg"}],"twitter_card":"summary_large_image","schema":{"@context":"https:\/\/schema.org","@graph":[{"@type":"WebPage","@id":"https:\/\/shop.bantam.ch\/fr\/produit\/supports-pour-feux-pour-support-plaque-immatriculation\/","url":"https:\/\/shop.bantam.ch\/fr\/produit\/supports-pour-feux-pour-support-plaque-immatriculation\/","name":"Supports pour feux pour support plaque immatriculation - Bantam Wankm\u00fcller SA","isPartOf":{"@id":"https:\/\/shop.bantam.ch\/fr\/#website"},"primaryImageOfPage":{"@id":"https:\/\/shop.bantam.ch\/fr\/produit\/supports-pour-feux-pour-support-plaque-immatriculation\/#primaryimage"},"image":{"@id":"https:\/\/shop.bantam.ch\/fr\/produit\/supports-pour-feux-pour-support-plaque-immatriculation\/#primaryimage"},"thumbnailUrl":"https:\/\/shop.bantam.ch\/wp-content\/uploads\/2023\/02\/9936791-100-1-3.jpg","datePublished":"2023-02-28T07:33:06+00:00","dateModified":"2026-04-17T21:10:20+00:00","breadcrumb":{"@id":"https:\/\/shop.bantam.ch\/fr\/produit\/supports-pour-feux-pour-support-plaque-immatriculation\/#breadcrumb"},"inLanguage":"fr-FR","potentialAction":[{"@type":"ReadAction","target":["https:\/\/shop.bantam.ch\/fr\/produit\/supports-pour-feux-pour-support-plaque-immatriculation\/"]}]},{"@type":"ImageObject","inLanguage":"fr-FR","@id":"https:\/\/shop.bantam.ch\/fr\/produit\/supports-pour-feux-pour-support-plaque-immatriculation\/#primaryimage","url":"https:\/\/shop.bantam.ch\/wp-content\/uploads\/2023\/02\/9936791-100-1-3.jpg","contentUrl":"https:\/\/shop.bantam.ch\/wp-content\/uploads\/2023\/02\/9936791-100-1-3.jpg","width":1000,"height":278},{"@type":"BreadcrumbList","@id":"https:\/\/shop.bantam.ch\/fr\/produit\/supports-pour-feux-pour-support-plaque-immatriculation\/#breadcrumb","itemListElement":[{"@type":"ListItem","position":1,"name":"Accueil","item":"https:\/\/shop.bantam.ch\/fr\/"},{"@type":"ListItem","position":2,"name":"Boutique","item":"https:\/\/shop.bantam.ch\/fr\/boutique\/"},{"@type":"ListItem","position":3,"name":"Supports pour feux pour support plaque immatriculation"}]},{"@type":"WebSite","@id":"https:\/\/shop.bantam.ch\/fr\/#website","url":"https:\/\/shop.bantam.ch\/fr\/","name":"Bantam Wankm\u00fcller SA","description":"","publisher":{"@id":"https:\/\/shop.bantam.ch\/fr\/#organization"},"inLanguage":"fr-FR"},{"@type":"Organization","@id":"https:\/\/shop.bantam.ch\/fr\/#organization","name":"Bantam Wankm\u00fcller SA","url":"https:\/\/shop.bantam.ch\/fr\/","logo":{"@type":"ImageObject","inLanguage":"fr-FR","@id":"https:\/\/shop.bantam.ch\/fr\/#\/schema\/logo\/image\/","url":"https:\/\/shop.bantam.ch\/wp-content\/uploads\/2022\/12\/bantam-logo.png","contentUrl":"https:\/\/shop.bantam.ch\/wp-content\/uploads\/2022\/12\/bantam-logo.png","width":320,"height":71,"caption":"Bantam Wankm\u00fcller SA"},"image":{"@id":"https:\/\/shop.bantam.ch\/fr\/#\/schema\/logo\/image\/"}}]}},"_links":{"self":[{"href":"https:\/\/shop.bantam.ch\/fr\/wp-json\/wp\/v2\/product\/108276","targetHints":{"allow":["GET"]}}],"collection":[{"href":"https:\/\/shop.bantam.ch\/fr\/wp-json\/wp\/v2\/product"}],"about":[{"href":"https:\/\/shop.bantam.ch\/fr\/wp-json\/wp\/v2\/types\/product"}],"wp:featuredmedia":[{"embeddable":true,"href":"https:\/\/shop.bantam.ch\/fr\/wp-json\/wp\/v2\/media\/108268"}],"wp:attachment":[{"href":"https:\/\/shop.bantam.ch\/fr\/wp-json\/wp\/v2\/media?parent=108276"}],"wp:term":[{"taxonomy":"product_featured_cat","embeddable":true,"href":"https:\/\/shop.bantam.ch\/fr\/wp-json\/wp\/v2\/product_featured_cat?post=108276"},{"taxonomy":"product_brand","embeddable":true,"href":"https:\/\/shop.bantam.ch\/fr\/wp-json\/wp\/v2\/product_brand?post=108276"},{"taxonomy":"product_cat","embeddable":true,"href":"https:\/\/shop.bantam.ch\/fr\/wp-json\/wp\/v2\/product_cat?post=108276"},{"taxonomy":"product_tag","embeddable":true,"href":"https:\/\/shop.bantam.ch\/fr\/wp-json\/wp\/v2\/product_tag?post=108276"}],"curies":[{"name":"wp","href":"https:\/\/api.w.org\/{rel}","templated":true}]}}