{"id":108262,"date":"2023-02-28T08:32:52","date_gmt":"2023-02-28T07:32:52","guid":{"rendered":"http:\/\/shop.bantam.ch\/produit\/auvent-de-bus-cross-air\/"},"modified":"2026-04-18T21:40:05","modified_gmt":"2026-04-18T19:40:05","slug":"auvent-de-bus-cross-air","status":"publish","type":"product","link":"https:\/\/shop.bantam.ch\/fr\/produit\/auvent-de-bus-cross-air\/","title":{"rendered":"Auvent pour bus Dometic Cross AIR"},"content":{"rendered":"<p>Auvent pour bus Cross AIR.<\/p>\n<p>Confort garanti quelles que soient les conditions m\u00e9t\u00e9o. Gr\u00e2ce \u00e0 la technologie AirFrame innovante de Kampa, Cross AIR offre une pi\u00e8ce de vie spacieuse avec ses parois escarp\u00e9es. \u00c0 cela s\u2019ajoute la structure avant intelligente avec une porte en forme de D qui peut \u00eatre enroul\u00e9e enti\u00e8rement ou \u00e0 moiti\u00e9. Le grand auvent offre une zone d\u2019entr\u00e9e prot\u00e9g\u00e9e par les intemp\u00e9ries. Autres avantage du Cross AIR\u00a0: Tablier de sol avec clip de fixation, fen\u00eatres avec stores enrouleurs pour plus d\u2019intimit\u00e9, paroi en filet sur la porte avant.<br \/>Gr\u00e2ce au mat\u00e9riau Weathershield 68D, le poids et l\u2019encombrement \u00e0 l\u2019\u00e9tat pli\u00e9 sont limit\u00e9s au minimum.<\/p>\n<p>Mat\u00e9riau\u00a0:<br \/>Polyester<\/p>\n<p>Contenu de la livraison :<br \/>Cordes de haubanage Quickpitch<br \/>Pompe manuelle<br \/>1 jeu de sardines en plastique<br \/>1 jeu de sardines en acier<br \/>B\u00e2che de sol<\/p>\n","protected":false},"excerpt":{"rendered":"<p>Auvent pour bus Cross AIR. Confort garanti quelles que soient les conditions m\u00e9t\u00e9o. Gr\u00e2ce \u00e0 la technologie AirFrame innovante de Kampa, Cross AIR offre une pi\u00e8ce de vie spacieuse avec ses parois escarp\u00e9es. \u00c0 cela s\u2019ajoute la structure avant intelligente avec une porte en forme de D qui peut \u00eatre enroul\u00e9e enti\u00e8rement ou \u00e0 moiti\u00e9. [&hellip;]<\/p>\n","protected":false},"featured_media":108260,"template":"","meta":{"_acf_changed":false},"product_featured_cat":[],"product_brand":[3558],"product_cat":[4915],"product_tag":[],"class_list":{"0":"post-108262","1":"product","2":"type-product","3":"status-publish","4":"has-post-thumbnail","6":"product_brand-kampa","7":"product_cat-auvents-de-bus-et-camping-cars","9":"first","10":"instock","11":"taxable","12":"shipping-taxable","13":"purchasable","14":"product-type-simple"},"acf":[],"yoast_head":"<!-- This site is optimized with the Yoast SEO plugin v27.4 - https:\/\/yoast.com\/product\/yoast-seo-wordpress\/ -->\n<title>Auvent pour bus Dometic Cross AIR - Bantam Wankm\u00fcller SA<\/title>\n<meta name=\"robots\" content=\"index, follow, max-snippet:-1, max-image-preview:large, max-video-preview:-1\" \/>\n<link rel=\"canonical\" href=\"https:\/\/shop.bantam.ch\/fr\/produit\/auvent-de-bus-cross-air\/\" \/>\n<meta property=\"og:locale\" content=\"fr_FR\" \/>\n<meta property=\"og:type\" content=\"article\" \/>\n<meta property=\"og:title\" content=\"Auvent pour bus Dometic Cross AIR - Bantam Wankm\u00fcller SA\" \/>\n<meta property=\"og:description\" content=\"Auvent pour bus Cross AIR. Confort garanti quelles que soient les conditions m\u00e9t\u00e9o. Gr\u00e2ce \u00e0 la technologie AirFrame innovante de Kampa, Cross AIR offre une pi\u00e8ce de vie spacieuse avec ses parois escarp\u00e9es. \u00c0 cela s\u2019ajoute la structure avant intelligente avec une porte en forme de D qui peut \u00eatre enroul\u00e9e enti\u00e8rement ou \u00e0 moiti\u00e9. [&hellip;]\" \/>\n<meta property=\"og:url\" content=\"https:\/\/shop.bantam.ch\/fr\/produit\/auvent-de-bus-cross-air\/\" \/>\n<meta property=\"og:site_name\" content=\"Bantam Wankm\u00fcller SA\" \/>\n<meta property=\"article:modified_time\" content=\"2026-04-18T19:40:05+00:00\" \/>\n<meta property=\"og:image\" content=\"https:\/\/shop.bantam.ch\/wp-content\/uploads\/2023\/02\/995697311.jpg\" \/>\n\t<meta property=\"og:image:width\" content=\"1000\" \/>\n\t<meta property=\"og:image:height\" content=\"512\" \/>\n\t<meta property=\"og:image:type\" content=\"image\/jpeg\" \/>\n<meta name=\"twitter:card\" content=\"summary_large_image\" \/>\n<meta name=\"twitter:label1\" content=\"Dur\u00e9e de lecture estim\u00e9e\" \/>\n\t<meta name=\"twitter:data1\" content=\"1 minute\" \/>\n<script type=\"application\/ld+json\" class=\"yoast-schema-graph\">{\"@context\":\"https:\\\/\\\/schema.org\",\"@graph\":[{\"@type\":\"WebPage\",\"@id\":\"https:\\\/\\\/shop.bantam.ch\\\/fr\\\/produit\\\/auvent-de-bus-cross-air\\\/\",\"url\":\"https:\\\/\\\/shop.bantam.ch\\\/fr\\\/produit\\\/auvent-de-bus-cross-air\\\/\",\"name\":\"Auvent pour bus Dometic Cross AIR - Bantam Wankm\u00fcller SA\",\"isPartOf\":{\"@id\":\"https:\\\/\\\/shop.bantam.ch\\\/fr\\\/#website\"},\"primaryImageOfPage\":{\"@id\":\"https:\\\/\\\/shop.bantam.ch\\\/fr\\\/produit\\\/auvent-de-bus-cross-air\\\/#primaryimage\"},\"image\":{\"@id\":\"https:\\\/\\\/shop.bantam.ch\\\/fr\\\/produit\\\/auvent-de-bus-cross-air\\\/#primaryimage\"},\"thumbnailUrl\":\"https:\\\/\\\/shop.bantam.ch\\\/wp-content\\\/uploads\\\/2023\\\/02\\\/995697311.jpg\",\"datePublished\":\"2023-02-28T07:32:52+00:00\",\"dateModified\":\"2026-04-18T19:40:05+00:00\",\"breadcrumb\":{\"@id\":\"https:\\\/\\\/shop.bantam.ch\\\/fr\\\/produit\\\/auvent-de-bus-cross-air\\\/#breadcrumb\"},\"inLanguage\":\"fr-FR\",\"potentialAction\":[{\"@type\":\"ReadAction\",\"target\":[\"https:\\\/\\\/shop.bantam.ch\\\/fr\\\/produit\\\/auvent-de-bus-cross-air\\\/\"]}]},{\"@type\":\"ImageObject\",\"inLanguage\":\"fr-FR\",\"@id\":\"https:\\\/\\\/shop.bantam.ch\\\/fr\\\/produit\\\/auvent-de-bus-cross-air\\\/#primaryimage\",\"url\":\"https:\\\/\\\/shop.bantam.ch\\\/wp-content\\\/uploads\\\/2023\\\/02\\\/995697311.jpg\",\"contentUrl\":\"https:\\\/\\\/shop.bantam.ch\\\/wp-content\\\/uploads\\\/2023\\\/02\\\/995697311.jpg\",\"width\":1000,\"height\":512},{\"@type\":\"BreadcrumbList\",\"@id\":\"https:\\\/\\\/shop.bantam.ch\\\/fr\\\/produit\\\/auvent-de-bus-cross-air\\\/#breadcrumb\",\"itemListElement\":[{\"@type\":\"ListItem\",\"position\":1,\"name\":\"Accueil\",\"item\":\"https:\\\/\\\/shop.bantam.ch\\\/fr\\\/\"},{\"@type\":\"ListItem\",\"position\":2,\"name\":\"Boutique\",\"item\":\"https:\\\/\\\/shop.bantam.ch\\\/fr\\\/boutique\\\/\"},{\"@type\":\"ListItem\",\"position\":3,\"name\":\"Auvent pour bus Dometic Cross AIR\"}]},{\"@type\":\"WebSite\",\"@id\":\"https:\\\/\\\/shop.bantam.ch\\\/fr\\\/#website\",\"url\":\"https:\\\/\\\/shop.bantam.ch\\\/fr\\\/\",\"name\":\"Bantam Wankm\u00fcller SA\",\"description\":\"\",\"publisher\":{\"@id\":\"https:\\\/\\\/shop.bantam.ch\\\/fr\\\/#organization\"},\"inLanguage\":\"fr-FR\"},{\"@type\":\"Organization\",\"@id\":\"https:\\\/\\\/shop.bantam.ch\\\/fr\\\/#organization\",\"name\":\"Bantam Wankm\u00fcller SA\",\"url\":\"https:\\\/\\\/shop.bantam.ch\\\/fr\\\/\",\"logo\":{\"@type\":\"ImageObject\",\"inLanguage\":\"fr-FR\",\"@id\":\"https:\\\/\\\/shop.bantam.ch\\\/fr\\\/#\\\/schema\\\/logo\\\/image\\\/\",\"url\":\"https:\\\/\\\/shop.bantam.ch\\\/wp-content\\\/uploads\\\/2022\\\/12\\\/bantam-logo.png\",\"contentUrl\":\"https:\\\/\\\/shop.bantam.ch\\\/wp-content\\\/uploads\\\/2022\\\/12\\\/bantam-logo.png\",\"width\":320,\"height\":71,\"caption\":\"Bantam Wankm\u00fcller SA\"},\"image\":{\"@id\":\"https:\\\/\\\/shop.bantam.ch\\\/fr\\\/#\\\/schema\\\/logo\\\/image\\\/\"}}]}<\/script>\n<!-- \/ Yoast SEO plugin. -->","yoast_head_json":{"title":"Auvent pour bus Dometic Cross AIR - Bantam Wankm\u00fcller SA","robots":{"index":"index","follow":"follow","max-snippet":"max-snippet:-1","max-image-preview":"max-image-preview:large","max-video-preview":"max-video-preview:-1"},"canonical":"https:\/\/shop.bantam.ch\/fr\/produit\/auvent-de-bus-cross-air\/","og_locale":"fr_FR","og_type":"article","og_title":"Auvent pour bus Dometic Cross AIR - Bantam Wankm\u00fcller SA","og_description":"Auvent pour bus Cross AIR. Confort garanti quelles que soient les conditions m\u00e9t\u00e9o. Gr\u00e2ce \u00e0 la technologie AirFrame innovante de Kampa, Cross AIR offre une pi\u00e8ce de vie spacieuse avec ses parois escarp\u00e9es. \u00c0 cela s\u2019ajoute la structure avant intelligente avec une porte en forme de D qui peut \u00eatre enroul\u00e9e enti\u00e8rement ou \u00e0 moiti\u00e9. [&hellip;]","og_url":"https:\/\/shop.bantam.ch\/fr\/produit\/auvent-de-bus-cross-air\/","og_site_name":"Bantam Wankm\u00fcller SA","article_modified_time":"2026-04-18T19:40:05+00:00","og_image":[{"width":1000,"height":512,"url":"https:\/\/shop.bantam.ch\/wp-content\/uploads\/2023\/02\/995697311.jpg","type":"image\/jpeg"}],"twitter_card":"summary_large_image","twitter_misc":{"Dur\u00e9e de lecture estim\u00e9e":"1 minute"},"schema":{"@context":"https:\/\/schema.org","@graph":[{"@type":"WebPage","@id":"https:\/\/shop.bantam.ch\/fr\/produit\/auvent-de-bus-cross-air\/","url":"https:\/\/shop.bantam.ch\/fr\/produit\/auvent-de-bus-cross-air\/","name":"Auvent pour bus Dometic Cross AIR - Bantam Wankm\u00fcller SA","isPartOf":{"@id":"https:\/\/shop.bantam.ch\/fr\/#website"},"primaryImageOfPage":{"@id":"https:\/\/shop.bantam.ch\/fr\/produit\/auvent-de-bus-cross-air\/#primaryimage"},"image":{"@id":"https:\/\/shop.bantam.ch\/fr\/produit\/auvent-de-bus-cross-air\/#primaryimage"},"thumbnailUrl":"https:\/\/shop.bantam.ch\/wp-content\/uploads\/2023\/02\/995697311.jpg","datePublished":"2023-02-28T07:32:52+00:00","dateModified":"2026-04-18T19:40:05+00:00","breadcrumb":{"@id":"https:\/\/shop.bantam.ch\/fr\/produit\/auvent-de-bus-cross-air\/#breadcrumb"},"inLanguage":"fr-FR","potentialAction":[{"@type":"ReadAction","target":["https:\/\/shop.bantam.ch\/fr\/produit\/auvent-de-bus-cross-air\/"]}]},{"@type":"ImageObject","inLanguage":"fr-FR","@id":"https:\/\/shop.bantam.ch\/fr\/produit\/auvent-de-bus-cross-air\/#primaryimage","url":"https:\/\/shop.bantam.ch\/wp-content\/uploads\/2023\/02\/995697311.jpg","contentUrl":"https:\/\/shop.bantam.ch\/wp-content\/uploads\/2023\/02\/995697311.jpg","width":1000,"height":512},{"@type":"BreadcrumbList","@id":"https:\/\/shop.bantam.ch\/fr\/produit\/auvent-de-bus-cross-air\/#breadcrumb","itemListElement":[{"@type":"ListItem","position":1,"name":"Accueil","item":"https:\/\/shop.bantam.ch\/fr\/"},{"@type":"ListItem","position":2,"name":"Boutique","item":"https:\/\/shop.bantam.ch\/fr\/boutique\/"},{"@type":"ListItem","position":3,"name":"Auvent pour bus Dometic Cross AIR"}]},{"@type":"WebSite","@id":"https:\/\/shop.bantam.ch\/fr\/#website","url":"https:\/\/shop.bantam.ch\/fr\/","name":"Bantam Wankm\u00fcller SA","description":"","publisher":{"@id":"https:\/\/shop.bantam.ch\/fr\/#organization"},"inLanguage":"fr-FR"},{"@type":"Organization","@id":"https:\/\/shop.bantam.ch\/fr\/#organization","name":"Bantam Wankm\u00fcller SA","url":"https:\/\/shop.bantam.ch\/fr\/","logo":{"@type":"ImageObject","inLanguage":"fr-FR","@id":"https:\/\/shop.bantam.ch\/fr\/#\/schema\/logo\/image\/","url":"https:\/\/shop.bantam.ch\/wp-content\/uploads\/2022\/12\/bantam-logo.png","contentUrl":"https:\/\/shop.bantam.ch\/wp-content\/uploads\/2022\/12\/bantam-logo.png","width":320,"height":71,"caption":"Bantam Wankm\u00fcller SA"},"image":{"@id":"https:\/\/shop.bantam.ch\/fr\/#\/schema\/logo\/image\/"}}]}},"_links":{"self":[{"href":"https:\/\/shop.bantam.ch\/fr\/wp-json\/wp\/v2\/product\/108262","targetHints":{"allow":["GET"]}}],"collection":[{"href":"https:\/\/shop.bantam.ch\/fr\/wp-json\/wp\/v2\/product"}],"about":[{"href":"https:\/\/shop.bantam.ch\/fr\/wp-json\/wp\/v2\/types\/product"}],"wp:featuredmedia":[{"embeddable":true,"href":"https:\/\/shop.bantam.ch\/fr\/wp-json\/wp\/v2\/media\/108260"}],"wp:attachment":[{"href":"https:\/\/shop.bantam.ch\/fr\/wp-json\/wp\/v2\/media?parent=108262"}],"wp:term":[{"taxonomy":"product_featured_cat","embeddable":true,"href":"https:\/\/shop.bantam.ch\/fr\/wp-json\/wp\/v2\/product_featured_cat?post=108262"},{"taxonomy":"product_brand","embeddable":true,"href":"https:\/\/shop.bantam.ch\/fr\/wp-json\/wp\/v2\/product_brand?post=108262"},{"taxonomy":"product_cat","embeddable":true,"href":"https:\/\/shop.bantam.ch\/fr\/wp-json\/wp\/v2\/product_cat?post=108262"},{"taxonomy":"product_tag","embeddable":true,"href":"https:\/\/shop.bantam.ch\/fr\/wp-json\/wp\/v2\/product_tag?post=108262"}],"curies":[{"name":"wp","href":"https:\/\/api.w.org\/{rel}","templated":true}]}}