{"id":108233,"date":"2023-02-28T08:31:47","date_gmt":"2023-02-28T07:31:47","guid":{"rendered":"http:\/\/shop.bantam.ch\/produit\/onduleur-pur-sinus-inverter-1000-w\/"},"modified":"2026-04-17T21:39:09","modified_gmt":"2026-04-17T19:39:09","slug":"onduleur-pur-sinus-inverter-1000-w","status":"publish","type":"product","link":"https:\/\/shop.bantam.ch\/fr\/produit\/onduleur-pur-sinus-inverter-1000-w\/","title":{"rendered":"Onduleur ANTARION Pur Sinus Inverter 1000 W"},"content":{"rendered":"<ul>\n<li>Niveau de rendement \u00e9lev\u00e9<\/li>\n<li>Id\u00e9al pour tous les appareils gourmands en \u00e9nergie au d\u00e9marrage.<\/li>\n<li>Prot\u00e8ge et pr\u00e9serve les batteries des petits appareils \u00e9lectriques (PC portable, appareil photo num\u00e9rique, t\u00e9l\u00e9phone, etc.).<\/li>\n<li>T\u00e9l\u00e9commande avec fonction d&rsquo;\u00e9conomie d&rsquo;\u00e9nergie \u00e0 partir de 600 W<\/li>\n<li>Priorit\u00e9 de commutation au 220 V \u00e0 partir de 1000 W<\/li>\n<li>Tension d\u2019entr\u00e9e 10.5 &#8211; 16.5 V, protection contre la surchauffe, l\u2019inversion de polarit\u00e9, la surcharge et le court-circuit. Rendement &gt; 85\u00a0%<\/li>\n<li>En standard avec circuit int\u00e9gr\u00e9 de priorit\u00e9 secteur \u00e0 partir de 1 000 W et commande \u00e0 distance \u00e0 partir de 600 W<\/li>\n<\/ul>\n<p>Caract\u00e9ristiques :<\/p>\n<ul>\n<li>Puissance de sortie : 1000\u00a0W<\/li>\n<li>Nombre max. Puissance nominale (1 Mio.) : 1150\u00a0W<\/li>\n<li>Puissance maximale(1 s) : 1900\u00a0W<\/li>\n<li>Rendement\u00a0: 90%<\/li>\n<li>Tension\u00a0: 12-230 V<\/li>\n<li>Protection contre les sous-tensions et surtensions\u00a0: 10,5 V \u2013 16,5 V<\/li>\n<li>Fr\u00e9quence de sortie\u00a0: (Hz) 50<\/li>\n<li>Consommation \u00e0 vide en mode d&rsquo;\u00e9conomie d&rsquo;\u00e9nergie : &lt; 0,2 A<\/li>\n<li>Raccordement USB\u00a0: 5 V \/ 1 A<\/li>\n<li>Technologie de connexion disponible : 16 mm\u00b2<\/li>\n<li>C\u00e2ble de connexion \u00e0 la batterie inclus dans la livraison<\/li>\n<li>Commutation automatique sur le r\u00e9seau (CP100 &#8211; CP3000)<\/li>\n<\/ul>\n","protected":false},"excerpt":{"rendered":"<p>Niveau de rendement \u00e9lev\u00e9 Id\u00e9al pour tous les appareils gourmands en \u00e9nergie au d\u00e9marrage. Prot\u00e8ge et pr\u00e9serve les batteries des petits appareils \u00e9lectriques (PC portable, appareil photo num\u00e9rique, t\u00e9l\u00e9phone, etc.). T\u00e9l\u00e9commande avec fonction d&rsquo;\u00e9conomie d&rsquo;\u00e9nergie \u00e0 partir de 600 W Priorit\u00e9 de commutation au 220 V \u00e0 partir de 1000 W Tension d\u2019entr\u00e9e 10.5 &#8211; [&hellip;]<\/p>\n","protected":false},"featured_media":108231,"template":"","meta":{"_acf_changed":false},"product_featured_cat":[],"product_brand":[3504],"product_cat":[4169],"product_tag":[],"class_list":{"0":"post-108233","1":"product","2":"type-product","3":"status-publish","4":"has-post-thumbnail","6":"product_brand-antarion","7":"product_cat-onduleurs","9":"first","10":"instock","11":"taxable","12":"shipping-taxable","13":"purchasable","14":"product-type-simple"},"acf":[],"yoast_head":"<!-- This site is optimized with the Yoast SEO plugin v27.4 - https:\/\/yoast.com\/product\/yoast-seo-wordpress\/ -->\n<title>Onduleur ANTARION Pur Sinus Inverter 1000 W - Bantam Wankm\u00fcller SA<\/title>\n<meta name=\"robots\" content=\"index, follow, max-snippet:-1, max-image-preview:large, max-video-preview:-1\" \/>\n<link rel=\"canonical\" href=\"https:\/\/shop.bantam.ch\/fr\/produit\/onduleur-pur-sinus-inverter-1000-w\/\" \/>\n<meta property=\"og:locale\" content=\"fr_FR\" \/>\n<meta property=\"og:type\" content=\"article\" \/>\n<meta property=\"og:title\" content=\"Onduleur ANTARION Pur Sinus Inverter 1000 W - Bantam Wankm\u00fcller SA\" \/>\n<meta property=\"og:description\" content=\"Niveau de rendement \u00e9lev\u00e9 Id\u00e9al pour tous les appareils gourmands en \u00e9nergie au d\u00e9marrage. Prot\u00e8ge et pr\u00e9serve les batteries des petits appareils \u00e9lectriques (PC portable, appareil photo num\u00e9rique, t\u00e9l\u00e9phone, etc.). T\u00e9l\u00e9commande avec fonction d&rsquo;\u00e9conomie d&rsquo;\u00e9nergie \u00e0 partir de 600 W Priorit\u00e9 de commutation au 220 V \u00e0 partir de 1000 W Tension d\u2019entr\u00e9e 10.5 &#8211; [&hellip;]\" \/>\n<meta property=\"og:url\" content=\"https:\/\/shop.bantam.ch\/fr\/produit\/onduleur-pur-sinus-inverter-1000-w\/\" \/>\n<meta property=\"og:site_name\" content=\"Bantam Wankm\u00fcller SA\" \/>\n<meta property=\"article:modified_time\" content=\"2026-04-17T19:39:09+00:00\" \/>\n<meta property=\"og:image\" content=\"https:\/\/shop.bantam.ch\/wp-content\/uploads\/2023\/02\/996075311.jpg\" \/>\n\t<meta property=\"og:image:width\" content=\"1000\" \/>\n\t<meta property=\"og:image:height\" content=\"965\" \/>\n\t<meta property=\"og:image:type\" content=\"image\/jpeg\" \/>\n<meta name=\"twitter:card\" content=\"summary_large_image\" \/>\n<meta name=\"twitter:label1\" content=\"Dur\u00e9e de lecture estim\u00e9e\" \/>\n\t<meta name=\"twitter:data1\" content=\"1 minute\" \/>\n<script type=\"application\/ld+json\" class=\"yoast-schema-graph\">{\"@context\":\"https:\\\/\\\/schema.org\",\"@graph\":[{\"@type\":\"WebPage\",\"@id\":\"https:\\\/\\\/shop.bantam.ch\\\/fr\\\/produit\\\/onduleur-pur-sinus-inverter-1000-w\\\/\",\"url\":\"https:\\\/\\\/shop.bantam.ch\\\/fr\\\/produit\\\/onduleur-pur-sinus-inverter-1000-w\\\/\",\"name\":\"Onduleur ANTARION Pur Sinus Inverter 1000 W - Bantam Wankm\u00fcller SA\",\"isPartOf\":{\"@id\":\"https:\\\/\\\/shop.bantam.ch\\\/fr\\\/#website\"},\"primaryImageOfPage\":{\"@id\":\"https:\\\/\\\/shop.bantam.ch\\\/fr\\\/produit\\\/onduleur-pur-sinus-inverter-1000-w\\\/#primaryimage\"},\"image\":{\"@id\":\"https:\\\/\\\/shop.bantam.ch\\\/fr\\\/produit\\\/onduleur-pur-sinus-inverter-1000-w\\\/#primaryimage\"},\"thumbnailUrl\":\"https:\\\/\\\/shop.bantam.ch\\\/wp-content\\\/uploads\\\/2023\\\/02\\\/996075311.jpg\",\"datePublished\":\"2023-02-28T07:31:47+00:00\",\"dateModified\":\"2026-04-17T19:39:09+00:00\",\"breadcrumb\":{\"@id\":\"https:\\\/\\\/shop.bantam.ch\\\/fr\\\/produit\\\/onduleur-pur-sinus-inverter-1000-w\\\/#breadcrumb\"},\"inLanguage\":\"fr-FR\",\"potentialAction\":[{\"@type\":\"ReadAction\",\"target\":[\"https:\\\/\\\/shop.bantam.ch\\\/fr\\\/produit\\\/onduleur-pur-sinus-inverter-1000-w\\\/\"]}]},{\"@type\":\"ImageObject\",\"inLanguage\":\"fr-FR\",\"@id\":\"https:\\\/\\\/shop.bantam.ch\\\/fr\\\/produit\\\/onduleur-pur-sinus-inverter-1000-w\\\/#primaryimage\",\"url\":\"https:\\\/\\\/shop.bantam.ch\\\/wp-content\\\/uploads\\\/2023\\\/02\\\/996075311.jpg\",\"contentUrl\":\"https:\\\/\\\/shop.bantam.ch\\\/wp-content\\\/uploads\\\/2023\\\/02\\\/996075311.jpg\",\"width\":1000,\"height\":965},{\"@type\":\"BreadcrumbList\",\"@id\":\"https:\\\/\\\/shop.bantam.ch\\\/fr\\\/produit\\\/onduleur-pur-sinus-inverter-1000-w\\\/#breadcrumb\",\"itemListElement\":[{\"@type\":\"ListItem\",\"position\":1,\"name\":\"Accueil\",\"item\":\"https:\\\/\\\/shop.bantam.ch\\\/fr\\\/\"},{\"@type\":\"ListItem\",\"position\":2,\"name\":\"Boutique\",\"item\":\"https:\\\/\\\/shop.bantam.ch\\\/fr\\\/boutique\\\/\"},{\"@type\":\"ListItem\",\"position\":3,\"name\":\"Onduleur ANTARION Pur Sinus Inverter 1000 W\"}]},{\"@type\":\"WebSite\",\"@id\":\"https:\\\/\\\/shop.bantam.ch\\\/fr\\\/#website\",\"url\":\"https:\\\/\\\/shop.bantam.ch\\\/fr\\\/\",\"name\":\"Bantam Wankm\u00fcller SA\",\"description\":\"\",\"publisher\":{\"@id\":\"https:\\\/\\\/shop.bantam.ch\\\/fr\\\/#organization\"},\"inLanguage\":\"fr-FR\"},{\"@type\":\"Organization\",\"@id\":\"https:\\\/\\\/shop.bantam.ch\\\/fr\\\/#organization\",\"name\":\"Bantam Wankm\u00fcller SA\",\"url\":\"https:\\\/\\\/shop.bantam.ch\\\/fr\\\/\",\"logo\":{\"@type\":\"ImageObject\",\"inLanguage\":\"fr-FR\",\"@id\":\"https:\\\/\\\/shop.bantam.ch\\\/fr\\\/#\\\/schema\\\/logo\\\/image\\\/\",\"url\":\"https:\\\/\\\/shop.bantam.ch\\\/wp-content\\\/uploads\\\/2022\\\/12\\\/bantam-logo.png\",\"contentUrl\":\"https:\\\/\\\/shop.bantam.ch\\\/wp-content\\\/uploads\\\/2022\\\/12\\\/bantam-logo.png\",\"width\":320,\"height\":71,\"caption\":\"Bantam Wankm\u00fcller SA\"},\"image\":{\"@id\":\"https:\\\/\\\/shop.bantam.ch\\\/fr\\\/#\\\/schema\\\/logo\\\/image\\\/\"}}]}<\/script>\n<!-- \/ Yoast SEO plugin. -->","yoast_head_json":{"title":"Onduleur ANTARION Pur Sinus Inverter 1000 W - Bantam Wankm\u00fcller SA","robots":{"index":"index","follow":"follow","max-snippet":"max-snippet:-1","max-image-preview":"max-image-preview:large","max-video-preview":"max-video-preview:-1"},"canonical":"https:\/\/shop.bantam.ch\/fr\/produit\/onduleur-pur-sinus-inverter-1000-w\/","og_locale":"fr_FR","og_type":"article","og_title":"Onduleur ANTARION Pur Sinus Inverter 1000 W - Bantam Wankm\u00fcller SA","og_description":"Niveau de rendement \u00e9lev\u00e9 Id\u00e9al pour tous les appareils gourmands en \u00e9nergie au d\u00e9marrage. Prot\u00e8ge et pr\u00e9serve les batteries des petits appareils \u00e9lectriques (PC portable, appareil photo num\u00e9rique, t\u00e9l\u00e9phone, etc.). T\u00e9l\u00e9commande avec fonction d&rsquo;\u00e9conomie d&rsquo;\u00e9nergie \u00e0 partir de 600 W Priorit\u00e9 de commutation au 220 V \u00e0 partir de 1000 W Tension d\u2019entr\u00e9e 10.5 &#8211; [&hellip;]","og_url":"https:\/\/shop.bantam.ch\/fr\/produit\/onduleur-pur-sinus-inverter-1000-w\/","og_site_name":"Bantam Wankm\u00fcller SA","article_modified_time":"2026-04-17T19:39:09+00:00","og_image":[{"width":1000,"height":965,"url":"https:\/\/shop.bantam.ch\/wp-content\/uploads\/2023\/02\/996075311.jpg","type":"image\/jpeg"}],"twitter_card":"summary_large_image","twitter_misc":{"Dur\u00e9e de lecture estim\u00e9e":"1 minute"},"schema":{"@context":"https:\/\/schema.org","@graph":[{"@type":"WebPage","@id":"https:\/\/shop.bantam.ch\/fr\/produit\/onduleur-pur-sinus-inverter-1000-w\/","url":"https:\/\/shop.bantam.ch\/fr\/produit\/onduleur-pur-sinus-inverter-1000-w\/","name":"Onduleur ANTARION Pur Sinus Inverter 1000 W - Bantam Wankm\u00fcller SA","isPartOf":{"@id":"https:\/\/shop.bantam.ch\/fr\/#website"},"primaryImageOfPage":{"@id":"https:\/\/shop.bantam.ch\/fr\/produit\/onduleur-pur-sinus-inverter-1000-w\/#primaryimage"},"image":{"@id":"https:\/\/shop.bantam.ch\/fr\/produit\/onduleur-pur-sinus-inverter-1000-w\/#primaryimage"},"thumbnailUrl":"https:\/\/shop.bantam.ch\/wp-content\/uploads\/2023\/02\/996075311.jpg","datePublished":"2023-02-28T07:31:47+00:00","dateModified":"2026-04-17T19:39:09+00:00","breadcrumb":{"@id":"https:\/\/shop.bantam.ch\/fr\/produit\/onduleur-pur-sinus-inverter-1000-w\/#breadcrumb"},"inLanguage":"fr-FR","potentialAction":[{"@type":"ReadAction","target":["https:\/\/shop.bantam.ch\/fr\/produit\/onduleur-pur-sinus-inverter-1000-w\/"]}]},{"@type":"ImageObject","inLanguage":"fr-FR","@id":"https:\/\/shop.bantam.ch\/fr\/produit\/onduleur-pur-sinus-inverter-1000-w\/#primaryimage","url":"https:\/\/shop.bantam.ch\/wp-content\/uploads\/2023\/02\/996075311.jpg","contentUrl":"https:\/\/shop.bantam.ch\/wp-content\/uploads\/2023\/02\/996075311.jpg","width":1000,"height":965},{"@type":"BreadcrumbList","@id":"https:\/\/shop.bantam.ch\/fr\/produit\/onduleur-pur-sinus-inverter-1000-w\/#breadcrumb","itemListElement":[{"@type":"ListItem","position":1,"name":"Accueil","item":"https:\/\/shop.bantam.ch\/fr\/"},{"@type":"ListItem","position":2,"name":"Boutique","item":"https:\/\/shop.bantam.ch\/fr\/boutique\/"},{"@type":"ListItem","position":3,"name":"Onduleur ANTARION Pur Sinus Inverter 1000 W"}]},{"@type":"WebSite","@id":"https:\/\/shop.bantam.ch\/fr\/#website","url":"https:\/\/shop.bantam.ch\/fr\/","name":"Bantam Wankm\u00fcller SA","description":"","publisher":{"@id":"https:\/\/shop.bantam.ch\/fr\/#organization"},"inLanguage":"fr-FR"},{"@type":"Organization","@id":"https:\/\/shop.bantam.ch\/fr\/#organization","name":"Bantam Wankm\u00fcller SA","url":"https:\/\/shop.bantam.ch\/fr\/","logo":{"@type":"ImageObject","inLanguage":"fr-FR","@id":"https:\/\/shop.bantam.ch\/fr\/#\/schema\/logo\/image\/","url":"https:\/\/shop.bantam.ch\/wp-content\/uploads\/2022\/12\/bantam-logo.png","contentUrl":"https:\/\/shop.bantam.ch\/wp-content\/uploads\/2022\/12\/bantam-logo.png","width":320,"height":71,"caption":"Bantam Wankm\u00fcller SA"},"image":{"@id":"https:\/\/shop.bantam.ch\/fr\/#\/schema\/logo\/image\/"}}]}},"_links":{"self":[{"href":"https:\/\/shop.bantam.ch\/fr\/wp-json\/wp\/v2\/product\/108233","targetHints":{"allow":["GET"]}}],"collection":[{"href":"https:\/\/shop.bantam.ch\/fr\/wp-json\/wp\/v2\/product"}],"about":[{"href":"https:\/\/shop.bantam.ch\/fr\/wp-json\/wp\/v2\/types\/product"}],"wp:featuredmedia":[{"embeddable":true,"href":"https:\/\/shop.bantam.ch\/fr\/wp-json\/wp\/v2\/media\/108231"}],"wp:attachment":[{"href":"https:\/\/shop.bantam.ch\/fr\/wp-json\/wp\/v2\/media?parent=108233"}],"wp:term":[{"taxonomy":"product_featured_cat","embeddable":true,"href":"https:\/\/shop.bantam.ch\/fr\/wp-json\/wp\/v2\/product_featured_cat?post=108233"},{"taxonomy":"product_brand","embeddable":true,"href":"https:\/\/shop.bantam.ch\/fr\/wp-json\/wp\/v2\/product_brand?post=108233"},{"taxonomy":"product_cat","embeddable":true,"href":"https:\/\/shop.bantam.ch\/fr\/wp-json\/wp\/v2\/product_cat?post=108233"},{"taxonomy":"product_tag","embeddable":true,"href":"https:\/\/shop.bantam.ch\/fr\/wp-json\/wp\/v2\/product_tag?post=108233"}],"curies":[{"name":"wp","href":"https:\/\/api.w.org\/{rel}","templated":true}]}}