{"id":108153,"date":"2023-02-28T08:29:56","date_gmt":"2023-02-28T07:29:56","guid":{"rendered":"http:\/\/shop.bantam.ch\/produit\/planche-a-decouper-en-deux-parties-door-store-chop\/"},"modified":"2026-04-17T21:38:48","modified_gmt":"2026-04-17T19:38:48","slug":"planche-a-decouper-en-deux-parties-door-store-chop","status":"publish","type":"product","link":"https:\/\/shop.bantam.ch\/fr\/produit\/planche-a-decouper-en-deux-parties-door-store-chop\/","title":{"rendered":"Door Store Chop Planche \u00e0 d\u00e9couper 2 pi\u00e8ces"},"content":{"rendered":"<p>Cette planche \u00e0 d\u00e9couper ing\u00e9nieuse ne prend pas de place dans vos armoires car elle se range sur la partie arri\u00e8re de la porte. Coffre de rangement fin, id\u00e9al pour un montage dans des emplacements \u00e9troits. Installation simple sans outils gr\u00e2ce au ruban adh\u00e9sif\u00a03M VHB Planche \u00e0 d\u00e9couper double face avec pieds antid\u00e9rapants Surface de coupe structur\u00e9e adapt\u00e9e aux couteaux Le kit contient deux planches \u00e0 d\u00e9couper de tailles diff\u00e9rentes et un coffre de rangement fin.<\/p>\n","protected":false},"excerpt":{"rendered":"<p>Cette planche \u00e0 d\u00e9couper ing\u00e9nieuse ne prend pas de place dans vos armoires car elle se range sur la partie arri\u00e8re de la porte. Coffre de rangement fin, id\u00e9al pour un montage dans des emplacements \u00e9troits. Installation simple sans outils gr\u00e2ce au ruban adh\u00e9sif\u00a03M VHB Planche \u00e0 d\u00e9couper double face avec pieds antid\u00e9rapants Surface de [&hellip;]<\/p>\n","protected":false},"featured_media":108141,"template":"","meta":{"_acf_changed":false},"product_featured_cat":[],"product_brand":[3412],"product_cat":[4285],"product_tag":[],"class_list":{"0":"post-108153","1":"product","2":"type-product","3":"status-publish","4":"has-post-thumbnail","6":"product_brand-joseph-joseph","7":"product_cat-ustensiles-de-cuisine","9":"first","10":"instock","11":"taxable","12":"shipping-taxable","13":"purchasable","14":"product-type-simple"},"acf":[],"yoast_head":"<!-- This site is optimized with the Yoast SEO plugin v27.4 - https:\/\/yoast.com\/product\/yoast-seo-wordpress\/ -->\n<title>Door Store Chop Planche \u00e0 d\u00e9couper 2 pi\u00e8ces - Bantam Wankm\u00fcller SA<\/title>\n<meta name=\"robots\" content=\"index, follow, max-snippet:-1, max-image-preview:large, max-video-preview:-1\" \/>\n<link rel=\"canonical\" href=\"https:\/\/shop.bantam.ch\/fr\/produit\/planche-a-decouper-en-deux-parties-door-store-chop\/\" \/>\n<meta property=\"og:locale\" content=\"fr_FR\" \/>\n<meta property=\"og:type\" content=\"article\" \/>\n<meta property=\"og:title\" content=\"Door Store Chop Planche \u00e0 d\u00e9couper 2 pi\u00e8ces - Bantam Wankm\u00fcller SA\" \/>\n<meta property=\"og:description\" content=\"Cette planche \u00e0 d\u00e9couper ing\u00e9nieuse ne prend pas de place dans vos armoires car elle se range sur la partie arri\u00e8re de la porte. Coffre de rangement fin, id\u00e9al pour un montage dans des emplacements \u00e9troits. Installation simple sans outils gr\u00e2ce au ruban adh\u00e9sif\u00a03M VHB Planche \u00e0 d\u00e9couper double face avec pieds antid\u00e9rapants Surface de [&hellip;]\" \/>\n<meta property=\"og:url\" content=\"https:\/\/shop.bantam.ch\/fr\/produit\/planche-a-decouper-en-deux-parties-door-store-chop\/\" \/>\n<meta property=\"og:site_name\" content=\"Bantam Wankm\u00fcller SA\" \/>\n<meta property=\"article:modified_time\" content=\"2026-04-17T19:38:48+00:00\" \/>\n<meta property=\"og:image\" content=\"https:\/\/shop.bantam.ch\/wp-content\/uploads\/2023\/02\/993507011.jpg\" \/>\n\t<meta property=\"og:image:width\" content=\"596\" \/>\n\t<meta property=\"og:image:height\" content=\"1000\" \/>\n\t<meta property=\"og:image:type\" content=\"image\/jpeg\" \/>\n<meta name=\"twitter:card\" content=\"summary_large_image\" \/>\n<script type=\"application\/ld+json\" class=\"yoast-schema-graph\">{\"@context\":\"https:\\\/\\\/schema.org\",\"@graph\":[{\"@type\":\"WebPage\",\"@id\":\"https:\\\/\\\/shop.bantam.ch\\\/fr\\\/produit\\\/planche-a-decouper-en-deux-parties-door-store-chop\\\/\",\"url\":\"https:\\\/\\\/shop.bantam.ch\\\/fr\\\/produit\\\/planche-a-decouper-en-deux-parties-door-store-chop\\\/\",\"name\":\"Door Store Chop Planche \u00e0 d\u00e9couper 2 pi\u00e8ces - Bantam Wankm\u00fcller SA\",\"isPartOf\":{\"@id\":\"https:\\\/\\\/shop.bantam.ch\\\/fr\\\/#website\"},\"primaryImageOfPage\":{\"@id\":\"https:\\\/\\\/shop.bantam.ch\\\/fr\\\/produit\\\/planche-a-decouper-en-deux-parties-door-store-chop\\\/#primaryimage\"},\"image\":{\"@id\":\"https:\\\/\\\/shop.bantam.ch\\\/fr\\\/produit\\\/planche-a-decouper-en-deux-parties-door-store-chop\\\/#primaryimage\"},\"thumbnailUrl\":\"https:\\\/\\\/shop.bantam.ch\\\/wp-content\\\/uploads\\\/2023\\\/02\\\/993507011.jpg\",\"datePublished\":\"2023-02-28T07:29:56+00:00\",\"dateModified\":\"2026-04-17T19:38:48+00:00\",\"breadcrumb\":{\"@id\":\"https:\\\/\\\/shop.bantam.ch\\\/fr\\\/produit\\\/planche-a-decouper-en-deux-parties-door-store-chop\\\/#breadcrumb\"},\"inLanguage\":\"fr-FR\",\"potentialAction\":[{\"@type\":\"ReadAction\",\"target\":[\"https:\\\/\\\/shop.bantam.ch\\\/fr\\\/produit\\\/planche-a-decouper-en-deux-parties-door-store-chop\\\/\"]}]},{\"@type\":\"ImageObject\",\"inLanguage\":\"fr-FR\",\"@id\":\"https:\\\/\\\/shop.bantam.ch\\\/fr\\\/produit\\\/planche-a-decouper-en-deux-parties-door-store-chop\\\/#primaryimage\",\"url\":\"https:\\\/\\\/shop.bantam.ch\\\/wp-content\\\/uploads\\\/2023\\\/02\\\/993507011.jpg\",\"contentUrl\":\"https:\\\/\\\/shop.bantam.ch\\\/wp-content\\\/uploads\\\/2023\\\/02\\\/993507011.jpg\",\"width\":596,\"height\":1000},{\"@type\":\"BreadcrumbList\",\"@id\":\"https:\\\/\\\/shop.bantam.ch\\\/fr\\\/produit\\\/planche-a-decouper-en-deux-parties-door-store-chop\\\/#breadcrumb\",\"itemListElement\":[{\"@type\":\"ListItem\",\"position\":1,\"name\":\"Accueil\",\"item\":\"https:\\\/\\\/shop.bantam.ch\\\/fr\\\/\"},{\"@type\":\"ListItem\",\"position\":2,\"name\":\"Boutique\",\"item\":\"https:\\\/\\\/shop.bantam.ch\\\/fr\\\/boutique\\\/\"},{\"@type\":\"ListItem\",\"position\":3,\"name\":\"Door Store Chop Planche \u00e0 d\u00e9couper 2 pi\u00e8ces\"}]},{\"@type\":\"WebSite\",\"@id\":\"https:\\\/\\\/shop.bantam.ch\\\/fr\\\/#website\",\"url\":\"https:\\\/\\\/shop.bantam.ch\\\/fr\\\/\",\"name\":\"Bantam Wankm\u00fcller SA\",\"description\":\"\",\"publisher\":{\"@id\":\"https:\\\/\\\/shop.bantam.ch\\\/fr\\\/#organization\"},\"inLanguage\":\"fr-FR\"},{\"@type\":\"Organization\",\"@id\":\"https:\\\/\\\/shop.bantam.ch\\\/fr\\\/#organization\",\"name\":\"Bantam Wankm\u00fcller SA\",\"url\":\"https:\\\/\\\/shop.bantam.ch\\\/fr\\\/\",\"logo\":{\"@type\":\"ImageObject\",\"inLanguage\":\"fr-FR\",\"@id\":\"https:\\\/\\\/shop.bantam.ch\\\/fr\\\/#\\\/schema\\\/logo\\\/image\\\/\",\"url\":\"https:\\\/\\\/shop.bantam.ch\\\/wp-content\\\/uploads\\\/2022\\\/12\\\/bantam-logo.png\",\"contentUrl\":\"https:\\\/\\\/shop.bantam.ch\\\/wp-content\\\/uploads\\\/2022\\\/12\\\/bantam-logo.png\",\"width\":320,\"height\":71,\"caption\":\"Bantam Wankm\u00fcller SA\"},\"image\":{\"@id\":\"https:\\\/\\\/shop.bantam.ch\\\/fr\\\/#\\\/schema\\\/logo\\\/image\\\/\"}}]}<\/script>\n<!-- \/ Yoast SEO plugin. -->","yoast_head_json":{"title":"Door Store Chop Planche \u00e0 d\u00e9couper 2 pi\u00e8ces - Bantam Wankm\u00fcller SA","robots":{"index":"index","follow":"follow","max-snippet":"max-snippet:-1","max-image-preview":"max-image-preview:large","max-video-preview":"max-video-preview:-1"},"canonical":"https:\/\/shop.bantam.ch\/fr\/produit\/planche-a-decouper-en-deux-parties-door-store-chop\/","og_locale":"fr_FR","og_type":"article","og_title":"Door Store Chop Planche \u00e0 d\u00e9couper 2 pi\u00e8ces - Bantam Wankm\u00fcller SA","og_description":"Cette planche \u00e0 d\u00e9couper ing\u00e9nieuse ne prend pas de place dans vos armoires car elle se range sur la partie arri\u00e8re de la porte. Coffre de rangement fin, id\u00e9al pour un montage dans des emplacements \u00e9troits. Installation simple sans outils gr\u00e2ce au ruban adh\u00e9sif\u00a03M VHB Planche \u00e0 d\u00e9couper double face avec pieds antid\u00e9rapants Surface de [&hellip;]","og_url":"https:\/\/shop.bantam.ch\/fr\/produit\/planche-a-decouper-en-deux-parties-door-store-chop\/","og_site_name":"Bantam Wankm\u00fcller SA","article_modified_time":"2026-04-17T19:38:48+00:00","og_image":[{"width":596,"height":1000,"url":"https:\/\/shop.bantam.ch\/wp-content\/uploads\/2023\/02\/993507011.jpg","type":"image\/jpeg"}],"twitter_card":"summary_large_image","schema":{"@context":"https:\/\/schema.org","@graph":[{"@type":"WebPage","@id":"https:\/\/shop.bantam.ch\/fr\/produit\/planche-a-decouper-en-deux-parties-door-store-chop\/","url":"https:\/\/shop.bantam.ch\/fr\/produit\/planche-a-decouper-en-deux-parties-door-store-chop\/","name":"Door Store Chop Planche \u00e0 d\u00e9couper 2 pi\u00e8ces - Bantam Wankm\u00fcller SA","isPartOf":{"@id":"https:\/\/shop.bantam.ch\/fr\/#website"},"primaryImageOfPage":{"@id":"https:\/\/shop.bantam.ch\/fr\/produit\/planche-a-decouper-en-deux-parties-door-store-chop\/#primaryimage"},"image":{"@id":"https:\/\/shop.bantam.ch\/fr\/produit\/planche-a-decouper-en-deux-parties-door-store-chop\/#primaryimage"},"thumbnailUrl":"https:\/\/shop.bantam.ch\/wp-content\/uploads\/2023\/02\/993507011.jpg","datePublished":"2023-02-28T07:29:56+00:00","dateModified":"2026-04-17T19:38:48+00:00","breadcrumb":{"@id":"https:\/\/shop.bantam.ch\/fr\/produit\/planche-a-decouper-en-deux-parties-door-store-chop\/#breadcrumb"},"inLanguage":"fr-FR","potentialAction":[{"@type":"ReadAction","target":["https:\/\/shop.bantam.ch\/fr\/produit\/planche-a-decouper-en-deux-parties-door-store-chop\/"]}]},{"@type":"ImageObject","inLanguage":"fr-FR","@id":"https:\/\/shop.bantam.ch\/fr\/produit\/planche-a-decouper-en-deux-parties-door-store-chop\/#primaryimage","url":"https:\/\/shop.bantam.ch\/wp-content\/uploads\/2023\/02\/993507011.jpg","contentUrl":"https:\/\/shop.bantam.ch\/wp-content\/uploads\/2023\/02\/993507011.jpg","width":596,"height":1000},{"@type":"BreadcrumbList","@id":"https:\/\/shop.bantam.ch\/fr\/produit\/planche-a-decouper-en-deux-parties-door-store-chop\/#breadcrumb","itemListElement":[{"@type":"ListItem","position":1,"name":"Accueil","item":"https:\/\/shop.bantam.ch\/fr\/"},{"@type":"ListItem","position":2,"name":"Boutique","item":"https:\/\/shop.bantam.ch\/fr\/boutique\/"},{"@type":"ListItem","position":3,"name":"Door Store Chop Planche \u00e0 d\u00e9couper 2 pi\u00e8ces"}]},{"@type":"WebSite","@id":"https:\/\/shop.bantam.ch\/fr\/#website","url":"https:\/\/shop.bantam.ch\/fr\/","name":"Bantam Wankm\u00fcller SA","description":"","publisher":{"@id":"https:\/\/shop.bantam.ch\/fr\/#organization"},"inLanguage":"fr-FR"},{"@type":"Organization","@id":"https:\/\/shop.bantam.ch\/fr\/#organization","name":"Bantam Wankm\u00fcller SA","url":"https:\/\/shop.bantam.ch\/fr\/","logo":{"@type":"ImageObject","inLanguage":"fr-FR","@id":"https:\/\/shop.bantam.ch\/fr\/#\/schema\/logo\/image\/","url":"https:\/\/shop.bantam.ch\/wp-content\/uploads\/2022\/12\/bantam-logo.png","contentUrl":"https:\/\/shop.bantam.ch\/wp-content\/uploads\/2022\/12\/bantam-logo.png","width":320,"height":71,"caption":"Bantam Wankm\u00fcller SA"},"image":{"@id":"https:\/\/shop.bantam.ch\/fr\/#\/schema\/logo\/image\/"}}]}},"_links":{"self":[{"href":"https:\/\/shop.bantam.ch\/fr\/wp-json\/wp\/v2\/product\/108153","targetHints":{"allow":["GET"]}}],"collection":[{"href":"https:\/\/shop.bantam.ch\/fr\/wp-json\/wp\/v2\/product"}],"about":[{"href":"https:\/\/shop.bantam.ch\/fr\/wp-json\/wp\/v2\/types\/product"}],"wp:featuredmedia":[{"embeddable":true,"href":"https:\/\/shop.bantam.ch\/fr\/wp-json\/wp\/v2\/media\/108141"}],"wp:attachment":[{"href":"https:\/\/shop.bantam.ch\/fr\/wp-json\/wp\/v2\/media?parent=108153"}],"wp:term":[{"taxonomy":"product_featured_cat","embeddable":true,"href":"https:\/\/shop.bantam.ch\/fr\/wp-json\/wp\/v2\/product_featured_cat?post=108153"},{"taxonomy":"product_brand","embeddable":true,"href":"https:\/\/shop.bantam.ch\/fr\/wp-json\/wp\/v2\/product_brand?post=108153"},{"taxonomy":"product_cat","embeddable":true,"href":"https:\/\/shop.bantam.ch\/fr\/wp-json\/wp\/v2\/product_cat?post=108153"},{"taxonomy":"product_tag","embeddable":true,"href":"https:\/\/shop.bantam.ch\/fr\/wp-json\/wp\/v2\/product_tag?post=108153"}],"curies":[{"name":"wp","href":"https:\/\/api.w.org\/{rel}","templated":true}]}}