{"id":108113,"date":"2023-02-28T08:29:00","date_gmt":"2023-02-28T07:29:00","guid":{"rendered":"http:\/\/shop.bantam.ch\/produit\/paroi-laterale-residence-side-g3\/"},"modified":"2026-04-21T23:13:24","modified_gmt":"2026-04-21T21:13:24","slug":"paroi-laterale-residence-side-g3","status":"publish","type":"product","link":"https:\/\/shop.bantam.ch\/fr\/produit\/paroi-laterale-residence-side-g3\/","title":{"rendered":"Paroi lat\u00e9rale Residence Side G3"},"content":{"rendered":"<ul>\n<li>Convient pour Omnistor\u00a05200, 5003,6200, 6300<\/li>\n<\/ul>\n<p>\u00a0<strong>\u00c9tanch\u00e9it\u00e9 optimale<\/strong>\u00a0<\/p>\n<ul>\n<li>Des connexions stables et un profil avec des l\u00e8vres doubles en caoutchouc assurent une parfaite \u00e9tanch\u00e9it\u00e9 entre la paroi du v\u00e9hicule et les parois du auvent et garantissent une tension optimale.<\/li>\n<\/ul>\n<p><strong>\u00c9quipement\u00a0<\/strong><\/p>\n<ul>\n<li>Les fen\u00eatres lat\u00e9rales peuvent \u00eatre enti\u00e8rement ouvertes, mais restent recouvertes d\u2019une moustiquaire. Paroi avant avec porte d\u2019entr\u00e9e \u00e0 gauche et \u00e0 droite (\u00e0 partir de 350 cm) partiellement ou enti\u00e8rement enroulable vers le haut<\/li>\n<\/ul>\n<p>Mat\u00e9riau<br \/>95 % PVC polychlorure de vinyle<br \/>5 % polyester<\/p>\n","protected":false},"excerpt":{"rendered":"<p>Convient pour Omnistor\u00a05200, 5003,6200, 6300 \u00a0\u00c9tanch\u00e9it\u00e9 optimale\u00a0 Des connexions stables et un profil avec des l\u00e8vres doubles en caoutchouc assurent une parfaite \u00e9tanch\u00e9it\u00e9 entre la paroi du v\u00e9hicule et les parois du auvent et garantissent une tension optimale. \u00c9quipement\u00a0 Les fen\u00eatres lat\u00e9rales peuvent \u00eatre enti\u00e8rement ouvertes, mais restent recouvertes d\u2019une moustiquaire. Paroi avant avec porte [&hellip;]<\/p>\n","protected":false},"featured_media":108109,"template":"","meta":{"_acf_changed":false},"product_featured_cat":[],"product_brand":[3046],"product_cat":[4221,4223],"product_tag":[],"class_list":{"0":"post-108113","1":"product","2":"type-product","3":"status-publish","4":"has-post-thumbnail","6":"product_brand-thule","7":"product_cat-parois-laterales","8":"product_cat-stores-et-auvents","10":"first","11":"instock","12":"taxable","13":"shipping-taxable","14":"purchasable","15":"product-type-variable"},"acf":[],"yoast_head":"<!-- This site is optimized with the Yoast SEO plugin v27.4 - https:\/\/yoast.com\/product\/yoast-seo-wordpress\/ -->\n<title>Paroi lat\u00e9rale Residence Side G3 - Bantam Wankm\u00fcller SA<\/title>\n<meta name=\"robots\" content=\"index, follow, max-snippet:-1, max-image-preview:large, max-video-preview:-1\" \/>\n<link rel=\"canonical\" href=\"https:\/\/shop.bantam.ch\/fr\/produit\/paroi-laterale-residence-side-g3\/\" \/>\n<meta property=\"og:locale\" content=\"fr_FR\" \/>\n<meta property=\"og:type\" content=\"article\" \/>\n<meta property=\"og:title\" content=\"Paroi lat\u00e9rale Residence Side G3 - Bantam Wankm\u00fcller SA\" \/>\n<meta property=\"og:description\" content=\"Convient pour Omnistor\u00a05200, 5003,6200, 6300 \u00a0\u00c9tanch\u00e9it\u00e9 optimale\u00a0 Des connexions stables et un profil avec des l\u00e8vres doubles en caoutchouc assurent une parfaite \u00e9tanch\u00e9it\u00e9 entre la paroi du v\u00e9hicule et les parois du auvent et garantissent une tension optimale. \u00c9quipement\u00a0 Les fen\u00eatres lat\u00e9rales peuvent \u00eatre enti\u00e8rement ouvertes, mais restent recouvertes d\u2019une moustiquaire. Paroi avant avec porte [&hellip;]\" \/>\n<meta property=\"og:url\" content=\"https:\/\/shop.bantam.ch\/fr\/produit\/paroi-laterale-residence-side-g3\/\" \/>\n<meta property=\"og:site_name\" content=\"Bantam Wankm\u00fcller SA\" \/>\n<meta property=\"article:modified_time\" content=\"2026-04-21T21:13:24+00:00\" \/>\n<meta property=\"og:image\" content=\"https:\/\/shop.bantam.ch\/wp-content\/uploads\/2023\/02\/995749811.jpg\" \/>\n\t<meta property=\"og:image:width\" content=\"1000\" \/>\n\t<meta property=\"og:image:height\" content=\"661\" \/>\n\t<meta property=\"og:image:type\" content=\"image\/jpeg\" \/>\n<meta name=\"twitter:card\" content=\"summary_large_image\" \/>\n<script type=\"application\/ld+json\" class=\"yoast-schema-graph\">{\"@context\":\"https:\\\/\\\/schema.org\",\"@graph\":[{\"@type\":\"WebPage\",\"@id\":\"https:\\\/\\\/shop.bantam.ch\\\/fr\\\/produit\\\/paroi-laterale-residence-side-g3\\\/\",\"url\":\"https:\\\/\\\/shop.bantam.ch\\\/fr\\\/produit\\\/paroi-laterale-residence-side-g3\\\/\",\"name\":\"Paroi lat\u00e9rale Residence Side G3 - Bantam Wankm\u00fcller SA\",\"isPartOf\":{\"@id\":\"https:\\\/\\\/shop.bantam.ch\\\/fr\\\/#website\"},\"primaryImageOfPage\":{\"@id\":\"https:\\\/\\\/shop.bantam.ch\\\/fr\\\/produit\\\/paroi-laterale-residence-side-g3\\\/#primaryimage\"},\"image\":{\"@id\":\"https:\\\/\\\/shop.bantam.ch\\\/fr\\\/produit\\\/paroi-laterale-residence-side-g3\\\/#primaryimage\"},\"thumbnailUrl\":\"https:\\\/\\\/shop.bantam.ch\\\/wp-content\\\/uploads\\\/2023\\\/02\\\/995749811.jpg\",\"datePublished\":\"2023-02-28T07:29:00+00:00\",\"dateModified\":\"2026-04-21T21:13:24+00:00\",\"breadcrumb\":{\"@id\":\"https:\\\/\\\/shop.bantam.ch\\\/fr\\\/produit\\\/paroi-laterale-residence-side-g3\\\/#breadcrumb\"},\"inLanguage\":\"fr-FR\",\"potentialAction\":[{\"@type\":\"ReadAction\",\"target\":[\"https:\\\/\\\/shop.bantam.ch\\\/fr\\\/produit\\\/paroi-laterale-residence-side-g3\\\/\"]}]},{\"@type\":\"ImageObject\",\"inLanguage\":\"fr-FR\",\"@id\":\"https:\\\/\\\/shop.bantam.ch\\\/fr\\\/produit\\\/paroi-laterale-residence-side-g3\\\/#primaryimage\",\"url\":\"https:\\\/\\\/shop.bantam.ch\\\/wp-content\\\/uploads\\\/2023\\\/02\\\/995749811.jpg\",\"contentUrl\":\"https:\\\/\\\/shop.bantam.ch\\\/wp-content\\\/uploads\\\/2023\\\/02\\\/995749811.jpg\",\"width\":1000,\"height\":661},{\"@type\":\"BreadcrumbList\",\"@id\":\"https:\\\/\\\/shop.bantam.ch\\\/fr\\\/produit\\\/paroi-laterale-residence-side-g3\\\/#breadcrumb\",\"itemListElement\":[{\"@type\":\"ListItem\",\"position\":1,\"name\":\"Accueil\",\"item\":\"https:\\\/\\\/shop.bantam.ch\\\/fr\\\/\"},{\"@type\":\"ListItem\",\"position\":2,\"name\":\"Boutique\",\"item\":\"https:\\\/\\\/shop.bantam.ch\\\/fr\\\/boutique\\\/\"},{\"@type\":\"ListItem\",\"position\":3,\"name\":\"Paroi lat\u00e9rale Residence Side G3\"}]},{\"@type\":\"WebSite\",\"@id\":\"https:\\\/\\\/shop.bantam.ch\\\/fr\\\/#website\",\"url\":\"https:\\\/\\\/shop.bantam.ch\\\/fr\\\/\",\"name\":\"Bantam Wankm\u00fcller SA\",\"description\":\"\",\"publisher\":{\"@id\":\"https:\\\/\\\/shop.bantam.ch\\\/fr\\\/#organization\"},\"inLanguage\":\"fr-FR\"},{\"@type\":\"Organization\",\"@id\":\"https:\\\/\\\/shop.bantam.ch\\\/fr\\\/#organization\",\"name\":\"Bantam Wankm\u00fcller SA\",\"url\":\"https:\\\/\\\/shop.bantam.ch\\\/fr\\\/\",\"logo\":{\"@type\":\"ImageObject\",\"inLanguage\":\"fr-FR\",\"@id\":\"https:\\\/\\\/shop.bantam.ch\\\/fr\\\/#\\\/schema\\\/logo\\\/image\\\/\",\"url\":\"https:\\\/\\\/shop.bantam.ch\\\/wp-content\\\/uploads\\\/2022\\\/12\\\/bantam-logo.png\",\"contentUrl\":\"https:\\\/\\\/shop.bantam.ch\\\/wp-content\\\/uploads\\\/2022\\\/12\\\/bantam-logo.png\",\"width\":320,\"height\":71,\"caption\":\"Bantam Wankm\u00fcller SA\"},\"image\":{\"@id\":\"https:\\\/\\\/shop.bantam.ch\\\/fr\\\/#\\\/schema\\\/logo\\\/image\\\/\"}}]}<\/script>\n<!-- \/ Yoast SEO plugin. -->","yoast_head_json":{"title":"Paroi lat\u00e9rale Residence Side G3 - Bantam Wankm\u00fcller SA","robots":{"index":"index","follow":"follow","max-snippet":"max-snippet:-1","max-image-preview":"max-image-preview:large","max-video-preview":"max-video-preview:-1"},"canonical":"https:\/\/shop.bantam.ch\/fr\/produit\/paroi-laterale-residence-side-g3\/","og_locale":"fr_FR","og_type":"article","og_title":"Paroi lat\u00e9rale Residence Side G3 - Bantam Wankm\u00fcller SA","og_description":"Convient pour Omnistor\u00a05200, 5003,6200, 6300 \u00a0\u00c9tanch\u00e9it\u00e9 optimale\u00a0 Des connexions stables et un profil avec des l\u00e8vres doubles en caoutchouc assurent une parfaite \u00e9tanch\u00e9it\u00e9 entre la paroi du v\u00e9hicule et les parois du auvent et garantissent une tension optimale. \u00c9quipement\u00a0 Les fen\u00eatres lat\u00e9rales peuvent \u00eatre enti\u00e8rement ouvertes, mais restent recouvertes d\u2019une moustiquaire. Paroi avant avec porte [&hellip;]","og_url":"https:\/\/shop.bantam.ch\/fr\/produit\/paroi-laterale-residence-side-g3\/","og_site_name":"Bantam Wankm\u00fcller SA","article_modified_time":"2026-04-21T21:13:24+00:00","og_image":[{"width":1000,"height":661,"url":"https:\/\/shop.bantam.ch\/wp-content\/uploads\/2023\/02\/995749811.jpg","type":"image\/jpeg"}],"twitter_card":"summary_large_image","schema":{"@context":"https:\/\/schema.org","@graph":[{"@type":"WebPage","@id":"https:\/\/shop.bantam.ch\/fr\/produit\/paroi-laterale-residence-side-g3\/","url":"https:\/\/shop.bantam.ch\/fr\/produit\/paroi-laterale-residence-side-g3\/","name":"Paroi lat\u00e9rale Residence Side G3 - Bantam Wankm\u00fcller SA","isPartOf":{"@id":"https:\/\/shop.bantam.ch\/fr\/#website"},"primaryImageOfPage":{"@id":"https:\/\/shop.bantam.ch\/fr\/produit\/paroi-laterale-residence-side-g3\/#primaryimage"},"image":{"@id":"https:\/\/shop.bantam.ch\/fr\/produit\/paroi-laterale-residence-side-g3\/#primaryimage"},"thumbnailUrl":"https:\/\/shop.bantam.ch\/wp-content\/uploads\/2023\/02\/995749811.jpg","datePublished":"2023-02-28T07:29:00+00:00","dateModified":"2026-04-21T21:13:24+00:00","breadcrumb":{"@id":"https:\/\/shop.bantam.ch\/fr\/produit\/paroi-laterale-residence-side-g3\/#breadcrumb"},"inLanguage":"fr-FR","potentialAction":[{"@type":"ReadAction","target":["https:\/\/shop.bantam.ch\/fr\/produit\/paroi-laterale-residence-side-g3\/"]}]},{"@type":"ImageObject","inLanguage":"fr-FR","@id":"https:\/\/shop.bantam.ch\/fr\/produit\/paroi-laterale-residence-side-g3\/#primaryimage","url":"https:\/\/shop.bantam.ch\/wp-content\/uploads\/2023\/02\/995749811.jpg","contentUrl":"https:\/\/shop.bantam.ch\/wp-content\/uploads\/2023\/02\/995749811.jpg","width":1000,"height":661},{"@type":"BreadcrumbList","@id":"https:\/\/shop.bantam.ch\/fr\/produit\/paroi-laterale-residence-side-g3\/#breadcrumb","itemListElement":[{"@type":"ListItem","position":1,"name":"Accueil","item":"https:\/\/shop.bantam.ch\/fr\/"},{"@type":"ListItem","position":2,"name":"Boutique","item":"https:\/\/shop.bantam.ch\/fr\/boutique\/"},{"@type":"ListItem","position":3,"name":"Paroi lat\u00e9rale Residence Side G3"}]},{"@type":"WebSite","@id":"https:\/\/shop.bantam.ch\/fr\/#website","url":"https:\/\/shop.bantam.ch\/fr\/","name":"Bantam Wankm\u00fcller SA","description":"","publisher":{"@id":"https:\/\/shop.bantam.ch\/fr\/#organization"},"inLanguage":"fr-FR"},{"@type":"Organization","@id":"https:\/\/shop.bantam.ch\/fr\/#organization","name":"Bantam Wankm\u00fcller SA","url":"https:\/\/shop.bantam.ch\/fr\/","logo":{"@type":"ImageObject","inLanguage":"fr-FR","@id":"https:\/\/shop.bantam.ch\/fr\/#\/schema\/logo\/image\/","url":"https:\/\/shop.bantam.ch\/wp-content\/uploads\/2022\/12\/bantam-logo.png","contentUrl":"https:\/\/shop.bantam.ch\/wp-content\/uploads\/2022\/12\/bantam-logo.png","width":320,"height":71,"caption":"Bantam Wankm\u00fcller SA"},"image":{"@id":"https:\/\/shop.bantam.ch\/fr\/#\/schema\/logo\/image\/"}}]}},"_links":{"self":[{"href":"https:\/\/shop.bantam.ch\/fr\/wp-json\/wp\/v2\/product\/108113","targetHints":{"allow":["GET"]}}],"collection":[{"href":"https:\/\/shop.bantam.ch\/fr\/wp-json\/wp\/v2\/product"}],"about":[{"href":"https:\/\/shop.bantam.ch\/fr\/wp-json\/wp\/v2\/types\/product"}],"wp:featuredmedia":[{"embeddable":true,"href":"https:\/\/shop.bantam.ch\/fr\/wp-json\/wp\/v2\/media\/108109"}],"wp:attachment":[{"href":"https:\/\/shop.bantam.ch\/fr\/wp-json\/wp\/v2\/media?parent=108113"}],"wp:term":[{"taxonomy":"product_featured_cat","embeddable":true,"href":"https:\/\/shop.bantam.ch\/fr\/wp-json\/wp\/v2\/product_featured_cat?post=108113"},{"taxonomy":"product_brand","embeddable":true,"href":"https:\/\/shop.bantam.ch\/fr\/wp-json\/wp\/v2\/product_brand?post=108113"},{"taxonomy":"product_cat","embeddable":true,"href":"https:\/\/shop.bantam.ch\/fr\/wp-json\/wp\/v2\/product_cat?post=108113"},{"taxonomy":"product_tag","embeddable":true,"href":"https:\/\/shop.bantam.ch\/fr\/wp-json\/wp\/v2\/product_tag?post=108113"}],"curies":[{"name":"wp","href":"https:\/\/api.w.org\/{rel}","templated":true}]}}