{"id":108037,"date":"2023-02-28T08:26:44","date_gmt":"2023-02-28T07:26:44","guid":{"rendered":"http:\/\/shop.bantam.ch\/produit\/refrigerateur-a-compression-rcs\/"},"modified":"2026-05-02T23:06:52","modified_gmt":"2026-05-02T21:06:52","slug":"refrigerateur-a-compression-rcs","status":"publish","type":"product","link":"https:\/\/shop.bantam.ch\/fr\/produit\/refrigerateur-a-compression-rcs\/","title":{"rendered":"R\u00e9frig\u00e9rateur \u00e0 compression RCS"},"content":{"rendered":"<p>\u00c9vitez la perte de place avec ce mod\u00e8le de r\u00e9frig\u00e9rateur pour passage de roue. Ce r\u00e9frig\u00e9rateur int\u00e9gr\u00e9 \u00e9l\u00e9gant avec d\u00e9coupe pour passage de roue dispose d\u2019une porte avec double charni\u00e8re qui s\u2019ouvre \u00e0 gauche ou \u00e0 droite, d\u2019une commande TFT facile d\u2019utilisation et d\u2019un volume int\u00e9rieur polyvalent qui s\u2019adapte \u00e0 tous les besoins. Gr\u00e2ce \u00e0 la technologie de r\u00e9frig\u00e9ration par compresseur tr\u00e8s puissante, vos denr\u00e9es alimentaires restent congel\u00e9es m\u00eame en cas de temp\u00e9ratures ambiantes \u00e9lev\u00e9es.<\/p>\n","protected":false},"excerpt":{"rendered":"<p>\u00c9vitez la perte de place avec ce mod\u00e8le de r\u00e9frig\u00e9rateur pour passage de roue. Ce r\u00e9frig\u00e9rateur int\u00e9gr\u00e9 \u00e9l\u00e9gant avec d\u00e9coupe pour passage de roue dispose d\u2019une porte avec double charni\u00e8re qui s\u2019ouvre \u00e0 gauche ou \u00e0 droite, d\u2019une commande TFT facile d\u2019utilisation et d\u2019un volume int\u00e9rieur polyvalent qui s\u2019adapte \u00e0 tous les besoins. Gr\u00e2ce \u00e0 [&hellip;]<\/p>\n","protected":false},"featured_media":108025,"template":"","meta":{"_acf_changed":false},"product_featured_cat":[],"product_brand":[3028],"product_cat":[4549],"product_tag":[],"class_list":{"0":"post-108037","1":"product","2":"type-product","3":"status-publish","4":"has-post-thumbnail","6":"product_brand-dometic","7":"product_cat-refrigerateurs-a-compresseur","9":"first","10":"instock","11":"taxable","12":"shipping-taxable","13":"purchasable","14":"product-type-variable"},"acf":[],"yoast_head":"<!-- This site is optimized with the Yoast SEO plugin v27.5 - https:\/\/yoast.com\/product\/yoast-seo-wordpress\/ -->\n<title>R\u00e9frig\u00e9rateur \u00e0 compression RCS - Bantam<\/title>\n<meta name=\"robots\" content=\"index, follow, max-snippet:-1, max-image-preview:large, max-video-preview:-1\" \/>\n<link rel=\"canonical\" href=\"https:\/\/shop.bantam.ch\/fr\/produit\/refrigerateur-a-compression-rcs\/\" \/>\n<meta property=\"og:locale\" content=\"fr_FR\" \/>\n<meta property=\"og:type\" content=\"article\" \/>\n<meta property=\"og:title\" content=\"R\u00e9frig\u00e9rateur \u00e0 compression RCS - Bantam\" \/>\n<meta property=\"og:description\" content=\"\u00c9vitez la perte de place avec ce mod\u00e8le de r\u00e9frig\u00e9rateur pour passage de roue. Ce r\u00e9frig\u00e9rateur int\u00e9gr\u00e9 \u00e9l\u00e9gant avec d\u00e9coupe pour passage de roue dispose d\u2019une porte avec double charni\u00e8re qui s\u2019ouvre \u00e0 gauche ou \u00e0 droite, d\u2019une commande TFT facile d\u2019utilisation et d\u2019un volume int\u00e9rieur polyvalent qui s\u2019adapte \u00e0 tous les besoins. Gr\u00e2ce \u00e0 [&hellip;]\" \/>\n<meta property=\"og:url\" content=\"https:\/\/shop.bantam.ch\/fr\/produit\/refrigerateur-a-compression-rcs\/\" \/>\n<meta property=\"og:site_name\" content=\"Bantam\" \/>\n<meta property=\"article:modified_time\" content=\"2026-05-02T21:06:52+00:00\" \/>\n<meta property=\"og:image\" content=\"https:\/\/shop.bantam.ch\/wp-content\/uploads\/2023\/02\/994395411.jpg\" \/>\n\t<meta property=\"og:image:width\" content=\"744\" \/>\n\t<meta property=\"og:image:height\" content=\"1000\" \/>\n\t<meta property=\"og:image:type\" content=\"image\/jpeg\" \/>\n<meta name=\"twitter:card\" content=\"summary_large_image\" \/>\n<script type=\"application\/ld+json\" class=\"yoast-schema-graph\">{\"@context\":\"https:\\\/\\\/schema.org\",\"@graph\":[{\"@type\":\"WebPage\",\"@id\":\"https:\\\/\\\/shop.bantam.ch\\\/fr\\\/produit\\\/refrigerateur-a-compression-rcs\\\/\",\"url\":\"https:\\\/\\\/shop.bantam.ch\\\/fr\\\/produit\\\/refrigerateur-a-compression-rcs\\\/\",\"name\":\"R\u00e9frig\u00e9rateur \u00e0 compression RCS - Bantam\",\"isPartOf\":{\"@id\":\"https:\\\/\\\/shop.bantam.ch\\\/fr\\\/#website\"},\"primaryImageOfPage\":{\"@id\":\"https:\\\/\\\/shop.bantam.ch\\\/fr\\\/produit\\\/refrigerateur-a-compression-rcs\\\/#primaryimage\"},\"image\":{\"@id\":\"https:\\\/\\\/shop.bantam.ch\\\/fr\\\/produit\\\/refrigerateur-a-compression-rcs\\\/#primaryimage\"},\"thumbnailUrl\":\"https:\\\/\\\/shop.bantam.ch\\\/wp-content\\\/uploads\\\/2023\\\/02\\\/994395411.jpg\",\"datePublished\":\"2023-02-28T07:26:44+00:00\",\"dateModified\":\"2026-05-02T21:06:52+00:00\",\"breadcrumb\":{\"@id\":\"https:\\\/\\\/shop.bantam.ch\\\/fr\\\/produit\\\/refrigerateur-a-compression-rcs\\\/#breadcrumb\"},\"inLanguage\":\"fr-FR\",\"potentialAction\":[{\"@type\":\"ReadAction\",\"target\":[\"https:\\\/\\\/shop.bantam.ch\\\/fr\\\/produit\\\/refrigerateur-a-compression-rcs\\\/\"]}]},{\"@type\":\"ImageObject\",\"inLanguage\":\"fr-FR\",\"@id\":\"https:\\\/\\\/shop.bantam.ch\\\/fr\\\/produit\\\/refrigerateur-a-compression-rcs\\\/#primaryimage\",\"url\":\"https:\\\/\\\/shop.bantam.ch\\\/wp-content\\\/uploads\\\/2023\\\/02\\\/994395411.jpg\",\"contentUrl\":\"https:\\\/\\\/shop.bantam.ch\\\/wp-content\\\/uploads\\\/2023\\\/02\\\/994395411.jpg\",\"width\":744,\"height\":1000},{\"@type\":\"BreadcrumbList\",\"@id\":\"https:\\\/\\\/shop.bantam.ch\\\/fr\\\/produit\\\/refrigerateur-a-compression-rcs\\\/#breadcrumb\",\"itemListElement\":[{\"@type\":\"ListItem\",\"position\":1,\"name\":\"Accueil\",\"item\":\"https:\\\/\\\/shop.bantam.ch\\\/fr\\\/\"},{\"@type\":\"ListItem\",\"position\":2,\"name\":\"Boutique\",\"item\":\"https:\\\/\\\/shop.bantam.ch\\\/fr\\\/boutique\\\/\"},{\"@type\":\"ListItem\",\"position\":3,\"name\":\"R\u00e9frig\u00e9rateur \u00e0 compression RCS\"}]},{\"@type\":\"WebSite\",\"@id\":\"https:\\\/\\\/shop.bantam.ch\\\/fr\\\/#website\",\"url\":\"https:\\\/\\\/shop.bantam.ch\\\/fr\\\/\",\"name\":\"Bantam\",\"description\":\"\",\"publisher\":{\"@id\":\"https:\\\/\\\/shop.bantam.ch\\\/fr\\\/#organization\"},\"inLanguage\":\"fr-FR\"},{\"@type\":\"Organization\",\"@id\":\"https:\\\/\\\/shop.bantam.ch\\\/fr\\\/#organization\",\"name\":\"Bantam\",\"url\":\"https:\\\/\\\/shop.bantam.ch\\\/fr\\\/\",\"logo\":{\"@type\":\"ImageObject\",\"inLanguage\":\"fr-FR\",\"@id\":\"https:\\\/\\\/shop.bantam.ch\\\/fr\\\/#\\\/schema\\\/logo\\\/image\\\/\",\"url\":\"https:\\\/\\\/shop.bantam.ch\\\/wp-content\\\/uploads\\\/2022\\\/12\\\/bantam-logo.png\",\"contentUrl\":\"https:\\\/\\\/shop.bantam.ch\\\/wp-content\\\/uploads\\\/2022\\\/12\\\/bantam-logo.png\",\"width\":320,\"height\":71,\"caption\":\"Bantam\"},\"image\":{\"@id\":\"https:\\\/\\\/shop.bantam.ch\\\/fr\\\/#\\\/schema\\\/logo\\\/image\\\/\"}}]}<\/script>\n<!-- \/ Yoast SEO plugin. -->","yoast_head_json":{"title":"R\u00e9frig\u00e9rateur \u00e0 compression RCS - Bantam","robots":{"index":"index","follow":"follow","max-snippet":"max-snippet:-1","max-image-preview":"max-image-preview:large","max-video-preview":"max-video-preview:-1"},"canonical":"https:\/\/shop.bantam.ch\/fr\/produit\/refrigerateur-a-compression-rcs\/","og_locale":"fr_FR","og_type":"article","og_title":"R\u00e9frig\u00e9rateur \u00e0 compression RCS - Bantam","og_description":"\u00c9vitez la perte de place avec ce mod\u00e8le de r\u00e9frig\u00e9rateur pour passage de roue. Ce r\u00e9frig\u00e9rateur int\u00e9gr\u00e9 \u00e9l\u00e9gant avec d\u00e9coupe pour passage de roue dispose d\u2019une porte avec double charni\u00e8re qui s\u2019ouvre \u00e0 gauche ou \u00e0 droite, d\u2019une commande TFT facile d\u2019utilisation et d\u2019un volume int\u00e9rieur polyvalent qui s\u2019adapte \u00e0 tous les besoins. Gr\u00e2ce \u00e0 [&hellip;]","og_url":"https:\/\/shop.bantam.ch\/fr\/produit\/refrigerateur-a-compression-rcs\/","og_site_name":"Bantam","article_modified_time":"2026-05-02T21:06:52+00:00","og_image":[{"width":744,"height":1000,"url":"https:\/\/shop.bantam.ch\/wp-content\/uploads\/2023\/02\/994395411.jpg","type":"image\/jpeg"}],"twitter_card":"summary_large_image","schema":{"@context":"https:\/\/schema.org","@graph":[{"@type":"WebPage","@id":"https:\/\/shop.bantam.ch\/fr\/produit\/refrigerateur-a-compression-rcs\/","url":"https:\/\/shop.bantam.ch\/fr\/produit\/refrigerateur-a-compression-rcs\/","name":"R\u00e9frig\u00e9rateur \u00e0 compression RCS - Bantam","isPartOf":{"@id":"https:\/\/shop.bantam.ch\/fr\/#website"},"primaryImageOfPage":{"@id":"https:\/\/shop.bantam.ch\/fr\/produit\/refrigerateur-a-compression-rcs\/#primaryimage"},"image":{"@id":"https:\/\/shop.bantam.ch\/fr\/produit\/refrigerateur-a-compression-rcs\/#primaryimage"},"thumbnailUrl":"https:\/\/shop.bantam.ch\/wp-content\/uploads\/2023\/02\/994395411.jpg","datePublished":"2023-02-28T07:26:44+00:00","dateModified":"2026-05-02T21:06:52+00:00","breadcrumb":{"@id":"https:\/\/shop.bantam.ch\/fr\/produit\/refrigerateur-a-compression-rcs\/#breadcrumb"},"inLanguage":"fr-FR","potentialAction":[{"@type":"ReadAction","target":["https:\/\/shop.bantam.ch\/fr\/produit\/refrigerateur-a-compression-rcs\/"]}]},{"@type":"ImageObject","inLanguage":"fr-FR","@id":"https:\/\/shop.bantam.ch\/fr\/produit\/refrigerateur-a-compression-rcs\/#primaryimage","url":"https:\/\/shop.bantam.ch\/wp-content\/uploads\/2023\/02\/994395411.jpg","contentUrl":"https:\/\/shop.bantam.ch\/wp-content\/uploads\/2023\/02\/994395411.jpg","width":744,"height":1000},{"@type":"BreadcrumbList","@id":"https:\/\/shop.bantam.ch\/fr\/produit\/refrigerateur-a-compression-rcs\/#breadcrumb","itemListElement":[{"@type":"ListItem","position":1,"name":"Accueil","item":"https:\/\/shop.bantam.ch\/fr\/"},{"@type":"ListItem","position":2,"name":"Boutique","item":"https:\/\/shop.bantam.ch\/fr\/boutique\/"},{"@type":"ListItem","position":3,"name":"R\u00e9frig\u00e9rateur \u00e0 compression RCS"}]},{"@type":"WebSite","@id":"https:\/\/shop.bantam.ch\/fr\/#website","url":"https:\/\/shop.bantam.ch\/fr\/","name":"Bantam","description":"","publisher":{"@id":"https:\/\/shop.bantam.ch\/fr\/#organization"},"inLanguage":"fr-FR"},{"@type":"Organization","@id":"https:\/\/shop.bantam.ch\/fr\/#organization","name":"Bantam","url":"https:\/\/shop.bantam.ch\/fr\/","logo":{"@type":"ImageObject","inLanguage":"fr-FR","@id":"https:\/\/shop.bantam.ch\/fr\/#\/schema\/logo\/image\/","url":"https:\/\/shop.bantam.ch\/wp-content\/uploads\/2022\/12\/bantam-logo.png","contentUrl":"https:\/\/shop.bantam.ch\/wp-content\/uploads\/2022\/12\/bantam-logo.png","width":320,"height":71,"caption":"Bantam"},"image":{"@id":"https:\/\/shop.bantam.ch\/fr\/#\/schema\/logo\/image\/"}}]}},"_links":{"self":[{"href":"https:\/\/shop.bantam.ch\/fr\/wp-json\/wp\/v2\/product\/108037","targetHints":{"allow":["GET"]}}],"collection":[{"href":"https:\/\/shop.bantam.ch\/fr\/wp-json\/wp\/v2\/product"}],"about":[{"href":"https:\/\/shop.bantam.ch\/fr\/wp-json\/wp\/v2\/types\/product"}],"wp:featuredmedia":[{"embeddable":true,"href":"https:\/\/shop.bantam.ch\/fr\/wp-json\/wp\/v2\/media\/108025"}],"wp:attachment":[{"href":"https:\/\/shop.bantam.ch\/fr\/wp-json\/wp\/v2\/media?parent=108037"}],"wp:term":[{"taxonomy":"product_featured_cat","embeddable":true,"href":"https:\/\/shop.bantam.ch\/fr\/wp-json\/wp\/v2\/product_featured_cat?post=108037"},{"taxonomy":"product_brand","embeddable":true,"href":"https:\/\/shop.bantam.ch\/fr\/wp-json\/wp\/v2\/product_brand?post=108037"},{"taxonomy":"product_cat","embeddable":true,"href":"https:\/\/shop.bantam.ch\/fr\/wp-json\/wp\/v2\/product_cat?post=108037"},{"taxonomy":"product_tag","embeddable":true,"href":"https:\/\/shop.bantam.ch\/fr\/wp-json\/wp\/v2\/product_tag?post=108037"}],"curies":[{"name":"wp","href":"https:\/\/api.w.org\/{rel}","templated":true}]}}