{"id":107829,"date":"2023-02-28T08:23:39","date_gmt":"2023-02-28T07:23:39","guid":{"rendered":"http:\/\/shop.bantam.ch\/produit\/refrigerateur-a-absorption-rms-10-5t\/"},"modified":"2026-04-17T23:09:49","modified_gmt":"2026-04-17T21:09:49","slug":"refrigerateur-a-absorption-rms-10-5t","status":"publish","type":"product","link":"https:\/\/shop.bantam.ch\/fr\/produit\/refrigerateur-a-absorption-rms-10-5t\/","title":{"rendered":"R\u00e9frig\u00e9rateur \u00e0 absorption RMS\u00a010.5T"},"content":{"rendered":"<p>Ce mod\u00e8le pour passage de roue tire parti d\u2019un espace habituellement inutilis\u00e9. Ce r\u00e9frig\u00e9rateur \u00e0 absorption int\u00e9gr\u00e9 tr\u00e8s esth\u00e9tique r\u00e9unit de nombreuses fonctionnalit\u00e9s appr\u00e9ci\u00e9es de la gamme\u00a010\u00a0: porte avec double charni\u00e8re qui s\u2019ouvre vers la droite ou la gauche, commande\u00a0TFT de derni\u00e8re g\u00e9n\u00e9ration et volume int\u00e9rieur flexible.<\/p>\n<ul>\n<li>Porte avec deux charni\u00e8res, possibilit\u00e9 d\u2019ouverture \u00e0 gauche ou \u00e0 droite sans modifier la charni\u00e8re<\/li>\n<li>Compartiment de cong\u00e9lation amovible (s\u2019ouvre vers le bas)<\/li>\n<li>Utilisation efficace de l\u2019espace\u00a0: Mod\u00e8le int\u00e9gr\u00e9 avec d\u00e9coupe pour passage de roue<\/li>\n<li>Les poign\u00e9es de porte \u00e9l\u00e9gantes en aluminium s\u2019\u00e9tendent sur toute la hauteur du r\u00e9frig\u00e9rateur<\/li>\n<li>Utilisation conviviale avec \u00e9cran couleur TFT intuitif et bouton rotatif\/bouton-poussoir<\/li>\n<li>Am\u00e9nagement int\u00e9rieur flexible avec deux petits bacs \u00e0 l\u00e9gumes<\/li>\n<li>R\u00e9frig\u00e9rateur \u00e0 absorption silencieux qui fonctionne sur 12\u00a0V ou 230\u00a0V ou au gaz<\/li>\n<\/ul>\n","protected":false},"excerpt":{"rendered":"<p>Ce mod\u00e8le pour passage de roue tire parti d\u2019un espace habituellement inutilis\u00e9. Ce r\u00e9frig\u00e9rateur \u00e0 absorption int\u00e9gr\u00e9 tr\u00e8s esth\u00e9tique r\u00e9unit de nombreuses fonctionnalit\u00e9s appr\u00e9ci\u00e9es de la gamme\u00a010\u00a0: porte avec double charni\u00e8re qui s\u2019ouvre vers la droite ou la gauche, commande\u00a0TFT de derni\u00e8re g\u00e9n\u00e9ration et volume int\u00e9rieur flexible. Porte avec deux charni\u00e8res, possibilit\u00e9 d\u2019ouverture \u00e0 gauche [&hellip;]<\/p>\n","protected":false},"featured_media":107817,"template":"","meta":{"_acf_changed":false},"product_featured_cat":[],"product_brand":[3028],"product_cat":[4551],"product_tag":[],"class_list":{"0":"post-107829","1":"product","2":"type-product","3":"status-publish","4":"has-post-thumbnail","6":"product_brand-dometic","7":"product_cat-refrigerateurs-a-absorption","9":"first","10":"instock","11":"taxable","12":"shipping-taxable","13":"purchasable","14":"product-type-variable"},"acf":[],"yoast_head":"<!-- This site is optimized with the Yoast SEO plugin v27.4 - https:\/\/yoast.com\/product\/yoast-seo-wordpress\/ -->\n<title>R\u00e9frig\u00e9rateur \u00e0 absorption RMS\u00a010.5T - Bantam Wankm\u00fcller SA<\/title>\n<meta name=\"robots\" content=\"index, follow, max-snippet:-1, max-image-preview:large, max-video-preview:-1\" \/>\n<link rel=\"canonical\" href=\"https:\/\/shop.bantam.ch\/fr\/produit\/refrigerateur-a-absorption-rms-10-5t\/\" \/>\n<meta property=\"og:locale\" content=\"fr_FR\" \/>\n<meta property=\"og:type\" content=\"article\" \/>\n<meta property=\"og:title\" content=\"R\u00e9frig\u00e9rateur \u00e0 absorption RMS\u00a010.5T - Bantam Wankm\u00fcller SA\" \/>\n<meta property=\"og:description\" content=\"Ce mod\u00e8le pour passage de roue tire parti d\u2019un espace habituellement inutilis\u00e9. Ce r\u00e9frig\u00e9rateur \u00e0 absorption int\u00e9gr\u00e9 tr\u00e8s esth\u00e9tique r\u00e9unit de nombreuses fonctionnalit\u00e9s appr\u00e9ci\u00e9es de la gamme\u00a010\u00a0: porte avec double charni\u00e8re qui s\u2019ouvre vers la droite ou la gauche, commande\u00a0TFT de derni\u00e8re g\u00e9n\u00e9ration et volume int\u00e9rieur flexible. Porte avec deux charni\u00e8res, possibilit\u00e9 d\u2019ouverture \u00e0 gauche [&hellip;]\" \/>\n<meta property=\"og:url\" content=\"https:\/\/shop.bantam.ch\/fr\/produit\/refrigerateur-a-absorption-rms-10-5t\/\" \/>\n<meta property=\"og:site_name\" content=\"Bantam Wankm\u00fcller SA\" \/>\n<meta property=\"article:modified_time\" content=\"2026-04-17T21:09:49+00:00\" \/>\n<meta property=\"og:image\" content=\"https:\/\/shop.bantam.ch\/wp-content\/uploads\/2023\/02\/994394212.gif\" \/>\n\t<meta property=\"og:image:width\" content=\"180\" \/>\n\t<meta property=\"og:image:height\" content=\"250\" \/>\n\t<meta property=\"og:image:type\" content=\"image\/gif\" \/>\n<meta name=\"twitter:card\" content=\"summary_large_image\" \/>\n<meta name=\"twitter:label1\" content=\"Dur\u00e9e de lecture estim\u00e9e\" \/>\n\t<meta name=\"twitter:data1\" content=\"1 minute\" \/>\n<script type=\"application\/ld+json\" class=\"yoast-schema-graph\">{\"@context\":\"https:\\\/\\\/schema.org\",\"@graph\":[{\"@type\":\"WebPage\",\"@id\":\"https:\\\/\\\/shop.bantam.ch\\\/fr\\\/produit\\\/refrigerateur-a-absorption-rms-10-5t\\\/\",\"url\":\"https:\\\/\\\/shop.bantam.ch\\\/fr\\\/produit\\\/refrigerateur-a-absorption-rms-10-5t\\\/\",\"name\":\"R\u00e9frig\u00e9rateur \u00e0 absorption RMS\u00a010.5T - Bantam Wankm\u00fcller SA\",\"isPartOf\":{\"@id\":\"https:\\\/\\\/shop.bantam.ch\\\/fr\\\/#website\"},\"primaryImageOfPage\":{\"@id\":\"https:\\\/\\\/shop.bantam.ch\\\/fr\\\/produit\\\/refrigerateur-a-absorption-rms-10-5t\\\/#primaryimage\"},\"image\":{\"@id\":\"https:\\\/\\\/shop.bantam.ch\\\/fr\\\/produit\\\/refrigerateur-a-absorption-rms-10-5t\\\/#primaryimage\"},\"thumbnailUrl\":\"https:\\\/\\\/shop.bantam.ch\\\/wp-content\\\/uploads\\\/2023\\\/02\\\/994394212.gif\",\"datePublished\":\"2023-02-28T07:23:39+00:00\",\"dateModified\":\"2026-04-17T21:09:49+00:00\",\"breadcrumb\":{\"@id\":\"https:\\\/\\\/shop.bantam.ch\\\/fr\\\/produit\\\/refrigerateur-a-absorption-rms-10-5t\\\/#breadcrumb\"},\"inLanguage\":\"fr-FR\",\"potentialAction\":[{\"@type\":\"ReadAction\",\"target\":[\"https:\\\/\\\/shop.bantam.ch\\\/fr\\\/produit\\\/refrigerateur-a-absorption-rms-10-5t\\\/\"]}]},{\"@type\":\"ImageObject\",\"inLanguage\":\"fr-FR\",\"@id\":\"https:\\\/\\\/shop.bantam.ch\\\/fr\\\/produit\\\/refrigerateur-a-absorption-rms-10-5t\\\/#primaryimage\",\"url\":\"https:\\\/\\\/shop.bantam.ch\\\/wp-content\\\/uploads\\\/2023\\\/02\\\/994394212.gif\",\"contentUrl\":\"https:\\\/\\\/shop.bantam.ch\\\/wp-content\\\/uploads\\\/2023\\\/02\\\/994394212.gif\",\"width\":180,\"height\":250},{\"@type\":\"BreadcrumbList\",\"@id\":\"https:\\\/\\\/shop.bantam.ch\\\/fr\\\/produit\\\/refrigerateur-a-absorption-rms-10-5t\\\/#breadcrumb\",\"itemListElement\":[{\"@type\":\"ListItem\",\"position\":1,\"name\":\"Accueil\",\"item\":\"https:\\\/\\\/shop.bantam.ch\\\/fr\\\/\"},{\"@type\":\"ListItem\",\"position\":2,\"name\":\"Boutique\",\"item\":\"https:\\\/\\\/shop.bantam.ch\\\/fr\\\/boutique\\\/\"},{\"@type\":\"ListItem\",\"position\":3,\"name\":\"R\u00e9frig\u00e9rateur \u00e0 absorption RMS\u00a010.5T\"}]},{\"@type\":\"WebSite\",\"@id\":\"https:\\\/\\\/shop.bantam.ch\\\/fr\\\/#website\",\"url\":\"https:\\\/\\\/shop.bantam.ch\\\/fr\\\/\",\"name\":\"Bantam Wankm\u00fcller SA\",\"description\":\"\",\"publisher\":{\"@id\":\"https:\\\/\\\/shop.bantam.ch\\\/fr\\\/#organization\"},\"inLanguage\":\"fr-FR\"},{\"@type\":\"Organization\",\"@id\":\"https:\\\/\\\/shop.bantam.ch\\\/fr\\\/#organization\",\"name\":\"Bantam Wankm\u00fcller SA\",\"url\":\"https:\\\/\\\/shop.bantam.ch\\\/fr\\\/\",\"logo\":{\"@type\":\"ImageObject\",\"inLanguage\":\"fr-FR\",\"@id\":\"https:\\\/\\\/shop.bantam.ch\\\/fr\\\/#\\\/schema\\\/logo\\\/image\\\/\",\"url\":\"https:\\\/\\\/shop.bantam.ch\\\/wp-content\\\/uploads\\\/2022\\\/12\\\/bantam-logo.png\",\"contentUrl\":\"https:\\\/\\\/shop.bantam.ch\\\/wp-content\\\/uploads\\\/2022\\\/12\\\/bantam-logo.png\",\"width\":320,\"height\":71,\"caption\":\"Bantam Wankm\u00fcller SA\"},\"image\":{\"@id\":\"https:\\\/\\\/shop.bantam.ch\\\/fr\\\/#\\\/schema\\\/logo\\\/image\\\/\"}}]}<\/script>\n<!-- \/ Yoast SEO plugin. -->","yoast_head_json":{"title":"R\u00e9frig\u00e9rateur \u00e0 absorption RMS\u00a010.5T - Bantam Wankm\u00fcller SA","robots":{"index":"index","follow":"follow","max-snippet":"max-snippet:-1","max-image-preview":"max-image-preview:large","max-video-preview":"max-video-preview:-1"},"canonical":"https:\/\/shop.bantam.ch\/fr\/produit\/refrigerateur-a-absorption-rms-10-5t\/","og_locale":"fr_FR","og_type":"article","og_title":"R\u00e9frig\u00e9rateur \u00e0 absorption RMS\u00a010.5T - Bantam Wankm\u00fcller SA","og_description":"Ce mod\u00e8le pour passage de roue tire parti d\u2019un espace habituellement inutilis\u00e9. Ce r\u00e9frig\u00e9rateur \u00e0 absorption int\u00e9gr\u00e9 tr\u00e8s esth\u00e9tique r\u00e9unit de nombreuses fonctionnalit\u00e9s appr\u00e9ci\u00e9es de la gamme\u00a010\u00a0: porte avec double charni\u00e8re qui s\u2019ouvre vers la droite ou la gauche, commande\u00a0TFT de derni\u00e8re g\u00e9n\u00e9ration et volume int\u00e9rieur flexible. Porte avec deux charni\u00e8res, possibilit\u00e9 d\u2019ouverture \u00e0 gauche [&hellip;]","og_url":"https:\/\/shop.bantam.ch\/fr\/produit\/refrigerateur-a-absorption-rms-10-5t\/","og_site_name":"Bantam Wankm\u00fcller SA","article_modified_time":"2026-04-17T21:09:49+00:00","og_image":[{"width":180,"height":250,"url":"https:\/\/shop.bantam.ch\/wp-content\/uploads\/2023\/02\/994394212.gif","type":"image\/gif"}],"twitter_card":"summary_large_image","twitter_misc":{"Dur\u00e9e de lecture estim\u00e9e":"1 minute"},"schema":{"@context":"https:\/\/schema.org","@graph":[{"@type":"WebPage","@id":"https:\/\/shop.bantam.ch\/fr\/produit\/refrigerateur-a-absorption-rms-10-5t\/","url":"https:\/\/shop.bantam.ch\/fr\/produit\/refrigerateur-a-absorption-rms-10-5t\/","name":"R\u00e9frig\u00e9rateur \u00e0 absorption RMS\u00a010.5T - Bantam Wankm\u00fcller SA","isPartOf":{"@id":"https:\/\/shop.bantam.ch\/fr\/#website"},"primaryImageOfPage":{"@id":"https:\/\/shop.bantam.ch\/fr\/produit\/refrigerateur-a-absorption-rms-10-5t\/#primaryimage"},"image":{"@id":"https:\/\/shop.bantam.ch\/fr\/produit\/refrigerateur-a-absorption-rms-10-5t\/#primaryimage"},"thumbnailUrl":"https:\/\/shop.bantam.ch\/wp-content\/uploads\/2023\/02\/994394212.gif","datePublished":"2023-02-28T07:23:39+00:00","dateModified":"2026-04-17T21:09:49+00:00","breadcrumb":{"@id":"https:\/\/shop.bantam.ch\/fr\/produit\/refrigerateur-a-absorption-rms-10-5t\/#breadcrumb"},"inLanguage":"fr-FR","potentialAction":[{"@type":"ReadAction","target":["https:\/\/shop.bantam.ch\/fr\/produit\/refrigerateur-a-absorption-rms-10-5t\/"]}]},{"@type":"ImageObject","inLanguage":"fr-FR","@id":"https:\/\/shop.bantam.ch\/fr\/produit\/refrigerateur-a-absorption-rms-10-5t\/#primaryimage","url":"https:\/\/shop.bantam.ch\/wp-content\/uploads\/2023\/02\/994394212.gif","contentUrl":"https:\/\/shop.bantam.ch\/wp-content\/uploads\/2023\/02\/994394212.gif","width":180,"height":250},{"@type":"BreadcrumbList","@id":"https:\/\/shop.bantam.ch\/fr\/produit\/refrigerateur-a-absorption-rms-10-5t\/#breadcrumb","itemListElement":[{"@type":"ListItem","position":1,"name":"Accueil","item":"https:\/\/shop.bantam.ch\/fr\/"},{"@type":"ListItem","position":2,"name":"Boutique","item":"https:\/\/shop.bantam.ch\/fr\/boutique\/"},{"@type":"ListItem","position":3,"name":"R\u00e9frig\u00e9rateur \u00e0 absorption RMS\u00a010.5T"}]},{"@type":"WebSite","@id":"https:\/\/shop.bantam.ch\/fr\/#website","url":"https:\/\/shop.bantam.ch\/fr\/","name":"Bantam Wankm\u00fcller SA","description":"","publisher":{"@id":"https:\/\/shop.bantam.ch\/fr\/#organization"},"inLanguage":"fr-FR"},{"@type":"Organization","@id":"https:\/\/shop.bantam.ch\/fr\/#organization","name":"Bantam Wankm\u00fcller SA","url":"https:\/\/shop.bantam.ch\/fr\/","logo":{"@type":"ImageObject","inLanguage":"fr-FR","@id":"https:\/\/shop.bantam.ch\/fr\/#\/schema\/logo\/image\/","url":"https:\/\/shop.bantam.ch\/wp-content\/uploads\/2022\/12\/bantam-logo.png","contentUrl":"https:\/\/shop.bantam.ch\/wp-content\/uploads\/2022\/12\/bantam-logo.png","width":320,"height":71,"caption":"Bantam Wankm\u00fcller SA"},"image":{"@id":"https:\/\/shop.bantam.ch\/fr\/#\/schema\/logo\/image\/"}}]}},"_links":{"self":[{"href":"https:\/\/shop.bantam.ch\/fr\/wp-json\/wp\/v2\/product\/107829","targetHints":{"allow":["GET"]}}],"collection":[{"href":"https:\/\/shop.bantam.ch\/fr\/wp-json\/wp\/v2\/product"}],"about":[{"href":"https:\/\/shop.bantam.ch\/fr\/wp-json\/wp\/v2\/types\/product"}],"wp:featuredmedia":[{"embeddable":true,"href":"https:\/\/shop.bantam.ch\/fr\/wp-json\/wp\/v2\/media\/107817"}],"wp:attachment":[{"href":"https:\/\/shop.bantam.ch\/fr\/wp-json\/wp\/v2\/media?parent=107829"}],"wp:term":[{"taxonomy":"product_featured_cat","embeddable":true,"href":"https:\/\/shop.bantam.ch\/fr\/wp-json\/wp\/v2\/product_featured_cat?post=107829"},{"taxonomy":"product_brand","embeddable":true,"href":"https:\/\/shop.bantam.ch\/fr\/wp-json\/wp\/v2\/product_brand?post=107829"},{"taxonomy":"product_cat","embeddable":true,"href":"https:\/\/shop.bantam.ch\/fr\/wp-json\/wp\/v2\/product_cat?post=107829"},{"taxonomy":"product_tag","embeddable":true,"href":"https:\/\/shop.bantam.ch\/fr\/wp-json\/wp\/v2\/product_tag?post=107829"}],"curies":[{"name":"wp","href":"https:\/\/api.w.org\/{rel}","templated":true}]}}