{"id":107797,"date":"2023-01-28T08:23:08","date_gmt":"2023-01-28T07:23:08","guid":{"rendered":"http:\/\/shop.bantam.ch\/produit\/glaciere-combicool-acx3-40\/"},"modified":"2026-05-06T23:14:11","modified_gmt":"2026-05-06T21:14:11","slug":"glaciere-combicool-acx3-40","status":"publish","type":"product","link":"https:\/\/shop.bantam.ch\/fr\/produit\/glaciere-combicool-acx3-40\/","title":{"rendered":"Glaci\u00e8re CombiCool ACX3\u00a040"},"content":{"rendered":"<ul>\n<li>\u00c0 utiliser avec du gaz, du courant continu 12\u00a0V et du courant alternatif 230\u00a0V. Une alimentation en \u00e9nergie garantie pour une libert\u00e9 absolue\u00a0!<\/li>\n<li>Un fonctionnement silencieux pour \u00e9viter les nuisances sonores<\/li>\n<li>Un \u00e9l\u00e9gant bo\u00eetier et un design attrayant<\/li>\n<li>Avec bac \u00e0 gla\u00e7ons<\/li>\n<li>Refroidissement jusqu\u2019\u00e0 30\u00a0\u00b0C sous la temp\u00e9rature ambiante<\/li>\n<li>Bo\u00eetier \u00e9l\u00e9gant en aluminium<\/li>\n<li>3\u00a0niveaux de r\u00e9gulation de la flamme en cas de fonctionnement au gaz<\/li>\n<\/ul>\n","protected":false},"excerpt":{"rendered":"<p>\u00c0 utiliser avec du gaz, du courant continu 12\u00a0V et du courant alternatif 230\u00a0V. Une alimentation en \u00e9nergie garantie pour une libert\u00e9 absolue\u00a0! Un fonctionnement silencieux pour \u00e9viter les nuisances sonores Un \u00e9l\u00e9gant bo\u00eetier et un design attrayant Avec bac \u00e0 gla\u00e7ons Refroidissement jusqu\u2019\u00e0 30\u00a0\u00b0C sous la temp\u00e9rature ambiante Bo\u00eetier \u00e9l\u00e9gant en aluminium 3\u00a0niveaux de [&hellip;]<\/p>\n","protected":false},"featured_media":107787,"template":"","meta":{"_acf_changed":false},"product_featured_cat":[94,5297],"product_brand":[3028],"product_cat":[4547],"product_tag":[],"class_list":{"0":"post-107797","1":"product","2":"type-product","3":"status-publish","4":"has-post-thumbnail","6":"product_featured_cat-promotions-etagnieres","7":"product_featured_cat-sonderangebote-hindelbank-fr","8":"product_brand-dometic","9":"product_cat-glacieres-a-absorption","11":"first","12":"instock","13":"sale","14":"taxable","15":"shipping-taxable","16":"purchasable","17":"product-type-variable"},"acf":[],"yoast_head":"<!-- This site is optimized with the Yoast SEO plugin v27.5 - https:\/\/yoast.com\/product\/yoast-seo-wordpress\/ -->\n<title>Glaci\u00e8re CombiCool ACX3\u00a040 - Bantam<\/title>\n<meta name=\"robots\" content=\"index, follow, max-snippet:-1, max-image-preview:large, max-video-preview:-1\" \/>\n<link rel=\"canonical\" href=\"https:\/\/shop.bantam.ch\/fr\/produit\/glaciere-combicool-acx3-40\/\" \/>\n<meta property=\"og:locale\" content=\"fr_FR\" \/>\n<meta property=\"og:type\" content=\"article\" \/>\n<meta property=\"og:title\" content=\"Glaci\u00e8re CombiCool ACX3\u00a040 - Bantam\" \/>\n<meta property=\"og:description\" content=\"\u00c0 utiliser avec du gaz, du courant continu 12\u00a0V et du courant alternatif 230\u00a0V. Une alimentation en \u00e9nergie garantie pour une libert\u00e9 absolue\u00a0! Un fonctionnement silencieux pour \u00e9viter les nuisances sonores Un \u00e9l\u00e9gant bo\u00eetier et un design attrayant Avec bac \u00e0 gla\u00e7ons Refroidissement jusqu\u2019\u00e0 30\u00a0\u00b0C sous la temp\u00e9rature ambiante Bo\u00eetier \u00e9l\u00e9gant en aluminium 3\u00a0niveaux de [&hellip;]\" \/>\n<meta property=\"og:url\" content=\"https:\/\/shop.bantam.ch\/fr\/produit\/glaciere-combicool-acx3-40\/\" \/>\n<meta property=\"og:site_name\" content=\"Bantam\" \/>\n<meta property=\"article:modified_time\" content=\"2026-05-06T21:14:11+00:00\" \/>\n<meta property=\"og:image\" content=\"https:\/\/shop.bantam.ch\/wp-content\/uploads\/2023\/02\/994393611-1.gif\" \/>\n\t<meta property=\"og:image:width\" content=\"250\" \/>\n\t<meta property=\"og:image:height\" content=\"250\" \/>\n\t<meta property=\"og:image:type\" content=\"image\/gif\" \/>\n<meta name=\"twitter:card\" content=\"summary_large_image\" \/>\n<meta name=\"twitter:label1\" content=\"Dur\u00e9e de lecture estim\u00e9e\" \/>\n\t<meta name=\"twitter:data1\" content=\"1 minute\" \/>\n<script type=\"application\/ld+json\" class=\"yoast-schema-graph\">{\"@context\":\"https:\\\/\\\/schema.org\",\"@graph\":[{\"@type\":\"WebPage\",\"@id\":\"https:\\\/\\\/shop.bantam.ch\\\/fr\\\/produit\\\/glaciere-combicool-acx3-40\\\/\",\"url\":\"https:\\\/\\\/shop.bantam.ch\\\/fr\\\/produit\\\/glaciere-combicool-acx3-40\\\/\",\"name\":\"Glaci\u00e8re CombiCool ACX3\u00a040 - Bantam\",\"isPartOf\":{\"@id\":\"https:\\\/\\\/shop.bantam.ch\\\/fr\\\/#website\"},\"primaryImageOfPage\":{\"@id\":\"https:\\\/\\\/shop.bantam.ch\\\/fr\\\/produit\\\/glaciere-combicool-acx3-40\\\/#primaryimage\"},\"image\":{\"@id\":\"https:\\\/\\\/shop.bantam.ch\\\/fr\\\/produit\\\/glaciere-combicool-acx3-40\\\/#primaryimage\"},\"thumbnailUrl\":\"https:\\\/\\\/shop.bantam.ch\\\/wp-content\\\/uploads\\\/2023\\\/02\\\/994393611-1.gif\",\"datePublished\":\"2023-01-28T07:23:08+00:00\",\"dateModified\":\"2026-05-06T21:14:11+00:00\",\"breadcrumb\":{\"@id\":\"https:\\\/\\\/shop.bantam.ch\\\/fr\\\/produit\\\/glaciere-combicool-acx3-40\\\/#breadcrumb\"},\"inLanguage\":\"fr-FR\",\"potentialAction\":[{\"@type\":\"ReadAction\",\"target\":[\"https:\\\/\\\/shop.bantam.ch\\\/fr\\\/produit\\\/glaciere-combicool-acx3-40\\\/\"]}]},{\"@type\":\"ImageObject\",\"inLanguage\":\"fr-FR\",\"@id\":\"https:\\\/\\\/shop.bantam.ch\\\/fr\\\/produit\\\/glaciere-combicool-acx3-40\\\/#primaryimage\",\"url\":\"https:\\\/\\\/shop.bantam.ch\\\/wp-content\\\/uploads\\\/2023\\\/02\\\/994393611-1.gif\",\"contentUrl\":\"https:\\\/\\\/shop.bantam.ch\\\/wp-content\\\/uploads\\\/2023\\\/02\\\/994393611-1.gif\",\"width\":250,\"height\":250},{\"@type\":\"BreadcrumbList\",\"@id\":\"https:\\\/\\\/shop.bantam.ch\\\/fr\\\/produit\\\/glaciere-combicool-acx3-40\\\/#breadcrumb\",\"itemListElement\":[{\"@type\":\"ListItem\",\"position\":1,\"name\":\"Accueil\",\"item\":\"https:\\\/\\\/shop.bantam.ch\\\/fr\\\/\"},{\"@type\":\"ListItem\",\"position\":2,\"name\":\"Boutique\",\"item\":\"https:\\\/\\\/shop.bantam.ch\\\/fr\\\/boutique\\\/\"},{\"@type\":\"ListItem\",\"position\":3,\"name\":\"Glaci\u00e8re CombiCool ACX3\u00a040\"}]},{\"@type\":\"WebSite\",\"@id\":\"https:\\\/\\\/shop.bantam.ch\\\/fr\\\/#website\",\"url\":\"https:\\\/\\\/shop.bantam.ch\\\/fr\\\/\",\"name\":\"Bantam\",\"description\":\"\",\"publisher\":{\"@id\":\"https:\\\/\\\/shop.bantam.ch\\\/fr\\\/#organization\"},\"inLanguage\":\"fr-FR\"},{\"@type\":\"Organization\",\"@id\":\"https:\\\/\\\/shop.bantam.ch\\\/fr\\\/#organization\",\"name\":\"Bantam\",\"url\":\"https:\\\/\\\/shop.bantam.ch\\\/fr\\\/\",\"logo\":{\"@type\":\"ImageObject\",\"inLanguage\":\"fr-FR\",\"@id\":\"https:\\\/\\\/shop.bantam.ch\\\/fr\\\/#\\\/schema\\\/logo\\\/image\\\/\",\"url\":\"https:\\\/\\\/shop.bantam.ch\\\/wp-content\\\/uploads\\\/2022\\\/12\\\/bantam-logo.png\",\"contentUrl\":\"https:\\\/\\\/shop.bantam.ch\\\/wp-content\\\/uploads\\\/2022\\\/12\\\/bantam-logo.png\",\"width\":320,\"height\":71,\"caption\":\"Bantam\"},\"image\":{\"@id\":\"https:\\\/\\\/shop.bantam.ch\\\/fr\\\/#\\\/schema\\\/logo\\\/image\\\/\"}}]}<\/script>\n<!-- \/ Yoast SEO plugin. -->","yoast_head_json":{"title":"Glaci\u00e8re CombiCool ACX3\u00a040 - Bantam","robots":{"index":"index","follow":"follow","max-snippet":"max-snippet:-1","max-image-preview":"max-image-preview:large","max-video-preview":"max-video-preview:-1"},"canonical":"https:\/\/shop.bantam.ch\/fr\/produit\/glaciere-combicool-acx3-40\/","og_locale":"fr_FR","og_type":"article","og_title":"Glaci\u00e8re CombiCool ACX3\u00a040 - Bantam","og_description":"\u00c0 utiliser avec du gaz, du courant continu 12\u00a0V et du courant alternatif 230\u00a0V. Une alimentation en \u00e9nergie garantie pour une libert\u00e9 absolue\u00a0! Un fonctionnement silencieux pour \u00e9viter les nuisances sonores Un \u00e9l\u00e9gant bo\u00eetier et un design attrayant Avec bac \u00e0 gla\u00e7ons Refroidissement jusqu\u2019\u00e0 30\u00a0\u00b0C sous la temp\u00e9rature ambiante Bo\u00eetier \u00e9l\u00e9gant en aluminium 3\u00a0niveaux de [&hellip;]","og_url":"https:\/\/shop.bantam.ch\/fr\/produit\/glaciere-combicool-acx3-40\/","og_site_name":"Bantam","article_modified_time":"2026-05-06T21:14:11+00:00","og_image":[{"width":250,"height":250,"url":"https:\/\/shop.bantam.ch\/wp-content\/uploads\/2023\/02\/994393611-1.gif","type":"image\/gif"}],"twitter_card":"summary_large_image","twitter_misc":{"Dur\u00e9e de lecture estim\u00e9e":"1 minute"},"schema":{"@context":"https:\/\/schema.org","@graph":[{"@type":"WebPage","@id":"https:\/\/shop.bantam.ch\/fr\/produit\/glaciere-combicool-acx3-40\/","url":"https:\/\/shop.bantam.ch\/fr\/produit\/glaciere-combicool-acx3-40\/","name":"Glaci\u00e8re CombiCool ACX3\u00a040 - Bantam","isPartOf":{"@id":"https:\/\/shop.bantam.ch\/fr\/#website"},"primaryImageOfPage":{"@id":"https:\/\/shop.bantam.ch\/fr\/produit\/glaciere-combicool-acx3-40\/#primaryimage"},"image":{"@id":"https:\/\/shop.bantam.ch\/fr\/produit\/glaciere-combicool-acx3-40\/#primaryimage"},"thumbnailUrl":"https:\/\/shop.bantam.ch\/wp-content\/uploads\/2023\/02\/994393611-1.gif","datePublished":"2023-01-28T07:23:08+00:00","dateModified":"2026-05-06T21:14:11+00:00","breadcrumb":{"@id":"https:\/\/shop.bantam.ch\/fr\/produit\/glaciere-combicool-acx3-40\/#breadcrumb"},"inLanguage":"fr-FR","potentialAction":[{"@type":"ReadAction","target":["https:\/\/shop.bantam.ch\/fr\/produit\/glaciere-combicool-acx3-40\/"]}]},{"@type":"ImageObject","inLanguage":"fr-FR","@id":"https:\/\/shop.bantam.ch\/fr\/produit\/glaciere-combicool-acx3-40\/#primaryimage","url":"https:\/\/shop.bantam.ch\/wp-content\/uploads\/2023\/02\/994393611-1.gif","contentUrl":"https:\/\/shop.bantam.ch\/wp-content\/uploads\/2023\/02\/994393611-1.gif","width":250,"height":250},{"@type":"BreadcrumbList","@id":"https:\/\/shop.bantam.ch\/fr\/produit\/glaciere-combicool-acx3-40\/#breadcrumb","itemListElement":[{"@type":"ListItem","position":1,"name":"Accueil","item":"https:\/\/shop.bantam.ch\/fr\/"},{"@type":"ListItem","position":2,"name":"Boutique","item":"https:\/\/shop.bantam.ch\/fr\/boutique\/"},{"@type":"ListItem","position":3,"name":"Glaci\u00e8re CombiCool ACX3\u00a040"}]},{"@type":"WebSite","@id":"https:\/\/shop.bantam.ch\/fr\/#website","url":"https:\/\/shop.bantam.ch\/fr\/","name":"Bantam","description":"","publisher":{"@id":"https:\/\/shop.bantam.ch\/fr\/#organization"},"inLanguage":"fr-FR"},{"@type":"Organization","@id":"https:\/\/shop.bantam.ch\/fr\/#organization","name":"Bantam","url":"https:\/\/shop.bantam.ch\/fr\/","logo":{"@type":"ImageObject","inLanguage":"fr-FR","@id":"https:\/\/shop.bantam.ch\/fr\/#\/schema\/logo\/image\/","url":"https:\/\/shop.bantam.ch\/wp-content\/uploads\/2022\/12\/bantam-logo.png","contentUrl":"https:\/\/shop.bantam.ch\/wp-content\/uploads\/2022\/12\/bantam-logo.png","width":320,"height":71,"caption":"Bantam"},"image":{"@id":"https:\/\/shop.bantam.ch\/fr\/#\/schema\/logo\/image\/"}}]}},"_links":{"self":[{"href":"https:\/\/shop.bantam.ch\/fr\/wp-json\/wp\/v2\/product\/107797","targetHints":{"allow":["GET"]}}],"collection":[{"href":"https:\/\/shop.bantam.ch\/fr\/wp-json\/wp\/v2\/product"}],"about":[{"href":"https:\/\/shop.bantam.ch\/fr\/wp-json\/wp\/v2\/types\/product"}],"wp:featuredmedia":[{"embeddable":true,"href":"https:\/\/shop.bantam.ch\/fr\/wp-json\/wp\/v2\/media\/107787"}],"wp:attachment":[{"href":"https:\/\/shop.bantam.ch\/fr\/wp-json\/wp\/v2\/media?parent=107797"}],"wp:term":[{"taxonomy":"product_featured_cat","embeddable":true,"href":"https:\/\/shop.bantam.ch\/fr\/wp-json\/wp\/v2\/product_featured_cat?post=107797"},{"taxonomy":"product_brand","embeddable":true,"href":"https:\/\/shop.bantam.ch\/fr\/wp-json\/wp\/v2\/product_brand?post=107797"},{"taxonomy":"product_cat","embeddable":true,"href":"https:\/\/shop.bantam.ch\/fr\/wp-json\/wp\/v2\/product_cat?post=107797"},{"taxonomy":"product_tag","embeddable":true,"href":"https:\/\/shop.bantam.ch\/fr\/wp-json\/wp\/v2\/product_tag?post=107797"}],"curies":[{"name":"wp","href":"https:\/\/api.w.org\/{rel}","templated":true}]}}