{"id":107657,"date":"2023-02-28T08:21:19","date_gmt":"2023-02-28T07:21:19","guid":{"rendered":"http:\/\/shop.bantam.ch\/produit\/glaciere-l\/"},"modified":"2026-04-18T23:11:43","modified_gmt":"2026-04-18T21:11:43","slug":"glaciere-l","status":"publish","type":"product","link":"https:\/\/shop.bantam.ch\/fr\/produit\/glaciere-l\/","title":{"rendered":"Glaci\u00e8re\u00a0L"},"content":{"rendered":"<p>QOOL Box\u00a0: le nouveau miracle thermique bleu\u00a0! <br \/>En d\u00e9placement toute la journ\u00e9e, sans \u00e9lectricit\u00e9\u00a0? Aucun probl\u00e8me avec la glaci\u00e8re QOOL Box. Cette glaci\u00e8re passive est le compagnon id\u00e9al et fiable de chacune de vos aventures en ext\u00e9rieur. Gr\u00e2ce \u00e0 l\u2019isolation high-tech \u00e0 base de panneaux isolants sous vide sur tous les c\u00f4t\u00e9s, au fond et sur le couvercle, et \u00e0 la technologie de refroidissement innovante QOOL Temperature Element, vous pouvez conserver vos aliments au frais jusqu\u2019\u00e0 10\u00a0jours, sans courant, quelle que soit la zone climatique, dans le monde entier. <\/p>\n<p>QOOL Box Temperature Elements<br \/> La glaci\u00e8re QOOL Box Temperature Elements contient des mat\u00e9riaux appel\u00e9s Phase Change Material qui peuvent absorber ou transmettre de l\u2019\u00e9nergie \u00e0 une temp\u00e9rature donn\u00e9e. En fonction de la plage de temp\u00e9ratures n\u00e9cessaire pour conserver vos aliments au frais, vous pouvez s\u00e9lectionner diff\u00e9rents QOOL Temperature Elements. <\/p>\n<p>Plages de temp\u00e9ratures disponibles <br \/>Standard Frozen (cong\u00e9lation standard) (-20\u00a0\u00b0C \u00e0 -10\u00a0\u00b0C) pour le transport de tous les aliments surgel\u00e9s, id\u00e9al pour les cr\u00e8mes glac\u00e9es. <br \/>Standard Cool (froid standard) (-2\u00a0\u00b0C \u00e0 +2\u00a0\u00b0C) pour le transport de denr\u00e9es sensibles, comme le poisson frais ou la viande. <br \/>Controlled Fresh (froid contr\u00f4l\u00e9) (+2\u00a0\u00b0C \u00e0 +8\u00a0\u00b0C) pour la plupart des boissons ou denr\u00e9es p\u00e9rissables en dehors d\u2019un r\u00e9frig\u00e9rateur, mais aussi pour des m\u00e9dicaments \u00e0 conserver au frais. <\/p>\n<p>Les atouts en bref\u00a0:<\/p>\n<ul>\n<li>Fonctionne sans \u00e9lectricit\u00e9<\/li>\n<li>Pr\u00e9serve une temp\u00e9rature constante pendant 10\u00a0jours<\/li>\n<li>Tous les composants sont recyclables<\/li>\n<li>Made in Germany<\/li>\n<\/ul>\n<p>Le kit pratique QOOL-Bundle, compos\u00e9 d\u2019une glaci\u00e8re et d\u2019un lot de composants adapt\u00e9s Temperature Elements, est id\u00e9al pour se lancer dans l\u2019univers du refroidissement sous vide.<\/p>\n","protected":false},"excerpt":{"rendered":"<p>QOOL Box\u00a0: le nouveau miracle thermique bleu\u00a0! En d\u00e9placement toute la journ\u00e9e, sans \u00e9lectricit\u00e9\u00a0? Aucun probl\u00e8me avec la glaci\u00e8re QOOL Box. Cette glaci\u00e8re passive est le compagnon id\u00e9al et fiable de chacune de vos aventures en ext\u00e9rieur. Gr\u00e2ce \u00e0 l\u2019isolation high-tech \u00e0 base de panneaux isolants sous vide sur tous les c\u00f4t\u00e9s, au fond et [&hellip;]<\/p>\n","protected":false},"featured_media":107641,"template":"","meta":{"_acf_changed":false},"product_featured_cat":[94],"product_brand":[3554],"product_cat":[4085],"product_tag":[],"class_list":{"0":"post-107657","1":"product","2":"type-product","3":"status-publish","4":"has-post-thumbnail","6":"product_featured_cat-promotions-etagnieres","7":"product_brand-qool","8":"product_cat-glacieres-passives-et-sacs","10":"first","11":"instock","12":"sale","13":"taxable","14":"shipping-taxable","15":"purchasable","16":"product-type-variable"},"acf":[],"yoast_head":"<!-- This site is optimized with the Yoast SEO plugin v27.4 - https:\/\/yoast.com\/product\/yoast-seo-wordpress\/ -->\n<title>Glaci\u00e8re\u00a0L - Bantam Wankm\u00fcller SA<\/title>\n<meta name=\"robots\" content=\"index, follow, max-snippet:-1, max-image-preview:large, max-video-preview:-1\" \/>\n<link rel=\"canonical\" href=\"https:\/\/shop.bantam.ch\/fr\/produit\/glaciere-l\/\" \/>\n<meta property=\"og:locale\" content=\"fr_FR\" \/>\n<meta property=\"og:type\" content=\"article\" \/>\n<meta property=\"og:title\" content=\"Glaci\u00e8re\u00a0L - Bantam Wankm\u00fcller SA\" \/>\n<meta property=\"og:description\" content=\"QOOL Box\u00a0: le nouveau miracle thermique bleu\u00a0! En d\u00e9placement toute la journ\u00e9e, sans \u00e9lectricit\u00e9\u00a0? Aucun probl\u00e8me avec la glaci\u00e8re QOOL Box. Cette glaci\u00e8re passive est le compagnon id\u00e9al et fiable de chacune de vos aventures en ext\u00e9rieur. Gr\u00e2ce \u00e0 l\u2019isolation high-tech \u00e0 base de panneaux isolants sous vide sur tous les c\u00f4t\u00e9s, au fond et [&hellip;]\" \/>\n<meta property=\"og:url\" content=\"https:\/\/shop.bantam.ch\/fr\/produit\/glaciere-l\/\" \/>\n<meta property=\"og:site_name\" content=\"Bantam Wankm\u00fcller SA\" \/>\n<meta property=\"article:modified_time\" content=\"2026-04-18T21:11:43+00:00\" \/>\n<meta property=\"og:image\" content=\"https:\/\/shop.bantam.ch\/wp-content\/uploads\/2023\/02\/994392611.jpg\" \/>\n\t<meta property=\"og:image:width\" content=\"1000\" \/>\n\t<meta property=\"og:image:height\" content=\"1000\" \/>\n\t<meta property=\"og:image:type\" content=\"image\/jpeg\" \/>\n<meta name=\"twitter:card\" content=\"summary_large_image\" \/>\n<meta name=\"twitter:label1\" content=\"Dur\u00e9e de lecture estim\u00e9e\" \/>\n\t<meta name=\"twitter:data1\" content=\"1 minute\" \/>\n<script type=\"application\/ld+json\" class=\"yoast-schema-graph\">{\"@context\":\"https:\\\/\\\/schema.org\",\"@graph\":[{\"@type\":\"WebPage\",\"@id\":\"https:\\\/\\\/shop.bantam.ch\\\/fr\\\/produit\\\/glaciere-l\\\/\",\"url\":\"https:\\\/\\\/shop.bantam.ch\\\/fr\\\/produit\\\/glaciere-l\\\/\",\"name\":\"Glaci\u00e8re\u00a0L - Bantam Wankm\u00fcller SA\",\"isPartOf\":{\"@id\":\"https:\\\/\\\/shop.bantam.ch\\\/fr\\\/#website\"},\"primaryImageOfPage\":{\"@id\":\"https:\\\/\\\/shop.bantam.ch\\\/fr\\\/produit\\\/glaciere-l\\\/#primaryimage\"},\"image\":{\"@id\":\"https:\\\/\\\/shop.bantam.ch\\\/fr\\\/produit\\\/glaciere-l\\\/#primaryimage\"},\"thumbnailUrl\":\"https:\\\/\\\/shop.bantam.ch\\\/wp-content\\\/uploads\\\/2023\\\/02\\\/994392611.jpg\",\"datePublished\":\"2023-02-28T07:21:19+00:00\",\"dateModified\":\"2026-04-18T21:11:43+00:00\",\"breadcrumb\":{\"@id\":\"https:\\\/\\\/shop.bantam.ch\\\/fr\\\/produit\\\/glaciere-l\\\/#breadcrumb\"},\"inLanguage\":\"fr-FR\",\"potentialAction\":[{\"@type\":\"ReadAction\",\"target\":[\"https:\\\/\\\/shop.bantam.ch\\\/fr\\\/produit\\\/glaciere-l\\\/\"]}]},{\"@type\":\"ImageObject\",\"inLanguage\":\"fr-FR\",\"@id\":\"https:\\\/\\\/shop.bantam.ch\\\/fr\\\/produit\\\/glaciere-l\\\/#primaryimage\",\"url\":\"https:\\\/\\\/shop.bantam.ch\\\/wp-content\\\/uploads\\\/2023\\\/02\\\/994392611.jpg\",\"contentUrl\":\"https:\\\/\\\/shop.bantam.ch\\\/wp-content\\\/uploads\\\/2023\\\/02\\\/994392611.jpg\",\"width\":1000,\"height\":1000},{\"@type\":\"BreadcrumbList\",\"@id\":\"https:\\\/\\\/shop.bantam.ch\\\/fr\\\/produit\\\/glaciere-l\\\/#breadcrumb\",\"itemListElement\":[{\"@type\":\"ListItem\",\"position\":1,\"name\":\"Accueil\",\"item\":\"https:\\\/\\\/shop.bantam.ch\\\/fr\\\/\"},{\"@type\":\"ListItem\",\"position\":2,\"name\":\"Boutique\",\"item\":\"https:\\\/\\\/shop.bantam.ch\\\/fr\\\/boutique\\\/\"},{\"@type\":\"ListItem\",\"position\":3,\"name\":\"Glaci\u00e8re\u00a0L\"}]},{\"@type\":\"WebSite\",\"@id\":\"https:\\\/\\\/shop.bantam.ch\\\/fr\\\/#website\",\"url\":\"https:\\\/\\\/shop.bantam.ch\\\/fr\\\/\",\"name\":\"Bantam Wankm\u00fcller SA\",\"description\":\"\",\"publisher\":{\"@id\":\"https:\\\/\\\/shop.bantam.ch\\\/fr\\\/#organization\"},\"inLanguage\":\"fr-FR\"},{\"@type\":\"Organization\",\"@id\":\"https:\\\/\\\/shop.bantam.ch\\\/fr\\\/#organization\",\"name\":\"Bantam Wankm\u00fcller SA\",\"url\":\"https:\\\/\\\/shop.bantam.ch\\\/fr\\\/\",\"logo\":{\"@type\":\"ImageObject\",\"inLanguage\":\"fr-FR\",\"@id\":\"https:\\\/\\\/shop.bantam.ch\\\/fr\\\/#\\\/schema\\\/logo\\\/image\\\/\",\"url\":\"https:\\\/\\\/shop.bantam.ch\\\/wp-content\\\/uploads\\\/2022\\\/12\\\/bantam-logo.png\",\"contentUrl\":\"https:\\\/\\\/shop.bantam.ch\\\/wp-content\\\/uploads\\\/2022\\\/12\\\/bantam-logo.png\",\"width\":320,\"height\":71,\"caption\":\"Bantam Wankm\u00fcller SA\"},\"image\":{\"@id\":\"https:\\\/\\\/shop.bantam.ch\\\/fr\\\/#\\\/schema\\\/logo\\\/image\\\/\"}}]}<\/script>\n<!-- \/ Yoast SEO plugin. -->","yoast_head_json":{"title":"Glaci\u00e8re\u00a0L - Bantam Wankm\u00fcller SA","robots":{"index":"index","follow":"follow","max-snippet":"max-snippet:-1","max-image-preview":"max-image-preview:large","max-video-preview":"max-video-preview:-1"},"canonical":"https:\/\/shop.bantam.ch\/fr\/produit\/glaciere-l\/","og_locale":"fr_FR","og_type":"article","og_title":"Glaci\u00e8re\u00a0L - Bantam Wankm\u00fcller SA","og_description":"QOOL Box\u00a0: le nouveau miracle thermique bleu\u00a0! En d\u00e9placement toute la journ\u00e9e, sans \u00e9lectricit\u00e9\u00a0? Aucun probl\u00e8me avec la glaci\u00e8re QOOL Box. Cette glaci\u00e8re passive est le compagnon id\u00e9al et fiable de chacune de vos aventures en ext\u00e9rieur. Gr\u00e2ce \u00e0 l\u2019isolation high-tech \u00e0 base de panneaux isolants sous vide sur tous les c\u00f4t\u00e9s, au fond et [&hellip;]","og_url":"https:\/\/shop.bantam.ch\/fr\/produit\/glaciere-l\/","og_site_name":"Bantam Wankm\u00fcller SA","article_modified_time":"2026-04-18T21:11:43+00:00","og_image":[{"width":1000,"height":1000,"url":"https:\/\/shop.bantam.ch\/wp-content\/uploads\/2023\/02\/994392611.jpg","type":"image\/jpeg"}],"twitter_card":"summary_large_image","twitter_misc":{"Dur\u00e9e de lecture estim\u00e9e":"1 minute"},"schema":{"@context":"https:\/\/schema.org","@graph":[{"@type":"WebPage","@id":"https:\/\/shop.bantam.ch\/fr\/produit\/glaciere-l\/","url":"https:\/\/shop.bantam.ch\/fr\/produit\/glaciere-l\/","name":"Glaci\u00e8re\u00a0L - Bantam Wankm\u00fcller SA","isPartOf":{"@id":"https:\/\/shop.bantam.ch\/fr\/#website"},"primaryImageOfPage":{"@id":"https:\/\/shop.bantam.ch\/fr\/produit\/glaciere-l\/#primaryimage"},"image":{"@id":"https:\/\/shop.bantam.ch\/fr\/produit\/glaciere-l\/#primaryimage"},"thumbnailUrl":"https:\/\/shop.bantam.ch\/wp-content\/uploads\/2023\/02\/994392611.jpg","datePublished":"2023-02-28T07:21:19+00:00","dateModified":"2026-04-18T21:11:43+00:00","breadcrumb":{"@id":"https:\/\/shop.bantam.ch\/fr\/produit\/glaciere-l\/#breadcrumb"},"inLanguage":"fr-FR","potentialAction":[{"@type":"ReadAction","target":["https:\/\/shop.bantam.ch\/fr\/produit\/glaciere-l\/"]}]},{"@type":"ImageObject","inLanguage":"fr-FR","@id":"https:\/\/shop.bantam.ch\/fr\/produit\/glaciere-l\/#primaryimage","url":"https:\/\/shop.bantam.ch\/wp-content\/uploads\/2023\/02\/994392611.jpg","contentUrl":"https:\/\/shop.bantam.ch\/wp-content\/uploads\/2023\/02\/994392611.jpg","width":1000,"height":1000},{"@type":"BreadcrumbList","@id":"https:\/\/shop.bantam.ch\/fr\/produit\/glaciere-l\/#breadcrumb","itemListElement":[{"@type":"ListItem","position":1,"name":"Accueil","item":"https:\/\/shop.bantam.ch\/fr\/"},{"@type":"ListItem","position":2,"name":"Boutique","item":"https:\/\/shop.bantam.ch\/fr\/boutique\/"},{"@type":"ListItem","position":3,"name":"Glaci\u00e8re\u00a0L"}]},{"@type":"WebSite","@id":"https:\/\/shop.bantam.ch\/fr\/#website","url":"https:\/\/shop.bantam.ch\/fr\/","name":"Bantam Wankm\u00fcller SA","description":"","publisher":{"@id":"https:\/\/shop.bantam.ch\/fr\/#organization"},"inLanguage":"fr-FR"},{"@type":"Organization","@id":"https:\/\/shop.bantam.ch\/fr\/#organization","name":"Bantam Wankm\u00fcller SA","url":"https:\/\/shop.bantam.ch\/fr\/","logo":{"@type":"ImageObject","inLanguage":"fr-FR","@id":"https:\/\/shop.bantam.ch\/fr\/#\/schema\/logo\/image\/","url":"https:\/\/shop.bantam.ch\/wp-content\/uploads\/2022\/12\/bantam-logo.png","contentUrl":"https:\/\/shop.bantam.ch\/wp-content\/uploads\/2022\/12\/bantam-logo.png","width":320,"height":71,"caption":"Bantam Wankm\u00fcller SA"},"image":{"@id":"https:\/\/shop.bantam.ch\/fr\/#\/schema\/logo\/image\/"}}]}},"_links":{"self":[{"href":"https:\/\/shop.bantam.ch\/fr\/wp-json\/wp\/v2\/product\/107657","targetHints":{"allow":["GET"]}}],"collection":[{"href":"https:\/\/shop.bantam.ch\/fr\/wp-json\/wp\/v2\/product"}],"about":[{"href":"https:\/\/shop.bantam.ch\/fr\/wp-json\/wp\/v2\/types\/product"}],"wp:featuredmedia":[{"embeddable":true,"href":"https:\/\/shop.bantam.ch\/fr\/wp-json\/wp\/v2\/media\/107641"}],"wp:attachment":[{"href":"https:\/\/shop.bantam.ch\/fr\/wp-json\/wp\/v2\/media?parent=107657"}],"wp:term":[{"taxonomy":"product_featured_cat","embeddable":true,"href":"https:\/\/shop.bantam.ch\/fr\/wp-json\/wp\/v2\/product_featured_cat?post=107657"},{"taxonomy":"product_brand","embeddable":true,"href":"https:\/\/shop.bantam.ch\/fr\/wp-json\/wp\/v2\/product_brand?post=107657"},{"taxonomy":"product_cat","embeddable":true,"href":"https:\/\/shop.bantam.ch\/fr\/wp-json\/wp\/v2\/product_cat?post=107657"},{"taxonomy":"product_tag","embeddable":true,"href":"https:\/\/shop.bantam.ch\/fr\/wp-json\/wp\/v2\/product_tag?post=107657"}],"curies":[{"name":"wp","href":"https:\/\/api.w.org\/{rel}","templated":true}]}}