{"id":107073,"date":"2023-02-28T08:11:28","date_gmt":"2023-02-28T07:11:28","guid":{"rendered":"http:\/\/shop.bantam.ch\/produit\/sac-a-dos-isotherme\/"},"modified":"2026-04-18T21:39:15","modified_gmt":"2026-04-18T19:39:15","slug":"sac-a-dos-isotherme","status":"publish","type":"product","link":"https:\/\/shop.bantam.ch\/fr\/produit\/sac-a-dos-isotherme\/","title":{"rendered":"Sac isotherme CAMPINGAZ The Office &#8211; sac \u00e0 dos 18 l noir\/gris\/bleu"},"content":{"rendered":"<p>Le sac \u00e0 dos de la gamme \u00ab\u00a0The Office\u00a0\u00bb est le compagnon id\u00e9al de tous les jours. Vous pourrez le transporter facilement, que vous vous d\u00e9placiez \u00e0 v\u00e9lo, en train, en bus ou en voiture. Le volume de 16\u00a0l du sac \u00e0 dos offre suffisamment de place pour ranger beaucoup de provisions. De plus, il est \u00e9quip\u00e9 d\u2019un rev\u00eatement int\u00e9rieur antimicrobien qui \u00e9vite la prolif\u00e9ration des moisissures, des champignons et des bact\u00e9ries. Vous pouvez ranger vos appareils \u00e9lectroniques dans un compartiment s\u00e9par\u00e9 non isotherme du sac.<\/p>\n<p>Mat\u00e9riau\u00a0:<br \/>Mati\u00e8re ext\u00e9rieure :  Polyester <br \/>Mati\u00e8re int\u00e9rieure\u00a0: poly\u00e9thyl\u00e8ne expans\u00e9<\/p>\n","protected":false},"excerpt":{"rendered":"<p>Le sac \u00e0 dos de la gamme \u00ab\u00a0The Office\u00a0\u00bb est le compagnon id\u00e9al de tous les jours. Vous pourrez le transporter facilement, que vous vous d\u00e9placiez \u00e0 v\u00e9lo, en train, en bus ou en voiture. Le volume de 16\u00a0l du sac \u00e0 dos offre suffisamment de place pour ranger beaucoup de provisions. De plus, il [&hellip;]<\/p>\n","protected":false},"featured_media":107067,"template":"","meta":{"_acf_changed":false},"product_featured_cat":[],"product_brand":[3196],"product_cat":[4085],"product_tag":[],"class_list":{"0":"post-107073","1":"product","2":"type-product","3":"status-publish","4":"has-post-thumbnail","6":"product_brand-campingaz","7":"product_cat-glacieres-passives-et-sacs","9":"first","10":"instock","11":"taxable","12":"shipping-taxable","13":"purchasable","14":"product-type-simple"},"acf":[],"yoast_head":"<!-- This site is optimized with the Yoast SEO plugin v27.4 - https:\/\/yoast.com\/product\/yoast-seo-wordpress\/ -->\n<title>Sac isotherme CAMPINGAZ The Office - sac \u00e0 dos 18 l noir\/gris\/bleu - Bantam Wankm\u00fcller SA<\/title>\n<meta name=\"robots\" content=\"index, follow, max-snippet:-1, max-image-preview:large, max-video-preview:-1\" \/>\n<link rel=\"canonical\" href=\"https:\/\/shop.bantam.ch\/fr\/produit\/sac-a-dos-isotherme\/\" \/>\n<meta property=\"og:locale\" content=\"fr_FR\" \/>\n<meta property=\"og:type\" content=\"article\" \/>\n<meta property=\"og:title\" content=\"Sac isotherme CAMPINGAZ The Office - sac \u00e0 dos 18 l noir\/gris\/bleu - Bantam Wankm\u00fcller SA\" \/>\n<meta property=\"og:description\" content=\"Le sac \u00e0 dos de la gamme \u00ab\u00a0The Office\u00a0\u00bb est le compagnon id\u00e9al de tous les jours. Vous pourrez le transporter facilement, que vous vous d\u00e9placiez \u00e0 v\u00e9lo, en train, en bus ou en voiture. Le volume de 16\u00a0l du sac \u00e0 dos offre suffisamment de place pour ranger beaucoup de provisions. De plus, il [&hellip;]\" \/>\n<meta property=\"og:url\" content=\"https:\/\/shop.bantam.ch\/fr\/produit\/sac-a-dos-isotherme\/\" \/>\n<meta property=\"og:site_name\" content=\"Bantam Wankm\u00fcller SA\" \/>\n<meta property=\"article:modified_time\" content=\"2026-04-18T19:39:15+00:00\" \/>\n<meta property=\"og:image\" content=\"https:\/\/shop.bantam.ch\/wp-content\/uploads\/2023\/02\/994390611.jpg\" \/>\n\t<meta property=\"og:image:width\" content=\"1500\" \/>\n\t<meta property=\"og:image:height\" content=\"1500\" \/>\n\t<meta property=\"og:image:type\" content=\"image\/jpeg\" \/>\n<meta name=\"twitter:card\" content=\"summary_large_image\" \/>\n<meta name=\"twitter:label1\" content=\"Dur\u00e9e de lecture estim\u00e9e\" \/>\n\t<meta name=\"twitter:data1\" content=\"1 minute\" \/>\n<script type=\"application\/ld+json\" class=\"yoast-schema-graph\">{\"@context\":\"https:\\\/\\\/schema.org\",\"@graph\":[{\"@type\":\"WebPage\",\"@id\":\"https:\\\/\\\/shop.bantam.ch\\\/fr\\\/produit\\\/sac-a-dos-isotherme\\\/\",\"url\":\"https:\\\/\\\/shop.bantam.ch\\\/fr\\\/produit\\\/sac-a-dos-isotherme\\\/\",\"name\":\"Sac isotherme CAMPINGAZ The Office - sac \u00e0 dos 18 l noir\\\/gris\\\/bleu - Bantam Wankm\u00fcller SA\",\"isPartOf\":{\"@id\":\"https:\\\/\\\/shop.bantam.ch\\\/fr\\\/#website\"},\"primaryImageOfPage\":{\"@id\":\"https:\\\/\\\/shop.bantam.ch\\\/fr\\\/produit\\\/sac-a-dos-isotherme\\\/#primaryimage\"},\"image\":{\"@id\":\"https:\\\/\\\/shop.bantam.ch\\\/fr\\\/produit\\\/sac-a-dos-isotherme\\\/#primaryimage\"},\"thumbnailUrl\":\"https:\\\/\\\/shop.bantam.ch\\\/wp-content\\\/uploads\\\/2023\\\/02\\\/994390611.jpg\",\"datePublished\":\"2023-02-28T07:11:28+00:00\",\"dateModified\":\"2026-04-18T19:39:15+00:00\",\"breadcrumb\":{\"@id\":\"https:\\\/\\\/shop.bantam.ch\\\/fr\\\/produit\\\/sac-a-dos-isotherme\\\/#breadcrumb\"},\"inLanguage\":\"fr-FR\",\"potentialAction\":[{\"@type\":\"ReadAction\",\"target\":[\"https:\\\/\\\/shop.bantam.ch\\\/fr\\\/produit\\\/sac-a-dos-isotherme\\\/\"]}]},{\"@type\":\"ImageObject\",\"inLanguage\":\"fr-FR\",\"@id\":\"https:\\\/\\\/shop.bantam.ch\\\/fr\\\/produit\\\/sac-a-dos-isotherme\\\/#primaryimage\",\"url\":\"https:\\\/\\\/shop.bantam.ch\\\/wp-content\\\/uploads\\\/2023\\\/02\\\/994390611.jpg\",\"contentUrl\":\"https:\\\/\\\/shop.bantam.ch\\\/wp-content\\\/uploads\\\/2023\\\/02\\\/994390611.jpg\",\"width\":1500,\"height\":1500},{\"@type\":\"BreadcrumbList\",\"@id\":\"https:\\\/\\\/shop.bantam.ch\\\/fr\\\/produit\\\/sac-a-dos-isotherme\\\/#breadcrumb\",\"itemListElement\":[{\"@type\":\"ListItem\",\"position\":1,\"name\":\"Accueil\",\"item\":\"https:\\\/\\\/shop.bantam.ch\\\/fr\\\/\"},{\"@type\":\"ListItem\",\"position\":2,\"name\":\"Boutique\",\"item\":\"https:\\\/\\\/shop.bantam.ch\\\/fr\\\/boutique\\\/\"},{\"@type\":\"ListItem\",\"position\":3,\"name\":\"Sac isotherme CAMPINGAZ The Office &#8211; sac \u00e0 dos 18 l noir\\\/gris\\\/bleu\"}]},{\"@type\":\"WebSite\",\"@id\":\"https:\\\/\\\/shop.bantam.ch\\\/fr\\\/#website\",\"url\":\"https:\\\/\\\/shop.bantam.ch\\\/fr\\\/\",\"name\":\"Bantam Wankm\u00fcller SA\",\"description\":\"\",\"publisher\":{\"@id\":\"https:\\\/\\\/shop.bantam.ch\\\/fr\\\/#organization\"},\"inLanguage\":\"fr-FR\"},{\"@type\":\"Organization\",\"@id\":\"https:\\\/\\\/shop.bantam.ch\\\/fr\\\/#organization\",\"name\":\"Bantam Wankm\u00fcller SA\",\"url\":\"https:\\\/\\\/shop.bantam.ch\\\/fr\\\/\",\"logo\":{\"@type\":\"ImageObject\",\"inLanguage\":\"fr-FR\",\"@id\":\"https:\\\/\\\/shop.bantam.ch\\\/fr\\\/#\\\/schema\\\/logo\\\/image\\\/\",\"url\":\"https:\\\/\\\/shop.bantam.ch\\\/wp-content\\\/uploads\\\/2022\\\/12\\\/bantam-logo.png\",\"contentUrl\":\"https:\\\/\\\/shop.bantam.ch\\\/wp-content\\\/uploads\\\/2022\\\/12\\\/bantam-logo.png\",\"width\":320,\"height\":71,\"caption\":\"Bantam Wankm\u00fcller SA\"},\"image\":{\"@id\":\"https:\\\/\\\/shop.bantam.ch\\\/fr\\\/#\\\/schema\\\/logo\\\/image\\\/\"}}]}<\/script>\n<!-- \/ Yoast SEO plugin. -->","yoast_head_json":{"title":"Sac isotherme CAMPINGAZ The Office - sac \u00e0 dos 18 l noir\/gris\/bleu - Bantam Wankm\u00fcller SA","robots":{"index":"index","follow":"follow","max-snippet":"max-snippet:-1","max-image-preview":"max-image-preview:large","max-video-preview":"max-video-preview:-1"},"canonical":"https:\/\/shop.bantam.ch\/fr\/produit\/sac-a-dos-isotherme\/","og_locale":"fr_FR","og_type":"article","og_title":"Sac isotherme CAMPINGAZ The Office - sac \u00e0 dos 18 l noir\/gris\/bleu - Bantam Wankm\u00fcller SA","og_description":"Le sac \u00e0 dos de la gamme \u00ab\u00a0The Office\u00a0\u00bb est le compagnon id\u00e9al de tous les jours. Vous pourrez le transporter facilement, que vous vous d\u00e9placiez \u00e0 v\u00e9lo, en train, en bus ou en voiture. Le volume de 16\u00a0l du sac \u00e0 dos offre suffisamment de place pour ranger beaucoup de provisions. De plus, il [&hellip;]","og_url":"https:\/\/shop.bantam.ch\/fr\/produit\/sac-a-dos-isotherme\/","og_site_name":"Bantam Wankm\u00fcller SA","article_modified_time":"2026-04-18T19:39:15+00:00","og_image":[{"width":1500,"height":1500,"url":"https:\/\/shop.bantam.ch\/wp-content\/uploads\/2023\/02\/994390611.jpg","type":"image\/jpeg"}],"twitter_card":"summary_large_image","twitter_misc":{"Dur\u00e9e de lecture estim\u00e9e":"1 minute"},"schema":{"@context":"https:\/\/schema.org","@graph":[{"@type":"WebPage","@id":"https:\/\/shop.bantam.ch\/fr\/produit\/sac-a-dos-isotherme\/","url":"https:\/\/shop.bantam.ch\/fr\/produit\/sac-a-dos-isotherme\/","name":"Sac isotherme CAMPINGAZ The Office - sac \u00e0 dos 18 l noir\/gris\/bleu - Bantam Wankm\u00fcller SA","isPartOf":{"@id":"https:\/\/shop.bantam.ch\/fr\/#website"},"primaryImageOfPage":{"@id":"https:\/\/shop.bantam.ch\/fr\/produit\/sac-a-dos-isotherme\/#primaryimage"},"image":{"@id":"https:\/\/shop.bantam.ch\/fr\/produit\/sac-a-dos-isotherme\/#primaryimage"},"thumbnailUrl":"https:\/\/shop.bantam.ch\/wp-content\/uploads\/2023\/02\/994390611.jpg","datePublished":"2023-02-28T07:11:28+00:00","dateModified":"2026-04-18T19:39:15+00:00","breadcrumb":{"@id":"https:\/\/shop.bantam.ch\/fr\/produit\/sac-a-dos-isotherme\/#breadcrumb"},"inLanguage":"fr-FR","potentialAction":[{"@type":"ReadAction","target":["https:\/\/shop.bantam.ch\/fr\/produit\/sac-a-dos-isotherme\/"]}]},{"@type":"ImageObject","inLanguage":"fr-FR","@id":"https:\/\/shop.bantam.ch\/fr\/produit\/sac-a-dos-isotherme\/#primaryimage","url":"https:\/\/shop.bantam.ch\/wp-content\/uploads\/2023\/02\/994390611.jpg","contentUrl":"https:\/\/shop.bantam.ch\/wp-content\/uploads\/2023\/02\/994390611.jpg","width":1500,"height":1500},{"@type":"BreadcrumbList","@id":"https:\/\/shop.bantam.ch\/fr\/produit\/sac-a-dos-isotherme\/#breadcrumb","itemListElement":[{"@type":"ListItem","position":1,"name":"Accueil","item":"https:\/\/shop.bantam.ch\/fr\/"},{"@type":"ListItem","position":2,"name":"Boutique","item":"https:\/\/shop.bantam.ch\/fr\/boutique\/"},{"@type":"ListItem","position":3,"name":"Sac isotherme CAMPINGAZ The Office &#8211; sac \u00e0 dos 18 l noir\/gris\/bleu"}]},{"@type":"WebSite","@id":"https:\/\/shop.bantam.ch\/fr\/#website","url":"https:\/\/shop.bantam.ch\/fr\/","name":"Bantam Wankm\u00fcller SA","description":"","publisher":{"@id":"https:\/\/shop.bantam.ch\/fr\/#organization"},"inLanguage":"fr-FR"},{"@type":"Organization","@id":"https:\/\/shop.bantam.ch\/fr\/#organization","name":"Bantam Wankm\u00fcller SA","url":"https:\/\/shop.bantam.ch\/fr\/","logo":{"@type":"ImageObject","inLanguage":"fr-FR","@id":"https:\/\/shop.bantam.ch\/fr\/#\/schema\/logo\/image\/","url":"https:\/\/shop.bantam.ch\/wp-content\/uploads\/2022\/12\/bantam-logo.png","contentUrl":"https:\/\/shop.bantam.ch\/wp-content\/uploads\/2022\/12\/bantam-logo.png","width":320,"height":71,"caption":"Bantam Wankm\u00fcller SA"},"image":{"@id":"https:\/\/shop.bantam.ch\/fr\/#\/schema\/logo\/image\/"}}]}},"_links":{"self":[{"href":"https:\/\/shop.bantam.ch\/fr\/wp-json\/wp\/v2\/product\/107073","targetHints":{"allow":["GET"]}}],"collection":[{"href":"https:\/\/shop.bantam.ch\/fr\/wp-json\/wp\/v2\/product"}],"about":[{"href":"https:\/\/shop.bantam.ch\/fr\/wp-json\/wp\/v2\/types\/product"}],"wp:featuredmedia":[{"embeddable":true,"href":"https:\/\/shop.bantam.ch\/fr\/wp-json\/wp\/v2\/media\/107067"}],"wp:attachment":[{"href":"https:\/\/shop.bantam.ch\/fr\/wp-json\/wp\/v2\/media?parent=107073"}],"wp:term":[{"taxonomy":"product_featured_cat","embeddable":true,"href":"https:\/\/shop.bantam.ch\/fr\/wp-json\/wp\/v2\/product_featured_cat?post=107073"},{"taxonomy":"product_brand","embeddable":true,"href":"https:\/\/shop.bantam.ch\/fr\/wp-json\/wp\/v2\/product_brand?post=107073"},{"taxonomy":"product_cat","embeddable":true,"href":"https:\/\/shop.bantam.ch\/fr\/wp-json\/wp\/v2\/product_cat?post=107073"},{"taxonomy":"product_tag","embeddable":true,"href":"https:\/\/shop.bantam.ch\/fr\/wp-json\/wp\/v2\/product_tag?post=107073"}],"curies":[{"name":"wp","href":"https:\/\/api.w.org\/{rel}","templated":true}]}}