{"id":106861,"date":"2023-02-28T08:07:57","date_gmt":"2023-02-28T07:07:57","guid":{"rendered":"http:\/\/shop.bantam.ch\/produit\/tente-de-toit-view-couleur-noir-carbone\/"},"modified":"2026-04-17T23:07:34","modified_gmt":"2026-04-17T21:07:34","slug":"tente-de-toit-view-couleur-noir-carbone","status":"publish","type":"product","link":"https:\/\/shop.bantam.ch\/fr\/produit\/tente-de-toit-view-couleur-noir-carbone\/","title":{"rendered":"Tente de toit View Couleur noir \/ Carbone"},"content":{"rendered":"<p><strong>Tente de toit AirPass View<br \/><\/strong>La mise \u00e0 niveau de Panorama \u00e0 AirPass. Avec les quatre grandes entr\u00e9es\/fen\u00eatres sur les quatre c\u00f4t\u00e9s et les moustiquaires de s\u00e9rie, vous avez une sensation de plein air hors pair dans votre lit Panorama sur le toit de la voiture. Avec tous les avantages de la s\u00e9rie AirPass, AirPass View est le compagnon id\u00e9al pour votre prochaine aventure en plein air.<\/p>\n<p><strong>\u00c9quipement standard<br \/><\/strong>Quatre fixations pour l\u2019installation sur la galerie, quatre portes et quatre fen\u00eatres avec ouvertures r\u00e9glables et moustiquaires. Deux sacs amovibles sur les c\u00f4t\u00e9s, bandes \u00e9lastiques pour faciliter le pliage du tissu, deux \u00e0 quatre coussins selon les mod\u00e8les, \u00e9chelle en aluminium \u00e0 hauteur r\u00e9glable 4 x 4 (longueur 130 cm &#8211; 222 cm) avec housse, filet de rangement sous le plafond.<\/p>\n<p>Mat\u00e9riau\u00a0:<br \/>Toile de tente : 100 % polyester avec rev\u00eatement acrylique<br \/>Coffre de toit : GFK<\/p>\n","protected":false},"excerpt":{"rendered":"<p>Tente de toit AirPass ViewLa mise \u00e0 niveau de Panorama \u00e0 AirPass. Avec les quatre grandes entr\u00e9es\/fen\u00eatres sur les quatre c\u00f4t\u00e9s et les moustiquaires de s\u00e9rie, vous avez une sensation de plein air hors pair dans votre lit Panorama sur le toit de la voiture. Avec tous les avantages de la s\u00e9rie AirPass, AirPass View [&hellip;]<\/p>\n","protected":false},"featured_media":106825,"template":"","meta":{"_acf_changed":false},"product_featured_cat":[],"product_brand":[3404],"product_cat":[4243],"product_tag":[],"class_list":{"0":"post-106861","1":"product","2":"type-product","3":"status-publish","4":"has-post-thumbnail","6":"product_brand-airpass-by-autohome","7":"product_cat-tentes-de-toit","9":"first","10":"instock","11":"taxable","12":"shipping-taxable","13":"purchasable","14":"product-type-variable"},"acf":[],"yoast_head":"<!-- This site is optimized with the Yoast SEO plugin v27.4 - https:\/\/yoast.com\/product\/yoast-seo-wordpress\/ -->\n<title>Tente de toit View Couleur noir \/ Carbone - Bantam Wankm\u00fcller SA<\/title>\n<meta name=\"robots\" content=\"index, follow, max-snippet:-1, max-image-preview:large, max-video-preview:-1\" \/>\n<link rel=\"canonical\" href=\"https:\/\/shop.bantam.ch\/fr\/produit\/tente-de-toit-view-couleur-noir-carbone\/\" \/>\n<meta property=\"og:locale\" content=\"fr_FR\" \/>\n<meta property=\"og:type\" content=\"article\" \/>\n<meta property=\"og:title\" content=\"Tente de toit View Couleur noir \/ Carbone - Bantam Wankm\u00fcller SA\" \/>\n<meta property=\"og:description\" content=\"Tente de toit AirPass ViewLa mise \u00e0 niveau de Panorama \u00e0 AirPass. Avec les quatre grandes entr\u00e9es\/fen\u00eatres sur les quatre c\u00f4t\u00e9s et les moustiquaires de s\u00e9rie, vous avez une sensation de plein air hors pair dans votre lit Panorama sur le toit de la voiture. Avec tous les avantages de la s\u00e9rie AirPass, AirPass View [&hellip;]\" \/>\n<meta property=\"og:url\" content=\"https:\/\/shop.bantam.ch\/fr\/produit\/tente-de-toit-view-couleur-noir-carbone\/\" \/>\n<meta property=\"og:site_name\" content=\"Bantam Wankm\u00fcller SA\" \/>\n<meta property=\"article:modified_time\" content=\"2026-04-17T21:07:34+00:00\" \/>\n<meta property=\"og:image\" content=\"https:\/\/shop.bantam.ch\/wp-content\/uploads\/2023\/02\/995740911.jpg\" \/>\n\t<meta property=\"og:image:width\" content=\"1000\" \/>\n\t<meta property=\"og:image:height\" content=\"667\" \/>\n\t<meta property=\"og:image:type\" content=\"image\/jpeg\" \/>\n<meta name=\"twitter:card\" content=\"summary_large_image\" \/>\n<meta name=\"twitter:label1\" content=\"Dur\u00e9e de lecture estim\u00e9e\" \/>\n\t<meta name=\"twitter:data1\" content=\"1 minute\" \/>\n<script type=\"application\/ld+json\" class=\"yoast-schema-graph\">{\"@context\":\"https:\\\/\\\/schema.org\",\"@graph\":[{\"@type\":\"WebPage\",\"@id\":\"https:\\\/\\\/shop.bantam.ch\\\/fr\\\/produit\\\/tente-de-toit-view-couleur-noir-carbone\\\/\",\"url\":\"https:\\\/\\\/shop.bantam.ch\\\/fr\\\/produit\\\/tente-de-toit-view-couleur-noir-carbone\\\/\",\"name\":\"Tente de toit View Couleur noir \\\/ Carbone - Bantam Wankm\u00fcller SA\",\"isPartOf\":{\"@id\":\"https:\\\/\\\/shop.bantam.ch\\\/fr\\\/#website\"},\"primaryImageOfPage\":{\"@id\":\"https:\\\/\\\/shop.bantam.ch\\\/fr\\\/produit\\\/tente-de-toit-view-couleur-noir-carbone\\\/#primaryimage\"},\"image\":{\"@id\":\"https:\\\/\\\/shop.bantam.ch\\\/fr\\\/produit\\\/tente-de-toit-view-couleur-noir-carbone\\\/#primaryimage\"},\"thumbnailUrl\":\"https:\\\/\\\/shop.bantam.ch\\\/wp-content\\\/uploads\\\/2023\\\/02\\\/995740911.jpg\",\"datePublished\":\"2023-02-28T07:07:57+00:00\",\"dateModified\":\"2026-04-17T21:07:34+00:00\",\"breadcrumb\":{\"@id\":\"https:\\\/\\\/shop.bantam.ch\\\/fr\\\/produit\\\/tente-de-toit-view-couleur-noir-carbone\\\/#breadcrumb\"},\"inLanguage\":\"fr-FR\",\"potentialAction\":[{\"@type\":\"ReadAction\",\"target\":[\"https:\\\/\\\/shop.bantam.ch\\\/fr\\\/produit\\\/tente-de-toit-view-couleur-noir-carbone\\\/\"]}]},{\"@type\":\"ImageObject\",\"inLanguage\":\"fr-FR\",\"@id\":\"https:\\\/\\\/shop.bantam.ch\\\/fr\\\/produit\\\/tente-de-toit-view-couleur-noir-carbone\\\/#primaryimage\",\"url\":\"https:\\\/\\\/shop.bantam.ch\\\/wp-content\\\/uploads\\\/2023\\\/02\\\/995740911.jpg\",\"contentUrl\":\"https:\\\/\\\/shop.bantam.ch\\\/wp-content\\\/uploads\\\/2023\\\/02\\\/995740911.jpg\",\"width\":1000,\"height\":667},{\"@type\":\"BreadcrumbList\",\"@id\":\"https:\\\/\\\/shop.bantam.ch\\\/fr\\\/produit\\\/tente-de-toit-view-couleur-noir-carbone\\\/#breadcrumb\",\"itemListElement\":[{\"@type\":\"ListItem\",\"position\":1,\"name\":\"Accueil\",\"item\":\"https:\\\/\\\/shop.bantam.ch\\\/fr\\\/\"},{\"@type\":\"ListItem\",\"position\":2,\"name\":\"Boutique\",\"item\":\"https:\\\/\\\/shop.bantam.ch\\\/fr\\\/boutique\\\/\"},{\"@type\":\"ListItem\",\"position\":3,\"name\":\"Tente de toit View Couleur noir \\\/ Carbone\"}]},{\"@type\":\"WebSite\",\"@id\":\"https:\\\/\\\/shop.bantam.ch\\\/fr\\\/#website\",\"url\":\"https:\\\/\\\/shop.bantam.ch\\\/fr\\\/\",\"name\":\"Bantam Wankm\u00fcller SA\",\"description\":\"\",\"publisher\":{\"@id\":\"https:\\\/\\\/shop.bantam.ch\\\/fr\\\/#organization\"},\"inLanguage\":\"fr-FR\"},{\"@type\":\"Organization\",\"@id\":\"https:\\\/\\\/shop.bantam.ch\\\/fr\\\/#organization\",\"name\":\"Bantam Wankm\u00fcller SA\",\"url\":\"https:\\\/\\\/shop.bantam.ch\\\/fr\\\/\",\"logo\":{\"@type\":\"ImageObject\",\"inLanguage\":\"fr-FR\",\"@id\":\"https:\\\/\\\/shop.bantam.ch\\\/fr\\\/#\\\/schema\\\/logo\\\/image\\\/\",\"url\":\"https:\\\/\\\/shop.bantam.ch\\\/wp-content\\\/uploads\\\/2022\\\/12\\\/bantam-logo.png\",\"contentUrl\":\"https:\\\/\\\/shop.bantam.ch\\\/wp-content\\\/uploads\\\/2022\\\/12\\\/bantam-logo.png\",\"width\":320,\"height\":71,\"caption\":\"Bantam Wankm\u00fcller SA\"},\"image\":{\"@id\":\"https:\\\/\\\/shop.bantam.ch\\\/fr\\\/#\\\/schema\\\/logo\\\/image\\\/\"}}]}<\/script>\n<!-- \/ Yoast SEO plugin. -->","yoast_head_json":{"title":"Tente de toit View Couleur noir \/ Carbone - Bantam Wankm\u00fcller SA","robots":{"index":"index","follow":"follow","max-snippet":"max-snippet:-1","max-image-preview":"max-image-preview:large","max-video-preview":"max-video-preview:-1"},"canonical":"https:\/\/shop.bantam.ch\/fr\/produit\/tente-de-toit-view-couleur-noir-carbone\/","og_locale":"fr_FR","og_type":"article","og_title":"Tente de toit View Couleur noir \/ Carbone - Bantam Wankm\u00fcller SA","og_description":"Tente de toit AirPass ViewLa mise \u00e0 niveau de Panorama \u00e0 AirPass. Avec les quatre grandes entr\u00e9es\/fen\u00eatres sur les quatre c\u00f4t\u00e9s et les moustiquaires de s\u00e9rie, vous avez une sensation de plein air hors pair dans votre lit Panorama sur le toit de la voiture. Avec tous les avantages de la s\u00e9rie AirPass, AirPass View [&hellip;]","og_url":"https:\/\/shop.bantam.ch\/fr\/produit\/tente-de-toit-view-couleur-noir-carbone\/","og_site_name":"Bantam Wankm\u00fcller SA","article_modified_time":"2026-04-17T21:07:34+00:00","og_image":[{"width":1000,"height":667,"url":"https:\/\/shop.bantam.ch\/wp-content\/uploads\/2023\/02\/995740911.jpg","type":"image\/jpeg"}],"twitter_card":"summary_large_image","twitter_misc":{"Dur\u00e9e de lecture estim\u00e9e":"1 minute"},"schema":{"@context":"https:\/\/schema.org","@graph":[{"@type":"WebPage","@id":"https:\/\/shop.bantam.ch\/fr\/produit\/tente-de-toit-view-couleur-noir-carbone\/","url":"https:\/\/shop.bantam.ch\/fr\/produit\/tente-de-toit-view-couleur-noir-carbone\/","name":"Tente de toit View Couleur noir \/ Carbone - Bantam Wankm\u00fcller SA","isPartOf":{"@id":"https:\/\/shop.bantam.ch\/fr\/#website"},"primaryImageOfPage":{"@id":"https:\/\/shop.bantam.ch\/fr\/produit\/tente-de-toit-view-couleur-noir-carbone\/#primaryimage"},"image":{"@id":"https:\/\/shop.bantam.ch\/fr\/produit\/tente-de-toit-view-couleur-noir-carbone\/#primaryimage"},"thumbnailUrl":"https:\/\/shop.bantam.ch\/wp-content\/uploads\/2023\/02\/995740911.jpg","datePublished":"2023-02-28T07:07:57+00:00","dateModified":"2026-04-17T21:07:34+00:00","breadcrumb":{"@id":"https:\/\/shop.bantam.ch\/fr\/produit\/tente-de-toit-view-couleur-noir-carbone\/#breadcrumb"},"inLanguage":"fr-FR","potentialAction":[{"@type":"ReadAction","target":["https:\/\/shop.bantam.ch\/fr\/produit\/tente-de-toit-view-couleur-noir-carbone\/"]}]},{"@type":"ImageObject","inLanguage":"fr-FR","@id":"https:\/\/shop.bantam.ch\/fr\/produit\/tente-de-toit-view-couleur-noir-carbone\/#primaryimage","url":"https:\/\/shop.bantam.ch\/wp-content\/uploads\/2023\/02\/995740911.jpg","contentUrl":"https:\/\/shop.bantam.ch\/wp-content\/uploads\/2023\/02\/995740911.jpg","width":1000,"height":667},{"@type":"BreadcrumbList","@id":"https:\/\/shop.bantam.ch\/fr\/produit\/tente-de-toit-view-couleur-noir-carbone\/#breadcrumb","itemListElement":[{"@type":"ListItem","position":1,"name":"Accueil","item":"https:\/\/shop.bantam.ch\/fr\/"},{"@type":"ListItem","position":2,"name":"Boutique","item":"https:\/\/shop.bantam.ch\/fr\/boutique\/"},{"@type":"ListItem","position":3,"name":"Tente de toit View Couleur noir \/ Carbone"}]},{"@type":"WebSite","@id":"https:\/\/shop.bantam.ch\/fr\/#website","url":"https:\/\/shop.bantam.ch\/fr\/","name":"Bantam Wankm\u00fcller SA","description":"","publisher":{"@id":"https:\/\/shop.bantam.ch\/fr\/#organization"},"inLanguage":"fr-FR"},{"@type":"Organization","@id":"https:\/\/shop.bantam.ch\/fr\/#organization","name":"Bantam Wankm\u00fcller SA","url":"https:\/\/shop.bantam.ch\/fr\/","logo":{"@type":"ImageObject","inLanguage":"fr-FR","@id":"https:\/\/shop.bantam.ch\/fr\/#\/schema\/logo\/image\/","url":"https:\/\/shop.bantam.ch\/wp-content\/uploads\/2022\/12\/bantam-logo.png","contentUrl":"https:\/\/shop.bantam.ch\/wp-content\/uploads\/2022\/12\/bantam-logo.png","width":320,"height":71,"caption":"Bantam Wankm\u00fcller SA"},"image":{"@id":"https:\/\/shop.bantam.ch\/fr\/#\/schema\/logo\/image\/"}}]}},"_links":{"self":[{"href":"https:\/\/shop.bantam.ch\/fr\/wp-json\/wp\/v2\/product\/106861","targetHints":{"allow":["GET"]}}],"collection":[{"href":"https:\/\/shop.bantam.ch\/fr\/wp-json\/wp\/v2\/product"}],"about":[{"href":"https:\/\/shop.bantam.ch\/fr\/wp-json\/wp\/v2\/types\/product"}],"wp:featuredmedia":[{"embeddable":true,"href":"https:\/\/shop.bantam.ch\/fr\/wp-json\/wp\/v2\/media\/106825"}],"wp:attachment":[{"href":"https:\/\/shop.bantam.ch\/fr\/wp-json\/wp\/v2\/media?parent=106861"}],"wp:term":[{"taxonomy":"product_featured_cat","embeddable":true,"href":"https:\/\/shop.bantam.ch\/fr\/wp-json\/wp\/v2\/product_featured_cat?post=106861"},{"taxonomy":"product_brand","embeddable":true,"href":"https:\/\/shop.bantam.ch\/fr\/wp-json\/wp\/v2\/product_brand?post=106861"},{"taxonomy":"product_cat","embeddable":true,"href":"https:\/\/shop.bantam.ch\/fr\/wp-json\/wp\/v2\/product_cat?post=106861"},{"taxonomy":"product_tag","embeddable":true,"href":"https:\/\/shop.bantam.ch\/fr\/wp-json\/wp\/v2\/product_tag?post=106861"}],"curies":[{"name":"wp","href":"https:\/\/api.w.org\/{rel}","templated":true}]}}