{"id":106819,"date":"2023-02-28T08:07:29","date_gmt":"2023-02-28T07:07:29","guid":{"rendered":"http:\/\/shop.bantam.ch\/produit\/bras-de-force-essieu-avant-routecomfort-evo\/"},"modified":"2026-05-09T21:38:04","modified_gmt":"2026-05-09T19:38:04","slug":"bras-de-force-essieu-avant-routecomfort-evo","status":"publish","type":"product","link":"https:\/\/shop.bantam.ch\/fr\/produit\/bras-de-force-essieu-avant-routecomfort-evo\/","title":{"rendered":"Bras de force essieu avant GOLDSCHMITT RouteComfort Evo"},"content":{"rendered":"<p>L\u2019\u00e9volution du bras de force \u00e9prouv\u00e9 offre un meilleur confort de conduite gr\u00e2ce au r\u00e9glage automatique de l\u2019amortissement de votre Camper Van. Pour Fiat Ducato, Peugeot Boxer et Citro\u00ebn Jumper \u00e0 partir de 2006.<\/p>\n","protected":false},"excerpt":{"rendered":"<p>L\u2019\u00e9volution du bras de force \u00e9prouv\u00e9 offre un meilleur confort de conduite gr\u00e2ce au r\u00e9glage automatique de l\u2019amortissement de votre Camper Van. Pour Fiat Ducato, Peugeot Boxer et Citro\u00ebn Jumper \u00e0 partir de 2006.<\/p>\n","protected":false},"featured_media":106815,"template":"","meta":{"_acf_changed":false},"product_featured_cat":[],"product_brand":[3270],"product_cat":[4813],"product_tag":[],"class_list":{"0":"post-106819","1":"product","2":"type-product","3":"status-publish","4":"has-post-thumbnail","6":"product_brand-goldschmitt","7":"product_cat-ressorts-helicoidaux","9":"first","10":"instock","11":"taxable","12":"shipping-taxable","13":"purchasable","14":"product-type-simple"},"acf":[],"yoast_head":"<!-- This site is optimized with the Yoast SEO plugin v27.5 - https:\/\/yoast.com\/product\/yoast-seo-wordpress\/ -->\n<title>Bras de force essieu avant GOLDSCHMITT RouteComfort Evo - Bantam<\/title>\n<meta name=\"robots\" content=\"index, follow, max-snippet:-1, max-image-preview:large, max-video-preview:-1\" \/>\n<link rel=\"canonical\" href=\"https:\/\/shop.bantam.ch\/fr\/produit\/bras-de-force-essieu-avant-routecomfort-evo\/\" \/>\n<meta property=\"og:locale\" content=\"fr_FR\" \/>\n<meta property=\"og:type\" content=\"article\" \/>\n<meta property=\"og:title\" content=\"Bras de force essieu avant GOLDSCHMITT RouteComfort Evo - Bantam\" \/>\n<meta property=\"og:description\" content=\"L\u2019\u00e9volution du bras de force \u00e9prouv\u00e9 offre un meilleur confort de conduite gr\u00e2ce au r\u00e9glage automatique de l\u2019amortissement de votre Camper Van. Pour Fiat Ducato, Peugeot Boxer et Citro\u00ebn Jumper \u00e0 partir de 2006.\" \/>\n<meta property=\"og:url\" content=\"https:\/\/shop.bantam.ch\/fr\/produit\/bras-de-force-essieu-avant-routecomfort-evo\/\" \/>\n<meta property=\"og:site_name\" content=\"Bantam\" \/>\n<meta property=\"article:modified_time\" content=\"2026-05-09T19:38:04+00:00\" \/>\n<meta property=\"og:image\" content=\"https:\/\/shop.bantam.ch\/wp-content\/uploads\/2023\/02\/994390311.jpg\" \/>\n\t<meta property=\"og:image:width\" content=\"350\" \/>\n\t<meta property=\"og:image:height\" content=\"1000\" \/>\n\t<meta property=\"og:image:type\" content=\"image\/jpeg\" \/>\n<meta name=\"twitter:card\" content=\"summary_large_image\" \/>\n<script type=\"application\/ld+json\" class=\"yoast-schema-graph\">{\"@context\":\"https:\\\/\\\/schema.org\",\"@graph\":[{\"@type\":\"WebPage\",\"@id\":\"https:\\\/\\\/shop.bantam.ch\\\/fr\\\/produit\\\/bras-de-force-essieu-avant-routecomfort-evo\\\/\",\"url\":\"https:\\\/\\\/shop.bantam.ch\\\/fr\\\/produit\\\/bras-de-force-essieu-avant-routecomfort-evo\\\/\",\"name\":\"Bras de force essieu avant GOLDSCHMITT RouteComfort Evo - Bantam\",\"isPartOf\":{\"@id\":\"https:\\\/\\\/shop.bantam.ch\\\/fr\\\/#website\"},\"primaryImageOfPage\":{\"@id\":\"https:\\\/\\\/shop.bantam.ch\\\/fr\\\/produit\\\/bras-de-force-essieu-avant-routecomfort-evo\\\/#primaryimage\"},\"image\":{\"@id\":\"https:\\\/\\\/shop.bantam.ch\\\/fr\\\/produit\\\/bras-de-force-essieu-avant-routecomfort-evo\\\/#primaryimage\"},\"thumbnailUrl\":\"https:\\\/\\\/shop.bantam.ch\\\/wp-content\\\/uploads\\\/2023\\\/02\\\/994390311.jpg\",\"datePublished\":\"2023-02-28T07:07:29+00:00\",\"dateModified\":\"2026-05-09T19:38:04+00:00\",\"breadcrumb\":{\"@id\":\"https:\\\/\\\/shop.bantam.ch\\\/fr\\\/produit\\\/bras-de-force-essieu-avant-routecomfort-evo\\\/#breadcrumb\"},\"inLanguage\":\"fr-FR\",\"potentialAction\":[{\"@type\":\"ReadAction\",\"target\":[\"https:\\\/\\\/shop.bantam.ch\\\/fr\\\/produit\\\/bras-de-force-essieu-avant-routecomfort-evo\\\/\"]}]},{\"@type\":\"ImageObject\",\"inLanguage\":\"fr-FR\",\"@id\":\"https:\\\/\\\/shop.bantam.ch\\\/fr\\\/produit\\\/bras-de-force-essieu-avant-routecomfort-evo\\\/#primaryimage\",\"url\":\"https:\\\/\\\/shop.bantam.ch\\\/wp-content\\\/uploads\\\/2023\\\/02\\\/994390311.jpg\",\"contentUrl\":\"https:\\\/\\\/shop.bantam.ch\\\/wp-content\\\/uploads\\\/2023\\\/02\\\/994390311.jpg\",\"width\":350,\"height\":1000},{\"@type\":\"BreadcrumbList\",\"@id\":\"https:\\\/\\\/shop.bantam.ch\\\/fr\\\/produit\\\/bras-de-force-essieu-avant-routecomfort-evo\\\/#breadcrumb\",\"itemListElement\":[{\"@type\":\"ListItem\",\"position\":1,\"name\":\"Accueil\",\"item\":\"https:\\\/\\\/shop.bantam.ch\\\/fr\\\/\"},{\"@type\":\"ListItem\",\"position\":2,\"name\":\"Boutique\",\"item\":\"https:\\\/\\\/shop.bantam.ch\\\/fr\\\/boutique\\\/\"},{\"@type\":\"ListItem\",\"position\":3,\"name\":\"Bras de force essieu avant GOLDSCHMITT RouteComfort Evo\"}]},{\"@type\":\"WebSite\",\"@id\":\"https:\\\/\\\/shop.bantam.ch\\\/fr\\\/#website\",\"url\":\"https:\\\/\\\/shop.bantam.ch\\\/fr\\\/\",\"name\":\"Bantam\",\"description\":\"\",\"publisher\":{\"@id\":\"https:\\\/\\\/shop.bantam.ch\\\/fr\\\/#organization\"},\"inLanguage\":\"fr-FR\"},{\"@type\":\"Organization\",\"@id\":\"https:\\\/\\\/shop.bantam.ch\\\/fr\\\/#organization\",\"name\":\"Bantam\",\"url\":\"https:\\\/\\\/shop.bantam.ch\\\/fr\\\/\",\"logo\":{\"@type\":\"ImageObject\",\"inLanguage\":\"fr-FR\",\"@id\":\"https:\\\/\\\/shop.bantam.ch\\\/fr\\\/#\\\/schema\\\/logo\\\/image\\\/\",\"url\":\"https:\\\/\\\/shop.bantam.ch\\\/wp-content\\\/uploads\\\/2022\\\/12\\\/bantam-logo.png\",\"contentUrl\":\"https:\\\/\\\/shop.bantam.ch\\\/wp-content\\\/uploads\\\/2022\\\/12\\\/bantam-logo.png\",\"width\":320,\"height\":71,\"caption\":\"Bantam\"},\"image\":{\"@id\":\"https:\\\/\\\/shop.bantam.ch\\\/fr\\\/#\\\/schema\\\/logo\\\/image\\\/\"}}]}<\/script>\n<!-- \/ Yoast SEO plugin. -->","yoast_head_json":{"title":"Bras de force essieu avant GOLDSCHMITT RouteComfort Evo - Bantam","robots":{"index":"index","follow":"follow","max-snippet":"max-snippet:-1","max-image-preview":"max-image-preview:large","max-video-preview":"max-video-preview:-1"},"canonical":"https:\/\/shop.bantam.ch\/fr\/produit\/bras-de-force-essieu-avant-routecomfort-evo\/","og_locale":"fr_FR","og_type":"article","og_title":"Bras de force essieu avant GOLDSCHMITT RouteComfort Evo - Bantam","og_description":"L\u2019\u00e9volution du bras de force \u00e9prouv\u00e9 offre un meilleur confort de conduite gr\u00e2ce au r\u00e9glage automatique de l\u2019amortissement de votre Camper Van. Pour Fiat Ducato, Peugeot Boxer et Citro\u00ebn Jumper \u00e0 partir de 2006.","og_url":"https:\/\/shop.bantam.ch\/fr\/produit\/bras-de-force-essieu-avant-routecomfort-evo\/","og_site_name":"Bantam","article_modified_time":"2026-05-09T19:38:04+00:00","og_image":[{"width":350,"height":1000,"url":"https:\/\/shop.bantam.ch\/wp-content\/uploads\/2023\/02\/994390311.jpg","type":"image\/jpeg"}],"twitter_card":"summary_large_image","schema":{"@context":"https:\/\/schema.org","@graph":[{"@type":"WebPage","@id":"https:\/\/shop.bantam.ch\/fr\/produit\/bras-de-force-essieu-avant-routecomfort-evo\/","url":"https:\/\/shop.bantam.ch\/fr\/produit\/bras-de-force-essieu-avant-routecomfort-evo\/","name":"Bras de force essieu avant GOLDSCHMITT RouteComfort Evo - Bantam","isPartOf":{"@id":"https:\/\/shop.bantam.ch\/fr\/#website"},"primaryImageOfPage":{"@id":"https:\/\/shop.bantam.ch\/fr\/produit\/bras-de-force-essieu-avant-routecomfort-evo\/#primaryimage"},"image":{"@id":"https:\/\/shop.bantam.ch\/fr\/produit\/bras-de-force-essieu-avant-routecomfort-evo\/#primaryimage"},"thumbnailUrl":"https:\/\/shop.bantam.ch\/wp-content\/uploads\/2023\/02\/994390311.jpg","datePublished":"2023-02-28T07:07:29+00:00","dateModified":"2026-05-09T19:38:04+00:00","breadcrumb":{"@id":"https:\/\/shop.bantam.ch\/fr\/produit\/bras-de-force-essieu-avant-routecomfort-evo\/#breadcrumb"},"inLanguage":"fr-FR","potentialAction":[{"@type":"ReadAction","target":["https:\/\/shop.bantam.ch\/fr\/produit\/bras-de-force-essieu-avant-routecomfort-evo\/"]}]},{"@type":"ImageObject","inLanguage":"fr-FR","@id":"https:\/\/shop.bantam.ch\/fr\/produit\/bras-de-force-essieu-avant-routecomfort-evo\/#primaryimage","url":"https:\/\/shop.bantam.ch\/wp-content\/uploads\/2023\/02\/994390311.jpg","contentUrl":"https:\/\/shop.bantam.ch\/wp-content\/uploads\/2023\/02\/994390311.jpg","width":350,"height":1000},{"@type":"BreadcrumbList","@id":"https:\/\/shop.bantam.ch\/fr\/produit\/bras-de-force-essieu-avant-routecomfort-evo\/#breadcrumb","itemListElement":[{"@type":"ListItem","position":1,"name":"Accueil","item":"https:\/\/shop.bantam.ch\/fr\/"},{"@type":"ListItem","position":2,"name":"Boutique","item":"https:\/\/shop.bantam.ch\/fr\/boutique\/"},{"@type":"ListItem","position":3,"name":"Bras de force essieu avant GOLDSCHMITT RouteComfort Evo"}]},{"@type":"WebSite","@id":"https:\/\/shop.bantam.ch\/fr\/#website","url":"https:\/\/shop.bantam.ch\/fr\/","name":"Bantam","description":"","publisher":{"@id":"https:\/\/shop.bantam.ch\/fr\/#organization"},"inLanguage":"fr-FR"},{"@type":"Organization","@id":"https:\/\/shop.bantam.ch\/fr\/#organization","name":"Bantam","url":"https:\/\/shop.bantam.ch\/fr\/","logo":{"@type":"ImageObject","inLanguage":"fr-FR","@id":"https:\/\/shop.bantam.ch\/fr\/#\/schema\/logo\/image\/","url":"https:\/\/shop.bantam.ch\/wp-content\/uploads\/2022\/12\/bantam-logo.png","contentUrl":"https:\/\/shop.bantam.ch\/wp-content\/uploads\/2022\/12\/bantam-logo.png","width":320,"height":71,"caption":"Bantam"},"image":{"@id":"https:\/\/shop.bantam.ch\/fr\/#\/schema\/logo\/image\/"}}]}},"_links":{"self":[{"href":"https:\/\/shop.bantam.ch\/fr\/wp-json\/wp\/v2\/product\/106819","targetHints":{"allow":["GET"]}}],"collection":[{"href":"https:\/\/shop.bantam.ch\/fr\/wp-json\/wp\/v2\/product"}],"about":[{"href":"https:\/\/shop.bantam.ch\/fr\/wp-json\/wp\/v2\/types\/product"}],"wp:featuredmedia":[{"embeddable":true,"href":"https:\/\/shop.bantam.ch\/fr\/wp-json\/wp\/v2\/media\/106815"}],"wp:attachment":[{"href":"https:\/\/shop.bantam.ch\/fr\/wp-json\/wp\/v2\/media?parent=106819"}],"wp:term":[{"taxonomy":"product_featured_cat","embeddable":true,"href":"https:\/\/shop.bantam.ch\/fr\/wp-json\/wp\/v2\/product_featured_cat?post=106819"},{"taxonomy":"product_brand","embeddable":true,"href":"https:\/\/shop.bantam.ch\/fr\/wp-json\/wp\/v2\/product_brand?post=106819"},{"taxonomy":"product_cat","embeddable":true,"href":"https:\/\/shop.bantam.ch\/fr\/wp-json\/wp\/v2\/product_cat?post=106819"},{"taxonomy":"product_tag","embeddable":true,"href":"https:\/\/shop.bantam.ch\/fr\/wp-json\/wp\/v2\/product_tag?post=106819"}],"curies":[{"name":"wp","href":"https:\/\/api.w.org\/{rel}","templated":true}]}}