{"id":106553,"date":"2023-02-28T08:02:31","date_gmt":"2023-02-28T07:02:31","guid":{"rendered":"http:\/\/shop.bantam.ch\/produit\/radio-apollo-ms-ra770\/"},"modified":"2026-04-18T21:39:07","modified_gmt":"2026-04-18T19:39:07","slug":"radio-apollo-ms-ra770","status":"publish","type":"product","link":"https:\/\/shop.bantam.ch\/fr\/produit\/radio-apollo-ms-ra770\/","title":{"rendered":"Radio Apollo MS-RA770"},"content":{"rendered":"<p>Apollo MS-RA770 est la premi\u00e8re radio marine \u00e0 \u00e9cran tactile au monde avec Apple AirPlay 2 et Wi-Fi int\u00e9gr\u00e9. Gr\u00e2ce \u00e0 une technologie r\u00e9volutionnaire et un design innovant, entre autres le traitement du signal num\u00e9rique (DSP) de Fusion, des fonctions de r\u00e9seau PartyBus \u00e9tendues, des mises \u00e0 jour de logiciel sans fil, un \u00e9cran en verre une pi\u00e8ce et encore plus d\u2019options de source qu\u2019avant, elle a red\u00e9fini la qualit\u00e9 audio. Son amplificateur interne efficace 4&#215;70 W de classe D et sa faible profondeur de montage permettent une utilisation id\u00e9ale pour la caravane ou le camping-car. Sources :<\/p>\n<ul>\n<li>AM \/ FM<\/li>\n<li>Flux audio Wi-Fi<\/li>\n<li>Apple AirPlay 2<\/li>\n<li>UPnP<\/li>\n<li>Bluetooth<\/li>\n<li>Connexion audio optique<\/li>\n<li>USB<\/li>\n<li>AUX x 2<\/li>\n<li>iPhone \/ iPod<\/li>\n<li>MTP<\/li>\n<li>DAB+ Ready (module en option MS-DAB100 DAB requis)<\/li>\n<\/ul>\n","protected":false},"excerpt":{"rendered":"<p>Apollo MS-RA770 est la premi\u00e8re radio marine \u00e0 \u00e9cran tactile au monde avec Apple AirPlay 2 et Wi-Fi int\u00e9gr\u00e9. Gr\u00e2ce \u00e0 une technologie r\u00e9volutionnaire et un design innovant, entre autres le traitement du signal num\u00e9rique (DSP) de Fusion, des fonctions de r\u00e9seau PartyBus \u00e9tendues, des mises \u00e0 jour de logiciel sans fil, un \u00e9cran en [&hellip;]<\/p>\n","protected":false},"featured_media":106545,"template":"","meta":{"_acf_changed":false},"product_featured_cat":[],"product_brand":[3190],"product_cat":[4521],"product_tag":[],"class_list":{"0":"post-106553","1":"product","2":"type-product","3":"status-publish","4":"has-post-thumbnail","6":"product_brand-fusion","7":"product_cat-accessoires-pour-radios-et-moniceiver","9":"first","10":"instock","11":"taxable","12":"shipping-taxable","13":"purchasable","14":"product-type-simple"},"acf":[],"yoast_head":"<!-- This site is optimized with the Yoast SEO plugin v27.4 - https:\/\/yoast.com\/product\/yoast-seo-wordpress\/ -->\n<title>Radio Apollo MS-RA770 - Bantam Wankm\u00fcller SA<\/title>\n<meta name=\"robots\" content=\"index, follow, max-snippet:-1, max-image-preview:large, max-video-preview:-1\" \/>\n<link rel=\"canonical\" href=\"https:\/\/shop.bantam.ch\/fr\/produit\/radio-apollo-ms-ra770\/\" \/>\n<meta property=\"og:locale\" content=\"fr_FR\" \/>\n<meta property=\"og:type\" content=\"article\" \/>\n<meta property=\"og:title\" content=\"Radio Apollo MS-RA770 - Bantam Wankm\u00fcller SA\" \/>\n<meta property=\"og:description\" content=\"Apollo MS-RA770 est la premi\u00e8re radio marine \u00e0 \u00e9cran tactile au monde avec Apple AirPlay 2 et Wi-Fi int\u00e9gr\u00e9. Gr\u00e2ce \u00e0 une technologie r\u00e9volutionnaire et un design innovant, entre autres le traitement du signal num\u00e9rique (DSP) de Fusion, des fonctions de r\u00e9seau PartyBus \u00e9tendues, des mises \u00e0 jour de logiciel sans fil, un \u00e9cran en [&hellip;]\" \/>\n<meta property=\"og:url\" content=\"https:\/\/shop.bantam.ch\/fr\/produit\/radio-apollo-ms-ra770\/\" \/>\n<meta property=\"og:site_name\" content=\"Bantam Wankm\u00fcller SA\" \/>\n<meta property=\"article:modified_time\" content=\"2026-04-18T19:39:07+00:00\" \/>\n<meta property=\"og:image\" content=\"https:\/\/shop.bantam.ch\/wp-content\/uploads\/2023\/02\/993428411.jpg\" \/>\n\t<meta property=\"og:image:width\" content=\"1000\" \/>\n\t<meta property=\"og:image:height\" content=\"443\" \/>\n\t<meta property=\"og:image:type\" content=\"image\/jpeg\" \/>\n<meta name=\"twitter:card\" content=\"summary_large_image\" \/>\n<meta name=\"twitter:label1\" content=\"Dur\u00e9e de lecture estim\u00e9e\" \/>\n\t<meta name=\"twitter:data1\" content=\"1 minute\" \/>\n<script type=\"application\/ld+json\" class=\"yoast-schema-graph\">{\"@context\":\"https:\\\/\\\/schema.org\",\"@graph\":[{\"@type\":\"WebPage\",\"@id\":\"https:\\\/\\\/shop.bantam.ch\\\/fr\\\/produit\\\/radio-apollo-ms-ra770\\\/\",\"url\":\"https:\\\/\\\/shop.bantam.ch\\\/fr\\\/produit\\\/radio-apollo-ms-ra770\\\/\",\"name\":\"Radio Apollo MS-RA770 - Bantam Wankm\u00fcller SA\",\"isPartOf\":{\"@id\":\"https:\\\/\\\/shop.bantam.ch\\\/fr\\\/#website\"},\"primaryImageOfPage\":{\"@id\":\"https:\\\/\\\/shop.bantam.ch\\\/fr\\\/produit\\\/radio-apollo-ms-ra770\\\/#primaryimage\"},\"image\":{\"@id\":\"https:\\\/\\\/shop.bantam.ch\\\/fr\\\/produit\\\/radio-apollo-ms-ra770\\\/#primaryimage\"},\"thumbnailUrl\":\"https:\\\/\\\/shop.bantam.ch\\\/wp-content\\\/uploads\\\/2023\\\/02\\\/993428411.jpg\",\"datePublished\":\"2023-02-28T07:02:31+00:00\",\"dateModified\":\"2026-04-18T19:39:07+00:00\",\"breadcrumb\":{\"@id\":\"https:\\\/\\\/shop.bantam.ch\\\/fr\\\/produit\\\/radio-apollo-ms-ra770\\\/#breadcrumb\"},\"inLanguage\":\"fr-FR\",\"potentialAction\":[{\"@type\":\"ReadAction\",\"target\":[\"https:\\\/\\\/shop.bantam.ch\\\/fr\\\/produit\\\/radio-apollo-ms-ra770\\\/\"]}]},{\"@type\":\"ImageObject\",\"inLanguage\":\"fr-FR\",\"@id\":\"https:\\\/\\\/shop.bantam.ch\\\/fr\\\/produit\\\/radio-apollo-ms-ra770\\\/#primaryimage\",\"url\":\"https:\\\/\\\/shop.bantam.ch\\\/wp-content\\\/uploads\\\/2023\\\/02\\\/993428411.jpg\",\"contentUrl\":\"https:\\\/\\\/shop.bantam.ch\\\/wp-content\\\/uploads\\\/2023\\\/02\\\/993428411.jpg\",\"width\":1000,\"height\":443},{\"@type\":\"BreadcrumbList\",\"@id\":\"https:\\\/\\\/shop.bantam.ch\\\/fr\\\/produit\\\/radio-apollo-ms-ra770\\\/#breadcrumb\",\"itemListElement\":[{\"@type\":\"ListItem\",\"position\":1,\"name\":\"Accueil\",\"item\":\"https:\\\/\\\/shop.bantam.ch\\\/fr\\\/\"},{\"@type\":\"ListItem\",\"position\":2,\"name\":\"Boutique\",\"item\":\"https:\\\/\\\/shop.bantam.ch\\\/fr\\\/boutique\\\/\"},{\"@type\":\"ListItem\",\"position\":3,\"name\":\"Radio Apollo MS-RA770\"}]},{\"@type\":\"WebSite\",\"@id\":\"https:\\\/\\\/shop.bantam.ch\\\/fr\\\/#website\",\"url\":\"https:\\\/\\\/shop.bantam.ch\\\/fr\\\/\",\"name\":\"Bantam Wankm\u00fcller SA\",\"description\":\"\",\"publisher\":{\"@id\":\"https:\\\/\\\/shop.bantam.ch\\\/fr\\\/#organization\"},\"inLanguage\":\"fr-FR\"},{\"@type\":\"Organization\",\"@id\":\"https:\\\/\\\/shop.bantam.ch\\\/fr\\\/#organization\",\"name\":\"Bantam Wankm\u00fcller SA\",\"url\":\"https:\\\/\\\/shop.bantam.ch\\\/fr\\\/\",\"logo\":{\"@type\":\"ImageObject\",\"inLanguage\":\"fr-FR\",\"@id\":\"https:\\\/\\\/shop.bantam.ch\\\/fr\\\/#\\\/schema\\\/logo\\\/image\\\/\",\"url\":\"https:\\\/\\\/shop.bantam.ch\\\/wp-content\\\/uploads\\\/2022\\\/12\\\/bantam-logo.png\",\"contentUrl\":\"https:\\\/\\\/shop.bantam.ch\\\/wp-content\\\/uploads\\\/2022\\\/12\\\/bantam-logo.png\",\"width\":320,\"height\":71,\"caption\":\"Bantam Wankm\u00fcller SA\"},\"image\":{\"@id\":\"https:\\\/\\\/shop.bantam.ch\\\/fr\\\/#\\\/schema\\\/logo\\\/image\\\/\"}}]}<\/script>\n<!-- \/ Yoast SEO plugin. -->","yoast_head_json":{"title":"Radio Apollo MS-RA770 - Bantam Wankm\u00fcller SA","robots":{"index":"index","follow":"follow","max-snippet":"max-snippet:-1","max-image-preview":"max-image-preview:large","max-video-preview":"max-video-preview:-1"},"canonical":"https:\/\/shop.bantam.ch\/fr\/produit\/radio-apollo-ms-ra770\/","og_locale":"fr_FR","og_type":"article","og_title":"Radio Apollo MS-RA770 - Bantam Wankm\u00fcller SA","og_description":"Apollo MS-RA770 est la premi\u00e8re radio marine \u00e0 \u00e9cran tactile au monde avec Apple AirPlay 2 et Wi-Fi int\u00e9gr\u00e9. Gr\u00e2ce \u00e0 une technologie r\u00e9volutionnaire et un design innovant, entre autres le traitement du signal num\u00e9rique (DSP) de Fusion, des fonctions de r\u00e9seau PartyBus \u00e9tendues, des mises \u00e0 jour de logiciel sans fil, un \u00e9cran en [&hellip;]","og_url":"https:\/\/shop.bantam.ch\/fr\/produit\/radio-apollo-ms-ra770\/","og_site_name":"Bantam Wankm\u00fcller SA","article_modified_time":"2026-04-18T19:39:07+00:00","og_image":[{"width":1000,"height":443,"url":"https:\/\/shop.bantam.ch\/wp-content\/uploads\/2023\/02\/993428411.jpg","type":"image\/jpeg"}],"twitter_card":"summary_large_image","twitter_misc":{"Dur\u00e9e de lecture estim\u00e9e":"1 minute"},"schema":{"@context":"https:\/\/schema.org","@graph":[{"@type":"WebPage","@id":"https:\/\/shop.bantam.ch\/fr\/produit\/radio-apollo-ms-ra770\/","url":"https:\/\/shop.bantam.ch\/fr\/produit\/radio-apollo-ms-ra770\/","name":"Radio Apollo MS-RA770 - Bantam Wankm\u00fcller SA","isPartOf":{"@id":"https:\/\/shop.bantam.ch\/fr\/#website"},"primaryImageOfPage":{"@id":"https:\/\/shop.bantam.ch\/fr\/produit\/radio-apollo-ms-ra770\/#primaryimage"},"image":{"@id":"https:\/\/shop.bantam.ch\/fr\/produit\/radio-apollo-ms-ra770\/#primaryimage"},"thumbnailUrl":"https:\/\/shop.bantam.ch\/wp-content\/uploads\/2023\/02\/993428411.jpg","datePublished":"2023-02-28T07:02:31+00:00","dateModified":"2026-04-18T19:39:07+00:00","breadcrumb":{"@id":"https:\/\/shop.bantam.ch\/fr\/produit\/radio-apollo-ms-ra770\/#breadcrumb"},"inLanguage":"fr-FR","potentialAction":[{"@type":"ReadAction","target":["https:\/\/shop.bantam.ch\/fr\/produit\/radio-apollo-ms-ra770\/"]}]},{"@type":"ImageObject","inLanguage":"fr-FR","@id":"https:\/\/shop.bantam.ch\/fr\/produit\/radio-apollo-ms-ra770\/#primaryimage","url":"https:\/\/shop.bantam.ch\/wp-content\/uploads\/2023\/02\/993428411.jpg","contentUrl":"https:\/\/shop.bantam.ch\/wp-content\/uploads\/2023\/02\/993428411.jpg","width":1000,"height":443},{"@type":"BreadcrumbList","@id":"https:\/\/shop.bantam.ch\/fr\/produit\/radio-apollo-ms-ra770\/#breadcrumb","itemListElement":[{"@type":"ListItem","position":1,"name":"Accueil","item":"https:\/\/shop.bantam.ch\/fr\/"},{"@type":"ListItem","position":2,"name":"Boutique","item":"https:\/\/shop.bantam.ch\/fr\/boutique\/"},{"@type":"ListItem","position":3,"name":"Radio Apollo MS-RA770"}]},{"@type":"WebSite","@id":"https:\/\/shop.bantam.ch\/fr\/#website","url":"https:\/\/shop.bantam.ch\/fr\/","name":"Bantam Wankm\u00fcller SA","description":"","publisher":{"@id":"https:\/\/shop.bantam.ch\/fr\/#organization"},"inLanguage":"fr-FR"},{"@type":"Organization","@id":"https:\/\/shop.bantam.ch\/fr\/#organization","name":"Bantam Wankm\u00fcller SA","url":"https:\/\/shop.bantam.ch\/fr\/","logo":{"@type":"ImageObject","inLanguage":"fr-FR","@id":"https:\/\/shop.bantam.ch\/fr\/#\/schema\/logo\/image\/","url":"https:\/\/shop.bantam.ch\/wp-content\/uploads\/2022\/12\/bantam-logo.png","contentUrl":"https:\/\/shop.bantam.ch\/wp-content\/uploads\/2022\/12\/bantam-logo.png","width":320,"height":71,"caption":"Bantam Wankm\u00fcller SA"},"image":{"@id":"https:\/\/shop.bantam.ch\/fr\/#\/schema\/logo\/image\/"}}]}},"_links":{"self":[{"href":"https:\/\/shop.bantam.ch\/fr\/wp-json\/wp\/v2\/product\/106553","targetHints":{"allow":["GET"]}}],"collection":[{"href":"https:\/\/shop.bantam.ch\/fr\/wp-json\/wp\/v2\/product"}],"about":[{"href":"https:\/\/shop.bantam.ch\/fr\/wp-json\/wp\/v2\/types\/product"}],"wp:featuredmedia":[{"embeddable":true,"href":"https:\/\/shop.bantam.ch\/fr\/wp-json\/wp\/v2\/media\/106545"}],"wp:attachment":[{"href":"https:\/\/shop.bantam.ch\/fr\/wp-json\/wp\/v2\/media?parent=106553"}],"wp:term":[{"taxonomy":"product_featured_cat","embeddable":true,"href":"https:\/\/shop.bantam.ch\/fr\/wp-json\/wp\/v2\/product_featured_cat?post=106553"},{"taxonomy":"product_brand","embeddable":true,"href":"https:\/\/shop.bantam.ch\/fr\/wp-json\/wp\/v2\/product_brand?post=106553"},{"taxonomy":"product_cat","embeddable":true,"href":"https:\/\/shop.bantam.ch\/fr\/wp-json\/wp\/v2\/product_cat?post=106553"},{"taxonomy":"product_tag","embeddable":true,"href":"https:\/\/shop.bantam.ch\/fr\/wp-json\/wp\/v2\/product_tag?post=106553"}],"curies":[{"name":"wp","href":"https:\/\/api.w.org\/{rel}","templated":true}]}}