{"id":106539,"date":"2023-02-28T08:02:19","date_gmt":"2023-02-28T07:02:19","guid":{"rendered":"http:\/\/shop.bantam.ch\/produit\/haut-parleur-shallowmount-sm-f65cb-tablier-barbecue-coloris-noir-lot-de-2\/"},"modified":"2026-04-21T21:39:09","modified_gmt":"2026-04-21T19:39:09","slug":"haut-parleur-shallowmount-sm-f65cb-tablier-barbecue-coloris-noir-lot-de-2","status":"publish","type":"product","link":"https:\/\/shop.bantam.ch\/fr\/produit\/haut-parleur-shallowmount-sm-f65cb-tablier-barbecue-coloris-noir-lot-de-2\/","title":{"rendered":"2 x hauts-parleur FUSION ShallowMount  SM-F65CB Tablier barbecue, noir"},"content":{"rendered":"<p>Haut-parleur de la s\u00e9rie Fusion SM \u00e0 monter sur des surfaces planes, con\u00e7u pour les installations avec profondeur d\u2019encastrement limit\u00e9e, sans influencer la qualit\u00e9 sonore et la performance. Les haut-parleurs de la s\u00e9rie SM disposent d\u2019un bo\u00eetier \u00e9tanche, sp\u00e9cialement mis au point pour fournir une reproduction sonore de haute qualit\u00e9 qui ne peut pas \u00eatre atteinte normalement en cas de profondeur d\u2019encastrement limit\u00e9e. Profondeur d\u2019encastrement seulement 24 mm. Il est recommand\u00e9 d\u2019utiliser les radios Fusion avec programmation DSP (s\u00e9rie VIEO ou Apollo).<\/p>\n","protected":false},"excerpt":{"rendered":"<p>Haut-parleur de la s\u00e9rie Fusion SM \u00e0 monter sur des surfaces planes, con\u00e7u pour les installations avec profondeur d\u2019encastrement limit\u00e9e, sans influencer la qualit\u00e9 sonore et la performance. Les haut-parleurs de la s\u00e9rie SM disposent d\u2019un bo\u00eetier \u00e9tanche, sp\u00e9cialement mis au point pour fournir une reproduction sonore de haute qualit\u00e9 qui ne peut pas \u00eatre [&hellip;]<\/p>\n","protected":false},"featured_media":106531,"template":"","meta":{"_acf_changed":false},"product_featured_cat":[],"product_brand":[3190],"product_cat":[4499],"product_tag":[],"class_list":{"0":"post-106539","1":"product","2":"type-product","3":"status-publish","4":"has-post-thumbnail","6":"product_brand-fusion","7":"product_cat-haut-parleurs","9":"first","10":"instock","11":"taxable","12":"shipping-taxable","13":"purchasable","14":"product-type-simple"},"acf":[],"yoast_head":"<!-- This site is optimized with the Yoast SEO plugin v27.4 - https:\/\/yoast.com\/product\/yoast-seo-wordpress\/ -->\n<title>2 x hauts-parleur FUSION ShallowMount SM-F65CB Tablier barbecue, noir - Bantam Wankm\u00fcller SA<\/title>\n<meta name=\"robots\" content=\"index, follow, max-snippet:-1, max-image-preview:large, max-video-preview:-1\" \/>\n<link rel=\"canonical\" href=\"https:\/\/shop.bantam.ch\/fr\/produit\/haut-parleur-shallowmount-sm-f65cb-tablier-barbecue-coloris-noir-lot-de-2\/\" \/>\n<meta property=\"og:locale\" content=\"fr_FR\" \/>\n<meta property=\"og:type\" content=\"article\" \/>\n<meta property=\"og:title\" content=\"2 x hauts-parleur FUSION ShallowMount SM-F65CB Tablier barbecue, noir - Bantam Wankm\u00fcller SA\" \/>\n<meta property=\"og:description\" content=\"Haut-parleur de la s\u00e9rie Fusion SM \u00e0 monter sur des surfaces planes, con\u00e7u pour les installations avec profondeur d\u2019encastrement limit\u00e9e, sans influencer la qualit\u00e9 sonore et la performance. Les haut-parleurs de la s\u00e9rie SM disposent d\u2019un bo\u00eetier \u00e9tanche, sp\u00e9cialement mis au point pour fournir une reproduction sonore de haute qualit\u00e9 qui ne peut pas \u00eatre [&hellip;]\" \/>\n<meta property=\"og:url\" content=\"https:\/\/shop.bantam.ch\/fr\/produit\/haut-parleur-shallowmount-sm-f65cb-tablier-barbecue-coloris-noir-lot-de-2\/\" \/>\n<meta property=\"og:site_name\" content=\"Bantam Wankm\u00fcller SA\" \/>\n<meta property=\"article:modified_time\" content=\"2026-04-21T19:39:09+00:00\" \/>\n<meta property=\"og:image\" content=\"https:\/\/shop.bantam.ch\/wp-content\/uploads\/2023\/02\/995763511.jpg\" \/>\n\t<meta property=\"og:image:width\" content=\"999\" \/>\n\t<meta property=\"og:image:height\" content=\"1000\" \/>\n\t<meta property=\"og:image:type\" content=\"image\/jpeg\" \/>\n<meta name=\"twitter:card\" content=\"summary_large_image\" \/>\n<script type=\"application\/ld+json\" class=\"yoast-schema-graph\">{\"@context\":\"https:\\\/\\\/schema.org\",\"@graph\":[{\"@type\":\"WebPage\",\"@id\":\"https:\\\/\\\/shop.bantam.ch\\\/fr\\\/produit\\\/haut-parleur-shallowmount-sm-f65cb-tablier-barbecue-coloris-noir-lot-de-2\\\/\",\"url\":\"https:\\\/\\\/shop.bantam.ch\\\/fr\\\/produit\\\/haut-parleur-shallowmount-sm-f65cb-tablier-barbecue-coloris-noir-lot-de-2\\\/\",\"name\":\"2 x hauts-parleur FUSION ShallowMount SM-F65CB Tablier barbecue, noir - Bantam Wankm\u00fcller SA\",\"isPartOf\":{\"@id\":\"https:\\\/\\\/shop.bantam.ch\\\/fr\\\/#website\"},\"primaryImageOfPage\":{\"@id\":\"https:\\\/\\\/shop.bantam.ch\\\/fr\\\/produit\\\/haut-parleur-shallowmount-sm-f65cb-tablier-barbecue-coloris-noir-lot-de-2\\\/#primaryimage\"},\"image\":{\"@id\":\"https:\\\/\\\/shop.bantam.ch\\\/fr\\\/produit\\\/haut-parleur-shallowmount-sm-f65cb-tablier-barbecue-coloris-noir-lot-de-2\\\/#primaryimage\"},\"thumbnailUrl\":\"https:\\\/\\\/shop.bantam.ch\\\/wp-content\\\/uploads\\\/2023\\\/02\\\/995763511.jpg\",\"datePublished\":\"2023-02-28T07:02:19+00:00\",\"dateModified\":\"2026-04-21T19:39:09+00:00\",\"breadcrumb\":{\"@id\":\"https:\\\/\\\/shop.bantam.ch\\\/fr\\\/produit\\\/haut-parleur-shallowmount-sm-f65cb-tablier-barbecue-coloris-noir-lot-de-2\\\/#breadcrumb\"},\"inLanguage\":\"fr-FR\",\"potentialAction\":[{\"@type\":\"ReadAction\",\"target\":[\"https:\\\/\\\/shop.bantam.ch\\\/fr\\\/produit\\\/haut-parleur-shallowmount-sm-f65cb-tablier-barbecue-coloris-noir-lot-de-2\\\/\"]}]},{\"@type\":\"ImageObject\",\"inLanguage\":\"fr-FR\",\"@id\":\"https:\\\/\\\/shop.bantam.ch\\\/fr\\\/produit\\\/haut-parleur-shallowmount-sm-f65cb-tablier-barbecue-coloris-noir-lot-de-2\\\/#primaryimage\",\"url\":\"https:\\\/\\\/shop.bantam.ch\\\/wp-content\\\/uploads\\\/2023\\\/02\\\/995763511.jpg\",\"contentUrl\":\"https:\\\/\\\/shop.bantam.ch\\\/wp-content\\\/uploads\\\/2023\\\/02\\\/995763511.jpg\",\"width\":999,\"height\":1000},{\"@type\":\"BreadcrumbList\",\"@id\":\"https:\\\/\\\/shop.bantam.ch\\\/fr\\\/produit\\\/haut-parleur-shallowmount-sm-f65cb-tablier-barbecue-coloris-noir-lot-de-2\\\/#breadcrumb\",\"itemListElement\":[{\"@type\":\"ListItem\",\"position\":1,\"name\":\"Accueil\",\"item\":\"https:\\\/\\\/shop.bantam.ch\\\/fr\\\/\"},{\"@type\":\"ListItem\",\"position\":2,\"name\":\"Boutique\",\"item\":\"https:\\\/\\\/shop.bantam.ch\\\/fr\\\/boutique\\\/\"},{\"@type\":\"ListItem\",\"position\":3,\"name\":\"2 x hauts-parleur FUSION ShallowMount SM-F65CB Tablier barbecue, noir\"}]},{\"@type\":\"WebSite\",\"@id\":\"https:\\\/\\\/shop.bantam.ch\\\/fr\\\/#website\",\"url\":\"https:\\\/\\\/shop.bantam.ch\\\/fr\\\/\",\"name\":\"Bantam Wankm\u00fcller SA\",\"description\":\"\",\"publisher\":{\"@id\":\"https:\\\/\\\/shop.bantam.ch\\\/fr\\\/#organization\"},\"inLanguage\":\"fr-FR\"},{\"@type\":\"Organization\",\"@id\":\"https:\\\/\\\/shop.bantam.ch\\\/fr\\\/#organization\",\"name\":\"Bantam Wankm\u00fcller SA\",\"url\":\"https:\\\/\\\/shop.bantam.ch\\\/fr\\\/\",\"logo\":{\"@type\":\"ImageObject\",\"inLanguage\":\"fr-FR\",\"@id\":\"https:\\\/\\\/shop.bantam.ch\\\/fr\\\/#\\\/schema\\\/logo\\\/image\\\/\",\"url\":\"https:\\\/\\\/shop.bantam.ch\\\/wp-content\\\/uploads\\\/2022\\\/12\\\/bantam-logo.png\",\"contentUrl\":\"https:\\\/\\\/shop.bantam.ch\\\/wp-content\\\/uploads\\\/2022\\\/12\\\/bantam-logo.png\",\"width\":320,\"height\":71,\"caption\":\"Bantam Wankm\u00fcller SA\"},\"image\":{\"@id\":\"https:\\\/\\\/shop.bantam.ch\\\/fr\\\/#\\\/schema\\\/logo\\\/image\\\/\"}}]}<\/script>\n<!-- \/ Yoast SEO plugin. -->","yoast_head_json":{"title":"2 x hauts-parleur FUSION ShallowMount SM-F65CB Tablier barbecue, noir - Bantam Wankm\u00fcller SA","robots":{"index":"index","follow":"follow","max-snippet":"max-snippet:-1","max-image-preview":"max-image-preview:large","max-video-preview":"max-video-preview:-1"},"canonical":"https:\/\/shop.bantam.ch\/fr\/produit\/haut-parleur-shallowmount-sm-f65cb-tablier-barbecue-coloris-noir-lot-de-2\/","og_locale":"fr_FR","og_type":"article","og_title":"2 x hauts-parleur FUSION ShallowMount SM-F65CB Tablier barbecue, noir - Bantam Wankm\u00fcller SA","og_description":"Haut-parleur de la s\u00e9rie Fusion SM \u00e0 monter sur des surfaces planes, con\u00e7u pour les installations avec profondeur d\u2019encastrement limit\u00e9e, sans influencer la qualit\u00e9 sonore et la performance. Les haut-parleurs de la s\u00e9rie SM disposent d\u2019un bo\u00eetier \u00e9tanche, sp\u00e9cialement mis au point pour fournir une reproduction sonore de haute qualit\u00e9 qui ne peut pas \u00eatre [&hellip;]","og_url":"https:\/\/shop.bantam.ch\/fr\/produit\/haut-parleur-shallowmount-sm-f65cb-tablier-barbecue-coloris-noir-lot-de-2\/","og_site_name":"Bantam Wankm\u00fcller SA","article_modified_time":"2026-04-21T19:39:09+00:00","og_image":[{"width":999,"height":1000,"url":"https:\/\/shop.bantam.ch\/wp-content\/uploads\/2023\/02\/995763511.jpg","type":"image\/jpeg"}],"twitter_card":"summary_large_image","schema":{"@context":"https:\/\/schema.org","@graph":[{"@type":"WebPage","@id":"https:\/\/shop.bantam.ch\/fr\/produit\/haut-parleur-shallowmount-sm-f65cb-tablier-barbecue-coloris-noir-lot-de-2\/","url":"https:\/\/shop.bantam.ch\/fr\/produit\/haut-parleur-shallowmount-sm-f65cb-tablier-barbecue-coloris-noir-lot-de-2\/","name":"2 x hauts-parleur FUSION ShallowMount SM-F65CB Tablier barbecue, noir - Bantam Wankm\u00fcller SA","isPartOf":{"@id":"https:\/\/shop.bantam.ch\/fr\/#website"},"primaryImageOfPage":{"@id":"https:\/\/shop.bantam.ch\/fr\/produit\/haut-parleur-shallowmount-sm-f65cb-tablier-barbecue-coloris-noir-lot-de-2\/#primaryimage"},"image":{"@id":"https:\/\/shop.bantam.ch\/fr\/produit\/haut-parleur-shallowmount-sm-f65cb-tablier-barbecue-coloris-noir-lot-de-2\/#primaryimage"},"thumbnailUrl":"https:\/\/shop.bantam.ch\/wp-content\/uploads\/2023\/02\/995763511.jpg","datePublished":"2023-02-28T07:02:19+00:00","dateModified":"2026-04-21T19:39:09+00:00","breadcrumb":{"@id":"https:\/\/shop.bantam.ch\/fr\/produit\/haut-parleur-shallowmount-sm-f65cb-tablier-barbecue-coloris-noir-lot-de-2\/#breadcrumb"},"inLanguage":"fr-FR","potentialAction":[{"@type":"ReadAction","target":["https:\/\/shop.bantam.ch\/fr\/produit\/haut-parleur-shallowmount-sm-f65cb-tablier-barbecue-coloris-noir-lot-de-2\/"]}]},{"@type":"ImageObject","inLanguage":"fr-FR","@id":"https:\/\/shop.bantam.ch\/fr\/produit\/haut-parleur-shallowmount-sm-f65cb-tablier-barbecue-coloris-noir-lot-de-2\/#primaryimage","url":"https:\/\/shop.bantam.ch\/wp-content\/uploads\/2023\/02\/995763511.jpg","contentUrl":"https:\/\/shop.bantam.ch\/wp-content\/uploads\/2023\/02\/995763511.jpg","width":999,"height":1000},{"@type":"BreadcrumbList","@id":"https:\/\/shop.bantam.ch\/fr\/produit\/haut-parleur-shallowmount-sm-f65cb-tablier-barbecue-coloris-noir-lot-de-2\/#breadcrumb","itemListElement":[{"@type":"ListItem","position":1,"name":"Accueil","item":"https:\/\/shop.bantam.ch\/fr\/"},{"@type":"ListItem","position":2,"name":"Boutique","item":"https:\/\/shop.bantam.ch\/fr\/boutique\/"},{"@type":"ListItem","position":3,"name":"2 x hauts-parleur FUSION ShallowMount SM-F65CB Tablier barbecue, noir"}]},{"@type":"WebSite","@id":"https:\/\/shop.bantam.ch\/fr\/#website","url":"https:\/\/shop.bantam.ch\/fr\/","name":"Bantam Wankm\u00fcller SA","description":"","publisher":{"@id":"https:\/\/shop.bantam.ch\/fr\/#organization"},"inLanguage":"fr-FR"},{"@type":"Organization","@id":"https:\/\/shop.bantam.ch\/fr\/#organization","name":"Bantam Wankm\u00fcller SA","url":"https:\/\/shop.bantam.ch\/fr\/","logo":{"@type":"ImageObject","inLanguage":"fr-FR","@id":"https:\/\/shop.bantam.ch\/fr\/#\/schema\/logo\/image\/","url":"https:\/\/shop.bantam.ch\/wp-content\/uploads\/2022\/12\/bantam-logo.png","contentUrl":"https:\/\/shop.bantam.ch\/wp-content\/uploads\/2022\/12\/bantam-logo.png","width":320,"height":71,"caption":"Bantam Wankm\u00fcller SA"},"image":{"@id":"https:\/\/shop.bantam.ch\/fr\/#\/schema\/logo\/image\/"}}]}},"_links":{"self":[{"href":"https:\/\/shop.bantam.ch\/fr\/wp-json\/wp\/v2\/product\/106539","targetHints":{"allow":["GET"]}}],"collection":[{"href":"https:\/\/shop.bantam.ch\/fr\/wp-json\/wp\/v2\/product"}],"about":[{"href":"https:\/\/shop.bantam.ch\/fr\/wp-json\/wp\/v2\/types\/product"}],"wp:featuredmedia":[{"embeddable":true,"href":"https:\/\/shop.bantam.ch\/fr\/wp-json\/wp\/v2\/media\/106531"}],"wp:attachment":[{"href":"https:\/\/shop.bantam.ch\/fr\/wp-json\/wp\/v2\/media?parent=106539"}],"wp:term":[{"taxonomy":"product_featured_cat","embeddable":true,"href":"https:\/\/shop.bantam.ch\/fr\/wp-json\/wp\/v2\/product_featured_cat?post=106539"},{"taxonomy":"product_brand","embeddable":true,"href":"https:\/\/shop.bantam.ch\/fr\/wp-json\/wp\/v2\/product_brand?post=106539"},{"taxonomy":"product_cat","embeddable":true,"href":"https:\/\/shop.bantam.ch\/fr\/wp-json\/wp\/v2\/product_cat?post=106539"},{"taxonomy":"product_tag","embeddable":true,"href":"https:\/\/shop.bantam.ch\/fr\/wp-json\/wp\/v2\/product_tag?post=106539"}],"curies":[{"name":"wp","href":"https:\/\/api.w.org\/{rel}","templated":true}]}}