{"id":106317,"date":"2023-02-28T07:57:56","date_gmt":"2023-02-28T06:57:56","guid":{"rendered":"http:\/\/shop.bantam.ch\/produit\/kit-oyster-connect-avec-smart-tv\/"},"modified":"2026-04-17T23:06:51","modified_gmt":"2026-04-17T21:06:51","slug":"kit-oyster-connect-avec-smart-tv","status":"publish","type":"product","link":"https:\/\/shop.bantam.ch\/fr\/produit\/kit-oyster-connect-avec-smart-tv\/","title":{"rendered":"Kit Oyster Connect, avec Smart TV"},"content":{"rendered":"<p>Oyster Connect, le syst\u00e8me d\u2019antenne pour les exigences \u00e9lev\u00e9es\u00a0: le point d\u2019acc\u00e8s mobile assure un signal stable, m\u00eame lors du trajet. Vous pouvez naviguer tranquillement en camping-car, camping-bus ou caravane ainsi qu\u2019utiliser tous les avantages d\u2019un \u00ab\u00a0r\u00e9seau domestique mobile\u00a0\u00bb. La connexion est maintenue ind\u00e9pendamment du site et du r\u00e9seau \u00e9mettant le signal externe\u00a0: les terminaux enregistr\u00e9s se connectent automatiquement au point d\u2019acc\u00e8s propre.<\/p>\n","protected":false},"excerpt":{"rendered":"<p>Oyster Connect, le syst\u00e8me d\u2019antenne pour les exigences \u00e9lev\u00e9es\u00a0: le point d\u2019acc\u00e8s mobile assure un signal stable, m\u00eame lors du trajet. Vous pouvez naviguer tranquillement en camping-car, camping-bus ou caravane ainsi qu\u2019utiliser tous les avantages d\u2019un \u00ab\u00a0r\u00e9seau domestique mobile\u00a0\u00bb. La connexion est maintenue ind\u00e9pendamment du site et du r\u00e9seau \u00e9mettant le signal externe\u00a0: les terminaux [&hellip;]<\/p>\n","protected":false},"featured_media":106307,"template":"","meta":{"_acf_changed":false},"product_featured_cat":[],"product_brand":[3126],"product_cat":[5151,4505],"product_tag":[],"class_list":{"0":"post-106317","1":"product","2":"type-product","3":"status-publish","4":"has-post-thumbnail","6":"product_brand-oyster","7":"product_cat-antennes-wlan-et-lte","8":"product_cat-televiseurs","10":"first","11":"instock","12":"taxable","13":"shipping-taxable","14":"purchasable","15":"product-type-variable"},"acf":[],"yoast_head":"<!-- This site is optimized with the Yoast SEO plugin v27.4 - https:\/\/yoast.com\/product\/yoast-seo-wordpress\/ -->\n<title>Kit Oyster Connect, avec Smart TV - Bantam Wankm\u00fcller SA<\/title>\n<meta name=\"robots\" content=\"index, follow, max-snippet:-1, max-image-preview:large, max-video-preview:-1\" \/>\n<link rel=\"canonical\" href=\"https:\/\/shop.bantam.ch\/fr\/produit\/kit-oyster-connect-avec-smart-tv\/\" \/>\n<meta property=\"og:locale\" content=\"fr_FR\" \/>\n<meta property=\"og:type\" content=\"article\" \/>\n<meta property=\"og:title\" content=\"Kit Oyster Connect, avec Smart TV - Bantam Wankm\u00fcller SA\" \/>\n<meta property=\"og:description\" content=\"Oyster Connect, le syst\u00e8me d\u2019antenne pour les exigences \u00e9lev\u00e9es\u00a0: le point d\u2019acc\u00e8s mobile assure un signal stable, m\u00eame lors du trajet. Vous pouvez naviguer tranquillement en camping-car, camping-bus ou caravane ainsi qu\u2019utiliser tous les avantages d\u2019un \u00ab\u00a0r\u00e9seau domestique mobile\u00a0\u00bb. La connexion est maintenue ind\u00e9pendamment du site et du r\u00e9seau \u00e9mettant le signal externe\u00a0: les terminaux [&hellip;]\" \/>\n<meta property=\"og:url\" content=\"https:\/\/shop.bantam.ch\/fr\/produit\/kit-oyster-connect-avec-smart-tv\/\" \/>\n<meta property=\"og:site_name\" content=\"Bantam Wankm\u00fcller SA\" \/>\n<meta property=\"article:modified_time\" content=\"2026-04-17T21:06:51+00:00\" \/>\n<meta property=\"og:image\" content=\"https:\/\/shop.bantam.ch\/wp-content\/uploads\/2023\/02\/995736411.jpg\" \/>\n\t<meta property=\"og:image:width\" content=\"1000\" \/>\n\t<meta property=\"og:image:height\" content=\"693\" \/>\n\t<meta property=\"og:image:type\" content=\"image\/jpeg\" \/>\n<meta name=\"twitter:card\" content=\"summary_large_image\" \/>\n<script type=\"application\/ld+json\" class=\"yoast-schema-graph\">{\"@context\":\"https:\\\/\\\/schema.org\",\"@graph\":[{\"@type\":\"WebPage\",\"@id\":\"https:\\\/\\\/shop.bantam.ch\\\/fr\\\/produit\\\/kit-oyster-connect-avec-smart-tv\\\/\",\"url\":\"https:\\\/\\\/shop.bantam.ch\\\/fr\\\/produit\\\/kit-oyster-connect-avec-smart-tv\\\/\",\"name\":\"Kit Oyster Connect, avec Smart TV - Bantam Wankm\u00fcller SA\",\"isPartOf\":{\"@id\":\"https:\\\/\\\/shop.bantam.ch\\\/fr\\\/#website\"},\"primaryImageOfPage\":{\"@id\":\"https:\\\/\\\/shop.bantam.ch\\\/fr\\\/produit\\\/kit-oyster-connect-avec-smart-tv\\\/#primaryimage\"},\"image\":{\"@id\":\"https:\\\/\\\/shop.bantam.ch\\\/fr\\\/produit\\\/kit-oyster-connect-avec-smart-tv\\\/#primaryimage\"},\"thumbnailUrl\":\"https:\\\/\\\/shop.bantam.ch\\\/wp-content\\\/uploads\\\/2023\\\/02\\\/995736411.jpg\",\"datePublished\":\"2023-02-28T06:57:56+00:00\",\"dateModified\":\"2026-04-17T21:06:51+00:00\",\"breadcrumb\":{\"@id\":\"https:\\\/\\\/shop.bantam.ch\\\/fr\\\/produit\\\/kit-oyster-connect-avec-smart-tv\\\/#breadcrumb\"},\"inLanguage\":\"fr-FR\",\"potentialAction\":[{\"@type\":\"ReadAction\",\"target\":[\"https:\\\/\\\/shop.bantam.ch\\\/fr\\\/produit\\\/kit-oyster-connect-avec-smart-tv\\\/\"]}]},{\"@type\":\"ImageObject\",\"inLanguage\":\"fr-FR\",\"@id\":\"https:\\\/\\\/shop.bantam.ch\\\/fr\\\/produit\\\/kit-oyster-connect-avec-smart-tv\\\/#primaryimage\",\"url\":\"https:\\\/\\\/shop.bantam.ch\\\/wp-content\\\/uploads\\\/2023\\\/02\\\/995736411.jpg\",\"contentUrl\":\"https:\\\/\\\/shop.bantam.ch\\\/wp-content\\\/uploads\\\/2023\\\/02\\\/995736411.jpg\",\"width\":1000,\"height\":693},{\"@type\":\"BreadcrumbList\",\"@id\":\"https:\\\/\\\/shop.bantam.ch\\\/fr\\\/produit\\\/kit-oyster-connect-avec-smart-tv\\\/#breadcrumb\",\"itemListElement\":[{\"@type\":\"ListItem\",\"position\":1,\"name\":\"Accueil\",\"item\":\"https:\\\/\\\/shop.bantam.ch\\\/fr\\\/\"},{\"@type\":\"ListItem\",\"position\":2,\"name\":\"Boutique\",\"item\":\"https:\\\/\\\/shop.bantam.ch\\\/fr\\\/boutique\\\/\"},{\"@type\":\"ListItem\",\"position\":3,\"name\":\"Kit Oyster Connect, avec Smart TV\"}]},{\"@type\":\"WebSite\",\"@id\":\"https:\\\/\\\/shop.bantam.ch\\\/fr\\\/#website\",\"url\":\"https:\\\/\\\/shop.bantam.ch\\\/fr\\\/\",\"name\":\"Bantam Wankm\u00fcller SA\",\"description\":\"\",\"publisher\":{\"@id\":\"https:\\\/\\\/shop.bantam.ch\\\/fr\\\/#organization\"},\"inLanguage\":\"fr-FR\"},{\"@type\":\"Organization\",\"@id\":\"https:\\\/\\\/shop.bantam.ch\\\/fr\\\/#organization\",\"name\":\"Bantam Wankm\u00fcller SA\",\"url\":\"https:\\\/\\\/shop.bantam.ch\\\/fr\\\/\",\"logo\":{\"@type\":\"ImageObject\",\"inLanguage\":\"fr-FR\",\"@id\":\"https:\\\/\\\/shop.bantam.ch\\\/fr\\\/#\\\/schema\\\/logo\\\/image\\\/\",\"url\":\"https:\\\/\\\/shop.bantam.ch\\\/wp-content\\\/uploads\\\/2022\\\/12\\\/bantam-logo.png\",\"contentUrl\":\"https:\\\/\\\/shop.bantam.ch\\\/wp-content\\\/uploads\\\/2022\\\/12\\\/bantam-logo.png\",\"width\":320,\"height\":71,\"caption\":\"Bantam Wankm\u00fcller SA\"},\"image\":{\"@id\":\"https:\\\/\\\/shop.bantam.ch\\\/fr\\\/#\\\/schema\\\/logo\\\/image\\\/\"}}]}<\/script>\n<!-- \/ Yoast SEO plugin. -->","yoast_head_json":{"title":"Kit Oyster Connect, avec Smart TV - Bantam Wankm\u00fcller SA","robots":{"index":"index","follow":"follow","max-snippet":"max-snippet:-1","max-image-preview":"max-image-preview:large","max-video-preview":"max-video-preview:-1"},"canonical":"https:\/\/shop.bantam.ch\/fr\/produit\/kit-oyster-connect-avec-smart-tv\/","og_locale":"fr_FR","og_type":"article","og_title":"Kit Oyster Connect, avec Smart TV - Bantam Wankm\u00fcller SA","og_description":"Oyster Connect, le syst\u00e8me d\u2019antenne pour les exigences \u00e9lev\u00e9es\u00a0: le point d\u2019acc\u00e8s mobile assure un signal stable, m\u00eame lors du trajet. Vous pouvez naviguer tranquillement en camping-car, camping-bus ou caravane ainsi qu\u2019utiliser tous les avantages d\u2019un \u00ab\u00a0r\u00e9seau domestique mobile\u00a0\u00bb. La connexion est maintenue ind\u00e9pendamment du site et du r\u00e9seau \u00e9mettant le signal externe\u00a0: les terminaux [&hellip;]","og_url":"https:\/\/shop.bantam.ch\/fr\/produit\/kit-oyster-connect-avec-smart-tv\/","og_site_name":"Bantam Wankm\u00fcller SA","article_modified_time":"2026-04-17T21:06:51+00:00","og_image":[{"width":1000,"height":693,"url":"https:\/\/shop.bantam.ch\/wp-content\/uploads\/2023\/02\/995736411.jpg","type":"image\/jpeg"}],"twitter_card":"summary_large_image","schema":{"@context":"https:\/\/schema.org","@graph":[{"@type":"WebPage","@id":"https:\/\/shop.bantam.ch\/fr\/produit\/kit-oyster-connect-avec-smart-tv\/","url":"https:\/\/shop.bantam.ch\/fr\/produit\/kit-oyster-connect-avec-smart-tv\/","name":"Kit Oyster Connect, avec Smart TV - Bantam Wankm\u00fcller SA","isPartOf":{"@id":"https:\/\/shop.bantam.ch\/fr\/#website"},"primaryImageOfPage":{"@id":"https:\/\/shop.bantam.ch\/fr\/produit\/kit-oyster-connect-avec-smart-tv\/#primaryimage"},"image":{"@id":"https:\/\/shop.bantam.ch\/fr\/produit\/kit-oyster-connect-avec-smart-tv\/#primaryimage"},"thumbnailUrl":"https:\/\/shop.bantam.ch\/wp-content\/uploads\/2023\/02\/995736411.jpg","datePublished":"2023-02-28T06:57:56+00:00","dateModified":"2026-04-17T21:06:51+00:00","breadcrumb":{"@id":"https:\/\/shop.bantam.ch\/fr\/produit\/kit-oyster-connect-avec-smart-tv\/#breadcrumb"},"inLanguage":"fr-FR","potentialAction":[{"@type":"ReadAction","target":["https:\/\/shop.bantam.ch\/fr\/produit\/kit-oyster-connect-avec-smart-tv\/"]}]},{"@type":"ImageObject","inLanguage":"fr-FR","@id":"https:\/\/shop.bantam.ch\/fr\/produit\/kit-oyster-connect-avec-smart-tv\/#primaryimage","url":"https:\/\/shop.bantam.ch\/wp-content\/uploads\/2023\/02\/995736411.jpg","contentUrl":"https:\/\/shop.bantam.ch\/wp-content\/uploads\/2023\/02\/995736411.jpg","width":1000,"height":693},{"@type":"BreadcrumbList","@id":"https:\/\/shop.bantam.ch\/fr\/produit\/kit-oyster-connect-avec-smart-tv\/#breadcrumb","itemListElement":[{"@type":"ListItem","position":1,"name":"Accueil","item":"https:\/\/shop.bantam.ch\/fr\/"},{"@type":"ListItem","position":2,"name":"Boutique","item":"https:\/\/shop.bantam.ch\/fr\/boutique\/"},{"@type":"ListItem","position":3,"name":"Kit Oyster Connect, avec Smart TV"}]},{"@type":"WebSite","@id":"https:\/\/shop.bantam.ch\/fr\/#website","url":"https:\/\/shop.bantam.ch\/fr\/","name":"Bantam Wankm\u00fcller SA","description":"","publisher":{"@id":"https:\/\/shop.bantam.ch\/fr\/#organization"},"inLanguage":"fr-FR"},{"@type":"Organization","@id":"https:\/\/shop.bantam.ch\/fr\/#organization","name":"Bantam Wankm\u00fcller SA","url":"https:\/\/shop.bantam.ch\/fr\/","logo":{"@type":"ImageObject","inLanguage":"fr-FR","@id":"https:\/\/shop.bantam.ch\/fr\/#\/schema\/logo\/image\/","url":"https:\/\/shop.bantam.ch\/wp-content\/uploads\/2022\/12\/bantam-logo.png","contentUrl":"https:\/\/shop.bantam.ch\/wp-content\/uploads\/2022\/12\/bantam-logo.png","width":320,"height":71,"caption":"Bantam Wankm\u00fcller SA"},"image":{"@id":"https:\/\/shop.bantam.ch\/fr\/#\/schema\/logo\/image\/"}}]}},"_links":{"self":[{"href":"https:\/\/shop.bantam.ch\/fr\/wp-json\/wp\/v2\/product\/106317","targetHints":{"allow":["GET"]}}],"collection":[{"href":"https:\/\/shop.bantam.ch\/fr\/wp-json\/wp\/v2\/product"}],"about":[{"href":"https:\/\/shop.bantam.ch\/fr\/wp-json\/wp\/v2\/types\/product"}],"wp:featuredmedia":[{"embeddable":true,"href":"https:\/\/shop.bantam.ch\/fr\/wp-json\/wp\/v2\/media\/106307"}],"wp:attachment":[{"href":"https:\/\/shop.bantam.ch\/fr\/wp-json\/wp\/v2\/media?parent=106317"}],"wp:term":[{"taxonomy":"product_featured_cat","embeddable":true,"href":"https:\/\/shop.bantam.ch\/fr\/wp-json\/wp\/v2\/product_featured_cat?post=106317"},{"taxonomy":"product_brand","embeddable":true,"href":"https:\/\/shop.bantam.ch\/fr\/wp-json\/wp\/v2\/product_brand?post=106317"},{"taxonomy":"product_cat","embeddable":true,"href":"https:\/\/shop.bantam.ch\/fr\/wp-json\/wp\/v2\/product_cat?post=106317"},{"taxonomy":"product_tag","embeddable":true,"href":"https:\/\/shop.bantam.ch\/fr\/wp-json\/wp\/v2\/product_tag?post=106317"}],"curies":[{"name":"wp","href":"https:\/\/api.w.org\/{rel}","templated":true}]}}