{"id":106087,"date":"2023-02-28T07:53:48","date_gmt":"2023-02-28T06:53:48","guid":{"rendered":"http:\/\/shop.bantam.ch\/produit\/lanterneau-vision-star-m-pro-2\/"},"modified":"2026-04-18T23:08:43","modified_gmt":"2026-04-18T21:08:43","slug":"lanterneau-vision-star-m-pro-2","status":"publish","type":"product","link":"https:\/\/shop.bantam.ch\/fr\/produit\/lanterneau-vision-star-m-pro-2\/","title":{"rendered":"Lanterneau Vision Star M pro 2"},"content":{"rendered":"<p>Lanterneau en verre fum\u00e9 avec double vitrage, au choix avec ou sans a\u00e9ration permanente et avec cadre int\u00e9rieur double pliss\u00e9 attrayant.<\/p>\n<ul>\n<li>Nouveau m\u00e9canisme am\u00e9lior\u00e9<\/li>\n<li>Relevable en continu jusqu\u2019\u00e0 50\u00b0<\/li>\n<li>Lanterneau tr\u00e8s plat (seulement 80\u00a0mm au-dessus du toit)<\/li>\n<li>Forte r\u00e9duction des bruits de conduite et des courants d\u2019air<\/li>\n<li>Cadre \u00e0 double paroi et double vitrage pour une meilleure isolation<\/li>\n<li>Ventilation continue m\u00eame avec un store pliss\u00e9 ferm\u00e9<\/li>\n<li>Protection \u00e9lev\u00e9e contre les UV gr\u00e2ce au mat\u00e9riau de lanterneau teint\u00e9<\/li>\n<\/ul>\n<p>Dim. d\u00e9coupe 400 \u00d7 400\u00a0cm. \u00c9paisseur de toit\u00a0: 25 \u00e0 60\u00a0mm. Rayon d&rsquo;angle\u00a0: 28\u00a0cm. Dimensions du capot\u00a0: 490 \u00d7 470\u00a0mm. Ventilation continue jusqu&rsquo;\u00e0 150\u00a0cm<sup>3<\/sup> Hauteur au-dessus du toit\u00a0: 80\u00a0cm Dimensions du cadre\u00a0: 565 \u00d7 530 \u00d7 35\u00a0cm (L \u00d7 l \u00d7 h) Poids\u00a0: 3,76\u00a0kg<\/p>\n","protected":false},"excerpt":{"rendered":"<p>Lanterneau en verre fum\u00e9 avec double vitrage, au choix avec ou sans a\u00e9ration permanente et avec cadre int\u00e9rieur double pliss\u00e9 attrayant. Nouveau m\u00e9canisme am\u00e9lior\u00e9 Relevable en continu jusqu\u2019\u00e0 50\u00b0 Lanterneau tr\u00e8s plat (seulement 80\u00a0mm au-dessus du toit) Forte r\u00e9duction des bruits de conduite et des courants d\u2019air Cadre \u00e0 double paroi et double vitrage pour [&hellip;]<\/p>\n","protected":false},"featured_media":106079,"template":"","meta":{"_acf_changed":false},"product_featured_cat":[],"product_brand":[3048],"product_cat":[4647],"product_tag":[],"class_list":{"0":"post-106087","1":"product","2":"type-product","3":"status-publish","4":"has-post-thumbnail","6":"product_brand-mpk","7":"product_cat-fenetres-de-toit","9":"first","10":"instock","11":"taxable","12":"shipping-taxable","13":"purchasable","14":"product-type-variable"},"acf":[],"yoast_head":"<!-- This site is optimized with the Yoast SEO plugin v27.4 - https:\/\/yoast.com\/product\/yoast-seo-wordpress\/ -->\n<title>Lanterneau Vision Star M pro 2 - Bantam Wankm\u00fcller SA<\/title>\n<meta name=\"robots\" content=\"index, follow, max-snippet:-1, max-image-preview:large, max-video-preview:-1\" \/>\n<link rel=\"canonical\" href=\"https:\/\/shop.bantam.ch\/fr\/produit\/lanterneau-vision-star-m-pro-2\/\" \/>\n<meta property=\"og:locale\" content=\"fr_FR\" \/>\n<meta property=\"og:type\" content=\"article\" \/>\n<meta property=\"og:title\" content=\"Lanterneau Vision Star M pro 2 - Bantam Wankm\u00fcller SA\" \/>\n<meta property=\"og:description\" content=\"Lanterneau en verre fum\u00e9 avec double vitrage, au choix avec ou sans a\u00e9ration permanente et avec cadre int\u00e9rieur double pliss\u00e9 attrayant. Nouveau m\u00e9canisme am\u00e9lior\u00e9 Relevable en continu jusqu\u2019\u00e0 50\u00b0 Lanterneau tr\u00e8s plat (seulement 80\u00a0mm au-dessus du toit) Forte r\u00e9duction des bruits de conduite et des courants d\u2019air Cadre \u00e0 double paroi et double vitrage pour [&hellip;]\" \/>\n<meta property=\"og:url\" content=\"https:\/\/shop.bantam.ch\/fr\/produit\/lanterneau-vision-star-m-pro-2\/\" \/>\n<meta property=\"og:site_name\" content=\"Bantam Wankm\u00fcller SA\" \/>\n<meta property=\"article:modified_time\" content=\"2026-04-18T21:08:43+00:00\" \/>\n<meta property=\"og:image\" content=\"https:\/\/shop.bantam.ch\/wp-content\/uploads\/2023\/02\/994386611.jpg\" \/>\n\t<meta property=\"og:image:width\" content=\"1000\" \/>\n\t<meta property=\"og:image:height\" content=\"927\" \/>\n\t<meta property=\"og:image:type\" content=\"image\/jpeg\" \/>\n<meta name=\"twitter:card\" content=\"summary_large_image\" \/>\n<meta name=\"twitter:label1\" content=\"Dur\u00e9e de lecture estim\u00e9e\" \/>\n\t<meta name=\"twitter:data1\" content=\"1 minute\" \/>\n<script type=\"application\/ld+json\" class=\"yoast-schema-graph\">{\"@context\":\"https:\\\/\\\/schema.org\",\"@graph\":[{\"@type\":\"WebPage\",\"@id\":\"https:\\\/\\\/shop.bantam.ch\\\/fr\\\/produit\\\/lanterneau-vision-star-m-pro-2\\\/\",\"url\":\"https:\\\/\\\/shop.bantam.ch\\\/fr\\\/produit\\\/lanterneau-vision-star-m-pro-2\\\/\",\"name\":\"Lanterneau Vision Star M pro 2 - Bantam Wankm\u00fcller SA\",\"isPartOf\":{\"@id\":\"https:\\\/\\\/shop.bantam.ch\\\/fr\\\/#website\"},\"primaryImageOfPage\":{\"@id\":\"https:\\\/\\\/shop.bantam.ch\\\/fr\\\/produit\\\/lanterneau-vision-star-m-pro-2\\\/#primaryimage\"},\"image\":{\"@id\":\"https:\\\/\\\/shop.bantam.ch\\\/fr\\\/produit\\\/lanterneau-vision-star-m-pro-2\\\/#primaryimage\"},\"thumbnailUrl\":\"https:\\\/\\\/shop.bantam.ch\\\/wp-content\\\/uploads\\\/2023\\\/02\\\/994386611.jpg\",\"datePublished\":\"2023-02-28T06:53:48+00:00\",\"dateModified\":\"2026-04-18T21:08:43+00:00\",\"breadcrumb\":{\"@id\":\"https:\\\/\\\/shop.bantam.ch\\\/fr\\\/produit\\\/lanterneau-vision-star-m-pro-2\\\/#breadcrumb\"},\"inLanguage\":\"fr-FR\",\"potentialAction\":[{\"@type\":\"ReadAction\",\"target\":[\"https:\\\/\\\/shop.bantam.ch\\\/fr\\\/produit\\\/lanterneau-vision-star-m-pro-2\\\/\"]}]},{\"@type\":\"ImageObject\",\"inLanguage\":\"fr-FR\",\"@id\":\"https:\\\/\\\/shop.bantam.ch\\\/fr\\\/produit\\\/lanterneau-vision-star-m-pro-2\\\/#primaryimage\",\"url\":\"https:\\\/\\\/shop.bantam.ch\\\/wp-content\\\/uploads\\\/2023\\\/02\\\/994386611.jpg\",\"contentUrl\":\"https:\\\/\\\/shop.bantam.ch\\\/wp-content\\\/uploads\\\/2023\\\/02\\\/994386611.jpg\",\"width\":1000,\"height\":927},{\"@type\":\"BreadcrumbList\",\"@id\":\"https:\\\/\\\/shop.bantam.ch\\\/fr\\\/produit\\\/lanterneau-vision-star-m-pro-2\\\/#breadcrumb\",\"itemListElement\":[{\"@type\":\"ListItem\",\"position\":1,\"name\":\"Accueil\",\"item\":\"https:\\\/\\\/shop.bantam.ch\\\/fr\\\/\"},{\"@type\":\"ListItem\",\"position\":2,\"name\":\"Boutique\",\"item\":\"https:\\\/\\\/shop.bantam.ch\\\/fr\\\/boutique\\\/\"},{\"@type\":\"ListItem\",\"position\":3,\"name\":\"Lanterneau Vision Star M pro 2\"}]},{\"@type\":\"WebSite\",\"@id\":\"https:\\\/\\\/shop.bantam.ch\\\/fr\\\/#website\",\"url\":\"https:\\\/\\\/shop.bantam.ch\\\/fr\\\/\",\"name\":\"Bantam Wankm\u00fcller SA\",\"description\":\"\",\"publisher\":{\"@id\":\"https:\\\/\\\/shop.bantam.ch\\\/fr\\\/#organization\"},\"inLanguage\":\"fr-FR\"},{\"@type\":\"Organization\",\"@id\":\"https:\\\/\\\/shop.bantam.ch\\\/fr\\\/#organization\",\"name\":\"Bantam Wankm\u00fcller SA\",\"url\":\"https:\\\/\\\/shop.bantam.ch\\\/fr\\\/\",\"logo\":{\"@type\":\"ImageObject\",\"inLanguage\":\"fr-FR\",\"@id\":\"https:\\\/\\\/shop.bantam.ch\\\/fr\\\/#\\\/schema\\\/logo\\\/image\\\/\",\"url\":\"https:\\\/\\\/shop.bantam.ch\\\/wp-content\\\/uploads\\\/2022\\\/12\\\/bantam-logo.png\",\"contentUrl\":\"https:\\\/\\\/shop.bantam.ch\\\/wp-content\\\/uploads\\\/2022\\\/12\\\/bantam-logo.png\",\"width\":320,\"height\":71,\"caption\":\"Bantam Wankm\u00fcller SA\"},\"image\":{\"@id\":\"https:\\\/\\\/shop.bantam.ch\\\/fr\\\/#\\\/schema\\\/logo\\\/image\\\/\"}}]}<\/script>\n<!-- \/ Yoast SEO plugin. -->","yoast_head_json":{"title":"Lanterneau Vision Star M pro 2 - Bantam Wankm\u00fcller SA","robots":{"index":"index","follow":"follow","max-snippet":"max-snippet:-1","max-image-preview":"max-image-preview:large","max-video-preview":"max-video-preview:-1"},"canonical":"https:\/\/shop.bantam.ch\/fr\/produit\/lanterneau-vision-star-m-pro-2\/","og_locale":"fr_FR","og_type":"article","og_title":"Lanterneau Vision Star M pro 2 - Bantam Wankm\u00fcller SA","og_description":"Lanterneau en verre fum\u00e9 avec double vitrage, au choix avec ou sans a\u00e9ration permanente et avec cadre int\u00e9rieur double pliss\u00e9 attrayant. Nouveau m\u00e9canisme am\u00e9lior\u00e9 Relevable en continu jusqu\u2019\u00e0 50\u00b0 Lanterneau tr\u00e8s plat (seulement 80\u00a0mm au-dessus du toit) Forte r\u00e9duction des bruits de conduite et des courants d\u2019air Cadre \u00e0 double paroi et double vitrage pour [&hellip;]","og_url":"https:\/\/shop.bantam.ch\/fr\/produit\/lanterneau-vision-star-m-pro-2\/","og_site_name":"Bantam Wankm\u00fcller SA","article_modified_time":"2026-04-18T21:08:43+00:00","og_image":[{"width":1000,"height":927,"url":"https:\/\/shop.bantam.ch\/wp-content\/uploads\/2023\/02\/994386611.jpg","type":"image\/jpeg"}],"twitter_card":"summary_large_image","twitter_misc":{"Dur\u00e9e de lecture estim\u00e9e":"1 minute"},"schema":{"@context":"https:\/\/schema.org","@graph":[{"@type":"WebPage","@id":"https:\/\/shop.bantam.ch\/fr\/produit\/lanterneau-vision-star-m-pro-2\/","url":"https:\/\/shop.bantam.ch\/fr\/produit\/lanterneau-vision-star-m-pro-2\/","name":"Lanterneau Vision Star M pro 2 - Bantam Wankm\u00fcller SA","isPartOf":{"@id":"https:\/\/shop.bantam.ch\/fr\/#website"},"primaryImageOfPage":{"@id":"https:\/\/shop.bantam.ch\/fr\/produit\/lanterneau-vision-star-m-pro-2\/#primaryimage"},"image":{"@id":"https:\/\/shop.bantam.ch\/fr\/produit\/lanterneau-vision-star-m-pro-2\/#primaryimage"},"thumbnailUrl":"https:\/\/shop.bantam.ch\/wp-content\/uploads\/2023\/02\/994386611.jpg","datePublished":"2023-02-28T06:53:48+00:00","dateModified":"2026-04-18T21:08:43+00:00","breadcrumb":{"@id":"https:\/\/shop.bantam.ch\/fr\/produit\/lanterneau-vision-star-m-pro-2\/#breadcrumb"},"inLanguage":"fr-FR","potentialAction":[{"@type":"ReadAction","target":["https:\/\/shop.bantam.ch\/fr\/produit\/lanterneau-vision-star-m-pro-2\/"]}]},{"@type":"ImageObject","inLanguage":"fr-FR","@id":"https:\/\/shop.bantam.ch\/fr\/produit\/lanterneau-vision-star-m-pro-2\/#primaryimage","url":"https:\/\/shop.bantam.ch\/wp-content\/uploads\/2023\/02\/994386611.jpg","contentUrl":"https:\/\/shop.bantam.ch\/wp-content\/uploads\/2023\/02\/994386611.jpg","width":1000,"height":927},{"@type":"BreadcrumbList","@id":"https:\/\/shop.bantam.ch\/fr\/produit\/lanterneau-vision-star-m-pro-2\/#breadcrumb","itemListElement":[{"@type":"ListItem","position":1,"name":"Accueil","item":"https:\/\/shop.bantam.ch\/fr\/"},{"@type":"ListItem","position":2,"name":"Boutique","item":"https:\/\/shop.bantam.ch\/fr\/boutique\/"},{"@type":"ListItem","position":3,"name":"Lanterneau Vision Star M pro 2"}]},{"@type":"WebSite","@id":"https:\/\/shop.bantam.ch\/fr\/#website","url":"https:\/\/shop.bantam.ch\/fr\/","name":"Bantam Wankm\u00fcller SA","description":"","publisher":{"@id":"https:\/\/shop.bantam.ch\/fr\/#organization"},"inLanguage":"fr-FR"},{"@type":"Organization","@id":"https:\/\/shop.bantam.ch\/fr\/#organization","name":"Bantam Wankm\u00fcller SA","url":"https:\/\/shop.bantam.ch\/fr\/","logo":{"@type":"ImageObject","inLanguage":"fr-FR","@id":"https:\/\/shop.bantam.ch\/fr\/#\/schema\/logo\/image\/","url":"https:\/\/shop.bantam.ch\/wp-content\/uploads\/2022\/12\/bantam-logo.png","contentUrl":"https:\/\/shop.bantam.ch\/wp-content\/uploads\/2022\/12\/bantam-logo.png","width":320,"height":71,"caption":"Bantam Wankm\u00fcller SA"},"image":{"@id":"https:\/\/shop.bantam.ch\/fr\/#\/schema\/logo\/image\/"}}]}},"_links":{"self":[{"href":"https:\/\/shop.bantam.ch\/fr\/wp-json\/wp\/v2\/product\/106087","targetHints":{"allow":["GET"]}}],"collection":[{"href":"https:\/\/shop.bantam.ch\/fr\/wp-json\/wp\/v2\/product"}],"about":[{"href":"https:\/\/shop.bantam.ch\/fr\/wp-json\/wp\/v2\/types\/product"}],"wp:featuredmedia":[{"embeddable":true,"href":"https:\/\/shop.bantam.ch\/fr\/wp-json\/wp\/v2\/media\/106079"}],"wp:attachment":[{"href":"https:\/\/shop.bantam.ch\/fr\/wp-json\/wp\/v2\/media?parent=106087"}],"wp:term":[{"taxonomy":"product_featured_cat","embeddable":true,"href":"https:\/\/shop.bantam.ch\/fr\/wp-json\/wp\/v2\/product_featured_cat?post=106087"},{"taxonomy":"product_brand","embeddable":true,"href":"https:\/\/shop.bantam.ch\/fr\/wp-json\/wp\/v2\/product_brand?post=106087"},{"taxonomy":"product_cat","embeddable":true,"href":"https:\/\/shop.bantam.ch\/fr\/wp-json\/wp\/v2\/product_cat?post=106087"},{"taxonomy":"product_tag","embeddable":true,"href":"https:\/\/shop.bantam.ch\/fr\/wp-json\/wp\/v2\/product_tag?post=106087"}],"curies":[{"name":"wp","href":"https:\/\/api.w.org\/{rel}","templated":true}]}}