{"id":105669,"date":"2023-02-28T07:45:57","date_gmt":"2023-02-28T06:45:57","guid":{"rendered":"http:\/\/shop.bantam.ch\/produit\/caravaning-routerset-electronics-cet300r\/"},"modified":"2026-04-19T21:39:59","modified_gmt":"2026-04-19T19:39:59","slug":"caravaning-routerset-electronics-cet300r","status":"publish","type":"product","link":"https:\/\/shop.bantam.ch\/fr\/produit\/caravaning-routerset-electronics-cet300r\/","title":{"rendered":"Ensemble de router Caravaning Caratec Electronics CET300R"},"content":{"rendered":"<p>Le puissant routeur WLAN 4G LTE, associ\u00e9 \u00e0 l&rsquo;antenne ext\u00e9rieure, garantit une connexion Internet fiable avec un d\u00e9bit de donn\u00e9es \u00e9lev\u00e9 et une forte redondance des donn\u00e9es. Le module t\u00e9l\u00e9phonique dispose de deux emplacements pour carte SIM, par exemple pour une carte principale et une carte locale du pays de vacances. Le module WiFi utilise une antenne externe pour recevoir les signaux externes (par exemple WiFi du terrain) et une antenne interne pour connecter les appareils finaux (par exemple smartphone, tablette, PC ou smart TV). L&rsquo;acc\u00e8s WiFi suppl\u00e9mentaire pour invit\u00e9s est facilement configurable. Gr\u00e2ce \u00e0 son volume de donn\u00e9es r\u00e9glable, il est id\u00e9al par exemple pour permettre \u00e0 des amis un acc\u00e8s \u00e0 Internet.<\/p>\n<ul>\n<li>Meilleure r\u00e9ception gr\u00e2ce \u00e0 une configuration MIMO avec deux antennes LTE<\/li>\n<li>Utilisation simple<\/li>\n<li>Choix de l&rsquo;acc\u00e8s \u00e0 l&rsquo;internet par WiFi externe ou LTE<\/li>\n<li>S\u00e9lection SIM1 ou SIM2<\/li>\n<li>Activation de l&rsquo;acc\u00e8s invit\u00e9s<\/li>\n<li>Affichage de la qualit\u00e9 du signal LTE et WiFi<\/li>\n<li>Module t\u00e9l\u00e9phonique : 4G (LTE) &#8211; Cat 4 jusqu\u2019\u00e0 150 Mbps, 3G &#8211; jusqu\u2019\u00e0 42 Mbps, 2G &#8211; jusqu\u2019\u00e0 236.8 kbps<\/li>\n<li>SIM\u00a0: Mini SIM &#8211; 2FF 1,8\/3V<\/li>\n<li>WiFi IEEE 802.11b\/g\/n<\/li>\n<li>Raccordements antenne\u00a0: 2x SMA pour LTE, 2x RP-SMA pour WiFi<\/li>\n<li>Tension d&rsquo;alimentation\u00a0: 9 &#8211; 30 VDC, alimentation 230V en suppl\u00e9ment inclus dans la livraison<\/li>\n<li>Consommation \u00e9lectrique : &lt; 2 W en veille, &lt; 7 W max.<\/li>\n<li>Dimensions du routeur\u00a0: 100 x 110 x 50\u00a0mm<\/li>\n<li>Dimensions de l\u2019antenne : diam\u00e8tre 96 mm, hauteur 90 mm (avec support 140 mm)<\/li>\n<li>Dimensions du support d\u2019antenne : largeur 100 mm (au pied 60 mm), hauteur 50 mm, longueur 205 mm<\/li>\n<li>Longueur des c\u00e2bles de raccordement de l\u2019antenne : 2 m<\/li>\n<li>Temp\u00e9rature de fonctionnement du routeur\u00a0: -40 \u00e0 75\u00b0C, de l\u2019antenne\u00a0: -40 \u00e0 85\u00b0C<\/li>\n<\/ul>\n<p>Contenu de la livraison :<\/p>\n<p>Avec Routeur, antenne ext\u00e9rieure avec support, travers\u00e9e de toit, antenne int\u00e9rieure WiFi, c\u00e2ble de connexion 12V, alimentation 230V, interrupteur marche\/arr\u00eat, sans carte SIM<\/p>\n","protected":false},"excerpt":{"rendered":"<p>Le puissant routeur WLAN 4G LTE, associ\u00e9 \u00e0 l&rsquo;antenne ext\u00e9rieure, garantit une connexion Internet fiable avec un d\u00e9bit de donn\u00e9es \u00e9lev\u00e9 et une forte redondance des donn\u00e9es. Le module t\u00e9l\u00e9phonique dispose de deux emplacements pour carte SIM, par exemple pour une carte principale et une carte locale du pays de vacances. Le module WiFi utilise [&hellip;]<\/p>\n","protected":false},"featured_media":105663,"template":"","meta":{"_acf_changed":false},"product_featured_cat":[],"product_brand":[3070],"product_cat":[5151],"product_tag":[],"class_list":{"0":"post-105669","1":"product","2":"type-product","3":"status-publish","4":"has-post-thumbnail","6":"product_brand-caratec","7":"product_cat-antennes-wlan-et-lte","9":"first","10":"instock","11":"taxable","12":"shipping-taxable","13":"purchasable","14":"product-type-simple"},"acf":[],"yoast_head":"<!-- This site is optimized with the Yoast SEO plugin v27.4 - https:\/\/yoast.com\/product\/yoast-seo-wordpress\/ -->\n<title>Ensemble de router Caravaning Caratec Electronics CET300R - Bantam Wankm\u00fcller SA<\/title>\n<meta name=\"robots\" content=\"index, follow, max-snippet:-1, max-image-preview:large, max-video-preview:-1\" \/>\n<link rel=\"canonical\" href=\"https:\/\/shop.bantam.ch\/fr\/produit\/caravaning-routerset-electronics-cet300r\/\" \/>\n<meta property=\"og:locale\" content=\"fr_FR\" \/>\n<meta property=\"og:type\" content=\"article\" \/>\n<meta property=\"og:title\" content=\"Ensemble de router Caravaning Caratec Electronics CET300R - Bantam Wankm\u00fcller SA\" \/>\n<meta property=\"og:description\" content=\"Le puissant routeur WLAN 4G LTE, associ\u00e9 \u00e0 l&rsquo;antenne ext\u00e9rieure, garantit une connexion Internet fiable avec un d\u00e9bit de donn\u00e9es \u00e9lev\u00e9 et une forte redondance des donn\u00e9es. Le module t\u00e9l\u00e9phonique dispose de deux emplacements pour carte SIM, par exemple pour une carte principale et une carte locale du pays de vacances. Le module WiFi utilise [&hellip;]\" \/>\n<meta property=\"og:url\" content=\"https:\/\/shop.bantam.ch\/fr\/produit\/caravaning-routerset-electronics-cet300r\/\" \/>\n<meta property=\"og:site_name\" content=\"Bantam Wankm\u00fcller SA\" \/>\n<meta property=\"article:modified_time\" content=\"2026-04-19T19:39:59+00:00\" \/>\n<meta property=\"og:image\" content=\"https:\/\/shop.bantam.ch\/wp-content\/uploads\/2023\/02\/995759511.jpg\" \/>\n\t<meta property=\"og:image:width\" content=\"1000\" \/>\n\t<meta property=\"og:image:height\" content=\"777\" \/>\n\t<meta property=\"og:image:type\" content=\"image\/jpeg\" \/>\n<meta name=\"twitter:card\" content=\"summary_large_image\" \/>\n<meta name=\"twitter:label1\" content=\"Dur\u00e9e de lecture estim\u00e9e\" \/>\n\t<meta name=\"twitter:data1\" content=\"2 minutes\" \/>\n<script type=\"application\/ld+json\" class=\"yoast-schema-graph\">{\"@context\":\"https:\\\/\\\/schema.org\",\"@graph\":[{\"@type\":\"WebPage\",\"@id\":\"https:\\\/\\\/shop.bantam.ch\\\/fr\\\/produit\\\/caravaning-routerset-electronics-cet300r\\\/\",\"url\":\"https:\\\/\\\/shop.bantam.ch\\\/fr\\\/produit\\\/caravaning-routerset-electronics-cet300r\\\/\",\"name\":\"Ensemble de router Caravaning Caratec Electronics CET300R - Bantam Wankm\u00fcller SA\",\"isPartOf\":{\"@id\":\"https:\\\/\\\/shop.bantam.ch\\\/fr\\\/#website\"},\"primaryImageOfPage\":{\"@id\":\"https:\\\/\\\/shop.bantam.ch\\\/fr\\\/produit\\\/caravaning-routerset-electronics-cet300r\\\/#primaryimage\"},\"image\":{\"@id\":\"https:\\\/\\\/shop.bantam.ch\\\/fr\\\/produit\\\/caravaning-routerset-electronics-cet300r\\\/#primaryimage\"},\"thumbnailUrl\":\"https:\\\/\\\/shop.bantam.ch\\\/wp-content\\\/uploads\\\/2023\\\/02\\\/995759511.jpg\",\"datePublished\":\"2023-02-28T06:45:57+00:00\",\"dateModified\":\"2026-04-19T19:39:59+00:00\",\"breadcrumb\":{\"@id\":\"https:\\\/\\\/shop.bantam.ch\\\/fr\\\/produit\\\/caravaning-routerset-electronics-cet300r\\\/#breadcrumb\"},\"inLanguage\":\"fr-FR\",\"potentialAction\":[{\"@type\":\"ReadAction\",\"target\":[\"https:\\\/\\\/shop.bantam.ch\\\/fr\\\/produit\\\/caravaning-routerset-electronics-cet300r\\\/\"]}]},{\"@type\":\"ImageObject\",\"inLanguage\":\"fr-FR\",\"@id\":\"https:\\\/\\\/shop.bantam.ch\\\/fr\\\/produit\\\/caravaning-routerset-electronics-cet300r\\\/#primaryimage\",\"url\":\"https:\\\/\\\/shop.bantam.ch\\\/wp-content\\\/uploads\\\/2023\\\/02\\\/995759511.jpg\",\"contentUrl\":\"https:\\\/\\\/shop.bantam.ch\\\/wp-content\\\/uploads\\\/2023\\\/02\\\/995759511.jpg\",\"width\":1000,\"height\":777},{\"@type\":\"BreadcrumbList\",\"@id\":\"https:\\\/\\\/shop.bantam.ch\\\/fr\\\/produit\\\/caravaning-routerset-electronics-cet300r\\\/#breadcrumb\",\"itemListElement\":[{\"@type\":\"ListItem\",\"position\":1,\"name\":\"Accueil\",\"item\":\"https:\\\/\\\/shop.bantam.ch\\\/fr\\\/\"},{\"@type\":\"ListItem\",\"position\":2,\"name\":\"Boutique\",\"item\":\"https:\\\/\\\/shop.bantam.ch\\\/fr\\\/boutique\\\/\"},{\"@type\":\"ListItem\",\"position\":3,\"name\":\"Ensemble de router Caravaning Caratec Electronics CET300R\"}]},{\"@type\":\"WebSite\",\"@id\":\"https:\\\/\\\/shop.bantam.ch\\\/fr\\\/#website\",\"url\":\"https:\\\/\\\/shop.bantam.ch\\\/fr\\\/\",\"name\":\"Bantam Wankm\u00fcller SA\",\"description\":\"\",\"publisher\":{\"@id\":\"https:\\\/\\\/shop.bantam.ch\\\/fr\\\/#organization\"},\"inLanguage\":\"fr-FR\"},{\"@type\":\"Organization\",\"@id\":\"https:\\\/\\\/shop.bantam.ch\\\/fr\\\/#organization\",\"name\":\"Bantam Wankm\u00fcller SA\",\"url\":\"https:\\\/\\\/shop.bantam.ch\\\/fr\\\/\",\"logo\":{\"@type\":\"ImageObject\",\"inLanguage\":\"fr-FR\",\"@id\":\"https:\\\/\\\/shop.bantam.ch\\\/fr\\\/#\\\/schema\\\/logo\\\/image\\\/\",\"url\":\"https:\\\/\\\/shop.bantam.ch\\\/wp-content\\\/uploads\\\/2022\\\/12\\\/bantam-logo.png\",\"contentUrl\":\"https:\\\/\\\/shop.bantam.ch\\\/wp-content\\\/uploads\\\/2022\\\/12\\\/bantam-logo.png\",\"width\":320,\"height\":71,\"caption\":\"Bantam Wankm\u00fcller SA\"},\"image\":{\"@id\":\"https:\\\/\\\/shop.bantam.ch\\\/fr\\\/#\\\/schema\\\/logo\\\/image\\\/\"}}]}<\/script>\n<!-- \/ Yoast SEO plugin. -->","yoast_head_json":{"title":"Ensemble de router Caravaning Caratec Electronics CET300R - Bantam Wankm\u00fcller SA","robots":{"index":"index","follow":"follow","max-snippet":"max-snippet:-1","max-image-preview":"max-image-preview:large","max-video-preview":"max-video-preview:-1"},"canonical":"https:\/\/shop.bantam.ch\/fr\/produit\/caravaning-routerset-electronics-cet300r\/","og_locale":"fr_FR","og_type":"article","og_title":"Ensemble de router Caravaning Caratec Electronics CET300R - Bantam Wankm\u00fcller SA","og_description":"Le puissant routeur WLAN 4G LTE, associ\u00e9 \u00e0 l&rsquo;antenne ext\u00e9rieure, garantit une connexion Internet fiable avec un d\u00e9bit de donn\u00e9es \u00e9lev\u00e9 et une forte redondance des donn\u00e9es. Le module t\u00e9l\u00e9phonique dispose de deux emplacements pour carte SIM, par exemple pour une carte principale et une carte locale du pays de vacances. Le module WiFi utilise [&hellip;]","og_url":"https:\/\/shop.bantam.ch\/fr\/produit\/caravaning-routerset-electronics-cet300r\/","og_site_name":"Bantam Wankm\u00fcller SA","article_modified_time":"2026-04-19T19:39:59+00:00","og_image":[{"width":1000,"height":777,"url":"https:\/\/shop.bantam.ch\/wp-content\/uploads\/2023\/02\/995759511.jpg","type":"image\/jpeg"}],"twitter_card":"summary_large_image","twitter_misc":{"Dur\u00e9e de lecture estim\u00e9e":"2 minutes"},"schema":{"@context":"https:\/\/schema.org","@graph":[{"@type":"WebPage","@id":"https:\/\/shop.bantam.ch\/fr\/produit\/caravaning-routerset-electronics-cet300r\/","url":"https:\/\/shop.bantam.ch\/fr\/produit\/caravaning-routerset-electronics-cet300r\/","name":"Ensemble de router Caravaning Caratec Electronics CET300R - Bantam Wankm\u00fcller SA","isPartOf":{"@id":"https:\/\/shop.bantam.ch\/fr\/#website"},"primaryImageOfPage":{"@id":"https:\/\/shop.bantam.ch\/fr\/produit\/caravaning-routerset-electronics-cet300r\/#primaryimage"},"image":{"@id":"https:\/\/shop.bantam.ch\/fr\/produit\/caravaning-routerset-electronics-cet300r\/#primaryimage"},"thumbnailUrl":"https:\/\/shop.bantam.ch\/wp-content\/uploads\/2023\/02\/995759511.jpg","datePublished":"2023-02-28T06:45:57+00:00","dateModified":"2026-04-19T19:39:59+00:00","breadcrumb":{"@id":"https:\/\/shop.bantam.ch\/fr\/produit\/caravaning-routerset-electronics-cet300r\/#breadcrumb"},"inLanguage":"fr-FR","potentialAction":[{"@type":"ReadAction","target":["https:\/\/shop.bantam.ch\/fr\/produit\/caravaning-routerset-electronics-cet300r\/"]}]},{"@type":"ImageObject","inLanguage":"fr-FR","@id":"https:\/\/shop.bantam.ch\/fr\/produit\/caravaning-routerset-electronics-cet300r\/#primaryimage","url":"https:\/\/shop.bantam.ch\/wp-content\/uploads\/2023\/02\/995759511.jpg","contentUrl":"https:\/\/shop.bantam.ch\/wp-content\/uploads\/2023\/02\/995759511.jpg","width":1000,"height":777},{"@type":"BreadcrumbList","@id":"https:\/\/shop.bantam.ch\/fr\/produit\/caravaning-routerset-electronics-cet300r\/#breadcrumb","itemListElement":[{"@type":"ListItem","position":1,"name":"Accueil","item":"https:\/\/shop.bantam.ch\/fr\/"},{"@type":"ListItem","position":2,"name":"Boutique","item":"https:\/\/shop.bantam.ch\/fr\/boutique\/"},{"@type":"ListItem","position":3,"name":"Ensemble de router Caravaning Caratec Electronics CET300R"}]},{"@type":"WebSite","@id":"https:\/\/shop.bantam.ch\/fr\/#website","url":"https:\/\/shop.bantam.ch\/fr\/","name":"Bantam Wankm\u00fcller SA","description":"","publisher":{"@id":"https:\/\/shop.bantam.ch\/fr\/#organization"},"inLanguage":"fr-FR"},{"@type":"Organization","@id":"https:\/\/shop.bantam.ch\/fr\/#organization","name":"Bantam Wankm\u00fcller SA","url":"https:\/\/shop.bantam.ch\/fr\/","logo":{"@type":"ImageObject","inLanguage":"fr-FR","@id":"https:\/\/shop.bantam.ch\/fr\/#\/schema\/logo\/image\/","url":"https:\/\/shop.bantam.ch\/wp-content\/uploads\/2022\/12\/bantam-logo.png","contentUrl":"https:\/\/shop.bantam.ch\/wp-content\/uploads\/2022\/12\/bantam-logo.png","width":320,"height":71,"caption":"Bantam Wankm\u00fcller SA"},"image":{"@id":"https:\/\/shop.bantam.ch\/fr\/#\/schema\/logo\/image\/"}}]}},"_links":{"self":[{"href":"https:\/\/shop.bantam.ch\/fr\/wp-json\/wp\/v2\/product\/105669","targetHints":{"allow":["GET"]}}],"collection":[{"href":"https:\/\/shop.bantam.ch\/fr\/wp-json\/wp\/v2\/product"}],"about":[{"href":"https:\/\/shop.bantam.ch\/fr\/wp-json\/wp\/v2\/types\/product"}],"wp:featuredmedia":[{"embeddable":true,"href":"https:\/\/shop.bantam.ch\/fr\/wp-json\/wp\/v2\/media\/105663"}],"wp:attachment":[{"href":"https:\/\/shop.bantam.ch\/fr\/wp-json\/wp\/v2\/media?parent=105669"}],"wp:term":[{"taxonomy":"product_featured_cat","embeddable":true,"href":"https:\/\/shop.bantam.ch\/fr\/wp-json\/wp\/v2\/product_featured_cat?post=105669"},{"taxonomy":"product_brand","embeddable":true,"href":"https:\/\/shop.bantam.ch\/fr\/wp-json\/wp\/v2\/product_brand?post=105669"},{"taxonomy":"product_cat","embeddable":true,"href":"https:\/\/shop.bantam.ch\/fr\/wp-json\/wp\/v2\/product_cat?post=105669"},{"taxonomy":"product_tag","embeddable":true,"href":"https:\/\/shop.bantam.ch\/fr\/wp-json\/wp\/v2\/product_tag?post=105669"}],"curies":[{"name":"wp","href":"https:\/\/api.w.org\/{rel}","templated":true}]}}