{"id":104787,"date":"2023-02-28T07:39:26","date_gmt":"2023-02-28T06:39:26","guid":{"rendered":"http:\/\/shop.bantam.ch\/produit\/poignee-rotative-acu-tight-knob\/"},"modified":"2026-05-01T21:36:55","modified_gmt":"2026-05-01T19:36:55","slug":"poignee-rotative-acu-tight-knob","status":"publish","type":"product","link":"https:\/\/shop.bantam.ch\/fr\/produit\/poignee-rotative-acu-tight-knob\/","title":{"rendered":"Poign\u00e9e rotative Acu Tight Knob"},"content":{"rendered":"<p>Un limiteur de couple pour les porte-v\u00e9los install\u00e9s \u00e0 l\u2019arri\u00e8re avec supports de cadre vient remplacer le bouton standard.<\/p>\n<ul>\n<li>Le bouton Thule AcuTight int\u00e8gre un limiteur de couple, qui clique une fois que la force de fixation appropri\u00e9e est atteinte.<\/li>\n<li>Le couple contr\u00f4l\u00e9 agissant sur le cadre du v\u00e9lo \u00e9vite un serrage trop faible ou trop important du support.<\/li>\n<li>Poign\u00e9e souple ergonomique<\/li>\n<li>Le bouton Thule AcuTight s\u2019adapte \u00e0 tous les porte-v\u00e9los Thule mont\u00e9s \u00e0 l\u2019arri\u00e8re avec supports de cadre.<\/li>\n<\/ul>\n","protected":false},"excerpt":{"rendered":"<p>Un limiteur de couple pour les porte-v\u00e9los install\u00e9s \u00e0 l\u2019arri\u00e8re avec supports de cadre vient remplacer le bouton standard. Le bouton Thule AcuTight int\u00e8gre un limiteur de couple, qui clique une fois que la force de fixation appropri\u00e9e est atteinte. Le couple contr\u00f4l\u00e9 agissant sur le cadre du v\u00e9lo \u00e9vite un serrage trop faible ou [&hellip;]<\/p>\n","protected":false},"featured_media":104783,"template":"","meta":{"_acf_changed":false},"product_featured_cat":[],"product_brand":[3046],"product_cat":[4697],"product_tag":[],"class_list":{"0":"post-104787","1":"product","2":"type-product","3":"status-publish","4":"has-post-thumbnail","6":"product_brand-thule","7":"product_cat-accessoires-pour-porte-velos","9":"first","10":"instock","11":"taxable","12":"shipping-taxable","13":"purchasable","14":"product-type-simple"},"acf":[],"yoast_head":"<!-- This site is optimized with the Yoast SEO plugin v27.5 - https:\/\/yoast.com\/product\/yoast-seo-wordpress\/ -->\n<title>Poign\u00e9e rotative Acu Tight Knob - Bantam<\/title>\n<meta name=\"robots\" content=\"index, follow, max-snippet:-1, max-image-preview:large, max-video-preview:-1\" \/>\n<link rel=\"canonical\" href=\"https:\/\/shop.bantam.ch\/fr\/produit\/poignee-rotative-acu-tight-knob\/\" \/>\n<meta property=\"og:locale\" content=\"fr_FR\" \/>\n<meta property=\"og:type\" content=\"article\" \/>\n<meta property=\"og:title\" content=\"Poign\u00e9e rotative Acu Tight Knob - Bantam\" \/>\n<meta property=\"og:description\" content=\"Un limiteur de couple pour les porte-v\u00e9los install\u00e9s \u00e0 l\u2019arri\u00e8re avec supports de cadre vient remplacer le bouton standard. Le bouton Thule AcuTight int\u00e8gre un limiteur de couple, qui clique une fois que la force de fixation appropri\u00e9e est atteinte. Le couple contr\u00f4l\u00e9 agissant sur le cadre du v\u00e9lo \u00e9vite un serrage trop faible ou [&hellip;]\" \/>\n<meta property=\"og:url\" content=\"https:\/\/shop.bantam.ch\/fr\/produit\/poignee-rotative-acu-tight-knob\/\" \/>\n<meta property=\"og:site_name\" content=\"Bantam\" \/>\n<meta property=\"article:modified_time\" content=\"2026-05-01T19:36:55+00:00\" \/>\n<meta property=\"og:image\" content=\"https:\/\/shop.bantam.ch\/wp-content\/uploads\/2023\/02\/994380211.jpg\" \/>\n\t<meta property=\"og:image:width\" content=\"1000\" \/>\n\t<meta property=\"og:image:height\" content=\"935\" \/>\n\t<meta property=\"og:image:type\" content=\"image\/jpeg\" \/>\n<meta name=\"twitter:card\" content=\"summary_large_image\" \/>\n<script type=\"application\/ld+json\" class=\"yoast-schema-graph\">{\"@context\":\"https:\\\/\\\/schema.org\",\"@graph\":[{\"@type\":\"WebPage\",\"@id\":\"https:\\\/\\\/shop.bantam.ch\\\/fr\\\/produit\\\/poignee-rotative-acu-tight-knob\\\/\",\"url\":\"https:\\\/\\\/shop.bantam.ch\\\/fr\\\/produit\\\/poignee-rotative-acu-tight-knob\\\/\",\"name\":\"Poign\u00e9e rotative Acu Tight Knob - Bantam\",\"isPartOf\":{\"@id\":\"https:\\\/\\\/shop.bantam.ch\\\/fr\\\/#website\"},\"primaryImageOfPage\":{\"@id\":\"https:\\\/\\\/shop.bantam.ch\\\/fr\\\/produit\\\/poignee-rotative-acu-tight-knob\\\/#primaryimage\"},\"image\":{\"@id\":\"https:\\\/\\\/shop.bantam.ch\\\/fr\\\/produit\\\/poignee-rotative-acu-tight-knob\\\/#primaryimage\"},\"thumbnailUrl\":\"https:\\\/\\\/shop.bantam.ch\\\/wp-content\\\/uploads\\\/2023\\\/02\\\/994380211.jpg\",\"datePublished\":\"2023-02-28T06:39:26+00:00\",\"dateModified\":\"2026-05-01T19:36:55+00:00\",\"breadcrumb\":{\"@id\":\"https:\\\/\\\/shop.bantam.ch\\\/fr\\\/produit\\\/poignee-rotative-acu-tight-knob\\\/#breadcrumb\"},\"inLanguage\":\"fr-FR\",\"potentialAction\":[{\"@type\":\"ReadAction\",\"target\":[\"https:\\\/\\\/shop.bantam.ch\\\/fr\\\/produit\\\/poignee-rotative-acu-tight-knob\\\/\"]}]},{\"@type\":\"ImageObject\",\"inLanguage\":\"fr-FR\",\"@id\":\"https:\\\/\\\/shop.bantam.ch\\\/fr\\\/produit\\\/poignee-rotative-acu-tight-knob\\\/#primaryimage\",\"url\":\"https:\\\/\\\/shop.bantam.ch\\\/wp-content\\\/uploads\\\/2023\\\/02\\\/994380211.jpg\",\"contentUrl\":\"https:\\\/\\\/shop.bantam.ch\\\/wp-content\\\/uploads\\\/2023\\\/02\\\/994380211.jpg\",\"width\":1000,\"height\":935},{\"@type\":\"BreadcrumbList\",\"@id\":\"https:\\\/\\\/shop.bantam.ch\\\/fr\\\/produit\\\/poignee-rotative-acu-tight-knob\\\/#breadcrumb\",\"itemListElement\":[{\"@type\":\"ListItem\",\"position\":1,\"name\":\"Accueil\",\"item\":\"https:\\\/\\\/shop.bantam.ch\\\/fr\\\/\"},{\"@type\":\"ListItem\",\"position\":2,\"name\":\"Boutique\",\"item\":\"https:\\\/\\\/shop.bantam.ch\\\/fr\\\/boutique\\\/\"},{\"@type\":\"ListItem\",\"position\":3,\"name\":\"Poign\u00e9e rotative Acu Tight Knob\"}]},{\"@type\":\"WebSite\",\"@id\":\"https:\\\/\\\/shop.bantam.ch\\\/fr\\\/#website\",\"url\":\"https:\\\/\\\/shop.bantam.ch\\\/fr\\\/\",\"name\":\"Bantam\",\"description\":\"\",\"publisher\":{\"@id\":\"https:\\\/\\\/shop.bantam.ch\\\/fr\\\/#organization\"},\"inLanguage\":\"fr-FR\"},{\"@type\":\"Organization\",\"@id\":\"https:\\\/\\\/shop.bantam.ch\\\/fr\\\/#organization\",\"name\":\"Bantam\",\"url\":\"https:\\\/\\\/shop.bantam.ch\\\/fr\\\/\",\"logo\":{\"@type\":\"ImageObject\",\"inLanguage\":\"fr-FR\",\"@id\":\"https:\\\/\\\/shop.bantam.ch\\\/fr\\\/#\\\/schema\\\/logo\\\/image\\\/\",\"url\":\"https:\\\/\\\/shop.bantam.ch\\\/wp-content\\\/uploads\\\/2022\\\/12\\\/bantam-logo.png\",\"contentUrl\":\"https:\\\/\\\/shop.bantam.ch\\\/wp-content\\\/uploads\\\/2022\\\/12\\\/bantam-logo.png\",\"width\":320,\"height\":71,\"caption\":\"Bantam\"},\"image\":{\"@id\":\"https:\\\/\\\/shop.bantam.ch\\\/fr\\\/#\\\/schema\\\/logo\\\/image\\\/\"}}]}<\/script>\n<!-- \/ Yoast SEO plugin. -->","yoast_head_json":{"title":"Poign\u00e9e rotative Acu Tight Knob - Bantam","robots":{"index":"index","follow":"follow","max-snippet":"max-snippet:-1","max-image-preview":"max-image-preview:large","max-video-preview":"max-video-preview:-1"},"canonical":"https:\/\/shop.bantam.ch\/fr\/produit\/poignee-rotative-acu-tight-knob\/","og_locale":"fr_FR","og_type":"article","og_title":"Poign\u00e9e rotative Acu Tight Knob - Bantam","og_description":"Un limiteur de couple pour les porte-v\u00e9los install\u00e9s \u00e0 l\u2019arri\u00e8re avec supports de cadre vient remplacer le bouton standard. Le bouton Thule AcuTight int\u00e8gre un limiteur de couple, qui clique une fois que la force de fixation appropri\u00e9e est atteinte. Le couple contr\u00f4l\u00e9 agissant sur le cadre du v\u00e9lo \u00e9vite un serrage trop faible ou [&hellip;]","og_url":"https:\/\/shop.bantam.ch\/fr\/produit\/poignee-rotative-acu-tight-knob\/","og_site_name":"Bantam","article_modified_time":"2026-05-01T19:36:55+00:00","og_image":[{"width":1000,"height":935,"url":"https:\/\/shop.bantam.ch\/wp-content\/uploads\/2023\/02\/994380211.jpg","type":"image\/jpeg"}],"twitter_card":"summary_large_image","schema":{"@context":"https:\/\/schema.org","@graph":[{"@type":"WebPage","@id":"https:\/\/shop.bantam.ch\/fr\/produit\/poignee-rotative-acu-tight-knob\/","url":"https:\/\/shop.bantam.ch\/fr\/produit\/poignee-rotative-acu-tight-knob\/","name":"Poign\u00e9e rotative Acu Tight Knob - Bantam","isPartOf":{"@id":"https:\/\/shop.bantam.ch\/fr\/#website"},"primaryImageOfPage":{"@id":"https:\/\/shop.bantam.ch\/fr\/produit\/poignee-rotative-acu-tight-knob\/#primaryimage"},"image":{"@id":"https:\/\/shop.bantam.ch\/fr\/produit\/poignee-rotative-acu-tight-knob\/#primaryimage"},"thumbnailUrl":"https:\/\/shop.bantam.ch\/wp-content\/uploads\/2023\/02\/994380211.jpg","datePublished":"2023-02-28T06:39:26+00:00","dateModified":"2026-05-01T19:36:55+00:00","breadcrumb":{"@id":"https:\/\/shop.bantam.ch\/fr\/produit\/poignee-rotative-acu-tight-knob\/#breadcrumb"},"inLanguage":"fr-FR","potentialAction":[{"@type":"ReadAction","target":["https:\/\/shop.bantam.ch\/fr\/produit\/poignee-rotative-acu-tight-knob\/"]}]},{"@type":"ImageObject","inLanguage":"fr-FR","@id":"https:\/\/shop.bantam.ch\/fr\/produit\/poignee-rotative-acu-tight-knob\/#primaryimage","url":"https:\/\/shop.bantam.ch\/wp-content\/uploads\/2023\/02\/994380211.jpg","contentUrl":"https:\/\/shop.bantam.ch\/wp-content\/uploads\/2023\/02\/994380211.jpg","width":1000,"height":935},{"@type":"BreadcrumbList","@id":"https:\/\/shop.bantam.ch\/fr\/produit\/poignee-rotative-acu-tight-knob\/#breadcrumb","itemListElement":[{"@type":"ListItem","position":1,"name":"Accueil","item":"https:\/\/shop.bantam.ch\/fr\/"},{"@type":"ListItem","position":2,"name":"Boutique","item":"https:\/\/shop.bantam.ch\/fr\/boutique\/"},{"@type":"ListItem","position":3,"name":"Poign\u00e9e rotative Acu Tight Knob"}]},{"@type":"WebSite","@id":"https:\/\/shop.bantam.ch\/fr\/#website","url":"https:\/\/shop.bantam.ch\/fr\/","name":"Bantam","description":"","publisher":{"@id":"https:\/\/shop.bantam.ch\/fr\/#organization"},"inLanguage":"fr-FR"},{"@type":"Organization","@id":"https:\/\/shop.bantam.ch\/fr\/#organization","name":"Bantam","url":"https:\/\/shop.bantam.ch\/fr\/","logo":{"@type":"ImageObject","inLanguage":"fr-FR","@id":"https:\/\/shop.bantam.ch\/fr\/#\/schema\/logo\/image\/","url":"https:\/\/shop.bantam.ch\/wp-content\/uploads\/2022\/12\/bantam-logo.png","contentUrl":"https:\/\/shop.bantam.ch\/wp-content\/uploads\/2022\/12\/bantam-logo.png","width":320,"height":71,"caption":"Bantam"},"image":{"@id":"https:\/\/shop.bantam.ch\/fr\/#\/schema\/logo\/image\/"}}]}},"_links":{"self":[{"href":"https:\/\/shop.bantam.ch\/fr\/wp-json\/wp\/v2\/product\/104787","targetHints":{"allow":["GET"]}}],"collection":[{"href":"https:\/\/shop.bantam.ch\/fr\/wp-json\/wp\/v2\/product"}],"about":[{"href":"https:\/\/shop.bantam.ch\/fr\/wp-json\/wp\/v2\/types\/product"}],"wp:featuredmedia":[{"embeddable":true,"href":"https:\/\/shop.bantam.ch\/fr\/wp-json\/wp\/v2\/media\/104783"}],"wp:attachment":[{"href":"https:\/\/shop.bantam.ch\/fr\/wp-json\/wp\/v2\/media?parent=104787"}],"wp:term":[{"taxonomy":"product_featured_cat","embeddable":true,"href":"https:\/\/shop.bantam.ch\/fr\/wp-json\/wp\/v2\/product_featured_cat?post=104787"},{"taxonomy":"product_brand","embeddable":true,"href":"https:\/\/shop.bantam.ch\/fr\/wp-json\/wp\/v2\/product_brand?post=104787"},{"taxonomy":"product_cat","embeddable":true,"href":"https:\/\/shop.bantam.ch\/fr\/wp-json\/wp\/v2\/product_cat?post=104787"},{"taxonomy":"product_tag","embeddable":true,"href":"https:\/\/shop.bantam.ch\/fr\/wp-json\/wp\/v2\/product_tag?post=104787"}],"curies":[{"name":"wp","href":"https:\/\/api.w.org\/{rel}","templated":true}]}}