{"id":104443,"date":"2023-02-28T07:32:24","date_gmt":"2023-02-28T06:32:24","guid":{"rendered":"http:\/\/shop.bantam.ch\/produit\/tapis-isolant-isolight-protection-contre-le-soleil-et-les-gelees-pour-cabine-conducteur\/"},"modified":"2026-04-18T21:37:49","modified_gmt":"2026-04-18T19:37:49","slug":"tapis-isolant-isolight-protection-contre-le-soleil-et-les-gelees-pour-cabine-conducteur","status":"publish","type":"product","link":"https:\/\/shop.bantam.ch\/fr\/produit\/tapis-isolant-isolight-protection-contre-le-soleil-et-les-gelees-pour-cabine-conducteur\/","title":{"rendered":"Tapis isolant Isolight, protection contre le soleil et les gel\u00e9es pour cabine conducteur"},"content":{"rendered":"<p>Protection contre le soleil et les gel\u00e9es des vitres de la cabine conducteur pour Fiat Ducato, Citro\u00ebn Jumper et Peugeot Boxer \u00e0 partir de 2006 et \u00e0 partir de 2014. Dimensions minimales pli\u00e9, pose facile.<\/p>\n","protected":false},"excerpt":{"rendered":"<p>Protection contre le soleil et les gel\u00e9es des vitres de la cabine conducteur pour Fiat Ducato, Citro\u00ebn Jumper et Peugeot Boxer \u00e0 partir de 2006 et \u00e0 partir de 2014. Dimensions minimales pli\u00e9, pose facile.<\/p>\n","protected":false},"featured_media":104439,"template":"","meta":{"_acf_changed":false},"product_featured_cat":[],"product_brand":[3030],"product_cat":[4641],"product_tag":[],"class_list":{"0":"post-104443","1":"product","2":"type-product","3":"status-publish","4":"has-post-thumbnail","6":"product_brand-tecon-covercraft","7":"product_cat-matelas-et-rideaux-thermiques","9":"first","10":"instock","11":"taxable","12":"shipping-taxable","13":"purchasable","14":"product-type-simple"},"acf":[],"yoast_head":"<!-- This site is optimized with the Yoast SEO plugin v27.4 - https:\/\/yoast.com\/product\/yoast-seo-wordpress\/ -->\n<title>Tapis isolant Isolight, protection contre le soleil et les gel\u00e9es pour cabine conducteur - Bantam Wankm\u00fcller SA<\/title>\n<meta name=\"robots\" content=\"index, follow, max-snippet:-1, max-image-preview:large, max-video-preview:-1\" \/>\n<link rel=\"canonical\" href=\"https:\/\/shop.bantam.ch\/fr\/produit\/tapis-isolant-isolight-protection-contre-le-soleil-et-les-gelees-pour-cabine-conducteur\/\" \/>\n<meta property=\"og:locale\" content=\"fr_FR\" \/>\n<meta property=\"og:type\" content=\"article\" \/>\n<meta property=\"og:title\" content=\"Tapis isolant Isolight, protection contre le soleil et les gel\u00e9es pour cabine conducteur - Bantam Wankm\u00fcller SA\" \/>\n<meta property=\"og:description\" content=\"Protection contre le soleil et les gel\u00e9es des vitres de la cabine conducteur pour Fiat Ducato, Citro\u00ebn Jumper et Peugeot Boxer \u00e0 partir de 2006 et \u00e0 partir de 2014. Dimensions minimales pli\u00e9, pose facile.\" \/>\n<meta property=\"og:url\" content=\"https:\/\/shop.bantam.ch\/fr\/produit\/tapis-isolant-isolight-protection-contre-le-soleil-et-les-gelees-pour-cabine-conducteur\/\" \/>\n<meta property=\"og:site_name\" content=\"Bantam Wankm\u00fcller SA\" \/>\n<meta property=\"article:modified_time\" content=\"2026-04-18T19:37:49+00:00\" \/>\n<meta property=\"og:image\" content=\"https:\/\/shop.bantam.ch\/wp-content\/uploads\/2023\/02\/994378211.jpg\" \/>\n\t<meta property=\"og:image:width\" content=\"1000\" \/>\n\t<meta property=\"og:image:height\" content=\"750\" \/>\n\t<meta property=\"og:image:type\" content=\"image\/jpeg\" \/>\n<meta name=\"twitter:card\" content=\"summary_large_image\" \/>\n<script type=\"application\/ld+json\" class=\"yoast-schema-graph\">{\"@context\":\"https:\\\/\\\/schema.org\",\"@graph\":[{\"@type\":\"WebPage\",\"@id\":\"https:\\\/\\\/shop.bantam.ch\\\/fr\\\/produit\\\/tapis-isolant-isolight-protection-contre-le-soleil-et-les-gelees-pour-cabine-conducteur\\\/\",\"url\":\"https:\\\/\\\/shop.bantam.ch\\\/fr\\\/produit\\\/tapis-isolant-isolight-protection-contre-le-soleil-et-les-gelees-pour-cabine-conducteur\\\/\",\"name\":\"Tapis isolant Isolight, protection contre le soleil et les gel\u00e9es pour cabine conducteur - Bantam Wankm\u00fcller SA\",\"isPartOf\":{\"@id\":\"https:\\\/\\\/shop.bantam.ch\\\/fr\\\/#website\"},\"primaryImageOfPage\":{\"@id\":\"https:\\\/\\\/shop.bantam.ch\\\/fr\\\/produit\\\/tapis-isolant-isolight-protection-contre-le-soleil-et-les-gelees-pour-cabine-conducteur\\\/#primaryimage\"},\"image\":{\"@id\":\"https:\\\/\\\/shop.bantam.ch\\\/fr\\\/produit\\\/tapis-isolant-isolight-protection-contre-le-soleil-et-les-gelees-pour-cabine-conducteur\\\/#primaryimage\"},\"thumbnailUrl\":\"https:\\\/\\\/shop.bantam.ch\\\/wp-content\\\/uploads\\\/2023\\\/02\\\/994378211.jpg\",\"datePublished\":\"2023-02-28T06:32:24+00:00\",\"dateModified\":\"2026-04-18T19:37:49+00:00\",\"breadcrumb\":{\"@id\":\"https:\\\/\\\/shop.bantam.ch\\\/fr\\\/produit\\\/tapis-isolant-isolight-protection-contre-le-soleil-et-les-gelees-pour-cabine-conducteur\\\/#breadcrumb\"},\"inLanguage\":\"fr-FR\",\"potentialAction\":[{\"@type\":\"ReadAction\",\"target\":[\"https:\\\/\\\/shop.bantam.ch\\\/fr\\\/produit\\\/tapis-isolant-isolight-protection-contre-le-soleil-et-les-gelees-pour-cabine-conducteur\\\/\"]}]},{\"@type\":\"ImageObject\",\"inLanguage\":\"fr-FR\",\"@id\":\"https:\\\/\\\/shop.bantam.ch\\\/fr\\\/produit\\\/tapis-isolant-isolight-protection-contre-le-soleil-et-les-gelees-pour-cabine-conducteur\\\/#primaryimage\",\"url\":\"https:\\\/\\\/shop.bantam.ch\\\/wp-content\\\/uploads\\\/2023\\\/02\\\/994378211.jpg\",\"contentUrl\":\"https:\\\/\\\/shop.bantam.ch\\\/wp-content\\\/uploads\\\/2023\\\/02\\\/994378211.jpg\",\"width\":1000,\"height\":750},{\"@type\":\"BreadcrumbList\",\"@id\":\"https:\\\/\\\/shop.bantam.ch\\\/fr\\\/produit\\\/tapis-isolant-isolight-protection-contre-le-soleil-et-les-gelees-pour-cabine-conducteur\\\/#breadcrumb\",\"itemListElement\":[{\"@type\":\"ListItem\",\"position\":1,\"name\":\"Accueil\",\"item\":\"https:\\\/\\\/shop.bantam.ch\\\/fr\\\/\"},{\"@type\":\"ListItem\",\"position\":2,\"name\":\"Boutique\",\"item\":\"https:\\\/\\\/shop.bantam.ch\\\/fr\\\/boutique\\\/\"},{\"@type\":\"ListItem\",\"position\":3,\"name\":\"Tapis isolant Isolight, protection contre le soleil et les gel\u00e9es pour cabine conducteur\"}]},{\"@type\":\"WebSite\",\"@id\":\"https:\\\/\\\/shop.bantam.ch\\\/fr\\\/#website\",\"url\":\"https:\\\/\\\/shop.bantam.ch\\\/fr\\\/\",\"name\":\"Bantam Wankm\u00fcller SA\",\"description\":\"\",\"publisher\":{\"@id\":\"https:\\\/\\\/shop.bantam.ch\\\/fr\\\/#organization\"},\"inLanguage\":\"fr-FR\"},{\"@type\":\"Organization\",\"@id\":\"https:\\\/\\\/shop.bantam.ch\\\/fr\\\/#organization\",\"name\":\"Bantam Wankm\u00fcller SA\",\"url\":\"https:\\\/\\\/shop.bantam.ch\\\/fr\\\/\",\"logo\":{\"@type\":\"ImageObject\",\"inLanguage\":\"fr-FR\",\"@id\":\"https:\\\/\\\/shop.bantam.ch\\\/fr\\\/#\\\/schema\\\/logo\\\/image\\\/\",\"url\":\"https:\\\/\\\/shop.bantam.ch\\\/wp-content\\\/uploads\\\/2022\\\/12\\\/bantam-logo.png\",\"contentUrl\":\"https:\\\/\\\/shop.bantam.ch\\\/wp-content\\\/uploads\\\/2022\\\/12\\\/bantam-logo.png\",\"width\":320,\"height\":71,\"caption\":\"Bantam Wankm\u00fcller SA\"},\"image\":{\"@id\":\"https:\\\/\\\/shop.bantam.ch\\\/fr\\\/#\\\/schema\\\/logo\\\/image\\\/\"}}]}<\/script>\n<!-- \/ Yoast SEO plugin. -->","yoast_head_json":{"title":"Tapis isolant Isolight, protection contre le soleil et les gel\u00e9es pour cabine conducteur - Bantam Wankm\u00fcller SA","robots":{"index":"index","follow":"follow","max-snippet":"max-snippet:-1","max-image-preview":"max-image-preview:large","max-video-preview":"max-video-preview:-1"},"canonical":"https:\/\/shop.bantam.ch\/fr\/produit\/tapis-isolant-isolight-protection-contre-le-soleil-et-les-gelees-pour-cabine-conducteur\/","og_locale":"fr_FR","og_type":"article","og_title":"Tapis isolant Isolight, protection contre le soleil et les gel\u00e9es pour cabine conducteur - Bantam Wankm\u00fcller SA","og_description":"Protection contre le soleil et les gel\u00e9es des vitres de la cabine conducteur pour Fiat Ducato, Citro\u00ebn Jumper et Peugeot Boxer \u00e0 partir de 2006 et \u00e0 partir de 2014. Dimensions minimales pli\u00e9, pose facile.","og_url":"https:\/\/shop.bantam.ch\/fr\/produit\/tapis-isolant-isolight-protection-contre-le-soleil-et-les-gelees-pour-cabine-conducteur\/","og_site_name":"Bantam Wankm\u00fcller SA","article_modified_time":"2026-04-18T19:37:49+00:00","og_image":[{"width":1000,"height":750,"url":"https:\/\/shop.bantam.ch\/wp-content\/uploads\/2023\/02\/994378211.jpg","type":"image\/jpeg"}],"twitter_card":"summary_large_image","schema":{"@context":"https:\/\/schema.org","@graph":[{"@type":"WebPage","@id":"https:\/\/shop.bantam.ch\/fr\/produit\/tapis-isolant-isolight-protection-contre-le-soleil-et-les-gelees-pour-cabine-conducteur\/","url":"https:\/\/shop.bantam.ch\/fr\/produit\/tapis-isolant-isolight-protection-contre-le-soleil-et-les-gelees-pour-cabine-conducteur\/","name":"Tapis isolant Isolight, protection contre le soleil et les gel\u00e9es pour cabine conducteur - Bantam Wankm\u00fcller SA","isPartOf":{"@id":"https:\/\/shop.bantam.ch\/fr\/#website"},"primaryImageOfPage":{"@id":"https:\/\/shop.bantam.ch\/fr\/produit\/tapis-isolant-isolight-protection-contre-le-soleil-et-les-gelees-pour-cabine-conducteur\/#primaryimage"},"image":{"@id":"https:\/\/shop.bantam.ch\/fr\/produit\/tapis-isolant-isolight-protection-contre-le-soleil-et-les-gelees-pour-cabine-conducteur\/#primaryimage"},"thumbnailUrl":"https:\/\/shop.bantam.ch\/wp-content\/uploads\/2023\/02\/994378211.jpg","datePublished":"2023-02-28T06:32:24+00:00","dateModified":"2026-04-18T19:37:49+00:00","breadcrumb":{"@id":"https:\/\/shop.bantam.ch\/fr\/produit\/tapis-isolant-isolight-protection-contre-le-soleil-et-les-gelees-pour-cabine-conducteur\/#breadcrumb"},"inLanguage":"fr-FR","potentialAction":[{"@type":"ReadAction","target":["https:\/\/shop.bantam.ch\/fr\/produit\/tapis-isolant-isolight-protection-contre-le-soleil-et-les-gelees-pour-cabine-conducteur\/"]}]},{"@type":"ImageObject","inLanguage":"fr-FR","@id":"https:\/\/shop.bantam.ch\/fr\/produit\/tapis-isolant-isolight-protection-contre-le-soleil-et-les-gelees-pour-cabine-conducteur\/#primaryimage","url":"https:\/\/shop.bantam.ch\/wp-content\/uploads\/2023\/02\/994378211.jpg","contentUrl":"https:\/\/shop.bantam.ch\/wp-content\/uploads\/2023\/02\/994378211.jpg","width":1000,"height":750},{"@type":"BreadcrumbList","@id":"https:\/\/shop.bantam.ch\/fr\/produit\/tapis-isolant-isolight-protection-contre-le-soleil-et-les-gelees-pour-cabine-conducteur\/#breadcrumb","itemListElement":[{"@type":"ListItem","position":1,"name":"Accueil","item":"https:\/\/shop.bantam.ch\/fr\/"},{"@type":"ListItem","position":2,"name":"Boutique","item":"https:\/\/shop.bantam.ch\/fr\/boutique\/"},{"@type":"ListItem","position":3,"name":"Tapis isolant Isolight, protection contre le soleil et les gel\u00e9es pour cabine conducteur"}]},{"@type":"WebSite","@id":"https:\/\/shop.bantam.ch\/fr\/#website","url":"https:\/\/shop.bantam.ch\/fr\/","name":"Bantam Wankm\u00fcller SA","description":"","publisher":{"@id":"https:\/\/shop.bantam.ch\/fr\/#organization"},"inLanguage":"fr-FR"},{"@type":"Organization","@id":"https:\/\/shop.bantam.ch\/fr\/#organization","name":"Bantam Wankm\u00fcller SA","url":"https:\/\/shop.bantam.ch\/fr\/","logo":{"@type":"ImageObject","inLanguage":"fr-FR","@id":"https:\/\/shop.bantam.ch\/fr\/#\/schema\/logo\/image\/","url":"https:\/\/shop.bantam.ch\/wp-content\/uploads\/2022\/12\/bantam-logo.png","contentUrl":"https:\/\/shop.bantam.ch\/wp-content\/uploads\/2022\/12\/bantam-logo.png","width":320,"height":71,"caption":"Bantam Wankm\u00fcller SA"},"image":{"@id":"https:\/\/shop.bantam.ch\/fr\/#\/schema\/logo\/image\/"}}]}},"_links":{"self":[{"href":"https:\/\/shop.bantam.ch\/fr\/wp-json\/wp\/v2\/product\/104443","targetHints":{"allow":["GET"]}}],"collection":[{"href":"https:\/\/shop.bantam.ch\/fr\/wp-json\/wp\/v2\/product"}],"about":[{"href":"https:\/\/shop.bantam.ch\/fr\/wp-json\/wp\/v2\/types\/product"}],"wp:featuredmedia":[{"embeddable":true,"href":"https:\/\/shop.bantam.ch\/fr\/wp-json\/wp\/v2\/media\/104439"}],"wp:attachment":[{"href":"https:\/\/shop.bantam.ch\/fr\/wp-json\/wp\/v2\/media?parent=104443"}],"wp:term":[{"taxonomy":"product_featured_cat","embeddable":true,"href":"https:\/\/shop.bantam.ch\/fr\/wp-json\/wp\/v2\/product_featured_cat?post=104443"},{"taxonomy":"product_brand","embeddable":true,"href":"https:\/\/shop.bantam.ch\/fr\/wp-json\/wp\/v2\/product_brand?post=104443"},{"taxonomy":"product_cat","embeddable":true,"href":"https:\/\/shop.bantam.ch\/fr\/wp-json\/wp\/v2\/product_cat?post=104443"},{"taxonomy":"product_tag","embeddable":true,"href":"https:\/\/shop.bantam.ch\/fr\/wp-json\/wp\/v2\/product_tag?post=104443"}],"curies":[{"name":"wp","href":"https:\/\/api.w.org\/{rel}","templated":true}]}}