{"id":104321,"date":"2023-02-28T07:30:07","date_gmt":"2023-02-28T06:30:07","guid":{"rendered":"http:\/\/shop.bantam.ch\/produit\/isolation-thermique-interieure-camper-vans\/"},"modified":"2026-04-19T23:09:45","modified_gmt":"2026-04-19T21:09:45","slug":"isolation-thermique-interieure-camper-vans","status":"publish","type":"product","link":"https:\/\/shop.bantam.ch\/fr\/produit\/isolation-thermique-interieure-camper-vans\/","title":{"rendered":"Isolation thermique int\u00e9rieure Camper Vans"},"content":{"rendered":"<p>Cette isolation thermique \u00e9conomique compos\u00e9e d\u2019un nouveau film thermique s\u2019accorde au design moderne de votre habitacle et se distingue par sa forme parfaitement adapt\u00e9e avec possibilit\u00e9 de fixation rapide. Pour prot\u00e9ger votre pare-brise, ce syst\u00e8me s\u2019installe \u00e0 l\u2019avant entre le pare-brise et le tableau de bord. Le long du bord sup\u00e9rieur se trouvent deux\u00a0attaches qui se glissent entre le toit et le pare-soleil. Pour prot\u00e9ger les vitres lat\u00e9rales de l\u2019habitacle, ce syst\u00e8me s\u2019installe \u00e0 l\u2019aide d\u2019aimants soud\u00e9s. Il est dimensionn\u00e9 de telle sorte que les contours ext\u00e9rieurs se bloquent au niveau du joint des porti\u00e8res, formant ainsi un coussin d\u2019air isolant entre le tapis et la vitre elle-m\u00eame. L\u2019isolation pour l\u2019habitacle est fabriqu\u00e9e de sorte \u00e0 rester en place sans ventouse, sauf pour l\u2019isolation de la fen\u00eatre du hayon. Dans ce cas, 4\u00a0grandes ventouses sont pr\u00e9vues \u00e0 fixer sur des anneaux pr\u00e9mont\u00e9s. En vrac, non mont\u00e9. Si vous n\u2019avez plus besoin de l\u2019isolation, il vous suffit de l\u2019enrouler et de la ranger dans un sac.<\/p>\n<p>Mat\u00e9riau\u00a0: Le syst\u00e8me d\u2019isolation pour l\u2019habitacle est fabriqu\u00e9 \u00e0 partir d\u2019un nouveau film thermique. D\u2019un c\u00f4t\u00e9, vous trouverez comme d\u2019habitude un film polyester en aluminium vaporis\u00e9 et sur le c\u00f4t\u00e9 visible dans l\u2019habitacle, vous trouverez un rev\u00eatement textile moderne gris.<\/p>\n<ul>\n<li>Ce syst\u00e8me d\u2019isolation n\u2019est pas adapt\u00e9 \u00e0 une utilisation ext\u00e9rieure.<\/li>\n<li>Ne convient pas aux v\u00e9hicules sans garniture int\u00e9rieure.<\/li>\n<li>Ne convient pas \u00e0 une utilisation ext\u00e9rieure<\/li>\n<\/ul>\n","protected":false},"excerpt":{"rendered":"<p>Cette isolation thermique \u00e9conomique compos\u00e9e d\u2019un nouveau film thermique s\u2019accorde au design moderne de votre habitacle et se distingue par sa forme parfaitement adapt\u00e9e avec possibilit\u00e9 de fixation rapide. Pour prot\u00e9ger votre pare-brise, ce syst\u00e8me s\u2019installe \u00e0 l\u2019avant entre le pare-brise et le tableau de bord. Le long du bord sup\u00e9rieur se trouvent deux\u00a0attaches qui [&hellip;]<\/p>\n","protected":false},"featured_media":104273,"template":"","meta":{"_acf_changed":false},"product_featured_cat":[],"product_brand":[3040],"product_cat":[4641],"product_tag":[],"class_list":{"0":"post-104321","1":"product","2":"type-product","3":"status-publish","4":"has-post-thumbnail","6":"product_brand-hindermann","7":"product_cat-matelas-et-rideaux-thermiques","9":"first","10":"instock","11":"taxable","12":"shipping-taxable","13":"purchasable","14":"product-type-variable"},"acf":[],"yoast_head":"<!-- This site is optimized with the Yoast SEO plugin v27.4 - https:\/\/yoast.com\/product\/yoast-seo-wordpress\/ -->\n<title>Isolation thermique int\u00e9rieure Camper Vans - Bantam Wankm\u00fcller SA<\/title>\n<meta name=\"robots\" content=\"index, follow, max-snippet:-1, max-image-preview:large, max-video-preview:-1\" \/>\n<link rel=\"canonical\" href=\"https:\/\/shop.bantam.ch\/fr\/produit\/isolation-thermique-interieure-camper-vans\/\" \/>\n<meta property=\"og:locale\" content=\"fr_FR\" \/>\n<meta property=\"og:type\" content=\"article\" \/>\n<meta property=\"og:title\" content=\"Isolation thermique int\u00e9rieure Camper Vans - Bantam Wankm\u00fcller SA\" \/>\n<meta property=\"og:description\" content=\"Cette isolation thermique \u00e9conomique compos\u00e9e d\u2019un nouveau film thermique s\u2019accorde au design moderne de votre habitacle et se distingue par sa forme parfaitement adapt\u00e9e avec possibilit\u00e9 de fixation rapide. Pour prot\u00e9ger votre pare-brise, ce syst\u00e8me s\u2019installe \u00e0 l\u2019avant entre le pare-brise et le tableau de bord. Le long du bord sup\u00e9rieur se trouvent deux\u00a0attaches qui [&hellip;]\" \/>\n<meta property=\"og:url\" content=\"https:\/\/shop.bantam.ch\/fr\/produit\/isolation-thermique-interieure-camper-vans\/\" \/>\n<meta property=\"og:site_name\" content=\"Bantam Wankm\u00fcller SA\" \/>\n<meta property=\"article:modified_time\" content=\"2026-04-19T21:09:45+00:00\" \/>\n<meta property=\"og:image\" content=\"https:\/\/shop.bantam.ch\/wp-content\/uploads\/2023\/02\/994361711.jpg\" \/>\n\t<meta property=\"og:image:width\" content=\"1000\" \/>\n\t<meta property=\"og:image:height\" content=\"750\" \/>\n\t<meta property=\"og:image:type\" content=\"image\/jpeg\" \/>\n<meta name=\"twitter:card\" content=\"summary_large_image\" \/>\n<meta name=\"twitter:label1\" content=\"Dur\u00e9e de lecture estim\u00e9e\" \/>\n\t<meta name=\"twitter:data1\" content=\"1 minute\" \/>\n<script type=\"application\/ld+json\" class=\"yoast-schema-graph\">{\"@context\":\"https:\\\/\\\/schema.org\",\"@graph\":[{\"@type\":\"WebPage\",\"@id\":\"https:\\\/\\\/shop.bantam.ch\\\/fr\\\/produit\\\/isolation-thermique-interieure-camper-vans\\\/\",\"url\":\"https:\\\/\\\/shop.bantam.ch\\\/fr\\\/produit\\\/isolation-thermique-interieure-camper-vans\\\/\",\"name\":\"Isolation thermique int\u00e9rieure Camper Vans - Bantam Wankm\u00fcller SA\",\"isPartOf\":{\"@id\":\"https:\\\/\\\/shop.bantam.ch\\\/fr\\\/#website\"},\"primaryImageOfPage\":{\"@id\":\"https:\\\/\\\/shop.bantam.ch\\\/fr\\\/produit\\\/isolation-thermique-interieure-camper-vans\\\/#primaryimage\"},\"image\":{\"@id\":\"https:\\\/\\\/shop.bantam.ch\\\/fr\\\/produit\\\/isolation-thermique-interieure-camper-vans\\\/#primaryimage\"},\"thumbnailUrl\":\"https:\\\/\\\/shop.bantam.ch\\\/wp-content\\\/uploads\\\/2023\\\/02\\\/994361711.jpg\",\"datePublished\":\"2023-02-28T06:30:07+00:00\",\"dateModified\":\"2026-04-19T21:09:45+00:00\",\"breadcrumb\":{\"@id\":\"https:\\\/\\\/shop.bantam.ch\\\/fr\\\/produit\\\/isolation-thermique-interieure-camper-vans\\\/#breadcrumb\"},\"inLanguage\":\"fr-FR\",\"potentialAction\":[{\"@type\":\"ReadAction\",\"target\":[\"https:\\\/\\\/shop.bantam.ch\\\/fr\\\/produit\\\/isolation-thermique-interieure-camper-vans\\\/\"]}]},{\"@type\":\"ImageObject\",\"inLanguage\":\"fr-FR\",\"@id\":\"https:\\\/\\\/shop.bantam.ch\\\/fr\\\/produit\\\/isolation-thermique-interieure-camper-vans\\\/#primaryimage\",\"url\":\"https:\\\/\\\/shop.bantam.ch\\\/wp-content\\\/uploads\\\/2023\\\/02\\\/994361711.jpg\",\"contentUrl\":\"https:\\\/\\\/shop.bantam.ch\\\/wp-content\\\/uploads\\\/2023\\\/02\\\/994361711.jpg\",\"width\":1000,\"height\":750},{\"@type\":\"BreadcrumbList\",\"@id\":\"https:\\\/\\\/shop.bantam.ch\\\/fr\\\/produit\\\/isolation-thermique-interieure-camper-vans\\\/#breadcrumb\",\"itemListElement\":[{\"@type\":\"ListItem\",\"position\":1,\"name\":\"Accueil\",\"item\":\"https:\\\/\\\/shop.bantam.ch\\\/fr\\\/\"},{\"@type\":\"ListItem\",\"position\":2,\"name\":\"Boutique\",\"item\":\"https:\\\/\\\/shop.bantam.ch\\\/fr\\\/boutique\\\/\"},{\"@type\":\"ListItem\",\"position\":3,\"name\":\"Isolation thermique int\u00e9rieure Camper Vans\"}]},{\"@type\":\"WebSite\",\"@id\":\"https:\\\/\\\/shop.bantam.ch\\\/fr\\\/#website\",\"url\":\"https:\\\/\\\/shop.bantam.ch\\\/fr\\\/\",\"name\":\"Bantam Wankm\u00fcller SA\",\"description\":\"\",\"publisher\":{\"@id\":\"https:\\\/\\\/shop.bantam.ch\\\/fr\\\/#organization\"},\"inLanguage\":\"fr-FR\"},{\"@type\":\"Organization\",\"@id\":\"https:\\\/\\\/shop.bantam.ch\\\/fr\\\/#organization\",\"name\":\"Bantam Wankm\u00fcller SA\",\"url\":\"https:\\\/\\\/shop.bantam.ch\\\/fr\\\/\",\"logo\":{\"@type\":\"ImageObject\",\"inLanguage\":\"fr-FR\",\"@id\":\"https:\\\/\\\/shop.bantam.ch\\\/fr\\\/#\\\/schema\\\/logo\\\/image\\\/\",\"url\":\"https:\\\/\\\/shop.bantam.ch\\\/wp-content\\\/uploads\\\/2022\\\/12\\\/bantam-logo.png\",\"contentUrl\":\"https:\\\/\\\/shop.bantam.ch\\\/wp-content\\\/uploads\\\/2022\\\/12\\\/bantam-logo.png\",\"width\":320,\"height\":71,\"caption\":\"Bantam Wankm\u00fcller SA\"},\"image\":{\"@id\":\"https:\\\/\\\/shop.bantam.ch\\\/fr\\\/#\\\/schema\\\/logo\\\/image\\\/\"}}]}<\/script>\n<!-- \/ Yoast SEO plugin. -->","yoast_head_json":{"title":"Isolation thermique int\u00e9rieure Camper Vans - Bantam Wankm\u00fcller SA","robots":{"index":"index","follow":"follow","max-snippet":"max-snippet:-1","max-image-preview":"max-image-preview:large","max-video-preview":"max-video-preview:-1"},"canonical":"https:\/\/shop.bantam.ch\/fr\/produit\/isolation-thermique-interieure-camper-vans\/","og_locale":"fr_FR","og_type":"article","og_title":"Isolation thermique int\u00e9rieure Camper Vans - Bantam Wankm\u00fcller SA","og_description":"Cette isolation thermique \u00e9conomique compos\u00e9e d\u2019un nouveau film thermique s\u2019accorde au design moderne de votre habitacle et se distingue par sa forme parfaitement adapt\u00e9e avec possibilit\u00e9 de fixation rapide. Pour prot\u00e9ger votre pare-brise, ce syst\u00e8me s\u2019installe \u00e0 l\u2019avant entre le pare-brise et le tableau de bord. Le long du bord sup\u00e9rieur se trouvent deux\u00a0attaches qui [&hellip;]","og_url":"https:\/\/shop.bantam.ch\/fr\/produit\/isolation-thermique-interieure-camper-vans\/","og_site_name":"Bantam Wankm\u00fcller SA","article_modified_time":"2026-04-19T21:09:45+00:00","og_image":[{"width":1000,"height":750,"url":"https:\/\/shop.bantam.ch\/wp-content\/uploads\/2023\/02\/994361711.jpg","type":"image\/jpeg"}],"twitter_card":"summary_large_image","twitter_misc":{"Dur\u00e9e de lecture estim\u00e9e":"1 minute"},"schema":{"@context":"https:\/\/schema.org","@graph":[{"@type":"WebPage","@id":"https:\/\/shop.bantam.ch\/fr\/produit\/isolation-thermique-interieure-camper-vans\/","url":"https:\/\/shop.bantam.ch\/fr\/produit\/isolation-thermique-interieure-camper-vans\/","name":"Isolation thermique int\u00e9rieure Camper Vans - Bantam Wankm\u00fcller SA","isPartOf":{"@id":"https:\/\/shop.bantam.ch\/fr\/#website"},"primaryImageOfPage":{"@id":"https:\/\/shop.bantam.ch\/fr\/produit\/isolation-thermique-interieure-camper-vans\/#primaryimage"},"image":{"@id":"https:\/\/shop.bantam.ch\/fr\/produit\/isolation-thermique-interieure-camper-vans\/#primaryimage"},"thumbnailUrl":"https:\/\/shop.bantam.ch\/wp-content\/uploads\/2023\/02\/994361711.jpg","datePublished":"2023-02-28T06:30:07+00:00","dateModified":"2026-04-19T21:09:45+00:00","breadcrumb":{"@id":"https:\/\/shop.bantam.ch\/fr\/produit\/isolation-thermique-interieure-camper-vans\/#breadcrumb"},"inLanguage":"fr-FR","potentialAction":[{"@type":"ReadAction","target":["https:\/\/shop.bantam.ch\/fr\/produit\/isolation-thermique-interieure-camper-vans\/"]}]},{"@type":"ImageObject","inLanguage":"fr-FR","@id":"https:\/\/shop.bantam.ch\/fr\/produit\/isolation-thermique-interieure-camper-vans\/#primaryimage","url":"https:\/\/shop.bantam.ch\/wp-content\/uploads\/2023\/02\/994361711.jpg","contentUrl":"https:\/\/shop.bantam.ch\/wp-content\/uploads\/2023\/02\/994361711.jpg","width":1000,"height":750},{"@type":"BreadcrumbList","@id":"https:\/\/shop.bantam.ch\/fr\/produit\/isolation-thermique-interieure-camper-vans\/#breadcrumb","itemListElement":[{"@type":"ListItem","position":1,"name":"Accueil","item":"https:\/\/shop.bantam.ch\/fr\/"},{"@type":"ListItem","position":2,"name":"Boutique","item":"https:\/\/shop.bantam.ch\/fr\/boutique\/"},{"@type":"ListItem","position":3,"name":"Isolation thermique int\u00e9rieure Camper Vans"}]},{"@type":"WebSite","@id":"https:\/\/shop.bantam.ch\/fr\/#website","url":"https:\/\/shop.bantam.ch\/fr\/","name":"Bantam Wankm\u00fcller SA","description":"","publisher":{"@id":"https:\/\/shop.bantam.ch\/fr\/#organization"},"inLanguage":"fr-FR"},{"@type":"Organization","@id":"https:\/\/shop.bantam.ch\/fr\/#organization","name":"Bantam Wankm\u00fcller SA","url":"https:\/\/shop.bantam.ch\/fr\/","logo":{"@type":"ImageObject","inLanguage":"fr-FR","@id":"https:\/\/shop.bantam.ch\/fr\/#\/schema\/logo\/image\/","url":"https:\/\/shop.bantam.ch\/wp-content\/uploads\/2022\/12\/bantam-logo.png","contentUrl":"https:\/\/shop.bantam.ch\/wp-content\/uploads\/2022\/12\/bantam-logo.png","width":320,"height":71,"caption":"Bantam Wankm\u00fcller SA"},"image":{"@id":"https:\/\/shop.bantam.ch\/fr\/#\/schema\/logo\/image\/"}}]}},"_links":{"self":[{"href":"https:\/\/shop.bantam.ch\/fr\/wp-json\/wp\/v2\/product\/104321","targetHints":{"allow":["GET"]}}],"collection":[{"href":"https:\/\/shop.bantam.ch\/fr\/wp-json\/wp\/v2\/product"}],"about":[{"href":"https:\/\/shop.bantam.ch\/fr\/wp-json\/wp\/v2\/types\/product"}],"wp:featuredmedia":[{"embeddable":true,"href":"https:\/\/shop.bantam.ch\/fr\/wp-json\/wp\/v2\/media\/104273"}],"wp:attachment":[{"href":"https:\/\/shop.bantam.ch\/fr\/wp-json\/wp\/v2\/media?parent=104321"}],"wp:term":[{"taxonomy":"product_featured_cat","embeddable":true,"href":"https:\/\/shop.bantam.ch\/fr\/wp-json\/wp\/v2\/product_featured_cat?post=104321"},{"taxonomy":"product_brand","embeddable":true,"href":"https:\/\/shop.bantam.ch\/fr\/wp-json\/wp\/v2\/product_brand?post=104321"},{"taxonomy":"product_cat","embeddable":true,"href":"https:\/\/shop.bantam.ch\/fr\/wp-json\/wp\/v2\/product_cat?post=104321"},{"taxonomy":"product_tag","embeddable":true,"href":"https:\/\/shop.bantam.ch\/fr\/wp-json\/wp\/v2\/product_tag?post=104321"}],"curies":[{"name":"wp","href":"https:\/\/api.w.org\/{rel}","templated":true}]}}