{"id":103925,"date":"2023-02-28T07:22:04","date_gmt":"2023-02-28T06:22:04","guid":{"rendered":"http:\/\/shop.bantam.ch\/produit\/detecteur-de-gaz-3-sicur\/"},"modified":"2026-04-21T21:37:08","modified_gmt":"2026-04-21T19:37:08","slug":"detecteur-de-gaz-3-sicur","status":"publish","type":"product","link":"https:\/\/shop.bantam.ch\/fr\/produit\/detecteur-de-gaz-3-sicur\/","title":{"rendered":"D\u00e9tecteur de gaz BRUNNER 3-Sicur"},"content":{"rendered":"<p>Excellent d\u00e9tecteur de gaz pour v\u00e9hicules de loisirs avec capteurs tr\u00e8s sensibles de propane\/butane, monoxyde de carbone et gaz\u00a0KO qui d\u00e9clenche une alarme sonore en cas de besoin. Le calibrage de chaque capteur s\u2019effectue automatiquement. Une batterie tampon int\u00e9gr\u00e9e garantit le bon fonctionnement du syst\u00e8me m\u00eame en cas de panne de courant. Utilisation mobile ou fixe. Avec interrupteur marche\/arr\u00eat, voyants LED et prise ZA 12\u00a0V.<\/p>\n","protected":false},"excerpt":{"rendered":"<p>Excellent d\u00e9tecteur de gaz pour v\u00e9hicules de loisirs avec capteurs tr\u00e8s sensibles de propane\/butane, monoxyde de carbone et gaz\u00a0KO qui d\u00e9clenche une alarme sonore en cas de besoin. Le calibrage de chaque capteur s\u2019effectue automatiquement. Une batterie tampon int\u00e9gr\u00e9e garantit le bon fonctionnement du syst\u00e8me m\u00eame en cas de panne de courant. Utilisation mobile ou [&hellip;]<\/p>\n","protected":false},"featured_media":103923,"template":"","meta":{"_acf_changed":false},"product_featured_cat":[],"product_brand":[3080],"product_cat":[5053],"product_tag":[],"class_list":{"0":"post-103925","1":"product","2":"type-product","3":"status-publish","4":"has-post-thumbnail","6":"product_brand-brunner","7":"product_cat-alarmes-a-gaz","9":"first","10":"instock","11":"taxable","12":"shipping-taxable","13":"purchasable","14":"product-type-simple"},"acf":[],"yoast_head":"<!-- This site is optimized with the Yoast SEO plugin v27.4 - https:\/\/yoast.com\/product\/yoast-seo-wordpress\/ -->\n<title>D\u00e9tecteur de gaz BRUNNER 3-Sicur - Bantam Wankm\u00fcller SA<\/title>\n<meta name=\"robots\" content=\"index, follow, max-snippet:-1, max-image-preview:large, max-video-preview:-1\" \/>\n<link rel=\"canonical\" href=\"https:\/\/shop.bantam.ch\/fr\/produit\/detecteur-de-gaz-3-sicur\/\" \/>\n<meta property=\"og:locale\" content=\"fr_FR\" \/>\n<meta property=\"og:type\" content=\"article\" \/>\n<meta property=\"og:title\" content=\"D\u00e9tecteur de gaz BRUNNER 3-Sicur - Bantam Wankm\u00fcller SA\" \/>\n<meta property=\"og:description\" content=\"Excellent d\u00e9tecteur de gaz pour v\u00e9hicules de loisirs avec capteurs tr\u00e8s sensibles de propane\/butane, monoxyde de carbone et gaz\u00a0KO qui d\u00e9clenche une alarme sonore en cas de besoin. Le calibrage de chaque capteur s\u2019effectue automatiquement. Une batterie tampon int\u00e9gr\u00e9e garantit le bon fonctionnement du syst\u00e8me m\u00eame en cas de panne de courant. Utilisation mobile ou [&hellip;]\" \/>\n<meta property=\"og:url\" content=\"https:\/\/shop.bantam.ch\/fr\/produit\/detecteur-de-gaz-3-sicur\/\" \/>\n<meta property=\"og:site_name\" content=\"Bantam Wankm\u00fcller SA\" \/>\n<meta property=\"article:modified_time\" content=\"2026-04-21T19:37:08+00:00\" \/>\n<meta property=\"og:image\" content=\"https:\/\/shop.bantam.ch\/wp-content\/uploads\/2023\/02\/994376411AQTwoizDNlUR1.jpg\" \/>\n\t<meta property=\"og:image:width\" content=\"1000\" \/>\n\t<meta property=\"og:image:height\" content=\"673\" \/>\n\t<meta property=\"og:image:type\" content=\"image\/jpeg\" \/>\n<meta name=\"twitter:card\" content=\"summary_large_image\" \/>\n<script type=\"application\/ld+json\" class=\"yoast-schema-graph\">{\"@context\":\"https:\\\/\\\/schema.org\",\"@graph\":[{\"@type\":\"WebPage\",\"@id\":\"https:\\\/\\\/shop.bantam.ch\\\/fr\\\/produit\\\/detecteur-de-gaz-3-sicur\\\/\",\"url\":\"https:\\\/\\\/shop.bantam.ch\\\/fr\\\/produit\\\/detecteur-de-gaz-3-sicur\\\/\",\"name\":\"D\u00e9tecteur de gaz BRUNNER 3-Sicur - Bantam Wankm\u00fcller SA\",\"isPartOf\":{\"@id\":\"https:\\\/\\\/shop.bantam.ch\\\/fr\\\/#website\"},\"primaryImageOfPage\":{\"@id\":\"https:\\\/\\\/shop.bantam.ch\\\/fr\\\/produit\\\/detecteur-de-gaz-3-sicur\\\/#primaryimage\"},\"image\":{\"@id\":\"https:\\\/\\\/shop.bantam.ch\\\/fr\\\/produit\\\/detecteur-de-gaz-3-sicur\\\/#primaryimage\"},\"thumbnailUrl\":\"https:\\\/\\\/shop.bantam.ch\\\/wp-content\\\/uploads\\\/2023\\\/02\\\/994376411AQTwoizDNlUR1.jpg\",\"datePublished\":\"2023-02-28T06:22:04+00:00\",\"dateModified\":\"2026-04-21T19:37:08+00:00\",\"breadcrumb\":{\"@id\":\"https:\\\/\\\/shop.bantam.ch\\\/fr\\\/produit\\\/detecteur-de-gaz-3-sicur\\\/#breadcrumb\"},\"inLanguage\":\"fr-FR\",\"potentialAction\":[{\"@type\":\"ReadAction\",\"target\":[\"https:\\\/\\\/shop.bantam.ch\\\/fr\\\/produit\\\/detecteur-de-gaz-3-sicur\\\/\"]}]},{\"@type\":\"ImageObject\",\"inLanguage\":\"fr-FR\",\"@id\":\"https:\\\/\\\/shop.bantam.ch\\\/fr\\\/produit\\\/detecteur-de-gaz-3-sicur\\\/#primaryimage\",\"url\":\"https:\\\/\\\/shop.bantam.ch\\\/wp-content\\\/uploads\\\/2023\\\/02\\\/994376411AQTwoizDNlUR1.jpg\",\"contentUrl\":\"https:\\\/\\\/shop.bantam.ch\\\/wp-content\\\/uploads\\\/2023\\\/02\\\/994376411AQTwoizDNlUR1.jpg\",\"width\":1000,\"height\":673},{\"@type\":\"BreadcrumbList\",\"@id\":\"https:\\\/\\\/shop.bantam.ch\\\/fr\\\/produit\\\/detecteur-de-gaz-3-sicur\\\/#breadcrumb\",\"itemListElement\":[{\"@type\":\"ListItem\",\"position\":1,\"name\":\"Accueil\",\"item\":\"https:\\\/\\\/shop.bantam.ch\\\/fr\\\/\"},{\"@type\":\"ListItem\",\"position\":2,\"name\":\"Boutique\",\"item\":\"https:\\\/\\\/shop.bantam.ch\\\/fr\\\/boutique\\\/\"},{\"@type\":\"ListItem\",\"position\":3,\"name\":\"D\u00e9tecteur de gaz BRUNNER 3-Sicur\"}]},{\"@type\":\"WebSite\",\"@id\":\"https:\\\/\\\/shop.bantam.ch\\\/fr\\\/#website\",\"url\":\"https:\\\/\\\/shop.bantam.ch\\\/fr\\\/\",\"name\":\"Bantam Wankm\u00fcller SA\",\"description\":\"\",\"publisher\":{\"@id\":\"https:\\\/\\\/shop.bantam.ch\\\/fr\\\/#organization\"},\"inLanguage\":\"fr-FR\"},{\"@type\":\"Organization\",\"@id\":\"https:\\\/\\\/shop.bantam.ch\\\/fr\\\/#organization\",\"name\":\"Bantam Wankm\u00fcller SA\",\"url\":\"https:\\\/\\\/shop.bantam.ch\\\/fr\\\/\",\"logo\":{\"@type\":\"ImageObject\",\"inLanguage\":\"fr-FR\",\"@id\":\"https:\\\/\\\/shop.bantam.ch\\\/fr\\\/#\\\/schema\\\/logo\\\/image\\\/\",\"url\":\"https:\\\/\\\/shop.bantam.ch\\\/wp-content\\\/uploads\\\/2022\\\/12\\\/bantam-logo.png\",\"contentUrl\":\"https:\\\/\\\/shop.bantam.ch\\\/wp-content\\\/uploads\\\/2022\\\/12\\\/bantam-logo.png\",\"width\":320,\"height\":71,\"caption\":\"Bantam Wankm\u00fcller SA\"},\"image\":{\"@id\":\"https:\\\/\\\/shop.bantam.ch\\\/fr\\\/#\\\/schema\\\/logo\\\/image\\\/\"}}]}<\/script>\n<!-- \/ Yoast SEO plugin. -->","yoast_head_json":{"title":"D\u00e9tecteur de gaz BRUNNER 3-Sicur - Bantam Wankm\u00fcller SA","robots":{"index":"index","follow":"follow","max-snippet":"max-snippet:-1","max-image-preview":"max-image-preview:large","max-video-preview":"max-video-preview:-1"},"canonical":"https:\/\/shop.bantam.ch\/fr\/produit\/detecteur-de-gaz-3-sicur\/","og_locale":"fr_FR","og_type":"article","og_title":"D\u00e9tecteur de gaz BRUNNER 3-Sicur - Bantam Wankm\u00fcller SA","og_description":"Excellent d\u00e9tecteur de gaz pour v\u00e9hicules de loisirs avec capteurs tr\u00e8s sensibles de propane\/butane, monoxyde de carbone et gaz\u00a0KO qui d\u00e9clenche une alarme sonore en cas de besoin. Le calibrage de chaque capteur s\u2019effectue automatiquement. Une batterie tampon int\u00e9gr\u00e9e garantit le bon fonctionnement du syst\u00e8me m\u00eame en cas de panne de courant. Utilisation mobile ou [&hellip;]","og_url":"https:\/\/shop.bantam.ch\/fr\/produit\/detecteur-de-gaz-3-sicur\/","og_site_name":"Bantam Wankm\u00fcller SA","article_modified_time":"2026-04-21T19:37:08+00:00","og_image":[{"width":1000,"height":673,"url":"https:\/\/shop.bantam.ch\/wp-content\/uploads\/2023\/02\/994376411AQTwoizDNlUR1.jpg","type":"image\/jpeg"}],"twitter_card":"summary_large_image","schema":{"@context":"https:\/\/schema.org","@graph":[{"@type":"WebPage","@id":"https:\/\/shop.bantam.ch\/fr\/produit\/detecteur-de-gaz-3-sicur\/","url":"https:\/\/shop.bantam.ch\/fr\/produit\/detecteur-de-gaz-3-sicur\/","name":"D\u00e9tecteur de gaz BRUNNER 3-Sicur - Bantam Wankm\u00fcller SA","isPartOf":{"@id":"https:\/\/shop.bantam.ch\/fr\/#website"},"primaryImageOfPage":{"@id":"https:\/\/shop.bantam.ch\/fr\/produit\/detecteur-de-gaz-3-sicur\/#primaryimage"},"image":{"@id":"https:\/\/shop.bantam.ch\/fr\/produit\/detecteur-de-gaz-3-sicur\/#primaryimage"},"thumbnailUrl":"https:\/\/shop.bantam.ch\/wp-content\/uploads\/2023\/02\/994376411AQTwoizDNlUR1.jpg","datePublished":"2023-02-28T06:22:04+00:00","dateModified":"2026-04-21T19:37:08+00:00","breadcrumb":{"@id":"https:\/\/shop.bantam.ch\/fr\/produit\/detecteur-de-gaz-3-sicur\/#breadcrumb"},"inLanguage":"fr-FR","potentialAction":[{"@type":"ReadAction","target":["https:\/\/shop.bantam.ch\/fr\/produit\/detecteur-de-gaz-3-sicur\/"]}]},{"@type":"ImageObject","inLanguage":"fr-FR","@id":"https:\/\/shop.bantam.ch\/fr\/produit\/detecteur-de-gaz-3-sicur\/#primaryimage","url":"https:\/\/shop.bantam.ch\/wp-content\/uploads\/2023\/02\/994376411AQTwoizDNlUR1.jpg","contentUrl":"https:\/\/shop.bantam.ch\/wp-content\/uploads\/2023\/02\/994376411AQTwoizDNlUR1.jpg","width":1000,"height":673},{"@type":"BreadcrumbList","@id":"https:\/\/shop.bantam.ch\/fr\/produit\/detecteur-de-gaz-3-sicur\/#breadcrumb","itemListElement":[{"@type":"ListItem","position":1,"name":"Accueil","item":"https:\/\/shop.bantam.ch\/fr\/"},{"@type":"ListItem","position":2,"name":"Boutique","item":"https:\/\/shop.bantam.ch\/fr\/boutique\/"},{"@type":"ListItem","position":3,"name":"D\u00e9tecteur de gaz BRUNNER 3-Sicur"}]},{"@type":"WebSite","@id":"https:\/\/shop.bantam.ch\/fr\/#website","url":"https:\/\/shop.bantam.ch\/fr\/","name":"Bantam Wankm\u00fcller SA","description":"","publisher":{"@id":"https:\/\/shop.bantam.ch\/fr\/#organization"},"inLanguage":"fr-FR"},{"@type":"Organization","@id":"https:\/\/shop.bantam.ch\/fr\/#organization","name":"Bantam Wankm\u00fcller SA","url":"https:\/\/shop.bantam.ch\/fr\/","logo":{"@type":"ImageObject","inLanguage":"fr-FR","@id":"https:\/\/shop.bantam.ch\/fr\/#\/schema\/logo\/image\/","url":"https:\/\/shop.bantam.ch\/wp-content\/uploads\/2022\/12\/bantam-logo.png","contentUrl":"https:\/\/shop.bantam.ch\/wp-content\/uploads\/2022\/12\/bantam-logo.png","width":320,"height":71,"caption":"Bantam Wankm\u00fcller SA"},"image":{"@id":"https:\/\/shop.bantam.ch\/fr\/#\/schema\/logo\/image\/"}}]}},"_links":{"self":[{"href":"https:\/\/shop.bantam.ch\/fr\/wp-json\/wp\/v2\/product\/103925","targetHints":{"allow":["GET"]}}],"collection":[{"href":"https:\/\/shop.bantam.ch\/fr\/wp-json\/wp\/v2\/product"}],"about":[{"href":"https:\/\/shop.bantam.ch\/fr\/wp-json\/wp\/v2\/types\/product"}],"wp:featuredmedia":[{"embeddable":true,"href":"https:\/\/shop.bantam.ch\/fr\/wp-json\/wp\/v2\/media\/103923"}],"wp:attachment":[{"href":"https:\/\/shop.bantam.ch\/fr\/wp-json\/wp\/v2\/media?parent=103925"}],"wp:term":[{"taxonomy":"product_featured_cat","embeddable":true,"href":"https:\/\/shop.bantam.ch\/fr\/wp-json\/wp\/v2\/product_featured_cat?post=103925"},{"taxonomy":"product_brand","embeddable":true,"href":"https:\/\/shop.bantam.ch\/fr\/wp-json\/wp\/v2\/product_brand?post=103925"},{"taxonomy":"product_cat","embeddable":true,"href":"https:\/\/shop.bantam.ch\/fr\/wp-json\/wp\/v2\/product_cat?post=103925"},{"taxonomy":"product_tag","embeddable":true,"href":"https:\/\/shop.bantam.ch\/fr\/wp-json\/wp\/v2\/product_tag?post=103925"}],"curies":[{"name":"wp","href":"https:\/\/api.w.org\/{rel}","templated":true}]}}