{"id":103809,"date":"2023-02-28T07:19:46","date_gmt":"2023-02-28T06:19:46","guid":{"rendered":"http:\/\/shop.bantam.ch\/produit\/chauffage-au-gaz-electrique-heat-air-6-gte\/"},"modified":"2026-04-18T21:36:59","modified_gmt":"2026-04-18T19:36:59","slug":"chauffage-au-gaz-electrique-heat-air-6-gte","status":"publish","type":"product","link":"https:\/\/shop.bantam.ch\/fr\/produit\/chauffage-au-gaz-electrique-heat-air-6-gte\/","title":{"rendered":"Chauffage au gaz Webasto Heat Air 6 GTE"},"content":{"rendered":"<p>Whale lance une nouvelle famille innovante de chauffages Heat Air adapt\u00e9s aux camper vans, aux caravanes et aux camping-cars. Gr\u00e2ce \u00e0 leur installation sous le plancher, ces chauffages offrent plus d&rsquo;espace dans le v\u00e9hicule, un confort suppl\u00e9mentaire et un fonctionnement silencieux, afin que vous puissiez vous d\u00e9tendre. Les chauffages Whale Heat Air sont disponibles en diff\u00e9rents mod\u00e8les de chauffages au gaz\/\u00e9lectriques. Chaque mod\u00e8le module la puissance de chauffage en trois niveaux et offre ainsi la chaleur optimale pour une sensation de bien-\u00eatre. Ces chauffages compacts et l\u00e9gers offrent des possibilit\u00e9s uniques gr\u00e2ce \u00e0 l&rsquo;installation sous le plancher. Vous disposez donc de plus de libert\u00e9 pour l&rsquo;am\u00e9nagement du v\u00e9hicule. La commande intuitive permet de contr\u00f4ler facilement les dispositifs de chauffage.<\/p>\n<p>Les principaux avantages des chauffages Heat Air\u00a0:<\/p>\n<ul>\n<li>Facile \u00e0 installer<\/li>\n<li>Plus de place dans le v\u00e9hicule<\/li>\n<li>Temps de chauffage plus rapides<\/li>\n<li>Mode nuit silencieux<\/li>\n<li>facile \u00e0 commander<\/li>\n<\/ul>\n","protected":false},"excerpt":{"rendered":"<p>Whale lance une nouvelle famille innovante de chauffages Heat Air adapt\u00e9s aux camper vans, aux caravanes et aux camping-cars. Gr\u00e2ce \u00e0 leur installation sous le plancher, ces chauffages offrent plus d&rsquo;espace dans le v\u00e9hicule, un confort suppl\u00e9mentaire et un fonctionnement silencieux, afin que vous puissiez vous d\u00e9tendre. Les chauffages Whale Heat Air sont disponibles en [&hellip;]<\/p>\n","protected":false},"featured_media":103807,"template":"","meta":{"_acf_changed":false},"product_featured_cat":[],"product_brand":[3284],"product_cat":[4537,4541],"product_tag":[],"class_list":{"0":"post-103809","1":"product","2":"type-product","3":"status-publish","4":"has-post-thumbnail","6":"product_brand-webasto","7":"product_cat-chauffages-au-gaz","8":"product_cat-chauffages-electriques","10":"first","11":"instock","12":"taxable","13":"shipping-taxable","14":"purchasable","15":"product-type-simple"},"acf":[],"yoast_head":"<!-- This site is optimized with the Yoast SEO plugin v27.4 - https:\/\/yoast.com\/product\/yoast-seo-wordpress\/ -->\n<title>Chauffage au gaz Webasto Heat Air 6 GTE - Bantam Wankm\u00fcller SA<\/title>\n<meta name=\"robots\" content=\"index, follow, max-snippet:-1, max-image-preview:large, max-video-preview:-1\" \/>\n<link rel=\"canonical\" href=\"https:\/\/shop.bantam.ch\/fr\/produit\/chauffage-au-gaz-electrique-heat-air-6-gte\/\" \/>\n<meta property=\"og:locale\" content=\"fr_FR\" \/>\n<meta property=\"og:type\" content=\"article\" \/>\n<meta property=\"og:title\" content=\"Chauffage au gaz Webasto Heat Air 6 GTE - Bantam Wankm\u00fcller SA\" \/>\n<meta property=\"og:description\" content=\"Whale lance une nouvelle famille innovante de chauffages Heat Air adapt\u00e9s aux camper vans, aux caravanes et aux camping-cars. Gr\u00e2ce \u00e0 leur installation sous le plancher, ces chauffages offrent plus d&rsquo;espace dans le v\u00e9hicule, un confort suppl\u00e9mentaire et un fonctionnement silencieux, afin que vous puissiez vous d\u00e9tendre. Les chauffages Whale Heat Air sont disponibles en [&hellip;]\" \/>\n<meta property=\"og:url\" content=\"https:\/\/shop.bantam.ch\/fr\/produit\/chauffage-au-gaz-electrique-heat-air-6-gte\/\" \/>\n<meta property=\"og:site_name\" content=\"Bantam Wankm\u00fcller SA\" \/>\n<meta property=\"article:modified_time\" content=\"2026-04-18T19:36:59+00:00\" \/>\n<meta property=\"og:image\" content=\"https:\/\/shop.bantam.ch\/wp-content\/uploads\/2023\/02\/995691212-1.jpg\" \/>\n\t<meta property=\"og:image:width\" content=\"1000\" \/>\n\t<meta property=\"og:image:height\" content=\"651\" \/>\n\t<meta property=\"og:image:type\" content=\"image\/jpeg\" \/>\n<meta name=\"twitter:card\" content=\"summary_large_image\" \/>\n<meta name=\"twitter:label1\" content=\"Dur\u00e9e de lecture estim\u00e9e\" \/>\n\t<meta name=\"twitter:data1\" content=\"1 minute\" \/>\n<script type=\"application\/ld+json\" class=\"yoast-schema-graph\">{\"@context\":\"https:\\\/\\\/schema.org\",\"@graph\":[{\"@type\":\"WebPage\",\"@id\":\"https:\\\/\\\/shop.bantam.ch\\\/fr\\\/produit\\\/chauffage-au-gaz-electrique-heat-air-6-gte\\\/\",\"url\":\"https:\\\/\\\/shop.bantam.ch\\\/fr\\\/produit\\\/chauffage-au-gaz-electrique-heat-air-6-gte\\\/\",\"name\":\"Chauffage au gaz Webasto Heat Air 6 GTE - Bantam Wankm\u00fcller SA\",\"isPartOf\":{\"@id\":\"https:\\\/\\\/shop.bantam.ch\\\/fr\\\/#website\"},\"primaryImageOfPage\":{\"@id\":\"https:\\\/\\\/shop.bantam.ch\\\/fr\\\/produit\\\/chauffage-au-gaz-electrique-heat-air-6-gte\\\/#primaryimage\"},\"image\":{\"@id\":\"https:\\\/\\\/shop.bantam.ch\\\/fr\\\/produit\\\/chauffage-au-gaz-electrique-heat-air-6-gte\\\/#primaryimage\"},\"thumbnailUrl\":\"https:\\\/\\\/shop.bantam.ch\\\/wp-content\\\/uploads\\\/2023\\\/02\\\/995691212-1.jpg\",\"datePublished\":\"2023-02-28T06:19:46+00:00\",\"dateModified\":\"2026-04-18T19:36:59+00:00\",\"breadcrumb\":{\"@id\":\"https:\\\/\\\/shop.bantam.ch\\\/fr\\\/produit\\\/chauffage-au-gaz-electrique-heat-air-6-gte\\\/#breadcrumb\"},\"inLanguage\":\"fr-FR\",\"potentialAction\":[{\"@type\":\"ReadAction\",\"target\":[\"https:\\\/\\\/shop.bantam.ch\\\/fr\\\/produit\\\/chauffage-au-gaz-electrique-heat-air-6-gte\\\/\"]}]},{\"@type\":\"ImageObject\",\"inLanguage\":\"fr-FR\",\"@id\":\"https:\\\/\\\/shop.bantam.ch\\\/fr\\\/produit\\\/chauffage-au-gaz-electrique-heat-air-6-gte\\\/#primaryimage\",\"url\":\"https:\\\/\\\/shop.bantam.ch\\\/wp-content\\\/uploads\\\/2023\\\/02\\\/995691212-1.jpg\",\"contentUrl\":\"https:\\\/\\\/shop.bantam.ch\\\/wp-content\\\/uploads\\\/2023\\\/02\\\/995691212-1.jpg\",\"width\":1000,\"height\":651},{\"@type\":\"BreadcrumbList\",\"@id\":\"https:\\\/\\\/shop.bantam.ch\\\/fr\\\/produit\\\/chauffage-au-gaz-electrique-heat-air-6-gte\\\/#breadcrumb\",\"itemListElement\":[{\"@type\":\"ListItem\",\"position\":1,\"name\":\"Accueil\",\"item\":\"https:\\\/\\\/shop.bantam.ch\\\/fr\\\/\"},{\"@type\":\"ListItem\",\"position\":2,\"name\":\"Boutique\",\"item\":\"https:\\\/\\\/shop.bantam.ch\\\/fr\\\/boutique\\\/\"},{\"@type\":\"ListItem\",\"position\":3,\"name\":\"Chauffage au gaz Webasto Heat Air 6 GTE\"}]},{\"@type\":\"WebSite\",\"@id\":\"https:\\\/\\\/shop.bantam.ch\\\/fr\\\/#website\",\"url\":\"https:\\\/\\\/shop.bantam.ch\\\/fr\\\/\",\"name\":\"Bantam Wankm\u00fcller SA\",\"description\":\"\",\"publisher\":{\"@id\":\"https:\\\/\\\/shop.bantam.ch\\\/fr\\\/#organization\"},\"inLanguage\":\"fr-FR\"},{\"@type\":\"Organization\",\"@id\":\"https:\\\/\\\/shop.bantam.ch\\\/fr\\\/#organization\",\"name\":\"Bantam Wankm\u00fcller SA\",\"url\":\"https:\\\/\\\/shop.bantam.ch\\\/fr\\\/\",\"logo\":{\"@type\":\"ImageObject\",\"inLanguage\":\"fr-FR\",\"@id\":\"https:\\\/\\\/shop.bantam.ch\\\/fr\\\/#\\\/schema\\\/logo\\\/image\\\/\",\"url\":\"https:\\\/\\\/shop.bantam.ch\\\/wp-content\\\/uploads\\\/2022\\\/12\\\/bantam-logo.png\",\"contentUrl\":\"https:\\\/\\\/shop.bantam.ch\\\/wp-content\\\/uploads\\\/2022\\\/12\\\/bantam-logo.png\",\"width\":320,\"height\":71,\"caption\":\"Bantam Wankm\u00fcller SA\"},\"image\":{\"@id\":\"https:\\\/\\\/shop.bantam.ch\\\/fr\\\/#\\\/schema\\\/logo\\\/image\\\/\"}}]}<\/script>\n<!-- \/ Yoast SEO plugin. -->","yoast_head_json":{"title":"Chauffage au gaz Webasto Heat Air 6 GTE - Bantam Wankm\u00fcller SA","robots":{"index":"index","follow":"follow","max-snippet":"max-snippet:-1","max-image-preview":"max-image-preview:large","max-video-preview":"max-video-preview:-1"},"canonical":"https:\/\/shop.bantam.ch\/fr\/produit\/chauffage-au-gaz-electrique-heat-air-6-gte\/","og_locale":"fr_FR","og_type":"article","og_title":"Chauffage au gaz Webasto Heat Air 6 GTE - Bantam Wankm\u00fcller SA","og_description":"Whale lance une nouvelle famille innovante de chauffages Heat Air adapt\u00e9s aux camper vans, aux caravanes et aux camping-cars. Gr\u00e2ce \u00e0 leur installation sous le plancher, ces chauffages offrent plus d&rsquo;espace dans le v\u00e9hicule, un confort suppl\u00e9mentaire et un fonctionnement silencieux, afin que vous puissiez vous d\u00e9tendre. Les chauffages Whale Heat Air sont disponibles en [&hellip;]","og_url":"https:\/\/shop.bantam.ch\/fr\/produit\/chauffage-au-gaz-electrique-heat-air-6-gte\/","og_site_name":"Bantam Wankm\u00fcller SA","article_modified_time":"2026-04-18T19:36:59+00:00","og_image":[{"width":1000,"height":651,"url":"https:\/\/shop.bantam.ch\/wp-content\/uploads\/2023\/02\/995691212-1.jpg","type":"image\/jpeg"}],"twitter_card":"summary_large_image","twitter_misc":{"Dur\u00e9e de lecture estim\u00e9e":"1 minute"},"schema":{"@context":"https:\/\/schema.org","@graph":[{"@type":"WebPage","@id":"https:\/\/shop.bantam.ch\/fr\/produit\/chauffage-au-gaz-electrique-heat-air-6-gte\/","url":"https:\/\/shop.bantam.ch\/fr\/produit\/chauffage-au-gaz-electrique-heat-air-6-gte\/","name":"Chauffage au gaz Webasto Heat Air 6 GTE - Bantam Wankm\u00fcller SA","isPartOf":{"@id":"https:\/\/shop.bantam.ch\/fr\/#website"},"primaryImageOfPage":{"@id":"https:\/\/shop.bantam.ch\/fr\/produit\/chauffage-au-gaz-electrique-heat-air-6-gte\/#primaryimage"},"image":{"@id":"https:\/\/shop.bantam.ch\/fr\/produit\/chauffage-au-gaz-electrique-heat-air-6-gte\/#primaryimage"},"thumbnailUrl":"https:\/\/shop.bantam.ch\/wp-content\/uploads\/2023\/02\/995691212-1.jpg","datePublished":"2023-02-28T06:19:46+00:00","dateModified":"2026-04-18T19:36:59+00:00","breadcrumb":{"@id":"https:\/\/shop.bantam.ch\/fr\/produit\/chauffage-au-gaz-electrique-heat-air-6-gte\/#breadcrumb"},"inLanguage":"fr-FR","potentialAction":[{"@type":"ReadAction","target":["https:\/\/shop.bantam.ch\/fr\/produit\/chauffage-au-gaz-electrique-heat-air-6-gte\/"]}]},{"@type":"ImageObject","inLanguage":"fr-FR","@id":"https:\/\/shop.bantam.ch\/fr\/produit\/chauffage-au-gaz-electrique-heat-air-6-gte\/#primaryimage","url":"https:\/\/shop.bantam.ch\/wp-content\/uploads\/2023\/02\/995691212-1.jpg","contentUrl":"https:\/\/shop.bantam.ch\/wp-content\/uploads\/2023\/02\/995691212-1.jpg","width":1000,"height":651},{"@type":"BreadcrumbList","@id":"https:\/\/shop.bantam.ch\/fr\/produit\/chauffage-au-gaz-electrique-heat-air-6-gte\/#breadcrumb","itemListElement":[{"@type":"ListItem","position":1,"name":"Accueil","item":"https:\/\/shop.bantam.ch\/fr\/"},{"@type":"ListItem","position":2,"name":"Boutique","item":"https:\/\/shop.bantam.ch\/fr\/boutique\/"},{"@type":"ListItem","position":3,"name":"Chauffage au gaz Webasto Heat Air 6 GTE"}]},{"@type":"WebSite","@id":"https:\/\/shop.bantam.ch\/fr\/#website","url":"https:\/\/shop.bantam.ch\/fr\/","name":"Bantam Wankm\u00fcller SA","description":"","publisher":{"@id":"https:\/\/shop.bantam.ch\/fr\/#organization"},"inLanguage":"fr-FR"},{"@type":"Organization","@id":"https:\/\/shop.bantam.ch\/fr\/#organization","name":"Bantam Wankm\u00fcller SA","url":"https:\/\/shop.bantam.ch\/fr\/","logo":{"@type":"ImageObject","inLanguage":"fr-FR","@id":"https:\/\/shop.bantam.ch\/fr\/#\/schema\/logo\/image\/","url":"https:\/\/shop.bantam.ch\/wp-content\/uploads\/2022\/12\/bantam-logo.png","contentUrl":"https:\/\/shop.bantam.ch\/wp-content\/uploads\/2022\/12\/bantam-logo.png","width":320,"height":71,"caption":"Bantam Wankm\u00fcller SA"},"image":{"@id":"https:\/\/shop.bantam.ch\/fr\/#\/schema\/logo\/image\/"}}]}},"_links":{"self":[{"href":"https:\/\/shop.bantam.ch\/fr\/wp-json\/wp\/v2\/product\/103809","targetHints":{"allow":["GET"]}}],"collection":[{"href":"https:\/\/shop.bantam.ch\/fr\/wp-json\/wp\/v2\/product"}],"about":[{"href":"https:\/\/shop.bantam.ch\/fr\/wp-json\/wp\/v2\/types\/product"}],"wp:featuredmedia":[{"embeddable":true,"href":"https:\/\/shop.bantam.ch\/fr\/wp-json\/wp\/v2\/media\/103807"}],"wp:attachment":[{"href":"https:\/\/shop.bantam.ch\/fr\/wp-json\/wp\/v2\/media?parent=103809"}],"wp:term":[{"taxonomy":"product_featured_cat","embeddable":true,"href":"https:\/\/shop.bantam.ch\/fr\/wp-json\/wp\/v2\/product_featured_cat?post=103809"},{"taxonomy":"product_brand","embeddable":true,"href":"https:\/\/shop.bantam.ch\/fr\/wp-json\/wp\/v2\/product_brand?post=103809"},{"taxonomy":"product_cat","embeddable":true,"href":"https:\/\/shop.bantam.ch\/fr\/wp-json\/wp\/v2\/product_cat?post=103809"},{"taxonomy":"product_tag","embeddable":true,"href":"https:\/\/shop.bantam.ch\/fr\/wp-json\/wp\/v2\/product_tag?post=103809"}],"curies":[{"name":"wp","href":"https:\/\/api.w.org\/{rel}","templated":true}]}}