{"id":103657,"date":"2023-02-28T07:17:05","date_gmt":"2023-02-28T06:17:05","guid":{"rendered":"http:\/\/shop.bantam.ch\/produit\/installation-solaire-caravan-kit-base-camp-aero-2\/"},"modified":"2026-04-21T21:36:46","modified_gmt":"2026-04-21T19:36:46","slug":"installation-solaire-caravan-kit-base-camp-aero-2","status":"publish","type":"product","link":"https:\/\/shop.bantam.ch\/fr\/produit\/installation-solaire-caravan-kit-base-camp-aero-2\/","title":{"rendered":"Installation solaire Phaesun Caravan Kit Base Camp Perfect CML20 240 W \/ 12 V"},"content":{"rendered":"<p>Installations solaires avec modules solaires monocristallins Sun Plus \u00e0 usage professionnel pour v\u00e9hicules de loisirs. Le cadre en aluminium anodis\u00e9 \u00e0 double paroi, le panneau en verre solaire r\u00e9sistant et la bo\u00eete de jonction de haute qualit\u00e9 garantissent une installation et une utilisation s\u00fbres. Des r\u00e9gulateurs de charge, des composants de collage et d&rsquo;assemblage de haute qualit\u00e9 compl\u00e8tent les syst\u00e8mes pour devenir des fournisseurs d&rsquo;\u00e9nergie efficaces \u00e0 un rapport qualit\u00e9 \/ prix optimal.<\/p>\n<p>Contenu de la livraison :<br \/>2 modules solaires 12 V, 120W<br \/> 1 r\u00e9gulateur de charge 20 A<br \/>2 paires de d\u00e9flecteurs<br \/>C\u00e2ble de rallonge de module avec connecteurs de 5 m<br \/>1 paires d\u2019adaptateurs 1 c\u00e2ble de batterie avec fusible int\u00e9gr\u00e9<br \/>1 sortie de toit blanche<br \/>1 cartouche adh\u00e9sif Tec7<br \/>1 cleaner Tec7<\/p>\n","protected":false},"excerpt":{"rendered":"<p>Installations solaires avec modules solaires monocristallins Sun Plus \u00e0 usage professionnel pour v\u00e9hicules de loisirs. Le cadre en aluminium anodis\u00e9 \u00e0 double paroi, le panneau en verre solaire r\u00e9sistant et la bo\u00eete de jonction de haute qualit\u00e9 garantissent une installation et une utilisation s\u00fbres. Des r\u00e9gulateurs de charge, des composants de collage et d&rsquo;assemblage de [&hellip;]<\/p>\n","protected":false},"featured_media":103655,"template":"","meta":{"_acf_changed":false},"product_featured_cat":[],"product_brand":[3320],"product_cat":[4879],"product_tag":[],"class_list":{"0":"post-103657","1":"product","2":"type-product","3":"status-publish","4":"has-post-thumbnail","6":"product_brand-phaesun","7":"product_cat-kits-solaires","9":"first","10":"instock","11":"taxable","12":"shipping-taxable","13":"purchasable","14":"product-type-simple"},"acf":[],"yoast_head":"<!-- This site is optimized with the Yoast SEO plugin v27.4 - https:\/\/yoast.com\/product\/yoast-seo-wordpress\/ -->\n<title>Installation solaire Phaesun Caravan Kit Base Camp Perfect CML20 240 W \/ 12 V - Bantam Wankm\u00fcller SA<\/title>\n<meta name=\"robots\" content=\"index, follow, max-snippet:-1, max-image-preview:large, max-video-preview:-1\" \/>\n<link rel=\"canonical\" href=\"https:\/\/shop.bantam.ch\/fr\/produit\/installation-solaire-caravan-kit-base-camp-aero-2\/\" \/>\n<meta property=\"og:locale\" content=\"fr_FR\" \/>\n<meta property=\"og:type\" content=\"article\" \/>\n<meta property=\"og:title\" content=\"Installation solaire Phaesun Caravan Kit Base Camp Perfect CML20 240 W \/ 12 V - Bantam Wankm\u00fcller SA\" \/>\n<meta property=\"og:description\" content=\"Installations solaires avec modules solaires monocristallins Sun Plus \u00e0 usage professionnel pour v\u00e9hicules de loisirs. Le cadre en aluminium anodis\u00e9 \u00e0 double paroi, le panneau en verre solaire r\u00e9sistant et la bo\u00eete de jonction de haute qualit\u00e9 garantissent une installation et une utilisation s\u00fbres. Des r\u00e9gulateurs de charge, des composants de collage et d&rsquo;assemblage de [&hellip;]\" \/>\n<meta property=\"og:url\" content=\"https:\/\/shop.bantam.ch\/fr\/produit\/installation-solaire-caravan-kit-base-camp-aero-2\/\" \/>\n<meta property=\"og:site_name\" content=\"Bantam Wankm\u00fcller SA\" \/>\n<meta property=\"article:modified_time\" content=\"2026-04-21T19:36:46+00:00\" \/>\n<meta property=\"og:image\" content=\"https:\/\/shop.bantam.ch\/wp-content\/uploads\/2023\/02\/996067811.jpg\" \/>\n\t<meta property=\"og:image:width\" content=\"758\" \/>\n\t<meta property=\"og:image:height\" content=\"1000\" \/>\n\t<meta property=\"og:image:type\" content=\"image\/jpeg\" \/>\n<meta name=\"twitter:card\" content=\"summary_large_image\" \/>\n<meta name=\"twitter:label1\" content=\"Dur\u00e9e de lecture estim\u00e9e\" \/>\n\t<meta name=\"twitter:data1\" content=\"1 minute\" \/>\n<script type=\"application\/ld+json\" class=\"yoast-schema-graph\">{\"@context\":\"https:\\\/\\\/schema.org\",\"@graph\":[{\"@type\":\"WebPage\",\"@id\":\"https:\\\/\\\/shop.bantam.ch\\\/fr\\\/produit\\\/installation-solaire-caravan-kit-base-camp-aero-2\\\/\",\"url\":\"https:\\\/\\\/shop.bantam.ch\\\/fr\\\/produit\\\/installation-solaire-caravan-kit-base-camp-aero-2\\\/\",\"name\":\"Installation solaire Phaesun Caravan Kit Base Camp Perfect CML20 240 W \\\/ 12 V - Bantam Wankm\u00fcller SA\",\"isPartOf\":{\"@id\":\"https:\\\/\\\/shop.bantam.ch\\\/fr\\\/#website\"},\"primaryImageOfPage\":{\"@id\":\"https:\\\/\\\/shop.bantam.ch\\\/fr\\\/produit\\\/installation-solaire-caravan-kit-base-camp-aero-2\\\/#primaryimage\"},\"image\":{\"@id\":\"https:\\\/\\\/shop.bantam.ch\\\/fr\\\/produit\\\/installation-solaire-caravan-kit-base-camp-aero-2\\\/#primaryimage\"},\"thumbnailUrl\":\"https:\\\/\\\/shop.bantam.ch\\\/wp-content\\\/uploads\\\/2023\\\/02\\\/996067811.jpg\",\"datePublished\":\"2023-02-28T06:17:05+00:00\",\"dateModified\":\"2026-04-21T19:36:46+00:00\",\"breadcrumb\":{\"@id\":\"https:\\\/\\\/shop.bantam.ch\\\/fr\\\/produit\\\/installation-solaire-caravan-kit-base-camp-aero-2\\\/#breadcrumb\"},\"inLanguage\":\"fr-FR\",\"potentialAction\":[{\"@type\":\"ReadAction\",\"target\":[\"https:\\\/\\\/shop.bantam.ch\\\/fr\\\/produit\\\/installation-solaire-caravan-kit-base-camp-aero-2\\\/\"]}]},{\"@type\":\"ImageObject\",\"inLanguage\":\"fr-FR\",\"@id\":\"https:\\\/\\\/shop.bantam.ch\\\/fr\\\/produit\\\/installation-solaire-caravan-kit-base-camp-aero-2\\\/#primaryimage\",\"url\":\"https:\\\/\\\/shop.bantam.ch\\\/wp-content\\\/uploads\\\/2023\\\/02\\\/996067811.jpg\",\"contentUrl\":\"https:\\\/\\\/shop.bantam.ch\\\/wp-content\\\/uploads\\\/2023\\\/02\\\/996067811.jpg\",\"width\":758,\"height\":1000},{\"@type\":\"BreadcrumbList\",\"@id\":\"https:\\\/\\\/shop.bantam.ch\\\/fr\\\/produit\\\/installation-solaire-caravan-kit-base-camp-aero-2\\\/#breadcrumb\",\"itemListElement\":[{\"@type\":\"ListItem\",\"position\":1,\"name\":\"Accueil\",\"item\":\"https:\\\/\\\/shop.bantam.ch\\\/fr\\\/\"},{\"@type\":\"ListItem\",\"position\":2,\"name\":\"Boutique\",\"item\":\"https:\\\/\\\/shop.bantam.ch\\\/fr\\\/boutique\\\/\"},{\"@type\":\"ListItem\",\"position\":3,\"name\":\"Installation solaire Phaesun Caravan Kit Base Camp Perfect CML20 240 W \\\/ 12 V\"}]},{\"@type\":\"WebSite\",\"@id\":\"https:\\\/\\\/shop.bantam.ch\\\/fr\\\/#website\",\"url\":\"https:\\\/\\\/shop.bantam.ch\\\/fr\\\/\",\"name\":\"Bantam Wankm\u00fcller SA\",\"description\":\"\",\"publisher\":{\"@id\":\"https:\\\/\\\/shop.bantam.ch\\\/fr\\\/#organization\"},\"inLanguage\":\"fr-FR\"},{\"@type\":\"Organization\",\"@id\":\"https:\\\/\\\/shop.bantam.ch\\\/fr\\\/#organization\",\"name\":\"Bantam Wankm\u00fcller SA\",\"url\":\"https:\\\/\\\/shop.bantam.ch\\\/fr\\\/\",\"logo\":{\"@type\":\"ImageObject\",\"inLanguage\":\"fr-FR\",\"@id\":\"https:\\\/\\\/shop.bantam.ch\\\/fr\\\/#\\\/schema\\\/logo\\\/image\\\/\",\"url\":\"https:\\\/\\\/shop.bantam.ch\\\/wp-content\\\/uploads\\\/2022\\\/12\\\/bantam-logo.png\",\"contentUrl\":\"https:\\\/\\\/shop.bantam.ch\\\/wp-content\\\/uploads\\\/2022\\\/12\\\/bantam-logo.png\",\"width\":320,\"height\":71,\"caption\":\"Bantam Wankm\u00fcller SA\"},\"image\":{\"@id\":\"https:\\\/\\\/shop.bantam.ch\\\/fr\\\/#\\\/schema\\\/logo\\\/image\\\/\"}}]}<\/script>\n<!-- \/ Yoast SEO plugin. -->","yoast_head_json":{"title":"Installation solaire Phaesun Caravan Kit Base Camp Perfect CML20 240 W \/ 12 V - Bantam Wankm\u00fcller SA","robots":{"index":"index","follow":"follow","max-snippet":"max-snippet:-1","max-image-preview":"max-image-preview:large","max-video-preview":"max-video-preview:-1"},"canonical":"https:\/\/shop.bantam.ch\/fr\/produit\/installation-solaire-caravan-kit-base-camp-aero-2\/","og_locale":"fr_FR","og_type":"article","og_title":"Installation solaire Phaesun Caravan Kit Base Camp Perfect CML20 240 W \/ 12 V - Bantam Wankm\u00fcller SA","og_description":"Installations solaires avec modules solaires monocristallins Sun Plus \u00e0 usage professionnel pour v\u00e9hicules de loisirs. Le cadre en aluminium anodis\u00e9 \u00e0 double paroi, le panneau en verre solaire r\u00e9sistant et la bo\u00eete de jonction de haute qualit\u00e9 garantissent une installation et une utilisation s\u00fbres. Des r\u00e9gulateurs de charge, des composants de collage et d&rsquo;assemblage de [&hellip;]","og_url":"https:\/\/shop.bantam.ch\/fr\/produit\/installation-solaire-caravan-kit-base-camp-aero-2\/","og_site_name":"Bantam Wankm\u00fcller SA","article_modified_time":"2026-04-21T19:36:46+00:00","og_image":[{"width":758,"height":1000,"url":"https:\/\/shop.bantam.ch\/wp-content\/uploads\/2023\/02\/996067811.jpg","type":"image\/jpeg"}],"twitter_card":"summary_large_image","twitter_misc":{"Dur\u00e9e de lecture estim\u00e9e":"1 minute"},"schema":{"@context":"https:\/\/schema.org","@graph":[{"@type":"WebPage","@id":"https:\/\/shop.bantam.ch\/fr\/produit\/installation-solaire-caravan-kit-base-camp-aero-2\/","url":"https:\/\/shop.bantam.ch\/fr\/produit\/installation-solaire-caravan-kit-base-camp-aero-2\/","name":"Installation solaire Phaesun Caravan Kit Base Camp Perfect CML20 240 W \/ 12 V - Bantam Wankm\u00fcller SA","isPartOf":{"@id":"https:\/\/shop.bantam.ch\/fr\/#website"},"primaryImageOfPage":{"@id":"https:\/\/shop.bantam.ch\/fr\/produit\/installation-solaire-caravan-kit-base-camp-aero-2\/#primaryimage"},"image":{"@id":"https:\/\/shop.bantam.ch\/fr\/produit\/installation-solaire-caravan-kit-base-camp-aero-2\/#primaryimage"},"thumbnailUrl":"https:\/\/shop.bantam.ch\/wp-content\/uploads\/2023\/02\/996067811.jpg","datePublished":"2023-02-28T06:17:05+00:00","dateModified":"2026-04-21T19:36:46+00:00","breadcrumb":{"@id":"https:\/\/shop.bantam.ch\/fr\/produit\/installation-solaire-caravan-kit-base-camp-aero-2\/#breadcrumb"},"inLanguage":"fr-FR","potentialAction":[{"@type":"ReadAction","target":["https:\/\/shop.bantam.ch\/fr\/produit\/installation-solaire-caravan-kit-base-camp-aero-2\/"]}]},{"@type":"ImageObject","inLanguage":"fr-FR","@id":"https:\/\/shop.bantam.ch\/fr\/produit\/installation-solaire-caravan-kit-base-camp-aero-2\/#primaryimage","url":"https:\/\/shop.bantam.ch\/wp-content\/uploads\/2023\/02\/996067811.jpg","contentUrl":"https:\/\/shop.bantam.ch\/wp-content\/uploads\/2023\/02\/996067811.jpg","width":758,"height":1000},{"@type":"BreadcrumbList","@id":"https:\/\/shop.bantam.ch\/fr\/produit\/installation-solaire-caravan-kit-base-camp-aero-2\/#breadcrumb","itemListElement":[{"@type":"ListItem","position":1,"name":"Accueil","item":"https:\/\/shop.bantam.ch\/fr\/"},{"@type":"ListItem","position":2,"name":"Boutique","item":"https:\/\/shop.bantam.ch\/fr\/boutique\/"},{"@type":"ListItem","position":3,"name":"Installation solaire Phaesun Caravan Kit Base Camp Perfect CML20 240 W \/ 12 V"}]},{"@type":"WebSite","@id":"https:\/\/shop.bantam.ch\/fr\/#website","url":"https:\/\/shop.bantam.ch\/fr\/","name":"Bantam Wankm\u00fcller SA","description":"","publisher":{"@id":"https:\/\/shop.bantam.ch\/fr\/#organization"},"inLanguage":"fr-FR"},{"@type":"Organization","@id":"https:\/\/shop.bantam.ch\/fr\/#organization","name":"Bantam Wankm\u00fcller SA","url":"https:\/\/shop.bantam.ch\/fr\/","logo":{"@type":"ImageObject","inLanguage":"fr-FR","@id":"https:\/\/shop.bantam.ch\/fr\/#\/schema\/logo\/image\/","url":"https:\/\/shop.bantam.ch\/wp-content\/uploads\/2022\/12\/bantam-logo.png","contentUrl":"https:\/\/shop.bantam.ch\/wp-content\/uploads\/2022\/12\/bantam-logo.png","width":320,"height":71,"caption":"Bantam Wankm\u00fcller SA"},"image":{"@id":"https:\/\/shop.bantam.ch\/fr\/#\/schema\/logo\/image\/"}}]}},"_links":{"self":[{"href":"https:\/\/shop.bantam.ch\/fr\/wp-json\/wp\/v2\/product\/103657","targetHints":{"allow":["GET"]}}],"collection":[{"href":"https:\/\/shop.bantam.ch\/fr\/wp-json\/wp\/v2\/product"}],"about":[{"href":"https:\/\/shop.bantam.ch\/fr\/wp-json\/wp\/v2\/types\/product"}],"wp:featuredmedia":[{"embeddable":true,"href":"https:\/\/shop.bantam.ch\/fr\/wp-json\/wp\/v2\/media\/103655"}],"wp:attachment":[{"href":"https:\/\/shop.bantam.ch\/fr\/wp-json\/wp\/v2\/media?parent=103657"}],"wp:term":[{"taxonomy":"product_featured_cat","embeddable":true,"href":"https:\/\/shop.bantam.ch\/fr\/wp-json\/wp\/v2\/product_featured_cat?post=103657"},{"taxonomy":"product_brand","embeddable":true,"href":"https:\/\/shop.bantam.ch\/fr\/wp-json\/wp\/v2\/product_brand?post=103657"},{"taxonomy":"product_cat","embeddable":true,"href":"https:\/\/shop.bantam.ch\/fr\/wp-json\/wp\/v2\/product_cat?post=103657"},{"taxonomy":"product_tag","embeddable":true,"href":"https:\/\/shop.bantam.ch\/fr\/wp-json\/wp\/v2\/product_tag?post=103657"}],"curies":[{"name":"wp","href":"https:\/\/api.w.org\/{rel}","templated":true}]}}