{"id":103579,"date":"2023-02-28T07:15:40","date_gmt":"2023-02-28T06:15:40","guid":{"rendered":"http:\/\/shop.bantam.ch\/produit\/installation-solaire-spr-caravan-kit-solar-peak-lr1218-120-w-12-v\/"},"modified":"2026-04-21T21:36:39","modified_gmt":"2026-04-21T19:36:39","slug":"installation-solaire-spr-caravan-kit-solar-peak-lr1218-120-w-12-v","status":"publish","type":"product","link":"https:\/\/shop.bantam.ch\/fr\/produit\/installation-solaire-spr-caravan-kit-solar-peak-lr1218-120-w-12-v\/","title":{"rendered":"Installation solaire Phaesun SPR kit caravane Solar Peak LR1218 120 W \/ 12 V"},"content":{"rendered":"<p>Contenu de la livraison :<br \/>1 module solaire 120 W, 12 VDC<br \/>1 r\u00e9gulateur de charge solaire Schaudt LR 1218<br \/>1 fixation de module Kit Easy Mount One<br \/>1 sortie de toit Water Tight One<br \/>1 Kit de collage Easy Bond One<br \/>C\u00e2ble de module 5 m QuickCab4<br \/>C\u00e2ble de batterie 1,5 m avec fusible (20 A)<br \/>1 c\u00e2ble adaptateur pour EBL<\/p>\n","protected":false},"excerpt":{"rendered":"<p>Contenu de la livraison :1 module solaire 120 W, 12 VDC1 r\u00e9gulateur de charge solaire Schaudt LR 12181 fixation de module Kit Easy Mount One1 sortie de toit Water Tight One1 Kit de collage Easy Bond OneC\u00e2ble de module 5 m QuickCab4C\u00e2ble de batterie 1,5 m avec fusible (20 A)1 c\u00e2ble adaptateur pour EBL<\/p>\n","protected":false},"featured_media":103577,"template":"","meta":{"_acf_changed":false},"product_featured_cat":[],"product_brand":[3320],"product_cat":[4879],"product_tag":[],"class_list":{"0":"post-103579","1":"product","2":"type-product","3":"status-publish","4":"has-post-thumbnail","6":"product_brand-phaesun","7":"product_cat-kits-solaires","9":"first","10":"instock","11":"taxable","12":"shipping-taxable","13":"purchasable","14":"product-type-simple"},"acf":[],"yoast_head":"<!-- This site is optimized with the Yoast SEO plugin v27.4 - https:\/\/yoast.com\/product\/yoast-seo-wordpress\/ -->\n<title>Installation solaire Phaesun SPR kit caravane Solar Peak LR1218 120 W \/ 12 V - Bantam Wankm\u00fcller SA<\/title>\n<meta name=\"robots\" content=\"index, follow, max-snippet:-1, max-image-preview:large, max-video-preview:-1\" \/>\n<link rel=\"canonical\" href=\"https:\/\/shop.bantam.ch\/fr\/produit\/installation-solaire-spr-caravan-kit-solar-peak-lr1218-120-w-12-v\/\" \/>\n<meta property=\"og:locale\" content=\"fr_FR\" \/>\n<meta property=\"og:type\" content=\"article\" \/>\n<meta property=\"og:title\" content=\"Installation solaire Phaesun SPR kit caravane Solar Peak LR1218 120 W \/ 12 V - Bantam Wankm\u00fcller SA\" \/>\n<meta property=\"og:description\" content=\"Contenu de la livraison :1 module solaire 120 W, 12 VDC1 r\u00e9gulateur de charge solaire Schaudt LR 12181 fixation de module Kit Easy Mount One1 sortie de toit Water Tight One1 Kit de collage Easy Bond OneC\u00e2ble de module 5 m QuickCab4C\u00e2ble de batterie 1,5 m avec fusible (20 A)1 c\u00e2ble adaptateur pour EBL\" \/>\n<meta property=\"og:url\" content=\"https:\/\/shop.bantam.ch\/fr\/produit\/installation-solaire-spr-caravan-kit-solar-peak-lr1218-120-w-12-v\/\" \/>\n<meta property=\"og:site_name\" content=\"Bantam Wankm\u00fcller SA\" \/>\n<meta property=\"article:modified_time\" content=\"2026-04-21T19:36:39+00:00\" \/>\n<meta property=\"og:image\" content=\"https:\/\/shop.bantam.ch\/wp-content\/uploads\/2023\/02\/9930642115j829xoe6ZlxI.jpg\" \/>\n\t<meta property=\"og:image:width\" content=\"1000\" \/>\n\t<meta property=\"og:image:height\" content=\"1000\" \/>\n\t<meta property=\"og:image:type\" content=\"image\/jpeg\" \/>\n<meta name=\"twitter:card\" content=\"summary_large_image\" \/>\n<script type=\"application\/ld+json\" class=\"yoast-schema-graph\">{\"@context\":\"https:\\\/\\\/schema.org\",\"@graph\":[{\"@type\":\"WebPage\",\"@id\":\"https:\\\/\\\/shop.bantam.ch\\\/fr\\\/produit\\\/installation-solaire-spr-caravan-kit-solar-peak-lr1218-120-w-12-v\\\/\",\"url\":\"https:\\\/\\\/shop.bantam.ch\\\/fr\\\/produit\\\/installation-solaire-spr-caravan-kit-solar-peak-lr1218-120-w-12-v\\\/\",\"name\":\"Installation solaire Phaesun SPR kit caravane Solar Peak LR1218 120 W \\\/ 12 V - Bantam Wankm\u00fcller SA\",\"isPartOf\":{\"@id\":\"https:\\\/\\\/shop.bantam.ch\\\/fr\\\/#website\"},\"primaryImageOfPage\":{\"@id\":\"https:\\\/\\\/shop.bantam.ch\\\/fr\\\/produit\\\/installation-solaire-spr-caravan-kit-solar-peak-lr1218-120-w-12-v\\\/#primaryimage\"},\"image\":{\"@id\":\"https:\\\/\\\/shop.bantam.ch\\\/fr\\\/produit\\\/installation-solaire-spr-caravan-kit-solar-peak-lr1218-120-w-12-v\\\/#primaryimage\"},\"thumbnailUrl\":\"https:\\\/\\\/shop.bantam.ch\\\/wp-content\\\/uploads\\\/2023\\\/02\\\/9930642115j829xoe6ZlxI.jpg\",\"datePublished\":\"2023-02-28T06:15:40+00:00\",\"dateModified\":\"2026-04-21T19:36:39+00:00\",\"breadcrumb\":{\"@id\":\"https:\\\/\\\/shop.bantam.ch\\\/fr\\\/produit\\\/installation-solaire-spr-caravan-kit-solar-peak-lr1218-120-w-12-v\\\/#breadcrumb\"},\"inLanguage\":\"fr-FR\",\"potentialAction\":[{\"@type\":\"ReadAction\",\"target\":[\"https:\\\/\\\/shop.bantam.ch\\\/fr\\\/produit\\\/installation-solaire-spr-caravan-kit-solar-peak-lr1218-120-w-12-v\\\/\"]}]},{\"@type\":\"ImageObject\",\"inLanguage\":\"fr-FR\",\"@id\":\"https:\\\/\\\/shop.bantam.ch\\\/fr\\\/produit\\\/installation-solaire-spr-caravan-kit-solar-peak-lr1218-120-w-12-v\\\/#primaryimage\",\"url\":\"https:\\\/\\\/shop.bantam.ch\\\/wp-content\\\/uploads\\\/2023\\\/02\\\/9930642115j829xoe6ZlxI.jpg\",\"contentUrl\":\"https:\\\/\\\/shop.bantam.ch\\\/wp-content\\\/uploads\\\/2023\\\/02\\\/9930642115j829xoe6ZlxI.jpg\",\"width\":1000,\"height\":1000},{\"@type\":\"BreadcrumbList\",\"@id\":\"https:\\\/\\\/shop.bantam.ch\\\/fr\\\/produit\\\/installation-solaire-spr-caravan-kit-solar-peak-lr1218-120-w-12-v\\\/#breadcrumb\",\"itemListElement\":[{\"@type\":\"ListItem\",\"position\":1,\"name\":\"Accueil\",\"item\":\"https:\\\/\\\/shop.bantam.ch\\\/fr\\\/\"},{\"@type\":\"ListItem\",\"position\":2,\"name\":\"Boutique\",\"item\":\"https:\\\/\\\/shop.bantam.ch\\\/fr\\\/boutique\\\/\"},{\"@type\":\"ListItem\",\"position\":3,\"name\":\"Installation solaire Phaesun SPR kit caravane Solar Peak LR1218 120 W \\\/ 12 V\"}]},{\"@type\":\"WebSite\",\"@id\":\"https:\\\/\\\/shop.bantam.ch\\\/fr\\\/#website\",\"url\":\"https:\\\/\\\/shop.bantam.ch\\\/fr\\\/\",\"name\":\"Bantam Wankm\u00fcller SA\",\"description\":\"\",\"publisher\":{\"@id\":\"https:\\\/\\\/shop.bantam.ch\\\/fr\\\/#organization\"},\"inLanguage\":\"fr-FR\"},{\"@type\":\"Organization\",\"@id\":\"https:\\\/\\\/shop.bantam.ch\\\/fr\\\/#organization\",\"name\":\"Bantam Wankm\u00fcller SA\",\"url\":\"https:\\\/\\\/shop.bantam.ch\\\/fr\\\/\",\"logo\":{\"@type\":\"ImageObject\",\"inLanguage\":\"fr-FR\",\"@id\":\"https:\\\/\\\/shop.bantam.ch\\\/fr\\\/#\\\/schema\\\/logo\\\/image\\\/\",\"url\":\"https:\\\/\\\/shop.bantam.ch\\\/wp-content\\\/uploads\\\/2022\\\/12\\\/bantam-logo.png\",\"contentUrl\":\"https:\\\/\\\/shop.bantam.ch\\\/wp-content\\\/uploads\\\/2022\\\/12\\\/bantam-logo.png\",\"width\":320,\"height\":71,\"caption\":\"Bantam Wankm\u00fcller SA\"},\"image\":{\"@id\":\"https:\\\/\\\/shop.bantam.ch\\\/fr\\\/#\\\/schema\\\/logo\\\/image\\\/\"}}]}<\/script>\n<!-- \/ Yoast SEO plugin. -->","yoast_head_json":{"title":"Installation solaire Phaesun SPR kit caravane Solar Peak LR1218 120 W \/ 12 V - Bantam Wankm\u00fcller SA","robots":{"index":"index","follow":"follow","max-snippet":"max-snippet:-1","max-image-preview":"max-image-preview:large","max-video-preview":"max-video-preview:-1"},"canonical":"https:\/\/shop.bantam.ch\/fr\/produit\/installation-solaire-spr-caravan-kit-solar-peak-lr1218-120-w-12-v\/","og_locale":"fr_FR","og_type":"article","og_title":"Installation solaire Phaesun SPR kit caravane Solar Peak LR1218 120 W \/ 12 V - Bantam Wankm\u00fcller SA","og_description":"Contenu de la livraison :1 module solaire 120 W, 12 VDC1 r\u00e9gulateur de charge solaire Schaudt LR 12181 fixation de module Kit Easy Mount One1 sortie de toit Water Tight One1 Kit de collage Easy Bond OneC\u00e2ble de module 5 m QuickCab4C\u00e2ble de batterie 1,5 m avec fusible (20 A)1 c\u00e2ble adaptateur pour EBL","og_url":"https:\/\/shop.bantam.ch\/fr\/produit\/installation-solaire-spr-caravan-kit-solar-peak-lr1218-120-w-12-v\/","og_site_name":"Bantam Wankm\u00fcller SA","article_modified_time":"2026-04-21T19:36:39+00:00","og_image":[{"width":1000,"height":1000,"url":"https:\/\/shop.bantam.ch\/wp-content\/uploads\/2023\/02\/9930642115j829xoe6ZlxI.jpg","type":"image\/jpeg"}],"twitter_card":"summary_large_image","schema":{"@context":"https:\/\/schema.org","@graph":[{"@type":"WebPage","@id":"https:\/\/shop.bantam.ch\/fr\/produit\/installation-solaire-spr-caravan-kit-solar-peak-lr1218-120-w-12-v\/","url":"https:\/\/shop.bantam.ch\/fr\/produit\/installation-solaire-spr-caravan-kit-solar-peak-lr1218-120-w-12-v\/","name":"Installation solaire Phaesun SPR kit caravane Solar Peak LR1218 120 W \/ 12 V - Bantam Wankm\u00fcller SA","isPartOf":{"@id":"https:\/\/shop.bantam.ch\/fr\/#website"},"primaryImageOfPage":{"@id":"https:\/\/shop.bantam.ch\/fr\/produit\/installation-solaire-spr-caravan-kit-solar-peak-lr1218-120-w-12-v\/#primaryimage"},"image":{"@id":"https:\/\/shop.bantam.ch\/fr\/produit\/installation-solaire-spr-caravan-kit-solar-peak-lr1218-120-w-12-v\/#primaryimage"},"thumbnailUrl":"https:\/\/shop.bantam.ch\/wp-content\/uploads\/2023\/02\/9930642115j829xoe6ZlxI.jpg","datePublished":"2023-02-28T06:15:40+00:00","dateModified":"2026-04-21T19:36:39+00:00","breadcrumb":{"@id":"https:\/\/shop.bantam.ch\/fr\/produit\/installation-solaire-spr-caravan-kit-solar-peak-lr1218-120-w-12-v\/#breadcrumb"},"inLanguage":"fr-FR","potentialAction":[{"@type":"ReadAction","target":["https:\/\/shop.bantam.ch\/fr\/produit\/installation-solaire-spr-caravan-kit-solar-peak-lr1218-120-w-12-v\/"]}]},{"@type":"ImageObject","inLanguage":"fr-FR","@id":"https:\/\/shop.bantam.ch\/fr\/produit\/installation-solaire-spr-caravan-kit-solar-peak-lr1218-120-w-12-v\/#primaryimage","url":"https:\/\/shop.bantam.ch\/wp-content\/uploads\/2023\/02\/9930642115j829xoe6ZlxI.jpg","contentUrl":"https:\/\/shop.bantam.ch\/wp-content\/uploads\/2023\/02\/9930642115j829xoe6ZlxI.jpg","width":1000,"height":1000},{"@type":"BreadcrumbList","@id":"https:\/\/shop.bantam.ch\/fr\/produit\/installation-solaire-spr-caravan-kit-solar-peak-lr1218-120-w-12-v\/#breadcrumb","itemListElement":[{"@type":"ListItem","position":1,"name":"Accueil","item":"https:\/\/shop.bantam.ch\/fr\/"},{"@type":"ListItem","position":2,"name":"Boutique","item":"https:\/\/shop.bantam.ch\/fr\/boutique\/"},{"@type":"ListItem","position":3,"name":"Installation solaire Phaesun SPR kit caravane Solar Peak LR1218 120 W \/ 12 V"}]},{"@type":"WebSite","@id":"https:\/\/shop.bantam.ch\/fr\/#website","url":"https:\/\/shop.bantam.ch\/fr\/","name":"Bantam Wankm\u00fcller SA","description":"","publisher":{"@id":"https:\/\/shop.bantam.ch\/fr\/#organization"},"inLanguage":"fr-FR"},{"@type":"Organization","@id":"https:\/\/shop.bantam.ch\/fr\/#organization","name":"Bantam Wankm\u00fcller SA","url":"https:\/\/shop.bantam.ch\/fr\/","logo":{"@type":"ImageObject","inLanguage":"fr-FR","@id":"https:\/\/shop.bantam.ch\/fr\/#\/schema\/logo\/image\/","url":"https:\/\/shop.bantam.ch\/wp-content\/uploads\/2022\/12\/bantam-logo.png","contentUrl":"https:\/\/shop.bantam.ch\/wp-content\/uploads\/2022\/12\/bantam-logo.png","width":320,"height":71,"caption":"Bantam Wankm\u00fcller SA"},"image":{"@id":"https:\/\/shop.bantam.ch\/fr\/#\/schema\/logo\/image\/"}}]}},"_links":{"self":[{"href":"https:\/\/shop.bantam.ch\/fr\/wp-json\/wp\/v2\/product\/103579","targetHints":{"allow":["GET"]}}],"collection":[{"href":"https:\/\/shop.bantam.ch\/fr\/wp-json\/wp\/v2\/product"}],"about":[{"href":"https:\/\/shop.bantam.ch\/fr\/wp-json\/wp\/v2\/types\/product"}],"wp:featuredmedia":[{"embeddable":true,"href":"https:\/\/shop.bantam.ch\/fr\/wp-json\/wp\/v2\/media\/103577"}],"wp:attachment":[{"href":"https:\/\/shop.bantam.ch\/fr\/wp-json\/wp\/v2\/media?parent=103579"}],"wp:term":[{"taxonomy":"product_featured_cat","embeddable":true,"href":"https:\/\/shop.bantam.ch\/fr\/wp-json\/wp\/v2\/product_featured_cat?post=103579"},{"taxonomy":"product_brand","embeddable":true,"href":"https:\/\/shop.bantam.ch\/fr\/wp-json\/wp\/v2\/product_brand?post=103579"},{"taxonomy":"product_cat","embeddable":true,"href":"https:\/\/shop.bantam.ch\/fr\/wp-json\/wp\/v2\/product_cat?post=103579"},{"taxonomy":"product_tag","embeddable":true,"href":"https:\/\/shop.bantam.ch\/fr\/wp-json\/wp\/v2\/product_tag?post=103579"}],"curies":[{"name":"wp","href":"https:\/\/api.w.org\/{rel}","templated":true}]}}