{"id":103563,"date":"2023-02-28T07:15:16","date_gmt":"2023-02-28T06:15:16","guid":{"rendered":"http:\/\/shop.bantam.ch\/produit\/module-solaire-mare-flex\/"},"modified":"2026-04-17T23:03:21","modified_gmt":"2026-04-17T21:03:21","slug":"module-solaire-mare-flex","status":"publish","type":"product","link":"https:\/\/shop.bantam.ch\/fr\/produit\/module-solaire-mare-flex\/","title":{"rendered":"Module solaire Mare Flex"},"content":{"rendered":"<p>Les modules solaires minces et l\u00e9gers sont la solution id\u00e9ale pour les applications mobiles, telles que les activit\u00e9s de plein air et le camping, ainsi que pour le montage sur les voiliers et les bateaux \u00e0 moteur, et sur les toits des camping-cars ou des camions. Le film avant et arri\u00e8re en ETFE (\u00e9thyl\u00e8ne t\u00e9trafluoro\u00e9thyl\u00e8ne) est particuli\u00e8rement r\u00e9sistant aux intemp\u00e9ries avec une grande transparence \u00e0 la lumi\u00e8re sur une large plage de temp\u00e9ratures et poss\u00e8de une excellente r\u00e9sistance aux effets chimiques et aux rayons UV. La plaque-support en \u00e9poxy int\u00e9gr\u00e9e conf\u00e8re au module un degr\u00e9 de rigidit\u00e9 \u00e9lev\u00e9.<\/p>\n<ul>\n<li>L\u00e9ger et stable<\/li>\n<li>Absence d\u2019ar\u00eates vives<\/li>\n<li>A\u00e9rodynamique<\/li>\n<li>C\u00e2ble \u00e9lectrique sous gaine 5 m<\/li>\n<li>Surface sup\u00e9rieure structur\u00e9e<\/li>\n<li>Plaque-support en \u00e9poxy avec fibres pr\u00e9-impr\u00e9gn\u00e9es.<\/li>\n<li>\u0152illets de fixation<\/li>\n<\/ul>\n<p>120 W, 12 VDC, c\u00e2ble \u00e9lectrique sous gaine 5 m\/ 2&#215;2,5, 35 cellules.<\/p>\n","protected":false},"excerpt":{"rendered":"<p>Les modules solaires minces et l\u00e9gers sont la solution id\u00e9ale pour les applications mobiles, telles que les activit\u00e9s de plein air et le camping, ainsi que pour le montage sur les voiliers et les bateaux \u00e0 moteur, et sur les toits des camping-cars ou des camions. Le film avant et arri\u00e8re en ETFE (\u00e9thyl\u00e8ne t\u00e9trafluoro\u00e9thyl\u00e8ne) [&hellip;]<\/p>\n","protected":false},"featured_media":103559,"template":"","meta":{"_acf_changed":false},"product_featured_cat":[],"product_brand":[3320],"product_cat":[4883],"product_tag":[],"class_list":{"0":"post-103563","1":"product","2":"type-product","3":"status-publish","4":"has-post-thumbnail","6":"product_brand-phaesun","7":"product_cat-modules-solaires","9":"first","10":"instock","11":"taxable","12":"shipping-taxable","13":"purchasable","14":"product-type-variable"},"acf":[],"yoast_head":"<!-- This site is optimized with the Yoast SEO plugin v27.4 - https:\/\/yoast.com\/product\/yoast-seo-wordpress\/ -->\n<title>Module solaire Mare Flex - Bantam Wankm\u00fcller SA<\/title>\n<meta name=\"robots\" content=\"index, follow, max-snippet:-1, max-image-preview:large, max-video-preview:-1\" \/>\n<link rel=\"canonical\" href=\"https:\/\/shop.bantam.ch\/fr\/produit\/module-solaire-mare-flex\/\" \/>\n<meta property=\"og:locale\" content=\"fr_FR\" \/>\n<meta property=\"og:type\" content=\"article\" \/>\n<meta property=\"og:title\" content=\"Module solaire Mare Flex - Bantam Wankm\u00fcller SA\" \/>\n<meta property=\"og:description\" content=\"Les modules solaires minces et l\u00e9gers sont la solution id\u00e9ale pour les applications mobiles, telles que les activit\u00e9s de plein air et le camping, ainsi que pour le montage sur les voiliers et les bateaux \u00e0 moteur, et sur les toits des camping-cars ou des camions. Le film avant et arri\u00e8re en ETFE (\u00e9thyl\u00e8ne t\u00e9trafluoro\u00e9thyl\u00e8ne) [&hellip;]\" \/>\n<meta property=\"og:url\" content=\"https:\/\/shop.bantam.ch\/fr\/produit\/module-solaire-mare-flex\/\" \/>\n<meta property=\"og:site_name\" content=\"Bantam Wankm\u00fcller SA\" \/>\n<meta property=\"article:modified_time\" content=\"2026-04-17T21:03:21+00:00\" \/>\n<meta property=\"og:image\" content=\"https:\/\/shop.bantam.ch\/wp-content\/uploads\/2023\/02\/996064211.jpg\" \/>\n\t<meta property=\"og:image:width\" content=\"467\" \/>\n\t<meta property=\"og:image:height\" content=\"1000\" \/>\n\t<meta property=\"og:image:type\" content=\"image\/jpeg\" \/>\n<meta name=\"twitter:card\" content=\"summary_large_image\" \/>\n<meta name=\"twitter:label1\" content=\"Dur\u00e9e de lecture estim\u00e9e\" \/>\n\t<meta name=\"twitter:data1\" content=\"1 minute\" \/>\n<script type=\"application\/ld+json\" class=\"yoast-schema-graph\">{\"@context\":\"https:\\\/\\\/schema.org\",\"@graph\":[{\"@type\":\"WebPage\",\"@id\":\"https:\\\/\\\/shop.bantam.ch\\\/fr\\\/produit\\\/module-solaire-mare-flex\\\/\",\"url\":\"https:\\\/\\\/shop.bantam.ch\\\/fr\\\/produit\\\/module-solaire-mare-flex\\\/\",\"name\":\"Module solaire Mare Flex - Bantam Wankm\u00fcller SA\",\"isPartOf\":{\"@id\":\"https:\\\/\\\/shop.bantam.ch\\\/fr\\\/#website\"},\"primaryImageOfPage\":{\"@id\":\"https:\\\/\\\/shop.bantam.ch\\\/fr\\\/produit\\\/module-solaire-mare-flex\\\/#primaryimage\"},\"image\":{\"@id\":\"https:\\\/\\\/shop.bantam.ch\\\/fr\\\/produit\\\/module-solaire-mare-flex\\\/#primaryimage\"},\"thumbnailUrl\":\"https:\\\/\\\/shop.bantam.ch\\\/wp-content\\\/uploads\\\/2023\\\/02\\\/996064211.jpg\",\"datePublished\":\"2023-02-28T06:15:16+00:00\",\"dateModified\":\"2026-04-17T21:03:21+00:00\",\"breadcrumb\":{\"@id\":\"https:\\\/\\\/shop.bantam.ch\\\/fr\\\/produit\\\/module-solaire-mare-flex\\\/#breadcrumb\"},\"inLanguage\":\"fr-FR\",\"potentialAction\":[{\"@type\":\"ReadAction\",\"target\":[\"https:\\\/\\\/shop.bantam.ch\\\/fr\\\/produit\\\/module-solaire-mare-flex\\\/\"]}]},{\"@type\":\"ImageObject\",\"inLanguage\":\"fr-FR\",\"@id\":\"https:\\\/\\\/shop.bantam.ch\\\/fr\\\/produit\\\/module-solaire-mare-flex\\\/#primaryimage\",\"url\":\"https:\\\/\\\/shop.bantam.ch\\\/wp-content\\\/uploads\\\/2023\\\/02\\\/996064211.jpg\",\"contentUrl\":\"https:\\\/\\\/shop.bantam.ch\\\/wp-content\\\/uploads\\\/2023\\\/02\\\/996064211.jpg\",\"width\":467,\"height\":1000},{\"@type\":\"BreadcrumbList\",\"@id\":\"https:\\\/\\\/shop.bantam.ch\\\/fr\\\/produit\\\/module-solaire-mare-flex\\\/#breadcrumb\",\"itemListElement\":[{\"@type\":\"ListItem\",\"position\":1,\"name\":\"Accueil\",\"item\":\"https:\\\/\\\/shop.bantam.ch\\\/fr\\\/\"},{\"@type\":\"ListItem\",\"position\":2,\"name\":\"Boutique\",\"item\":\"https:\\\/\\\/shop.bantam.ch\\\/fr\\\/boutique\\\/\"},{\"@type\":\"ListItem\",\"position\":3,\"name\":\"Module solaire Mare Flex\"}]},{\"@type\":\"WebSite\",\"@id\":\"https:\\\/\\\/shop.bantam.ch\\\/fr\\\/#website\",\"url\":\"https:\\\/\\\/shop.bantam.ch\\\/fr\\\/\",\"name\":\"Bantam Wankm\u00fcller SA\",\"description\":\"\",\"publisher\":{\"@id\":\"https:\\\/\\\/shop.bantam.ch\\\/fr\\\/#organization\"},\"inLanguage\":\"fr-FR\"},{\"@type\":\"Organization\",\"@id\":\"https:\\\/\\\/shop.bantam.ch\\\/fr\\\/#organization\",\"name\":\"Bantam Wankm\u00fcller SA\",\"url\":\"https:\\\/\\\/shop.bantam.ch\\\/fr\\\/\",\"logo\":{\"@type\":\"ImageObject\",\"inLanguage\":\"fr-FR\",\"@id\":\"https:\\\/\\\/shop.bantam.ch\\\/fr\\\/#\\\/schema\\\/logo\\\/image\\\/\",\"url\":\"https:\\\/\\\/shop.bantam.ch\\\/wp-content\\\/uploads\\\/2022\\\/12\\\/bantam-logo.png\",\"contentUrl\":\"https:\\\/\\\/shop.bantam.ch\\\/wp-content\\\/uploads\\\/2022\\\/12\\\/bantam-logo.png\",\"width\":320,\"height\":71,\"caption\":\"Bantam Wankm\u00fcller SA\"},\"image\":{\"@id\":\"https:\\\/\\\/shop.bantam.ch\\\/fr\\\/#\\\/schema\\\/logo\\\/image\\\/\"}}]}<\/script>\n<!-- \/ Yoast SEO plugin. -->","yoast_head_json":{"title":"Module solaire Mare Flex - Bantam Wankm\u00fcller SA","robots":{"index":"index","follow":"follow","max-snippet":"max-snippet:-1","max-image-preview":"max-image-preview:large","max-video-preview":"max-video-preview:-1"},"canonical":"https:\/\/shop.bantam.ch\/fr\/produit\/module-solaire-mare-flex\/","og_locale":"fr_FR","og_type":"article","og_title":"Module solaire Mare Flex - Bantam Wankm\u00fcller SA","og_description":"Les modules solaires minces et l\u00e9gers sont la solution id\u00e9ale pour les applications mobiles, telles que les activit\u00e9s de plein air et le camping, ainsi que pour le montage sur les voiliers et les bateaux \u00e0 moteur, et sur les toits des camping-cars ou des camions. Le film avant et arri\u00e8re en ETFE (\u00e9thyl\u00e8ne t\u00e9trafluoro\u00e9thyl\u00e8ne) [&hellip;]","og_url":"https:\/\/shop.bantam.ch\/fr\/produit\/module-solaire-mare-flex\/","og_site_name":"Bantam Wankm\u00fcller SA","article_modified_time":"2026-04-17T21:03:21+00:00","og_image":[{"width":467,"height":1000,"url":"https:\/\/shop.bantam.ch\/wp-content\/uploads\/2023\/02\/996064211.jpg","type":"image\/jpeg"}],"twitter_card":"summary_large_image","twitter_misc":{"Dur\u00e9e de lecture estim\u00e9e":"1 minute"},"schema":{"@context":"https:\/\/schema.org","@graph":[{"@type":"WebPage","@id":"https:\/\/shop.bantam.ch\/fr\/produit\/module-solaire-mare-flex\/","url":"https:\/\/shop.bantam.ch\/fr\/produit\/module-solaire-mare-flex\/","name":"Module solaire Mare Flex - Bantam Wankm\u00fcller SA","isPartOf":{"@id":"https:\/\/shop.bantam.ch\/fr\/#website"},"primaryImageOfPage":{"@id":"https:\/\/shop.bantam.ch\/fr\/produit\/module-solaire-mare-flex\/#primaryimage"},"image":{"@id":"https:\/\/shop.bantam.ch\/fr\/produit\/module-solaire-mare-flex\/#primaryimage"},"thumbnailUrl":"https:\/\/shop.bantam.ch\/wp-content\/uploads\/2023\/02\/996064211.jpg","datePublished":"2023-02-28T06:15:16+00:00","dateModified":"2026-04-17T21:03:21+00:00","breadcrumb":{"@id":"https:\/\/shop.bantam.ch\/fr\/produit\/module-solaire-mare-flex\/#breadcrumb"},"inLanguage":"fr-FR","potentialAction":[{"@type":"ReadAction","target":["https:\/\/shop.bantam.ch\/fr\/produit\/module-solaire-mare-flex\/"]}]},{"@type":"ImageObject","inLanguage":"fr-FR","@id":"https:\/\/shop.bantam.ch\/fr\/produit\/module-solaire-mare-flex\/#primaryimage","url":"https:\/\/shop.bantam.ch\/wp-content\/uploads\/2023\/02\/996064211.jpg","contentUrl":"https:\/\/shop.bantam.ch\/wp-content\/uploads\/2023\/02\/996064211.jpg","width":467,"height":1000},{"@type":"BreadcrumbList","@id":"https:\/\/shop.bantam.ch\/fr\/produit\/module-solaire-mare-flex\/#breadcrumb","itemListElement":[{"@type":"ListItem","position":1,"name":"Accueil","item":"https:\/\/shop.bantam.ch\/fr\/"},{"@type":"ListItem","position":2,"name":"Boutique","item":"https:\/\/shop.bantam.ch\/fr\/boutique\/"},{"@type":"ListItem","position":3,"name":"Module solaire Mare Flex"}]},{"@type":"WebSite","@id":"https:\/\/shop.bantam.ch\/fr\/#website","url":"https:\/\/shop.bantam.ch\/fr\/","name":"Bantam Wankm\u00fcller SA","description":"","publisher":{"@id":"https:\/\/shop.bantam.ch\/fr\/#organization"},"inLanguage":"fr-FR"},{"@type":"Organization","@id":"https:\/\/shop.bantam.ch\/fr\/#organization","name":"Bantam Wankm\u00fcller SA","url":"https:\/\/shop.bantam.ch\/fr\/","logo":{"@type":"ImageObject","inLanguage":"fr-FR","@id":"https:\/\/shop.bantam.ch\/fr\/#\/schema\/logo\/image\/","url":"https:\/\/shop.bantam.ch\/wp-content\/uploads\/2022\/12\/bantam-logo.png","contentUrl":"https:\/\/shop.bantam.ch\/wp-content\/uploads\/2022\/12\/bantam-logo.png","width":320,"height":71,"caption":"Bantam Wankm\u00fcller SA"},"image":{"@id":"https:\/\/shop.bantam.ch\/fr\/#\/schema\/logo\/image\/"}}]}},"_links":{"self":[{"href":"https:\/\/shop.bantam.ch\/fr\/wp-json\/wp\/v2\/product\/103563","targetHints":{"allow":["GET"]}}],"collection":[{"href":"https:\/\/shop.bantam.ch\/fr\/wp-json\/wp\/v2\/product"}],"about":[{"href":"https:\/\/shop.bantam.ch\/fr\/wp-json\/wp\/v2\/types\/product"}],"wp:featuredmedia":[{"embeddable":true,"href":"https:\/\/shop.bantam.ch\/fr\/wp-json\/wp\/v2\/media\/103559"}],"wp:attachment":[{"href":"https:\/\/shop.bantam.ch\/fr\/wp-json\/wp\/v2\/media?parent=103563"}],"wp:term":[{"taxonomy":"product_featured_cat","embeddable":true,"href":"https:\/\/shop.bantam.ch\/fr\/wp-json\/wp\/v2\/product_featured_cat?post=103563"},{"taxonomy":"product_brand","embeddable":true,"href":"https:\/\/shop.bantam.ch\/fr\/wp-json\/wp\/v2\/product_brand?post=103563"},{"taxonomy":"product_cat","embeddable":true,"href":"https:\/\/shop.bantam.ch\/fr\/wp-json\/wp\/v2\/product_cat?post=103563"},{"taxonomy":"product_tag","embeddable":true,"href":"https:\/\/shop.bantam.ch\/fr\/wp-json\/wp\/v2\/product_tag?post=103563"}],"curies":[{"name":"wp","href":"https:\/\/api.w.org\/{rel}","templated":true}]}}