{"id":103497,"date":"2023-02-28T07:13:48","date_gmt":"2023-02-28T06:13:48","guid":{"rendered":"http:\/\/shop.bantam.ch\/produit\/systeme-de-manoeuvre-basic-1-6\/"},"modified":"2026-05-01T21:35:09","modified_gmt":"2026-05-01T19:35:09","slug":"systeme-de-manoeuvre-basic-1-6","status":"publish","type":"product","link":"https:\/\/shop.bantam.ch\/fr\/produit\/systeme-de-manoeuvre-basic-1-6\/","title":{"rendered":"Syst\u00e8me d\u2019aide \u00e0 la man\u0153uvre easydriver basic 1.6 &#8211; Essieu simple"},"content":{"rendered":"<p>La force simple :<\/p>\n<p>man\u0153uvrer avec une propulsion d\u2019easydriver<\/p>\n<ul>\n<li>Man\u0153uvrez facilement, m\u00eame lorsque les places sont \u00e9troites<\/li>\n<li>Avec technique unique et plusieurs fois brevet\u00e9e<\/li>\n<li>Transmission de puissance optimale et s\u00e9curis\u00e9e du rouleau d\u2019entra\u00eenement des pneus gr\u00e2ce \u00e0 la grande trajectoire et \u00e0 la surface innovante du rouleau<\/li>\n<li>L\u2019alliance sp\u00e9ciale de mat\u00e9riaux rend le syst\u00e8me Easydriver plus l\u00e9ger et le prot\u00e8ge de la corrosion<\/li>\n<li>Longue dur\u00e9e de vie gr\u00e2ce au m\u00e9canisme de man\u0153uvre sans jeu avec galets d\u2019entra\u00eenement ultraperformants<\/li>\n<li>Attelage simple<\/li>\n<li>Aucune perte ou perte minimale de la garde au sol (selon le type de ch\u00e2ssis)<\/li>\n<li>Consommation \u00e9lectrique 20\u00a0A<\/li>\n<li>Pouvant \u00eatre pivot\u00e9 manuellement avec la manivelle ou la visseuse sans fil<\/li>\n<li>Prix d\u2019entr\u00e9e \u00e9conomique dans le monde des syst\u00e8mes de man\u0153uvre easydriver<\/li>\n<li>T\u00e9l\u00e9commande radio incluse<\/li>\n<\/ul>\n<ul>\n<li>Capacit\u00e9 ascensionnelle : 15\u00a0% pour 1\u00a0600\u00a0kg, 25\u00a0% pour 1\u00a0200\u00a0kg<\/li>\n<li>\u00a0 Commande d\u2019un c\u00f4t\u00e9 : manuelle<\/li>\n<\/ul>\n","protected":false},"excerpt":{"rendered":"<p>La force simple : man\u0153uvrer avec une propulsion d\u2019easydriver Man\u0153uvrez facilement, m\u00eame lorsque les places sont \u00e9troites Avec technique unique et plusieurs fois brevet\u00e9e Transmission de puissance optimale et s\u00e9curis\u00e9e du rouleau d\u2019entra\u00eenement des pneus gr\u00e2ce \u00e0 la grande trajectoire et \u00e0 la surface innovante du rouleau L\u2019alliance sp\u00e9ciale de mat\u00e9riaux rend le syst\u00e8me Easydriver [&hellip;]<\/p>\n","protected":false},"featured_media":103495,"template":"","meta":{"_acf_changed":false},"product_featured_cat":[],"product_brand":[3132],"product_cat":[4821],"product_tag":[],"class_list":{"0":"post-103497","1":"product","2":"type-product","3":"status-publish","4":"has-post-thumbnail","6":"product_brand-easydriver","7":"product_cat-aide-a-la-manoeuvre","9":"first","10":"instock","11":"featured","12":"taxable","13":"shipping-taxable","14":"purchasable","15":"product-type-simple"},"acf":[],"yoast_head":"<!-- This site is optimized with the Yoast SEO plugin v27.5 - https:\/\/yoast.com\/product\/yoast-seo-wordpress\/ -->\n<title>Syst\u00e8me d\u2019aide \u00e0 la man\u0153uvre easydriver basic 1.6 - Essieu simple - Bantam<\/title>\n<meta name=\"robots\" content=\"index, follow, max-snippet:-1, max-image-preview:large, max-video-preview:-1\" \/>\n<link rel=\"canonical\" href=\"https:\/\/shop.bantam.ch\/fr\/produit\/systeme-de-manoeuvre-basic-1-6\/\" \/>\n<meta property=\"og:locale\" content=\"fr_FR\" \/>\n<meta property=\"og:type\" content=\"article\" \/>\n<meta property=\"og:title\" content=\"Syst\u00e8me d\u2019aide \u00e0 la man\u0153uvre easydriver basic 1.6 - Essieu simple - Bantam\" \/>\n<meta property=\"og:description\" content=\"La force simple : man\u0153uvrer avec une propulsion d\u2019easydriver Man\u0153uvrez facilement, m\u00eame lorsque les places sont \u00e9troites Avec technique unique et plusieurs fois brevet\u00e9e Transmission de puissance optimale et s\u00e9curis\u00e9e du rouleau d\u2019entra\u00eenement des pneus gr\u00e2ce \u00e0 la grande trajectoire et \u00e0 la surface innovante du rouleau L\u2019alliance sp\u00e9ciale de mat\u00e9riaux rend le syst\u00e8me Easydriver [&hellip;]\" \/>\n<meta property=\"og:url\" content=\"https:\/\/shop.bantam.ch\/fr\/produit\/systeme-de-manoeuvre-basic-1-6\/\" \/>\n<meta property=\"og:site_name\" content=\"Bantam\" \/>\n<meta property=\"article:modified_time\" content=\"2026-05-01T19:35:09+00:00\" \/>\n<meta property=\"og:image\" content=\"https:\/\/shop.bantam.ch\/wp-content\/uploads\/2023\/02\/994373111.jpg\" \/>\n\t<meta property=\"og:image:width\" content=\"1000\" \/>\n\t<meta property=\"og:image:height\" content=\"530\" \/>\n\t<meta property=\"og:image:type\" content=\"image\/jpeg\" \/>\n<meta name=\"twitter:card\" content=\"summary_large_image\" \/>\n<meta name=\"twitter:label1\" content=\"Dur\u00e9e de lecture estim\u00e9e\" \/>\n\t<meta name=\"twitter:data1\" content=\"1 minute\" \/>\n<script type=\"application\/ld+json\" class=\"yoast-schema-graph\">{\"@context\":\"https:\\\/\\\/schema.org\",\"@graph\":[{\"@type\":\"WebPage\",\"@id\":\"https:\\\/\\\/shop.bantam.ch\\\/fr\\\/produit\\\/systeme-de-manoeuvre-basic-1-6\\\/\",\"url\":\"https:\\\/\\\/shop.bantam.ch\\\/fr\\\/produit\\\/systeme-de-manoeuvre-basic-1-6\\\/\",\"name\":\"Syst\u00e8me d\u2019aide \u00e0 la man\u0153uvre easydriver basic 1.6 - Essieu simple - Bantam\",\"isPartOf\":{\"@id\":\"https:\\\/\\\/shop.bantam.ch\\\/fr\\\/#website\"},\"primaryImageOfPage\":{\"@id\":\"https:\\\/\\\/shop.bantam.ch\\\/fr\\\/produit\\\/systeme-de-manoeuvre-basic-1-6\\\/#primaryimage\"},\"image\":{\"@id\":\"https:\\\/\\\/shop.bantam.ch\\\/fr\\\/produit\\\/systeme-de-manoeuvre-basic-1-6\\\/#primaryimage\"},\"thumbnailUrl\":\"https:\\\/\\\/shop.bantam.ch\\\/wp-content\\\/uploads\\\/2023\\\/02\\\/994373111.jpg\",\"datePublished\":\"2023-02-28T06:13:48+00:00\",\"dateModified\":\"2026-05-01T19:35:09+00:00\",\"breadcrumb\":{\"@id\":\"https:\\\/\\\/shop.bantam.ch\\\/fr\\\/produit\\\/systeme-de-manoeuvre-basic-1-6\\\/#breadcrumb\"},\"inLanguage\":\"fr-FR\",\"potentialAction\":[{\"@type\":\"ReadAction\",\"target\":[\"https:\\\/\\\/shop.bantam.ch\\\/fr\\\/produit\\\/systeme-de-manoeuvre-basic-1-6\\\/\"]}]},{\"@type\":\"ImageObject\",\"inLanguage\":\"fr-FR\",\"@id\":\"https:\\\/\\\/shop.bantam.ch\\\/fr\\\/produit\\\/systeme-de-manoeuvre-basic-1-6\\\/#primaryimage\",\"url\":\"https:\\\/\\\/shop.bantam.ch\\\/wp-content\\\/uploads\\\/2023\\\/02\\\/994373111.jpg\",\"contentUrl\":\"https:\\\/\\\/shop.bantam.ch\\\/wp-content\\\/uploads\\\/2023\\\/02\\\/994373111.jpg\",\"width\":1000,\"height\":530},{\"@type\":\"BreadcrumbList\",\"@id\":\"https:\\\/\\\/shop.bantam.ch\\\/fr\\\/produit\\\/systeme-de-manoeuvre-basic-1-6\\\/#breadcrumb\",\"itemListElement\":[{\"@type\":\"ListItem\",\"position\":1,\"name\":\"Accueil\",\"item\":\"https:\\\/\\\/shop.bantam.ch\\\/fr\\\/\"},{\"@type\":\"ListItem\",\"position\":2,\"name\":\"Boutique\",\"item\":\"https:\\\/\\\/shop.bantam.ch\\\/fr\\\/boutique\\\/\"},{\"@type\":\"ListItem\",\"position\":3,\"name\":\"Syst\u00e8me d\u2019aide \u00e0 la man\u0153uvre easydriver basic 1.6 &#8211; Essieu simple\"}]},{\"@type\":\"WebSite\",\"@id\":\"https:\\\/\\\/shop.bantam.ch\\\/fr\\\/#website\",\"url\":\"https:\\\/\\\/shop.bantam.ch\\\/fr\\\/\",\"name\":\"Bantam\",\"description\":\"\",\"publisher\":{\"@id\":\"https:\\\/\\\/shop.bantam.ch\\\/fr\\\/#organization\"},\"inLanguage\":\"fr-FR\"},{\"@type\":\"Organization\",\"@id\":\"https:\\\/\\\/shop.bantam.ch\\\/fr\\\/#organization\",\"name\":\"Bantam\",\"url\":\"https:\\\/\\\/shop.bantam.ch\\\/fr\\\/\",\"logo\":{\"@type\":\"ImageObject\",\"inLanguage\":\"fr-FR\",\"@id\":\"https:\\\/\\\/shop.bantam.ch\\\/fr\\\/#\\\/schema\\\/logo\\\/image\\\/\",\"url\":\"https:\\\/\\\/shop.bantam.ch\\\/wp-content\\\/uploads\\\/2022\\\/12\\\/bantam-logo.png\",\"contentUrl\":\"https:\\\/\\\/shop.bantam.ch\\\/wp-content\\\/uploads\\\/2022\\\/12\\\/bantam-logo.png\",\"width\":320,\"height\":71,\"caption\":\"Bantam\"},\"image\":{\"@id\":\"https:\\\/\\\/shop.bantam.ch\\\/fr\\\/#\\\/schema\\\/logo\\\/image\\\/\"}}]}<\/script>\n<!-- \/ Yoast SEO plugin. -->","yoast_head_json":{"title":"Syst\u00e8me d\u2019aide \u00e0 la man\u0153uvre easydriver basic 1.6 - Essieu simple - Bantam","robots":{"index":"index","follow":"follow","max-snippet":"max-snippet:-1","max-image-preview":"max-image-preview:large","max-video-preview":"max-video-preview:-1"},"canonical":"https:\/\/shop.bantam.ch\/fr\/produit\/systeme-de-manoeuvre-basic-1-6\/","og_locale":"fr_FR","og_type":"article","og_title":"Syst\u00e8me d\u2019aide \u00e0 la man\u0153uvre easydriver basic 1.6 - Essieu simple - Bantam","og_description":"La force simple : man\u0153uvrer avec une propulsion d\u2019easydriver Man\u0153uvrez facilement, m\u00eame lorsque les places sont \u00e9troites Avec technique unique et plusieurs fois brevet\u00e9e Transmission de puissance optimale et s\u00e9curis\u00e9e du rouleau d\u2019entra\u00eenement des pneus gr\u00e2ce \u00e0 la grande trajectoire et \u00e0 la surface innovante du rouleau L\u2019alliance sp\u00e9ciale de mat\u00e9riaux rend le syst\u00e8me Easydriver [&hellip;]","og_url":"https:\/\/shop.bantam.ch\/fr\/produit\/systeme-de-manoeuvre-basic-1-6\/","og_site_name":"Bantam","article_modified_time":"2026-05-01T19:35:09+00:00","og_image":[{"width":1000,"height":530,"url":"https:\/\/shop.bantam.ch\/wp-content\/uploads\/2023\/02\/994373111.jpg","type":"image\/jpeg"}],"twitter_card":"summary_large_image","twitter_misc":{"Dur\u00e9e de lecture estim\u00e9e":"1 minute"},"schema":{"@context":"https:\/\/schema.org","@graph":[{"@type":"WebPage","@id":"https:\/\/shop.bantam.ch\/fr\/produit\/systeme-de-manoeuvre-basic-1-6\/","url":"https:\/\/shop.bantam.ch\/fr\/produit\/systeme-de-manoeuvre-basic-1-6\/","name":"Syst\u00e8me d\u2019aide \u00e0 la man\u0153uvre easydriver basic 1.6 - Essieu simple - Bantam","isPartOf":{"@id":"https:\/\/shop.bantam.ch\/fr\/#website"},"primaryImageOfPage":{"@id":"https:\/\/shop.bantam.ch\/fr\/produit\/systeme-de-manoeuvre-basic-1-6\/#primaryimage"},"image":{"@id":"https:\/\/shop.bantam.ch\/fr\/produit\/systeme-de-manoeuvre-basic-1-6\/#primaryimage"},"thumbnailUrl":"https:\/\/shop.bantam.ch\/wp-content\/uploads\/2023\/02\/994373111.jpg","datePublished":"2023-02-28T06:13:48+00:00","dateModified":"2026-05-01T19:35:09+00:00","breadcrumb":{"@id":"https:\/\/shop.bantam.ch\/fr\/produit\/systeme-de-manoeuvre-basic-1-6\/#breadcrumb"},"inLanguage":"fr-FR","potentialAction":[{"@type":"ReadAction","target":["https:\/\/shop.bantam.ch\/fr\/produit\/systeme-de-manoeuvre-basic-1-6\/"]}]},{"@type":"ImageObject","inLanguage":"fr-FR","@id":"https:\/\/shop.bantam.ch\/fr\/produit\/systeme-de-manoeuvre-basic-1-6\/#primaryimage","url":"https:\/\/shop.bantam.ch\/wp-content\/uploads\/2023\/02\/994373111.jpg","contentUrl":"https:\/\/shop.bantam.ch\/wp-content\/uploads\/2023\/02\/994373111.jpg","width":1000,"height":530},{"@type":"BreadcrumbList","@id":"https:\/\/shop.bantam.ch\/fr\/produit\/systeme-de-manoeuvre-basic-1-6\/#breadcrumb","itemListElement":[{"@type":"ListItem","position":1,"name":"Accueil","item":"https:\/\/shop.bantam.ch\/fr\/"},{"@type":"ListItem","position":2,"name":"Boutique","item":"https:\/\/shop.bantam.ch\/fr\/boutique\/"},{"@type":"ListItem","position":3,"name":"Syst\u00e8me d\u2019aide \u00e0 la man\u0153uvre easydriver basic 1.6 &#8211; Essieu simple"}]},{"@type":"WebSite","@id":"https:\/\/shop.bantam.ch\/fr\/#website","url":"https:\/\/shop.bantam.ch\/fr\/","name":"Bantam","description":"","publisher":{"@id":"https:\/\/shop.bantam.ch\/fr\/#organization"},"inLanguage":"fr-FR"},{"@type":"Organization","@id":"https:\/\/shop.bantam.ch\/fr\/#organization","name":"Bantam","url":"https:\/\/shop.bantam.ch\/fr\/","logo":{"@type":"ImageObject","inLanguage":"fr-FR","@id":"https:\/\/shop.bantam.ch\/fr\/#\/schema\/logo\/image\/","url":"https:\/\/shop.bantam.ch\/wp-content\/uploads\/2022\/12\/bantam-logo.png","contentUrl":"https:\/\/shop.bantam.ch\/wp-content\/uploads\/2022\/12\/bantam-logo.png","width":320,"height":71,"caption":"Bantam"},"image":{"@id":"https:\/\/shop.bantam.ch\/fr\/#\/schema\/logo\/image\/"}}]}},"_links":{"self":[{"href":"https:\/\/shop.bantam.ch\/fr\/wp-json\/wp\/v2\/product\/103497","targetHints":{"allow":["GET"]}}],"collection":[{"href":"https:\/\/shop.bantam.ch\/fr\/wp-json\/wp\/v2\/product"}],"about":[{"href":"https:\/\/shop.bantam.ch\/fr\/wp-json\/wp\/v2\/types\/product"}],"wp:featuredmedia":[{"embeddable":true,"href":"https:\/\/shop.bantam.ch\/fr\/wp-json\/wp\/v2\/media\/103495"}],"wp:attachment":[{"href":"https:\/\/shop.bantam.ch\/fr\/wp-json\/wp\/v2\/media?parent=103497"}],"wp:term":[{"taxonomy":"product_featured_cat","embeddable":true,"href":"https:\/\/shop.bantam.ch\/fr\/wp-json\/wp\/v2\/product_featured_cat?post=103497"},{"taxonomy":"product_brand","embeddable":true,"href":"https:\/\/shop.bantam.ch\/fr\/wp-json\/wp\/v2\/product_brand?post=103497"},{"taxonomy":"product_cat","embeddable":true,"href":"https:\/\/shop.bantam.ch\/fr\/wp-json\/wp\/v2\/product_cat?post=103497"},{"taxonomy":"product_tag","embeddable":true,"href":"https:\/\/shop.bantam.ch\/fr\/wp-json\/wp\/v2\/product_tag?post=103497"}],"curies":[{"name":"wp","href":"https:\/\/api.w.org\/{rel}","templated":true}]}}