{"id":103493,"date":"2023-02-28T07:13:43","date_gmt":"2023-02-28T06:13:43","guid":{"rendered":"http:\/\/shop.bantam.ch\/produit\/tente-rambler\/"},"modified":"2026-04-18T21:36:36","modified_gmt":"2026-04-18T19:36:36","slug":"tente-rambler","status":"publish","type":"product","link":"https:\/\/shop.bantam.ch\/fr\/produit\/tente-rambler\/","title":{"rendered":"Tente BRUNNER Rambler"},"content":{"rendered":"<p>Tente innovante avec plein d\u2019espace \u00e0 l\u2019int\u00e9rieur et tr\u00e8s bonne ventilation. L\u2019armature \u00e9prouv\u00e9e et autonome assure une excellente stabilit\u00e9 et vous permet de partir vous balader sans devoir d\u00e9monter la tente.<\/p>\n<ul>\n<li>4 grandes fen\u00eatres transparentes recouvrables<\/li>\n<li>1 fen\u00eatre avec gaz de ventilation<\/li>\n<li>2 entr\u00e9es<\/li>\n<li>La paroi arri\u00e8re peut \u00eatre compl\u00e8tement ouverte<\/li>\n<li>2 a\u00e9rations permanentes dans la zone du toit<\/li>\n<li>Entr\u00e9e de c\u00e2ble et syst\u00e8me de chemin de c\u00e2bles<\/li>\n<li>Entr\u00e9e lat\u00e9rale r\u00e9glable comme pare-soleil<\/li>\n<li>Fond de tente solidement cousu<\/li>\n<li>Diff\u00e9rents haubanages temp\u00eate<\/li>\n<li>Suspension centrale de lampe<\/li>\n<li>Hauteur de connexion (v\u00e9hicule\/goutti\u00e8re)\u00a0: 180-220 cm<\/li>\n<li>Possibilit\u00e9 d\u2019assemblage au v\u00e9hicule :\n<ul>\n<li>\u00e0 travers le jonc<\/li>\n<li>Avec barre de sas<\/li>\n<li>Avec bande auto-agrippante sur le jonc Reling<\/li>\n<li>Avec barre de sas<\/li>\n<li>Avec bande auto-agrippante sur Reling<\/li>\n<\/ul>\n<\/li>\n<\/ul>\n<p>Mat\u00e9riau\u00a0: <br \/>100 % polyester<\/p>\n<p> Contenu de la livraison : <br \/>Tente int\u00e9rieure\u00a0<br \/>Tente ext\u00e9rieure avec sol<br \/>Armature<br \/>Barre de sas<br \/>Cordes<br \/>Sardines<br \/>Sac de rangement<\/p>\n","protected":false},"excerpt":{"rendered":"<p>Tente innovante avec plein d\u2019espace \u00e0 l\u2019int\u00e9rieur et tr\u00e8s bonne ventilation. L\u2019armature \u00e9prouv\u00e9e et autonome assure une excellente stabilit\u00e9 et vous permet de partir vous balader sans devoir d\u00e9monter la tente. 4 grandes fen\u00eatres transparentes recouvrables 1 fen\u00eatre avec gaz de ventilation 2 entr\u00e9es La paroi arri\u00e8re peut \u00eatre compl\u00e8tement ouverte 2 a\u00e9rations permanentes dans [&hellip;]<\/p>\n","protected":false},"featured_media":103491,"template":"","meta":{"_acf_changed":false},"product_featured_cat":[5189],"product_brand":[3080],"product_cat":[4915],"product_tag":[],"class_list":{"0":"post-103493","1":"product","2":"type-product","3":"status-publish","4":"has-post-thumbnail","6":"product_featured_cat-fete-nationale","7":"product_brand-brunner","8":"product_cat-auvents-de-bus-et-camping-cars","10":"first","11":"instock","12":"taxable","13":"shipping-taxable","14":"purchasable","15":"product-type-simple"},"acf":[],"yoast_head":"<!-- This site is optimized with the Yoast SEO plugin v27.4 - https:\/\/yoast.com\/product\/yoast-seo-wordpress\/ -->\n<title>Tente BRUNNER Rambler - Bantam Wankm\u00fcller SA<\/title>\n<meta name=\"robots\" content=\"index, follow, max-snippet:-1, max-image-preview:large, max-video-preview:-1\" \/>\n<link rel=\"canonical\" href=\"https:\/\/shop.bantam.ch\/fr\/produit\/tente-rambler\/\" \/>\n<meta property=\"og:locale\" content=\"fr_FR\" \/>\n<meta property=\"og:type\" content=\"article\" \/>\n<meta property=\"og:title\" content=\"Tente BRUNNER Rambler - Bantam Wankm\u00fcller SA\" \/>\n<meta property=\"og:description\" content=\"Tente innovante avec plein d\u2019espace \u00e0 l\u2019int\u00e9rieur et tr\u00e8s bonne ventilation. L\u2019armature \u00e9prouv\u00e9e et autonome assure une excellente stabilit\u00e9 et vous permet de partir vous balader sans devoir d\u00e9monter la tente. 4 grandes fen\u00eatres transparentes recouvrables 1 fen\u00eatre avec gaz de ventilation 2 entr\u00e9es La paroi arri\u00e8re peut \u00eatre compl\u00e8tement ouverte 2 a\u00e9rations permanentes dans [&hellip;]\" \/>\n<meta property=\"og:url\" content=\"https:\/\/shop.bantam.ch\/fr\/produit\/tente-rambler\/\" \/>\n<meta property=\"og:site_name\" content=\"Bantam Wankm\u00fcller SA\" \/>\n<meta property=\"article:modified_time\" content=\"2026-04-18T19:36:36+00:00\" \/>\n<meta property=\"og:image\" content=\"https:\/\/shop.bantam.ch\/wp-content\/uploads\/2023\/02\/995690511.jpg\" \/>\n\t<meta property=\"og:image:width\" content=\"1000\" \/>\n\t<meta property=\"og:image:height\" content=\"628\" \/>\n\t<meta property=\"og:image:type\" content=\"image\/jpeg\" \/>\n<meta name=\"twitter:card\" content=\"summary_large_image\" \/>\n<meta name=\"twitter:label1\" content=\"Dur\u00e9e de lecture estim\u00e9e\" \/>\n\t<meta name=\"twitter:data1\" content=\"1 minute\" \/>\n<script type=\"application\/ld+json\" class=\"yoast-schema-graph\">{\"@context\":\"https:\\\/\\\/schema.org\",\"@graph\":[{\"@type\":\"WebPage\",\"@id\":\"https:\\\/\\\/shop.bantam.ch\\\/fr\\\/produit\\\/tente-rambler\\\/\",\"url\":\"https:\\\/\\\/shop.bantam.ch\\\/fr\\\/produit\\\/tente-rambler\\\/\",\"name\":\"Tente BRUNNER Rambler - Bantam Wankm\u00fcller SA\",\"isPartOf\":{\"@id\":\"https:\\\/\\\/shop.bantam.ch\\\/fr\\\/#website\"},\"primaryImageOfPage\":{\"@id\":\"https:\\\/\\\/shop.bantam.ch\\\/fr\\\/produit\\\/tente-rambler\\\/#primaryimage\"},\"image\":{\"@id\":\"https:\\\/\\\/shop.bantam.ch\\\/fr\\\/produit\\\/tente-rambler\\\/#primaryimage\"},\"thumbnailUrl\":\"https:\\\/\\\/shop.bantam.ch\\\/wp-content\\\/uploads\\\/2023\\\/02\\\/995690511.jpg\",\"datePublished\":\"2023-02-28T06:13:43+00:00\",\"dateModified\":\"2026-04-18T19:36:36+00:00\",\"breadcrumb\":{\"@id\":\"https:\\\/\\\/shop.bantam.ch\\\/fr\\\/produit\\\/tente-rambler\\\/#breadcrumb\"},\"inLanguage\":\"fr-FR\",\"potentialAction\":[{\"@type\":\"ReadAction\",\"target\":[\"https:\\\/\\\/shop.bantam.ch\\\/fr\\\/produit\\\/tente-rambler\\\/\"]}]},{\"@type\":\"ImageObject\",\"inLanguage\":\"fr-FR\",\"@id\":\"https:\\\/\\\/shop.bantam.ch\\\/fr\\\/produit\\\/tente-rambler\\\/#primaryimage\",\"url\":\"https:\\\/\\\/shop.bantam.ch\\\/wp-content\\\/uploads\\\/2023\\\/02\\\/995690511.jpg\",\"contentUrl\":\"https:\\\/\\\/shop.bantam.ch\\\/wp-content\\\/uploads\\\/2023\\\/02\\\/995690511.jpg\",\"width\":1000,\"height\":628},{\"@type\":\"BreadcrumbList\",\"@id\":\"https:\\\/\\\/shop.bantam.ch\\\/fr\\\/produit\\\/tente-rambler\\\/#breadcrumb\",\"itemListElement\":[{\"@type\":\"ListItem\",\"position\":1,\"name\":\"Accueil\",\"item\":\"https:\\\/\\\/shop.bantam.ch\\\/fr\\\/\"},{\"@type\":\"ListItem\",\"position\":2,\"name\":\"Boutique\",\"item\":\"https:\\\/\\\/shop.bantam.ch\\\/fr\\\/boutique\\\/\"},{\"@type\":\"ListItem\",\"position\":3,\"name\":\"Tente BRUNNER Rambler\"}]},{\"@type\":\"WebSite\",\"@id\":\"https:\\\/\\\/shop.bantam.ch\\\/fr\\\/#website\",\"url\":\"https:\\\/\\\/shop.bantam.ch\\\/fr\\\/\",\"name\":\"Bantam Wankm\u00fcller SA\",\"description\":\"\",\"publisher\":{\"@id\":\"https:\\\/\\\/shop.bantam.ch\\\/fr\\\/#organization\"},\"inLanguage\":\"fr-FR\"},{\"@type\":\"Organization\",\"@id\":\"https:\\\/\\\/shop.bantam.ch\\\/fr\\\/#organization\",\"name\":\"Bantam Wankm\u00fcller SA\",\"url\":\"https:\\\/\\\/shop.bantam.ch\\\/fr\\\/\",\"logo\":{\"@type\":\"ImageObject\",\"inLanguage\":\"fr-FR\",\"@id\":\"https:\\\/\\\/shop.bantam.ch\\\/fr\\\/#\\\/schema\\\/logo\\\/image\\\/\",\"url\":\"https:\\\/\\\/shop.bantam.ch\\\/wp-content\\\/uploads\\\/2022\\\/12\\\/bantam-logo.png\",\"contentUrl\":\"https:\\\/\\\/shop.bantam.ch\\\/wp-content\\\/uploads\\\/2022\\\/12\\\/bantam-logo.png\",\"width\":320,\"height\":71,\"caption\":\"Bantam Wankm\u00fcller SA\"},\"image\":{\"@id\":\"https:\\\/\\\/shop.bantam.ch\\\/fr\\\/#\\\/schema\\\/logo\\\/image\\\/\"}}]}<\/script>\n<!-- \/ Yoast SEO plugin. -->","yoast_head_json":{"title":"Tente BRUNNER Rambler - Bantam Wankm\u00fcller SA","robots":{"index":"index","follow":"follow","max-snippet":"max-snippet:-1","max-image-preview":"max-image-preview:large","max-video-preview":"max-video-preview:-1"},"canonical":"https:\/\/shop.bantam.ch\/fr\/produit\/tente-rambler\/","og_locale":"fr_FR","og_type":"article","og_title":"Tente BRUNNER Rambler - Bantam Wankm\u00fcller SA","og_description":"Tente innovante avec plein d\u2019espace \u00e0 l\u2019int\u00e9rieur et tr\u00e8s bonne ventilation. L\u2019armature \u00e9prouv\u00e9e et autonome assure une excellente stabilit\u00e9 et vous permet de partir vous balader sans devoir d\u00e9monter la tente. 4 grandes fen\u00eatres transparentes recouvrables 1 fen\u00eatre avec gaz de ventilation 2 entr\u00e9es La paroi arri\u00e8re peut \u00eatre compl\u00e8tement ouverte 2 a\u00e9rations permanentes dans [&hellip;]","og_url":"https:\/\/shop.bantam.ch\/fr\/produit\/tente-rambler\/","og_site_name":"Bantam Wankm\u00fcller SA","article_modified_time":"2026-04-18T19:36:36+00:00","og_image":[{"width":1000,"height":628,"url":"https:\/\/shop.bantam.ch\/wp-content\/uploads\/2023\/02\/995690511.jpg","type":"image\/jpeg"}],"twitter_card":"summary_large_image","twitter_misc":{"Dur\u00e9e de lecture estim\u00e9e":"1 minute"},"schema":{"@context":"https:\/\/schema.org","@graph":[{"@type":"WebPage","@id":"https:\/\/shop.bantam.ch\/fr\/produit\/tente-rambler\/","url":"https:\/\/shop.bantam.ch\/fr\/produit\/tente-rambler\/","name":"Tente BRUNNER Rambler - Bantam Wankm\u00fcller SA","isPartOf":{"@id":"https:\/\/shop.bantam.ch\/fr\/#website"},"primaryImageOfPage":{"@id":"https:\/\/shop.bantam.ch\/fr\/produit\/tente-rambler\/#primaryimage"},"image":{"@id":"https:\/\/shop.bantam.ch\/fr\/produit\/tente-rambler\/#primaryimage"},"thumbnailUrl":"https:\/\/shop.bantam.ch\/wp-content\/uploads\/2023\/02\/995690511.jpg","datePublished":"2023-02-28T06:13:43+00:00","dateModified":"2026-04-18T19:36:36+00:00","breadcrumb":{"@id":"https:\/\/shop.bantam.ch\/fr\/produit\/tente-rambler\/#breadcrumb"},"inLanguage":"fr-FR","potentialAction":[{"@type":"ReadAction","target":["https:\/\/shop.bantam.ch\/fr\/produit\/tente-rambler\/"]}]},{"@type":"ImageObject","inLanguage":"fr-FR","@id":"https:\/\/shop.bantam.ch\/fr\/produit\/tente-rambler\/#primaryimage","url":"https:\/\/shop.bantam.ch\/wp-content\/uploads\/2023\/02\/995690511.jpg","contentUrl":"https:\/\/shop.bantam.ch\/wp-content\/uploads\/2023\/02\/995690511.jpg","width":1000,"height":628},{"@type":"BreadcrumbList","@id":"https:\/\/shop.bantam.ch\/fr\/produit\/tente-rambler\/#breadcrumb","itemListElement":[{"@type":"ListItem","position":1,"name":"Accueil","item":"https:\/\/shop.bantam.ch\/fr\/"},{"@type":"ListItem","position":2,"name":"Boutique","item":"https:\/\/shop.bantam.ch\/fr\/boutique\/"},{"@type":"ListItem","position":3,"name":"Tente BRUNNER Rambler"}]},{"@type":"WebSite","@id":"https:\/\/shop.bantam.ch\/fr\/#website","url":"https:\/\/shop.bantam.ch\/fr\/","name":"Bantam Wankm\u00fcller SA","description":"","publisher":{"@id":"https:\/\/shop.bantam.ch\/fr\/#organization"},"inLanguage":"fr-FR"},{"@type":"Organization","@id":"https:\/\/shop.bantam.ch\/fr\/#organization","name":"Bantam Wankm\u00fcller SA","url":"https:\/\/shop.bantam.ch\/fr\/","logo":{"@type":"ImageObject","inLanguage":"fr-FR","@id":"https:\/\/shop.bantam.ch\/fr\/#\/schema\/logo\/image\/","url":"https:\/\/shop.bantam.ch\/wp-content\/uploads\/2022\/12\/bantam-logo.png","contentUrl":"https:\/\/shop.bantam.ch\/wp-content\/uploads\/2022\/12\/bantam-logo.png","width":320,"height":71,"caption":"Bantam Wankm\u00fcller SA"},"image":{"@id":"https:\/\/shop.bantam.ch\/fr\/#\/schema\/logo\/image\/"}}]}},"_links":{"self":[{"href":"https:\/\/shop.bantam.ch\/fr\/wp-json\/wp\/v2\/product\/103493","targetHints":{"allow":["GET"]}}],"collection":[{"href":"https:\/\/shop.bantam.ch\/fr\/wp-json\/wp\/v2\/product"}],"about":[{"href":"https:\/\/shop.bantam.ch\/fr\/wp-json\/wp\/v2\/types\/product"}],"wp:featuredmedia":[{"embeddable":true,"href":"https:\/\/shop.bantam.ch\/fr\/wp-json\/wp\/v2\/media\/103491"}],"wp:attachment":[{"href":"https:\/\/shop.bantam.ch\/fr\/wp-json\/wp\/v2\/media?parent=103493"}],"wp:term":[{"taxonomy":"product_featured_cat","embeddable":true,"href":"https:\/\/shop.bantam.ch\/fr\/wp-json\/wp\/v2\/product_featured_cat?post=103493"},{"taxonomy":"product_brand","embeddable":true,"href":"https:\/\/shop.bantam.ch\/fr\/wp-json\/wp\/v2\/product_brand?post=103493"},{"taxonomy":"product_cat","embeddable":true,"href":"https:\/\/shop.bantam.ch\/fr\/wp-json\/wp\/v2\/product_cat?post=103493"},{"taxonomy":"product_tag","embeddable":true,"href":"https:\/\/shop.bantam.ch\/fr\/wp-json\/wp\/v2\/product_tag?post=103493"}],"curies":[{"name":"wp","href":"https:\/\/api.w.org\/{rel}","templated":true}]}}