{"id":103489,"date":"2023-02-28T07:13:37","date_gmt":"2023-02-28T06:13:37","guid":{"rendered":"http:\/\/shop.bantam.ch\/produit\/systeme-de-manoeuvre-active-2-0\/"},"modified":"2026-04-17T21:35:33","modified_gmt":"2026-04-17T19:35:33","slug":"systeme-de-manoeuvre-active-2-0","status":"publish","type":"product","link":"https:\/\/shop.bantam.ch\/fr\/produit\/systeme-de-manoeuvre-active-2-0\/","title":{"rendered":"Syst\u00e8me d\u2019aide \u00e0 la man\u0153uvre easydriver active 2.0 &#8211; Essieu simple"},"content":{"rendered":"<p>La force simple :<\/p>\n<p>man\u0153uvrer avec une propulsion d\u2019easydriver<\/p>\n<ul>\n<li>Man\u0153uvrez facilement, m\u00eame lorsque les places sont \u00e9troites<\/li>\n<li>Avec technique unique et plusieurs fois brevet\u00e9e<\/li>\n<li>Transmission de puissance optimale et s\u00e9curis\u00e9e du rouleau d\u2019entra\u00eenement des pneus gr\u00e2ce \u00e0 la grande trajectoire et \u00e0 la surface innovante du rouleau<\/li>\n<li>L\u2019alliance sp\u00e9ciale de mat\u00e9riaux rend le syst\u00e8me Easydriver plus l\u00e9ger et le prot\u00e8ge de la corrosion<\/li>\n<li>Longue dur\u00e9e de vie gr\u00e2ce au m\u00e9canisme de man\u0153uvre sans jeu avec galets d\u2019entra\u00eenement ultraperformants<\/li>\n<li>Attelage simple<\/li>\n<li>Aucune perte ou perte minimale de la garde au sol (selon le type de ch\u00e2ssis)<\/li>\n<li>Consommation \u00e9lectrique 20\u00a0A<\/li>\n<li>Faire pivoter sans probl\u00e8me avec la manivelle ou la visseuse sans fil<\/li>\n<li>Pour toutes tailles de v\u00e9hicules.<\/li>\n<li>Rangement design compact et r\u00e9sistant \u00e0 la corrosion<\/li>\n<li>Avec t\u00e9l\u00e9commande pour toutes les fonctions et indication du statut sur l\u2019appareil<\/li>\n<\/ul>\n<ul>\n<li>\u00a0Capacit\u00e9 ascensionnelle : 15 % pour 2\u00a0000 kg, 28 % pour 1\u00a0200 kg<\/li>\n<li>\u00a0Commande d\u2019un c\u00f4t\u00e9 : manuelle<\/li>\n<\/ul>\n<p>\u00a0<\/p>\n","protected":false},"excerpt":{"rendered":"<p>La force simple : man\u0153uvrer avec une propulsion d\u2019easydriver Man\u0153uvrez facilement, m\u00eame lorsque les places sont \u00e9troites Avec technique unique et plusieurs fois brevet\u00e9e Transmission de puissance optimale et s\u00e9curis\u00e9e du rouleau d\u2019entra\u00eenement des pneus gr\u00e2ce \u00e0 la grande trajectoire et \u00e0 la surface innovante du rouleau L\u2019alliance sp\u00e9ciale de mat\u00e9riaux rend le syst\u00e8me Easydriver [&hellip;]<\/p>\n","protected":false},"featured_media":103487,"template":"","meta":{"_acf_changed":false},"product_featured_cat":[],"product_brand":[3132],"product_cat":[4821],"product_tag":[],"class_list":{"0":"post-103489","1":"product","2":"type-product","3":"status-publish","4":"has-post-thumbnail","6":"product_brand-easydriver","7":"product_cat-aide-a-la-manoeuvre","9":"first","10":"instock","11":"taxable","12":"shipping-taxable","13":"purchasable","14":"product-type-simple"},"acf":[],"yoast_head":"<!-- This site is optimized with the Yoast SEO plugin v27.4 - https:\/\/yoast.com\/product\/yoast-seo-wordpress\/ -->\n<title>Syst\u00e8me d\u2019aide \u00e0 la man\u0153uvre easydriver active 2.0 - Essieu simple - Bantam Wankm\u00fcller SA<\/title>\n<meta name=\"robots\" content=\"index, follow, max-snippet:-1, max-image-preview:large, max-video-preview:-1\" \/>\n<link rel=\"canonical\" href=\"https:\/\/shop.bantam.ch\/fr\/produit\/systeme-de-manoeuvre-active-2-0\/\" \/>\n<meta property=\"og:locale\" content=\"fr_FR\" \/>\n<meta property=\"og:type\" content=\"article\" \/>\n<meta property=\"og:title\" content=\"Syst\u00e8me d\u2019aide \u00e0 la man\u0153uvre easydriver active 2.0 - Essieu simple - Bantam Wankm\u00fcller SA\" \/>\n<meta property=\"og:description\" content=\"La force simple : man\u0153uvrer avec une propulsion d\u2019easydriver Man\u0153uvrez facilement, m\u00eame lorsque les places sont \u00e9troites Avec technique unique et plusieurs fois brevet\u00e9e Transmission de puissance optimale et s\u00e9curis\u00e9e du rouleau d\u2019entra\u00eenement des pneus gr\u00e2ce \u00e0 la grande trajectoire et \u00e0 la surface innovante du rouleau L\u2019alliance sp\u00e9ciale de mat\u00e9riaux rend le syst\u00e8me Easydriver [&hellip;]\" \/>\n<meta property=\"og:url\" content=\"https:\/\/shop.bantam.ch\/fr\/produit\/systeme-de-manoeuvre-active-2-0\/\" \/>\n<meta property=\"og:site_name\" content=\"Bantam Wankm\u00fcller SA\" \/>\n<meta property=\"article:modified_time\" content=\"2026-04-17T19:35:33+00:00\" \/>\n<meta property=\"og:image\" content=\"https:\/\/shop.bantam.ch\/wp-content\/uploads\/2023\/02\/994372911.jpg\" \/>\n\t<meta property=\"og:image:width\" content=\"1000\" \/>\n\t<meta property=\"og:image:height\" content=\"453\" \/>\n\t<meta property=\"og:image:type\" content=\"image\/jpeg\" \/>\n<meta name=\"twitter:card\" content=\"summary_large_image\" \/>\n<meta name=\"twitter:label1\" content=\"Dur\u00e9e de lecture estim\u00e9e\" \/>\n\t<meta name=\"twitter:data1\" content=\"1 minute\" \/>\n<script type=\"application\/ld+json\" class=\"yoast-schema-graph\">{\"@context\":\"https:\\\/\\\/schema.org\",\"@graph\":[{\"@type\":\"WebPage\",\"@id\":\"https:\\\/\\\/shop.bantam.ch\\\/fr\\\/produit\\\/systeme-de-manoeuvre-active-2-0\\\/\",\"url\":\"https:\\\/\\\/shop.bantam.ch\\\/fr\\\/produit\\\/systeme-de-manoeuvre-active-2-0\\\/\",\"name\":\"Syst\u00e8me d\u2019aide \u00e0 la man\u0153uvre easydriver active 2.0 - Essieu simple - Bantam Wankm\u00fcller SA\",\"isPartOf\":{\"@id\":\"https:\\\/\\\/shop.bantam.ch\\\/fr\\\/#website\"},\"primaryImageOfPage\":{\"@id\":\"https:\\\/\\\/shop.bantam.ch\\\/fr\\\/produit\\\/systeme-de-manoeuvre-active-2-0\\\/#primaryimage\"},\"image\":{\"@id\":\"https:\\\/\\\/shop.bantam.ch\\\/fr\\\/produit\\\/systeme-de-manoeuvre-active-2-0\\\/#primaryimage\"},\"thumbnailUrl\":\"https:\\\/\\\/shop.bantam.ch\\\/wp-content\\\/uploads\\\/2023\\\/02\\\/994372911.jpg\",\"datePublished\":\"2023-02-28T06:13:37+00:00\",\"dateModified\":\"2026-04-17T19:35:33+00:00\",\"breadcrumb\":{\"@id\":\"https:\\\/\\\/shop.bantam.ch\\\/fr\\\/produit\\\/systeme-de-manoeuvre-active-2-0\\\/#breadcrumb\"},\"inLanguage\":\"fr-FR\",\"potentialAction\":[{\"@type\":\"ReadAction\",\"target\":[\"https:\\\/\\\/shop.bantam.ch\\\/fr\\\/produit\\\/systeme-de-manoeuvre-active-2-0\\\/\"]}]},{\"@type\":\"ImageObject\",\"inLanguage\":\"fr-FR\",\"@id\":\"https:\\\/\\\/shop.bantam.ch\\\/fr\\\/produit\\\/systeme-de-manoeuvre-active-2-0\\\/#primaryimage\",\"url\":\"https:\\\/\\\/shop.bantam.ch\\\/wp-content\\\/uploads\\\/2023\\\/02\\\/994372911.jpg\",\"contentUrl\":\"https:\\\/\\\/shop.bantam.ch\\\/wp-content\\\/uploads\\\/2023\\\/02\\\/994372911.jpg\",\"width\":1000,\"height\":453},{\"@type\":\"BreadcrumbList\",\"@id\":\"https:\\\/\\\/shop.bantam.ch\\\/fr\\\/produit\\\/systeme-de-manoeuvre-active-2-0\\\/#breadcrumb\",\"itemListElement\":[{\"@type\":\"ListItem\",\"position\":1,\"name\":\"Accueil\",\"item\":\"https:\\\/\\\/shop.bantam.ch\\\/fr\\\/\"},{\"@type\":\"ListItem\",\"position\":2,\"name\":\"Boutique\",\"item\":\"https:\\\/\\\/shop.bantam.ch\\\/fr\\\/boutique\\\/\"},{\"@type\":\"ListItem\",\"position\":3,\"name\":\"Syst\u00e8me d\u2019aide \u00e0 la man\u0153uvre easydriver active 2.0 &#8211; Essieu simple\"}]},{\"@type\":\"WebSite\",\"@id\":\"https:\\\/\\\/shop.bantam.ch\\\/fr\\\/#website\",\"url\":\"https:\\\/\\\/shop.bantam.ch\\\/fr\\\/\",\"name\":\"Bantam Wankm\u00fcller SA\",\"description\":\"\",\"publisher\":{\"@id\":\"https:\\\/\\\/shop.bantam.ch\\\/fr\\\/#organization\"},\"inLanguage\":\"fr-FR\"},{\"@type\":\"Organization\",\"@id\":\"https:\\\/\\\/shop.bantam.ch\\\/fr\\\/#organization\",\"name\":\"Bantam Wankm\u00fcller SA\",\"url\":\"https:\\\/\\\/shop.bantam.ch\\\/fr\\\/\",\"logo\":{\"@type\":\"ImageObject\",\"inLanguage\":\"fr-FR\",\"@id\":\"https:\\\/\\\/shop.bantam.ch\\\/fr\\\/#\\\/schema\\\/logo\\\/image\\\/\",\"url\":\"https:\\\/\\\/shop.bantam.ch\\\/wp-content\\\/uploads\\\/2022\\\/12\\\/bantam-logo.png\",\"contentUrl\":\"https:\\\/\\\/shop.bantam.ch\\\/wp-content\\\/uploads\\\/2022\\\/12\\\/bantam-logo.png\",\"width\":320,\"height\":71,\"caption\":\"Bantam Wankm\u00fcller SA\"},\"image\":{\"@id\":\"https:\\\/\\\/shop.bantam.ch\\\/fr\\\/#\\\/schema\\\/logo\\\/image\\\/\"}}]}<\/script>\n<!-- \/ Yoast SEO plugin. -->","yoast_head_json":{"title":"Syst\u00e8me d\u2019aide \u00e0 la man\u0153uvre easydriver active 2.0 - Essieu simple - Bantam Wankm\u00fcller SA","robots":{"index":"index","follow":"follow","max-snippet":"max-snippet:-1","max-image-preview":"max-image-preview:large","max-video-preview":"max-video-preview:-1"},"canonical":"https:\/\/shop.bantam.ch\/fr\/produit\/systeme-de-manoeuvre-active-2-0\/","og_locale":"fr_FR","og_type":"article","og_title":"Syst\u00e8me d\u2019aide \u00e0 la man\u0153uvre easydriver active 2.0 - Essieu simple - Bantam Wankm\u00fcller SA","og_description":"La force simple : man\u0153uvrer avec une propulsion d\u2019easydriver Man\u0153uvrez facilement, m\u00eame lorsque les places sont \u00e9troites Avec technique unique et plusieurs fois brevet\u00e9e Transmission de puissance optimale et s\u00e9curis\u00e9e du rouleau d\u2019entra\u00eenement des pneus gr\u00e2ce \u00e0 la grande trajectoire et \u00e0 la surface innovante du rouleau L\u2019alliance sp\u00e9ciale de mat\u00e9riaux rend le syst\u00e8me Easydriver [&hellip;]","og_url":"https:\/\/shop.bantam.ch\/fr\/produit\/systeme-de-manoeuvre-active-2-0\/","og_site_name":"Bantam Wankm\u00fcller SA","article_modified_time":"2026-04-17T19:35:33+00:00","og_image":[{"width":1000,"height":453,"url":"https:\/\/shop.bantam.ch\/wp-content\/uploads\/2023\/02\/994372911.jpg","type":"image\/jpeg"}],"twitter_card":"summary_large_image","twitter_misc":{"Dur\u00e9e de lecture estim\u00e9e":"1 minute"},"schema":{"@context":"https:\/\/schema.org","@graph":[{"@type":"WebPage","@id":"https:\/\/shop.bantam.ch\/fr\/produit\/systeme-de-manoeuvre-active-2-0\/","url":"https:\/\/shop.bantam.ch\/fr\/produit\/systeme-de-manoeuvre-active-2-0\/","name":"Syst\u00e8me d\u2019aide \u00e0 la man\u0153uvre easydriver active 2.0 - Essieu simple - Bantam Wankm\u00fcller SA","isPartOf":{"@id":"https:\/\/shop.bantam.ch\/fr\/#website"},"primaryImageOfPage":{"@id":"https:\/\/shop.bantam.ch\/fr\/produit\/systeme-de-manoeuvre-active-2-0\/#primaryimage"},"image":{"@id":"https:\/\/shop.bantam.ch\/fr\/produit\/systeme-de-manoeuvre-active-2-0\/#primaryimage"},"thumbnailUrl":"https:\/\/shop.bantam.ch\/wp-content\/uploads\/2023\/02\/994372911.jpg","datePublished":"2023-02-28T06:13:37+00:00","dateModified":"2026-04-17T19:35:33+00:00","breadcrumb":{"@id":"https:\/\/shop.bantam.ch\/fr\/produit\/systeme-de-manoeuvre-active-2-0\/#breadcrumb"},"inLanguage":"fr-FR","potentialAction":[{"@type":"ReadAction","target":["https:\/\/shop.bantam.ch\/fr\/produit\/systeme-de-manoeuvre-active-2-0\/"]}]},{"@type":"ImageObject","inLanguage":"fr-FR","@id":"https:\/\/shop.bantam.ch\/fr\/produit\/systeme-de-manoeuvre-active-2-0\/#primaryimage","url":"https:\/\/shop.bantam.ch\/wp-content\/uploads\/2023\/02\/994372911.jpg","contentUrl":"https:\/\/shop.bantam.ch\/wp-content\/uploads\/2023\/02\/994372911.jpg","width":1000,"height":453},{"@type":"BreadcrumbList","@id":"https:\/\/shop.bantam.ch\/fr\/produit\/systeme-de-manoeuvre-active-2-0\/#breadcrumb","itemListElement":[{"@type":"ListItem","position":1,"name":"Accueil","item":"https:\/\/shop.bantam.ch\/fr\/"},{"@type":"ListItem","position":2,"name":"Boutique","item":"https:\/\/shop.bantam.ch\/fr\/boutique\/"},{"@type":"ListItem","position":3,"name":"Syst\u00e8me d\u2019aide \u00e0 la man\u0153uvre easydriver active 2.0 &#8211; Essieu simple"}]},{"@type":"WebSite","@id":"https:\/\/shop.bantam.ch\/fr\/#website","url":"https:\/\/shop.bantam.ch\/fr\/","name":"Bantam Wankm\u00fcller SA","description":"","publisher":{"@id":"https:\/\/shop.bantam.ch\/fr\/#organization"},"inLanguage":"fr-FR"},{"@type":"Organization","@id":"https:\/\/shop.bantam.ch\/fr\/#organization","name":"Bantam Wankm\u00fcller SA","url":"https:\/\/shop.bantam.ch\/fr\/","logo":{"@type":"ImageObject","inLanguage":"fr-FR","@id":"https:\/\/shop.bantam.ch\/fr\/#\/schema\/logo\/image\/","url":"https:\/\/shop.bantam.ch\/wp-content\/uploads\/2022\/12\/bantam-logo.png","contentUrl":"https:\/\/shop.bantam.ch\/wp-content\/uploads\/2022\/12\/bantam-logo.png","width":320,"height":71,"caption":"Bantam Wankm\u00fcller SA"},"image":{"@id":"https:\/\/shop.bantam.ch\/fr\/#\/schema\/logo\/image\/"}}]}},"_links":{"self":[{"href":"https:\/\/shop.bantam.ch\/fr\/wp-json\/wp\/v2\/product\/103489","targetHints":{"allow":["GET"]}}],"collection":[{"href":"https:\/\/shop.bantam.ch\/fr\/wp-json\/wp\/v2\/product"}],"about":[{"href":"https:\/\/shop.bantam.ch\/fr\/wp-json\/wp\/v2\/types\/product"}],"wp:featuredmedia":[{"embeddable":true,"href":"https:\/\/shop.bantam.ch\/fr\/wp-json\/wp\/v2\/media\/103487"}],"wp:attachment":[{"href":"https:\/\/shop.bantam.ch\/fr\/wp-json\/wp\/v2\/media?parent=103489"}],"wp:term":[{"taxonomy":"product_featured_cat","embeddable":true,"href":"https:\/\/shop.bantam.ch\/fr\/wp-json\/wp\/v2\/product_featured_cat?post=103489"},{"taxonomy":"product_brand","embeddable":true,"href":"https:\/\/shop.bantam.ch\/fr\/wp-json\/wp\/v2\/product_brand?post=103489"},{"taxonomy":"product_cat","embeddable":true,"href":"https:\/\/shop.bantam.ch\/fr\/wp-json\/wp\/v2\/product_cat?post=103489"},{"taxonomy":"product_tag","embeddable":true,"href":"https:\/\/shop.bantam.ch\/fr\/wp-json\/wp\/v2\/product_tag?post=103489"}],"curies":[{"name":"wp","href":"https:\/\/api.w.org\/{rel}","templated":true}]}}