{"id":103411,"date":"2023-02-28T07:12:09","date_gmt":"2023-02-28T06:12:09","guid":{"rendered":"http:\/\/shop.bantam.ch\/produit\/systeme-anti-patinage-atc-2-trailer-control-ea-pour-caravane-1-essieu\/"},"modified":"2026-04-28T23:04:05","modified_gmt":"2026-04-28T21:04:05","slug":"systeme-anti-patinage-atc-2-trailer-control-ea-pour-caravane-1-essieu","status":"publish","type":"product","link":"https:\/\/shop.bantam.ch\/fr\/produit\/systeme-anti-patinage-atc-2-trailer-control-ea-pour-caravane-1-essieu\/","title":{"rendered":"Syst\u00e8me anti-patinage ATC-2 Trailer Control\u00a0EA, pour caravane 1\u00a0essieu"},"content":{"rendered":"<p>L\u2019ATC contr\u00f4le le comportement des remorques en permanence. Des capteurs d\u00e9tectent les mouvements lat\u00e9raux dangereux directement sur l\u2019essieu de la remorque, avant m\u00eame que le syst\u00e8me\u00a0ESP pr\u00e9sent dans le v\u00e9hicule l\u00e9ger n\u2019enregistre le mouvement pendulaire. Un freinage progressif s\u2019enclenche imm\u00e9diatement sans l\u2019intervention du conducteur et la remorque retrouve sa stabilit\u00e9. Le syst\u00e8me d\u2018urgence r\u00e9agit automatiquement en cas de d\u00e9passement des valeurs limites de vibration de l\u2018attelage.<\/p>\n<ul>\n<li>Les d\u00e9tecteurs r\u00e9agissent aux plus petites acc\u00e9l\u00e9rations lat\u00e9rales.<\/li>\n<li>La remorque freine imm\u00e9diatement automatiquement. Le conducteur ne ressent quasiment pas la correction effectu\u00e9e.<\/li>\n<li>En freinant, la remorque se place automatiquement dans la position de l\u2019attelage, il y a donc peu de risque de collision arri\u00e8re due \u00e0 un freinage brusque et violent et le d\u00e9passement n&rsquo;est pas entrav\u00e9<\/li>\n<li>Meilleure d\u00e9tection pr\u00e9coce des risques de roulis<\/li>\n<li>Freinage plus rapide<\/li>\n<li>Utilisation jusqu\u2019\u00e0 GA 3,5\u00a0tonnes<\/li>\n<li>Poids et design optimis\u00e9s<\/li>\n<li>Installation horizontale (encombrement et garde au sol)<\/li>\n<\/ul>\n","protected":false},"excerpt":{"rendered":"<p>L\u2019ATC contr\u00f4le le comportement des remorques en permanence. Des capteurs d\u00e9tectent les mouvements lat\u00e9raux dangereux directement sur l\u2019essieu de la remorque, avant m\u00eame que le syst\u00e8me\u00a0ESP pr\u00e9sent dans le v\u00e9hicule l\u00e9ger n\u2019enregistre le mouvement pendulaire. Un freinage progressif s\u2019enclenche imm\u00e9diatement sans l\u2019intervention du conducteur et la remorque retrouve sa stabilit\u00e9. Le syst\u00e8me d\u2018urgence r\u00e9agit automatiquement [&hellip;]<\/p>\n","protected":false},"featured_media":103383,"template":"","meta":{"_acf_changed":false},"product_featured_cat":[],"product_brand":[3134],"product_cat":[4819],"product_tag":[],"class_list":{"0":"post-103411","1":"product","2":"type-product","3":"status-publish","4":"has-post-thumbnail","6":"product_brand-al-ko","7":"product_cat-accouplements-a-bille-et-anti-vibrations","9":"first","10":"instock","11":"taxable","12":"shipping-taxable","13":"purchasable","14":"product-type-variable"},"acf":[],"yoast_head":"<!-- This site is optimized with the Yoast SEO plugin v27.5 - https:\/\/yoast.com\/product\/yoast-seo-wordpress\/ -->\n<title>Syst\u00e8me anti-patinage ATC-2 Trailer Control\u00a0EA, pour caravane 1\u00a0essieu - Bantam<\/title>\n<meta name=\"robots\" content=\"index, follow, max-snippet:-1, max-image-preview:large, max-video-preview:-1\" \/>\n<link rel=\"canonical\" href=\"https:\/\/shop.bantam.ch\/fr\/produit\/systeme-anti-patinage-atc-2-trailer-control-ea-pour-caravane-1-essieu\/\" \/>\n<meta property=\"og:locale\" content=\"fr_FR\" \/>\n<meta property=\"og:type\" content=\"article\" \/>\n<meta property=\"og:title\" content=\"Syst\u00e8me anti-patinage ATC-2 Trailer Control\u00a0EA, pour caravane 1\u00a0essieu - Bantam\" \/>\n<meta property=\"og:description\" content=\"L\u2019ATC contr\u00f4le le comportement des remorques en permanence. Des capteurs d\u00e9tectent les mouvements lat\u00e9raux dangereux directement sur l\u2019essieu de la remorque, avant m\u00eame que le syst\u00e8me\u00a0ESP pr\u00e9sent dans le v\u00e9hicule l\u00e9ger n\u2019enregistre le mouvement pendulaire. Un freinage progressif s\u2019enclenche imm\u00e9diatement sans l\u2019intervention du conducteur et la remorque retrouve sa stabilit\u00e9. Le syst\u00e8me d\u2018urgence r\u00e9agit automatiquement [&hellip;]\" \/>\n<meta property=\"og:url\" content=\"https:\/\/shop.bantam.ch\/fr\/produit\/systeme-anti-patinage-atc-2-trailer-control-ea-pour-caravane-1-essieu\/\" \/>\n<meta property=\"og:site_name\" content=\"Bantam\" \/>\n<meta property=\"article:modified_time\" content=\"2026-04-28T21:04:05+00:00\" \/>\n<meta property=\"og:image\" content=\"https:\/\/shop.bantam.ch\/wp-content\/uploads\/2023\/02\/994371311.jpg\" \/>\n\t<meta property=\"og:image:width\" content=\"1000\" \/>\n\t<meta property=\"og:image:height\" content=\"637\" \/>\n\t<meta property=\"og:image:type\" content=\"image\/jpeg\" \/>\n<meta name=\"twitter:card\" content=\"summary_large_image\" \/>\n<meta name=\"twitter:label1\" content=\"Dur\u00e9e de lecture estim\u00e9e\" \/>\n\t<meta name=\"twitter:data1\" content=\"1 minute\" \/>\n<script type=\"application\/ld+json\" class=\"yoast-schema-graph\">{\"@context\":\"https:\\\/\\\/schema.org\",\"@graph\":[{\"@type\":\"WebPage\",\"@id\":\"https:\\\/\\\/shop.bantam.ch\\\/fr\\\/produit\\\/systeme-anti-patinage-atc-2-trailer-control-ea-pour-caravane-1-essieu\\\/\",\"url\":\"https:\\\/\\\/shop.bantam.ch\\\/fr\\\/produit\\\/systeme-anti-patinage-atc-2-trailer-control-ea-pour-caravane-1-essieu\\\/\",\"name\":\"Syst\u00e8me anti-patinage ATC-2 Trailer Control\u00a0EA, pour caravane 1\u00a0essieu - Bantam\",\"isPartOf\":{\"@id\":\"https:\\\/\\\/shop.bantam.ch\\\/fr\\\/#website\"},\"primaryImageOfPage\":{\"@id\":\"https:\\\/\\\/shop.bantam.ch\\\/fr\\\/produit\\\/systeme-anti-patinage-atc-2-trailer-control-ea-pour-caravane-1-essieu\\\/#primaryimage\"},\"image\":{\"@id\":\"https:\\\/\\\/shop.bantam.ch\\\/fr\\\/produit\\\/systeme-anti-patinage-atc-2-trailer-control-ea-pour-caravane-1-essieu\\\/#primaryimage\"},\"thumbnailUrl\":\"https:\\\/\\\/shop.bantam.ch\\\/wp-content\\\/uploads\\\/2023\\\/02\\\/994371311.jpg\",\"datePublished\":\"2023-02-28T06:12:09+00:00\",\"dateModified\":\"2026-04-28T21:04:05+00:00\",\"breadcrumb\":{\"@id\":\"https:\\\/\\\/shop.bantam.ch\\\/fr\\\/produit\\\/systeme-anti-patinage-atc-2-trailer-control-ea-pour-caravane-1-essieu\\\/#breadcrumb\"},\"inLanguage\":\"fr-FR\",\"potentialAction\":[{\"@type\":\"ReadAction\",\"target\":[\"https:\\\/\\\/shop.bantam.ch\\\/fr\\\/produit\\\/systeme-anti-patinage-atc-2-trailer-control-ea-pour-caravane-1-essieu\\\/\"]}]},{\"@type\":\"ImageObject\",\"inLanguage\":\"fr-FR\",\"@id\":\"https:\\\/\\\/shop.bantam.ch\\\/fr\\\/produit\\\/systeme-anti-patinage-atc-2-trailer-control-ea-pour-caravane-1-essieu\\\/#primaryimage\",\"url\":\"https:\\\/\\\/shop.bantam.ch\\\/wp-content\\\/uploads\\\/2023\\\/02\\\/994371311.jpg\",\"contentUrl\":\"https:\\\/\\\/shop.bantam.ch\\\/wp-content\\\/uploads\\\/2023\\\/02\\\/994371311.jpg\",\"width\":1000,\"height\":637},{\"@type\":\"BreadcrumbList\",\"@id\":\"https:\\\/\\\/shop.bantam.ch\\\/fr\\\/produit\\\/systeme-anti-patinage-atc-2-trailer-control-ea-pour-caravane-1-essieu\\\/#breadcrumb\",\"itemListElement\":[{\"@type\":\"ListItem\",\"position\":1,\"name\":\"Accueil\",\"item\":\"https:\\\/\\\/shop.bantam.ch\\\/fr\\\/\"},{\"@type\":\"ListItem\",\"position\":2,\"name\":\"Boutique\",\"item\":\"https:\\\/\\\/shop.bantam.ch\\\/fr\\\/boutique\\\/\"},{\"@type\":\"ListItem\",\"position\":3,\"name\":\"Syst\u00e8me anti-patinage ATC-2 Trailer Control\u00a0EA, pour caravane 1\u00a0essieu\"}]},{\"@type\":\"WebSite\",\"@id\":\"https:\\\/\\\/shop.bantam.ch\\\/fr\\\/#website\",\"url\":\"https:\\\/\\\/shop.bantam.ch\\\/fr\\\/\",\"name\":\"Bantam\",\"description\":\"\",\"publisher\":{\"@id\":\"https:\\\/\\\/shop.bantam.ch\\\/fr\\\/#organization\"},\"inLanguage\":\"fr-FR\"},{\"@type\":\"Organization\",\"@id\":\"https:\\\/\\\/shop.bantam.ch\\\/fr\\\/#organization\",\"name\":\"Bantam\",\"url\":\"https:\\\/\\\/shop.bantam.ch\\\/fr\\\/\",\"logo\":{\"@type\":\"ImageObject\",\"inLanguage\":\"fr-FR\",\"@id\":\"https:\\\/\\\/shop.bantam.ch\\\/fr\\\/#\\\/schema\\\/logo\\\/image\\\/\",\"url\":\"https:\\\/\\\/shop.bantam.ch\\\/wp-content\\\/uploads\\\/2022\\\/12\\\/bantam-logo.png\",\"contentUrl\":\"https:\\\/\\\/shop.bantam.ch\\\/wp-content\\\/uploads\\\/2022\\\/12\\\/bantam-logo.png\",\"width\":320,\"height\":71,\"caption\":\"Bantam\"},\"image\":{\"@id\":\"https:\\\/\\\/shop.bantam.ch\\\/fr\\\/#\\\/schema\\\/logo\\\/image\\\/\"}}]}<\/script>\n<!-- \/ Yoast SEO plugin. -->","yoast_head_json":{"title":"Syst\u00e8me anti-patinage ATC-2 Trailer Control\u00a0EA, pour caravane 1\u00a0essieu - Bantam","robots":{"index":"index","follow":"follow","max-snippet":"max-snippet:-1","max-image-preview":"max-image-preview:large","max-video-preview":"max-video-preview:-1"},"canonical":"https:\/\/shop.bantam.ch\/fr\/produit\/systeme-anti-patinage-atc-2-trailer-control-ea-pour-caravane-1-essieu\/","og_locale":"fr_FR","og_type":"article","og_title":"Syst\u00e8me anti-patinage ATC-2 Trailer Control\u00a0EA, pour caravane 1\u00a0essieu - Bantam","og_description":"L\u2019ATC contr\u00f4le le comportement des remorques en permanence. Des capteurs d\u00e9tectent les mouvements lat\u00e9raux dangereux directement sur l\u2019essieu de la remorque, avant m\u00eame que le syst\u00e8me\u00a0ESP pr\u00e9sent dans le v\u00e9hicule l\u00e9ger n\u2019enregistre le mouvement pendulaire. Un freinage progressif s\u2019enclenche imm\u00e9diatement sans l\u2019intervention du conducteur et la remorque retrouve sa stabilit\u00e9. Le syst\u00e8me d\u2018urgence r\u00e9agit automatiquement [&hellip;]","og_url":"https:\/\/shop.bantam.ch\/fr\/produit\/systeme-anti-patinage-atc-2-trailer-control-ea-pour-caravane-1-essieu\/","og_site_name":"Bantam","article_modified_time":"2026-04-28T21:04:05+00:00","og_image":[{"width":1000,"height":637,"url":"https:\/\/shop.bantam.ch\/wp-content\/uploads\/2023\/02\/994371311.jpg","type":"image\/jpeg"}],"twitter_card":"summary_large_image","twitter_misc":{"Dur\u00e9e de lecture estim\u00e9e":"1 minute"},"schema":{"@context":"https:\/\/schema.org","@graph":[{"@type":"WebPage","@id":"https:\/\/shop.bantam.ch\/fr\/produit\/systeme-anti-patinage-atc-2-trailer-control-ea-pour-caravane-1-essieu\/","url":"https:\/\/shop.bantam.ch\/fr\/produit\/systeme-anti-patinage-atc-2-trailer-control-ea-pour-caravane-1-essieu\/","name":"Syst\u00e8me anti-patinage ATC-2 Trailer Control\u00a0EA, pour caravane 1\u00a0essieu - Bantam","isPartOf":{"@id":"https:\/\/shop.bantam.ch\/fr\/#website"},"primaryImageOfPage":{"@id":"https:\/\/shop.bantam.ch\/fr\/produit\/systeme-anti-patinage-atc-2-trailer-control-ea-pour-caravane-1-essieu\/#primaryimage"},"image":{"@id":"https:\/\/shop.bantam.ch\/fr\/produit\/systeme-anti-patinage-atc-2-trailer-control-ea-pour-caravane-1-essieu\/#primaryimage"},"thumbnailUrl":"https:\/\/shop.bantam.ch\/wp-content\/uploads\/2023\/02\/994371311.jpg","datePublished":"2023-02-28T06:12:09+00:00","dateModified":"2026-04-28T21:04:05+00:00","breadcrumb":{"@id":"https:\/\/shop.bantam.ch\/fr\/produit\/systeme-anti-patinage-atc-2-trailer-control-ea-pour-caravane-1-essieu\/#breadcrumb"},"inLanguage":"fr-FR","potentialAction":[{"@type":"ReadAction","target":["https:\/\/shop.bantam.ch\/fr\/produit\/systeme-anti-patinage-atc-2-trailer-control-ea-pour-caravane-1-essieu\/"]}]},{"@type":"ImageObject","inLanguage":"fr-FR","@id":"https:\/\/shop.bantam.ch\/fr\/produit\/systeme-anti-patinage-atc-2-trailer-control-ea-pour-caravane-1-essieu\/#primaryimage","url":"https:\/\/shop.bantam.ch\/wp-content\/uploads\/2023\/02\/994371311.jpg","contentUrl":"https:\/\/shop.bantam.ch\/wp-content\/uploads\/2023\/02\/994371311.jpg","width":1000,"height":637},{"@type":"BreadcrumbList","@id":"https:\/\/shop.bantam.ch\/fr\/produit\/systeme-anti-patinage-atc-2-trailer-control-ea-pour-caravane-1-essieu\/#breadcrumb","itemListElement":[{"@type":"ListItem","position":1,"name":"Accueil","item":"https:\/\/shop.bantam.ch\/fr\/"},{"@type":"ListItem","position":2,"name":"Boutique","item":"https:\/\/shop.bantam.ch\/fr\/boutique\/"},{"@type":"ListItem","position":3,"name":"Syst\u00e8me anti-patinage ATC-2 Trailer Control\u00a0EA, pour caravane 1\u00a0essieu"}]},{"@type":"WebSite","@id":"https:\/\/shop.bantam.ch\/fr\/#website","url":"https:\/\/shop.bantam.ch\/fr\/","name":"Bantam","description":"","publisher":{"@id":"https:\/\/shop.bantam.ch\/fr\/#organization"},"inLanguage":"fr-FR"},{"@type":"Organization","@id":"https:\/\/shop.bantam.ch\/fr\/#organization","name":"Bantam","url":"https:\/\/shop.bantam.ch\/fr\/","logo":{"@type":"ImageObject","inLanguage":"fr-FR","@id":"https:\/\/shop.bantam.ch\/fr\/#\/schema\/logo\/image\/","url":"https:\/\/shop.bantam.ch\/wp-content\/uploads\/2022\/12\/bantam-logo.png","contentUrl":"https:\/\/shop.bantam.ch\/wp-content\/uploads\/2022\/12\/bantam-logo.png","width":320,"height":71,"caption":"Bantam"},"image":{"@id":"https:\/\/shop.bantam.ch\/fr\/#\/schema\/logo\/image\/"}}]}},"_links":{"self":[{"href":"https:\/\/shop.bantam.ch\/fr\/wp-json\/wp\/v2\/product\/103411","targetHints":{"allow":["GET"]}}],"collection":[{"href":"https:\/\/shop.bantam.ch\/fr\/wp-json\/wp\/v2\/product"}],"about":[{"href":"https:\/\/shop.bantam.ch\/fr\/wp-json\/wp\/v2\/types\/product"}],"wp:featuredmedia":[{"embeddable":true,"href":"https:\/\/shop.bantam.ch\/fr\/wp-json\/wp\/v2\/media\/103383"}],"wp:attachment":[{"href":"https:\/\/shop.bantam.ch\/fr\/wp-json\/wp\/v2\/media?parent=103411"}],"wp:term":[{"taxonomy":"product_featured_cat","embeddable":true,"href":"https:\/\/shop.bantam.ch\/fr\/wp-json\/wp\/v2\/product_featured_cat?post=103411"},{"taxonomy":"product_brand","embeddable":true,"href":"https:\/\/shop.bantam.ch\/fr\/wp-json\/wp\/v2\/product_brand?post=103411"},{"taxonomy":"product_cat","embeddable":true,"href":"https:\/\/shop.bantam.ch\/fr\/wp-json\/wp\/v2\/product_cat?post=103411"},{"taxonomy":"product_tag","embeddable":true,"href":"https:\/\/shop.bantam.ch\/fr\/wp-json\/wp\/v2\/product_tag?post=103411"}],"curies":[{"name":"wp","href":"https:\/\/api.w.org\/{rel}","templated":true}]}}