{"id":103359,"date":"2023-02-28T07:11:31","date_gmt":"2023-02-28T06:11:31","guid":{"rendered":"http:\/\/shop.bantam.ch\/produit\/module-solaire-mt-sm-130-130-w\/"},"modified":"2026-04-17T21:35:31","modified_gmt":"2026-04-17T19:35:31","slug":"module-solaire-mt-sm-130-130-w","status":"publish","type":"product","link":"https:\/\/shop.bantam.ch\/fr\/produit\/module-solaire-mt-sm-130-130-w\/","title":{"rendered":"Module solaire B\u00dcTTNER ELEKTRONIK MT-SM 130, 130 W"},"content":{"rendered":"<p>Des performances de pointe absolues sur une petite surface &#8211; c&rsquo;est ce que garantissent les modules solaires MT Power Line de B\u00fcttner &#8211; Elektronik. Les meilleures cellules sont d\u00e9j\u00e0 s\u00e9lectionn\u00e9es lors de la production et seules celles qui ont un tr\u00e8s haut degr\u00e9 d&rsquo;efficacit\u00e9 sont utilis\u00e9es. Dans la toute derni\u00e8re g\u00e9n\u00e9ration de modules solaires MT Power Line, 40 cellules au lieu des 36 cellules standard du march\u00e9 ont \u00e9galement \u00e9t\u00e9 interconnect\u00e9es. Afin de profiter au maximum de la tension suppl\u00e9mentaire, un r\u00e9gulateur de charge MPP doit toujours \u00eatre utilis\u00e9 avec ce module solaire. Ainsi, un rendement optimal est toujours garanti, m\u00eame dans des conditions climatiques d\u00e9favorables ou en cas d&rsquo;ombrage partiel.<\/p>\n<ul>\n<li>(L \u00d7 l \u00d7 h mm), avec profil du d\u00e9flecteur : 1.329 x 530 x 35<\/li>\n<li>max. Puissance quotidienne Wh : 520<\/li>\n<li>Puissance nominale Wp : 130<\/li>\n<li>D\u00e9signation \/ mod\u00e8le\u00a0: MT SM 130<\/li>\n<\/ul>\n","protected":false},"excerpt":{"rendered":"<p>Des performances de pointe absolues sur une petite surface &#8211; c&rsquo;est ce que garantissent les modules solaires MT Power Line de B\u00fcttner &#8211; Elektronik. Les meilleures cellules sont d\u00e9j\u00e0 s\u00e9lectionn\u00e9es lors de la production et seules celles qui ont un tr\u00e8s haut degr\u00e9 d&rsquo;efficacit\u00e9 sont utilis\u00e9es. Dans la toute derni\u00e8re g\u00e9n\u00e9ration de modules solaires MT [&hellip;]<\/p>\n","protected":false},"featured_media":103357,"template":"","meta":{"_acf_changed":false},"product_featured_cat":[],"product_brand":[3068],"product_cat":[4883],"product_tag":[],"class_list":{"0":"post-103359","1":"product","2":"type-product","3":"status-publish","4":"has-post-thumbnail","6":"product_brand-buttner-elektronik","7":"product_cat-modules-solaires","9":"first","10":"instock","11":"taxable","12":"shipping-taxable","13":"purchasable","14":"product-type-simple"},"acf":[],"yoast_head":"<!-- This site is optimized with the Yoast SEO plugin v27.4 - https:\/\/yoast.com\/product\/yoast-seo-wordpress\/ -->\n<title>Module solaire B\u00dcTTNER ELEKTRONIK MT-SM 130, 130 W - Bantam Wankm\u00fcller SA<\/title>\n<meta name=\"robots\" content=\"index, follow, max-snippet:-1, max-image-preview:large, max-video-preview:-1\" \/>\n<link rel=\"canonical\" href=\"https:\/\/shop.bantam.ch\/fr\/produit\/module-solaire-mt-sm-130-130-w\/\" \/>\n<meta property=\"og:locale\" content=\"fr_FR\" \/>\n<meta property=\"og:type\" content=\"article\" \/>\n<meta property=\"og:title\" content=\"Module solaire B\u00dcTTNER ELEKTRONIK MT-SM 130, 130 W - Bantam Wankm\u00fcller SA\" \/>\n<meta property=\"og:description\" content=\"Des performances de pointe absolues sur une petite surface &#8211; c&rsquo;est ce que garantissent les modules solaires MT Power Line de B\u00fcttner &#8211; Elektronik. Les meilleures cellules sont d\u00e9j\u00e0 s\u00e9lectionn\u00e9es lors de la production et seules celles qui ont un tr\u00e8s haut degr\u00e9 d&rsquo;efficacit\u00e9 sont utilis\u00e9es. Dans la toute derni\u00e8re g\u00e9n\u00e9ration de modules solaires MT [&hellip;]\" \/>\n<meta property=\"og:url\" content=\"https:\/\/shop.bantam.ch\/fr\/produit\/module-solaire-mt-sm-130-130-w\/\" \/>\n<meta property=\"og:site_name\" content=\"Bantam Wankm\u00fcller SA\" \/>\n<meta property=\"article:modified_time\" content=\"2026-04-17T19:35:31+00:00\" \/>\n<meta property=\"og:image\" content=\"https:\/\/shop.bantam.ch\/wp-content\/uploads\/2023\/02\/996063311.jpg\" \/>\n\t<meta property=\"og:image:width\" content=\"418\" \/>\n\t<meta property=\"og:image:height\" content=\"1000\" \/>\n\t<meta property=\"og:image:type\" content=\"image\/jpeg\" \/>\n<meta name=\"twitter:card\" content=\"summary_large_image\" \/>\n<meta name=\"twitter:label1\" content=\"Dur\u00e9e de lecture estim\u00e9e\" \/>\n\t<meta name=\"twitter:data1\" content=\"1 minute\" \/>\n<script type=\"application\/ld+json\" class=\"yoast-schema-graph\">{\"@context\":\"https:\\\/\\\/schema.org\",\"@graph\":[{\"@type\":\"WebPage\",\"@id\":\"https:\\\/\\\/shop.bantam.ch\\\/fr\\\/produit\\\/module-solaire-mt-sm-130-130-w\\\/\",\"url\":\"https:\\\/\\\/shop.bantam.ch\\\/fr\\\/produit\\\/module-solaire-mt-sm-130-130-w\\\/\",\"name\":\"Module solaire B\u00dcTTNER ELEKTRONIK MT-SM 130, 130 W - Bantam Wankm\u00fcller SA\",\"isPartOf\":{\"@id\":\"https:\\\/\\\/shop.bantam.ch\\\/fr\\\/#website\"},\"primaryImageOfPage\":{\"@id\":\"https:\\\/\\\/shop.bantam.ch\\\/fr\\\/produit\\\/module-solaire-mt-sm-130-130-w\\\/#primaryimage\"},\"image\":{\"@id\":\"https:\\\/\\\/shop.bantam.ch\\\/fr\\\/produit\\\/module-solaire-mt-sm-130-130-w\\\/#primaryimage\"},\"thumbnailUrl\":\"https:\\\/\\\/shop.bantam.ch\\\/wp-content\\\/uploads\\\/2023\\\/02\\\/996063311.jpg\",\"datePublished\":\"2023-02-28T06:11:31+00:00\",\"dateModified\":\"2026-04-17T19:35:31+00:00\",\"breadcrumb\":{\"@id\":\"https:\\\/\\\/shop.bantam.ch\\\/fr\\\/produit\\\/module-solaire-mt-sm-130-130-w\\\/#breadcrumb\"},\"inLanguage\":\"fr-FR\",\"potentialAction\":[{\"@type\":\"ReadAction\",\"target\":[\"https:\\\/\\\/shop.bantam.ch\\\/fr\\\/produit\\\/module-solaire-mt-sm-130-130-w\\\/\"]}]},{\"@type\":\"ImageObject\",\"inLanguage\":\"fr-FR\",\"@id\":\"https:\\\/\\\/shop.bantam.ch\\\/fr\\\/produit\\\/module-solaire-mt-sm-130-130-w\\\/#primaryimage\",\"url\":\"https:\\\/\\\/shop.bantam.ch\\\/wp-content\\\/uploads\\\/2023\\\/02\\\/996063311.jpg\",\"contentUrl\":\"https:\\\/\\\/shop.bantam.ch\\\/wp-content\\\/uploads\\\/2023\\\/02\\\/996063311.jpg\",\"width\":418,\"height\":1000},{\"@type\":\"BreadcrumbList\",\"@id\":\"https:\\\/\\\/shop.bantam.ch\\\/fr\\\/produit\\\/module-solaire-mt-sm-130-130-w\\\/#breadcrumb\",\"itemListElement\":[{\"@type\":\"ListItem\",\"position\":1,\"name\":\"Accueil\",\"item\":\"https:\\\/\\\/shop.bantam.ch\\\/fr\\\/\"},{\"@type\":\"ListItem\",\"position\":2,\"name\":\"Boutique\",\"item\":\"https:\\\/\\\/shop.bantam.ch\\\/fr\\\/boutique\\\/\"},{\"@type\":\"ListItem\",\"position\":3,\"name\":\"Module solaire B\u00dcTTNER ELEKTRONIK MT-SM 130, 130 W\"}]},{\"@type\":\"WebSite\",\"@id\":\"https:\\\/\\\/shop.bantam.ch\\\/fr\\\/#website\",\"url\":\"https:\\\/\\\/shop.bantam.ch\\\/fr\\\/\",\"name\":\"Bantam Wankm\u00fcller SA\",\"description\":\"\",\"publisher\":{\"@id\":\"https:\\\/\\\/shop.bantam.ch\\\/fr\\\/#organization\"},\"inLanguage\":\"fr-FR\"},{\"@type\":\"Organization\",\"@id\":\"https:\\\/\\\/shop.bantam.ch\\\/fr\\\/#organization\",\"name\":\"Bantam Wankm\u00fcller SA\",\"url\":\"https:\\\/\\\/shop.bantam.ch\\\/fr\\\/\",\"logo\":{\"@type\":\"ImageObject\",\"inLanguage\":\"fr-FR\",\"@id\":\"https:\\\/\\\/shop.bantam.ch\\\/fr\\\/#\\\/schema\\\/logo\\\/image\\\/\",\"url\":\"https:\\\/\\\/shop.bantam.ch\\\/wp-content\\\/uploads\\\/2022\\\/12\\\/bantam-logo.png\",\"contentUrl\":\"https:\\\/\\\/shop.bantam.ch\\\/wp-content\\\/uploads\\\/2022\\\/12\\\/bantam-logo.png\",\"width\":320,\"height\":71,\"caption\":\"Bantam Wankm\u00fcller SA\"},\"image\":{\"@id\":\"https:\\\/\\\/shop.bantam.ch\\\/fr\\\/#\\\/schema\\\/logo\\\/image\\\/\"}}]}<\/script>\n<!-- \/ Yoast SEO plugin. -->","yoast_head_json":{"title":"Module solaire B\u00dcTTNER ELEKTRONIK MT-SM 130, 130 W - Bantam Wankm\u00fcller SA","robots":{"index":"index","follow":"follow","max-snippet":"max-snippet:-1","max-image-preview":"max-image-preview:large","max-video-preview":"max-video-preview:-1"},"canonical":"https:\/\/shop.bantam.ch\/fr\/produit\/module-solaire-mt-sm-130-130-w\/","og_locale":"fr_FR","og_type":"article","og_title":"Module solaire B\u00dcTTNER ELEKTRONIK MT-SM 130, 130 W - Bantam Wankm\u00fcller SA","og_description":"Des performances de pointe absolues sur une petite surface &#8211; c&rsquo;est ce que garantissent les modules solaires MT Power Line de B\u00fcttner &#8211; Elektronik. Les meilleures cellules sont d\u00e9j\u00e0 s\u00e9lectionn\u00e9es lors de la production et seules celles qui ont un tr\u00e8s haut degr\u00e9 d&rsquo;efficacit\u00e9 sont utilis\u00e9es. Dans la toute derni\u00e8re g\u00e9n\u00e9ration de modules solaires MT [&hellip;]","og_url":"https:\/\/shop.bantam.ch\/fr\/produit\/module-solaire-mt-sm-130-130-w\/","og_site_name":"Bantam Wankm\u00fcller SA","article_modified_time":"2026-04-17T19:35:31+00:00","og_image":[{"width":418,"height":1000,"url":"https:\/\/shop.bantam.ch\/wp-content\/uploads\/2023\/02\/996063311.jpg","type":"image\/jpeg"}],"twitter_card":"summary_large_image","twitter_misc":{"Dur\u00e9e de lecture estim\u00e9e":"1 minute"},"schema":{"@context":"https:\/\/schema.org","@graph":[{"@type":"WebPage","@id":"https:\/\/shop.bantam.ch\/fr\/produit\/module-solaire-mt-sm-130-130-w\/","url":"https:\/\/shop.bantam.ch\/fr\/produit\/module-solaire-mt-sm-130-130-w\/","name":"Module solaire B\u00dcTTNER ELEKTRONIK MT-SM 130, 130 W - Bantam Wankm\u00fcller SA","isPartOf":{"@id":"https:\/\/shop.bantam.ch\/fr\/#website"},"primaryImageOfPage":{"@id":"https:\/\/shop.bantam.ch\/fr\/produit\/module-solaire-mt-sm-130-130-w\/#primaryimage"},"image":{"@id":"https:\/\/shop.bantam.ch\/fr\/produit\/module-solaire-mt-sm-130-130-w\/#primaryimage"},"thumbnailUrl":"https:\/\/shop.bantam.ch\/wp-content\/uploads\/2023\/02\/996063311.jpg","datePublished":"2023-02-28T06:11:31+00:00","dateModified":"2026-04-17T19:35:31+00:00","breadcrumb":{"@id":"https:\/\/shop.bantam.ch\/fr\/produit\/module-solaire-mt-sm-130-130-w\/#breadcrumb"},"inLanguage":"fr-FR","potentialAction":[{"@type":"ReadAction","target":["https:\/\/shop.bantam.ch\/fr\/produit\/module-solaire-mt-sm-130-130-w\/"]}]},{"@type":"ImageObject","inLanguage":"fr-FR","@id":"https:\/\/shop.bantam.ch\/fr\/produit\/module-solaire-mt-sm-130-130-w\/#primaryimage","url":"https:\/\/shop.bantam.ch\/wp-content\/uploads\/2023\/02\/996063311.jpg","contentUrl":"https:\/\/shop.bantam.ch\/wp-content\/uploads\/2023\/02\/996063311.jpg","width":418,"height":1000},{"@type":"BreadcrumbList","@id":"https:\/\/shop.bantam.ch\/fr\/produit\/module-solaire-mt-sm-130-130-w\/#breadcrumb","itemListElement":[{"@type":"ListItem","position":1,"name":"Accueil","item":"https:\/\/shop.bantam.ch\/fr\/"},{"@type":"ListItem","position":2,"name":"Boutique","item":"https:\/\/shop.bantam.ch\/fr\/boutique\/"},{"@type":"ListItem","position":3,"name":"Module solaire B\u00dcTTNER ELEKTRONIK MT-SM 130, 130 W"}]},{"@type":"WebSite","@id":"https:\/\/shop.bantam.ch\/fr\/#website","url":"https:\/\/shop.bantam.ch\/fr\/","name":"Bantam Wankm\u00fcller SA","description":"","publisher":{"@id":"https:\/\/shop.bantam.ch\/fr\/#organization"},"inLanguage":"fr-FR"},{"@type":"Organization","@id":"https:\/\/shop.bantam.ch\/fr\/#organization","name":"Bantam Wankm\u00fcller SA","url":"https:\/\/shop.bantam.ch\/fr\/","logo":{"@type":"ImageObject","inLanguage":"fr-FR","@id":"https:\/\/shop.bantam.ch\/fr\/#\/schema\/logo\/image\/","url":"https:\/\/shop.bantam.ch\/wp-content\/uploads\/2022\/12\/bantam-logo.png","contentUrl":"https:\/\/shop.bantam.ch\/wp-content\/uploads\/2022\/12\/bantam-logo.png","width":320,"height":71,"caption":"Bantam Wankm\u00fcller SA"},"image":{"@id":"https:\/\/shop.bantam.ch\/fr\/#\/schema\/logo\/image\/"}}]}},"_links":{"self":[{"href":"https:\/\/shop.bantam.ch\/fr\/wp-json\/wp\/v2\/product\/103359","targetHints":{"allow":["GET"]}}],"collection":[{"href":"https:\/\/shop.bantam.ch\/fr\/wp-json\/wp\/v2\/product"}],"about":[{"href":"https:\/\/shop.bantam.ch\/fr\/wp-json\/wp\/v2\/types\/product"}],"wp:featuredmedia":[{"embeddable":true,"href":"https:\/\/shop.bantam.ch\/fr\/wp-json\/wp\/v2\/media\/103357"}],"wp:attachment":[{"href":"https:\/\/shop.bantam.ch\/fr\/wp-json\/wp\/v2\/media?parent=103359"}],"wp:term":[{"taxonomy":"product_featured_cat","embeddable":true,"href":"https:\/\/shop.bantam.ch\/fr\/wp-json\/wp\/v2\/product_featured_cat?post=103359"},{"taxonomy":"product_brand","embeddable":true,"href":"https:\/\/shop.bantam.ch\/fr\/wp-json\/wp\/v2\/product_brand?post=103359"},{"taxonomy":"product_cat","embeddable":true,"href":"https:\/\/shop.bantam.ch\/fr\/wp-json\/wp\/v2\/product_cat?post=103359"},{"taxonomy":"product_tag","embeddable":true,"href":"https:\/\/shop.bantam.ch\/fr\/wp-json\/wp\/v2\/product_tag?post=103359"}],"curies":[{"name":"wp","href":"https:\/\/api.w.org\/{rel}","templated":true}]}}